{"id":221316,"date":"2026-04-18T01:10:43","date_gmt":"2026-04-18T07:10:43","guid":{"rendered":"https:\/\/compuviper.mx\/tienda\/producto\/tp-link-deco-x552-pack-router-tp-link-wifi-6-doble-banda-ax3000-conecta-hasta-150-dispositivos-3-puertos-gigabit\/"},"modified":"2026-04-18T01:10:43","modified_gmt":"2026-04-18T07:10:43","slug":"tp-link-deco-x552-pack-router-tp-link-wifi-6-doble-banda-ax3000-conecta-hasta-150-dispositivos-3-puertos-gigabit","status":"publish","type":"product","link":"https:\/\/compuviper.mx\/tienda\/producto\/tp-link-deco-x552-pack-router-tp-link-wifi-6-doble-banda-ax3000-conecta-hasta-150-dispositivos-3-puertos-gigabit\/","title":{"rendered":"Tp Link Deco X55(2-pack) Router | Tp-link |   | Wifi-6 |  Doble Banda | Ax3000 | Conecta Hasta 150 Dispositivos | 3 Puertos Gigabit"},"content":{"rendered":"<table class=\"descripcion\">\n<tr>\n<td>Inal\u00e1mbricos<\/td>\n<\/tr>\n<tr>\n<td>Est\u00e1ndares wi-fi 6<\/td>\n<\/tr>\n<tr>\n<td>Ieee 802.11ax\/ac\/n\/a 5 ghz<\/td>\n<\/tr>\n<tr>\n<td>Ieee 802.11ax\/n\/b\/g 2.4 ghz<\/td>\n<\/tr>\n<tr>\n<td>Velocidades wi-fi ax3000<\/td>\n<\/tr>\n<tr>\n<td>5 ghz: 2402 mbps (802.11ax, he160)<\/td>\n<\/tr>\n<tr>\n<td>2.4 ghz: 574 mbps (802.11ax)<\/td>\n<\/tr>\n<tr>\n<td>Rango wifi 3-4 bedroom houses (2-pack)<\/td>\n<\/tr>\n<tr>\n<td>________________________________________<\/td>\n<\/tr>\n<tr>\n<td>Tp-link mesh technology<\/td>\n<\/tr>\n<tr>\n<td>Optional ethernet backhaul work together to link deco units to provide seamless coverage<\/td>\n<\/tr>\n<tr>\n<td>Ai-driven mesh<\/td>\n<\/tr>\n<tr>\n<td>Intelligently learns the network environment to provide ideal wi-fi unique to your home<\/td>\n<\/tr>\n<tr>\n<td>2\u00d7 antennas (internal)<\/td>\n<\/tr>\n<tr>\n<td>Multiple antennas form a signal-boosting array to cover more directions and large areas<\/td>\n<\/tr>\n<tr>\n<td>Beamforming<\/td>\n<\/tr>\n<tr>\n<td>Concentrates wireless signal strength towards clients to expand wifi range<\/td>\n<\/tr>\n<tr>\n<td>Capacidad wi-fi high<\/td>\n<\/tr>\n<tr>\n<td>________________________________________<\/td>\n<\/tr>\n<tr>\n<td>Dual-band<\/td>\n<\/tr>\n<tr>\n<td>Distribute devices to different bands for optimal performance<\/td>\n<\/tr>\n<tr>\n<td>2\u00d72 mu-mimo<\/td>\n<\/tr>\n<tr>\n<td>Simultaneously communicates with multiple mu-mimo clients<\/td>\n<\/tr>\n<tr>\n<td>Ofdma<\/td>\n<\/tr>\n<tr>\n<td>Simultaneously communicates with multiple wifi 6 clients<\/td>\n<\/tr>\n<tr>\n<td>4 streams<\/td>\n<\/tr>\n<tr>\n<td>More than enough bandwidth for connected devices<\/td>\n<\/tr>\n<tr>\n<td>Modos de trabajo router mode<\/td>\n<\/tr>\n<tr>\n<td>Access point mode<\/td>\n<\/tr>\n<tr>\n<td>Hardware<\/td>\n<\/tr>\n<tr>\n<td>Procesador 1 ghz dual-core cpu<\/td>\n<\/tr>\n<tr>\n<td>Bot\u00f3n reset button<\/td>\n<\/tr>\n<tr>\n<td>Puertos ethernet 3\u00d7 gigabit ports<\/td>\n<\/tr>\n<tr>\n<td>*per deco unit<\/td>\n<\/tr>\n<tr>\n<td>Supports wan\/lan auto-sensing<\/td>\n<\/tr>\n<tr>\n<td>Seguridad<\/td>\n<\/tr>\n<tr>\n<td>Cifrado wifi wpa-personal<\/td>\n<\/tr>\n<tr>\n<td>Wpa2-personal<\/td>\n<\/tr>\n<tr>\n<td>Wpa3-personal<\/td>\n<\/tr>\n<tr>\n<td>Seguridad de red spi firewall<\/td>\n<\/tr>\n<tr>\n<td>Access control<\/td>\n<\/tr>\n<tr>\n<td>Homeshield security<\/td>\n<\/tr>\n<tr>\n<td>________________________________________<\/td>\n<\/tr>\n<tr>\n<td>Real-time iot protection<\/td>\n<\/tr>\n<tr>\n<td>Malicious site blocker<\/td>\n<\/tr>\n<tr>\n<td>Intrusion prevention system<\/td>\n<\/tr>\n<tr>\n<td>Ddos attack prevention<\/td>\n<\/tr>\n<tr>\n<td>Home network scanner<\/td>\n<\/tr>\n<tr>\n<td>Red de invitados 1\u00d7 5 ghz guest network<\/td>\n<\/tr>\n<tr>\n<td>1\u00d7 2.4 ghz guest network<\/td>\n<\/tr>\n<tr>\n<td>Software<\/td>\n<\/tr>\n<tr>\n<td>Protocolos ipv4<\/td>\n<\/tr>\n<tr>\n<td>Ipv6<\/td>\n<\/tr>\n<tr>\n<td>Kits de servicio homeshield<\/td>\n<\/tr>\n<tr>\n<td>Learn more<\/td>\n<\/tr>\n<tr>\n<td>Controles parentales homeshield parental controls<\/td>\n<\/tr>\n<tr>\n<td>________________________________________<\/td>\n<\/tr>\n<tr>\n<td>Custom profiles<\/td>\n<\/tr>\n<tr>\n<td>Professional content filter library<\/td>\n<\/tr>\n<tr>\n<td>Family time<\/td>\n<\/tr>\n<tr>\n<td>Bedtime<\/td>\n<\/tr>\n<tr>\n<td>Off time<\/td>\n<\/tr>\n<tr>\n<td>Time rewards<\/td>\n<\/tr>\n<tr>\n<td>Family online time ranking<\/td>\n<\/tr>\n<tr>\n<td>Pause the internet<\/td>\n<\/tr>\n<tr>\n<td>Weekly and monthly reports<\/td>\n<\/tr>\n<tr>\n<td>Tipos de wan dynamic ip<\/td>\n<\/tr>\n<tr>\n<td>Static ip<\/td>\n<\/tr>\n<tr>\n<td>Pppoe<\/td>\n<\/tr>\n<tr>\n<td>Pptp<\/td>\n<\/tr>\n<tr>\n<td>L2tp<\/td>\n<\/tr>\n<tr>\n<td>Calidad de servicio homeshield qos<\/td>\n<\/tr>\n<tr>\n<td>________________________________________qos by device<\/td>\n<\/tr>\n<tr>\n<td>Servicio de almacenamiento en la nube ota firmware upgrade<\/td>\n<\/tr>\n<tr>\n<td>Tp-link id<\/td>\n<\/tr>\n<tr>\n<td>Ddns<\/td>\n<\/tr>\n<tr>\n<td>Reenv\u00edo nat port forwarding<\/td>\n<\/tr>\n<tr>\n<td>Upnp<\/td>\n<\/tr>\n<tr>\n<td>Iptv igmp proxy<\/td>\n<\/tr>\n<tr>\n<td>Igmp snooping<\/td>\n<\/tr>\n<tr>\n<td>Bridge<\/td>\n<\/tr>\n<tr>\n<td>Tag vlan<\/td>\n<\/tr>\n<tr>\n<td>Dhcp address reservation<\/td>\n<\/tr>\n<tr>\n<td>Dhcp client list<\/td>\n<\/tr>\n<tr>\n<td>Server<\/td>\n<\/tr>\n<tr>\n<td>Ddns tp-link<\/td>\n<\/tr>\n<tr>\n<td>Gesti\u00f3n deco app<\/td>\n<\/tr>\n<tr>\n<td>F\u00edsico<\/td>\n<\/tr>\n<tr>\n<td>Dimensiones (an. \u00d7 pr. \u00d7 al.) 4.33 \u00d7 4.33 \u00d7 4.49 in<\/td>\n<\/tr>\n<tr>\n<td>(110 \u00d7 110 \u00d7 114 mm)<\/td>\n<\/tr>\n<tr>\n<td>Contenidos del paquete deco x55 (1-pack)<\/td>\n<\/tr>\n<tr>\n<td>1 deco x55 unit<\/td>\n<\/tr>\n<tr>\n<td>1 rj45 ethernet cable<\/td>\n<\/tr>\n<tr>\n<td>1 power adapter<\/td>\n<\/tr>\n<tr>\n<td>1 quick installation guide<\/td>\n<\/tr>\n<tr>\n<td>Deco x55 (2-pack)<\/td>\n<\/tr>\n<tr>\n<td>2 deco x55 units<\/td>\n<\/tr>\n<tr>\n<td>1 rj45 ethernet cable<\/td>\n<\/tr>\n<tr>\n<td>2 power adapters<\/td>\n<\/tr>\n<tr>\n<td>1 quick installation guide<\/td>\n<\/tr>\n<tr>\n<td>Deco x55 (3-pack)<\/td>\n<\/tr>\n<tr>\n<td>3 deco x55 units<\/td>\n<\/tr>\n<tr>\n<td>1 rj45 ethernet cable<\/td>\n<\/tr>\n<tr>\n<td>3 power adapters<\/td>\n<\/tr>\n<tr>\n<td>1 quick installation guide<\/td>\n<\/tr>\n<tr>\n<td>Otros<\/td>\n<\/tr>\n<tr>\n<td>Requisitos del sistema android 4.4 or later<\/td>\n<\/tr>\n<tr>\n<td>Ios 9.0 or later<\/td>\n<\/tr>\n<tr>\n<td>Certificaciones ce, fcc, rohs, rcm<\/td>\n<\/tr>\n<tr>\n<td>Ambiente operating temperature: 0\u00b0c~40\u00b0c (32\u00b0f~104\u00b0f)<\/td>\n<\/tr>\n<tr>\n<td>Storage temperature: -40\u00b0c~70\u00b0c (-40\u00b0f~158\u00b0f)<\/td>\n<\/tr>\n<tr>\n<td>Operating humidity: 10%~90% non-condensing<\/td>\n<\/tr>\n<tr>\n<td>Storage humidity: 5%~90% non-condensing<\/td>\n<\/tr>\n<tr>\n<td>Datos de prueba<\/td>\n<\/tr>\n<tr>\n<td>Potencia de transmisi\u00f3n wifi ce:<\/td>\n<\/tr>\n<tr>\n<td> 20 dbm (2.4 ghz)<\/td>\n<\/tr>\n<tr>\n<td> 23 dbm (5 ghz)<\/td>\n<\/tr>\n<tr>\n<td>Fcc:<\/td>\n<\/tr>\n<tr>\n<td> 30 dbm (2.4 ghz)<\/td>\n<\/tr>\n<tr>\n<td> 30 dbm (5 ghz)<\/td>\n<\/tr>\n<\/table>\n","protected":false},"excerpt":{"rendered":"<p>Deco x55. Sistema wi-fi 6 mesh ai doble banda ax3000. \u0095 alta velocidad wi-fi 6 de doble banda: conexi\u00f3n de alta velocidad hasta 3.0 gbps. \u0095 4 streams, baja latencia.  2\u00d72\/ht160 2402 mbps + 2\u00d72 574 mbps. \u0095 3 puertos gigabit. Conectividad por cable de alta velocidad. \u0095 amplia cobertura sin cortes. Internet estable en toda la casa hasta 418m2. \u0095 red \u00fanica wi-fi mesh ai. Todas las unidades deco trabajan y aprenden juntas para formar una red unificada bajo un mismo nombre y contrase\u00f1a en toda la casa. \u0095 tp-link homeshield: brinda protecci\u00f3n integral de la red, controles parentales solidos y proteccion iot en tiempo real. \u0095 facil configuracion y control. Configura tu sistema wi-fi 6 mesh en pocos minutos con la app deco<\/p>\n","protected":false},"featured_media":221317,"comment_status":"open","ping_status":"open","template":"","meta":[],"product_cat":[1563,1753],"product_tag":[1562],"acf":[],"yoast_head":"<!-- This site is optimized with the Yoast SEO plugin v21.7 - https:\/\/yoast.com\/wordpress\/plugins\/seo\/ -->\n<title>[ Tp Link ] &#129351; Deco X55(2-pack) Router | Tp-link | | Wifi-6 | Doble Banda | Ax3000 | Conecta Hasta 150 Dispositivos | 3 Puertos Gigabit<\/title>\n<meta name=\"description\" content=\"Compra Deco X55(2-pack) Router | Tp-link | | Wifi-6 | Doble Banda | Ax3000 | Conecta Hasta 150 Dispositivos | 3 Puertos Gigabit + Env\u00edo a domicilio + Pago seguro + Garant\u00eda\" \/>\n<meta name=\"robots\" content=\"index, follow, max-snippet:-1, max-image-preview:large, max-video-preview:-1\" \/>\n<link rel=\"canonical\" href=\"https:\/\/compuviper.mx\/tienda\/producto\/tp-link-deco-x552-pack-router-tp-link-wifi-6-doble-banda-ax3000-conecta-hasta-150-dispositivos-3-puertos-gigabit\/\" \/>\n<meta property=\"og:locale\" content=\"es_MX\" \/>\n<meta property=\"og:type\" content=\"article\" \/>\n<meta property=\"og:title\" content=\"[ Tp Link ] &#129351; Deco X55(2-pack) Router | Tp-link | | Wifi-6 | Doble Banda | Ax3000 | Conecta Hasta 150 Dispositivos | 3 Puertos Gigabit\" \/>\n<meta property=\"og:description\" content=\"Compra Deco X55(2-pack) Router | Tp-link | | Wifi-6 | Doble Banda | Ax3000 | Conecta Hasta 150 Dispositivos | 3 Puertos Gigabit + Env\u00edo a domicilio + Pago seguro + Garant\u00eda\" \/>\n<meta property=\"og:url\" content=\"https:\/\/compuviper.mx\/tienda\/producto\/tp-link-deco-x552-pack-router-tp-link-wifi-6-doble-banda-ax3000-conecta-hasta-150-dispositivos-3-puertos-gigabit\/\" \/>\n<meta property=\"og:site_name\" content=\"Compuviper\" \/>\n<meta property=\"article:publisher\" content=\"https:\/\/www.facebook.com\/compuviper\" \/>\n<meta property=\"og:image\" content=\"https:\/\/compuviper.mx\/tienda\/wp-content\/uploads\/2023\/12\/Router-tp-link-deco-x552-pack-wifi-6-doble-banda-ax3000-conecta-hasta-150-dispositivos-3-puertos-gigabit.jpg\" \/>\n\t<meta property=\"og:image:width\" content=\"200\" \/>\n\t<meta property=\"og:image:height\" content=\"200\" \/>\n\t<meta property=\"og:image:type\" content=\"image\/jpeg\" \/>\n<meta name=\"twitter:card\" content=\"summary_large_image\" \/>\n<meta name=\"twitter:label1\" content=\"Precio\" \/>\n\t<meta name=\"twitter:data1\" content=\"&#36;2,260 con IVA\" \/>\n\t<meta name=\"twitter:label2\" content=\"Availability\" \/>\n\t<meta name=\"twitter:data2\" content=\"In stock\" \/>\n<script type=\"application\/ld+json\" class=\"yoast-schema-graph\">{\"@context\":\"https:\/\/schema.org\",\"@graph\":[{\"@type\":\"WebPage\",\"@id\":\"https:\/\/compuviper.mx\/tienda\/producto\/tp-link-deco-x552-pack-router-tp-link-wifi-6-doble-banda-ax3000-conecta-hasta-150-dispositivos-3-puertos-gigabit\/\",\"url\":\"https:\/\/compuviper.mx\/tienda\/producto\/tp-link-deco-x552-pack-router-tp-link-wifi-6-doble-banda-ax3000-conecta-hasta-150-dispositivos-3-puertos-gigabit\/\",\"name\":\"[ Tp Link ] &#129351; Deco X55(2-pack) Router | Tp-link | | Wifi-6 | Doble Banda | Ax3000 | Conecta Hasta 150 Dispositivos | 3 Puertos Gigabit\",\"isPartOf\":{\"@id\":\"https:\/\/compuviper.mx\/tienda\/#website\"},\"datePublished\":\"2026-04-18T07:10:43+00:00\",\"dateModified\":\"2026-04-18T07:10:43+00:00\",\"description\":\"Compra Deco X55(2-pack) Router | Tp-link | | Wifi-6 | Doble Banda | Ax3000 | Conecta Hasta 150 Dispositivos | 3 Puertos Gigabit + Env\u00edo a domicilio + Pago seguro + Garant\u00eda\",\"breadcrumb\":{\"@id\":\"https:\/\/compuviper.mx\/tienda\/producto\/tp-link-deco-x552-pack-router-tp-link-wifi-6-doble-banda-ax3000-conecta-hasta-150-dispositivos-3-puertos-gigabit\/#breadcrumb\"},\"inLanguage\":\"es-MX\",\"potentialAction\":[{\"@type\":\"ReadAction\",\"target\":[\"https:\/\/compuviper.mx\/tienda\/producto\/tp-link-deco-x552-pack-router-tp-link-wifi-6-doble-banda-ax3000-conecta-hasta-150-dispositivos-3-puertos-gigabit\/\"]}]},{\"@type\":\"BreadcrumbList\",\"@id\":\"https:\/\/compuviper.mx\/tienda\/producto\/tp-link-deco-x552-pack-router-tp-link-wifi-6-doble-banda-ax3000-conecta-hasta-150-dispositivos-3-puertos-gigabit\/#breadcrumb\",\"itemListElement\":[{\"@type\":\"ListItem\",\"position\":1,\"name\":\"Inicio\",\"item\":\"https:\/\/compuviper.mx\/tienda\/\"},{\"@type\":\"ListItem\",\"position\":2,\"name\":\"Productos\",\"item\":\"https:\/\/compuviper.mx\/tienda\/productos\/\"},{\"@type\":\"ListItem\",\"position\":3,\"name\":\"Redes\",\"item\":\"https:\/\/compuviper.mx\/tienda\/categoria-producto\/redes\/\"},{\"@type\":\"ListItem\",\"position\":4,\"name\":\"Router\",\"item\":\"https:\/\/compuviper.mx\/tienda\/categoria-producto\/redes\/router\/\"},{\"@type\":\"ListItem\",\"position\":5,\"name\":\"Tp Link Deco X55(2-pack) Router | Tp-link | | Wifi-6 | Doble Banda | Ax3000 | Conecta Hasta 150 Dispositivos | 3 Puertos Gigabit\"}]},{\"@type\":\"WebSite\",\"@id\":\"https:\/\/compuviper.mx\/tienda\/#website\",\"url\":\"https:\/\/compuviper.mx\/tienda\/\",\"name\":\"Compuviper\",\"description\":\"Proveedor de Computadoras, Laptops, Servidores, Monitores, Puntos de Venta, Teclados,   Impresoras, T\u00f3ner, C\u00e1maras de Seguridad y m\u00e1s en tu tienda en l\u00ednea\",\"publisher\":{\"@id\":\"https:\/\/compuviper.mx\/tienda\/#organization\"},\"potentialAction\":[{\"@type\":\"SearchAction\",\"target\":{\"@type\":\"EntryPoint\",\"urlTemplate\":\"https:\/\/compuviper.mx\/tienda\/?s={search_term_string}\"},\"query-input\":\"required name=search_term_string\"}],\"inLanguage\":\"es-MX\"},{\"@type\":\"Organization\",\"@id\":\"https:\/\/compuviper.mx\/tienda\/#organization\",\"name\":\"Compuviper\",\"url\":\"https:\/\/compuviper.mx\/tienda\/\",\"logo\":{\"@type\":\"ImageObject\",\"inLanguage\":\"es-MX\",\"@id\":\"https:\/\/compuviper.mx\/tienda\/#\/schema\/logo\/image\/\",\"url\":\"https:\/\/compuviper.mx\/tienda\/wp-content\/uploads\/2021\/08\/Logo-Compuviper-10.png\",\"contentUrl\":\"https:\/\/compuviper.mx\/tienda\/wp-content\/uploads\/2021\/08\/Logo-Compuviper-10.png\",\"width\":1000,\"height\":500,\"caption\":\"Compuviper\"},\"image\":{\"@id\":\"https:\/\/compuviper.mx\/tienda\/#\/schema\/logo\/image\/\"},\"sameAs\":[\"https:\/\/www.facebook.com\/compuviper\",\"https:\/\/www.youtube.com\/channel\/UCf73dERp9Y3cfOq7q8BhLjA?view_as=subscriber\"]}]}<\/script>\n<meta property=\"product:brand\" content=\"TP LINK\" \/>\n<meta property=\"product:price:amount\" content=\"2260\" \/>\n<meta property=\"product:price:currency\" content=\"MXN\" \/>\n<meta property=\"og:availability\" content=\"instock\" \/>\n<meta property=\"product:availability\" content=\"instock\" \/>\n<meta property=\"product:retailer_item_id\" content=\"DECO X55(2-PACK)\" \/>\n<meta property=\"product:condition\" content=\"new\" \/>\n<!-- \/ Yoast SEO plugin. -->","yoast_head_json":{"title":"[ Tp Link ] &#129351; Deco X55(2-pack) Router | Tp-link | | Wifi-6 | Doble Banda | Ax3000 | Conecta Hasta 150 Dispositivos | 3 Puertos Gigabit","description":"Compra Deco X55(2-pack) Router | Tp-link | | Wifi-6 | Doble Banda | Ax3000 | Conecta Hasta 150 Dispositivos | 3 Puertos Gigabit + Env\u00edo a domicilio + Pago seguro + Garant\u00eda","robots":{"index":"index","follow":"follow","max-snippet":"max-snippet:-1","max-image-preview":"max-image-preview:large","max-video-preview":"max-video-preview:-1"},"canonical":"https:\/\/compuviper.mx\/tienda\/producto\/tp-link-deco-x552-pack-router-tp-link-wifi-6-doble-banda-ax3000-conecta-hasta-150-dispositivos-3-puertos-gigabit\/","og_locale":"es_MX","og_type":"article","og_title":"[ Tp Link ] &#129351; Deco X55(2-pack) Router | Tp-link | | Wifi-6 | Doble Banda | Ax3000 | Conecta Hasta 150 Dispositivos | 3 Puertos Gigabit","og_description":"Compra Deco X55(2-pack) Router | Tp-link | | Wifi-6 | Doble Banda | Ax3000 | Conecta Hasta 150 Dispositivos | 3 Puertos Gigabit + Env\u00edo a domicilio + Pago seguro + Garant\u00eda","og_url":"https:\/\/compuviper.mx\/tienda\/producto\/tp-link-deco-x552-pack-router-tp-link-wifi-6-doble-banda-ax3000-conecta-hasta-150-dispositivos-3-puertos-gigabit\/","og_site_name":"Compuviper","article_publisher":"https:\/\/www.facebook.com\/compuviper","og_image":[{"width":200,"height":200,"url":"https:\/\/compuviper.mx\/tienda\/wp-content\/uploads\/2023\/12\/Router-tp-link-deco-x552-pack-wifi-6-doble-banda-ax3000-conecta-hasta-150-dispositivos-3-puertos-gigabit.jpg","type":"image\/jpeg"}],"twitter_card":"summary_large_image","twitter_misc":{"Precio":"&#36;2,260 con IVA","Availability":"In stock"},"schema":{"@context":"https:\/\/schema.org","@graph":[{"@type":"WebPage","@id":"https:\/\/compuviper.mx\/tienda\/producto\/tp-link-deco-x552-pack-router-tp-link-wifi-6-doble-banda-ax3000-conecta-hasta-150-dispositivos-3-puertos-gigabit\/","url":"https:\/\/compuviper.mx\/tienda\/producto\/tp-link-deco-x552-pack-router-tp-link-wifi-6-doble-banda-ax3000-conecta-hasta-150-dispositivos-3-puertos-gigabit\/","name":"[ Tp Link ] &#129351; Deco X55(2-pack) Router | Tp-link | | Wifi-6 | Doble Banda | Ax3000 | Conecta Hasta 150 Dispositivos | 3 Puertos Gigabit","isPartOf":{"@id":"https:\/\/compuviper.mx\/tienda\/#website"},"datePublished":"2026-04-18T07:10:43+00:00","dateModified":"2026-04-18T07:10:43+00:00","description":"Compra Deco X55(2-pack) Router | Tp-link | | Wifi-6 | Doble Banda | Ax3000 | Conecta Hasta 150 Dispositivos | 3 Puertos Gigabit + Env\u00edo a domicilio + Pago seguro + Garant\u00eda","breadcrumb":{"@id":"https:\/\/compuviper.mx\/tienda\/producto\/tp-link-deco-x552-pack-router-tp-link-wifi-6-doble-banda-ax3000-conecta-hasta-150-dispositivos-3-puertos-gigabit\/#breadcrumb"},"inLanguage":"es-MX","potentialAction":[{"@type":"ReadAction","target":["https:\/\/compuviper.mx\/tienda\/producto\/tp-link-deco-x552-pack-router-tp-link-wifi-6-doble-banda-ax3000-conecta-hasta-150-dispositivos-3-puertos-gigabit\/"]}]},{"@type":"BreadcrumbList","@id":"https:\/\/compuviper.mx\/tienda\/producto\/tp-link-deco-x552-pack-router-tp-link-wifi-6-doble-banda-ax3000-conecta-hasta-150-dispositivos-3-puertos-gigabit\/#breadcrumb","itemListElement":[{"@type":"ListItem","position":1,"name":"Inicio","item":"https:\/\/compuviper.mx\/tienda\/"},{"@type":"ListItem","position":2,"name":"Productos","item":"https:\/\/compuviper.mx\/tienda\/productos\/"},{"@type":"ListItem","position":3,"name":"Redes","item":"https:\/\/compuviper.mx\/tienda\/categoria-producto\/redes\/"},{"@type":"ListItem","position":4,"name":"Router","item":"https:\/\/compuviper.mx\/tienda\/categoria-producto\/redes\/router\/"},{"@type":"ListItem","position":5,"name":"Tp Link Deco X55(2-pack) Router | Tp-link | | Wifi-6 | Doble Banda | Ax3000 | Conecta Hasta 150 Dispositivos | 3 Puertos Gigabit"}]},{"@type":"WebSite","@id":"https:\/\/compuviper.mx\/tienda\/#website","url":"https:\/\/compuviper.mx\/tienda\/","name":"Compuviper","description":"Proveedor de Computadoras, Laptops, Servidores, Monitores, Puntos de Venta, Teclados,   Impresoras, T\u00f3ner, C\u00e1maras de Seguridad y m\u00e1s en tu tienda en l\u00ednea","publisher":{"@id":"https:\/\/compuviper.mx\/tienda\/#organization"},"potentialAction":[{"@type":"SearchAction","target":{"@type":"EntryPoint","urlTemplate":"https:\/\/compuviper.mx\/tienda\/?s={search_term_string}"},"query-input":"required name=search_term_string"}],"inLanguage":"es-MX"},{"@type":"Organization","@id":"https:\/\/compuviper.mx\/tienda\/#organization","name":"Compuviper","url":"https:\/\/compuviper.mx\/tienda\/","logo":{"@type":"ImageObject","inLanguage":"es-MX","@id":"https:\/\/compuviper.mx\/tienda\/#\/schema\/logo\/image\/","url":"https:\/\/compuviper.mx\/tienda\/wp-content\/uploads\/2021\/08\/Logo-Compuviper-10.png","contentUrl":"https:\/\/compuviper.mx\/tienda\/wp-content\/uploads\/2021\/08\/Logo-Compuviper-10.png","width":1000,"height":500,"caption":"Compuviper"},"image":{"@id":"https:\/\/compuviper.mx\/tienda\/#\/schema\/logo\/image\/"},"sameAs":["https:\/\/www.facebook.com\/compuviper","https:\/\/www.youtube.com\/channel\/UCf73dERp9Y3cfOq7q8BhLjA?view_as=subscriber"]}]},"product_brand":"TP LINK","product_price_amount":"2260","product_price_currency":"MXN","og_availability":"instock","product_availability":"instock","product_retailer_item_id":"DECO X55(2-PACK)","product_condition":"new"},"_links":{"self":[{"href":"https:\/\/compuviper.mx\/tienda\/wp-json\/wp\/v2\/product\/221316"}],"collection":[{"href":"https:\/\/compuviper.mx\/tienda\/wp-json\/wp\/v2\/product"}],"about":[{"href":"https:\/\/compuviper.mx\/tienda\/wp-json\/wp\/v2\/types\/product"}],"replies":[{"embeddable":true,"href":"https:\/\/compuviper.mx\/tienda\/wp-json\/wp\/v2\/comments?post=221316"}],"wp:featuredmedia":[{"embeddable":true,"href":"https:\/\/compuviper.mx\/tienda\/wp-json\/wp\/v2\/media\/221317"}],"wp:attachment":[{"href":"https:\/\/compuviper.mx\/tienda\/wp-json\/wp\/v2\/media?parent=221316"}],"wp:term":[{"taxonomy":"product_cat","embeddable":true,"href":"https:\/\/compuviper.mx\/tienda\/wp-json\/wp\/v2\/product_cat?post=221316"},{"taxonomy":"product_tag","embeddable":true,"href":"https:\/\/compuviper.mx\/tienda\/wp-json\/wp\/v2\/product_tag?post=221316"}],"curies":[{"name":"wp","href":"https:\/\/api.w.org\/{rel}","templated":true}]}}