{"id":221314,"date":"2026-04-18T01:10:43","date_gmt":"2026-04-18T07:10:43","guid":{"rendered":"https:\/\/compuviper.mx\/tienda\/producto\/tp-link-eap610-access-point-wifi-6-ax1800-montaje-en-techo-omada-mesh-alimentado-por-poe-administracion-en-la-nube-frecuencia-24-ghz-y-5-ghz-sustituye-a-eap265-hd\/"},"modified":"2026-04-18T01:10:43","modified_gmt":"2026-04-18T07:10:43","slug":"tp-link-eap610-access-point-tp-link-omada-ax1800-ceiling-mount-wifi-6","status":"publish","type":"product","link":"https:\/\/compuviper.mx\/tienda\/producto\/tp-link-eap610-access-point-tp-link-omada-ax1800-ceiling-mount-wifi-6\/","title":{"rendered":"Tp Link Eap610 Access Point Tp-link  Omada Ax1800 Ceiling Mount Wifi 6"},"content":{"rendered":"<table class=\"descripcion\">\n<tr>\n<td>Caractersticas de hardware<\/td>\n<\/tr>\n<tr>\n<td>Interfaz1 puerto gigabit ethernet rj-45<\/td>\n<\/tr>\n<tr>\n<td>Botonesrestaurar a valores de f\u00e1brica<\/td>\n<\/tr>\n<tr>\n<td>Fuente de alimentacinv2 y superior:<\/td>\n<\/tr>\n<tr>\n<td>\u0095 poe 802.3at<\/td>\n<\/tr>\n<tr>\n<td>\u0095 poe pasivo de 48 v<\/td>\n<\/tr>\n<tr>\n<td>\u0095 12 v\/1,5 a cc adaptador de corriente incluido<\/td>\n<\/tr>\n<tr>\n<td>Consumo de potenciav2 y superior:<\/td>\n<\/tr>\n<tr>\n<td>\u0095 ue: 13,7 w para poe; 12,3 w para cc<\/td>\n<\/tr>\n<tr>\n<td>\u0095 ee. uu.: 14,2 w para poe; 12,8 w para cc<\/td>\n<\/tr>\n<tr>\n<td>Dimensionesv2 y superior: 6.3  6.3  1.3 in 160  160  33.6 mm<\/td>\n<\/tr>\n<tr>\n<td>Tipo de antenaantena omnidireccional interna<\/td>\n<\/tr>\n<tr>\n<td>\u0095 2,4 ghz: 2  4 dbi<\/td>\n<\/tr>\n<tr>\n<td>\u0095 5 ghz: 2  5 dbi<\/td>\n<\/tr>\n<tr>\n<td>Montaje\u0095 montaje en techo\/pared kits incluidos<\/td>\n<\/tr>\n<tr>\n<td>\u0095 montaje en caja de conexiones<\/td>\n<\/tr>\n<tr>\n<td>Caractersticas inal\u00e1mbricas<\/td>\n<\/tr>\n<tr>\n<td>Est\u00e1ndares inal\u00e1mbricosieee 802.11ax\/ac\/n\/g\/b\/a<\/td>\n<\/tr>\n<tr>\n<td>Frecuencia2,4 ghz y 5 ghz<\/td>\n<\/tr>\n<tr>\n<td>Tasa de seal\u0095 5 ghz: hasta 1201 mbps<\/td>\n<\/tr>\n<tr>\n<td>\u0095 2,4 ghz: hasta 574 mbps<\/td>\n<\/tr>\n<tr>\n<td>Funciones inal\u00e1mbricas\u0095 1024-qam<\/td>\n<\/tr>\n<tr>\n<td>\u0095 smbolo ofdm 4 veces m\u00e1s largo<\/td>\n<\/tr>\n<tr>\n<td>\u0095 ofdma<\/td>\n<\/tr>\n<tr>\n<td>\u0095 mltiples ssid hasta 16 ssid, 8 para cada banda<\/td>\n<\/tr>\n<tr>\n<td>\u0095 habilitar\/deshabilitar la radio inal\u00e1mbrica<\/td>\n<\/tr>\n<tr>\n<td>\u0095 asignacin autom\u00e1tica de canales<\/td>\n<\/tr>\n<tr>\n<td>\u0095 control de potencia de transmisin ajuste de potencia de transmisin en dbm<\/td>\n<\/tr>\n<tr>\n<td>\u0095 qos wmm<\/td>\n<\/tr>\n<tr>\n<td>\u0095 mu-mimo<\/td>\n<\/tr>\n<tr>\n<td>\u0095 roaming continuo \u00a7<\/td>\n<\/tr>\n<tr>\n<td>\u0095 malla omada\u00a7<\/td>\n<\/tr>\n<tr>\n<td>\u0095 direccin de banda<\/td>\n<\/tr>\n<tr>\n<td>\u0095 equilibrio de carga<\/td>\n<\/tr>\n<tr>\n<td>\u0095 equidad de tiempo aire<\/td>\n<\/tr>\n<tr>\n<td>\u0095 formacin de haces<\/td>\n<\/tr>\n<tr>\n<td>\u0095 lmite de tarifa<\/td>\n<\/tr>\n<tr>\n<td>\u0095 horario de reinicio<\/td>\n<\/tr>\n<tr>\n<td>\u0095 horario inal\u00e1mbrico<\/td>\n<\/tr>\n<tr>\n<td>\u0095 estadsticas inal\u00e1mbricas basadas en ssid\/ap\/cliente<\/td>\n<\/tr>\n<tr>\n<td>Seguridad inal\u00e1mbrica\u0095 autenticacin de portal cautivo\u00a7<\/td>\n<\/tr>\n<tr>\n<td>\u0095 control de acceso<\/td>\n<\/tr>\n<tr>\n<td>\u0095 filtrado de direcciones mac inal\u00e1mbricas<\/td>\n<\/tr>\n<tr>\n<td>\u0095 aislamiento inal\u00e1mbrico entre clientes<\/td>\n<\/tr>\n<tr>\n<td>\u0095 asignacin de ssid a vlan<\/td>\n<\/tr>\n<tr>\n<td>\u0095 deteccin de puntos de acceso no autorizados<\/td>\n<\/tr>\n<tr>\n<td>\u0095 compatibilidad con 802.1x<\/td>\n<\/tr>\n<tr>\n<td>\u0095 wpa-personal\/empresa, wpa2-personal\/empresa, wpa3-personal\/empresa<\/td>\n<\/tr>\n<tr>\n<td>Potencia de transmisin\u0095 ce:<\/td>\n<\/tr>\n<tr>\n<td> 20 dbm2.4 ghz, eirp<\/td>\n<\/tr>\n<tr>\n<td> 23 dbm5 ghz banda1\/2, eirp  25 dbm 5 ghz banda3<\/td>\n<\/tr>\n<tr>\n<td>\u0095 fcc:<\/td>\n<\/tr>\n<tr>\n<td> 25 dbm 2.4 ghz<\/td>\n<\/tr>\n<tr>\n<td> 25 dbm 5 ghz<\/td>\n<\/tr>\n<tr>\n<td>Gestin<\/td>\n<\/tr>\n<tr>\n<td>Omada apps<\/td>\n<\/tr>\n<tr>\n<td>Gestin centralizada\u0095 controlador basado en la nube omada<\/td>\n<\/tr>\n<tr>\n<td>\u0095 controlador de hardware omada oc300<\/td>\n<\/tr>\n<tr>\n<td>\u0095 controlador de hardware omada oc200<\/td>\n<\/tr>\n<tr>\n<td>\u0095 controlador de software omada<\/td>\n<\/tr>\n<tr>\n<td>Acceso a la nubesi, va:<\/td>\n<\/tr>\n<tr>\n<td>\u0095 oc300<\/td>\n<\/tr>\n<tr>\n<td>\u0095 oc200<\/td>\n<\/tr>\n<tr>\n<td>\u0095 controlador de software omada<\/td>\n<\/tr>\n<tr>\n<td>\u0095 controlador basado en la nube omada<\/td>\n<\/tr>\n<tr>\n<td>Alertas por correo electrnicos<\/td>\n<\/tr>\n<tr>\n<td>Led de control on \/ offs<\/td>\n<\/tr>\n<tr>\n<td>Control de gestin de acceso macs<\/td>\n<\/tr>\n<tr>\n<td>Snmpv1, v2c, v3<\/td>\n<\/tr>\n<tr>\n<td>Acceso al registro de sistema local\/ registro del sistema remotosyslog local\/remoto<\/td>\n<\/tr>\n<tr>\n<td>Sshs<\/td>\n<\/tr>\n<tr>\n<td>Gestin basada en webhttp\/https<\/td>\n<\/tr>\n<tr>\n<td>Gestin l3s<\/td>\n<\/tr>\n<tr>\n<td>Gestin multi-sitios<\/td>\n<\/tr>\n<tr>\n<td>Vlan de gestins<\/td>\n<\/tr>\n<tr>\n<td>Aprovisionamiento sin contactos. requiere el uso del controlador basado en la nube de omada<\/td>\n<\/tr>\n<tr>\n<td>Otros<\/td>\n<\/tr>\n<tr>\n<td>Certificacionesce, fcc, rohs<\/td>\n<\/tr>\n<tr>\n<td>Contenido del paquete\u0095 eap610<\/td>\n<\/tr>\n<tr>\n<td>\u0095 adaptador de corriente<\/td>\n<\/tr>\n<tr>\n<td>\u0095 kits de montaje en techo\/pared<\/td>\n<\/tr>\n<tr>\n<td>\u0095 gua de instalacin<\/td>\n<\/tr>\n<tr>\n<td>Requisitos del sistemamicrosoft windows xp, vista, windows 7, windows 8, windows10, linux<\/td>\n<\/tr>\n<tr>\n<td>Factores ambientales\u0095 temperatura de funcionamiento: 0\u009640  and 8451; 32\u0096104  and 8457;<\/td>\n<\/tr>\n<tr>\n<td>\u0095 temperatura de almacenamiento: -40\u009670  and 8451; -40\u0096158  and 8457;<\/td>\n<\/tr>\n<tr>\n<td>\u0095 humedad de funcionamiento: 10\u009690  de hr sin condensacin<\/td>\n<\/tr>\n<tr>\n<td>\u0095 humedad de almacenamiento: 5\u009690  de hr sin condensacin<\/td>\n<\/tr>\n<\/table>\n","protected":false},"excerpt":{"rendered":"<p>Punto de acceso wifi 6 de montaje en techo ax1800. \u0095wifi ultrarr\u00e1pido 6 velocidades: 574 mbps simult\u00e1neos en 2,4 ghz y 1201 mbps en 5 ghz totalizan velocidades wi-fi de 1775 mbps. ?. \u0095wifi 6 de alta eficiencia: m\u00e1s dispositivos conectados pueden disfrutar de velocidades m\u00e1s r\u00e1pidas. \u0095administracin centralizada en la nube: administrar toda la red localmente o desde la nube a travs de la interfaz de usuario web o la aplicacin omada. \u0095roaming continuo: incluso las transmisiones de video y las llamadas de voz no se ven afectadas cuando los usuarios se mueven entre ubicaciones. ?. \u0095omada mesh: permite la conectividad inal\u00e1mbrica entre los puntos de acceso para un alcance extendido y una implementacin flexible. ?. \u0095alimentado por poe: admite cc adaptador incluido, 802.3at poe y poe pasivo para instalaciones flexibles. \u0095diseo ultradelgado:  and 934;160 mm  33,6 mm el diseo elegante aporta m\u00e1s agilidad. \u0095red de invitados segura: junto con mltiples opciones de autenticacin sms\/facebook wi-fi\/vale, etc. Y abundantes tecnologas de seguridad inal\u00e1mbrica. \u00a7<\/p>\n","protected":false},"featured_media":221315,"comment_status":"open","ping_status":"open","template":"","meta":[],"product_cat":[1563,1754],"product_tag":[1562],"acf":[],"yoast_head":"<!-- This site is optimized with the Yoast SEO plugin v21.7 - https:\/\/yoast.com\/wordpress\/plugins\/seo\/ -->\n<title>[ Tp Link ] &#129351; Eap610 Access Point Tp-link Omada Ax1800 Ceiling Mount Wifi 6<\/title>\n<meta name=\"description\" content=\"Compra Eap610 Access Point Tp-link Omada Ax1800 Ceiling Mount Wifi 6 + Env\u00edo a domicilio + Pago seguro + Garant\u00eda\" \/>\n<meta name=\"robots\" content=\"index, follow, max-snippet:-1, max-image-preview:large, max-video-preview:-1\" \/>\n<link rel=\"canonical\" href=\"https:\/\/compuviper.mx\/tienda\/producto\/tp-link-eap610-access-point-tp-link-omada-ax1800-ceiling-mount-wifi-6\/\" \/>\n<meta property=\"og:locale\" content=\"es_MX\" \/>\n<meta property=\"og:type\" content=\"article\" \/>\n<meta property=\"og:title\" content=\"[ Tp Link ] &#129351; Eap610 Access Point Tp-link Omada Ax1800 Ceiling Mount Wifi 6\" \/>\n<meta property=\"og:description\" content=\"Compra Eap610 Access Point Tp-link Omada Ax1800 Ceiling Mount Wifi 6 + Env\u00edo a domicilio + Pago seguro + Garant\u00eda\" \/>\n<meta property=\"og:url\" content=\"https:\/\/compuviper.mx\/tienda\/producto\/tp-link-eap610-access-point-tp-link-omada-ax1800-ceiling-mount-wifi-6\/\" \/>\n<meta property=\"og:site_name\" content=\"Compuviper\" \/>\n<meta property=\"article:publisher\" content=\"https:\/\/www.facebook.com\/compuviper\" \/>\n<meta property=\"og:image\" content=\"https:\/\/compuviper.mx\/tienda\/wp-content\/uploads\/2023\/12\/Access-point-eap610-wifi-6-ax1800-montaje-en-techo-omada-mesh-alimentado-por-poe-administracion-en-la-nube-frecuencia-24-ghz-y-5-ghz-sustituye-a-eap265-hd.jpg\" \/>\n\t<meta property=\"og:image:width\" content=\"200\" \/>\n\t<meta property=\"og:image:height\" content=\"200\" \/>\n\t<meta property=\"og:image:type\" content=\"image\/jpeg\" \/>\n<meta name=\"twitter:card\" content=\"summary_large_image\" \/>\n<meta name=\"twitter:label1\" content=\"Precio\" \/>\n\t<meta name=\"twitter:data1\" content=\"&#36;1,727 con IVA\" \/>\n\t<meta name=\"twitter:label2\" content=\"Availability\" \/>\n\t<meta name=\"twitter:data2\" content=\"In stock\" \/>\n<script type=\"application\/ld+json\" class=\"yoast-schema-graph\">{\"@context\":\"https:\/\/schema.org\",\"@graph\":[{\"@type\":\"WebPage\",\"@id\":\"https:\/\/compuviper.mx\/tienda\/producto\/tp-link-eap610-access-point-tp-link-omada-ax1800-ceiling-mount-wifi-6\/\",\"url\":\"https:\/\/compuviper.mx\/tienda\/producto\/tp-link-eap610-access-point-tp-link-omada-ax1800-ceiling-mount-wifi-6\/\",\"name\":\"[ Tp Link ] &#129351; Eap610 Access Point Tp-link Omada Ax1800 Ceiling Mount Wifi 6\",\"isPartOf\":{\"@id\":\"https:\/\/compuviper.mx\/tienda\/#website\"},\"datePublished\":\"2026-04-18T07:10:43+00:00\",\"dateModified\":\"2026-04-18T07:10:43+00:00\",\"description\":\"Compra Eap610 Access Point Tp-link Omada Ax1800 Ceiling Mount Wifi 6 + Env\u00edo a domicilio + Pago seguro + Garant\u00eda\",\"breadcrumb\":{\"@id\":\"https:\/\/compuviper.mx\/tienda\/producto\/tp-link-eap610-access-point-tp-link-omada-ax1800-ceiling-mount-wifi-6\/#breadcrumb\"},\"inLanguage\":\"es-MX\",\"potentialAction\":[{\"@type\":\"ReadAction\",\"target\":[\"https:\/\/compuviper.mx\/tienda\/producto\/tp-link-eap610-access-point-tp-link-omada-ax1800-ceiling-mount-wifi-6\/\"]}]},{\"@type\":\"BreadcrumbList\",\"@id\":\"https:\/\/compuviper.mx\/tienda\/producto\/tp-link-eap610-access-point-tp-link-omada-ax1800-ceiling-mount-wifi-6\/#breadcrumb\",\"itemListElement\":[{\"@type\":\"ListItem\",\"position\":1,\"name\":\"Inicio\",\"item\":\"https:\/\/compuviper.mx\/tienda\/\"},{\"@type\":\"ListItem\",\"position\":2,\"name\":\"Productos\",\"item\":\"https:\/\/compuviper.mx\/tienda\/productos\/\"},{\"@type\":\"ListItem\",\"position\":3,\"name\":\"Redes\",\"item\":\"https:\/\/compuviper.mx\/tienda\/categoria-producto\/redes\/\"},{\"@type\":\"ListItem\",\"position\":4,\"name\":\"Access Point\",\"item\":\"https:\/\/compuviper.mx\/tienda\/categoria-producto\/redes\/access-point\/\"},{\"@type\":\"ListItem\",\"position\":5,\"name\":\"Tp Link Eap610 Access Point Tp-link Omada Ax1800 Ceiling Mount Wifi 6\"}]},{\"@type\":\"WebSite\",\"@id\":\"https:\/\/compuviper.mx\/tienda\/#website\",\"url\":\"https:\/\/compuviper.mx\/tienda\/\",\"name\":\"Compuviper\",\"description\":\"Proveedor de Computadoras, Laptops, Servidores, Monitores, Puntos de Venta, Teclados,   Impresoras, T\u00f3ner, C\u00e1maras de Seguridad y m\u00e1s en tu tienda en l\u00ednea\",\"publisher\":{\"@id\":\"https:\/\/compuviper.mx\/tienda\/#organization\"},\"potentialAction\":[{\"@type\":\"SearchAction\",\"target\":{\"@type\":\"EntryPoint\",\"urlTemplate\":\"https:\/\/compuviper.mx\/tienda\/?s={search_term_string}\"},\"query-input\":\"required name=search_term_string\"}],\"inLanguage\":\"es-MX\"},{\"@type\":\"Organization\",\"@id\":\"https:\/\/compuviper.mx\/tienda\/#organization\",\"name\":\"Compuviper\",\"url\":\"https:\/\/compuviper.mx\/tienda\/\",\"logo\":{\"@type\":\"ImageObject\",\"inLanguage\":\"es-MX\",\"@id\":\"https:\/\/compuviper.mx\/tienda\/#\/schema\/logo\/image\/\",\"url\":\"https:\/\/compuviper.mx\/tienda\/wp-content\/uploads\/2021\/08\/Logo-Compuviper-10.png\",\"contentUrl\":\"https:\/\/compuviper.mx\/tienda\/wp-content\/uploads\/2021\/08\/Logo-Compuviper-10.png\",\"width\":1000,\"height\":500,\"caption\":\"Compuviper\"},\"image\":{\"@id\":\"https:\/\/compuviper.mx\/tienda\/#\/schema\/logo\/image\/\"},\"sameAs\":[\"https:\/\/www.facebook.com\/compuviper\",\"https:\/\/www.youtube.com\/channel\/UCf73dERp9Y3cfOq7q8BhLjA?view_as=subscriber\"]}]}<\/script>\n<meta property=\"product:brand\" content=\"TP LINK\" \/>\n<meta property=\"product:price:amount\" content=\"1727\" \/>\n<meta property=\"product:price:currency\" content=\"MXN\" \/>\n<meta property=\"og:availability\" content=\"instock\" \/>\n<meta property=\"product:availability\" content=\"instock\" \/>\n<meta property=\"product:retailer_item_id\" content=\"EAP610\" \/>\n<meta property=\"product:condition\" content=\"new\" \/>\n<!-- \/ Yoast SEO plugin. -->","yoast_head_json":{"title":"[ Tp Link ] &#129351; Eap610 Access Point Tp-link Omada Ax1800 Ceiling Mount Wifi 6","description":"Compra Eap610 Access Point Tp-link Omada Ax1800 Ceiling Mount Wifi 6 + Env\u00edo a domicilio + Pago seguro + Garant\u00eda","robots":{"index":"index","follow":"follow","max-snippet":"max-snippet:-1","max-image-preview":"max-image-preview:large","max-video-preview":"max-video-preview:-1"},"canonical":"https:\/\/compuviper.mx\/tienda\/producto\/tp-link-eap610-access-point-tp-link-omada-ax1800-ceiling-mount-wifi-6\/","og_locale":"es_MX","og_type":"article","og_title":"[ Tp Link ] &#129351; Eap610 Access Point Tp-link Omada Ax1800 Ceiling Mount Wifi 6","og_description":"Compra Eap610 Access Point Tp-link Omada Ax1800 Ceiling Mount Wifi 6 + Env\u00edo a domicilio + Pago seguro + Garant\u00eda","og_url":"https:\/\/compuviper.mx\/tienda\/producto\/tp-link-eap610-access-point-tp-link-omada-ax1800-ceiling-mount-wifi-6\/","og_site_name":"Compuviper","article_publisher":"https:\/\/www.facebook.com\/compuviper","og_image":[{"width":200,"height":200,"url":"https:\/\/compuviper.mx\/tienda\/wp-content\/uploads\/2023\/12\/Access-point-eap610-wifi-6-ax1800-montaje-en-techo-omada-mesh-alimentado-por-poe-administracion-en-la-nube-frecuencia-24-ghz-y-5-ghz-sustituye-a-eap265-hd.jpg","type":"image\/jpeg"}],"twitter_card":"summary_large_image","twitter_misc":{"Precio":"&#36;1,727 con IVA","Availability":"In stock"},"schema":{"@context":"https:\/\/schema.org","@graph":[{"@type":"WebPage","@id":"https:\/\/compuviper.mx\/tienda\/producto\/tp-link-eap610-access-point-tp-link-omada-ax1800-ceiling-mount-wifi-6\/","url":"https:\/\/compuviper.mx\/tienda\/producto\/tp-link-eap610-access-point-tp-link-omada-ax1800-ceiling-mount-wifi-6\/","name":"[ Tp Link ] &#129351; Eap610 Access Point Tp-link Omada Ax1800 Ceiling Mount Wifi 6","isPartOf":{"@id":"https:\/\/compuviper.mx\/tienda\/#website"},"datePublished":"2026-04-18T07:10:43+00:00","dateModified":"2026-04-18T07:10:43+00:00","description":"Compra Eap610 Access Point Tp-link Omada Ax1800 Ceiling Mount Wifi 6 + Env\u00edo a domicilio + Pago seguro + Garant\u00eda","breadcrumb":{"@id":"https:\/\/compuviper.mx\/tienda\/producto\/tp-link-eap610-access-point-tp-link-omada-ax1800-ceiling-mount-wifi-6\/#breadcrumb"},"inLanguage":"es-MX","potentialAction":[{"@type":"ReadAction","target":["https:\/\/compuviper.mx\/tienda\/producto\/tp-link-eap610-access-point-tp-link-omada-ax1800-ceiling-mount-wifi-6\/"]}]},{"@type":"BreadcrumbList","@id":"https:\/\/compuviper.mx\/tienda\/producto\/tp-link-eap610-access-point-tp-link-omada-ax1800-ceiling-mount-wifi-6\/#breadcrumb","itemListElement":[{"@type":"ListItem","position":1,"name":"Inicio","item":"https:\/\/compuviper.mx\/tienda\/"},{"@type":"ListItem","position":2,"name":"Productos","item":"https:\/\/compuviper.mx\/tienda\/productos\/"},{"@type":"ListItem","position":3,"name":"Redes","item":"https:\/\/compuviper.mx\/tienda\/categoria-producto\/redes\/"},{"@type":"ListItem","position":4,"name":"Access Point","item":"https:\/\/compuviper.mx\/tienda\/categoria-producto\/redes\/access-point\/"},{"@type":"ListItem","position":5,"name":"Tp Link Eap610 Access Point Tp-link Omada Ax1800 Ceiling Mount Wifi 6"}]},{"@type":"WebSite","@id":"https:\/\/compuviper.mx\/tienda\/#website","url":"https:\/\/compuviper.mx\/tienda\/","name":"Compuviper","description":"Proveedor de Computadoras, Laptops, Servidores, Monitores, Puntos de Venta, Teclados,   Impresoras, T\u00f3ner, C\u00e1maras de Seguridad y m\u00e1s en tu tienda en l\u00ednea","publisher":{"@id":"https:\/\/compuviper.mx\/tienda\/#organization"},"potentialAction":[{"@type":"SearchAction","target":{"@type":"EntryPoint","urlTemplate":"https:\/\/compuviper.mx\/tienda\/?s={search_term_string}"},"query-input":"required name=search_term_string"}],"inLanguage":"es-MX"},{"@type":"Organization","@id":"https:\/\/compuviper.mx\/tienda\/#organization","name":"Compuviper","url":"https:\/\/compuviper.mx\/tienda\/","logo":{"@type":"ImageObject","inLanguage":"es-MX","@id":"https:\/\/compuviper.mx\/tienda\/#\/schema\/logo\/image\/","url":"https:\/\/compuviper.mx\/tienda\/wp-content\/uploads\/2021\/08\/Logo-Compuviper-10.png","contentUrl":"https:\/\/compuviper.mx\/tienda\/wp-content\/uploads\/2021\/08\/Logo-Compuviper-10.png","width":1000,"height":500,"caption":"Compuviper"},"image":{"@id":"https:\/\/compuviper.mx\/tienda\/#\/schema\/logo\/image\/"},"sameAs":["https:\/\/www.facebook.com\/compuviper","https:\/\/www.youtube.com\/channel\/UCf73dERp9Y3cfOq7q8BhLjA?view_as=subscriber"]}]},"product_brand":"TP LINK","product_price_amount":"1727","product_price_currency":"MXN","og_availability":"instock","product_availability":"instock","product_retailer_item_id":"EAP610","product_condition":"new"},"_links":{"self":[{"href":"https:\/\/compuviper.mx\/tienda\/wp-json\/wp\/v2\/product\/221314"}],"collection":[{"href":"https:\/\/compuviper.mx\/tienda\/wp-json\/wp\/v2\/product"}],"about":[{"href":"https:\/\/compuviper.mx\/tienda\/wp-json\/wp\/v2\/types\/product"}],"replies":[{"embeddable":true,"href":"https:\/\/compuviper.mx\/tienda\/wp-json\/wp\/v2\/comments?post=221314"}],"wp:featuredmedia":[{"embeddable":true,"href":"https:\/\/compuviper.mx\/tienda\/wp-json\/wp\/v2\/media\/221315"}],"wp:attachment":[{"href":"https:\/\/compuviper.mx\/tienda\/wp-json\/wp\/v2\/media?parent=221314"}],"wp:term":[{"taxonomy":"product_cat","embeddable":true,"href":"https:\/\/compuviper.mx\/tienda\/wp-json\/wp\/v2\/product_cat?post=221314"},{"taxonomy":"product_tag","embeddable":true,"href":"https:\/\/compuviper.mx\/tienda\/wp-json\/wp\/v2\/product_tag?post=221314"}],"curies":[{"name":"wp","href":"https:\/\/api.w.org\/{rel}","templated":true}]}}