{"id":221306,"date":"2026-04-18T01:10:42","date_gmt":"2026-04-18T07:10:42","guid":{"rendered":"https:\/\/compuviper.mx\/tienda\/producto\/hewlett-packard-enterprise-r8m41a-tarjeta-de-red-hpe-nv60100m-100gb-2-puertos-storage-offload-adapter\/"},"modified":"2026-04-18T01:10:42","modified_gmt":"2026-04-18T07:10:42","slug":"hewlett-packard-enterprise-r8m41a-tarjeta-de-red-hpe-nv60100m-100gb-2-puertos-storage-offload-adapter","status":"publish","type":"product","link":"https:\/\/compuviper.mx\/tienda\/producto\/hewlett-packard-enterprise-r8m41a-tarjeta-de-red-hpe-nv60100m-100gb-2-puertos-storage-offload-adapter\/","title":{"rendered":"Hewlett Packard Enterprise R8m41a Tarjeta De Red Hpe Nv60100m 100gb 2-puertos Storage Offload Adapter"},"content":{"rendered":"<table class=\"descripcion\">\n<tr>\n<td>Adaptador de descarga hpe nv60100m 100 gb de 2 puertos nvme-of<\/td>\n<\/tr>\n<\/table>\n","protected":false},"excerpt":{"rendered":"<p>Deseas modernizar tu centro de datos con paradigmas nvme al tiempo que aseguras que la integridad de tus datos se mantienen a salvo de los agentes maliciosos? los adaptadores de descarga nvme-of para red de almacenamiento hpe son tarjetas de interfaz de red de nube avanzadas con funcionalidades de descarga nvme y criptograf\u00eda, que permiten acelerar las aplicaciones del centro de datos para tareas cruciales, como la seguridad, la virtualizaci\u00f3n, sdn\/nfv, big data, el aprendizaje autom\u00e1tico y el almacenamiento basado en nvme. Proporcionan hasta dos puertos de conectividad ethernet de 100 gb\/s, junto con funcionalidades criptogr\u00e1ficas probadas, que aceleran y protegen las cargas de trabajo de la nube y del centro de datos. La aceleraci\u00f3n y descarga del almacenamiento, como nvme-of para rdma sobre ethernet convergente (roce) y tcp se integran de f\u00e1brica en los adaptadores, de modo que habilitan rutas de actualizaci\u00f3n fluidas desde los paradigmas de almacenamiento existentes a la sem\u00e1ntica de nvme y la memoria persistente. Tambi\u00e9n mejora la seguridad de los datos en un mundo inseguro. Solo ventajas. San ethernet. \u0095 los adaptadores de descarga nvme-of para red de almacenamiento hpe admiten dos puertos de conectividad 100 gb ethernet con 16 carriles de pcie gen4, compatible con pcie gen2\/gen3. \u0095 brinda varias innovaciones, que incluyen control de congesti\u00f3n programable, as\u00ed como repetici\u00f3n selectiva y roce sin interacci\u00f3n. Todo ello facilita unas soluciones roce escalables, fiables y f\u00e1ciles de implementar. \u0095 admite aceleraci\u00f3n sr-iov y virtio, descarga del reenv\u00edo de ruta de datos open vswitch desde la cpu del host al asic del adaptador, y la habilitaci\u00f3n de rendimiento y escalabilidad extremos. Descargas de almacenamiento. \u0095 los adaptadores de descarga nvme-of para red de almacenamiento hpe admiten la descarga y la aceleraci\u00f3n del almacenamiento, como cargas de trabajo nvme-of para roce y tcp, y habilitan de este modo rutas de actualizaci\u00f3n fluidas desde los paradigmas de almacenamiento existentes a la sem\u00e1ntica de nvme y la memoria persistente. \u0095 admite operaciones de entrega con firma dif t10 a velocidad de cable para tr\u00e1fico de entrada y salida a fin de reducir la congesti\u00f3n. \u0095 los adaptadores proporcionan mayor flexibilidad al admitir diversos protocolos de almacenamiento: protocolo scsi rdma (srp), extensiones iscsi para rdma (iser), network file system (nfs) rdma, smb direct y nvme-of. Seguridad del centro de datos. \u0095 los adaptadores de descarga nvme-of para red de almacenamiento de hpe llevan la seguridad a todos los dispositivos, con sus motores de aceleraci\u00f3n en l\u00ednea integrados de dise\u00f1o espec\u00edfico, que descargan las operaciones criptogr\u00e1ficas de los datos en movimiento ipsec y tls, as\u00ed como de los datos en reposo xts-aes. \u0095 proporciona cifrado\/descifrado en l\u00ednea integrado, filtrado de paquetes con estado y otras funcionalidades, de modo que lleva la seguridad avanzada hasta cada nodo con un rendimiento y escalabilidad impresionantes. \u0095 incorpora ra\u00edz de confianza de hardware y actualizaci\u00f3n de firmware segura para evitar el secuestro del adaptador con firmware malicioso.<\/p>\n","protected":false},"featured_media":221307,"comment_status":"open","ping_status":"open","template":"","meta":[],"product_cat":[1563,1572],"product_tag":[1568],"acf":[],"yoast_head":"<!-- This site is optimized with the Yoast SEO plugin v21.7 - https:\/\/yoast.com\/wordpress\/plugins\/seo\/ -->\n<title>[ Hewlett Packard Enterprise ] &#129351; R8m41a Tarjeta De Red Hpe Nv60100m 100gb 2-puertos Storage Offload Adapter<\/title>\n<meta name=\"description\" content=\"Compra R8m41a Tarjeta De Red Hpe Nv60100m 100gb 2-puertos Storage Offload Adapter + Env\u00edo a domicilio + Pago seguro + Garant\u00eda\" \/>\n<meta name=\"robots\" content=\"index, follow, max-snippet:-1, max-image-preview:large, max-video-preview:-1\" \/>\n<link rel=\"canonical\" href=\"https:\/\/compuviper.mx\/tienda\/producto\/hewlett-packard-enterprise-r8m41a-tarjeta-de-red-hpe-nv60100m-100gb-2-puertos-storage-offload-adapter\/\" \/>\n<meta property=\"og:locale\" content=\"es_MX\" \/>\n<meta property=\"og:type\" content=\"article\" \/>\n<meta property=\"og:title\" content=\"[ Hewlett Packard Enterprise ] &#129351; R8m41a Tarjeta De Red Hpe Nv60100m 100gb 2-puertos Storage Offload Adapter\" \/>\n<meta property=\"og:description\" content=\"Compra R8m41a Tarjeta De Red Hpe Nv60100m 100gb 2-puertos Storage Offload Adapter + Env\u00edo a domicilio + Pago seguro + Garant\u00eda\" \/>\n<meta property=\"og:url\" content=\"https:\/\/compuviper.mx\/tienda\/producto\/hewlett-packard-enterprise-r8m41a-tarjeta-de-red-hpe-nv60100m-100gb-2-puertos-storage-offload-adapter\/\" \/>\n<meta property=\"og:site_name\" content=\"Compuviper\" \/>\n<meta property=\"article:publisher\" content=\"https:\/\/www.facebook.com\/compuviper\" \/>\n<meta property=\"og:image\" content=\"https:\/\/compuviper.mx\/tienda\/wp-content\/uploads\/2023\/12\/Tarjeta-de-red-hpe-nv60100m-100gb-2-puertos-storage-offload-adapter.jpg\" \/>\n\t<meta property=\"og:image:width\" content=\"200\" \/>\n\t<meta property=\"og:image:height\" content=\"200\" \/>\n\t<meta property=\"og:image:type\" content=\"image\/jpeg\" \/>\n<meta name=\"twitter:card\" content=\"summary_large_image\" \/>\n<meta name=\"twitter:label1\" content=\"Precio\" \/>\n\t<meta name=\"twitter:data1\" content=\"&#36;68,692 con IVA\" \/>\n\t<meta name=\"twitter:label2\" content=\"Availability\" \/>\n\t<meta name=\"twitter:data2\" content=\"On backorder\" \/>\n<script type=\"application\/ld+json\" class=\"yoast-schema-graph\">{\"@context\":\"https:\/\/schema.org\",\"@graph\":[{\"@type\":\"WebPage\",\"@id\":\"https:\/\/compuviper.mx\/tienda\/producto\/hewlett-packard-enterprise-r8m41a-tarjeta-de-red-hpe-nv60100m-100gb-2-puertos-storage-offload-adapter\/\",\"url\":\"https:\/\/compuviper.mx\/tienda\/producto\/hewlett-packard-enterprise-r8m41a-tarjeta-de-red-hpe-nv60100m-100gb-2-puertos-storage-offload-adapter\/\",\"name\":\"[ Hewlett Packard Enterprise ] &#129351; R8m41a Tarjeta De Red Hpe Nv60100m 100gb 2-puertos Storage Offload Adapter\",\"isPartOf\":{\"@id\":\"https:\/\/compuviper.mx\/tienda\/#website\"},\"datePublished\":\"2026-04-18T07:10:42+00:00\",\"dateModified\":\"2026-04-18T07:10:42+00:00\",\"description\":\"Compra R8m41a Tarjeta De Red Hpe Nv60100m 100gb 2-puertos Storage Offload Adapter + Env\u00edo a domicilio + Pago seguro + Garant\u00eda\",\"breadcrumb\":{\"@id\":\"https:\/\/compuviper.mx\/tienda\/producto\/hewlett-packard-enterprise-r8m41a-tarjeta-de-red-hpe-nv60100m-100gb-2-puertos-storage-offload-adapter\/#breadcrumb\"},\"inLanguage\":\"es-MX\",\"potentialAction\":[{\"@type\":\"ReadAction\",\"target\":[\"https:\/\/compuviper.mx\/tienda\/producto\/hewlett-packard-enterprise-r8m41a-tarjeta-de-red-hpe-nv60100m-100gb-2-puertos-storage-offload-adapter\/\"]}]},{\"@type\":\"BreadcrumbList\",\"@id\":\"https:\/\/compuviper.mx\/tienda\/producto\/hewlett-packard-enterprise-r8m41a-tarjeta-de-red-hpe-nv60100m-100gb-2-puertos-storage-offload-adapter\/#breadcrumb\",\"itemListElement\":[{\"@type\":\"ListItem\",\"position\":1,\"name\":\"Inicio\",\"item\":\"https:\/\/compuviper.mx\/tienda\/\"},{\"@type\":\"ListItem\",\"position\":2,\"name\":\"Productos\",\"item\":\"https:\/\/compuviper.mx\/tienda\/productos\/\"},{\"@type\":\"ListItem\",\"position\":3,\"name\":\"Redes\",\"item\":\"https:\/\/compuviper.mx\/tienda\/categoria-producto\/redes\/\"},{\"@type\":\"ListItem\",\"position\":4,\"name\":\"Tarjetas De Red\",\"item\":\"https:\/\/compuviper.mx\/tienda\/categoria-producto\/redes\/tarjetas-de-red\/\"},{\"@type\":\"ListItem\",\"position\":5,\"name\":\"Hewlett Packard Enterprise R8m41a Tarjeta De Red Hpe Nv60100m 100gb 2-puertos Storage Offload Adapter\"}]},{\"@type\":\"WebSite\",\"@id\":\"https:\/\/compuviper.mx\/tienda\/#website\",\"url\":\"https:\/\/compuviper.mx\/tienda\/\",\"name\":\"Compuviper\",\"description\":\"Proveedor de Computadoras, Laptops, Servidores, Monitores, Puntos de Venta, Teclados,   Impresoras, T\u00f3ner, C\u00e1maras de Seguridad y m\u00e1s en tu tienda en l\u00ednea\",\"publisher\":{\"@id\":\"https:\/\/compuviper.mx\/tienda\/#organization\"},\"potentialAction\":[{\"@type\":\"SearchAction\",\"target\":{\"@type\":\"EntryPoint\",\"urlTemplate\":\"https:\/\/compuviper.mx\/tienda\/?s={search_term_string}\"},\"query-input\":\"required name=search_term_string\"}],\"inLanguage\":\"es-MX\"},{\"@type\":\"Organization\",\"@id\":\"https:\/\/compuviper.mx\/tienda\/#organization\",\"name\":\"Compuviper\",\"url\":\"https:\/\/compuviper.mx\/tienda\/\",\"logo\":{\"@type\":\"ImageObject\",\"inLanguage\":\"es-MX\",\"@id\":\"https:\/\/compuviper.mx\/tienda\/#\/schema\/logo\/image\/\",\"url\":\"https:\/\/compuviper.mx\/tienda\/wp-content\/uploads\/2021\/08\/Logo-Compuviper-10.png\",\"contentUrl\":\"https:\/\/compuviper.mx\/tienda\/wp-content\/uploads\/2021\/08\/Logo-Compuviper-10.png\",\"width\":1000,\"height\":500,\"caption\":\"Compuviper\"},\"image\":{\"@id\":\"https:\/\/compuviper.mx\/tienda\/#\/schema\/logo\/image\/\"},\"sameAs\":[\"https:\/\/www.facebook.com\/compuviper\",\"https:\/\/www.youtube.com\/channel\/UCf73dERp9Y3cfOq7q8BhLjA?view_as=subscriber\"]}]}<\/script>\n<meta property=\"product:brand\" content=\"HEWLETT PACKARD ENTERPRISE\" \/>\n<meta property=\"product:price:amount\" content=\"68692\" \/>\n<meta property=\"product:price:currency\" content=\"MXN\" \/>\n<meta property=\"og:availability\" content=\"backorder\" \/>\n<meta property=\"product:availability\" content=\"available for order\" \/>\n<meta property=\"product:retailer_item_id\" content=\"R8M41A\" \/>\n<meta property=\"product:condition\" content=\"new\" \/>\n<!-- \/ Yoast SEO plugin. -->","yoast_head_json":{"title":"[ Hewlett Packard Enterprise ] &#129351; R8m41a Tarjeta De Red Hpe Nv60100m 100gb 2-puertos Storage Offload Adapter","description":"Compra R8m41a Tarjeta De Red Hpe Nv60100m 100gb 2-puertos Storage Offload Adapter + Env\u00edo a domicilio + Pago seguro + Garant\u00eda","robots":{"index":"index","follow":"follow","max-snippet":"max-snippet:-1","max-image-preview":"max-image-preview:large","max-video-preview":"max-video-preview:-1"},"canonical":"https:\/\/compuviper.mx\/tienda\/producto\/hewlett-packard-enterprise-r8m41a-tarjeta-de-red-hpe-nv60100m-100gb-2-puertos-storage-offload-adapter\/","og_locale":"es_MX","og_type":"article","og_title":"[ Hewlett Packard Enterprise ] &#129351; R8m41a Tarjeta De Red Hpe Nv60100m 100gb 2-puertos Storage Offload Adapter","og_description":"Compra R8m41a Tarjeta De Red Hpe Nv60100m 100gb 2-puertos Storage Offload Adapter + Env\u00edo a domicilio + Pago seguro + Garant\u00eda","og_url":"https:\/\/compuviper.mx\/tienda\/producto\/hewlett-packard-enterprise-r8m41a-tarjeta-de-red-hpe-nv60100m-100gb-2-puertos-storage-offload-adapter\/","og_site_name":"Compuviper","article_publisher":"https:\/\/www.facebook.com\/compuviper","og_image":[{"width":200,"height":200,"url":"https:\/\/compuviper.mx\/tienda\/wp-content\/uploads\/2023\/12\/Tarjeta-de-red-hpe-nv60100m-100gb-2-puertos-storage-offload-adapter.jpg","type":"image\/jpeg"}],"twitter_card":"summary_large_image","twitter_misc":{"Precio":"&#36;68,692 con IVA","Availability":"On backorder"},"schema":{"@context":"https:\/\/schema.org","@graph":[{"@type":"WebPage","@id":"https:\/\/compuviper.mx\/tienda\/producto\/hewlett-packard-enterprise-r8m41a-tarjeta-de-red-hpe-nv60100m-100gb-2-puertos-storage-offload-adapter\/","url":"https:\/\/compuviper.mx\/tienda\/producto\/hewlett-packard-enterprise-r8m41a-tarjeta-de-red-hpe-nv60100m-100gb-2-puertos-storage-offload-adapter\/","name":"[ Hewlett Packard Enterprise ] &#129351; R8m41a Tarjeta De Red Hpe Nv60100m 100gb 2-puertos Storage Offload Adapter","isPartOf":{"@id":"https:\/\/compuviper.mx\/tienda\/#website"},"datePublished":"2026-04-18T07:10:42+00:00","dateModified":"2026-04-18T07:10:42+00:00","description":"Compra R8m41a Tarjeta De Red Hpe Nv60100m 100gb 2-puertos Storage Offload Adapter + Env\u00edo a domicilio + Pago seguro + Garant\u00eda","breadcrumb":{"@id":"https:\/\/compuviper.mx\/tienda\/producto\/hewlett-packard-enterprise-r8m41a-tarjeta-de-red-hpe-nv60100m-100gb-2-puertos-storage-offload-adapter\/#breadcrumb"},"inLanguage":"es-MX","potentialAction":[{"@type":"ReadAction","target":["https:\/\/compuviper.mx\/tienda\/producto\/hewlett-packard-enterprise-r8m41a-tarjeta-de-red-hpe-nv60100m-100gb-2-puertos-storage-offload-adapter\/"]}]},{"@type":"BreadcrumbList","@id":"https:\/\/compuviper.mx\/tienda\/producto\/hewlett-packard-enterprise-r8m41a-tarjeta-de-red-hpe-nv60100m-100gb-2-puertos-storage-offload-adapter\/#breadcrumb","itemListElement":[{"@type":"ListItem","position":1,"name":"Inicio","item":"https:\/\/compuviper.mx\/tienda\/"},{"@type":"ListItem","position":2,"name":"Productos","item":"https:\/\/compuviper.mx\/tienda\/productos\/"},{"@type":"ListItem","position":3,"name":"Redes","item":"https:\/\/compuviper.mx\/tienda\/categoria-producto\/redes\/"},{"@type":"ListItem","position":4,"name":"Tarjetas De Red","item":"https:\/\/compuviper.mx\/tienda\/categoria-producto\/redes\/tarjetas-de-red\/"},{"@type":"ListItem","position":5,"name":"Hewlett Packard Enterprise R8m41a Tarjeta De Red Hpe Nv60100m 100gb 2-puertos Storage Offload Adapter"}]},{"@type":"WebSite","@id":"https:\/\/compuviper.mx\/tienda\/#website","url":"https:\/\/compuviper.mx\/tienda\/","name":"Compuviper","description":"Proveedor de Computadoras, Laptops, Servidores, Monitores, Puntos de Venta, Teclados,   Impresoras, T\u00f3ner, C\u00e1maras de Seguridad y m\u00e1s en tu tienda en l\u00ednea","publisher":{"@id":"https:\/\/compuviper.mx\/tienda\/#organization"},"potentialAction":[{"@type":"SearchAction","target":{"@type":"EntryPoint","urlTemplate":"https:\/\/compuviper.mx\/tienda\/?s={search_term_string}"},"query-input":"required name=search_term_string"}],"inLanguage":"es-MX"},{"@type":"Organization","@id":"https:\/\/compuviper.mx\/tienda\/#organization","name":"Compuviper","url":"https:\/\/compuviper.mx\/tienda\/","logo":{"@type":"ImageObject","inLanguage":"es-MX","@id":"https:\/\/compuviper.mx\/tienda\/#\/schema\/logo\/image\/","url":"https:\/\/compuviper.mx\/tienda\/wp-content\/uploads\/2021\/08\/Logo-Compuviper-10.png","contentUrl":"https:\/\/compuviper.mx\/tienda\/wp-content\/uploads\/2021\/08\/Logo-Compuviper-10.png","width":1000,"height":500,"caption":"Compuviper"},"image":{"@id":"https:\/\/compuviper.mx\/tienda\/#\/schema\/logo\/image\/"},"sameAs":["https:\/\/www.facebook.com\/compuviper","https:\/\/www.youtube.com\/channel\/UCf73dERp9Y3cfOq7q8BhLjA?view_as=subscriber"]}]},"product_brand":"HEWLETT PACKARD ENTERPRISE","product_price_amount":"68692","product_price_currency":"MXN","og_availability":"backorder","product_availability":"available for order","product_retailer_item_id":"R8M41A","product_condition":"new"},"_links":{"self":[{"href":"https:\/\/compuviper.mx\/tienda\/wp-json\/wp\/v2\/product\/221306"}],"collection":[{"href":"https:\/\/compuviper.mx\/tienda\/wp-json\/wp\/v2\/product"}],"about":[{"href":"https:\/\/compuviper.mx\/tienda\/wp-json\/wp\/v2\/types\/product"}],"replies":[{"embeddable":true,"href":"https:\/\/compuviper.mx\/tienda\/wp-json\/wp\/v2\/comments?post=221306"}],"wp:featuredmedia":[{"embeddable":true,"href":"https:\/\/compuviper.mx\/tienda\/wp-json\/wp\/v2\/media\/221307"}],"wp:attachment":[{"href":"https:\/\/compuviper.mx\/tienda\/wp-json\/wp\/v2\/media?parent=221306"}],"wp:term":[{"taxonomy":"product_cat","embeddable":true,"href":"https:\/\/compuviper.mx\/tienda\/wp-json\/wp\/v2\/product_cat?post=221306"},{"taxonomy":"product_tag","embeddable":true,"href":"https:\/\/compuviper.mx\/tienda\/wp-json\/wp\/v2\/product_tag?post=221306"}],"curies":[{"name":"wp","href":"https:\/\/api.w.org\/{rel}","templated":true}]}}