{"id":221290,"date":"2026-04-02T01:06:25","date_gmt":"2026-04-02T07:06:25","guid":{"rendered":"https:\/\/compuviper.mx\/tienda\/producto\/cisco-ms120-48-hw-switch-48-puertos-meraki-48-x-10-100-1000base-t-ethernet-rj45-4-x-1g-sfp-uplink-obligatorio-licencia-se-cotiza-por-separado\/"},"modified":"2026-04-02T01:06:25","modified_gmt":"2026-04-02T07:06:25","slug":"cisco-ms120-48-hw-switch-48-puertos-meraki-48-x-10-100-1000base-t-ethernet-rj45-4-x-1g-sfp-uplink-obligatorio-licencia-se-cotiza-por-separado","status":"publish","type":"product","link":"https:\/\/compuviper.mx\/tienda\/producto\/cisco-ms120-48-hw-switch-48-puertos-meraki-48-x-10-100-1000base-t-ethernet-rj45-4-x-1g-sfp-uplink-obligatorio-licencia-se-cotiza-por-separado\/","title":{"rendered":"Cisco Ms120-48-hw Switch 48 Puertos  Meraki 48 X 10\/100\/1000base-t Ethernet Rj45 4 X 1g Sfp Uplink (obligatorio Licencia Se Cotiza Por Separado)"},"content":{"rendered":"<table class=\"descripcion\">\n<tr>\n<td>Informacion tecnica:<\/td>\n<\/tr>\n<tr>\n<td>Branch  and  campus access<\/td>\n<\/tr>\n<tr>\n<td>Poe and poe+ models available for device level powering<\/td>\n<\/tr>\n<tr>\n<td>Quality-of-service (qos) to prioritize mission critical traffic such as<\/td>\n<\/tr>\n<tr>\n<td>Voice and video<\/td>\n<\/tr>\n<tr>\n<td>Voice vlan support for simplified voip deployments<\/td>\n<\/tr>\n<tr>\n<td>Cdp\/lldp with detailed neighbor discovery and visibility<\/td>\n<\/tr>\n<tr>\n<td>Port mirroring support for monitoring network traffic at line rate<\/td>\n<\/tr>\n<tr>\n<td>Igmp snooping to optimize network performance for<\/td>\n<\/tr>\n<tr>\n<td>Multicast applications<\/td>\n<\/tr>\n<tr>\n<td>Link aggregation control protocol (lacp) for high-capacity trunking<\/td>\n<\/tr>\n<tr>\n<td>Network security<\/td>\n<\/tr>\n<tr>\n<td>Ieee 802.1x, mab, and hybrid authentication support for wired access<\/td>\n<\/tr>\n<tr>\n<td>Control with radius server monitoring<\/td>\n<\/tr>\n<tr>\n<td>Acl support (ipv4  and  ipv6) and mac whitelisting<\/td>\n<\/tr>\n<tr>\n<td>Single-host\/multi-domain\/multi-host\/multi authentication<\/td>\n<\/tr>\n<tr>\n<td>Change of authorization (coa) and radius accounting support<\/td>\n<\/tr>\n<tr>\n<td>Dhcp snooping to prevent users from adding unauthorized dhcp<\/td>\n<\/tr>\n<tr>\n<td>Servers on the network<\/td>\n<\/tr>\n<tr>\n<td>Rapid spanning tree, bpdu guard, root guard, loop guard, udld and<\/td>\n<\/tr>\n<tr>\n<td>Other safeguards to help prevent misconfigurations and reduce<\/td>\n<\/tr>\n<tr>\n<td>Convergence time per-port vlan configuration<\/td>\n<\/tr>\n<tr>\n<td>Multiple administrative roles with sophisticated security<\/td>\n<\/tr>\n<tr>\n<td>Policy management<\/td>\n<\/tr>\n<tr>\n<td>Ms120-48-hw 1.73 x 17.32 x 9.84\u0094<\/td>\n<\/tr>\n<tr>\n<td>(4.40 x 44 x 25cm)<\/td>\n<\/tr>\n<tr>\n<td>8.97 lb<\/td>\n<\/tr>\n<tr>\n<td>(4.06 kg)<\/td>\n<\/tr>\n<tr>\n<td>\u0095 48 x 10\/100\/1000base-t ethernet rj45 with auto<\/td>\n<\/tr>\n<tr>\n<td>Negotiation and crossover detection (auto-mdix<\/td>\n<\/tr>\n<tr>\n<td>Crossover)<\/td>\n<\/tr>\n<tr>\n<td>\u0095 4 x 1g sfp uplink<\/td>\n<\/tr>\n<tr>\n<td>\u0095 rj45 management port<\/td>\n<\/tr>\n<tr>\n<td>104 gbps<\/td>\n<\/tr>\n<\/table>\n","protected":false},"excerpt":{"rendered":"<p>Informacion comercial. Gestionado en la nube. Interruptores de acceso. Los switches cisco meraki ms120 proporcionan conmutaci\u00f3n de acceso de capa 2. Ideal para implementaciones en sucursales y campus. La serie ms120. Presenta una variedad de opciones de energ\u00eda dise\u00f1adas para satisfacer las diversas. Necesidades de las grandes redes empresariales. Los switches cisco meraki se construyen desde cero para la nube. Administraci\u00f3n sin comprometer ninguno de los poderes y. Flexibilidad que tradicionalmente se encuentra en los conmutadores de clase empresarial. Todos los switches cisco meraki se administran a trav\u00e9s de un elegante. Interfaz de nube intuitiva, en lugar de una l\u00ednea de comando cr\u00edptica. Para abrir un interruptor meraki, simplemente con\u00e9ctelo. Los interruptores meraki no. No requiere cli para la configuraci\u00f3n del conmutador o la administraci\u00f3n de puertos. La plataforma de gesti\u00f3n centralizada de meraki ofrece a los administradores. Visibilidad granular de su red. Nuestro tablero te ayuda. Realice un seguimiento de cada cambio de configuraci\u00f3n en su red con nuestro. Registros detallados de eventos y cambios.<\/p>\n","protected":false},"featured_media":221291,"comment_status":"open","ping_status":"open","template":"","meta":[],"product_cat":[1563,1564],"product_tag":[1524],"acf":[],"yoast_head":"<!-- This site is optimized with the Yoast SEO plugin v21.7 - https:\/\/yoast.com\/wordpress\/plugins\/seo\/ -->\n<title>[ Cisco ] &#129351; Ms120-48-hw Switch 48 Puertos Meraki 48 X 10\/100\/1000base-t Ethernet Rj45 4 X 1g Sfp Uplink (obligatorio Licencia Se Cotiza Por Separado)<\/title>\n<meta name=\"description\" content=\"Compra Ms120-48-hw Switch 48 Puertos Meraki 48 X 10\/100\/1000base-t Ethernet Rj45 4 X 1g Sfp Uplink (obligatorio Licencia Se Cotiza Por Separado) + Env\u00edo a domicilio + Pago seguro + Garant\u00eda\" \/>\n<meta name=\"robots\" content=\"index, follow, max-snippet:-1, max-image-preview:large, max-video-preview:-1\" \/>\n<link rel=\"canonical\" href=\"https:\/\/compuviper.mx\/tienda\/producto\/cisco-ms120-48-hw-switch-48-puertos-meraki-48-x-10-100-1000base-t-ethernet-rj45-4-x-1g-sfp-uplink-obligatorio-licencia-se-cotiza-por-separado\/\" \/>\n<meta property=\"og:locale\" content=\"es_MX\" \/>\n<meta property=\"og:type\" content=\"article\" \/>\n<meta property=\"og:title\" content=\"[ Cisco ] &#129351; Ms120-48-hw Switch 48 Puertos Meraki 48 X 10\/100\/1000base-t Ethernet Rj45 4 X 1g Sfp Uplink (obligatorio Licencia Se Cotiza Por Separado)\" \/>\n<meta property=\"og:description\" content=\"Compra Ms120-48-hw Switch 48 Puertos Meraki 48 X 10\/100\/1000base-t Ethernet Rj45 4 X 1g Sfp Uplink (obligatorio Licencia Se Cotiza Por Separado) + Env\u00edo a domicilio + Pago seguro + Garant\u00eda\" \/>\n<meta property=\"og:url\" content=\"https:\/\/compuviper.mx\/tienda\/producto\/cisco-ms120-48-hw-switch-48-puertos-meraki-48-x-10-100-1000base-t-ethernet-rj45-4-x-1g-sfp-uplink-obligatorio-licencia-se-cotiza-por-separado\/\" \/>\n<meta property=\"og:site_name\" content=\"Compuviper\" \/>\n<meta property=\"article:publisher\" content=\"https:\/\/www.facebook.com\/compuviper\" \/>\n<meta property=\"og:image\" content=\"https:\/\/compuviper.mx\/tienda\/wp-content\/uploads\/2023\/12\/Switch-48-puertos-cisco-meraki-48-x-101001000base-t-ethernet-rj45-4-x-1g-sfp-uplink-obligatorio-licencia-se-cotiza-por-separado.jpg\" \/>\n\t<meta property=\"og:image:width\" content=\"200\" \/>\n\t<meta property=\"og:image:height\" content=\"200\" \/>\n\t<meta property=\"og:image:type\" content=\"image\/jpeg\" \/>\n<meta name=\"twitter:card\" content=\"summary_large_image\" \/>\n<meta name=\"twitter:label1\" content=\"Precio\" \/>\n\t<meta name=\"twitter:data1\" content=\"&#36;36,070 con IVA\" \/>\n\t<meta name=\"twitter:label2\" content=\"Availability\" \/>\n\t<meta name=\"twitter:data2\" content=\"In stock\" \/>\n<script type=\"application\/ld+json\" class=\"yoast-schema-graph\">{\"@context\":\"https:\/\/schema.org\",\"@graph\":[{\"@type\":\"WebPage\",\"@id\":\"https:\/\/compuviper.mx\/tienda\/producto\/cisco-ms120-48-hw-switch-48-puertos-meraki-48-x-10-100-1000base-t-ethernet-rj45-4-x-1g-sfp-uplink-obligatorio-licencia-se-cotiza-por-separado\/\",\"url\":\"https:\/\/compuviper.mx\/tienda\/producto\/cisco-ms120-48-hw-switch-48-puertos-meraki-48-x-10-100-1000base-t-ethernet-rj45-4-x-1g-sfp-uplink-obligatorio-licencia-se-cotiza-por-separado\/\",\"name\":\"[ Cisco ] &#129351; Ms120-48-hw Switch 48 Puertos Meraki 48 X 10\/100\/1000base-t Ethernet Rj45 4 X 1g Sfp Uplink (obligatorio Licencia Se Cotiza Por Separado)\",\"isPartOf\":{\"@id\":\"https:\/\/compuviper.mx\/tienda\/#website\"},\"datePublished\":\"2026-04-02T07:06:25+00:00\",\"dateModified\":\"2026-04-02T07:06:25+00:00\",\"description\":\"Compra Ms120-48-hw Switch 48 Puertos Meraki 48 X 10\/100\/1000base-t Ethernet Rj45 4 X 1g Sfp Uplink (obligatorio Licencia Se Cotiza Por Separado) + Env\u00edo a domicilio + Pago seguro + Garant\u00eda\",\"breadcrumb\":{\"@id\":\"https:\/\/compuviper.mx\/tienda\/producto\/cisco-ms120-48-hw-switch-48-puertos-meraki-48-x-10-100-1000base-t-ethernet-rj45-4-x-1g-sfp-uplink-obligatorio-licencia-se-cotiza-por-separado\/#breadcrumb\"},\"inLanguage\":\"es-MX\",\"potentialAction\":[{\"@type\":\"ReadAction\",\"target\":[\"https:\/\/compuviper.mx\/tienda\/producto\/cisco-ms120-48-hw-switch-48-puertos-meraki-48-x-10-100-1000base-t-ethernet-rj45-4-x-1g-sfp-uplink-obligatorio-licencia-se-cotiza-por-separado\/\"]}]},{\"@type\":\"BreadcrumbList\",\"@id\":\"https:\/\/compuviper.mx\/tienda\/producto\/cisco-ms120-48-hw-switch-48-puertos-meraki-48-x-10-100-1000base-t-ethernet-rj45-4-x-1g-sfp-uplink-obligatorio-licencia-se-cotiza-por-separado\/#breadcrumb\",\"itemListElement\":[{\"@type\":\"ListItem\",\"position\":1,\"name\":\"Inicio\",\"item\":\"https:\/\/compuviper.mx\/tienda\/\"},{\"@type\":\"ListItem\",\"position\":2,\"name\":\"Productos\",\"item\":\"https:\/\/compuviper.mx\/tienda\/productos\/\"},{\"@type\":\"ListItem\",\"position\":3,\"name\":\"Redes\",\"item\":\"https:\/\/compuviper.mx\/tienda\/categoria-producto\/redes\/\"},{\"@type\":\"ListItem\",\"position\":4,\"name\":\"Switch\",\"item\":\"https:\/\/compuviper.mx\/tienda\/categoria-producto\/redes\/switch\/\"},{\"@type\":\"ListItem\",\"position\":5,\"name\":\"Cisco Ms120-48-hw Switch 48 Puertos Meraki 48 X 10\/100\/1000base-t Ethernet Rj45 4 X 1g Sfp Uplink (obligatorio Licencia Se Cotiza Por Separado)\"}]},{\"@type\":\"WebSite\",\"@id\":\"https:\/\/compuviper.mx\/tienda\/#website\",\"url\":\"https:\/\/compuviper.mx\/tienda\/\",\"name\":\"Compuviper\",\"description\":\"Proveedor de Computadoras, Laptops, Servidores, Monitores, Puntos de Venta, Teclados,   Impresoras, T\u00f3ner, C\u00e1maras de Seguridad y m\u00e1s en tu tienda en l\u00ednea\",\"publisher\":{\"@id\":\"https:\/\/compuviper.mx\/tienda\/#organization\"},\"potentialAction\":[{\"@type\":\"SearchAction\",\"target\":{\"@type\":\"EntryPoint\",\"urlTemplate\":\"https:\/\/compuviper.mx\/tienda\/?s={search_term_string}\"},\"query-input\":\"required name=search_term_string\"}],\"inLanguage\":\"es-MX\"},{\"@type\":\"Organization\",\"@id\":\"https:\/\/compuviper.mx\/tienda\/#organization\",\"name\":\"Compuviper\",\"url\":\"https:\/\/compuviper.mx\/tienda\/\",\"logo\":{\"@type\":\"ImageObject\",\"inLanguage\":\"es-MX\",\"@id\":\"https:\/\/compuviper.mx\/tienda\/#\/schema\/logo\/image\/\",\"url\":\"https:\/\/compuviper.mx\/tienda\/wp-content\/uploads\/2021\/08\/Logo-Compuviper-10.png\",\"contentUrl\":\"https:\/\/compuviper.mx\/tienda\/wp-content\/uploads\/2021\/08\/Logo-Compuviper-10.png\",\"width\":1000,\"height\":500,\"caption\":\"Compuviper\"},\"image\":{\"@id\":\"https:\/\/compuviper.mx\/tienda\/#\/schema\/logo\/image\/\"},\"sameAs\":[\"https:\/\/www.facebook.com\/compuviper\",\"https:\/\/www.youtube.com\/channel\/UCf73dERp9Y3cfOq7q8BhLjA?view_as=subscriber\"]}]}<\/script>\n<meta property=\"product:brand\" content=\"CISCO\" \/>\n<meta property=\"product:price:amount\" content=\"36070\" \/>\n<meta property=\"product:price:currency\" content=\"MXN\" \/>\n<meta property=\"og:availability\" content=\"instock\" \/>\n<meta property=\"product:availability\" content=\"instock\" \/>\n<meta property=\"product:retailer_item_id\" content=\"MS120-48-HW\" \/>\n<meta property=\"product:condition\" content=\"new\" \/>\n<!-- \/ Yoast SEO plugin. -->","yoast_head_json":{"title":"[ Cisco ] &#129351; Ms120-48-hw Switch 48 Puertos Meraki 48 X 10\/100\/1000base-t Ethernet Rj45 4 X 1g Sfp Uplink (obligatorio Licencia Se Cotiza Por Separado)","description":"Compra Ms120-48-hw Switch 48 Puertos Meraki 48 X 10\/100\/1000base-t Ethernet Rj45 4 X 1g Sfp Uplink (obligatorio Licencia Se Cotiza Por Separado) + Env\u00edo a domicilio + Pago seguro + Garant\u00eda","robots":{"index":"index","follow":"follow","max-snippet":"max-snippet:-1","max-image-preview":"max-image-preview:large","max-video-preview":"max-video-preview:-1"},"canonical":"https:\/\/compuviper.mx\/tienda\/producto\/cisco-ms120-48-hw-switch-48-puertos-meraki-48-x-10-100-1000base-t-ethernet-rj45-4-x-1g-sfp-uplink-obligatorio-licencia-se-cotiza-por-separado\/","og_locale":"es_MX","og_type":"article","og_title":"[ Cisco ] &#129351; Ms120-48-hw Switch 48 Puertos Meraki 48 X 10\/100\/1000base-t Ethernet Rj45 4 X 1g Sfp Uplink (obligatorio Licencia Se Cotiza Por Separado)","og_description":"Compra Ms120-48-hw Switch 48 Puertos Meraki 48 X 10\/100\/1000base-t Ethernet Rj45 4 X 1g Sfp Uplink (obligatorio Licencia Se Cotiza Por Separado) + Env\u00edo a domicilio + Pago seguro + Garant\u00eda","og_url":"https:\/\/compuviper.mx\/tienda\/producto\/cisco-ms120-48-hw-switch-48-puertos-meraki-48-x-10-100-1000base-t-ethernet-rj45-4-x-1g-sfp-uplink-obligatorio-licencia-se-cotiza-por-separado\/","og_site_name":"Compuviper","article_publisher":"https:\/\/www.facebook.com\/compuviper","og_image":[{"width":200,"height":200,"url":"https:\/\/compuviper.mx\/tienda\/wp-content\/uploads\/2023\/12\/Switch-48-puertos-cisco-meraki-48-x-101001000base-t-ethernet-rj45-4-x-1g-sfp-uplink-obligatorio-licencia-se-cotiza-por-separado.jpg","type":"image\/jpeg"}],"twitter_card":"summary_large_image","twitter_misc":{"Precio":"&#36;36,070 con IVA","Availability":"In stock"},"schema":{"@context":"https:\/\/schema.org","@graph":[{"@type":"WebPage","@id":"https:\/\/compuviper.mx\/tienda\/producto\/cisco-ms120-48-hw-switch-48-puertos-meraki-48-x-10-100-1000base-t-ethernet-rj45-4-x-1g-sfp-uplink-obligatorio-licencia-se-cotiza-por-separado\/","url":"https:\/\/compuviper.mx\/tienda\/producto\/cisco-ms120-48-hw-switch-48-puertos-meraki-48-x-10-100-1000base-t-ethernet-rj45-4-x-1g-sfp-uplink-obligatorio-licencia-se-cotiza-por-separado\/","name":"[ Cisco ] &#129351; Ms120-48-hw Switch 48 Puertos Meraki 48 X 10\/100\/1000base-t Ethernet Rj45 4 X 1g Sfp Uplink (obligatorio Licencia Se Cotiza Por Separado)","isPartOf":{"@id":"https:\/\/compuviper.mx\/tienda\/#website"},"datePublished":"2026-04-02T07:06:25+00:00","dateModified":"2026-04-02T07:06:25+00:00","description":"Compra Ms120-48-hw Switch 48 Puertos Meraki 48 X 10\/100\/1000base-t Ethernet Rj45 4 X 1g Sfp Uplink (obligatorio Licencia Se Cotiza Por Separado) + Env\u00edo a domicilio + Pago seguro + Garant\u00eda","breadcrumb":{"@id":"https:\/\/compuviper.mx\/tienda\/producto\/cisco-ms120-48-hw-switch-48-puertos-meraki-48-x-10-100-1000base-t-ethernet-rj45-4-x-1g-sfp-uplink-obligatorio-licencia-se-cotiza-por-separado\/#breadcrumb"},"inLanguage":"es-MX","potentialAction":[{"@type":"ReadAction","target":["https:\/\/compuviper.mx\/tienda\/producto\/cisco-ms120-48-hw-switch-48-puertos-meraki-48-x-10-100-1000base-t-ethernet-rj45-4-x-1g-sfp-uplink-obligatorio-licencia-se-cotiza-por-separado\/"]}]},{"@type":"BreadcrumbList","@id":"https:\/\/compuviper.mx\/tienda\/producto\/cisco-ms120-48-hw-switch-48-puertos-meraki-48-x-10-100-1000base-t-ethernet-rj45-4-x-1g-sfp-uplink-obligatorio-licencia-se-cotiza-por-separado\/#breadcrumb","itemListElement":[{"@type":"ListItem","position":1,"name":"Inicio","item":"https:\/\/compuviper.mx\/tienda\/"},{"@type":"ListItem","position":2,"name":"Productos","item":"https:\/\/compuviper.mx\/tienda\/productos\/"},{"@type":"ListItem","position":3,"name":"Redes","item":"https:\/\/compuviper.mx\/tienda\/categoria-producto\/redes\/"},{"@type":"ListItem","position":4,"name":"Switch","item":"https:\/\/compuviper.mx\/tienda\/categoria-producto\/redes\/switch\/"},{"@type":"ListItem","position":5,"name":"Cisco Ms120-48-hw Switch 48 Puertos Meraki 48 X 10\/100\/1000base-t Ethernet Rj45 4 X 1g Sfp Uplink (obligatorio Licencia Se Cotiza Por Separado)"}]},{"@type":"WebSite","@id":"https:\/\/compuviper.mx\/tienda\/#website","url":"https:\/\/compuviper.mx\/tienda\/","name":"Compuviper","description":"Proveedor de Computadoras, Laptops, Servidores, Monitores, Puntos de Venta, Teclados,   Impresoras, T\u00f3ner, C\u00e1maras de Seguridad y m\u00e1s en tu tienda en l\u00ednea","publisher":{"@id":"https:\/\/compuviper.mx\/tienda\/#organization"},"potentialAction":[{"@type":"SearchAction","target":{"@type":"EntryPoint","urlTemplate":"https:\/\/compuviper.mx\/tienda\/?s={search_term_string}"},"query-input":"required name=search_term_string"}],"inLanguage":"es-MX"},{"@type":"Organization","@id":"https:\/\/compuviper.mx\/tienda\/#organization","name":"Compuviper","url":"https:\/\/compuviper.mx\/tienda\/","logo":{"@type":"ImageObject","inLanguage":"es-MX","@id":"https:\/\/compuviper.mx\/tienda\/#\/schema\/logo\/image\/","url":"https:\/\/compuviper.mx\/tienda\/wp-content\/uploads\/2021\/08\/Logo-Compuviper-10.png","contentUrl":"https:\/\/compuviper.mx\/tienda\/wp-content\/uploads\/2021\/08\/Logo-Compuviper-10.png","width":1000,"height":500,"caption":"Compuviper"},"image":{"@id":"https:\/\/compuviper.mx\/tienda\/#\/schema\/logo\/image\/"},"sameAs":["https:\/\/www.facebook.com\/compuviper","https:\/\/www.youtube.com\/channel\/UCf73dERp9Y3cfOq7q8BhLjA?view_as=subscriber"]}]},"product_brand":"CISCO","product_price_amount":"36070","product_price_currency":"MXN","og_availability":"instock","product_availability":"instock","product_retailer_item_id":"MS120-48-HW","product_condition":"new"},"_links":{"self":[{"href":"https:\/\/compuviper.mx\/tienda\/wp-json\/wp\/v2\/product\/221290"}],"collection":[{"href":"https:\/\/compuviper.mx\/tienda\/wp-json\/wp\/v2\/product"}],"about":[{"href":"https:\/\/compuviper.mx\/tienda\/wp-json\/wp\/v2\/types\/product"}],"replies":[{"embeddable":true,"href":"https:\/\/compuviper.mx\/tienda\/wp-json\/wp\/v2\/comments?post=221290"}],"wp:featuredmedia":[{"embeddable":true,"href":"https:\/\/compuviper.mx\/tienda\/wp-json\/wp\/v2\/media\/221291"}],"wp:attachment":[{"href":"https:\/\/compuviper.mx\/tienda\/wp-json\/wp\/v2\/media?parent=221290"}],"wp:term":[{"taxonomy":"product_cat","embeddable":true,"href":"https:\/\/compuviper.mx\/tienda\/wp-json\/wp\/v2\/product_cat?post=221290"},{"taxonomy":"product_tag","embeddable":true,"href":"https:\/\/compuviper.mx\/tienda\/wp-json\/wp\/v2\/product_tag?post=221290"}],"curies":[{"name":"wp","href":"https:\/\/api.w.org\/{rel}","templated":true}]}}