{"id":221276,"date":"2026-04-18T01:10:37","date_gmt":"2026-04-18T07:10:37","guid":{"rendered":"https:\/\/compuviper.mx\/tienda\/producto\/qnap-qxg-10g2t-x710-tarjeta-de-red-velocidades-de-transmision-10gbps-5gbps-2-5gbps-1gbps-100mbps-puertos-ethernet-rj452-pcie-3-04-compatible-con-windows-8-y-10\/"},"modified":"2026-04-18T01:10:38","modified_gmt":"2026-04-18T07:10:38","slug":"qnap-qxg-10g2t-x710-tarjeta-de-red-velocidades-de-transmision-10gbps-5gbps-2-5gbps-1gbps-100mbps-puertos-ethernet-rj452-pcie-3-04-compatible-con-windows-8-y-10","status":"publish","type":"product","link":"https:\/\/compuviper.mx\/tienda\/producto\/qnap-qxg-10g2t-x710-tarjeta-de-red-velocidades-de-transmision-10gbps-5gbps-2-5gbps-1gbps-100mbps-puertos-ethernet-rj452-pcie-3-04-compatible-con-windows-8-y-10\/","title":{"rendered":"Qnap Qxg-10g2t-x710 Tarjeta De Red   \/ Velocidades De Transmision 10gbps\/5gbps\/2.5gbps\/1gbps\/100mbps \/ Puertos Ethernet Rj45(2) \/ Pcie 3.0(4) \/ Compatible Con Windows 8 Y 10"},"content":{"rendered":"<table class=\"descripcion\">\n<tr>\n<td>Descripcion tecnica<\/td>\n<\/tr>\n<tr>\n<td>Qxg-10g2t-x710<\/td>\n<\/tr>\n<tr>\n<td>Controladorcontrolador ethernet intel x710<\/td>\n<\/tr>\n<tr>\n<td>Nmero de puertos2 nbase-t rj45<\/td>\n<\/tr>\n<tr>\n<td>Conectornbase-t rj45<\/td>\n<\/tr>\n<tr>\n<td>Pcie y carrilespcie 3.0 x4<\/td>\n<\/tr>\n<tr>\n<td>Velocidades de transmisin10gbps\/5gbps\/2,5gbps\/1gbps\/100mbps<\/td>\n<\/tr>\n<tr>\n<td>Est\u00e1ndares ieee<\/td>\n<\/tr>\n<tr>\n<td>Ieee 802.1q<\/td>\n<\/tr>\n<tr>\n<td>Ieee 802.3x<\/td>\n<\/tr>\n<tr>\n<td>Ieee 802.1p<\/td>\n<\/tr>\n<tr>\n<td>Ieee 802.3ad<\/td>\n<\/tr>\n<tr>\n<td>Ieee 802.3ae<\/td>\n<\/tr>\n<tr>\n<td>Ieee 1588<\/td>\n<\/tr>\n<tr>\n<td>Ieee 802.1as<\/td>\n<\/tr>\n<tr>\n<td>Soporte<\/td>\n<\/tr>\n<tr>\n<td>Soporte de perfil bajo preinstalado; soportes de altura completa y especializados para determinados nas de qnap incluidos<\/td>\n<\/tr>\n<tr>\n<td>Compatibilidad con sr-iov:     si<\/td>\n<\/tr>\n<tr>\n<td>Compatibilidad con nvgre, vxlan, geneve:     si<\/td>\n<\/tr>\n<tr>\n<td>Niveles de qos de entrada y salida 1kqos en chip<\/td>\n<\/tr>\n<tr>\n<td>Cu\u00e1ntas funciones virtuales128<\/td>\n<\/tr>\n<tr>\n<td>64\/puertos<\/td>\n<\/tr>\n<tr>\n<td>Sistemas operativos de nas compatibles<\/td>\n<\/tr>\n<tr>\n<td>Qts 4.4.3 o posterior se recomienda una actualizacin a la versin m\u00e1s reciente; windows 10 1809 o posterior; linux stable kernel 4.20\/5.x; windows server 2019 se necesita controlador<\/td>\n<\/tr>\n<tr>\n<td>Nas de qnap compatible<\/td>\n<\/tr>\n<tr>\n<td>Modelos con ranuras pcie se necesita 1 ranura libre<\/td>\n<\/tr>\n<tr>\n<td>Compatibilidad con la distribucin de linux comercial de ubuntu<\/td>\n<\/tr>\n<tr>\n<td>Ubuntu 18.04\/20.04<\/td>\n<\/tr>\n<tr>\n<td>Compatibilidad con windows<\/td>\n<\/tr>\n<tr>\n<td>Windows 8\/10<\/td>\n<\/tr>\n<tr>\n<td>Puerto y cablerj-45<\/td>\n<\/tr>\n<tr>\n<td>Cable de clase superior a cat-6<\/td>\n<\/tr>\n<tr>\n<td>Contenido del paquete1 tarjeta de red; 1 qig; 3 soportes<\/td>\n<\/tr>\n<\/table>\n","protected":false},"excerpt":{"rendered":"<p>Descripcion comercial. La qxg-10g2t-x710 de doble puerto es una tarjeta de expansin de red pcie gen 3 compatible con pcie gen 2 de 10 gbe con un controlador intel ethernet x710 y admite hasta cinco velocidades 10g \/ 5g \/ 2.5g \/ 1g \/ 100m. Mediante el uso de port trunking, ambos puertos se pueden combinar para lograr velocidades de transferencia de hasta 20 gbps para acelerar el intercambio de archivos y la transferencia intensiva de datos. Con compatibilidad con sr-iov e iscsi, el qxg-10g2t-x710 aumenta en gran medida la eficiencia de la red y es ideal para aplicaciones de virtualizacin y centros de datos intensivos en e\/s y sensibles a la latencia<\/p>\n","protected":false},"featured_media":221277,"comment_status":"open","ping_status":"open","template":"","meta":[],"product_cat":[1563,1572],"product_tag":[2110],"acf":[],"yoast_head":"<!-- This site is optimized with the Yoast SEO plugin v21.7 - https:\/\/yoast.com\/wordpress\/plugins\/seo\/ -->\n<title>[ Qnap ] &#129351; Qxg-10g2t-x710 Tarjeta De Red \/ Velocidades De Transmision 10gbps\/5gbps\/2.5gbps\/1gbps\/100mbps \/ Puertos Ethernet Rj45(2) \/ Pcie 3.0(4) \/ Compatible Con Windows 8 Y 10<\/title>\n<meta name=\"description\" content=\"Compra Qxg-10g2t-x710 Tarjeta De Red \/ Velocidades De Transmision 10gbps\/5gbps\/2.5gbps\/1gbps\/100mbps \/ Puertos Ethernet Rj45(2) \/ Pcie 3.0(4) \/ Compatible Con Windows 8 Y 10 + Env\u00edo a domicilio + Pago seguro + Garant\u00eda\" \/>\n<meta name=\"robots\" content=\"index, follow, max-snippet:-1, max-image-preview:large, max-video-preview:-1\" \/>\n<link rel=\"canonical\" href=\"https:\/\/compuviper.mx\/tienda\/producto\/qnap-qxg-10g2t-x710-tarjeta-de-red-velocidades-de-transmision-10gbps-5gbps-2-5gbps-1gbps-100mbps-puertos-ethernet-rj452-pcie-3-04-compatible-con-windows-8-y-10\/\" \/>\n<meta property=\"og:locale\" content=\"es_MX\" \/>\n<meta property=\"og:type\" content=\"article\" \/>\n<meta property=\"og:title\" content=\"[ Qnap ] &#129351; Qxg-10g2t-x710 Tarjeta De Red \/ Velocidades De Transmision 10gbps\/5gbps\/2.5gbps\/1gbps\/100mbps \/ Puertos Ethernet Rj45(2) \/ Pcie 3.0(4) \/ Compatible Con Windows 8 Y 10\" \/>\n<meta property=\"og:description\" content=\"Compra Qxg-10g2t-x710 Tarjeta De Red \/ Velocidades De Transmision 10gbps\/5gbps\/2.5gbps\/1gbps\/100mbps \/ Puertos Ethernet Rj45(2) \/ Pcie 3.0(4) \/ Compatible Con Windows 8 Y 10 + Env\u00edo a domicilio + Pago seguro + Garant\u00eda\" \/>\n<meta property=\"og:url\" content=\"https:\/\/compuviper.mx\/tienda\/producto\/qnap-qxg-10g2t-x710-tarjeta-de-red-velocidades-de-transmision-10gbps-5gbps-2-5gbps-1gbps-100mbps-puertos-ethernet-rj452-pcie-3-04-compatible-con-windows-8-y-10\/\" \/>\n<meta property=\"og:site_name\" content=\"Compuviper\" \/>\n<meta property=\"article:publisher\" content=\"https:\/\/www.facebook.com\/compuviper\" \/>\n<meta property=\"article:modified_time\" content=\"2026-04-18T07:10:38+00:00\" \/>\n<meta property=\"og:image\" content=\"https:\/\/compuviper.mx\/tienda\/wp-content\/uploads\/2023\/12\/Tarjeta-de-red-qnap-qxg-10g2t-x710-velocidades-de-transmision-10gbps5gbps2.5gbps1gbps100mbps-puertos-ethernet-rj452-pcie-3.04-compatible-con-windows-8-y-10.jpg\" \/>\n\t<meta property=\"og:image:width\" content=\"200\" \/>\n\t<meta property=\"og:image:height\" content=\"200\" \/>\n\t<meta property=\"og:image:type\" content=\"image\/jpeg\" \/>\n<meta name=\"twitter:card\" content=\"summary_large_image\" \/>\n<meta name=\"twitter:label1\" content=\"Precio\" \/>\n\t<meta name=\"twitter:data1\" content=\"&#36;6,545 con IVA\" \/>\n\t<meta name=\"twitter:label2\" content=\"Availability\" \/>\n\t<meta name=\"twitter:data2\" content=\"On backorder\" \/>\n<script type=\"application\/ld+json\" class=\"yoast-schema-graph\">{\"@context\":\"https:\/\/schema.org\",\"@graph\":[{\"@type\":\"WebPage\",\"@id\":\"https:\/\/compuviper.mx\/tienda\/producto\/qnap-qxg-10g2t-x710-tarjeta-de-red-velocidades-de-transmision-10gbps-5gbps-2-5gbps-1gbps-100mbps-puertos-ethernet-rj452-pcie-3-04-compatible-con-windows-8-y-10\/\",\"url\":\"https:\/\/compuviper.mx\/tienda\/producto\/qnap-qxg-10g2t-x710-tarjeta-de-red-velocidades-de-transmision-10gbps-5gbps-2-5gbps-1gbps-100mbps-puertos-ethernet-rj452-pcie-3-04-compatible-con-windows-8-y-10\/\",\"name\":\"[ Qnap ] &#129351; Qxg-10g2t-x710 Tarjeta De Red \/ Velocidades De Transmision 10gbps\/5gbps\/2.5gbps\/1gbps\/100mbps \/ Puertos Ethernet Rj45(2) \/ Pcie 3.0(4) \/ Compatible Con Windows 8 Y 10\",\"isPartOf\":{\"@id\":\"https:\/\/compuviper.mx\/tienda\/#website\"},\"datePublished\":\"2026-04-18T07:10:37+00:00\",\"dateModified\":\"2026-04-18T07:10:38+00:00\",\"description\":\"Compra Qxg-10g2t-x710 Tarjeta De Red \/ Velocidades De Transmision 10gbps\/5gbps\/2.5gbps\/1gbps\/100mbps \/ Puertos Ethernet Rj45(2) \/ Pcie 3.0(4) \/ Compatible Con Windows 8 Y 10 + Env\u00edo a domicilio + Pago seguro + Garant\u00eda\",\"breadcrumb\":{\"@id\":\"https:\/\/compuviper.mx\/tienda\/producto\/qnap-qxg-10g2t-x710-tarjeta-de-red-velocidades-de-transmision-10gbps-5gbps-2-5gbps-1gbps-100mbps-puertos-ethernet-rj452-pcie-3-04-compatible-con-windows-8-y-10\/#breadcrumb\"},\"inLanguage\":\"es-MX\",\"potentialAction\":[{\"@type\":\"ReadAction\",\"target\":[\"https:\/\/compuviper.mx\/tienda\/producto\/qnap-qxg-10g2t-x710-tarjeta-de-red-velocidades-de-transmision-10gbps-5gbps-2-5gbps-1gbps-100mbps-puertos-ethernet-rj452-pcie-3-04-compatible-con-windows-8-y-10\/\"]}]},{\"@type\":\"BreadcrumbList\",\"@id\":\"https:\/\/compuviper.mx\/tienda\/producto\/qnap-qxg-10g2t-x710-tarjeta-de-red-velocidades-de-transmision-10gbps-5gbps-2-5gbps-1gbps-100mbps-puertos-ethernet-rj452-pcie-3-04-compatible-con-windows-8-y-10\/#breadcrumb\",\"itemListElement\":[{\"@type\":\"ListItem\",\"position\":1,\"name\":\"Inicio\",\"item\":\"https:\/\/compuviper.mx\/tienda\/\"},{\"@type\":\"ListItem\",\"position\":2,\"name\":\"Productos\",\"item\":\"https:\/\/compuviper.mx\/tienda\/productos\/\"},{\"@type\":\"ListItem\",\"position\":3,\"name\":\"Redes\",\"item\":\"https:\/\/compuviper.mx\/tienda\/categoria-producto\/redes\/\"},{\"@type\":\"ListItem\",\"position\":4,\"name\":\"Tarjetas De Red\",\"item\":\"https:\/\/compuviper.mx\/tienda\/categoria-producto\/redes\/tarjetas-de-red\/\"},{\"@type\":\"ListItem\",\"position\":5,\"name\":\"Qnap Qxg-10g2t-x710 Tarjeta De Red \/ Velocidades De Transmision 10gbps\/5gbps\/2.5gbps\/1gbps\/100mbps \/ Puertos Ethernet Rj45(2) \/ Pcie 3.0(4) \/ Compatible Con Windows 8 Y 10\"}]},{\"@type\":\"WebSite\",\"@id\":\"https:\/\/compuviper.mx\/tienda\/#website\",\"url\":\"https:\/\/compuviper.mx\/tienda\/\",\"name\":\"Compuviper\",\"description\":\"Proveedor de Computadoras, Laptops, Servidores, Monitores, Puntos de Venta, Teclados,   Impresoras, T\u00f3ner, C\u00e1maras de Seguridad y m\u00e1s en tu tienda en l\u00ednea\",\"publisher\":{\"@id\":\"https:\/\/compuviper.mx\/tienda\/#organization\"},\"potentialAction\":[{\"@type\":\"SearchAction\",\"target\":{\"@type\":\"EntryPoint\",\"urlTemplate\":\"https:\/\/compuviper.mx\/tienda\/?s={search_term_string}\"},\"query-input\":\"required name=search_term_string\"}],\"inLanguage\":\"es-MX\"},{\"@type\":\"Organization\",\"@id\":\"https:\/\/compuviper.mx\/tienda\/#organization\",\"name\":\"Compuviper\",\"url\":\"https:\/\/compuviper.mx\/tienda\/\",\"logo\":{\"@type\":\"ImageObject\",\"inLanguage\":\"es-MX\",\"@id\":\"https:\/\/compuviper.mx\/tienda\/#\/schema\/logo\/image\/\",\"url\":\"https:\/\/compuviper.mx\/tienda\/wp-content\/uploads\/2021\/08\/Logo-Compuviper-10.png\",\"contentUrl\":\"https:\/\/compuviper.mx\/tienda\/wp-content\/uploads\/2021\/08\/Logo-Compuviper-10.png\",\"width\":1000,\"height\":500,\"caption\":\"Compuviper\"},\"image\":{\"@id\":\"https:\/\/compuviper.mx\/tienda\/#\/schema\/logo\/image\/\"},\"sameAs\":[\"https:\/\/www.facebook.com\/compuviper\",\"https:\/\/www.youtube.com\/channel\/UCf73dERp9Y3cfOq7q8BhLjA?view_as=subscriber\"]}]}<\/script>\n<meta property=\"product:brand\" content=\"Qnap\" \/>\n<meta property=\"product:price:amount\" content=\"6545\" \/>\n<meta property=\"product:price:currency\" content=\"MXN\" \/>\n<meta property=\"og:availability\" content=\"backorder\" \/>\n<meta property=\"product:availability\" content=\"available for order\" \/>\n<meta property=\"product:retailer_item_id\" content=\"QXG-10G2T-X710\" \/>\n<meta property=\"product:condition\" content=\"new\" \/>\n<!-- \/ Yoast SEO plugin. -->","yoast_head_json":{"title":"[ Qnap ] &#129351; Qxg-10g2t-x710 Tarjeta De Red \/ Velocidades De Transmision 10gbps\/5gbps\/2.5gbps\/1gbps\/100mbps \/ Puertos Ethernet Rj45(2) \/ Pcie 3.0(4) \/ Compatible Con Windows 8 Y 10","description":"Compra Qxg-10g2t-x710 Tarjeta De Red \/ Velocidades De Transmision 10gbps\/5gbps\/2.5gbps\/1gbps\/100mbps \/ Puertos Ethernet Rj45(2) \/ Pcie 3.0(4) \/ Compatible Con Windows 8 Y 10 + Env\u00edo a domicilio + Pago seguro + Garant\u00eda","robots":{"index":"index","follow":"follow","max-snippet":"max-snippet:-1","max-image-preview":"max-image-preview:large","max-video-preview":"max-video-preview:-1"},"canonical":"https:\/\/compuviper.mx\/tienda\/producto\/qnap-qxg-10g2t-x710-tarjeta-de-red-velocidades-de-transmision-10gbps-5gbps-2-5gbps-1gbps-100mbps-puertos-ethernet-rj452-pcie-3-04-compatible-con-windows-8-y-10\/","og_locale":"es_MX","og_type":"article","og_title":"[ Qnap ] &#129351; Qxg-10g2t-x710 Tarjeta De Red \/ Velocidades De Transmision 10gbps\/5gbps\/2.5gbps\/1gbps\/100mbps \/ Puertos Ethernet Rj45(2) \/ Pcie 3.0(4) \/ Compatible Con Windows 8 Y 10","og_description":"Compra Qxg-10g2t-x710 Tarjeta De Red \/ Velocidades De Transmision 10gbps\/5gbps\/2.5gbps\/1gbps\/100mbps \/ Puertos Ethernet Rj45(2) \/ Pcie 3.0(4) \/ Compatible Con Windows 8 Y 10 + Env\u00edo a domicilio + Pago seguro + Garant\u00eda","og_url":"https:\/\/compuviper.mx\/tienda\/producto\/qnap-qxg-10g2t-x710-tarjeta-de-red-velocidades-de-transmision-10gbps-5gbps-2-5gbps-1gbps-100mbps-puertos-ethernet-rj452-pcie-3-04-compatible-con-windows-8-y-10\/","og_site_name":"Compuviper","article_publisher":"https:\/\/www.facebook.com\/compuviper","article_modified_time":"2026-04-18T07:10:38+00:00","og_image":[{"width":200,"height":200,"url":"https:\/\/compuviper.mx\/tienda\/wp-content\/uploads\/2023\/12\/Tarjeta-de-red-qnap-qxg-10g2t-x710-velocidades-de-transmision-10gbps5gbps2.5gbps1gbps100mbps-puertos-ethernet-rj452-pcie-3.04-compatible-con-windows-8-y-10.jpg","type":"image\/jpeg"}],"twitter_card":"summary_large_image","twitter_misc":{"Precio":"&#36;6,545 con IVA","Availability":"On backorder"},"schema":{"@context":"https:\/\/schema.org","@graph":[{"@type":"WebPage","@id":"https:\/\/compuviper.mx\/tienda\/producto\/qnap-qxg-10g2t-x710-tarjeta-de-red-velocidades-de-transmision-10gbps-5gbps-2-5gbps-1gbps-100mbps-puertos-ethernet-rj452-pcie-3-04-compatible-con-windows-8-y-10\/","url":"https:\/\/compuviper.mx\/tienda\/producto\/qnap-qxg-10g2t-x710-tarjeta-de-red-velocidades-de-transmision-10gbps-5gbps-2-5gbps-1gbps-100mbps-puertos-ethernet-rj452-pcie-3-04-compatible-con-windows-8-y-10\/","name":"[ Qnap ] &#129351; Qxg-10g2t-x710 Tarjeta De Red \/ Velocidades De Transmision 10gbps\/5gbps\/2.5gbps\/1gbps\/100mbps \/ Puertos Ethernet Rj45(2) \/ Pcie 3.0(4) \/ Compatible Con Windows 8 Y 10","isPartOf":{"@id":"https:\/\/compuviper.mx\/tienda\/#website"},"datePublished":"2026-04-18T07:10:37+00:00","dateModified":"2026-04-18T07:10:38+00:00","description":"Compra Qxg-10g2t-x710 Tarjeta De Red \/ Velocidades De Transmision 10gbps\/5gbps\/2.5gbps\/1gbps\/100mbps \/ Puertos Ethernet Rj45(2) \/ Pcie 3.0(4) \/ Compatible Con Windows 8 Y 10 + Env\u00edo a domicilio + Pago seguro + Garant\u00eda","breadcrumb":{"@id":"https:\/\/compuviper.mx\/tienda\/producto\/qnap-qxg-10g2t-x710-tarjeta-de-red-velocidades-de-transmision-10gbps-5gbps-2-5gbps-1gbps-100mbps-puertos-ethernet-rj452-pcie-3-04-compatible-con-windows-8-y-10\/#breadcrumb"},"inLanguage":"es-MX","potentialAction":[{"@type":"ReadAction","target":["https:\/\/compuviper.mx\/tienda\/producto\/qnap-qxg-10g2t-x710-tarjeta-de-red-velocidades-de-transmision-10gbps-5gbps-2-5gbps-1gbps-100mbps-puertos-ethernet-rj452-pcie-3-04-compatible-con-windows-8-y-10\/"]}]},{"@type":"BreadcrumbList","@id":"https:\/\/compuviper.mx\/tienda\/producto\/qnap-qxg-10g2t-x710-tarjeta-de-red-velocidades-de-transmision-10gbps-5gbps-2-5gbps-1gbps-100mbps-puertos-ethernet-rj452-pcie-3-04-compatible-con-windows-8-y-10\/#breadcrumb","itemListElement":[{"@type":"ListItem","position":1,"name":"Inicio","item":"https:\/\/compuviper.mx\/tienda\/"},{"@type":"ListItem","position":2,"name":"Productos","item":"https:\/\/compuviper.mx\/tienda\/productos\/"},{"@type":"ListItem","position":3,"name":"Redes","item":"https:\/\/compuviper.mx\/tienda\/categoria-producto\/redes\/"},{"@type":"ListItem","position":4,"name":"Tarjetas De Red","item":"https:\/\/compuviper.mx\/tienda\/categoria-producto\/redes\/tarjetas-de-red\/"},{"@type":"ListItem","position":5,"name":"Qnap Qxg-10g2t-x710 Tarjeta De Red \/ Velocidades De Transmision 10gbps\/5gbps\/2.5gbps\/1gbps\/100mbps \/ Puertos Ethernet Rj45(2) \/ Pcie 3.0(4) \/ Compatible Con Windows 8 Y 10"}]},{"@type":"WebSite","@id":"https:\/\/compuviper.mx\/tienda\/#website","url":"https:\/\/compuviper.mx\/tienda\/","name":"Compuviper","description":"Proveedor de Computadoras, Laptops, Servidores, Monitores, Puntos de Venta, Teclados,   Impresoras, T\u00f3ner, C\u00e1maras de Seguridad y m\u00e1s en tu tienda en l\u00ednea","publisher":{"@id":"https:\/\/compuviper.mx\/tienda\/#organization"},"potentialAction":[{"@type":"SearchAction","target":{"@type":"EntryPoint","urlTemplate":"https:\/\/compuviper.mx\/tienda\/?s={search_term_string}"},"query-input":"required name=search_term_string"}],"inLanguage":"es-MX"},{"@type":"Organization","@id":"https:\/\/compuviper.mx\/tienda\/#organization","name":"Compuviper","url":"https:\/\/compuviper.mx\/tienda\/","logo":{"@type":"ImageObject","inLanguage":"es-MX","@id":"https:\/\/compuviper.mx\/tienda\/#\/schema\/logo\/image\/","url":"https:\/\/compuviper.mx\/tienda\/wp-content\/uploads\/2021\/08\/Logo-Compuviper-10.png","contentUrl":"https:\/\/compuviper.mx\/tienda\/wp-content\/uploads\/2021\/08\/Logo-Compuviper-10.png","width":1000,"height":500,"caption":"Compuviper"},"image":{"@id":"https:\/\/compuviper.mx\/tienda\/#\/schema\/logo\/image\/"},"sameAs":["https:\/\/www.facebook.com\/compuviper","https:\/\/www.youtube.com\/channel\/UCf73dERp9Y3cfOq7q8BhLjA?view_as=subscriber"]}]},"product_brand":"Qnap","product_price_amount":"6545","product_price_currency":"MXN","og_availability":"backorder","product_availability":"available for order","product_retailer_item_id":"QXG-10G2T-X710","product_condition":"new"},"_links":{"self":[{"href":"https:\/\/compuviper.mx\/tienda\/wp-json\/wp\/v2\/product\/221276"}],"collection":[{"href":"https:\/\/compuviper.mx\/tienda\/wp-json\/wp\/v2\/product"}],"about":[{"href":"https:\/\/compuviper.mx\/tienda\/wp-json\/wp\/v2\/types\/product"}],"replies":[{"embeddable":true,"href":"https:\/\/compuviper.mx\/tienda\/wp-json\/wp\/v2\/comments?post=221276"}],"wp:featuredmedia":[{"embeddable":true,"href":"https:\/\/compuviper.mx\/tienda\/wp-json\/wp\/v2\/media\/221277"}],"wp:attachment":[{"href":"https:\/\/compuviper.mx\/tienda\/wp-json\/wp\/v2\/media?parent=221276"}],"wp:term":[{"taxonomy":"product_cat","embeddable":true,"href":"https:\/\/compuviper.mx\/tienda\/wp-json\/wp\/v2\/product_cat?post=221276"},{"taxonomy":"product_tag","embeddable":true,"href":"https:\/\/compuviper.mx\/tienda\/wp-json\/wp\/v2\/product_tag?post=221276"}],"curies":[{"name":"wp","href":"https:\/\/api.w.org\/{rel}","templated":true}]}}