{"id":221266,"date":"2026-04-02T01:06:21","date_gmt":"2026-04-02T07:06:21","guid":{"rendered":"https:\/\/compuviper.mx\/tienda\/producto\/tp-link-me30-router-extensor-de-rango-wifi-ac1200-2-4-2-5-ghz-5-ghz-ieee-802-11a-n-ac-5-ghz-ieee-802-11b-g-n-2-4-ghz\/"},"modified":"2026-04-02T01:06:22","modified_gmt":"2026-04-02T07:06:22","slug":"tp-link-me30-router-tp-link-mercusys-extensor-de-rango-wifi-ac1200-2-4-2-5-ghz-5-ghz-ieee-802-11a-n-ac-5-ghz-ieee-802-11b-g-n-2-4-ghz","status":"publish","type":"product","link":"https:\/\/compuviper.mx\/tienda\/producto\/tp-link-me30-router-tp-link-mercusys-extensor-de-rango-wifi-ac1200-2-4-2-5-ghz-5-ghz-ieee-802-11a-n-ac-5-ghz-ieee-802-11b-g-n-2-4-ghz\/","title":{"rendered":"Tp Link Me30 Router | Tp-link | Mercusys |  Extensor De Rango |  |  Wifi Ac1200 2.4 &#8211; 2.5 Ghz, 5 Ghz Ieee 802.11a\/n\/ac 5 Ghz, Ieee 802.11b\/g\/n 2.4 Ghz"},"content":{"rendered":"<table class=\"descripcion\">\n<tr>\n<td>Inal\u00e1mbrico<\/td>\n<\/tr>\n<tr>\n<td>Est\u00e1ndares inal\u00e1mbricos<\/td>\n<\/tr>\n<tr>\n<td>    ieee 802.11a\/n\/ac 5 ghz, ieee 802.11b\/g\/n 2,4 ghz<\/td>\n<\/tr>\n<tr>\n<td>Frecuencia<\/td>\n<\/tr>\n<tr>\n<td>    2,4 &#8211; 2,5 ghz, 5 ghz<\/td>\n<\/tr>\n<tr>\n<td>Tasa de seal<\/td>\n<\/tr>\n<tr>\n<td>    hasta 1200 mbps 867 mbps en 5 ghz, 300 mbps en 2,4 ghz<\/td>\n<\/tr>\n<tr>\n<td>     sensibilidad de recepcin<\/td>\n<\/tr>\n<tr>\n<td> 5 ghz:<\/td>\n<\/tr>\n<tr>\n<td>    11ac ht80 mcs9   -63dbm<\/td>\n<\/tr>\n<tr>\n<td>    2,4 ghz:<\/td>\n<\/tr>\n<tr>\n<td>    11n ht40 mcs7   -70dbm<\/td>\n<\/tr>\n<tr>\n<td>Poder de transmision<\/td>\n<\/tr>\n<tr>\n<td>   20dbm<\/td>\n<\/tr>\n<tr>\n<td>Seguridad inal\u00e1mbrica<\/td>\n<\/tr>\n<tr>\n<td>   wpa-psk\/wpa2-psk<\/td>\n<\/tr>\n<tr>\n<td>Hardware<\/td>\n<\/tr>\n<tr>\n<td>Dimensiones an. x pr. x al.<\/td>\n<\/tr>\n<tr>\n<td> 112  84,7  39 mm<\/td>\n<\/tr>\n<tr>\n<td>Interfaces<\/td>\n<\/tr>\n<tr>\n<td>  1 puerto rj45 de 10\/100mbps<\/td>\n<\/tr>\n<tr>\n<td>Botn<\/td>\n<\/tr>\n<tr>\n<td>  botn reiniciar\/wps<\/td>\n<\/tr>\n<tr>\n<td>Tipo de antena<\/td>\n<\/tr>\n<tr>\n<td>    2  antenas externas<\/td>\n<\/tr>\n<tr>\n<td>El consumo de energa<\/td>\n<\/tr>\n<tr>\n<td>  9,2 vatios<\/td>\n<\/tr>\n<tr>\n<td>Otros<\/td>\n<\/tr>\n<tr>\n<td>Certificaciones<\/td>\n<\/tr>\n<tr>\n<td>Ce rohs<\/td>\n<\/tr>\n<tr>\n<td>Contenidos del paquete<\/td>\n<\/tr>\n<tr>\n<td>    \u0095 extensor de alcance wi-fi me30<\/td>\n<\/tr>\n<tr>\n<td>    \u0095 gua de instalacin r\u00e1pida<\/td>\n<\/tr>\n<tr>\n<td>Medioambiente<\/td>\n<\/tr>\n<tr>\n<td>    \u0095 temperatura de funcionamiento: 0\u00b0c~40\u00b0c 32\u00b0f~104\u00b0f<\/td>\n<\/tr>\n<tr>\n<td>    \u0095 humedad de funcionamiento: 10 ~90  sin condensacin<\/td>\n<\/tr>\n<tr>\n<td> and 8195;<\/td>\n<\/tr>\n<\/table>\n","protected":false},"excerpt":{"rendered":"<p>Me30. Extensor de rango wi-fi ac1200. \u0095elimine las zonas muertas de wifi: aumenta las seales de wifi a \u00e1reas previamente inalcanzables o difciles de cablear sin problemas. \u0095wifi de doble banda ac1200: mantenga toda su casa conectada con una fuerte expansin de wifi a una velocidad combinada de hasta 1,2 gbps. \u0095configuracin f\u00e1cil de un toque: simplemente presione el botn wps para expandir su cobertura wifi en segundos. \u0095indicador de seal: el led multicolor lo ayuda a encontrar la ubicacin correcta para su extensor de rango para obtener la mejor extensin wifi. \u0095puerto r\u00e1pido de 10\/100 mbps: proporciona conexiones por cable r\u00e1pidas para pc, iptv y consolas de juegos. \u0095funciona con cualquier enrutador o punto de acceso inal\u00e1mbrico. Https:\/\/www.Mercusys.Com.Mx\/product\/details\/me30overview<\/p>\n","protected":false},"featured_media":221267,"comment_status":"open","ping_status":"open","template":"","meta":[],"product_cat":[1563,1753],"product_tag":[1562],"acf":[],"yoast_head":"<!-- This site is optimized with the Yoast SEO plugin v21.7 - https:\/\/yoast.com\/wordpress\/plugins\/seo\/ -->\n<title>[ Tp Link ] &#129351; Me30 Router | Tp-link | Mercusys | Extensor De Rango | | Wifi Ac1200 2.4 - 2.5 Ghz, 5 Ghz Ieee 802.11a\/n\/ac 5 Ghz, Ieee 802.11b\/g\/n 2.4 Ghz<\/title>\n<meta name=\"description\" content=\"Compra Me30 Router | Tp-link | Mercusys | Extensor De Rango | | Wifi Ac1200 2.4 - 2.5 Ghz, 5 Ghz Ieee 802.11a\/n\/ac 5 Ghz, Ieee 802.11b\/g\/n 2.4 Ghz + Env\u00edo a domicilio + Pago seguro + Garant\u00eda\" \/>\n<meta name=\"robots\" content=\"index, follow, max-snippet:-1, max-image-preview:large, max-video-preview:-1\" \/>\n<link rel=\"canonical\" href=\"https:\/\/compuviper.mx\/tienda\/producto\/tp-link-me30-router-tp-link-mercusys-extensor-de-rango-wifi-ac1200-2-4-2-5-ghz-5-ghz-ieee-802-11a-n-ac-5-ghz-ieee-802-11b-g-n-2-4-ghz\/\" \/>\n<meta property=\"og:locale\" content=\"es_MX\" \/>\n<meta property=\"og:type\" content=\"article\" \/>\n<meta property=\"og:title\" content=\"[ Tp Link ] &#129351; Me30 Router | Tp-link | Mercusys | Extensor De Rango | | Wifi Ac1200 2.4 - 2.5 Ghz, 5 Ghz Ieee 802.11a\/n\/ac 5 Ghz, Ieee 802.11b\/g\/n 2.4 Ghz\" \/>\n<meta property=\"og:description\" content=\"Compra Me30 Router | Tp-link | Mercusys | Extensor De Rango | | Wifi Ac1200 2.4 - 2.5 Ghz, 5 Ghz Ieee 802.11a\/n\/ac 5 Ghz, Ieee 802.11b\/g\/n 2.4 Ghz + Env\u00edo a domicilio + Pago seguro + Garant\u00eda\" \/>\n<meta property=\"og:url\" content=\"https:\/\/compuviper.mx\/tienda\/producto\/tp-link-me30-router-tp-link-mercusys-extensor-de-rango-wifi-ac1200-2-4-2-5-ghz-5-ghz-ieee-802-11a-n-ac-5-ghz-ieee-802-11b-g-n-2-4-ghz\/\" \/>\n<meta property=\"og:site_name\" content=\"Compuviper\" \/>\n<meta property=\"article:publisher\" content=\"https:\/\/www.facebook.com\/compuviper\" \/>\n<meta property=\"article:modified_time\" content=\"2026-04-02T07:06:22+00:00\" \/>\n<meta property=\"og:image\" content=\"https:\/\/compuviper.mx\/tienda\/wp-content\/uploads\/2023\/12\/Router-extensor-de-rango-me30-wifi-ac1200-2.4-2.5-ghz-5-ghz-ieee-802.11anac-5-ghz-ieee-802.11bgn-2.4-ghz.jpg\" \/>\n\t<meta property=\"og:image:width\" content=\"200\" \/>\n\t<meta property=\"og:image:height\" content=\"200\" \/>\n\t<meta property=\"og:image:type\" content=\"image\/jpeg\" \/>\n<meta name=\"twitter:card\" content=\"summary_large_image\" \/>\n<meta name=\"twitter:label1\" content=\"Precio\" \/>\n\t<meta name=\"twitter:data1\" content=\"&#36;289 con IVA\" \/>\n\t<meta name=\"twitter:label2\" content=\"Availability\" \/>\n\t<meta name=\"twitter:data2\" content=\"Out of stock\" \/>\n<script type=\"application\/ld+json\" class=\"yoast-schema-graph\">{\"@context\":\"https:\/\/schema.org\",\"@graph\":[{\"@type\":\"WebPage\",\"@id\":\"https:\/\/compuviper.mx\/tienda\/producto\/tp-link-me30-router-tp-link-mercusys-extensor-de-rango-wifi-ac1200-2-4-2-5-ghz-5-ghz-ieee-802-11a-n-ac-5-ghz-ieee-802-11b-g-n-2-4-ghz\/\",\"url\":\"https:\/\/compuviper.mx\/tienda\/producto\/tp-link-me30-router-tp-link-mercusys-extensor-de-rango-wifi-ac1200-2-4-2-5-ghz-5-ghz-ieee-802-11a-n-ac-5-ghz-ieee-802-11b-g-n-2-4-ghz\/\",\"name\":\"[ Tp Link ] &#129351; Me30 Router | Tp-link | Mercusys | Extensor De Rango | | Wifi Ac1200 2.4 - 2.5 Ghz, 5 Ghz Ieee 802.11a\/n\/ac 5 Ghz, Ieee 802.11b\/g\/n 2.4 Ghz\",\"isPartOf\":{\"@id\":\"https:\/\/compuviper.mx\/tienda\/#website\"},\"datePublished\":\"2026-04-02T07:06:21+00:00\",\"dateModified\":\"2026-04-02T07:06:22+00:00\",\"description\":\"Compra Me30 Router | Tp-link | Mercusys | Extensor De Rango | | Wifi Ac1200 2.4 - 2.5 Ghz, 5 Ghz Ieee 802.11a\/n\/ac 5 Ghz, Ieee 802.11b\/g\/n 2.4 Ghz + Env\u00edo a domicilio + Pago seguro + Garant\u00eda\",\"breadcrumb\":{\"@id\":\"https:\/\/compuviper.mx\/tienda\/producto\/tp-link-me30-router-tp-link-mercusys-extensor-de-rango-wifi-ac1200-2-4-2-5-ghz-5-ghz-ieee-802-11a-n-ac-5-ghz-ieee-802-11b-g-n-2-4-ghz\/#breadcrumb\"},\"inLanguage\":\"es-MX\",\"potentialAction\":[{\"@type\":\"ReadAction\",\"target\":[\"https:\/\/compuviper.mx\/tienda\/producto\/tp-link-me30-router-tp-link-mercusys-extensor-de-rango-wifi-ac1200-2-4-2-5-ghz-5-ghz-ieee-802-11a-n-ac-5-ghz-ieee-802-11b-g-n-2-4-ghz\/\"]}]},{\"@type\":\"BreadcrumbList\",\"@id\":\"https:\/\/compuviper.mx\/tienda\/producto\/tp-link-me30-router-tp-link-mercusys-extensor-de-rango-wifi-ac1200-2-4-2-5-ghz-5-ghz-ieee-802-11a-n-ac-5-ghz-ieee-802-11b-g-n-2-4-ghz\/#breadcrumb\",\"itemListElement\":[{\"@type\":\"ListItem\",\"position\":1,\"name\":\"Inicio\",\"item\":\"https:\/\/compuviper.mx\/tienda\/\"},{\"@type\":\"ListItem\",\"position\":2,\"name\":\"Productos\",\"item\":\"https:\/\/compuviper.mx\/tienda\/productos\/\"},{\"@type\":\"ListItem\",\"position\":3,\"name\":\"Redes\",\"item\":\"https:\/\/compuviper.mx\/tienda\/categoria-producto\/redes\/\"},{\"@type\":\"ListItem\",\"position\":4,\"name\":\"Router\",\"item\":\"https:\/\/compuviper.mx\/tienda\/categoria-producto\/redes\/router\/\"},{\"@type\":\"ListItem\",\"position\":5,\"name\":\"Tp Link Me30 Router | Tp-link | Mercusys | Extensor De Rango | | Wifi Ac1200 2.4 &#8211; 2.5 Ghz, 5 Ghz Ieee 802.11a\/n\/ac 5 Ghz, Ieee 802.11b\/g\/n 2.4 Ghz\"}]},{\"@type\":\"WebSite\",\"@id\":\"https:\/\/compuviper.mx\/tienda\/#website\",\"url\":\"https:\/\/compuviper.mx\/tienda\/\",\"name\":\"Compuviper\",\"description\":\"Proveedor de Computadoras, Laptops, Servidores, Monitores, Puntos de Venta, Teclados,   Impresoras, T\u00f3ner, C\u00e1maras de Seguridad y m\u00e1s en tu tienda en l\u00ednea\",\"publisher\":{\"@id\":\"https:\/\/compuviper.mx\/tienda\/#organization\"},\"potentialAction\":[{\"@type\":\"SearchAction\",\"target\":{\"@type\":\"EntryPoint\",\"urlTemplate\":\"https:\/\/compuviper.mx\/tienda\/?s={search_term_string}\"},\"query-input\":\"required name=search_term_string\"}],\"inLanguage\":\"es-MX\"},{\"@type\":\"Organization\",\"@id\":\"https:\/\/compuviper.mx\/tienda\/#organization\",\"name\":\"Compuviper\",\"url\":\"https:\/\/compuviper.mx\/tienda\/\",\"logo\":{\"@type\":\"ImageObject\",\"inLanguage\":\"es-MX\",\"@id\":\"https:\/\/compuviper.mx\/tienda\/#\/schema\/logo\/image\/\",\"url\":\"https:\/\/compuviper.mx\/tienda\/wp-content\/uploads\/2021\/08\/Logo-Compuviper-10.png\",\"contentUrl\":\"https:\/\/compuviper.mx\/tienda\/wp-content\/uploads\/2021\/08\/Logo-Compuviper-10.png\",\"width\":1000,\"height\":500,\"caption\":\"Compuviper\"},\"image\":{\"@id\":\"https:\/\/compuviper.mx\/tienda\/#\/schema\/logo\/image\/\"},\"sameAs\":[\"https:\/\/www.facebook.com\/compuviper\",\"https:\/\/www.youtube.com\/channel\/UCf73dERp9Y3cfOq7q8BhLjA?view_as=subscriber\"]}]}<\/script>\n<meta property=\"product:brand\" content=\"TP LINK\" \/>\n<meta property=\"product:price:amount\" content=\"289\" \/>\n<meta property=\"product:price:currency\" content=\"MXN\" \/>\n<meta property=\"og:availability\" content=\"out of stock\" \/>\n<meta property=\"product:availability\" content=\"out of stock\" \/>\n<meta property=\"product:retailer_item_id\" content=\"ME30\" \/>\n<meta property=\"product:condition\" content=\"new\" \/>\n<!-- \/ Yoast SEO plugin. -->","yoast_head_json":{"title":"[ Tp Link ] &#129351; Me30 Router | Tp-link | Mercusys | Extensor De Rango | | Wifi Ac1200 2.4 - 2.5 Ghz, 5 Ghz Ieee 802.11a\/n\/ac 5 Ghz, Ieee 802.11b\/g\/n 2.4 Ghz","description":"Compra Me30 Router | Tp-link | Mercusys | Extensor De Rango | | Wifi Ac1200 2.4 - 2.5 Ghz, 5 Ghz Ieee 802.11a\/n\/ac 5 Ghz, Ieee 802.11b\/g\/n 2.4 Ghz + Env\u00edo a domicilio + Pago seguro + Garant\u00eda","robots":{"index":"index","follow":"follow","max-snippet":"max-snippet:-1","max-image-preview":"max-image-preview:large","max-video-preview":"max-video-preview:-1"},"canonical":"https:\/\/compuviper.mx\/tienda\/producto\/tp-link-me30-router-tp-link-mercusys-extensor-de-rango-wifi-ac1200-2-4-2-5-ghz-5-ghz-ieee-802-11a-n-ac-5-ghz-ieee-802-11b-g-n-2-4-ghz\/","og_locale":"es_MX","og_type":"article","og_title":"[ Tp Link ] &#129351; Me30 Router | Tp-link | Mercusys | Extensor De Rango | | Wifi Ac1200 2.4 - 2.5 Ghz, 5 Ghz Ieee 802.11a\/n\/ac 5 Ghz, Ieee 802.11b\/g\/n 2.4 Ghz","og_description":"Compra Me30 Router | Tp-link | Mercusys | Extensor De Rango | | Wifi Ac1200 2.4 - 2.5 Ghz, 5 Ghz Ieee 802.11a\/n\/ac 5 Ghz, Ieee 802.11b\/g\/n 2.4 Ghz + Env\u00edo a domicilio + Pago seguro + Garant\u00eda","og_url":"https:\/\/compuviper.mx\/tienda\/producto\/tp-link-me30-router-tp-link-mercusys-extensor-de-rango-wifi-ac1200-2-4-2-5-ghz-5-ghz-ieee-802-11a-n-ac-5-ghz-ieee-802-11b-g-n-2-4-ghz\/","og_site_name":"Compuviper","article_publisher":"https:\/\/www.facebook.com\/compuviper","article_modified_time":"2026-04-02T07:06:22+00:00","og_image":[{"width":200,"height":200,"url":"https:\/\/compuviper.mx\/tienda\/wp-content\/uploads\/2023\/12\/Router-extensor-de-rango-me30-wifi-ac1200-2.4-2.5-ghz-5-ghz-ieee-802.11anac-5-ghz-ieee-802.11bgn-2.4-ghz.jpg","type":"image\/jpeg"}],"twitter_card":"summary_large_image","twitter_misc":{"Precio":"&#36;289 con IVA","Availability":"Out of stock"},"schema":{"@context":"https:\/\/schema.org","@graph":[{"@type":"WebPage","@id":"https:\/\/compuviper.mx\/tienda\/producto\/tp-link-me30-router-tp-link-mercusys-extensor-de-rango-wifi-ac1200-2-4-2-5-ghz-5-ghz-ieee-802-11a-n-ac-5-ghz-ieee-802-11b-g-n-2-4-ghz\/","url":"https:\/\/compuviper.mx\/tienda\/producto\/tp-link-me30-router-tp-link-mercusys-extensor-de-rango-wifi-ac1200-2-4-2-5-ghz-5-ghz-ieee-802-11a-n-ac-5-ghz-ieee-802-11b-g-n-2-4-ghz\/","name":"[ Tp Link ] &#129351; Me30 Router | Tp-link | Mercusys | Extensor De Rango | | Wifi Ac1200 2.4 - 2.5 Ghz, 5 Ghz Ieee 802.11a\/n\/ac 5 Ghz, Ieee 802.11b\/g\/n 2.4 Ghz","isPartOf":{"@id":"https:\/\/compuviper.mx\/tienda\/#website"},"datePublished":"2026-04-02T07:06:21+00:00","dateModified":"2026-04-02T07:06:22+00:00","description":"Compra Me30 Router | Tp-link | Mercusys | Extensor De Rango | | Wifi Ac1200 2.4 - 2.5 Ghz, 5 Ghz Ieee 802.11a\/n\/ac 5 Ghz, Ieee 802.11b\/g\/n 2.4 Ghz + Env\u00edo a domicilio + Pago seguro + Garant\u00eda","breadcrumb":{"@id":"https:\/\/compuviper.mx\/tienda\/producto\/tp-link-me30-router-tp-link-mercusys-extensor-de-rango-wifi-ac1200-2-4-2-5-ghz-5-ghz-ieee-802-11a-n-ac-5-ghz-ieee-802-11b-g-n-2-4-ghz\/#breadcrumb"},"inLanguage":"es-MX","potentialAction":[{"@type":"ReadAction","target":["https:\/\/compuviper.mx\/tienda\/producto\/tp-link-me30-router-tp-link-mercusys-extensor-de-rango-wifi-ac1200-2-4-2-5-ghz-5-ghz-ieee-802-11a-n-ac-5-ghz-ieee-802-11b-g-n-2-4-ghz\/"]}]},{"@type":"BreadcrumbList","@id":"https:\/\/compuviper.mx\/tienda\/producto\/tp-link-me30-router-tp-link-mercusys-extensor-de-rango-wifi-ac1200-2-4-2-5-ghz-5-ghz-ieee-802-11a-n-ac-5-ghz-ieee-802-11b-g-n-2-4-ghz\/#breadcrumb","itemListElement":[{"@type":"ListItem","position":1,"name":"Inicio","item":"https:\/\/compuviper.mx\/tienda\/"},{"@type":"ListItem","position":2,"name":"Productos","item":"https:\/\/compuviper.mx\/tienda\/productos\/"},{"@type":"ListItem","position":3,"name":"Redes","item":"https:\/\/compuviper.mx\/tienda\/categoria-producto\/redes\/"},{"@type":"ListItem","position":4,"name":"Router","item":"https:\/\/compuviper.mx\/tienda\/categoria-producto\/redes\/router\/"},{"@type":"ListItem","position":5,"name":"Tp Link Me30 Router | Tp-link | Mercusys | Extensor De Rango | | Wifi Ac1200 2.4 &#8211; 2.5 Ghz, 5 Ghz Ieee 802.11a\/n\/ac 5 Ghz, Ieee 802.11b\/g\/n 2.4 Ghz"}]},{"@type":"WebSite","@id":"https:\/\/compuviper.mx\/tienda\/#website","url":"https:\/\/compuviper.mx\/tienda\/","name":"Compuviper","description":"Proveedor de Computadoras, Laptops, Servidores, Monitores, Puntos de Venta, Teclados,   Impresoras, T\u00f3ner, C\u00e1maras de Seguridad y m\u00e1s en tu tienda en l\u00ednea","publisher":{"@id":"https:\/\/compuviper.mx\/tienda\/#organization"},"potentialAction":[{"@type":"SearchAction","target":{"@type":"EntryPoint","urlTemplate":"https:\/\/compuviper.mx\/tienda\/?s={search_term_string}"},"query-input":"required name=search_term_string"}],"inLanguage":"es-MX"},{"@type":"Organization","@id":"https:\/\/compuviper.mx\/tienda\/#organization","name":"Compuviper","url":"https:\/\/compuviper.mx\/tienda\/","logo":{"@type":"ImageObject","inLanguage":"es-MX","@id":"https:\/\/compuviper.mx\/tienda\/#\/schema\/logo\/image\/","url":"https:\/\/compuviper.mx\/tienda\/wp-content\/uploads\/2021\/08\/Logo-Compuviper-10.png","contentUrl":"https:\/\/compuviper.mx\/tienda\/wp-content\/uploads\/2021\/08\/Logo-Compuviper-10.png","width":1000,"height":500,"caption":"Compuviper"},"image":{"@id":"https:\/\/compuviper.mx\/tienda\/#\/schema\/logo\/image\/"},"sameAs":["https:\/\/www.facebook.com\/compuviper","https:\/\/www.youtube.com\/channel\/UCf73dERp9Y3cfOq7q8BhLjA?view_as=subscriber"]}]},"product_brand":"TP LINK","product_price_amount":"289","product_price_currency":"MXN","og_availability":"out of stock","product_availability":"out of stock","product_retailer_item_id":"ME30","product_condition":"new"},"_links":{"self":[{"href":"https:\/\/compuviper.mx\/tienda\/wp-json\/wp\/v2\/product\/221266"}],"collection":[{"href":"https:\/\/compuviper.mx\/tienda\/wp-json\/wp\/v2\/product"}],"about":[{"href":"https:\/\/compuviper.mx\/tienda\/wp-json\/wp\/v2\/types\/product"}],"replies":[{"embeddable":true,"href":"https:\/\/compuviper.mx\/tienda\/wp-json\/wp\/v2\/comments?post=221266"}],"wp:featuredmedia":[{"embeddable":true,"href":"https:\/\/compuviper.mx\/tienda\/wp-json\/wp\/v2\/media\/221267"}],"wp:attachment":[{"href":"https:\/\/compuviper.mx\/tienda\/wp-json\/wp\/v2\/media?parent=221266"}],"wp:term":[{"taxonomy":"product_cat","embeddable":true,"href":"https:\/\/compuviper.mx\/tienda\/wp-json\/wp\/v2\/product_cat?post=221266"},{"taxonomy":"product_tag","embeddable":true,"href":"https:\/\/compuviper.mx\/tienda\/wp-json\/wp\/v2\/product_tag?post=221266"}],"curies":[{"name":"wp","href":"https:\/\/api.w.org\/{rel}","templated":true}]}}