{"id":221264,"date":"2026-04-02T01:06:21","date_gmt":"2026-04-02T07:06:21","guid":{"rendered":"https:\/\/compuviper.mx\/tienda\/producto\/tp-link-ac10-router-wifi-tp-link-ac1200-veloccidad-2-4ghz-300mbps-5ghz-867-mbps-sustituye-a-ac12\/"},"modified":"2026-04-02T01:06:21","modified_gmt":"2026-04-02T07:06:21","slug":"tp-link-ac10-router-wifi-tp-link-mercusys-ac1200-veloccidad-2-4ghz-300mbps-5ghz-867-mbps-sustituye-a-ac12","status":"publish","type":"product","link":"https:\/\/compuviper.mx\/tienda\/producto\/tp-link-ac10-router-wifi-tp-link-mercusys-ac1200-veloccidad-2-4ghz-300mbps-5ghz-867-mbps-sustituye-a-ac12\/","title":{"rendered":"Tp Link Ac10 Router Wifi | Tp-link| Mercusys |  | Ac1200 | Veloccidad 2.4ghz 300mbps- 5ghz 867 Mbps | Sustituye A Ac12"},"content":{"rendered":"<table class=\"descripcion\">\n<tr>\n<td>Wireless standards<\/td>\n<\/tr>\n<tr>\n<td>Ieee 802.11ac\/n\/a 5 ghz, ieee 802.11b\/g\/n 2.4 ghz<\/td>\n<\/tr>\n<tr>\n<td>Frequency<\/td>\n<\/tr>\n<tr>\n<td>2.4 ghz, 5 ghz<\/td>\n<\/tr>\n<tr>\n<td>Signal rate<\/td>\n<\/tr>\n<tr>\n<td>Up to 300 mbps on 2.4 ghz, 867 mbps on 5 ghz<\/td>\n<\/tr>\n<tr>\n<td>Reception sensitivity<\/td>\n<\/tr>\n<tr>\n<td>11g 6mbps: -96dbm<\/td>\n<\/tr>\n<tr>\n<td>11g 54mbps: -78dbm<\/td>\n<\/tr>\n<tr>\n<td>11n ht40 mcs7: -74dbm<\/td>\n<\/tr>\n<tr>\n<td>11n ht20 mcs7: -71dbm<\/td>\n<\/tr>\n<tr>\n<td>11a 6mbps: -97dbm<\/td>\n<\/tr>\n<tr>\n<td>11a 54mbps: -79dbm<\/td>\n<\/tr>\n<tr>\n<td>11ac vht20 mcs8: -74dbm<\/td>\n<\/tr>\n<tr>\n<td>11ac vht40 mcs9: -70dbm<\/td>\n<\/tr>\n<tr>\n<td>11ac vht80 mcs9: -65dbm<\/td>\n<\/tr>\n<tr>\n<td>Transmission power<\/td>\n<\/tr>\n<tr>\n<td>2.4 ghz   20dbm eirp<\/td>\n<\/tr>\n<tr>\n<td>5 ghz   23dbm eirp<\/td>\n<\/tr>\n<tr>\n<td>Wireless security<\/td>\n<\/tr>\n<tr>\n<td>Wep, wpa \/ wpa2, wpa-psk \/ wpa2-psk<\/td>\n<\/tr>\n<tr>\n<td>Wireless functions<\/td>\n<\/tr>\n<tr>\n<td>Enable\/disable wireless radio, wmm<\/td>\n<\/tr>\n<tr>\n<td>Hardware<\/td>\n<\/tr>\n<tr>\n<td>Dimensions w x d x h<\/td>\n<\/tr>\n<tr>\n<td>4.5  3.7  1.0 in 114  94  26 mm<\/td>\n<\/tr>\n<tr>\n<td>Button<\/td>\n<\/tr>\n<tr>\n<td>Reset\/wps button<\/td>\n<\/tr>\n<tr>\n<td>External power supply<\/td>\n<\/tr>\n<tr>\n<td>9v\/0.85a<\/td>\n<\/tr>\n<tr>\n<td>Antenna type<\/td>\n<\/tr>\n<tr>\n<td>4 5 dbi fixed omni-directional antennas<\/td>\n<\/tr>\n<tr>\n<td>Ethernet ports<\/td>\n<\/tr>\n<tr>\n<td>1 10\/100 mbps wan port<\/td>\n<\/tr>\n<tr>\n<td>2 10\/100 mbps lan ports<\/td>\n<\/tr>\n<\/table>\n","protected":false},"excerpt":{"rendered":"<p>Ac10 \/ac1200 wireless dual band router. \u0095wi-fi de alta velocidad\u0096 transmita con conexiones r\u00e1pidas y estables, alcanzando velocidades de hasta 1167 mbps 300 mbps en la banda de 2.4 ghz y 867 mbps en la banda de 5 ghz. \u00954 antenas externas de alta ganancia \u0096 reciba fuertes seales de wi-fi en cada rincn de su hogar. \u0095f\u00e1cil instalacin \u0096 configuracin en minutos guiado por una interfaz de usuario web intuitiva. \u0095controles parentales activos \u0096 proteja a su familia estableciendo polticas de acceso adecuadas para un uso responsable y seguro de internet. \u0095compatible con iptv e ipv6. Https:\/\/www.Mercusys.Com\/pe\/product\/details\/ac10overview<\/p>\n","protected":false},"featured_media":221265,"comment_status":"open","ping_status":"open","template":"","meta":[],"product_cat":[1563,1753],"product_tag":[1562],"acf":[],"yoast_head":"<!-- This site is optimized with the Yoast SEO plugin v21.7 - https:\/\/yoast.com\/wordpress\/plugins\/seo\/ -->\n<title>[ Tp Link ] &#129351; Ac10 Router Wifi | Tp-link| Mercusys | | Ac1200 | Veloccidad 2.4ghz 300mbps- 5ghz 867 Mbps | Sustituye A Ac12<\/title>\n<meta name=\"description\" content=\"Compra Ac10 Router Wifi | Tp-link| Mercusys | | Ac1200 | Veloccidad 2.4ghz 300mbps- 5ghz 867 Mbps | Sustituye A Ac12 + Env\u00edo a domicilio + Pago seguro + Garant\u00eda\" \/>\n<meta name=\"robots\" content=\"index, follow, max-snippet:-1, max-image-preview:large, max-video-preview:-1\" \/>\n<link rel=\"canonical\" href=\"https:\/\/compuviper.mx\/tienda\/producto\/tp-link-ac10-router-wifi-tp-link-mercusys-ac1200-veloccidad-2-4ghz-300mbps-5ghz-867-mbps-sustituye-a-ac12\/\" \/>\n<meta property=\"og:locale\" content=\"es_MX\" \/>\n<meta property=\"og:type\" content=\"article\" \/>\n<meta property=\"og:title\" content=\"[ Tp Link ] &#129351; Ac10 Router Wifi | Tp-link| Mercusys | | Ac1200 | Veloccidad 2.4ghz 300mbps- 5ghz 867 Mbps | Sustituye A Ac12\" \/>\n<meta property=\"og:description\" content=\"Compra Ac10 Router Wifi | Tp-link| Mercusys | | Ac1200 | Veloccidad 2.4ghz 300mbps- 5ghz 867 Mbps | Sustituye A Ac12 + Env\u00edo a domicilio + Pago seguro + Garant\u00eda\" \/>\n<meta property=\"og:url\" content=\"https:\/\/compuviper.mx\/tienda\/producto\/tp-link-ac10-router-wifi-tp-link-mercusys-ac1200-veloccidad-2-4ghz-300mbps-5ghz-867-mbps-sustituye-a-ac12\/\" \/>\n<meta property=\"og:site_name\" content=\"Compuviper\" \/>\n<meta property=\"article:publisher\" content=\"https:\/\/www.facebook.com\/compuviper\" \/>\n<meta property=\"og:image\" content=\"https:\/\/compuviper.mx\/tienda\/wp-content\/uploads\/2023\/12\/Router-wifi-tp-link-ac10-ac1200-veloccidad-2.4ghz-300mbps-5ghz-867-mbps-sustituye-a-ac12.jpg\" \/>\n\t<meta property=\"og:image:width\" content=\"200\" \/>\n\t<meta property=\"og:image:height\" content=\"200\" \/>\n\t<meta property=\"og:image:type\" content=\"image\/jpeg\" \/>\n<meta name=\"twitter:card\" content=\"summary_large_image\" \/>\n<meta name=\"twitter:label1\" content=\"Precio\" \/>\n\t<meta name=\"twitter:data1\" content=\"&#36;301 con IVA\" \/>\n\t<meta name=\"twitter:label2\" content=\"Availability\" \/>\n\t<meta name=\"twitter:data2\" content=\"Out of stock\" \/>\n<script type=\"application\/ld+json\" class=\"yoast-schema-graph\">{\"@context\":\"https:\/\/schema.org\",\"@graph\":[{\"@type\":\"WebPage\",\"@id\":\"https:\/\/compuviper.mx\/tienda\/producto\/tp-link-ac10-router-wifi-tp-link-mercusys-ac1200-veloccidad-2-4ghz-300mbps-5ghz-867-mbps-sustituye-a-ac12\/\",\"url\":\"https:\/\/compuviper.mx\/tienda\/producto\/tp-link-ac10-router-wifi-tp-link-mercusys-ac1200-veloccidad-2-4ghz-300mbps-5ghz-867-mbps-sustituye-a-ac12\/\",\"name\":\"[ Tp Link ] &#129351; Ac10 Router Wifi | Tp-link| Mercusys | | Ac1200 | Veloccidad 2.4ghz 300mbps- 5ghz 867 Mbps | Sustituye A Ac12\",\"isPartOf\":{\"@id\":\"https:\/\/compuviper.mx\/tienda\/#website\"},\"datePublished\":\"2026-04-02T07:06:21+00:00\",\"dateModified\":\"2026-04-02T07:06:21+00:00\",\"description\":\"Compra Ac10 Router Wifi | Tp-link| Mercusys | | Ac1200 | Veloccidad 2.4ghz 300mbps- 5ghz 867 Mbps | Sustituye A Ac12 + Env\u00edo a domicilio + Pago seguro + Garant\u00eda\",\"breadcrumb\":{\"@id\":\"https:\/\/compuviper.mx\/tienda\/producto\/tp-link-ac10-router-wifi-tp-link-mercusys-ac1200-veloccidad-2-4ghz-300mbps-5ghz-867-mbps-sustituye-a-ac12\/#breadcrumb\"},\"inLanguage\":\"es-MX\",\"potentialAction\":[{\"@type\":\"ReadAction\",\"target\":[\"https:\/\/compuviper.mx\/tienda\/producto\/tp-link-ac10-router-wifi-tp-link-mercusys-ac1200-veloccidad-2-4ghz-300mbps-5ghz-867-mbps-sustituye-a-ac12\/\"]}]},{\"@type\":\"BreadcrumbList\",\"@id\":\"https:\/\/compuviper.mx\/tienda\/producto\/tp-link-ac10-router-wifi-tp-link-mercusys-ac1200-veloccidad-2-4ghz-300mbps-5ghz-867-mbps-sustituye-a-ac12\/#breadcrumb\",\"itemListElement\":[{\"@type\":\"ListItem\",\"position\":1,\"name\":\"Inicio\",\"item\":\"https:\/\/compuviper.mx\/tienda\/\"},{\"@type\":\"ListItem\",\"position\":2,\"name\":\"Productos\",\"item\":\"https:\/\/compuviper.mx\/tienda\/productos\/\"},{\"@type\":\"ListItem\",\"position\":3,\"name\":\"Redes\",\"item\":\"https:\/\/compuviper.mx\/tienda\/categoria-producto\/redes\/\"},{\"@type\":\"ListItem\",\"position\":4,\"name\":\"Router\",\"item\":\"https:\/\/compuviper.mx\/tienda\/categoria-producto\/redes\/router\/\"},{\"@type\":\"ListItem\",\"position\":5,\"name\":\"Tp Link Ac10 Router Wifi | Tp-link| Mercusys | | Ac1200 | Veloccidad 2.4ghz 300mbps- 5ghz 867 Mbps | Sustituye A Ac12\"}]},{\"@type\":\"WebSite\",\"@id\":\"https:\/\/compuviper.mx\/tienda\/#website\",\"url\":\"https:\/\/compuviper.mx\/tienda\/\",\"name\":\"Compuviper\",\"description\":\"Proveedor de Computadoras, Laptops, Servidores, Monitores, Puntos de Venta, Teclados,   Impresoras, T\u00f3ner, C\u00e1maras de Seguridad y m\u00e1s en tu tienda en l\u00ednea\",\"publisher\":{\"@id\":\"https:\/\/compuviper.mx\/tienda\/#organization\"},\"potentialAction\":[{\"@type\":\"SearchAction\",\"target\":{\"@type\":\"EntryPoint\",\"urlTemplate\":\"https:\/\/compuviper.mx\/tienda\/?s={search_term_string}\"},\"query-input\":\"required name=search_term_string\"}],\"inLanguage\":\"es-MX\"},{\"@type\":\"Organization\",\"@id\":\"https:\/\/compuviper.mx\/tienda\/#organization\",\"name\":\"Compuviper\",\"url\":\"https:\/\/compuviper.mx\/tienda\/\",\"logo\":{\"@type\":\"ImageObject\",\"inLanguage\":\"es-MX\",\"@id\":\"https:\/\/compuviper.mx\/tienda\/#\/schema\/logo\/image\/\",\"url\":\"https:\/\/compuviper.mx\/tienda\/wp-content\/uploads\/2021\/08\/Logo-Compuviper-10.png\",\"contentUrl\":\"https:\/\/compuviper.mx\/tienda\/wp-content\/uploads\/2021\/08\/Logo-Compuviper-10.png\",\"width\":1000,\"height\":500,\"caption\":\"Compuviper\"},\"image\":{\"@id\":\"https:\/\/compuviper.mx\/tienda\/#\/schema\/logo\/image\/\"},\"sameAs\":[\"https:\/\/www.facebook.com\/compuviper\",\"https:\/\/www.youtube.com\/channel\/UCf73dERp9Y3cfOq7q8BhLjA?view_as=subscriber\"]}]}<\/script>\n<meta property=\"product:brand\" content=\"TP LINK\" \/>\n<meta property=\"product:price:amount\" content=\"301\" \/>\n<meta property=\"product:price:currency\" content=\"MXN\" \/>\n<meta property=\"og:availability\" content=\"out of stock\" \/>\n<meta property=\"product:availability\" content=\"out of stock\" \/>\n<meta property=\"product:retailer_item_id\" content=\"AC10\" \/>\n<meta property=\"product:condition\" content=\"new\" \/>\n<!-- \/ Yoast SEO plugin. -->","yoast_head_json":{"title":"[ Tp Link ] &#129351; Ac10 Router Wifi | Tp-link| Mercusys | | Ac1200 | Veloccidad 2.4ghz 300mbps- 5ghz 867 Mbps | Sustituye A Ac12","description":"Compra Ac10 Router Wifi | Tp-link| Mercusys | | Ac1200 | Veloccidad 2.4ghz 300mbps- 5ghz 867 Mbps | Sustituye A Ac12 + Env\u00edo a domicilio + Pago seguro + Garant\u00eda","robots":{"index":"index","follow":"follow","max-snippet":"max-snippet:-1","max-image-preview":"max-image-preview:large","max-video-preview":"max-video-preview:-1"},"canonical":"https:\/\/compuviper.mx\/tienda\/producto\/tp-link-ac10-router-wifi-tp-link-mercusys-ac1200-veloccidad-2-4ghz-300mbps-5ghz-867-mbps-sustituye-a-ac12\/","og_locale":"es_MX","og_type":"article","og_title":"[ Tp Link ] &#129351; Ac10 Router Wifi | Tp-link| Mercusys | | Ac1200 | Veloccidad 2.4ghz 300mbps- 5ghz 867 Mbps | Sustituye A Ac12","og_description":"Compra Ac10 Router Wifi | Tp-link| Mercusys | | Ac1200 | Veloccidad 2.4ghz 300mbps- 5ghz 867 Mbps | Sustituye A Ac12 + Env\u00edo a domicilio + Pago seguro + Garant\u00eda","og_url":"https:\/\/compuviper.mx\/tienda\/producto\/tp-link-ac10-router-wifi-tp-link-mercusys-ac1200-veloccidad-2-4ghz-300mbps-5ghz-867-mbps-sustituye-a-ac12\/","og_site_name":"Compuviper","article_publisher":"https:\/\/www.facebook.com\/compuviper","og_image":[{"width":200,"height":200,"url":"https:\/\/compuviper.mx\/tienda\/wp-content\/uploads\/2023\/12\/Router-wifi-tp-link-ac10-ac1200-veloccidad-2.4ghz-300mbps-5ghz-867-mbps-sustituye-a-ac12.jpg","type":"image\/jpeg"}],"twitter_card":"summary_large_image","twitter_misc":{"Precio":"&#36;301 con IVA","Availability":"Out of stock"},"schema":{"@context":"https:\/\/schema.org","@graph":[{"@type":"WebPage","@id":"https:\/\/compuviper.mx\/tienda\/producto\/tp-link-ac10-router-wifi-tp-link-mercusys-ac1200-veloccidad-2-4ghz-300mbps-5ghz-867-mbps-sustituye-a-ac12\/","url":"https:\/\/compuviper.mx\/tienda\/producto\/tp-link-ac10-router-wifi-tp-link-mercusys-ac1200-veloccidad-2-4ghz-300mbps-5ghz-867-mbps-sustituye-a-ac12\/","name":"[ Tp Link ] &#129351; Ac10 Router Wifi | Tp-link| Mercusys | | Ac1200 | Veloccidad 2.4ghz 300mbps- 5ghz 867 Mbps | Sustituye A Ac12","isPartOf":{"@id":"https:\/\/compuviper.mx\/tienda\/#website"},"datePublished":"2026-04-02T07:06:21+00:00","dateModified":"2026-04-02T07:06:21+00:00","description":"Compra Ac10 Router Wifi | Tp-link| Mercusys | | Ac1200 | Veloccidad 2.4ghz 300mbps- 5ghz 867 Mbps | Sustituye A Ac12 + Env\u00edo a domicilio + Pago seguro + Garant\u00eda","breadcrumb":{"@id":"https:\/\/compuviper.mx\/tienda\/producto\/tp-link-ac10-router-wifi-tp-link-mercusys-ac1200-veloccidad-2-4ghz-300mbps-5ghz-867-mbps-sustituye-a-ac12\/#breadcrumb"},"inLanguage":"es-MX","potentialAction":[{"@type":"ReadAction","target":["https:\/\/compuviper.mx\/tienda\/producto\/tp-link-ac10-router-wifi-tp-link-mercusys-ac1200-veloccidad-2-4ghz-300mbps-5ghz-867-mbps-sustituye-a-ac12\/"]}]},{"@type":"BreadcrumbList","@id":"https:\/\/compuviper.mx\/tienda\/producto\/tp-link-ac10-router-wifi-tp-link-mercusys-ac1200-veloccidad-2-4ghz-300mbps-5ghz-867-mbps-sustituye-a-ac12\/#breadcrumb","itemListElement":[{"@type":"ListItem","position":1,"name":"Inicio","item":"https:\/\/compuviper.mx\/tienda\/"},{"@type":"ListItem","position":2,"name":"Productos","item":"https:\/\/compuviper.mx\/tienda\/productos\/"},{"@type":"ListItem","position":3,"name":"Redes","item":"https:\/\/compuviper.mx\/tienda\/categoria-producto\/redes\/"},{"@type":"ListItem","position":4,"name":"Router","item":"https:\/\/compuviper.mx\/tienda\/categoria-producto\/redes\/router\/"},{"@type":"ListItem","position":5,"name":"Tp Link Ac10 Router Wifi | Tp-link| Mercusys | | Ac1200 | Veloccidad 2.4ghz 300mbps- 5ghz 867 Mbps | Sustituye A Ac12"}]},{"@type":"WebSite","@id":"https:\/\/compuviper.mx\/tienda\/#website","url":"https:\/\/compuviper.mx\/tienda\/","name":"Compuviper","description":"Proveedor de Computadoras, Laptops, Servidores, Monitores, Puntos de Venta, Teclados,   Impresoras, T\u00f3ner, C\u00e1maras de Seguridad y m\u00e1s en tu tienda en l\u00ednea","publisher":{"@id":"https:\/\/compuviper.mx\/tienda\/#organization"},"potentialAction":[{"@type":"SearchAction","target":{"@type":"EntryPoint","urlTemplate":"https:\/\/compuviper.mx\/tienda\/?s={search_term_string}"},"query-input":"required name=search_term_string"}],"inLanguage":"es-MX"},{"@type":"Organization","@id":"https:\/\/compuviper.mx\/tienda\/#organization","name":"Compuviper","url":"https:\/\/compuviper.mx\/tienda\/","logo":{"@type":"ImageObject","inLanguage":"es-MX","@id":"https:\/\/compuviper.mx\/tienda\/#\/schema\/logo\/image\/","url":"https:\/\/compuviper.mx\/tienda\/wp-content\/uploads\/2021\/08\/Logo-Compuviper-10.png","contentUrl":"https:\/\/compuviper.mx\/tienda\/wp-content\/uploads\/2021\/08\/Logo-Compuviper-10.png","width":1000,"height":500,"caption":"Compuviper"},"image":{"@id":"https:\/\/compuviper.mx\/tienda\/#\/schema\/logo\/image\/"},"sameAs":["https:\/\/www.facebook.com\/compuviper","https:\/\/www.youtube.com\/channel\/UCf73dERp9Y3cfOq7q8BhLjA?view_as=subscriber"]}]},"product_brand":"TP LINK","product_price_amount":"301","product_price_currency":"MXN","og_availability":"out of stock","product_availability":"out of stock","product_retailer_item_id":"AC10","product_condition":"new"},"_links":{"self":[{"href":"https:\/\/compuviper.mx\/tienda\/wp-json\/wp\/v2\/product\/221264"}],"collection":[{"href":"https:\/\/compuviper.mx\/tienda\/wp-json\/wp\/v2\/product"}],"about":[{"href":"https:\/\/compuviper.mx\/tienda\/wp-json\/wp\/v2\/types\/product"}],"replies":[{"embeddable":true,"href":"https:\/\/compuviper.mx\/tienda\/wp-json\/wp\/v2\/comments?post=221264"}],"wp:featuredmedia":[{"embeddable":true,"href":"https:\/\/compuviper.mx\/tienda\/wp-json\/wp\/v2\/media\/221265"}],"wp:attachment":[{"href":"https:\/\/compuviper.mx\/tienda\/wp-json\/wp\/v2\/media?parent=221264"}],"wp:term":[{"taxonomy":"product_cat","embeddable":true,"href":"https:\/\/compuviper.mx\/tienda\/wp-json\/wp\/v2\/product_cat?post=221264"},{"taxonomy":"product_tag","embeddable":true,"href":"https:\/\/compuviper.mx\/tienda\/wp-json\/wp\/v2\/product_tag?post=221264"}],"curies":[{"name":"wp","href":"https:\/\/api.w.org\/{rel}","templated":true}]}}