{"id":221260,"date":"2026-04-18T01:10:35","date_gmt":"2026-04-18T07:10:35","guid":{"rendered":"https:\/\/compuviper.mx\/tienda\/producto\/tp-link-deco-x55-3-pack-router-tp-link-deco-x553-pack-wifi-6-ax3000-5ghz-2402-mbps-802-11ax-2-4ghz-574-mbps-802-11ax-2x2-mu-mimo-cubre-hasta-1981-mts-cuadrados-sustituye-a-deco-p93-pack\/"},"modified":"2026-04-18T01:10:35","modified_gmt":"2026-04-18T07:10:35","slug":"tp-link-decox553-pack-router-tp-link-deco-x553-pack-wifi-6-ax3000-5ghz-2402-mbps-802-11ax-2-4ghz-574-mbps-802-11ax-2x2-mu-mimo-sustituye-a-deco-p93-pack","status":"publish","type":"product","link":"https:\/\/compuviper.mx\/tienda\/producto\/tp-link-decox553-pack-router-tp-link-deco-x553-pack-wifi-6-ax3000-5ghz-2402-mbps-802-11ax-2-4ghz-574-mbps-802-11ax-2x2-mu-mimo-sustituye-a-deco-p93-pack\/","title":{"rendered":"Tp Link Decox55(3-pack) Router Tp-link Deco X553-pack Wifi 6 Ax3000 5ghz 2402 Mbps 802.11ax. 2.4ghz 574 Mbps 802.11ax 2&#215;2 Mu-mimo Sustituye A Deco P93-pack"},"content":{"rendered":"<table class=\"descripcion\">\n<tr>\n<td>Especificaciones:<\/td>\n<\/tr>\n<tr>\n<td>\u0095 est\u00e1ndares:<\/td>\n<\/tr>\n<tr>\n<td>1. ieee 802.11ax\/ac\/n\/a 5ghz.<\/td>\n<\/tr>\n<tr>\n<td>2. ieee 802.11ax\/n\/b\/g 2.4ghz.<\/td>\n<\/tr>\n<tr>\n<td>\u0095 velocidades wi-fi:<\/td>\n<\/tr>\n<tr>\n<td>1. 5ghz 2402 mbps (802.11ax).<\/td>\n<\/tr>\n<tr>\n<td>2. 2.4ghz 574 mbps (802.11ax).<\/td>\n<\/tr>\n<tr>\n<td>\u0095 2&#215;2 mu-mimo<\/td>\n<\/tr>\n<tr>\n<td>\u0095 ofdma.<\/td>\n<\/tr>\n<tr>\n<td>\u0095 modos de trabajo: router\/punto de acceso.<\/td>\n<\/tr>\n<tr>\n<td>\u0095 procesador: cpu de doble n\u00facleo de 1 ghz.<\/td>\n<\/tr>\n<tr>\n<td>\u0095 bot\u00f3n de reinicio.<\/td>\n<\/tr>\n<tr>\n<td>\u0095 puerto ethernet: 3.<\/td>\n<\/tr>\n<tr>\n<td>\u0095 energ\u00eda: 12v &#8211; 1.5a.<\/td>\n<\/tr>\n<tr>\n<td>\u0095 cifrado wi-fi:<\/td>\n<\/tr>\n<tr>\n<td>1. wpa-personal.<\/td>\n<\/tr>\n<tr>\n<td>2. wpa2-personal.<\/td>\n<\/tr>\n<tr>\n<td>3. wpa3-personal.<\/td>\n<\/tr>\n<tr>\n<td>\u0095 red de invitados.<\/td>\n<\/tr>\n<tr>\n<td>\u0095 dimensiones: 110 x 110 x 114 mm.<\/td>\n<\/tr>\n<\/table>\n","protected":false},"excerpt":{"rendered":"<p>Sistema wi-fi 6 mesh decox55 &#8211; tp-link. \u0095 ax3000 wifi de doble banda : wifi 6 s\u00faper r\u00e1pido con velocidades de hasta 3.0 gbps. \u0095 4 flujos, menos retraso &#8211; 2\u00e3\u0083\u00972\/ht160 2402 mbps 2\u00e3\u0083\u00972 574 mbps. \u0095 velocidad con cable gigabit: 3 puertos gigabit proporcionan suficiente conectividad. \u0095 cobertura continua mejorada : cobertura wifi de malla continua de hasta 6500 pies cuadrados (paquete de 3 . \u0095 tp-link homeshield: brinda protecci\u00f3n integral de la red, controles parentales s\u00f3lidos y protecci\u00f3n iot en tiempo real. Tecnolog\u00eda mesh tp-link. Acaba con las zonas sin wi-fi. Elimina las \u00e1reas de baja se\u00f1al con una sola red wi-fi que cubre todas las esquinas de tu hogar sin cortes, rutas adaptativas y autocuraci\u00f3n. Olv\u00eddate de tener que buscar una conexi\u00f3n estable ya est\u00e9s en el s\u00f3tano, garaje o patio. Itinerancia perfecta. Las unidades deco funcionan en conjunto formando una red unificada con un solo nombre de red. Tu tel\u00e9fono o tablet se conecta autom\u00e1ticamente al deco m\u00e1s r\u00e1pido mientras te mueves por tu casa. El cambio tarda menos de 0.3 segundos y es flu\u00eddo e imperceptible, creando una experiencia<\/p>\n","protected":false},"featured_media":221261,"comment_status":"open","ping_status":"open","template":"","meta":[],"product_cat":[1563,1753],"product_tag":[1562],"acf":[],"yoast_head":"<!-- This site is optimized with the Yoast SEO plugin v21.7 - https:\/\/yoast.com\/wordpress\/plugins\/seo\/ -->\n<title>[ Tp Link ] &#129351; Decox55(3-pack) Router Tp-link Deco X553-pack Wifi 6 Ax3000 5ghz 2402 Mbps 802.11ax. 2.4ghz 574 Mbps 802.11ax 2x2 Mu-mimo Sustituye A Deco P93-pack<\/title>\n<meta name=\"description\" content=\"Compra Decox55(3-pack) Router Tp-link Deco X553-pack Wifi 6 Ax3000 5ghz 2402 Mbps 802.11ax. 2.4ghz 574 Mbps 802.11ax 2x2 Mu-mimo Sustituye A Deco P93-pack + Env\u00edo a domicilio + Pago seguro + Garant\u00eda\" \/>\n<meta name=\"robots\" content=\"index, follow, max-snippet:-1, max-image-preview:large, max-video-preview:-1\" \/>\n<link rel=\"canonical\" href=\"https:\/\/compuviper.mx\/tienda\/producto\/tp-link-decox553-pack-router-tp-link-deco-x553-pack-wifi-6-ax3000-5ghz-2402-mbps-802-11ax-2-4ghz-574-mbps-802-11ax-2x2-mu-mimo-sustituye-a-deco-p93-pack\/\" \/>\n<meta property=\"og:locale\" content=\"es_MX\" \/>\n<meta property=\"og:type\" content=\"article\" \/>\n<meta property=\"og:title\" content=\"[ Tp Link ] &#129351; Decox55(3-pack) Router Tp-link Deco X553-pack Wifi 6 Ax3000 5ghz 2402 Mbps 802.11ax. 2.4ghz 574 Mbps 802.11ax 2x2 Mu-mimo Sustituye A Deco P93-pack\" \/>\n<meta property=\"og:description\" content=\"Compra Decox55(3-pack) Router Tp-link Deco X553-pack Wifi 6 Ax3000 5ghz 2402 Mbps 802.11ax. 2.4ghz 574 Mbps 802.11ax 2x2 Mu-mimo Sustituye A Deco P93-pack + Env\u00edo a domicilio + Pago seguro + Garant\u00eda\" \/>\n<meta property=\"og:url\" content=\"https:\/\/compuviper.mx\/tienda\/producto\/tp-link-decox553-pack-router-tp-link-deco-x553-pack-wifi-6-ax3000-5ghz-2402-mbps-802-11ax-2-4ghz-574-mbps-802-11ax-2x2-mu-mimo-sustituye-a-deco-p93-pack\/\" \/>\n<meta property=\"og:site_name\" content=\"Compuviper\" \/>\n<meta property=\"article:publisher\" content=\"https:\/\/www.facebook.com\/compuviper\" \/>\n<meta property=\"og:image\" content=\"https:\/\/compuviper.mx\/tienda\/wp-content\/uploads\/2023\/12\/Router-tp-link-deco-x553-pack-wifi-6-ax3000-5ghz-2402-mbps-802.11ax.-2.4ghz-574-mbps-802.11ax-2x2-mu-mimo-cubre-hasta-1981-mts-cuadrados-sustituye-a-deco-p93-pack.jpg\" \/>\n\t<meta property=\"og:image:width\" content=\"200\" \/>\n\t<meta property=\"og:image:height\" content=\"200\" \/>\n\t<meta property=\"og:image:type\" content=\"image\/jpeg\" \/>\n<meta name=\"twitter:card\" content=\"summary_large_image\" \/>\n<meta name=\"twitter:label1\" content=\"Precio\" \/>\n\t<meta name=\"twitter:data1\" content=\"&#36;3,155 con IVA\" \/>\n\t<meta name=\"twitter:label2\" content=\"Availability\" \/>\n\t<meta name=\"twitter:data2\" content=\"In stock\" \/>\n<script type=\"application\/ld+json\" class=\"yoast-schema-graph\">{\"@context\":\"https:\/\/schema.org\",\"@graph\":[{\"@type\":\"WebPage\",\"@id\":\"https:\/\/compuviper.mx\/tienda\/producto\/tp-link-decox553-pack-router-tp-link-deco-x553-pack-wifi-6-ax3000-5ghz-2402-mbps-802-11ax-2-4ghz-574-mbps-802-11ax-2x2-mu-mimo-sustituye-a-deco-p93-pack\/\",\"url\":\"https:\/\/compuviper.mx\/tienda\/producto\/tp-link-decox553-pack-router-tp-link-deco-x553-pack-wifi-6-ax3000-5ghz-2402-mbps-802-11ax-2-4ghz-574-mbps-802-11ax-2x2-mu-mimo-sustituye-a-deco-p93-pack\/\",\"name\":\"[ Tp Link ] &#129351; Decox55(3-pack) Router Tp-link Deco X553-pack Wifi 6 Ax3000 5ghz 2402 Mbps 802.11ax. 2.4ghz 574 Mbps 802.11ax 2x2 Mu-mimo Sustituye A Deco P93-pack\",\"isPartOf\":{\"@id\":\"https:\/\/compuviper.mx\/tienda\/#website\"},\"datePublished\":\"2026-04-18T07:10:35+00:00\",\"dateModified\":\"2026-04-18T07:10:35+00:00\",\"description\":\"Compra Decox55(3-pack) Router Tp-link Deco X553-pack Wifi 6 Ax3000 5ghz 2402 Mbps 802.11ax. 2.4ghz 574 Mbps 802.11ax 2x2 Mu-mimo Sustituye A Deco P93-pack + Env\u00edo a domicilio + Pago seguro + Garant\u00eda\",\"breadcrumb\":{\"@id\":\"https:\/\/compuviper.mx\/tienda\/producto\/tp-link-decox553-pack-router-tp-link-deco-x553-pack-wifi-6-ax3000-5ghz-2402-mbps-802-11ax-2-4ghz-574-mbps-802-11ax-2x2-mu-mimo-sustituye-a-deco-p93-pack\/#breadcrumb\"},\"inLanguage\":\"es-MX\",\"potentialAction\":[{\"@type\":\"ReadAction\",\"target\":[\"https:\/\/compuviper.mx\/tienda\/producto\/tp-link-decox553-pack-router-tp-link-deco-x553-pack-wifi-6-ax3000-5ghz-2402-mbps-802-11ax-2-4ghz-574-mbps-802-11ax-2x2-mu-mimo-sustituye-a-deco-p93-pack\/\"]}]},{\"@type\":\"BreadcrumbList\",\"@id\":\"https:\/\/compuviper.mx\/tienda\/producto\/tp-link-decox553-pack-router-tp-link-deco-x553-pack-wifi-6-ax3000-5ghz-2402-mbps-802-11ax-2-4ghz-574-mbps-802-11ax-2x2-mu-mimo-sustituye-a-deco-p93-pack\/#breadcrumb\",\"itemListElement\":[{\"@type\":\"ListItem\",\"position\":1,\"name\":\"Inicio\",\"item\":\"https:\/\/compuviper.mx\/tienda\/\"},{\"@type\":\"ListItem\",\"position\":2,\"name\":\"Productos\",\"item\":\"https:\/\/compuviper.mx\/tienda\/productos\/\"},{\"@type\":\"ListItem\",\"position\":3,\"name\":\"Redes\",\"item\":\"https:\/\/compuviper.mx\/tienda\/categoria-producto\/redes\/\"},{\"@type\":\"ListItem\",\"position\":4,\"name\":\"Router\",\"item\":\"https:\/\/compuviper.mx\/tienda\/categoria-producto\/redes\/router\/\"},{\"@type\":\"ListItem\",\"position\":5,\"name\":\"Tp Link Decox55(3-pack) Router Tp-link Deco X553-pack Wifi 6 Ax3000 5ghz 2402 Mbps 802.11ax. 2.4ghz 574 Mbps 802.11ax 2&#215;2 Mu-mimo Sustituye A Deco P93-pack\"}]},{\"@type\":\"WebSite\",\"@id\":\"https:\/\/compuviper.mx\/tienda\/#website\",\"url\":\"https:\/\/compuviper.mx\/tienda\/\",\"name\":\"Compuviper\",\"description\":\"Proveedor de Computadoras, Laptops, Servidores, Monitores, Puntos de Venta, Teclados,   Impresoras, T\u00f3ner, C\u00e1maras de Seguridad y m\u00e1s en tu tienda en l\u00ednea\",\"publisher\":{\"@id\":\"https:\/\/compuviper.mx\/tienda\/#organization\"},\"potentialAction\":[{\"@type\":\"SearchAction\",\"target\":{\"@type\":\"EntryPoint\",\"urlTemplate\":\"https:\/\/compuviper.mx\/tienda\/?s={search_term_string}\"},\"query-input\":\"required name=search_term_string\"}],\"inLanguage\":\"es-MX\"},{\"@type\":\"Organization\",\"@id\":\"https:\/\/compuviper.mx\/tienda\/#organization\",\"name\":\"Compuviper\",\"url\":\"https:\/\/compuviper.mx\/tienda\/\",\"logo\":{\"@type\":\"ImageObject\",\"inLanguage\":\"es-MX\",\"@id\":\"https:\/\/compuviper.mx\/tienda\/#\/schema\/logo\/image\/\",\"url\":\"https:\/\/compuviper.mx\/tienda\/wp-content\/uploads\/2021\/08\/Logo-Compuviper-10.png\",\"contentUrl\":\"https:\/\/compuviper.mx\/tienda\/wp-content\/uploads\/2021\/08\/Logo-Compuviper-10.png\",\"width\":1000,\"height\":500,\"caption\":\"Compuviper\"},\"image\":{\"@id\":\"https:\/\/compuviper.mx\/tienda\/#\/schema\/logo\/image\/\"},\"sameAs\":[\"https:\/\/www.facebook.com\/compuviper\",\"https:\/\/www.youtube.com\/channel\/UCf73dERp9Y3cfOq7q8BhLjA?view_as=subscriber\"]}]}<\/script>\n<meta property=\"product:brand\" content=\"TP LINK\" \/>\n<meta property=\"product:price:amount\" content=\"3155\" \/>\n<meta property=\"product:price:currency\" content=\"MXN\" \/>\n<meta property=\"og:availability\" content=\"instock\" \/>\n<meta property=\"product:availability\" content=\"instock\" \/>\n<meta property=\"product:retailer_item_id\" content=\"DECOX55(3-PACK)\" \/>\n<meta property=\"product:condition\" content=\"new\" \/>\n<!-- \/ Yoast SEO plugin. -->","yoast_head_json":{"title":"[ Tp Link ] &#129351; Decox55(3-pack) Router Tp-link Deco X553-pack Wifi 6 Ax3000 5ghz 2402 Mbps 802.11ax. 2.4ghz 574 Mbps 802.11ax 2x2 Mu-mimo Sustituye A Deco P93-pack","description":"Compra Decox55(3-pack) Router Tp-link Deco X553-pack Wifi 6 Ax3000 5ghz 2402 Mbps 802.11ax. 2.4ghz 574 Mbps 802.11ax 2x2 Mu-mimo Sustituye A Deco P93-pack + Env\u00edo a domicilio + Pago seguro + Garant\u00eda","robots":{"index":"index","follow":"follow","max-snippet":"max-snippet:-1","max-image-preview":"max-image-preview:large","max-video-preview":"max-video-preview:-1"},"canonical":"https:\/\/compuviper.mx\/tienda\/producto\/tp-link-decox553-pack-router-tp-link-deco-x553-pack-wifi-6-ax3000-5ghz-2402-mbps-802-11ax-2-4ghz-574-mbps-802-11ax-2x2-mu-mimo-sustituye-a-deco-p93-pack\/","og_locale":"es_MX","og_type":"article","og_title":"[ Tp Link ] &#129351; Decox55(3-pack) Router Tp-link Deco X553-pack Wifi 6 Ax3000 5ghz 2402 Mbps 802.11ax. 2.4ghz 574 Mbps 802.11ax 2x2 Mu-mimo Sustituye A Deco P93-pack","og_description":"Compra Decox55(3-pack) Router Tp-link Deco X553-pack Wifi 6 Ax3000 5ghz 2402 Mbps 802.11ax. 2.4ghz 574 Mbps 802.11ax 2x2 Mu-mimo Sustituye A Deco P93-pack + Env\u00edo a domicilio + Pago seguro + Garant\u00eda","og_url":"https:\/\/compuviper.mx\/tienda\/producto\/tp-link-decox553-pack-router-tp-link-deco-x553-pack-wifi-6-ax3000-5ghz-2402-mbps-802-11ax-2-4ghz-574-mbps-802-11ax-2x2-mu-mimo-sustituye-a-deco-p93-pack\/","og_site_name":"Compuviper","article_publisher":"https:\/\/www.facebook.com\/compuviper","og_image":[{"width":200,"height":200,"url":"https:\/\/compuviper.mx\/tienda\/wp-content\/uploads\/2023\/12\/Router-tp-link-deco-x553-pack-wifi-6-ax3000-5ghz-2402-mbps-802.11ax.-2.4ghz-574-mbps-802.11ax-2x2-mu-mimo-cubre-hasta-1981-mts-cuadrados-sustituye-a-deco-p93-pack.jpg","type":"image\/jpeg"}],"twitter_card":"summary_large_image","twitter_misc":{"Precio":"&#36;3,155 con IVA","Availability":"In stock"},"schema":{"@context":"https:\/\/schema.org","@graph":[{"@type":"WebPage","@id":"https:\/\/compuviper.mx\/tienda\/producto\/tp-link-decox553-pack-router-tp-link-deco-x553-pack-wifi-6-ax3000-5ghz-2402-mbps-802-11ax-2-4ghz-574-mbps-802-11ax-2x2-mu-mimo-sustituye-a-deco-p93-pack\/","url":"https:\/\/compuviper.mx\/tienda\/producto\/tp-link-decox553-pack-router-tp-link-deco-x553-pack-wifi-6-ax3000-5ghz-2402-mbps-802-11ax-2-4ghz-574-mbps-802-11ax-2x2-mu-mimo-sustituye-a-deco-p93-pack\/","name":"[ Tp Link ] &#129351; Decox55(3-pack) Router Tp-link Deco X553-pack Wifi 6 Ax3000 5ghz 2402 Mbps 802.11ax. 2.4ghz 574 Mbps 802.11ax 2x2 Mu-mimo Sustituye A Deco P93-pack","isPartOf":{"@id":"https:\/\/compuviper.mx\/tienda\/#website"},"datePublished":"2026-04-18T07:10:35+00:00","dateModified":"2026-04-18T07:10:35+00:00","description":"Compra Decox55(3-pack) Router Tp-link Deco X553-pack Wifi 6 Ax3000 5ghz 2402 Mbps 802.11ax. 2.4ghz 574 Mbps 802.11ax 2x2 Mu-mimo Sustituye A Deco P93-pack + Env\u00edo a domicilio + Pago seguro + Garant\u00eda","breadcrumb":{"@id":"https:\/\/compuviper.mx\/tienda\/producto\/tp-link-decox553-pack-router-tp-link-deco-x553-pack-wifi-6-ax3000-5ghz-2402-mbps-802-11ax-2-4ghz-574-mbps-802-11ax-2x2-mu-mimo-sustituye-a-deco-p93-pack\/#breadcrumb"},"inLanguage":"es-MX","potentialAction":[{"@type":"ReadAction","target":["https:\/\/compuviper.mx\/tienda\/producto\/tp-link-decox553-pack-router-tp-link-deco-x553-pack-wifi-6-ax3000-5ghz-2402-mbps-802-11ax-2-4ghz-574-mbps-802-11ax-2x2-mu-mimo-sustituye-a-deco-p93-pack\/"]}]},{"@type":"BreadcrumbList","@id":"https:\/\/compuviper.mx\/tienda\/producto\/tp-link-decox553-pack-router-tp-link-deco-x553-pack-wifi-6-ax3000-5ghz-2402-mbps-802-11ax-2-4ghz-574-mbps-802-11ax-2x2-mu-mimo-sustituye-a-deco-p93-pack\/#breadcrumb","itemListElement":[{"@type":"ListItem","position":1,"name":"Inicio","item":"https:\/\/compuviper.mx\/tienda\/"},{"@type":"ListItem","position":2,"name":"Productos","item":"https:\/\/compuviper.mx\/tienda\/productos\/"},{"@type":"ListItem","position":3,"name":"Redes","item":"https:\/\/compuviper.mx\/tienda\/categoria-producto\/redes\/"},{"@type":"ListItem","position":4,"name":"Router","item":"https:\/\/compuviper.mx\/tienda\/categoria-producto\/redes\/router\/"},{"@type":"ListItem","position":5,"name":"Tp Link Decox55(3-pack) Router Tp-link Deco X553-pack Wifi 6 Ax3000 5ghz 2402 Mbps 802.11ax. 2.4ghz 574 Mbps 802.11ax 2&#215;2 Mu-mimo Sustituye A Deco P93-pack"}]},{"@type":"WebSite","@id":"https:\/\/compuviper.mx\/tienda\/#website","url":"https:\/\/compuviper.mx\/tienda\/","name":"Compuviper","description":"Proveedor de Computadoras, Laptops, Servidores, Monitores, Puntos de Venta, Teclados,   Impresoras, T\u00f3ner, C\u00e1maras de Seguridad y m\u00e1s en tu tienda en l\u00ednea","publisher":{"@id":"https:\/\/compuviper.mx\/tienda\/#organization"},"potentialAction":[{"@type":"SearchAction","target":{"@type":"EntryPoint","urlTemplate":"https:\/\/compuviper.mx\/tienda\/?s={search_term_string}"},"query-input":"required name=search_term_string"}],"inLanguage":"es-MX"},{"@type":"Organization","@id":"https:\/\/compuviper.mx\/tienda\/#organization","name":"Compuviper","url":"https:\/\/compuviper.mx\/tienda\/","logo":{"@type":"ImageObject","inLanguage":"es-MX","@id":"https:\/\/compuviper.mx\/tienda\/#\/schema\/logo\/image\/","url":"https:\/\/compuviper.mx\/tienda\/wp-content\/uploads\/2021\/08\/Logo-Compuviper-10.png","contentUrl":"https:\/\/compuviper.mx\/tienda\/wp-content\/uploads\/2021\/08\/Logo-Compuviper-10.png","width":1000,"height":500,"caption":"Compuviper"},"image":{"@id":"https:\/\/compuviper.mx\/tienda\/#\/schema\/logo\/image\/"},"sameAs":["https:\/\/www.facebook.com\/compuviper","https:\/\/www.youtube.com\/channel\/UCf73dERp9Y3cfOq7q8BhLjA?view_as=subscriber"]}]},"product_brand":"TP LINK","product_price_amount":"3155","product_price_currency":"MXN","og_availability":"instock","product_availability":"instock","product_retailer_item_id":"DECOX55(3-PACK)","product_condition":"new"},"_links":{"self":[{"href":"https:\/\/compuviper.mx\/tienda\/wp-json\/wp\/v2\/product\/221260"}],"collection":[{"href":"https:\/\/compuviper.mx\/tienda\/wp-json\/wp\/v2\/product"}],"about":[{"href":"https:\/\/compuviper.mx\/tienda\/wp-json\/wp\/v2\/types\/product"}],"replies":[{"embeddable":true,"href":"https:\/\/compuviper.mx\/tienda\/wp-json\/wp\/v2\/comments?post=221260"}],"wp:featuredmedia":[{"embeddable":true,"href":"https:\/\/compuviper.mx\/tienda\/wp-json\/wp\/v2\/media\/221261"}],"wp:attachment":[{"href":"https:\/\/compuviper.mx\/tienda\/wp-json\/wp\/v2\/media?parent=221260"}],"wp:term":[{"taxonomy":"product_cat","embeddable":true,"href":"https:\/\/compuviper.mx\/tienda\/wp-json\/wp\/v2\/product_cat?post=221260"},{"taxonomy":"product_tag","embeddable":true,"href":"https:\/\/compuviper.mx\/tienda\/wp-json\/wp\/v2\/product_tag?post=221260"}],"curies":[{"name":"wp","href":"https:\/\/api.w.org\/{rel}","templated":true}]}}