{"id":221256,"date":"2026-04-11T01:03:39","date_gmt":"2026-04-11T07:03:39","guid":{"rendered":"https:\/\/compuviper.mx\/tienda\/producto\/tp-link-eap235-wall-acces-point-tp-link-omada-inalambrico-gigabit-mu-mimo-ac1200-pared-wi-fi-doble-banda-300-mbps-2-4-ghz-y-867-mbps-en-5-ghz-4-ptos-4-x-10-100-mbps-ethernet-sustituye-a-eap\/"},"modified":"2026-04-11T01:03:39","modified_gmt":"2026-04-11T07:03:39","slug":"tp-link-eap235-wall-access-point-tp-link-omada-ac1200-wireless-mu-mimo-gigabit-wall-plane","status":"publish","type":"product","link":"https:\/\/compuviper.mx\/tienda\/producto\/tp-link-eap235-wall-access-point-tp-link-omada-ac1200-wireless-mu-mimo-gigabit-wall-plane\/","title":{"rendered":"Tp Link Eap235-wall Access Point Tp-link  Omada Ac1200 Wireless Mu-mimo Gigabit Wall Plane"},"content":{"rendered":"<table class=\"descripcion\">\n<tr>\n<td>Caractersticas de hardware<\/td>\n<\/tr>\n<tr>\n<td>Interface\u0095 uplink: 1 10\/100 mbps ethernet port<\/td>\n<\/tr>\n<tr>\n<td>\u0095 downlink: 3 10\/100 mbps ethernet ports one port supports poe out. the poe out feature requires 802.3at poe input and the maximum output is 13 w.<\/td>\n<\/tr>\n<tr>\n<td>Cerradura de seguridad fsicayes<\/td>\n<\/tr>\n<tr>\n<td>Botnreset<\/td>\n<\/tr>\n<tr>\n<td>Fuente de alimentacin802.3af\/802.3at poe<\/td>\n<\/tr>\n<tr>\n<td>Consumo de energa9 watts \/25.5 watts poe out included<\/td>\n<\/tr>\n<tr>\n<td>Dimensiones143  86  19.7 mm 5.6  3.4  0.8 in<\/td>\n<\/tr>\n<tr>\n<td>Antena2 dual-band antennas<\/td>\n<\/tr>\n<tr>\n<td>\u0095 2.4 ghz: 2 3 dbi<\/td>\n<\/tr>\n<tr>\n<td>\u0095 5 ghz: 2 4 dbi<\/td>\n<\/tr>\n<tr>\n<td>Montajewall plate mounting<\/td>\n<\/tr>\n<tr>\n<td>Caractersticas inal\u00e1mbricas<\/td>\n<\/tr>\n<tr>\n<td>Est\u00e1ndares inal\u00e1mbricosieee 802.11n\/g\/b\/ac<\/td>\n<\/tr>\n<tr>\n<td>Frecuencia2.4 ghz and 5 ghz<\/td>\n<\/tr>\n<tr>\n<td>Tasa de seal\u0095 5 ghz: up to 867 mbps<\/td>\n<\/tr>\n<tr>\n<td>\u0095 2.4 ghz: up to 300 mbps<\/td>\n<\/tr>\n<tr>\n<td>Funciones inal\u00e1mbricas\u0095 16 ssids up to 8 ssids on each band<\/td>\n<\/tr>\n<tr>\n<td>\u0095 enable\/disable wireless radio<\/td>\n<\/tr>\n<tr>\n<td>\u0095 automatic channel assignment<\/td>\n<\/tr>\n<tr>\n<td>\u0095 transmit power control adjust transmit power on dbm<\/td>\n<\/tr>\n<tr>\n<td>\u0095 qoswmm<\/td>\n<\/tr>\n<tr>\n<td>\u0095 load balance<\/td>\n<\/tr>\n<tr>\n<td>\u0095 rate limit<\/td>\n<\/tr>\n<tr>\n<td>\u0095 reboot schedule<\/td>\n<\/tr>\n<tr>\n<td>\u0095 wireless schedule<\/td>\n<\/tr>\n<tr>\n<td>\u0095 wireless statistics based on ssid\/ap\/client<\/td>\n<\/tr>\n<tr>\n<td>Seguridad inal\u00e1mbrica\u0095 captive portal authentication<\/td>\n<\/tr>\n<tr>\n<td>\u0095 access control<\/td>\n<\/tr>\n<tr>\n<td>\u0095 wireless mac address filtering<\/td>\n<\/tr>\n<tr>\n<td>\u0095 wireless isolation between clients<\/td>\n<\/tr>\n<tr>\n<td>\u0095 ssid to vlan mapping<\/td>\n<\/tr>\n<tr>\n<td>\u0095 local lan port based vlan<\/td>\n<\/tr>\n<tr>\n<td>\u0095 rogue ap detection<\/td>\n<\/tr>\n<tr>\n<td>\u0095 802.1x support<\/td>\n<\/tr>\n<tr>\n<td>\u0095 64\/128\/152-bit wep \/ wpa \/ wpa2-enterprise, wpa-psk \/ wpa2-psk<\/td>\n<\/tr>\n<tr>\n<td>Potencia de transmisin\u0095 ce:<\/td>\n<\/tr>\n<tr>\n<td> and 8804;20 dbm 2.4 ghz, eirp<\/td>\n<\/tr>\n<tr>\n<td> and 8804;23 dbm 5 ghz, eirp<\/td>\n<\/tr>\n<tr>\n<td>\u0095 fcc:<\/td>\n<\/tr>\n<tr>\n<td> and 8804;21 dbm 2.4 ghz<\/td>\n<\/tr>\n<tr>\n<td> and 8804;21 dbm 5 ghz<\/td>\n<\/tr>\n<tr>\n<td>Administracin<\/td>\n<\/tr>\n<tr>\n<td>Omada appyes<\/td>\n<\/tr>\n<tr>\n<td>Centralized management\u0095 omada cloud-based controller<\/td>\n<\/tr>\n<tr>\n<td>\u0095 omada hardware controller oc300<\/td>\n<\/tr>\n<tr>\n<td>\u0095 omada hardware controller oc200<\/td>\n<\/tr>\n<tr>\n<td>\u0095 omada software controller<\/td>\n<\/tr>\n<tr>\n<td>Cloud accessyes through oc300, oc200, omada cloud-based controller, or omada software controller<\/td>\n<\/tr>\n<tr>\n<td>Alertas de correo electrnicoyes<\/td>\n<\/tr>\n<tr>\n<td>Led on\/off controlyes<\/td>\n<\/tr>\n<tr>\n<td>Management mac access controlyes<\/td>\n<\/tr>\n<tr>\n<td>Snmpv1,v2c<\/td>\n<\/tr>\n<tr>\n<td>System logging local\/remote sysloglocal\/remote syslog<\/td>\n<\/tr>\n<tr>\n<td>Sshyes<\/td>\n<\/tr>\n<tr>\n<td>Web-based managementhttp\/https<\/td>\n<\/tr>\n<tr>\n<td>L3 managementyes<\/td>\n<\/tr>\n<tr>\n<td>Multi-site managementyes<\/td>\n<\/tr>\n<tr>\n<td>Management vlanyes<\/td>\n<\/tr>\n<tr>\n<td>Otros<\/td>\n<\/tr>\n<tr>\n<td>Certificacionce, fcc, rohs<\/td>\n<\/tr>\n<tr>\n<td>Contenidos del paquete\u0095 omada ac1200 wireless mu-mimo wall-plate access point eap225-wall<\/td>\n<\/tr>\n<tr>\n<td>\u0095 installation guide<\/td>\n<\/tr>\n<tr>\n<td>\u0095 mounting screw<\/td>\n<\/tr>\n<tr>\n<td>Requisitos del sistemamicrosoft windows xp, vista, windows 7, windows 8, windows10<\/td>\n<\/tr>\n<tr>\n<td>Ambiente\u0095 operating temperature: 0\u009640  and 8451; 32\u0096104  and 8457;<\/td>\n<\/tr>\n<tr>\n<td>\u0095 storage temperature: -40\u009670  and 8451; -40\u0096158  and 8457;<\/td>\n<\/tr>\n<tr>\n<td>\u0095 operating humidity: 10\u009690 rh non-condensing<\/td>\n<\/tr>\n<tr>\n<td>\u0095 storage humidity: 5\u009690 rh non-condensing<\/td>\n<\/tr>\n<\/table>\n","protected":false},"excerpt":{"rendered":"<p>Wi-fi r\u00e1pido de doble banda: 300 mbps simult\u00e1neos en 2.4 ghz y 867 mbps en 5 ghz total 1,167 mbps velocidades wi-fi con mu-mimo.?. \u0095 cuatro puertos: 4 puertos ethernet de 10\/100 mbps 1 de enlace ascendente  3 de enlace de descenso, con un puerto de enlace de descenso que admite paso a travs de poe para proporcionar alimentacin para dispositivos con cable. \u0095 integrado en omada sdn: aprovisionamiento sin contacto ztp\u0087, gestin centralizada de la nube y monitoreo inteligente. \u0095 administracin centralizada: acceso a la nube y aplicacin omada para una gestin ultra conveniente y f\u00e1cil. \u0095 apariencia elegante: el diseo ultra delgado y visible se combina en habitaciones de hotel, hospitales, oficinas, dormitorio y cualquier otro entorno. \u0095 instalacin f\u00e1cil y soporte poe: construccin de montaje f\u00e1cil, compatible con caja de conexiones est\u00e1ndar de 86 mm y ue y ee. Uu. Y soporte poe 802.3af\/at. \u0095 red de invitados segura: junto con mltiples opciones de autenticacin sms\/facebook wi-fi\/bonos, etc. Y abundantes tecnologas de seguridad inal\u00e1mbrica. \u0095 tecnologa inal\u00e1mbrica avanzada: optimice el rendimiento de la red con tecnologas mu-mimo, direccin de banda y conformacin de haz<\/p>\n","protected":false},"featured_media":221257,"comment_status":"open","ping_status":"open","template":"","meta":[],"product_cat":[1563,1754],"product_tag":[1562],"acf":[],"yoast_head":"<!-- This site is optimized with the Yoast SEO plugin v21.7 - https:\/\/yoast.com\/wordpress\/plugins\/seo\/ -->\n<title>[ Tp Link ] &#129351; Eap235-wall Access Point Tp-link Omada Ac1200 Wireless Mu-mimo Gigabit Wall Plane<\/title>\n<meta name=\"description\" content=\"Compra Eap235-wall Access Point Tp-link Omada Ac1200 Wireless Mu-mimo Gigabit Wall Plane + Env\u00edo a domicilio + Pago seguro + Garant\u00eda\" \/>\n<meta name=\"robots\" content=\"index, follow, max-snippet:-1, max-image-preview:large, max-video-preview:-1\" \/>\n<link rel=\"canonical\" href=\"https:\/\/compuviper.mx\/tienda\/producto\/tp-link-eap235-wall-access-point-tp-link-omada-ac1200-wireless-mu-mimo-gigabit-wall-plane\/\" \/>\n<meta property=\"og:locale\" content=\"es_MX\" \/>\n<meta property=\"og:type\" content=\"article\" \/>\n<meta property=\"og:title\" content=\"[ Tp Link ] &#129351; Eap235-wall Access Point Tp-link Omada Ac1200 Wireless Mu-mimo Gigabit Wall Plane\" \/>\n<meta property=\"og:description\" content=\"Compra Eap235-wall Access Point Tp-link Omada Ac1200 Wireless Mu-mimo Gigabit Wall Plane + Env\u00edo a domicilio + Pago seguro + Garant\u00eda\" \/>\n<meta property=\"og:url\" content=\"https:\/\/compuviper.mx\/tienda\/producto\/tp-link-eap235-wall-access-point-tp-link-omada-ac1200-wireless-mu-mimo-gigabit-wall-plane\/\" \/>\n<meta property=\"og:site_name\" content=\"Compuviper\" \/>\n<meta property=\"article:publisher\" content=\"https:\/\/www.facebook.com\/compuviper\" \/>\n<meta property=\"og:image\" content=\"https:\/\/compuviper.mx\/tienda\/wp-content\/uploads\/2023\/12\/Acces-point-tp-link-omada-eap235-wall-inalambrico-gigabit-mu-mimo-ac1200-pared-wi-fi-doble-banda-300-mbps-2.4-ghz-y-867-mbps-en-5-ghz-4-ptos-4-x-10100-mbps-ethernet-sustituye-a-eap225-wall.jpg\" \/>\n\t<meta property=\"og:image:width\" content=\"200\" \/>\n\t<meta property=\"og:image:height\" content=\"200\" \/>\n\t<meta property=\"og:image:type\" content=\"image\/jpeg\" \/>\n<meta name=\"twitter:card\" content=\"summary_large_image\" \/>\n<meta name=\"twitter:label1\" content=\"Precio\" \/>\n\t<meta name=\"twitter:data1\" content=\"&#36;1,164 con IVA\" \/>\n\t<meta name=\"twitter:label2\" content=\"Availability\" \/>\n\t<meta name=\"twitter:data2\" content=\"Out of stock\" \/>\n<script type=\"application\/ld+json\" class=\"yoast-schema-graph\">{\"@context\":\"https:\/\/schema.org\",\"@graph\":[{\"@type\":\"WebPage\",\"@id\":\"https:\/\/compuviper.mx\/tienda\/producto\/tp-link-eap235-wall-access-point-tp-link-omada-ac1200-wireless-mu-mimo-gigabit-wall-plane\/\",\"url\":\"https:\/\/compuviper.mx\/tienda\/producto\/tp-link-eap235-wall-access-point-tp-link-omada-ac1200-wireless-mu-mimo-gigabit-wall-plane\/\",\"name\":\"[ Tp Link ] &#129351; Eap235-wall Access Point Tp-link Omada Ac1200 Wireless Mu-mimo Gigabit Wall Plane\",\"isPartOf\":{\"@id\":\"https:\/\/compuviper.mx\/tienda\/#website\"},\"datePublished\":\"2026-04-11T07:03:39+00:00\",\"dateModified\":\"2026-04-11T07:03:39+00:00\",\"description\":\"Compra Eap235-wall Access Point Tp-link Omada Ac1200 Wireless Mu-mimo Gigabit Wall Plane + Env\u00edo a domicilio + Pago seguro + Garant\u00eda\",\"breadcrumb\":{\"@id\":\"https:\/\/compuviper.mx\/tienda\/producto\/tp-link-eap235-wall-access-point-tp-link-omada-ac1200-wireless-mu-mimo-gigabit-wall-plane\/#breadcrumb\"},\"inLanguage\":\"es-MX\",\"potentialAction\":[{\"@type\":\"ReadAction\",\"target\":[\"https:\/\/compuviper.mx\/tienda\/producto\/tp-link-eap235-wall-access-point-tp-link-omada-ac1200-wireless-mu-mimo-gigabit-wall-plane\/\"]}]},{\"@type\":\"BreadcrumbList\",\"@id\":\"https:\/\/compuviper.mx\/tienda\/producto\/tp-link-eap235-wall-access-point-tp-link-omada-ac1200-wireless-mu-mimo-gigabit-wall-plane\/#breadcrumb\",\"itemListElement\":[{\"@type\":\"ListItem\",\"position\":1,\"name\":\"Inicio\",\"item\":\"https:\/\/compuviper.mx\/tienda\/\"},{\"@type\":\"ListItem\",\"position\":2,\"name\":\"Productos\",\"item\":\"https:\/\/compuviper.mx\/tienda\/productos\/\"},{\"@type\":\"ListItem\",\"position\":3,\"name\":\"Redes\",\"item\":\"https:\/\/compuviper.mx\/tienda\/categoria-producto\/redes\/\"},{\"@type\":\"ListItem\",\"position\":4,\"name\":\"Access Point\",\"item\":\"https:\/\/compuviper.mx\/tienda\/categoria-producto\/redes\/access-point\/\"},{\"@type\":\"ListItem\",\"position\":5,\"name\":\"Tp Link Eap235-wall Access Point Tp-link Omada Ac1200 Wireless Mu-mimo Gigabit Wall Plane\"}]},{\"@type\":\"WebSite\",\"@id\":\"https:\/\/compuviper.mx\/tienda\/#website\",\"url\":\"https:\/\/compuviper.mx\/tienda\/\",\"name\":\"Compuviper\",\"description\":\"Proveedor de Computadoras, Laptops, Servidores, Monitores, Puntos de Venta, Teclados,   Impresoras, T\u00f3ner, C\u00e1maras de Seguridad y m\u00e1s en tu tienda en l\u00ednea\",\"publisher\":{\"@id\":\"https:\/\/compuviper.mx\/tienda\/#organization\"},\"potentialAction\":[{\"@type\":\"SearchAction\",\"target\":{\"@type\":\"EntryPoint\",\"urlTemplate\":\"https:\/\/compuviper.mx\/tienda\/?s={search_term_string}\"},\"query-input\":\"required name=search_term_string\"}],\"inLanguage\":\"es-MX\"},{\"@type\":\"Organization\",\"@id\":\"https:\/\/compuviper.mx\/tienda\/#organization\",\"name\":\"Compuviper\",\"url\":\"https:\/\/compuviper.mx\/tienda\/\",\"logo\":{\"@type\":\"ImageObject\",\"inLanguage\":\"es-MX\",\"@id\":\"https:\/\/compuviper.mx\/tienda\/#\/schema\/logo\/image\/\",\"url\":\"https:\/\/compuviper.mx\/tienda\/wp-content\/uploads\/2021\/08\/Logo-Compuviper-10.png\",\"contentUrl\":\"https:\/\/compuviper.mx\/tienda\/wp-content\/uploads\/2021\/08\/Logo-Compuviper-10.png\",\"width\":1000,\"height\":500,\"caption\":\"Compuviper\"},\"image\":{\"@id\":\"https:\/\/compuviper.mx\/tienda\/#\/schema\/logo\/image\/\"},\"sameAs\":[\"https:\/\/www.facebook.com\/compuviper\",\"https:\/\/www.youtube.com\/channel\/UCf73dERp9Y3cfOq7q8BhLjA?view_as=subscriber\"]}]}<\/script>\n<meta property=\"product:brand\" content=\"TP LINK\" \/>\n<meta property=\"product:price:amount\" content=\"1164\" \/>\n<meta property=\"product:price:currency\" content=\"MXN\" \/>\n<meta property=\"og:availability\" content=\"out of stock\" \/>\n<meta property=\"product:availability\" content=\"out of stock\" \/>\n<meta property=\"product:retailer_item_id\" content=\"EAP235-WALL\" \/>\n<meta property=\"product:condition\" content=\"new\" \/>\n<!-- \/ Yoast SEO plugin. -->","yoast_head_json":{"title":"[ Tp Link ] &#129351; Eap235-wall Access Point Tp-link Omada Ac1200 Wireless Mu-mimo Gigabit Wall Plane","description":"Compra Eap235-wall Access Point Tp-link Omada Ac1200 Wireless Mu-mimo Gigabit Wall Plane + Env\u00edo a domicilio + Pago seguro + Garant\u00eda","robots":{"index":"index","follow":"follow","max-snippet":"max-snippet:-1","max-image-preview":"max-image-preview:large","max-video-preview":"max-video-preview:-1"},"canonical":"https:\/\/compuviper.mx\/tienda\/producto\/tp-link-eap235-wall-access-point-tp-link-omada-ac1200-wireless-mu-mimo-gigabit-wall-plane\/","og_locale":"es_MX","og_type":"article","og_title":"[ Tp Link ] &#129351; Eap235-wall Access Point Tp-link Omada Ac1200 Wireless Mu-mimo Gigabit Wall Plane","og_description":"Compra Eap235-wall Access Point Tp-link Omada Ac1200 Wireless Mu-mimo Gigabit Wall Plane + Env\u00edo a domicilio + Pago seguro + Garant\u00eda","og_url":"https:\/\/compuviper.mx\/tienda\/producto\/tp-link-eap235-wall-access-point-tp-link-omada-ac1200-wireless-mu-mimo-gigabit-wall-plane\/","og_site_name":"Compuviper","article_publisher":"https:\/\/www.facebook.com\/compuviper","og_image":[{"width":200,"height":200,"url":"https:\/\/compuviper.mx\/tienda\/wp-content\/uploads\/2023\/12\/Acces-point-tp-link-omada-eap235-wall-inalambrico-gigabit-mu-mimo-ac1200-pared-wi-fi-doble-banda-300-mbps-2.4-ghz-y-867-mbps-en-5-ghz-4-ptos-4-x-10100-mbps-ethernet-sustituye-a-eap225-wall.jpg","type":"image\/jpeg"}],"twitter_card":"summary_large_image","twitter_misc":{"Precio":"&#36;1,164 con IVA","Availability":"Out of stock"},"schema":{"@context":"https:\/\/schema.org","@graph":[{"@type":"WebPage","@id":"https:\/\/compuviper.mx\/tienda\/producto\/tp-link-eap235-wall-access-point-tp-link-omada-ac1200-wireless-mu-mimo-gigabit-wall-plane\/","url":"https:\/\/compuviper.mx\/tienda\/producto\/tp-link-eap235-wall-access-point-tp-link-omada-ac1200-wireless-mu-mimo-gigabit-wall-plane\/","name":"[ Tp Link ] &#129351; Eap235-wall Access Point Tp-link Omada Ac1200 Wireless Mu-mimo Gigabit Wall Plane","isPartOf":{"@id":"https:\/\/compuviper.mx\/tienda\/#website"},"datePublished":"2026-04-11T07:03:39+00:00","dateModified":"2026-04-11T07:03:39+00:00","description":"Compra Eap235-wall Access Point Tp-link Omada Ac1200 Wireless Mu-mimo Gigabit Wall Plane + Env\u00edo a domicilio + Pago seguro + Garant\u00eda","breadcrumb":{"@id":"https:\/\/compuviper.mx\/tienda\/producto\/tp-link-eap235-wall-access-point-tp-link-omada-ac1200-wireless-mu-mimo-gigabit-wall-plane\/#breadcrumb"},"inLanguage":"es-MX","potentialAction":[{"@type":"ReadAction","target":["https:\/\/compuviper.mx\/tienda\/producto\/tp-link-eap235-wall-access-point-tp-link-omada-ac1200-wireless-mu-mimo-gigabit-wall-plane\/"]}]},{"@type":"BreadcrumbList","@id":"https:\/\/compuviper.mx\/tienda\/producto\/tp-link-eap235-wall-access-point-tp-link-omada-ac1200-wireless-mu-mimo-gigabit-wall-plane\/#breadcrumb","itemListElement":[{"@type":"ListItem","position":1,"name":"Inicio","item":"https:\/\/compuviper.mx\/tienda\/"},{"@type":"ListItem","position":2,"name":"Productos","item":"https:\/\/compuviper.mx\/tienda\/productos\/"},{"@type":"ListItem","position":3,"name":"Redes","item":"https:\/\/compuviper.mx\/tienda\/categoria-producto\/redes\/"},{"@type":"ListItem","position":4,"name":"Access Point","item":"https:\/\/compuviper.mx\/tienda\/categoria-producto\/redes\/access-point\/"},{"@type":"ListItem","position":5,"name":"Tp Link Eap235-wall Access Point Tp-link Omada Ac1200 Wireless Mu-mimo Gigabit Wall Plane"}]},{"@type":"WebSite","@id":"https:\/\/compuviper.mx\/tienda\/#website","url":"https:\/\/compuviper.mx\/tienda\/","name":"Compuviper","description":"Proveedor de Computadoras, Laptops, Servidores, Monitores, Puntos de Venta, Teclados,   Impresoras, T\u00f3ner, C\u00e1maras de Seguridad y m\u00e1s en tu tienda en l\u00ednea","publisher":{"@id":"https:\/\/compuviper.mx\/tienda\/#organization"},"potentialAction":[{"@type":"SearchAction","target":{"@type":"EntryPoint","urlTemplate":"https:\/\/compuviper.mx\/tienda\/?s={search_term_string}"},"query-input":"required name=search_term_string"}],"inLanguage":"es-MX"},{"@type":"Organization","@id":"https:\/\/compuviper.mx\/tienda\/#organization","name":"Compuviper","url":"https:\/\/compuviper.mx\/tienda\/","logo":{"@type":"ImageObject","inLanguage":"es-MX","@id":"https:\/\/compuviper.mx\/tienda\/#\/schema\/logo\/image\/","url":"https:\/\/compuviper.mx\/tienda\/wp-content\/uploads\/2021\/08\/Logo-Compuviper-10.png","contentUrl":"https:\/\/compuviper.mx\/tienda\/wp-content\/uploads\/2021\/08\/Logo-Compuviper-10.png","width":1000,"height":500,"caption":"Compuviper"},"image":{"@id":"https:\/\/compuviper.mx\/tienda\/#\/schema\/logo\/image\/"},"sameAs":["https:\/\/www.facebook.com\/compuviper","https:\/\/www.youtube.com\/channel\/UCf73dERp9Y3cfOq7q8BhLjA?view_as=subscriber"]}]},"product_brand":"TP LINK","product_price_amount":"1164","product_price_currency":"MXN","og_availability":"out of stock","product_availability":"out of stock","product_retailer_item_id":"EAP235-WALL","product_condition":"new"},"_links":{"self":[{"href":"https:\/\/compuviper.mx\/tienda\/wp-json\/wp\/v2\/product\/221256"}],"collection":[{"href":"https:\/\/compuviper.mx\/tienda\/wp-json\/wp\/v2\/product"}],"about":[{"href":"https:\/\/compuviper.mx\/tienda\/wp-json\/wp\/v2\/types\/product"}],"replies":[{"embeddable":true,"href":"https:\/\/compuviper.mx\/tienda\/wp-json\/wp\/v2\/comments?post=221256"}],"wp:featuredmedia":[{"embeddable":true,"href":"https:\/\/compuviper.mx\/tienda\/wp-json\/wp\/v2\/media\/221257"}],"wp:attachment":[{"href":"https:\/\/compuviper.mx\/tienda\/wp-json\/wp\/v2\/media?parent=221256"}],"wp:term":[{"taxonomy":"product_cat","embeddable":true,"href":"https:\/\/compuviper.mx\/tienda\/wp-json\/wp\/v2\/product_cat?post=221256"},{"taxonomy":"product_tag","embeddable":true,"href":"https:\/\/compuviper.mx\/tienda\/wp-json\/wp\/v2\/product_tag?post=221256"}],"curies":[{"name":"wp","href":"https:\/\/api.w.org\/{rel}","templated":true}]}}