{"id":221240,"date":"2026-04-10T00:59:51","date_gmt":"2026-04-10T06:59:51","guid":{"rendered":"https:\/\/compuviper.mx\/tienda\/producto\/cyberpower-rccard100-tarjeta-de-monitoreo-conexin-ethernet-rj-45-software-powerpanel-cloud-garanta-de-3-aos\/"},"modified":"2026-04-10T00:59:51","modified_gmt":"2026-04-10T06:59:51","slug":"cyberpower-rccard100-tarjeta-de-monitoreo-conexin-ethernet-rj-45-software-powerpanel-cloud-garanta-de-3-aos","status":"publish","type":"product","link":"https:\/\/compuviper.mx\/tienda\/producto\/cyberpower-rccard100-tarjeta-de-monitoreo-conexin-ethernet-rj-45-software-powerpanel-cloud-garanta-de-3-aos\/","title":{"rendered":"Cyberpower Rccard100 Tarjeta De Monitoreo  () Conexi?n Ethernet Rj-45, Software Powerpanel? Cloud. Garant?a De 3 A?os."},"content":{"rendered":"<table class=\"descripcion\">\n<tr>\n<td>General<\/td>\n<\/tr>\n<tr>\n<td>Protocolo de enlace de datos ethernet 100base-tx,<\/td>\n<\/tr>\n<tr>\n<td>Ethernet 10base-t<\/td>\n<\/tr>\n<tr>\n<td>Protecci\u00f3n de red rj45 ethernet rj45<\/td>\n<\/tr>\n<tr>\n<td>Indicadores led tx\/rx, link<\/td>\n<\/tr>\n<tr>\n<td>Color negro<\/td>\n<\/tr>\n<tr>\n<td>Dimensiones f\u00edsicas<\/td>\n<\/tr>\n<tr>\n<td>Dimensiones f\u00edsicas &#8211; wxhxd (cm) 5.41 x 3.61 x 7.62 cm<\/td>\n<\/tr>\n<tr>\n<td>Dimensiones f\u00edsicas &#8211; wxhxd (mm) 54 x 36 x 76 mm<\/td>\n<\/tr>\n<tr>\n<td>Dimensiones f\u00edsicas &#8211; wxhxd (in) 2.13 x 1.42 x 3 in<\/td>\n<\/tr>\n<tr>\n<td>Peso (kg) 0.03<\/td>\n<\/tr>\n<tr>\n<td>Peso (lb) 0.07<\/td>\n<\/tr>\n<tr>\n<td>Dimensiones de env\u00edo<\/td>\n<\/tr>\n<tr>\n<td>Dimensiones de env\u00edo &#8211; wxhxd (cm) 5.84 x 16.51 x 16.76 cm<\/td>\n<\/tr>\n<tr>\n<td>Dimensiones de env\u00edo &#8211; wxhxd (mm) 58.42 x 165.1 x 167.64 mm<\/td>\n<\/tr>\n<tr>\n<td>Dimensiones de env\u00edo &#8211; wxhxd (in) 2.3 x 6.5 x 6.6 in<\/td>\n<\/tr>\n<tr>\n<td>Peso (kg) 0.15<\/td>\n<\/tr>\n<tr>\n<td>Peso (lb) 0.32<\/td>\n<\/tr>\n<tr>\n<td>Ambiental<\/td>\n<\/tr>\n<tr>\n<td>Elevaci\u00f3n operativa 0 &#8211; 10,000 ft (0 &#8211; 3,048 m)<\/td>\n<\/tr>\n<tr>\n<td>Humedad relativa de func. 0 &#8211; 90 % (sin condensaci\u00f3n)<\/td>\n<\/tr>\n<tr>\n<td>Temperatura de funcionamiento 32 &#8211; 104\u00b0f (0 &#8211; 40\u00b0c)<\/td>\n<\/tr>\n<tr>\n<td>Elevaci\u00f3n en almacenamiento 0 &#8211; 50,000 ft (0 &#8211; 15,239 m)<\/td>\n<\/tr>\n<tr>\n<td>Humedad relativa de almac\u00e9n 0 &#8211; 95% (sin condensaci\u00f3n)<\/td>\n<\/tr>\n<tr>\n<td>Temp. de almacenamiento 14 &#8211; 122\u00b0f (-10 &#8211; 50\u00b0c)<\/td>\n<\/tr>\n<tr>\n<td>Certificaciones<\/td>\n<\/tr>\n<tr>\n<td>Ambiental rohs compliant<\/td>\n<\/tr>\n<tr>\n<td>Seguridad fcc doc class b | ce<\/td>\n<\/tr>\n<tr>\n<td>Garant\u00eda<\/td>\n<\/tr>\n<tr>\n<td>Garant\u00eda limitada de 3 a\u00f1os.<\/td>\n<\/tr>\n<\/table>\n","protected":false},"excerpt":{"rendered":"<p>La tarjeta de monitoreo rccard100, supervisa el funcionamiento de ciertos ups cyberpower que est\u00e1n configurados con el software powerpanel\u00ae cloud. El monitoreo remoto se hace a trav\u00e9s de un portal web seguro o una app, de esta manera se proporcionan notificaciones sobre eventos de energ\u00eda. La rccard100 tiene dise\u00f1o plug-and-play y es intercambiable en caliente, lo que permite instalarla o reemplazarla r\u00e1pidamente y sin interrumpir el funcionamiento del ups. Se utiliza una conexi\u00f3n ethernet rj-45 para conectar la tarjeta a una red y powerpanel\u00ae cloud. La tarjeta admite firmware actualizable por el usuario para mantener la funcionalidad actualizada. El rccard100 viene con una garant\u00eda de tres a\u00f1os.<\/p>\n","protected":false},"featured_media":221241,"comment_status":"open","ping_status":"open","template":"","meta":[],"product_cat":[1563,1572],"product_tag":[1692],"acf":[],"yoast_head":"<!-- This site is optimized with the Yoast SEO plugin v21.7 - https:\/\/yoast.com\/wordpress\/plugins\/seo\/ -->\n<title>[ Cyberpower ] &#129351; Rccard100 Tarjeta De Monitoreo () Conexi\u00f3n Ethernet Rj-45, Software Powerpanel\u00ae Cloud. Garant\u00eda De 3 A\u00f1os.<\/title>\n<meta name=\"description\" content=\"Compra Rccard100 Tarjeta De Monitoreo () Conexi\u00f3n Ethernet Rj-45, Software Powerpanel\u00ae Cloud. Garant\u00eda De 3 A\u00f1os. + Env\u00edo a domicilio + Pago seguro + Garant\u00eda\" \/>\n<meta name=\"robots\" content=\"index, follow, max-snippet:-1, max-image-preview:large, max-video-preview:-1\" \/>\n<link rel=\"canonical\" href=\"https:\/\/compuviper.mx\/tienda\/producto\/cyberpower-rccard100-tarjeta-de-monitoreo-conexin-ethernet-rj-45-software-powerpanel-cloud-garanta-de-3-aos\/\" \/>\n<meta property=\"og:locale\" content=\"es_MX\" \/>\n<meta property=\"og:type\" content=\"article\" \/>\n<meta property=\"og:title\" content=\"[ Cyberpower ] &#129351; Rccard100 Tarjeta De Monitoreo () Conexi\u00f3n Ethernet Rj-45, Software Powerpanel\u00ae Cloud. Garant\u00eda De 3 A\u00f1os.\" \/>\n<meta property=\"og:description\" content=\"Compra Rccard100 Tarjeta De Monitoreo () Conexi\u00f3n Ethernet Rj-45, Software Powerpanel\u00ae Cloud. Garant\u00eda De 3 A\u00f1os. + Env\u00edo a domicilio + Pago seguro + Garant\u00eda\" \/>\n<meta property=\"og:url\" content=\"https:\/\/compuviper.mx\/tienda\/producto\/cyberpower-rccard100-tarjeta-de-monitoreo-conexin-ethernet-rj-45-software-powerpanel-cloud-garanta-de-3-aos\/\" \/>\n<meta property=\"og:site_name\" content=\"Compuviper\" \/>\n<meta property=\"article:publisher\" content=\"https:\/\/www.facebook.com\/compuviper\" \/>\n<meta property=\"og:image\" content=\"https:\/\/compuviper.mx\/tienda\/wp-content\/uploads\/2023\/12\/Tarjeta-de-monitoreo-cyberpower-rccard100-conexion-ethernet-rj-45-software-powerpanel\u00ae-cloud.-garantia-de-3-anos.jpg\" \/>\n\t<meta property=\"og:image:width\" content=\"200\" \/>\n\t<meta property=\"og:image:height\" content=\"200\" \/>\n\t<meta property=\"og:image:type\" content=\"image\/jpeg\" \/>\n<meta name=\"twitter:card\" content=\"summary_large_image\" \/>\n<meta name=\"twitter:label1\" content=\"Precio\" \/>\n\t<meta name=\"twitter:data1\" content=\"&#36;1,327 con IVA\" \/>\n\t<meta name=\"twitter:label2\" content=\"Availability\" \/>\n\t<meta name=\"twitter:data2\" content=\"On backorder\" \/>\n<script type=\"application\/ld+json\" class=\"yoast-schema-graph\">{\"@context\":\"https:\/\/schema.org\",\"@graph\":[{\"@type\":\"WebPage\",\"@id\":\"https:\/\/compuviper.mx\/tienda\/producto\/cyberpower-rccard100-tarjeta-de-monitoreo-conexin-ethernet-rj-45-software-powerpanel-cloud-garanta-de-3-aos\/\",\"url\":\"https:\/\/compuviper.mx\/tienda\/producto\/cyberpower-rccard100-tarjeta-de-monitoreo-conexin-ethernet-rj-45-software-powerpanel-cloud-garanta-de-3-aos\/\",\"name\":\"[ Cyberpower ] &#129351; Rccard100 Tarjeta De Monitoreo () Conexi\u00f3n Ethernet Rj-45, Software Powerpanel\u00ae Cloud. Garant\u00eda De 3 A\u00f1os.\",\"isPartOf\":{\"@id\":\"https:\/\/compuviper.mx\/tienda\/#website\"},\"datePublished\":\"2026-04-10T06:59:51+00:00\",\"dateModified\":\"2026-04-10T06:59:51+00:00\",\"description\":\"Compra Rccard100 Tarjeta De Monitoreo () Conexi\u00f3n Ethernet Rj-45, Software Powerpanel\u00ae Cloud. Garant\u00eda De 3 A\u00f1os. + Env\u00edo a domicilio + Pago seguro + Garant\u00eda\",\"breadcrumb\":{\"@id\":\"https:\/\/compuviper.mx\/tienda\/producto\/cyberpower-rccard100-tarjeta-de-monitoreo-conexin-ethernet-rj-45-software-powerpanel-cloud-garanta-de-3-aos\/#breadcrumb\"},\"inLanguage\":\"es-MX\",\"potentialAction\":[{\"@type\":\"ReadAction\",\"target\":[\"https:\/\/compuviper.mx\/tienda\/producto\/cyberpower-rccard100-tarjeta-de-monitoreo-conexin-ethernet-rj-45-software-powerpanel-cloud-garanta-de-3-aos\/\"]}]},{\"@type\":\"BreadcrumbList\",\"@id\":\"https:\/\/compuviper.mx\/tienda\/producto\/cyberpower-rccard100-tarjeta-de-monitoreo-conexin-ethernet-rj-45-software-powerpanel-cloud-garanta-de-3-aos\/#breadcrumb\",\"itemListElement\":[{\"@type\":\"ListItem\",\"position\":1,\"name\":\"Inicio\",\"item\":\"https:\/\/compuviper.mx\/tienda\/\"},{\"@type\":\"ListItem\",\"position\":2,\"name\":\"Productos\",\"item\":\"https:\/\/compuviper.mx\/tienda\/productos\/\"},{\"@type\":\"ListItem\",\"position\":3,\"name\":\"Redes\",\"item\":\"https:\/\/compuviper.mx\/tienda\/categoria-producto\/redes\/\"},{\"@type\":\"ListItem\",\"position\":4,\"name\":\"Tarjetas De Red\",\"item\":\"https:\/\/compuviper.mx\/tienda\/categoria-producto\/redes\/tarjetas-de-red\/\"},{\"@type\":\"ListItem\",\"position\":5,\"name\":\"Cyberpower Rccard100 Tarjeta De Monitoreo () Conexi?n Ethernet Rj-45, Software Powerpanel? Cloud. Garant?a De 3 A?os.\"}]},{\"@type\":\"WebSite\",\"@id\":\"https:\/\/compuviper.mx\/tienda\/#website\",\"url\":\"https:\/\/compuviper.mx\/tienda\/\",\"name\":\"Compuviper\",\"description\":\"Proveedor de Computadoras, Laptops, Servidores, Monitores, Puntos de Venta, Teclados,   Impresoras, T\u00f3ner, C\u00e1maras de Seguridad y m\u00e1s en tu tienda en l\u00ednea\",\"publisher\":{\"@id\":\"https:\/\/compuviper.mx\/tienda\/#organization\"},\"potentialAction\":[{\"@type\":\"SearchAction\",\"target\":{\"@type\":\"EntryPoint\",\"urlTemplate\":\"https:\/\/compuviper.mx\/tienda\/?s={search_term_string}\"},\"query-input\":\"required name=search_term_string\"}],\"inLanguage\":\"es-MX\"},{\"@type\":\"Organization\",\"@id\":\"https:\/\/compuviper.mx\/tienda\/#organization\",\"name\":\"Compuviper\",\"url\":\"https:\/\/compuviper.mx\/tienda\/\",\"logo\":{\"@type\":\"ImageObject\",\"inLanguage\":\"es-MX\",\"@id\":\"https:\/\/compuviper.mx\/tienda\/#\/schema\/logo\/image\/\",\"url\":\"https:\/\/compuviper.mx\/tienda\/wp-content\/uploads\/2021\/08\/Logo-Compuviper-10.png\",\"contentUrl\":\"https:\/\/compuviper.mx\/tienda\/wp-content\/uploads\/2021\/08\/Logo-Compuviper-10.png\",\"width\":1000,\"height\":500,\"caption\":\"Compuviper\"},\"image\":{\"@id\":\"https:\/\/compuviper.mx\/tienda\/#\/schema\/logo\/image\/\"},\"sameAs\":[\"https:\/\/www.facebook.com\/compuviper\",\"https:\/\/www.youtube.com\/channel\/UCf73dERp9Y3cfOq7q8BhLjA?view_as=subscriber\"]}]}<\/script>\n<meta property=\"product:brand\" content=\"CYBERPOWER\" \/>\n<meta property=\"product:price:amount\" content=\"1327\" \/>\n<meta property=\"product:price:currency\" content=\"MXN\" \/>\n<meta property=\"og:availability\" content=\"backorder\" \/>\n<meta property=\"product:availability\" content=\"available for order\" \/>\n<meta property=\"product:retailer_item_id\" content=\"RCCARD100\" \/>\n<meta property=\"product:condition\" content=\"new\" \/>\n<!-- \/ Yoast SEO plugin. -->","yoast_head_json":{"title":"[ Cyberpower ] &#129351; Rccard100 Tarjeta De Monitoreo () Conexi\u00f3n Ethernet Rj-45, Software Powerpanel\u00ae Cloud. Garant\u00eda De 3 A\u00f1os.","description":"Compra Rccard100 Tarjeta De Monitoreo () Conexi\u00f3n Ethernet Rj-45, Software Powerpanel\u00ae Cloud. Garant\u00eda De 3 A\u00f1os. + Env\u00edo a domicilio + Pago seguro + Garant\u00eda","robots":{"index":"index","follow":"follow","max-snippet":"max-snippet:-1","max-image-preview":"max-image-preview:large","max-video-preview":"max-video-preview:-1"},"canonical":"https:\/\/compuviper.mx\/tienda\/producto\/cyberpower-rccard100-tarjeta-de-monitoreo-conexin-ethernet-rj-45-software-powerpanel-cloud-garanta-de-3-aos\/","og_locale":"es_MX","og_type":"article","og_title":"[ Cyberpower ] &#129351; Rccard100 Tarjeta De Monitoreo () Conexi\u00f3n Ethernet Rj-45, Software Powerpanel\u00ae Cloud. Garant\u00eda De 3 A\u00f1os.","og_description":"Compra Rccard100 Tarjeta De Monitoreo () Conexi\u00f3n Ethernet Rj-45, Software Powerpanel\u00ae Cloud. Garant\u00eda De 3 A\u00f1os. + Env\u00edo a domicilio + Pago seguro + Garant\u00eda","og_url":"https:\/\/compuviper.mx\/tienda\/producto\/cyberpower-rccard100-tarjeta-de-monitoreo-conexin-ethernet-rj-45-software-powerpanel-cloud-garanta-de-3-aos\/","og_site_name":"Compuviper","article_publisher":"https:\/\/www.facebook.com\/compuviper","og_image":[{"width":200,"height":200,"url":"https:\/\/compuviper.mx\/tienda\/wp-content\/uploads\/2023\/12\/Tarjeta-de-monitoreo-cyberpower-rccard100-conexion-ethernet-rj-45-software-powerpanel\u00ae-cloud.-garantia-de-3-anos.jpg","type":"image\/jpeg"}],"twitter_card":"summary_large_image","twitter_misc":{"Precio":"&#36;1,327 con IVA","Availability":"On backorder"},"schema":{"@context":"https:\/\/schema.org","@graph":[{"@type":"WebPage","@id":"https:\/\/compuviper.mx\/tienda\/producto\/cyberpower-rccard100-tarjeta-de-monitoreo-conexin-ethernet-rj-45-software-powerpanel-cloud-garanta-de-3-aos\/","url":"https:\/\/compuviper.mx\/tienda\/producto\/cyberpower-rccard100-tarjeta-de-monitoreo-conexin-ethernet-rj-45-software-powerpanel-cloud-garanta-de-3-aos\/","name":"[ Cyberpower ] &#129351; Rccard100 Tarjeta De Monitoreo () Conexi\u00f3n Ethernet Rj-45, Software Powerpanel\u00ae Cloud. Garant\u00eda De 3 A\u00f1os.","isPartOf":{"@id":"https:\/\/compuviper.mx\/tienda\/#website"},"datePublished":"2026-04-10T06:59:51+00:00","dateModified":"2026-04-10T06:59:51+00:00","description":"Compra Rccard100 Tarjeta De Monitoreo () Conexi\u00f3n Ethernet Rj-45, Software Powerpanel\u00ae Cloud. Garant\u00eda De 3 A\u00f1os. + Env\u00edo a domicilio + Pago seguro + Garant\u00eda","breadcrumb":{"@id":"https:\/\/compuviper.mx\/tienda\/producto\/cyberpower-rccard100-tarjeta-de-monitoreo-conexin-ethernet-rj-45-software-powerpanel-cloud-garanta-de-3-aos\/#breadcrumb"},"inLanguage":"es-MX","potentialAction":[{"@type":"ReadAction","target":["https:\/\/compuviper.mx\/tienda\/producto\/cyberpower-rccard100-tarjeta-de-monitoreo-conexin-ethernet-rj-45-software-powerpanel-cloud-garanta-de-3-aos\/"]}]},{"@type":"BreadcrumbList","@id":"https:\/\/compuviper.mx\/tienda\/producto\/cyberpower-rccard100-tarjeta-de-monitoreo-conexin-ethernet-rj-45-software-powerpanel-cloud-garanta-de-3-aos\/#breadcrumb","itemListElement":[{"@type":"ListItem","position":1,"name":"Inicio","item":"https:\/\/compuviper.mx\/tienda\/"},{"@type":"ListItem","position":2,"name":"Productos","item":"https:\/\/compuviper.mx\/tienda\/productos\/"},{"@type":"ListItem","position":3,"name":"Redes","item":"https:\/\/compuviper.mx\/tienda\/categoria-producto\/redes\/"},{"@type":"ListItem","position":4,"name":"Tarjetas De Red","item":"https:\/\/compuviper.mx\/tienda\/categoria-producto\/redes\/tarjetas-de-red\/"},{"@type":"ListItem","position":5,"name":"Cyberpower Rccard100 Tarjeta De Monitoreo () Conexi?n Ethernet Rj-45, Software Powerpanel? Cloud. Garant?a De 3 A?os."}]},{"@type":"WebSite","@id":"https:\/\/compuviper.mx\/tienda\/#website","url":"https:\/\/compuviper.mx\/tienda\/","name":"Compuviper","description":"Proveedor de Computadoras, Laptops, Servidores, Monitores, Puntos de Venta, Teclados,   Impresoras, T\u00f3ner, C\u00e1maras de Seguridad y m\u00e1s en tu tienda en l\u00ednea","publisher":{"@id":"https:\/\/compuviper.mx\/tienda\/#organization"},"potentialAction":[{"@type":"SearchAction","target":{"@type":"EntryPoint","urlTemplate":"https:\/\/compuviper.mx\/tienda\/?s={search_term_string}"},"query-input":"required name=search_term_string"}],"inLanguage":"es-MX"},{"@type":"Organization","@id":"https:\/\/compuviper.mx\/tienda\/#organization","name":"Compuviper","url":"https:\/\/compuviper.mx\/tienda\/","logo":{"@type":"ImageObject","inLanguage":"es-MX","@id":"https:\/\/compuviper.mx\/tienda\/#\/schema\/logo\/image\/","url":"https:\/\/compuviper.mx\/tienda\/wp-content\/uploads\/2021\/08\/Logo-Compuviper-10.png","contentUrl":"https:\/\/compuviper.mx\/tienda\/wp-content\/uploads\/2021\/08\/Logo-Compuviper-10.png","width":1000,"height":500,"caption":"Compuviper"},"image":{"@id":"https:\/\/compuviper.mx\/tienda\/#\/schema\/logo\/image\/"},"sameAs":["https:\/\/www.facebook.com\/compuviper","https:\/\/www.youtube.com\/channel\/UCf73dERp9Y3cfOq7q8BhLjA?view_as=subscriber"]}]},"product_brand":"CYBERPOWER","product_price_amount":"1327","product_price_currency":"MXN","og_availability":"backorder","product_availability":"available for order","product_retailer_item_id":"RCCARD100","product_condition":"new"},"_links":{"self":[{"href":"https:\/\/compuviper.mx\/tienda\/wp-json\/wp\/v2\/product\/221240"}],"collection":[{"href":"https:\/\/compuviper.mx\/tienda\/wp-json\/wp\/v2\/product"}],"about":[{"href":"https:\/\/compuviper.mx\/tienda\/wp-json\/wp\/v2\/types\/product"}],"replies":[{"embeddable":true,"href":"https:\/\/compuviper.mx\/tienda\/wp-json\/wp\/v2\/comments?post=221240"}],"wp:featuredmedia":[{"embeddable":true,"href":"https:\/\/compuviper.mx\/tienda\/wp-json\/wp\/v2\/media\/221241"}],"wp:attachment":[{"href":"https:\/\/compuviper.mx\/tienda\/wp-json\/wp\/v2\/media?parent=221240"}],"wp:term":[{"taxonomy":"product_cat","embeddable":true,"href":"https:\/\/compuviper.mx\/tienda\/wp-json\/wp\/v2\/product_cat?post=221240"},{"taxonomy":"product_tag","embeddable":true,"href":"https:\/\/compuviper.mx\/tienda\/wp-json\/wp\/v2\/product_tag?post=221240"}],"curies":[{"name":"wp","href":"https:\/\/api.w.org\/{rel}","templated":true}]}}