{"id":221234,"date":"2026-04-18T01:10:29","date_gmt":"2026-04-18T07:10:29","guid":{"rendered":"https:\/\/compuviper.mx\/tienda\/producto\/hewlett-packard-enterprise-jz356a-acces-point-hpe-aruba-ap-555-rw-802-11ax-con-8x88-y-4x44-mu-mimo-antenas-integradas\/"},"modified":"2026-04-18T01:10:30","modified_gmt":"2026-04-18T07:10:30","slug":"hewlett-packard-enterprise-jz356a-access-point-hpe-aruba-ap-555-rw-802-11ax-con-8x88-y-4x44-mu-mimo-antenas-integradas","status":"publish","type":"product","link":"https:\/\/compuviper.mx\/tienda\/producto\/hewlett-packard-enterprise-jz356a-access-point-hpe-aruba-ap-555-rw-802-11ax-con-8x88-y-4x44-mu-mimo-antenas-integradas\/","title":{"rendered":"Hewlett Packard Enterprise Jz356a Access Point Hpe Aruba  Ap-555 Rw 802.11ax Con 8&#215;8:8 Y 4&#215;4:4 Mu-mimo Antenas Integradas"},"content":{"rendered":"<table class=\"descripcion\">\n<tr>\n<td>Antenas omnidireccionales inclinadas hacia abajo integradas para 4&#215;4 mimo en 2,4 ghz con una ganancia m\u00e1xima de antena de 4,3 dbi y 8&#215;8 mimo en 5 ghz con una ganancia m\u00e1xima de antena de 5,8 dbi en 5 ghz. en el modo tri-radio, la ganancia m\u00e1xima de las antenas para cada una de las radios 4&#215;4 de 5 ghz es de 5,5 dbi (radio 0l, mitad inferior de 5 ghz) y 5,6 dbi (radio 0u, mitad superior de 5 ghz). las antenas integradas est\u00e1n optimizadas para la orientaci\u00f3n horizontal del ap montada en el techo. el \u00e1ngulo de inclinaci\u00f3n hacia abajo para una ganancia m\u00e1xima es de aproximadamente 30 grados.<\/td>\n<\/tr>\n<tr>\n<td>Otras interfaces<\/td>\n<\/tr>\n<tr>\n<td>E0, e1: puerto hpe smartrate (rj-45, velocidad m\u00e1xima negociada de 5 gbps)<\/td>\n<\/tr>\n<tr>\n<td>Soporte de agregaci\u00f3n de enlaces (lacp) entre ambos puertos de red para redundancia y mayor capacidad<\/td>\n<\/tr>\n<tr>\n<td>La energ\u00eda poe se puede extraer de cualquier puerto (fuente \u00fanica o configurar para priorizar) o ambos puertos simult\u00e1neamente (configurar para combinar)<\/td>\n<\/tr>\n<tr>\n<td>Interfaz de alimentaci\u00f3n de cc: 48 v cc (nominal, +\/- 5 %), acepta un enchufe circular de centro positivo de 1,35 mm\/3,5 mm con una longitud de 9,5 mm<\/td>\n<\/tr>\n<tr>\n<td>Interfaz de host usb 2.0 (conector tipo a)<\/td>\n<\/tr>\n<tr>\n<td>Indicadores visuales (dos led multicolores): para el estado del sistema y de la radio<\/td>\n<\/tr>\n<tr>\n<td>Bot\u00f3n de reinicio: reinicio de f\u00e1brica, control de modo led (normal\/apagado)<\/td>\n<\/tr>\n<tr>\n<td>Interfaz de consola serie (conector f\u00edsico micro-b usb patentado)<\/td>\n<\/tr>\n<tr>\n<td>Ranura de seguridad kensington<\/td>\n<\/tr>\n<tr>\n<td>Radio bluetooth de bajo consumo (ble5.0) y zigbee (802.15.4)<\/td>\n<\/tr>\n<\/table>\n","protected":false},"excerpt":{"rendered":"<p>Los puntos de acceso aruba de la serie 550 para campus con tecnolog\u00eda ieee 802.11ax est\u00e1n dise\u00f1ados para brindar acceso de rendimiento extremo para dispositivos iot y m\u00f3viles en entornos en los que la densidad de dispositivos es muy alta. La serie 550 de aruba usa caracter\u00edsticas 802.11ax para servir m\u00faltiples clientes y tipos de tr\u00e1ficos de manera eficiente y simult\u00e1nea en entornos densos, lo que incrementa las velocidades de transferencia de datos en dispositivos individuales y el sistema en general. La serie 550 admite velocidades de transferencia de datos m\u00e1ximas de 4,8 gbps en la banda de 5 ghz y 1150 mbps en la banda de 2,4 ghz (para lograr una velocidad de transferencia de datos m\u00e1xima de 5,95 gbps). Cada punto de acceso admite hasta 1024 dispositivos cliente asociados por radio, lo que permite que los puntos de acceso de la serie 550 802.11ax de alta tecnolog\u00eda sean ideales para entornos de alta densidad, como lugares p\u00fablicos, institutos, hoteles y oficinas comerciales.<\/p>\n","protected":false},"featured_media":221235,"comment_status":"open","ping_status":"open","template":"","meta":[],"product_cat":[1563,1754],"product_tag":[1568],"acf":[],"yoast_head":"<!-- This site is optimized with the Yoast SEO plugin v21.7 - https:\/\/yoast.com\/wordpress\/plugins\/seo\/ -->\n<title>[ Hewlett Packard Enterprise ] &#129351; Jz356a Access Point Hpe Aruba Ap-555 Rw 802.11ax Con 8x8:8 Y 4x4:4 Mu-mimo Antenas Integradas<\/title>\n<meta name=\"description\" content=\"Compra Jz356a Access Point Hpe Aruba Ap-555 Rw 802.11ax Con 8x8:8 Y 4x4:4 Mu-mimo Antenas Integradas + Env\u00edo a domicilio + Pago seguro + Garant\u00eda\" \/>\n<meta name=\"robots\" content=\"index, follow, max-snippet:-1, max-image-preview:large, max-video-preview:-1\" \/>\n<link rel=\"canonical\" href=\"https:\/\/compuviper.mx\/tienda\/producto\/hewlett-packard-enterprise-jz356a-access-point-hpe-aruba-ap-555-rw-802-11ax-con-8x88-y-4x44-mu-mimo-antenas-integradas\/\" \/>\n<meta property=\"og:locale\" content=\"es_MX\" \/>\n<meta property=\"og:type\" content=\"article\" \/>\n<meta property=\"og:title\" content=\"[ Hewlett Packard Enterprise ] &#129351; Jz356a Access Point Hpe Aruba Ap-555 Rw 802.11ax Con 8x8:8 Y 4x4:4 Mu-mimo Antenas Integradas\" \/>\n<meta property=\"og:description\" content=\"Compra Jz356a Access Point Hpe Aruba Ap-555 Rw 802.11ax Con 8x8:8 Y 4x4:4 Mu-mimo Antenas Integradas + Env\u00edo a domicilio + Pago seguro + Garant\u00eda\" \/>\n<meta property=\"og:url\" content=\"https:\/\/compuviper.mx\/tienda\/producto\/hewlett-packard-enterprise-jz356a-access-point-hpe-aruba-ap-555-rw-802-11ax-con-8x88-y-4x44-mu-mimo-antenas-integradas\/\" \/>\n<meta property=\"og:site_name\" content=\"Compuviper\" \/>\n<meta property=\"article:publisher\" content=\"https:\/\/www.facebook.com\/compuviper\" \/>\n<meta property=\"article:modified_time\" content=\"2026-04-18T07:10:30+00:00\" \/>\n<meta property=\"og:image\" content=\"https:\/\/compuviper.mx\/tienda\/wp-content\/uploads\/2023\/12\/Acces-point-hpe-aruba-jz356a-ap-555-rw-802.11ax-con-8x88-y-4x44-mu-mimo-antenas-integradas.jpg\" \/>\n\t<meta property=\"og:image:width\" content=\"200\" \/>\n\t<meta property=\"og:image:height\" content=\"200\" \/>\n\t<meta property=\"og:image:type\" content=\"image\/jpeg\" \/>\n<meta name=\"twitter:card\" content=\"summary_large_image\" \/>\n<meta name=\"twitter:label1\" content=\"Precio\" \/>\n\t<meta name=\"twitter:data1\" content=\"&#36;34,325 &#36;33,941 con IVA\" \/>\n\t<meta name=\"twitter:label2\" content=\"Availability\" \/>\n\t<meta name=\"twitter:data2\" content=\"Out of stock\" \/>\n<script type=\"application\/ld+json\" class=\"yoast-schema-graph\">{\"@context\":\"https:\/\/schema.org\",\"@graph\":[{\"@type\":\"WebPage\",\"@id\":\"https:\/\/compuviper.mx\/tienda\/producto\/hewlett-packard-enterprise-jz356a-access-point-hpe-aruba-ap-555-rw-802-11ax-con-8x88-y-4x44-mu-mimo-antenas-integradas\/\",\"url\":\"https:\/\/compuviper.mx\/tienda\/producto\/hewlett-packard-enterprise-jz356a-access-point-hpe-aruba-ap-555-rw-802-11ax-con-8x88-y-4x44-mu-mimo-antenas-integradas\/\",\"name\":\"[ Hewlett Packard Enterprise ] &#129351; Jz356a Access Point Hpe Aruba Ap-555 Rw 802.11ax Con 8x8:8 Y 4x4:4 Mu-mimo Antenas Integradas\",\"isPartOf\":{\"@id\":\"https:\/\/compuviper.mx\/tienda\/#website\"},\"datePublished\":\"2026-04-18T07:10:29+00:00\",\"dateModified\":\"2026-04-18T07:10:30+00:00\",\"description\":\"Compra Jz356a Access Point Hpe Aruba Ap-555 Rw 802.11ax Con 8x8:8 Y 4x4:4 Mu-mimo Antenas Integradas + Env\u00edo a domicilio + Pago seguro + Garant\u00eda\",\"breadcrumb\":{\"@id\":\"https:\/\/compuviper.mx\/tienda\/producto\/hewlett-packard-enterprise-jz356a-access-point-hpe-aruba-ap-555-rw-802-11ax-con-8x88-y-4x44-mu-mimo-antenas-integradas\/#breadcrumb\"},\"inLanguage\":\"es-MX\",\"potentialAction\":[{\"@type\":\"ReadAction\",\"target\":[\"https:\/\/compuviper.mx\/tienda\/producto\/hewlett-packard-enterprise-jz356a-access-point-hpe-aruba-ap-555-rw-802-11ax-con-8x88-y-4x44-mu-mimo-antenas-integradas\/\"]}]},{\"@type\":\"BreadcrumbList\",\"@id\":\"https:\/\/compuviper.mx\/tienda\/producto\/hewlett-packard-enterprise-jz356a-access-point-hpe-aruba-ap-555-rw-802-11ax-con-8x88-y-4x44-mu-mimo-antenas-integradas\/#breadcrumb\",\"itemListElement\":[{\"@type\":\"ListItem\",\"position\":1,\"name\":\"Inicio\",\"item\":\"https:\/\/compuviper.mx\/tienda\/\"},{\"@type\":\"ListItem\",\"position\":2,\"name\":\"Productos\",\"item\":\"https:\/\/compuviper.mx\/tienda\/productos\/\"},{\"@type\":\"ListItem\",\"position\":3,\"name\":\"Redes\",\"item\":\"https:\/\/compuviper.mx\/tienda\/categoria-producto\/redes\/\"},{\"@type\":\"ListItem\",\"position\":4,\"name\":\"Access Point\",\"item\":\"https:\/\/compuviper.mx\/tienda\/categoria-producto\/redes\/access-point\/\"},{\"@type\":\"ListItem\",\"position\":5,\"name\":\"Hewlett Packard Enterprise Jz356a Access Point Hpe Aruba Ap-555 Rw 802.11ax Con 8&#215;8:8 Y 4&#215;4:4 Mu-mimo Antenas Integradas\"}]},{\"@type\":\"WebSite\",\"@id\":\"https:\/\/compuviper.mx\/tienda\/#website\",\"url\":\"https:\/\/compuviper.mx\/tienda\/\",\"name\":\"Compuviper\",\"description\":\"Proveedor de Computadoras, Laptops, Servidores, Monitores, Puntos de Venta, Teclados,   Impresoras, T\u00f3ner, C\u00e1maras de Seguridad y m\u00e1s en tu tienda en l\u00ednea\",\"publisher\":{\"@id\":\"https:\/\/compuviper.mx\/tienda\/#organization\"},\"potentialAction\":[{\"@type\":\"SearchAction\",\"target\":{\"@type\":\"EntryPoint\",\"urlTemplate\":\"https:\/\/compuviper.mx\/tienda\/?s={search_term_string}\"},\"query-input\":\"required name=search_term_string\"}],\"inLanguage\":\"es-MX\"},{\"@type\":\"Organization\",\"@id\":\"https:\/\/compuviper.mx\/tienda\/#organization\",\"name\":\"Compuviper\",\"url\":\"https:\/\/compuviper.mx\/tienda\/\",\"logo\":{\"@type\":\"ImageObject\",\"inLanguage\":\"es-MX\",\"@id\":\"https:\/\/compuviper.mx\/tienda\/#\/schema\/logo\/image\/\",\"url\":\"https:\/\/compuviper.mx\/tienda\/wp-content\/uploads\/2021\/08\/Logo-Compuviper-10.png\",\"contentUrl\":\"https:\/\/compuviper.mx\/tienda\/wp-content\/uploads\/2021\/08\/Logo-Compuviper-10.png\",\"width\":1000,\"height\":500,\"caption\":\"Compuviper\"},\"image\":{\"@id\":\"https:\/\/compuviper.mx\/tienda\/#\/schema\/logo\/image\/\"},\"sameAs\":[\"https:\/\/www.facebook.com\/compuviper\",\"https:\/\/www.youtube.com\/channel\/UCf73dERp9Y3cfOq7q8BhLjA?view_as=subscriber\"]}]}<\/script>\n<meta property=\"product:brand\" content=\"HEWLETT PACKARD ENTERPRISE\" \/>\n<meta property=\"product:price:amount\" content=\"33941\" \/>\n<meta property=\"product:price:currency\" content=\"MXN\" \/>\n<meta property=\"og:availability\" content=\"out of stock\" \/>\n<meta property=\"product:availability\" content=\"out of stock\" \/>\n<meta property=\"product:retailer_item_id\" content=\"JZ356A\" \/>\n<meta property=\"product:condition\" content=\"new\" \/>\n<!-- \/ Yoast SEO plugin. -->","yoast_head_json":{"title":"[ Hewlett Packard Enterprise ] &#129351; Jz356a Access Point Hpe Aruba Ap-555 Rw 802.11ax Con 8x8:8 Y 4x4:4 Mu-mimo Antenas Integradas","description":"Compra Jz356a Access Point Hpe Aruba Ap-555 Rw 802.11ax Con 8x8:8 Y 4x4:4 Mu-mimo Antenas Integradas + Env\u00edo a domicilio + Pago seguro + Garant\u00eda","robots":{"index":"index","follow":"follow","max-snippet":"max-snippet:-1","max-image-preview":"max-image-preview:large","max-video-preview":"max-video-preview:-1"},"canonical":"https:\/\/compuviper.mx\/tienda\/producto\/hewlett-packard-enterprise-jz356a-access-point-hpe-aruba-ap-555-rw-802-11ax-con-8x88-y-4x44-mu-mimo-antenas-integradas\/","og_locale":"es_MX","og_type":"article","og_title":"[ Hewlett Packard Enterprise ] &#129351; Jz356a Access Point Hpe Aruba Ap-555 Rw 802.11ax Con 8x8:8 Y 4x4:4 Mu-mimo Antenas Integradas","og_description":"Compra Jz356a Access Point Hpe Aruba Ap-555 Rw 802.11ax Con 8x8:8 Y 4x4:4 Mu-mimo Antenas Integradas + Env\u00edo a domicilio + Pago seguro + Garant\u00eda","og_url":"https:\/\/compuviper.mx\/tienda\/producto\/hewlett-packard-enterprise-jz356a-access-point-hpe-aruba-ap-555-rw-802-11ax-con-8x88-y-4x44-mu-mimo-antenas-integradas\/","og_site_name":"Compuviper","article_publisher":"https:\/\/www.facebook.com\/compuviper","article_modified_time":"2026-04-18T07:10:30+00:00","og_image":[{"width":200,"height":200,"url":"https:\/\/compuviper.mx\/tienda\/wp-content\/uploads\/2023\/12\/Acces-point-hpe-aruba-jz356a-ap-555-rw-802.11ax-con-8x88-y-4x44-mu-mimo-antenas-integradas.jpg","type":"image\/jpeg"}],"twitter_card":"summary_large_image","twitter_misc":{"Precio":"&#36;34,325 &#36;33,941 con IVA","Availability":"Out of stock"},"schema":{"@context":"https:\/\/schema.org","@graph":[{"@type":"WebPage","@id":"https:\/\/compuviper.mx\/tienda\/producto\/hewlett-packard-enterprise-jz356a-access-point-hpe-aruba-ap-555-rw-802-11ax-con-8x88-y-4x44-mu-mimo-antenas-integradas\/","url":"https:\/\/compuviper.mx\/tienda\/producto\/hewlett-packard-enterprise-jz356a-access-point-hpe-aruba-ap-555-rw-802-11ax-con-8x88-y-4x44-mu-mimo-antenas-integradas\/","name":"[ Hewlett Packard Enterprise ] &#129351; Jz356a Access Point Hpe Aruba Ap-555 Rw 802.11ax Con 8x8:8 Y 4x4:4 Mu-mimo Antenas Integradas","isPartOf":{"@id":"https:\/\/compuviper.mx\/tienda\/#website"},"datePublished":"2026-04-18T07:10:29+00:00","dateModified":"2026-04-18T07:10:30+00:00","description":"Compra Jz356a Access Point Hpe Aruba Ap-555 Rw 802.11ax Con 8x8:8 Y 4x4:4 Mu-mimo Antenas Integradas + Env\u00edo a domicilio + Pago seguro + Garant\u00eda","breadcrumb":{"@id":"https:\/\/compuviper.mx\/tienda\/producto\/hewlett-packard-enterprise-jz356a-access-point-hpe-aruba-ap-555-rw-802-11ax-con-8x88-y-4x44-mu-mimo-antenas-integradas\/#breadcrumb"},"inLanguage":"es-MX","potentialAction":[{"@type":"ReadAction","target":["https:\/\/compuviper.mx\/tienda\/producto\/hewlett-packard-enterprise-jz356a-access-point-hpe-aruba-ap-555-rw-802-11ax-con-8x88-y-4x44-mu-mimo-antenas-integradas\/"]}]},{"@type":"BreadcrumbList","@id":"https:\/\/compuviper.mx\/tienda\/producto\/hewlett-packard-enterprise-jz356a-access-point-hpe-aruba-ap-555-rw-802-11ax-con-8x88-y-4x44-mu-mimo-antenas-integradas\/#breadcrumb","itemListElement":[{"@type":"ListItem","position":1,"name":"Inicio","item":"https:\/\/compuviper.mx\/tienda\/"},{"@type":"ListItem","position":2,"name":"Productos","item":"https:\/\/compuviper.mx\/tienda\/productos\/"},{"@type":"ListItem","position":3,"name":"Redes","item":"https:\/\/compuviper.mx\/tienda\/categoria-producto\/redes\/"},{"@type":"ListItem","position":4,"name":"Access Point","item":"https:\/\/compuviper.mx\/tienda\/categoria-producto\/redes\/access-point\/"},{"@type":"ListItem","position":5,"name":"Hewlett Packard Enterprise Jz356a Access Point Hpe Aruba Ap-555 Rw 802.11ax Con 8&#215;8:8 Y 4&#215;4:4 Mu-mimo Antenas Integradas"}]},{"@type":"WebSite","@id":"https:\/\/compuviper.mx\/tienda\/#website","url":"https:\/\/compuviper.mx\/tienda\/","name":"Compuviper","description":"Proveedor de Computadoras, Laptops, Servidores, Monitores, Puntos de Venta, Teclados,   Impresoras, T\u00f3ner, C\u00e1maras de Seguridad y m\u00e1s en tu tienda en l\u00ednea","publisher":{"@id":"https:\/\/compuviper.mx\/tienda\/#organization"},"potentialAction":[{"@type":"SearchAction","target":{"@type":"EntryPoint","urlTemplate":"https:\/\/compuviper.mx\/tienda\/?s={search_term_string}"},"query-input":"required name=search_term_string"}],"inLanguage":"es-MX"},{"@type":"Organization","@id":"https:\/\/compuviper.mx\/tienda\/#organization","name":"Compuviper","url":"https:\/\/compuviper.mx\/tienda\/","logo":{"@type":"ImageObject","inLanguage":"es-MX","@id":"https:\/\/compuviper.mx\/tienda\/#\/schema\/logo\/image\/","url":"https:\/\/compuviper.mx\/tienda\/wp-content\/uploads\/2021\/08\/Logo-Compuviper-10.png","contentUrl":"https:\/\/compuviper.mx\/tienda\/wp-content\/uploads\/2021\/08\/Logo-Compuviper-10.png","width":1000,"height":500,"caption":"Compuviper"},"image":{"@id":"https:\/\/compuviper.mx\/tienda\/#\/schema\/logo\/image\/"},"sameAs":["https:\/\/www.facebook.com\/compuviper","https:\/\/www.youtube.com\/channel\/UCf73dERp9Y3cfOq7q8BhLjA?view_as=subscriber"]}]},"product_brand":"HEWLETT PACKARD ENTERPRISE","product_price_amount":"33941","product_price_currency":"MXN","og_availability":"out of stock","product_availability":"out of stock","product_retailer_item_id":"JZ356A","product_condition":"new"},"_links":{"self":[{"href":"https:\/\/compuviper.mx\/tienda\/wp-json\/wp\/v2\/product\/221234"}],"collection":[{"href":"https:\/\/compuviper.mx\/tienda\/wp-json\/wp\/v2\/product"}],"about":[{"href":"https:\/\/compuviper.mx\/tienda\/wp-json\/wp\/v2\/types\/product"}],"replies":[{"embeddable":true,"href":"https:\/\/compuviper.mx\/tienda\/wp-json\/wp\/v2\/comments?post=221234"}],"wp:featuredmedia":[{"embeddable":true,"href":"https:\/\/compuviper.mx\/tienda\/wp-json\/wp\/v2\/media\/221235"}],"wp:attachment":[{"href":"https:\/\/compuviper.mx\/tienda\/wp-json\/wp\/v2\/media?parent=221234"}],"wp:term":[{"taxonomy":"product_cat","embeddable":true,"href":"https:\/\/compuviper.mx\/tienda\/wp-json\/wp\/v2\/product_cat?post=221234"},{"taxonomy":"product_tag","embeddable":true,"href":"https:\/\/compuviper.mx\/tienda\/wp-json\/wp\/v2\/product_tag?post=221234"}],"curies":[{"name":"wp","href":"https:\/\/api.w.org\/{rel}","templated":true}]}}