{"id":221232,"date":"2026-04-18T01:10:29","date_gmt":"2026-04-18T07:10:29","guid":{"rendered":"https:\/\/compuviper.mx\/tienda\/producto\/tp-link-deco-x55-1pack-router-tp-link-deco-x551-pack-ax3000-wifi-6-mesh-dual-band\/"},"modified":"2026-04-18T01:10:29","modified_gmt":"2026-04-18T07:10:29","slug":"tp-link-decox551pack-router-tp-link-deco-x551-pack-ax3000-wifi-6-mesh-dual-band","status":"publish","type":"product","link":"https:\/\/compuviper.mx\/tienda\/producto\/tp-link-decox551pack-router-tp-link-deco-x551-pack-ax3000-wifi-6-mesh-dual-band\/","title":{"rendered":"Tp Link Decox55(1pack) Router Tp-link Deco X551-pack Ax3000 Wifi 6 Mesh Dual Band"},"content":{"rendered":"<table class=\"descripcion\">\n<tr>\n<td>Inal\u00e1mbrico<\/td>\n<\/tr>\n<tr>\n<td>Normas wi-fi 6<\/td>\n<\/tr>\n<tr>\n<td>Ieee 802.11ax\/ac\/n\/a<\/td>\n<\/tr>\n<tr>\n<td>5 ghz ieee 802.11ax\/n\/b\/g 2,4 ghz<\/td>\n<\/tr>\n<tr>\n<td>Velocidades wifi ax3000<\/td>\n<\/tr>\n<tr>\n<td>5 ghz: 2402 mbps (802.11ax,<\/td>\n<\/tr>\n<tr>\n<td>He160) 2.4 ghz: 574 mbps (802.11ax)<\/td>\n<\/tr>\n<tr>\n<td>Rango wifi 4-6+ casas dormitorio (3 paquetes)<\/td>\n<\/tr>\n<tr>\n<td>________________________________________<\/td>\n<\/tr>\n<tr>\n<td>Tecnolog\u00eda de malla tp-link backhaul ethernet<\/td>\n<\/tr>\n<tr>\n<td>Opcional trabajan<\/td>\n<\/tr>\n<tr>\n<td>Juntos para vincular unidades deco para proporcionar<\/td>\n<\/tr>\n<tr>\n<td>Una cobertura perfecta malla impulsada por<\/td>\n<\/tr>\n<tr>\n<td>Ia aprende inteligentemente el entorno de red para<\/td>\n<\/tr>\n<tr>\n<td>Proporcionar wi-fi ideal \u00fanico para su hogar 2\u00d7 antenas (internas) m\u00faltiples antenas forman una matriz de aumento de se\u00f1al para cubrir m\u00e1s direcciones y grandes \u00e1reas beamforming<\/td>\n<\/tr>\n<tr>\n<td>Concentra la intensidad de la se\u00f1al inal\u00e1mbrica hacia los clientes para ampliar el alcance wifi<\/td>\n<\/tr>\n<tr>\n<td>Capacidad wifi alta<\/td>\n<\/tr>\n<tr>\n<td>________________________________________<\/td>\n<\/tr>\n<tr>\n<td>Doble<\/td>\n<\/tr>\n<tr>\n<td>Banda distribuya dispositivos<\/td>\n<\/tr>\n<tr>\n<td>A diferentes bandas para un<\/td>\n<\/tr>\n<tr>\n<td>Rendimiento \u00f3ptimo 2\u00d72 mu-mimo se comunica simult\u00e1neamente con m\u00faltiples clientes<\/td>\n<\/tr>\n<tr>\n<td>Mu-mimo<\/td>\n<\/tr>\n<tr>\n<td>Ofdma se comunica simult\u00e1neamente con m\u00faltiples<\/td>\n<\/tr>\n<tr>\n<td>Clientes wifi 6 4 streams<\/td>\n<\/tr>\n<tr>\n<td>Ancho de banda m\u00e1s que suficiente para dispositivos conectados<\/td>\n<\/tr>\n<tr>\n<td>Modos de trabajo modo<\/td>\n<\/tr>\n<tr>\n<td>De punto de acceso del router<\/td>\n<\/tr>\n<tr>\n<td>Hardware<\/td>\n<\/tr>\n<tr>\n<td>Procesador cpu de doble n\u00facleo a 1 ghz<\/td>\n<\/tr>\n<tr>\n<td>Bot\u00f3n bot\u00f3n restablecer<\/td>\n<\/tr>\n<tr>\n<td>Puertos ethernet 3\u00d7 puertos<\/td>\n<\/tr>\n<tr>\n<td>Gigabit *per deco unit<\/td>\n<\/tr>\n<tr>\n<td>Soporta detecci\u00f3n autom\u00e1tica wan\/lan<\/td>\n<\/tr>\n<tr>\n<td>Poder 12v  and #9107;1.5a<\/td>\n<\/tr>\n<tr>\n<td>Seguridad<\/td>\n<\/tr>\n<tr>\n<td>Cifrado wifi wpa-personal<\/td>\n<\/tr>\n<tr>\n<td>Wpa2-personal<\/td>\n<\/tr>\n<tr>\n<td>Wpa3-personal<\/td>\n<\/tr>\n<tr>\n<td>Seguridad de red spi<\/td>\n<\/tr>\n<tr>\n<td>Firewall<\/td>\n<\/tr>\n<tr>\n<td>Control de accesohomeshield<\/td>\n<\/tr>\n<tr>\n<td>________________________________________<\/td>\n<\/tr>\n<tr>\n<td>Seguridad en<\/td>\n<\/tr>\n<tr>\n<td>Tiempo<\/td>\n<\/tr>\n<tr>\n<td>Real protecci\u00f3n<\/td>\n<\/tr>\n<tr>\n<td>Iot bloqueador de sitios maliciosos sistema de prevenci\u00f3n de intrusiones prevenci\u00f3n de ataques ddos esc\u00e1ner de red dom\u00e9stica<\/td>\n<\/tr>\n<tr>\n<td>Red de invitados red<\/td>\n<\/tr>\n<tr>\n<td>De invitados de 1\u00d7 5 ghz 1\u00d7 red de invitados de 2,4 ghz<\/td>\n<\/tr>\n<tr>\n<td>Software<\/td>\n<\/tr>\n<tr>\n<td>Protocolos ipv4<\/td>\n<\/tr>\n<tr>\n<td>Ipv6<\/td>\n<\/tr>\n<tr>\n<td>Kits de servicio homeshield<\/td>\n<\/tr>\n<tr>\n<td>M\u00e1s informaci\u00f3n<\/td>\n<\/tr>\n<tr>\n<td>Control parental homeshield controles parentales<\/td>\n<\/tr>\n<tr>\n<td>________________________________________<\/td>\n<\/tr>\n<tr>\n<td>Perfiles<\/td>\n<\/tr>\n<tr>\n<td>Personalizados<\/td>\n<\/tr>\n<tr>\n<td>Filtro<\/td>\n<\/tr>\n<tr>\n<td>De<\/td>\n<\/tr>\n<tr>\n<td>Contenido profesional<\/td>\n<\/tr>\n<tr>\n<td>Biblioteca<\/td>\n<\/tr>\n<tr>\n<td>Tiempo<\/td>\n<\/tr>\n<tr>\n<td>De<\/td>\n<\/tr>\n<tr>\n<td>Descanso tiempo de acostarse tiempo libre recompensas clasificaci\u00f3n de tiempo en l\u00ednea de la familia pausar internet informes semanales y mensuales<\/td>\n<\/tr>\n<tr>\n<td>Tipos de wan ip<\/td>\n<\/tr>\n<tr>\n<td>Din\u00e1mica<\/td>\n<\/tr>\n<tr>\n<td>Ip est\u00e1tica<\/td>\n<\/tr>\n<tr>\n<td>Pppoe pptp<\/td>\n<\/tr>\n<tr>\n<td>L2tp<\/td>\n<\/tr>\n<tr>\n<td>Calidad de servicio homeshield qos<\/td>\n<\/tr>\n<tr>\n<td>________________________________________qos por dispositivo<\/td>\n<\/tr>\n<tr>\n<td>Servicio en la nube actualizaci\u00f3n<\/td>\n<\/tr>\n<tr>\n<td>De firmware ota tp-link id<\/td>\n<\/tr>\n<tr>\n<td>Ddns<\/td>\n<\/tr>\n<tr>\n<td>Reenv\u00edo nat upnp de reenv\u00edo de<\/td>\n<\/tr>\n<tr>\n<td>Puertos<\/td>\n<\/tr>\n<tr>\n<td>Iptv igmp proxy<\/td>\n<\/tr>\n<tr>\n<td>Igmp snooping<\/td>\n<\/tr>\n<tr>\n<td>Bridge<\/td>\n<\/tr>\n<tr>\n<td>Tag vlan<\/td>\n<\/tr>\n<tr>\n<td>Dhcp servidor<\/td>\n<\/tr>\n<tr>\n<td>De lista<\/td>\n<\/tr>\n<tr>\n<td>De clientes dhcp de reserva de direcciones<\/td>\n<\/tr>\n<tr>\n<td>Ddns tp-enlace<\/td>\n<\/tr>\n<tr>\n<td>Administraci\u00f3n aplicaci\u00f3n deco<\/td>\n<\/tr>\n<tr>\n<td>F\u00edsico<\/td>\n<\/tr>\n<tr>\n<td>Dimensiones (w\u00d7d\u00d7h) 4,33 \u00d7 4,33 \u00d7 4,49 pulgadas<\/td>\n<\/tr>\n<tr>\n<td>(110 \u00d7 110 \u00d7 114 mm)<\/td>\n<\/tr>\n<tr>\n<td>Contenido del paquete deco x55 (1 paquete)<\/td>\n<\/tr>\n<tr>\n<td>1<\/td>\n<\/tr>\n<tr>\n<td>Unidad deco x55 1 cable<\/td>\n<\/tr>\n<tr>\n<td>Ethernet rj45 1 adaptador de corriente 1<\/td>\n<\/tr>\n<tr>\n<td>Gu\u00eda de instalaci\u00f3n<\/td>\n<\/tr>\n<tr>\n<td>R\u00e1pidadeco x55 (paquete de 2)<\/td>\n<\/tr>\n<tr>\n<td>2 unidades deco x55 1 cable<\/td>\n<\/tr>\n<tr>\n<td>Ethernet rj45 2<\/td>\n<\/tr>\n<tr>\n<td>Adaptadores de corriente 1 gu\u00eda<\/td>\n<\/tr>\n<tr>\n<td>De instalaci\u00f3n r\u00e1pidadeco x55 (paquete de 3)<\/td>\n<\/tr>\n<tr>\n<td>3 unidades deco x55 1<\/td>\n<\/tr>\n<tr>\n<td>Cable ethernet rj45 3 adaptadores<\/td>\n<\/tr>\n<tr>\n<td>De corriente 1 gu\u00eda de instalaci\u00f3n r\u00e1pida<\/td>\n<\/tr>\n<tr>\n<td>Otros<\/td>\n<\/tr>\n<tr>\n<td>Requisitos del sistema android 4.4<\/td>\n<\/tr>\n<tr>\n<td>O posterior ios 9.0 o posterior<\/td>\n<\/tr>\n<tr>\n<td>Certificaciones ce, fcc, rohs, rcm<\/td>\n<\/tr>\n<tr>\n<td>Medio ambiente temperatura de funcionamiento: 0 \u00b0 c ~ 40 \u00b0 c (32 \u00b0 f ~ 104 \u00b0 f)<\/td>\n<\/tr>\n<tr>\n<td>Temperatura de almacenamiento: -40<\/td>\n<\/tr>\n<tr>\n<td>\u00b0 c ~ 70 \u00b0 c (-40 \u00b0 f ~ 158 \u00b0 f) humedad de funcionamiento: 10% ~ 90% sin condensaci\u00f3n<\/td>\n<\/tr>\n<tr>\n<td>Humedad de almacenamiento: 5% ~ 90% sin condensaci\u00f3n<\/td>\n<\/tr>\n<tr>\n<td>Datos de prueba<\/td>\n<\/tr>\n<tr>\n<td>Potencia de transmisi\u00f3n wifi ce:<\/td>\n<\/tr>\n<tr>\n<td> 20 dbm (2,4 ghz)<\/td>\n<\/tr>\n<tr>\n<td> 23 dbm (5 ghz)<\/td>\n<\/tr>\n<tr>\n<td>Fcc:  30 dbm (2,4 ghz)  30 dbm (5 ghz)<\/td>\n<\/tr>\n<\/table>\n","protected":false},"excerpt":{"rendered":"<p>\u0095 ax3000 dual band wifi &#8211; wifi 6 s\u00faper r\u00e1pido con velocidades de hasta 3,0 gbps. \u0095 4 streams, menos lag &#8211; 2\u00d72\/he160 2402 mbps + 2\u00d72 574 mbps. \u0095 velocidad por cable gigabit: los puertos gigabit de 3\u00d7 proporcionan suficiente conectividad. \u0095 cobertura sin fisuras mejorada: cobertura wifi de malla sin fisuras de hasta 230 m\u00b2 (paquete de 1. \u0095 malla impulsada por ia: aprende de forma inteligente el entorno de red para proporcionar wifi ideal \u00fanico para su hogar. \u0095 tp-link homeshield: proporciona protecci\u00f3n de red integral, controles parentales robustos y protecci\u00f3n de iot en tiempo real. \u0095 configuraci\u00f3n m\u00e1s f\u00e1cil que nunca: la aplicaci\u00f3n deco lo gu\u00eda a trav\u00e9s de la configuraci\u00f3n paso a paso. Https:\/\/www.Tp-link.Com\/au\/home-networking\/deco\/deco-x55\/#overview<\/p>\n","protected":false},"featured_media":221233,"comment_status":"open","ping_status":"open","template":"","meta":[],"product_cat":[1563,1753],"product_tag":[1562],"acf":[],"yoast_head":"<!-- This site is optimized with the Yoast SEO plugin v21.7 - https:\/\/yoast.com\/wordpress\/plugins\/seo\/ -->\n<title>[ Tp Link ] &#129351; Decox55(1pack) Router Tp-link Deco X551-pack Ax3000 Wifi 6 Mesh Dual Band<\/title>\n<meta name=\"description\" content=\"Compra Decox55(1pack) Router Tp-link Deco X551-pack Ax3000 Wifi 6 Mesh Dual Band + Env\u00edo a domicilio + Pago seguro + Garant\u00eda\" \/>\n<meta name=\"robots\" content=\"index, follow, max-snippet:-1, max-image-preview:large, max-video-preview:-1\" \/>\n<link rel=\"canonical\" href=\"https:\/\/compuviper.mx\/tienda\/producto\/tp-link-decox551pack-router-tp-link-deco-x551-pack-ax3000-wifi-6-mesh-dual-band\/\" \/>\n<meta property=\"og:locale\" content=\"es_MX\" \/>\n<meta property=\"og:type\" content=\"article\" \/>\n<meta property=\"og:title\" content=\"[ Tp Link ] &#129351; Decox55(1pack) Router Tp-link Deco X551-pack Ax3000 Wifi 6 Mesh Dual Band\" \/>\n<meta property=\"og:description\" content=\"Compra Decox55(1pack) Router Tp-link Deco X551-pack Ax3000 Wifi 6 Mesh Dual Band + Env\u00edo a domicilio + Pago seguro + Garant\u00eda\" \/>\n<meta property=\"og:url\" content=\"https:\/\/compuviper.mx\/tienda\/producto\/tp-link-decox551pack-router-tp-link-deco-x551-pack-ax3000-wifi-6-mesh-dual-band\/\" \/>\n<meta property=\"og:site_name\" content=\"Compuviper\" \/>\n<meta property=\"article:publisher\" content=\"https:\/\/www.facebook.com\/compuviper\" \/>\n<meta property=\"og:image\" content=\"https:\/\/compuviper.mx\/tienda\/wp-content\/uploads\/2023\/12\/Router-tp-link-deco-x551-pack-ax3000-wifi-6-mesh-dual-band.jpg\" \/>\n\t<meta property=\"og:image:width\" content=\"200\" \/>\n\t<meta property=\"og:image:height\" content=\"200\" \/>\n\t<meta property=\"og:image:type\" content=\"image\/jpeg\" \/>\n<meta name=\"twitter:card\" content=\"summary_large_image\" \/>\n<meta name=\"twitter:label1\" content=\"Precio\" \/>\n\t<meta name=\"twitter:data1\" content=\"&#36;1,107 con IVA\" \/>\n\t<meta name=\"twitter:label2\" content=\"Availability\" \/>\n\t<meta name=\"twitter:data2\" content=\"In stock\" \/>\n<script type=\"application\/ld+json\" class=\"yoast-schema-graph\">{\"@context\":\"https:\/\/schema.org\",\"@graph\":[{\"@type\":\"WebPage\",\"@id\":\"https:\/\/compuviper.mx\/tienda\/producto\/tp-link-decox551pack-router-tp-link-deco-x551-pack-ax3000-wifi-6-mesh-dual-band\/\",\"url\":\"https:\/\/compuviper.mx\/tienda\/producto\/tp-link-decox551pack-router-tp-link-deco-x551-pack-ax3000-wifi-6-mesh-dual-band\/\",\"name\":\"[ Tp Link ] &#129351; Decox55(1pack) Router Tp-link Deco X551-pack Ax3000 Wifi 6 Mesh Dual Band\",\"isPartOf\":{\"@id\":\"https:\/\/compuviper.mx\/tienda\/#website\"},\"datePublished\":\"2026-04-18T07:10:29+00:00\",\"dateModified\":\"2026-04-18T07:10:29+00:00\",\"description\":\"Compra Decox55(1pack) Router Tp-link Deco X551-pack Ax3000 Wifi 6 Mesh Dual Band + Env\u00edo a domicilio + Pago seguro + Garant\u00eda\",\"breadcrumb\":{\"@id\":\"https:\/\/compuviper.mx\/tienda\/producto\/tp-link-decox551pack-router-tp-link-deco-x551-pack-ax3000-wifi-6-mesh-dual-band\/#breadcrumb\"},\"inLanguage\":\"es-MX\",\"potentialAction\":[{\"@type\":\"ReadAction\",\"target\":[\"https:\/\/compuviper.mx\/tienda\/producto\/tp-link-decox551pack-router-tp-link-deco-x551-pack-ax3000-wifi-6-mesh-dual-band\/\"]}]},{\"@type\":\"BreadcrumbList\",\"@id\":\"https:\/\/compuviper.mx\/tienda\/producto\/tp-link-decox551pack-router-tp-link-deco-x551-pack-ax3000-wifi-6-mesh-dual-band\/#breadcrumb\",\"itemListElement\":[{\"@type\":\"ListItem\",\"position\":1,\"name\":\"Inicio\",\"item\":\"https:\/\/compuviper.mx\/tienda\/\"},{\"@type\":\"ListItem\",\"position\":2,\"name\":\"Productos\",\"item\":\"https:\/\/compuviper.mx\/tienda\/productos\/\"},{\"@type\":\"ListItem\",\"position\":3,\"name\":\"Redes\",\"item\":\"https:\/\/compuviper.mx\/tienda\/categoria-producto\/redes\/\"},{\"@type\":\"ListItem\",\"position\":4,\"name\":\"Router\",\"item\":\"https:\/\/compuviper.mx\/tienda\/categoria-producto\/redes\/router\/\"},{\"@type\":\"ListItem\",\"position\":5,\"name\":\"Tp Link Decox55(1pack) Router Tp-link Deco X551-pack Ax3000 Wifi 6 Mesh Dual Band\"}]},{\"@type\":\"WebSite\",\"@id\":\"https:\/\/compuviper.mx\/tienda\/#website\",\"url\":\"https:\/\/compuviper.mx\/tienda\/\",\"name\":\"Compuviper\",\"description\":\"Proveedor de Computadoras, Laptops, Servidores, Monitores, Puntos de Venta, Teclados,   Impresoras, T\u00f3ner, C\u00e1maras de Seguridad y m\u00e1s en tu tienda en l\u00ednea\",\"publisher\":{\"@id\":\"https:\/\/compuviper.mx\/tienda\/#organization\"},\"potentialAction\":[{\"@type\":\"SearchAction\",\"target\":{\"@type\":\"EntryPoint\",\"urlTemplate\":\"https:\/\/compuviper.mx\/tienda\/?s={search_term_string}\"},\"query-input\":\"required name=search_term_string\"}],\"inLanguage\":\"es-MX\"},{\"@type\":\"Organization\",\"@id\":\"https:\/\/compuviper.mx\/tienda\/#organization\",\"name\":\"Compuviper\",\"url\":\"https:\/\/compuviper.mx\/tienda\/\",\"logo\":{\"@type\":\"ImageObject\",\"inLanguage\":\"es-MX\",\"@id\":\"https:\/\/compuviper.mx\/tienda\/#\/schema\/logo\/image\/\",\"url\":\"https:\/\/compuviper.mx\/tienda\/wp-content\/uploads\/2021\/08\/Logo-Compuviper-10.png\",\"contentUrl\":\"https:\/\/compuviper.mx\/tienda\/wp-content\/uploads\/2021\/08\/Logo-Compuviper-10.png\",\"width\":1000,\"height\":500,\"caption\":\"Compuviper\"},\"image\":{\"@id\":\"https:\/\/compuviper.mx\/tienda\/#\/schema\/logo\/image\/\"},\"sameAs\":[\"https:\/\/www.facebook.com\/compuviper\",\"https:\/\/www.youtube.com\/channel\/UCf73dERp9Y3cfOq7q8BhLjA?view_as=subscriber\"]}]}<\/script>\n<meta property=\"product:brand\" content=\"TP LINK\" \/>\n<meta property=\"product:price:amount\" content=\"1107\" \/>\n<meta property=\"product:price:currency\" content=\"MXN\" \/>\n<meta property=\"og:availability\" content=\"instock\" \/>\n<meta property=\"product:availability\" content=\"instock\" \/>\n<meta property=\"product:retailer_item_id\" content=\"DECOX55(1PACK)\" \/>\n<meta property=\"product:condition\" content=\"new\" \/>\n<!-- \/ Yoast SEO plugin. -->","yoast_head_json":{"title":"[ Tp Link ] &#129351; Decox55(1pack) Router Tp-link Deco X551-pack Ax3000 Wifi 6 Mesh Dual Band","description":"Compra Decox55(1pack) Router Tp-link Deco X551-pack Ax3000 Wifi 6 Mesh Dual Band + Env\u00edo a domicilio + Pago seguro + Garant\u00eda","robots":{"index":"index","follow":"follow","max-snippet":"max-snippet:-1","max-image-preview":"max-image-preview:large","max-video-preview":"max-video-preview:-1"},"canonical":"https:\/\/compuviper.mx\/tienda\/producto\/tp-link-decox551pack-router-tp-link-deco-x551-pack-ax3000-wifi-6-mesh-dual-band\/","og_locale":"es_MX","og_type":"article","og_title":"[ Tp Link ] &#129351; Decox55(1pack) Router Tp-link Deco X551-pack Ax3000 Wifi 6 Mesh Dual Band","og_description":"Compra Decox55(1pack) Router Tp-link Deco X551-pack Ax3000 Wifi 6 Mesh Dual Band + Env\u00edo a domicilio + Pago seguro + Garant\u00eda","og_url":"https:\/\/compuviper.mx\/tienda\/producto\/tp-link-decox551pack-router-tp-link-deco-x551-pack-ax3000-wifi-6-mesh-dual-band\/","og_site_name":"Compuviper","article_publisher":"https:\/\/www.facebook.com\/compuviper","og_image":[{"width":200,"height":200,"url":"https:\/\/compuviper.mx\/tienda\/wp-content\/uploads\/2023\/12\/Router-tp-link-deco-x551-pack-ax3000-wifi-6-mesh-dual-band.jpg","type":"image\/jpeg"}],"twitter_card":"summary_large_image","twitter_misc":{"Precio":"&#36;1,107 con IVA","Availability":"In stock"},"schema":{"@context":"https:\/\/schema.org","@graph":[{"@type":"WebPage","@id":"https:\/\/compuviper.mx\/tienda\/producto\/tp-link-decox551pack-router-tp-link-deco-x551-pack-ax3000-wifi-6-mesh-dual-band\/","url":"https:\/\/compuviper.mx\/tienda\/producto\/tp-link-decox551pack-router-tp-link-deco-x551-pack-ax3000-wifi-6-mesh-dual-band\/","name":"[ Tp Link ] &#129351; Decox55(1pack) Router Tp-link Deco X551-pack Ax3000 Wifi 6 Mesh Dual Band","isPartOf":{"@id":"https:\/\/compuviper.mx\/tienda\/#website"},"datePublished":"2026-04-18T07:10:29+00:00","dateModified":"2026-04-18T07:10:29+00:00","description":"Compra Decox55(1pack) Router Tp-link Deco X551-pack Ax3000 Wifi 6 Mesh Dual Band + Env\u00edo a domicilio + Pago seguro + Garant\u00eda","breadcrumb":{"@id":"https:\/\/compuviper.mx\/tienda\/producto\/tp-link-decox551pack-router-tp-link-deco-x551-pack-ax3000-wifi-6-mesh-dual-band\/#breadcrumb"},"inLanguage":"es-MX","potentialAction":[{"@type":"ReadAction","target":["https:\/\/compuviper.mx\/tienda\/producto\/tp-link-decox551pack-router-tp-link-deco-x551-pack-ax3000-wifi-6-mesh-dual-band\/"]}]},{"@type":"BreadcrumbList","@id":"https:\/\/compuviper.mx\/tienda\/producto\/tp-link-decox551pack-router-tp-link-deco-x551-pack-ax3000-wifi-6-mesh-dual-band\/#breadcrumb","itemListElement":[{"@type":"ListItem","position":1,"name":"Inicio","item":"https:\/\/compuviper.mx\/tienda\/"},{"@type":"ListItem","position":2,"name":"Productos","item":"https:\/\/compuviper.mx\/tienda\/productos\/"},{"@type":"ListItem","position":3,"name":"Redes","item":"https:\/\/compuviper.mx\/tienda\/categoria-producto\/redes\/"},{"@type":"ListItem","position":4,"name":"Router","item":"https:\/\/compuviper.mx\/tienda\/categoria-producto\/redes\/router\/"},{"@type":"ListItem","position":5,"name":"Tp Link Decox55(1pack) Router Tp-link Deco X551-pack Ax3000 Wifi 6 Mesh Dual Band"}]},{"@type":"WebSite","@id":"https:\/\/compuviper.mx\/tienda\/#website","url":"https:\/\/compuviper.mx\/tienda\/","name":"Compuviper","description":"Proveedor de Computadoras, Laptops, Servidores, Monitores, Puntos de Venta, Teclados,   Impresoras, T\u00f3ner, C\u00e1maras de Seguridad y m\u00e1s en tu tienda en l\u00ednea","publisher":{"@id":"https:\/\/compuviper.mx\/tienda\/#organization"},"potentialAction":[{"@type":"SearchAction","target":{"@type":"EntryPoint","urlTemplate":"https:\/\/compuviper.mx\/tienda\/?s={search_term_string}"},"query-input":"required name=search_term_string"}],"inLanguage":"es-MX"},{"@type":"Organization","@id":"https:\/\/compuviper.mx\/tienda\/#organization","name":"Compuviper","url":"https:\/\/compuviper.mx\/tienda\/","logo":{"@type":"ImageObject","inLanguage":"es-MX","@id":"https:\/\/compuviper.mx\/tienda\/#\/schema\/logo\/image\/","url":"https:\/\/compuviper.mx\/tienda\/wp-content\/uploads\/2021\/08\/Logo-Compuviper-10.png","contentUrl":"https:\/\/compuviper.mx\/tienda\/wp-content\/uploads\/2021\/08\/Logo-Compuviper-10.png","width":1000,"height":500,"caption":"Compuviper"},"image":{"@id":"https:\/\/compuviper.mx\/tienda\/#\/schema\/logo\/image\/"},"sameAs":["https:\/\/www.facebook.com\/compuviper","https:\/\/www.youtube.com\/channel\/UCf73dERp9Y3cfOq7q8BhLjA?view_as=subscriber"]}]},"product_brand":"TP LINK","product_price_amount":"1107","product_price_currency":"MXN","og_availability":"instock","product_availability":"instock","product_retailer_item_id":"DECOX55(1PACK)","product_condition":"new"},"_links":{"self":[{"href":"https:\/\/compuviper.mx\/tienda\/wp-json\/wp\/v2\/product\/221232"}],"collection":[{"href":"https:\/\/compuviper.mx\/tienda\/wp-json\/wp\/v2\/product"}],"about":[{"href":"https:\/\/compuviper.mx\/tienda\/wp-json\/wp\/v2\/types\/product"}],"replies":[{"embeddable":true,"href":"https:\/\/compuviper.mx\/tienda\/wp-json\/wp\/v2\/comments?post=221232"}],"wp:featuredmedia":[{"embeddable":true,"href":"https:\/\/compuviper.mx\/tienda\/wp-json\/wp\/v2\/media\/221233"}],"wp:attachment":[{"href":"https:\/\/compuviper.mx\/tienda\/wp-json\/wp\/v2\/media?parent=221232"}],"wp:term":[{"taxonomy":"product_cat","embeddable":true,"href":"https:\/\/compuviper.mx\/tienda\/wp-json\/wp\/v2\/product_cat?post=221232"},{"taxonomy":"product_tag","embeddable":true,"href":"https:\/\/compuviper.mx\/tienda\/wp-json\/wp\/v2\/product_tag?post=221232"}],"curies":[{"name":"wp","href":"https:\/\/api.w.org\/{rel}","templated":true}]}}