{"id":221230,"date":"2026-04-18T01:10:28","date_gmt":"2026-04-18T07:10:28","guid":{"rendered":"https:\/\/compuviper.mx\/tienda\/producto\/tp-link-archer-c64-router-tp-link-wifi-inalambrico-mu-mimo-ac1200-5-ghz-867-mbps-24-ghz-400-mbps-cobertura-wifi-mejorada-4-antenas-externas-sustituye-a-archer-c60\/"},"modified":"2026-04-18T01:10:29","modified_gmt":"2026-04-18T07:10:29","slug":"tp-link-archer-c64-router-tp-link-wifi-inalambrico-mu-mimo-ac1200-5-ghz-867-mbps-24-ghz-400-mbps-cobertura-wifi-mejorada-4-antenas-externas-sustituye-a-archer-c60","status":"publish","type":"product","link":"https:\/\/compuviper.mx\/tienda\/producto\/tp-link-archer-c64-router-tp-link-wifi-inalambrico-mu-mimo-ac1200-5-ghz-867-mbps-24-ghz-400-mbps-cobertura-wifi-mejorada-4-antenas-externas-sustituye-a-archer-c60\/","title":{"rendered":"Tp Link Archer C64 Router |tp-link |  |wifi | Inalambrico Mu-mimo | Ac1200 | 5 Ghz 867 Mbps | 2,4 Ghz 400 Mbps | Cobertura Wifi Mejorada 4 Antenas Externas, Sustituye A Archer C60"},"content":{"rendered":"<table class=\"descripcion\">\n<tr>\n<td>\u0095 inal\u00e1mbrico<\/td>\n<\/tr>\n<tr>\n<td>Normas wi-fi 5<\/td>\n<\/tr>\n<tr>\n<td>Ieee 802.11ac\/n\/a<\/td>\n<\/tr>\n<tr>\n<td>5 ghz ieee 802.11n\/b\/g 2,4 ghz<\/td>\n<\/tr>\n<tr>\n<td>Velocidades wifi ac1200<\/td>\n<\/tr>\n<tr>\n<td>5 ghz: 867 mbps (802.11ac)<\/td>\n<\/tr>\n<tr>\n<td>2.4 ghz: 400 mbps (802.11n)<\/td>\n<\/tr>\n<tr>\n<td>Rango wifi casas de 3 dormitorios<\/td>\n<\/tr>\n<tr>\n<td>________________________________________<\/td>\n<\/tr>\n<tr>\n<td>4\u00d7 antenas<\/td>\n<\/tr>\n<tr>\n<td>Fijas de alto rendimiento m\u00faltiples antenas forman<\/td>\n<\/tr>\n<tr>\n<td>Una<\/td>\n<\/tr>\n<tr>\n<td>Matriz de aumento de se\u00f1al para cubrir m\u00e1s direcciones y grandes \u00e1reas beamforming concentra la intensidad de la se\u00f1al inal\u00e1mbrica hacia los clientes para ampliar el alcance wifi<\/td>\n<\/tr>\n<tr>\n<td>Capacidad wifi media<\/td>\n<\/tr>\n<tr>\n<td>________________________________________<\/td>\n<\/tr>\n<tr>\n<td>De<\/td>\n<\/tr>\n<tr>\n<td>Doble banda asigne<\/td>\n<\/tr>\n<tr>\n<td>Dispositivos a<\/td>\n<\/tr>\n<tr>\n<td>Diferentes bandas para un<\/td>\n<\/tr>\n<tr>\n<td>Rendimiento \u00f3ptimo<\/td>\n<\/tr>\n<tr>\n<td>Mu-mimo se comunica simult\u00e1neamente con m\u00faltiples clientes mu-mimo equidad de tiempo de aire mejora la eficiencia de la red al limitar la ocupaci\u00f3n excesiva<\/td>\n<\/tr>\n<tr>\n<td>Modos de trabajo modo<\/td>\n<\/tr>\n<tr>\n<td>De punto de acceso del router<\/td>\n<\/tr>\n<tr>\n<td>Hardware<\/td>\n<\/tr>\n<tr>\n<td>Procesador cpu de 1,2 ghz<\/td>\n<\/tr>\n<tr>\n<td>Puertos ethernet 1\u00d7 puerto<\/td>\n<\/tr>\n<tr>\n<td>Wan gigabit 4\u00d7 puertos lan gigabit<\/td>\n<\/tr>\n<tr>\n<td>Botones bot\u00f3n wps\/reset<\/td>\n<\/tr>\n<tr>\n<td>Poder 12v = 1a<\/td>\n<\/tr>\n<tr>\n<td>Seguridad<\/td>\n<\/tr>\n<tr>\n<td>Cifrado wifi encriptaciones wpa\/wpa2, wpa-psk\/wpa2-psk\/wpa3-sae<\/td>\n<\/tr>\n<tr>\n<td>Seguridad de red firewall spi, enlace de direcciones ip y mac<\/td>\n<\/tr>\n<tr>\n<td>Red de invitados red de invitados de<\/td>\n<\/tr>\n<tr>\n<td>2,4 ghz red de invitados de 5 ghz<\/td>\n<\/tr>\n<tr>\n<td>Software<\/td>\n<\/tr>\n<tr>\n<td>Protocolos ipv4<\/td>\n<\/tr>\n<tr>\n<td>Ipv6<\/td>\n<\/tr>\n<tr>\n<td>Control parental controles<\/td>\n<\/tr>\n<tr>\n<td>De tiempo de filtrado de url<\/td>\n<\/tr>\n<tr>\n<td>Tipos de wan ip<\/td>\n<\/tr>\n<tr>\n<td>Din\u00e1mica<\/td>\n<\/tr>\n<tr>\n<td>Ip est\u00e1tica pppoe(dual access)<\/td>\n<\/tr>\n<tr>\n<td>Pptp(dual access) l2tp(dual access)<\/td>\n<\/tr>\n<tr>\n<td>Calidad de servicio qos por dispositivo<\/td>\n<\/tr>\n<tr>\n<td>Servicio en la nube actualizaci\u00f3n<\/td>\n<\/tr>\n<tr>\n<td>De firmware ota tp-link id<\/td>\n<\/tr>\n<tr>\n<td>Ddns<\/td>\n<\/tr>\n<tr>\n<td>Reenv\u00edo nat puerto de<\/td>\n<\/tr>\n<tr>\n<td>Reenv\u00edo de puertos activaci\u00f3n<\/td>\n<\/tr>\n<tr>\n<td>Upnp<\/td>\n<\/tr>\n<tr>\n<td>Dmz<\/td>\n<\/tr>\n<tr>\n<td>Iptv igmp proxy<\/td>\n<\/tr>\n<tr>\n<td>Igmp snooping<\/td>\n<\/tr>\n<tr>\n<td>Bridge<\/td>\n<\/tr>\n<tr>\n<td>Tag vlan<\/td>\n<\/tr>\n<tr>\n<td>Dhcp reserva<\/td>\n<\/tr>\n<tr>\n<td>De<\/td>\n<\/tr>\n<tr>\n<td>Direcciones de lista de clientes dhcp del servidor<\/td>\n<\/tr>\n<tr>\n<td>Ddns tp-link<\/td>\n<\/tr>\n<tr>\n<td>No-ip<\/td>\n<\/tr>\n<tr>\n<td>Dyndns<\/td>\n<\/tr>\n<tr>\n<td>Administraci\u00f3n emulador<\/td>\n<\/tr>\n<tr>\n<td>Web<\/td>\n<\/tr>\n<tr>\n<td>De comprobaci\u00f3n de p\u00e1gina web de la aplicaci\u00f3ntether<\/td>\n<\/tr>\n<tr>\n<td>F\u00edsico<\/td>\n<\/tr>\n<tr>\n<td>Dimensiones (w\u00d7d\u00d7h) 4,7 \u00d7 4,7 \u00d7 1,1 pulgadas<\/td>\n<\/tr>\n<tr>\n<td>(120 \u00d7 120 \u00d7 27,9 mm)<\/td>\n<\/tr>\n<tr>\n<td>Contenido del paquete wireless router archer<\/td>\n<\/tr>\n<tr>\n<td>C64 adaptador de<\/td>\n<\/tr>\n<tr>\n<td>Corriente rj45 ethernet cable gu\u00eda de instalaci\u00f3n r\u00e1pida<\/td>\n<\/tr>\n<tr>\n<td>Otro<\/td>\n<\/tr>\n<tr>\n<td>Requisitos del sistema microsoft windows 98se\/nt\/2000\/xp\/vista\u0099\/7\/8\/8.1\/10, mac os, netware,<\/td>\n<\/tr>\n<tr>\n<td>Unix o linux internet explorer 11, firefox 12.0, chrome 20.0, safari<\/td>\n<\/tr>\n<tr>\n<td>4.0<\/td>\n<\/tr>\n<tr>\n<td>U otro<\/td>\n<\/tr>\n<tr>\n<td>Navegador habilitado para java suscripci\u00f3n por m\u00f3dem por cable o dsl con un proveedor de servicios de internet (para acceso a internet)<\/td>\n<\/tr>\n<tr>\n<td>Certificaciones ce, rohs<\/td>\n<\/tr>\n<tr>\n<td>Medio ambiente temperatura de funcionamiento: 0 \u00b0 c ~ 40 \u00b0 c (32 \u00b0 f ~ 104 \u00b0 f)<\/td>\n<\/tr>\n<tr>\n<td>Humedad de funcionamiento: 10% ~ 90% sin condensaci\u00f3n humedad de almacenamiento: 5% ~ 90% sin condensaci\u00f3n<\/td>\n<\/tr>\n<tr>\n<td>Datos de prueba<\/td>\n<\/tr>\n<tr>\n<td>Potencia de transmisi\u00f3n wifi ce:<\/td>\n<\/tr>\n<tr>\n<td> 20dbm (2.4 ghz),  23dbm (5.15 ghz ~ 5.25<\/td>\n<\/tr>\n<tr>\n<td>Ghz) fcc:<\/td>\n<\/tr>\n<tr>\n<td> 30dbm (2.4 ghz y 5 ghz)<\/td>\n<\/tr>\n<tr>\n<td>Sensibilidad de recepci\u00f3n wifi 5<\/td>\n<\/tr>\n<tr>\n<td>Ghz: 11a 6mbps:-95dbm<\/td>\n<\/tr>\n<tr>\n<td>11a 54mbps:-77dbm<\/td>\n<\/tr>\n<tr>\n<td>11ac vht20 mcs8:-71dbm<\/td>\n<\/tr>\n<tr>\n<td>11ac vht40<\/td>\n<\/tr>\n<tr>\n<td>Mcs9:-67dbm 11ac vht80 mcs9:-63dbm<\/td>\n<\/tr>\n<tr>\n<td>2.4 ghz:<\/td>\n<\/tr>\n<tr>\n<td>11g 6mbps: -96dbm<\/td>\n<\/tr>\n<tr>\n<td>11g 54mbps: -78dbm<\/td>\n<\/tr>\n<tr>\n<td>11n ht20 mcs7:-77dbm<\/td>\n<\/tr>\n<tr>\n<td>11n ht40 mcs7:-74dbm<\/td>\n<\/tr>\n<tr>\n<td>11ac vht20 mcs8:-73dbm<\/td>\n<\/tr>\n<tr>\n<td>11ac vht40 mcs9:-68dbm<\/td>\n<\/tr>\n<tr>\n<td>\u0095<\/td>\n<\/tr>\n<\/table>\n","protected":false},"excerpt":{"rendered":"<p>\u0095 wifi 802.11ac wave2: 867 mbps en la banda de 5 ghz y 400 mbps en la banda de 2,4 ghz?. \u0095 cobertura wifi mejorada: 4 antenas externas proporcionan conexiones inal\u00e1mbricas estables y una cobertura \u00f3ptima. \u0095 mu-mimo \u0096 f\u00e1cil gesti\u00f3n de red al alcance de su mano con tp-link tethermu-mimo logra una eficiencia 2x al comunicarse con hasta 2 dispositivos a la vez?. \u0095 beamforming: la tecnolog\u00eda beamforming ofrece una conexi\u00f3n inal\u00e1mbrica altamente eficiente. \u0095 modo ap: admite el modo de punto de acceso para crear un nuevo punto de acceso wifi. \u0095 conexi\u00f3n inteligente: smart connect dirige a los clientes a la banda menos congestionada y airtime fairness optimiza el uso del tiempo. \u0095 configuraci\u00f3n sencilla: f\u00e1cil gesti\u00f3n de la red al alcance de la mano con tp-link tether. Imagen ilustrativa<\/p>\n","protected":false},"featured_media":221231,"comment_status":"open","ping_status":"open","template":"","meta":[],"product_cat":[1563,1753],"product_tag":[1562],"acf":[],"yoast_head":"<!-- This site is optimized with the Yoast SEO plugin v21.7 - https:\/\/yoast.com\/wordpress\/plugins\/seo\/ -->\n<title>[ Tp Link ] &#129351; Archer C64 Router |tp-link | |wifi | Inalambrico Mu-mimo | Ac1200 | 5 Ghz 867 Mbps | 2,4 Ghz 400 Mbps | Cobertura Wifi Mejorada 4 Antenas Externas, Sustituye A Archer C60<\/title>\n<meta name=\"description\" content=\"Compra Archer C64 Router |tp-link | |wifi | Inalambrico Mu-mimo | Ac1200 | 5 Ghz 867 Mbps | 2,4 Ghz 400 Mbps | Cobertura Wifi Mejorada 4 Antenas Externas, Sustituye A Archer C60 + Env\u00edo a domicilio + Pago seguro + Garant\u00eda\" \/>\n<meta name=\"robots\" content=\"index, follow, max-snippet:-1, max-image-preview:large, max-video-preview:-1\" \/>\n<link rel=\"canonical\" href=\"https:\/\/compuviper.mx\/tienda\/producto\/tp-link-archer-c64-router-tp-link-wifi-inalambrico-mu-mimo-ac1200-5-ghz-867-mbps-24-ghz-400-mbps-cobertura-wifi-mejorada-4-antenas-externas-sustituye-a-archer-c60\/\" \/>\n<meta property=\"og:locale\" content=\"es_MX\" \/>\n<meta property=\"og:type\" content=\"article\" \/>\n<meta property=\"og:title\" content=\"[ Tp Link ] &#129351; Archer C64 Router |tp-link | |wifi | Inalambrico Mu-mimo | Ac1200 | 5 Ghz 867 Mbps | 2,4 Ghz 400 Mbps | Cobertura Wifi Mejorada 4 Antenas Externas, Sustituye A Archer C60\" \/>\n<meta property=\"og:description\" content=\"Compra Archer C64 Router |tp-link | |wifi | Inalambrico Mu-mimo | Ac1200 | 5 Ghz 867 Mbps | 2,4 Ghz 400 Mbps | Cobertura Wifi Mejorada 4 Antenas Externas, Sustituye A Archer C60 + Env\u00edo a domicilio + Pago seguro + Garant\u00eda\" \/>\n<meta property=\"og:url\" content=\"https:\/\/compuviper.mx\/tienda\/producto\/tp-link-archer-c64-router-tp-link-wifi-inalambrico-mu-mimo-ac1200-5-ghz-867-mbps-24-ghz-400-mbps-cobertura-wifi-mejorada-4-antenas-externas-sustituye-a-archer-c60\/\" \/>\n<meta property=\"og:site_name\" content=\"Compuviper\" \/>\n<meta property=\"article:publisher\" content=\"https:\/\/www.facebook.com\/compuviper\" \/>\n<meta property=\"article:modified_time\" content=\"2026-04-18T07:10:29+00:00\" \/>\n<meta property=\"og:image\" content=\"https:\/\/compuviper.mx\/tienda\/wp-content\/uploads\/2023\/12\/Router-tp-link-archer-c64-wifi-inalambrico-mu-mimo-ac1200-5-ghz-867-mbps-24-ghz-400-mbps-cobertura-wifi-mejorada-4-antenas-externas-sustituye-a-archer-c60.jpg\" \/>\n\t<meta property=\"og:image:width\" content=\"200\" \/>\n\t<meta property=\"og:image:height\" content=\"200\" \/>\n\t<meta property=\"og:image:type\" content=\"image\/jpeg\" \/>\n<meta name=\"twitter:card\" content=\"summary_large_image\" \/>\n<meta name=\"twitter:label1\" content=\"Precio\" \/>\n\t<meta name=\"twitter:data1\" content=\"&#36;501 con IVA\" \/>\n\t<meta name=\"twitter:label2\" content=\"Availability\" \/>\n\t<meta name=\"twitter:data2\" content=\"In stock\" \/>\n<script type=\"application\/ld+json\" class=\"yoast-schema-graph\">{\"@context\":\"https:\/\/schema.org\",\"@graph\":[{\"@type\":\"WebPage\",\"@id\":\"https:\/\/compuviper.mx\/tienda\/producto\/tp-link-archer-c64-router-tp-link-wifi-inalambrico-mu-mimo-ac1200-5-ghz-867-mbps-24-ghz-400-mbps-cobertura-wifi-mejorada-4-antenas-externas-sustituye-a-archer-c60\/\",\"url\":\"https:\/\/compuviper.mx\/tienda\/producto\/tp-link-archer-c64-router-tp-link-wifi-inalambrico-mu-mimo-ac1200-5-ghz-867-mbps-24-ghz-400-mbps-cobertura-wifi-mejorada-4-antenas-externas-sustituye-a-archer-c60\/\",\"name\":\"[ Tp Link ] &#129351; Archer C64 Router |tp-link | |wifi | Inalambrico Mu-mimo | Ac1200 | 5 Ghz 867 Mbps | 2,4 Ghz 400 Mbps | Cobertura Wifi Mejorada 4 Antenas Externas, Sustituye A Archer C60\",\"isPartOf\":{\"@id\":\"https:\/\/compuviper.mx\/tienda\/#website\"},\"datePublished\":\"2026-04-18T07:10:28+00:00\",\"dateModified\":\"2026-04-18T07:10:29+00:00\",\"description\":\"Compra Archer C64 Router |tp-link | |wifi | Inalambrico Mu-mimo | Ac1200 | 5 Ghz 867 Mbps | 2,4 Ghz 400 Mbps | Cobertura Wifi Mejorada 4 Antenas Externas, Sustituye A Archer C60 + Env\u00edo a domicilio + Pago seguro + Garant\u00eda\",\"breadcrumb\":{\"@id\":\"https:\/\/compuviper.mx\/tienda\/producto\/tp-link-archer-c64-router-tp-link-wifi-inalambrico-mu-mimo-ac1200-5-ghz-867-mbps-24-ghz-400-mbps-cobertura-wifi-mejorada-4-antenas-externas-sustituye-a-archer-c60\/#breadcrumb\"},\"inLanguage\":\"es-MX\",\"potentialAction\":[{\"@type\":\"ReadAction\",\"target\":[\"https:\/\/compuviper.mx\/tienda\/producto\/tp-link-archer-c64-router-tp-link-wifi-inalambrico-mu-mimo-ac1200-5-ghz-867-mbps-24-ghz-400-mbps-cobertura-wifi-mejorada-4-antenas-externas-sustituye-a-archer-c60\/\"]}]},{\"@type\":\"BreadcrumbList\",\"@id\":\"https:\/\/compuviper.mx\/tienda\/producto\/tp-link-archer-c64-router-tp-link-wifi-inalambrico-mu-mimo-ac1200-5-ghz-867-mbps-24-ghz-400-mbps-cobertura-wifi-mejorada-4-antenas-externas-sustituye-a-archer-c60\/#breadcrumb\",\"itemListElement\":[{\"@type\":\"ListItem\",\"position\":1,\"name\":\"Inicio\",\"item\":\"https:\/\/compuviper.mx\/tienda\/\"},{\"@type\":\"ListItem\",\"position\":2,\"name\":\"Productos\",\"item\":\"https:\/\/compuviper.mx\/tienda\/productos\/\"},{\"@type\":\"ListItem\",\"position\":3,\"name\":\"Redes\",\"item\":\"https:\/\/compuviper.mx\/tienda\/categoria-producto\/redes\/\"},{\"@type\":\"ListItem\",\"position\":4,\"name\":\"Router\",\"item\":\"https:\/\/compuviper.mx\/tienda\/categoria-producto\/redes\/router\/\"},{\"@type\":\"ListItem\",\"position\":5,\"name\":\"Tp Link Archer C64 Router |tp-link | |wifi | Inalambrico Mu-mimo | Ac1200 | 5 Ghz 867 Mbps | 2,4 Ghz 400 Mbps | Cobertura Wifi Mejorada 4 Antenas Externas, Sustituye A Archer C60\"}]},{\"@type\":\"WebSite\",\"@id\":\"https:\/\/compuviper.mx\/tienda\/#website\",\"url\":\"https:\/\/compuviper.mx\/tienda\/\",\"name\":\"Compuviper\",\"description\":\"Proveedor de Computadoras, Laptops, Servidores, Monitores, Puntos de Venta, Teclados,   Impresoras, T\u00f3ner, C\u00e1maras de Seguridad y m\u00e1s en tu tienda en l\u00ednea\",\"publisher\":{\"@id\":\"https:\/\/compuviper.mx\/tienda\/#organization\"},\"potentialAction\":[{\"@type\":\"SearchAction\",\"target\":{\"@type\":\"EntryPoint\",\"urlTemplate\":\"https:\/\/compuviper.mx\/tienda\/?s={search_term_string}\"},\"query-input\":\"required name=search_term_string\"}],\"inLanguage\":\"es-MX\"},{\"@type\":\"Organization\",\"@id\":\"https:\/\/compuviper.mx\/tienda\/#organization\",\"name\":\"Compuviper\",\"url\":\"https:\/\/compuviper.mx\/tienda\/\",\"logo\":{\"@type\":\"ImageObject\",\"inLanguage\":\"es-MX\",\"@id\":\"https:\/\/compuviper.mx\/tienda\/#\/schema\/logo\/image\/\",\"url\":\"https:\/\/compuviper.mx\/tienda\/wp-content\/uploads\/2021\/08\/Logo-Compuviper-10.png\",\"contentUrl\":\"https:\/\/compuviper.mx\/tienda\/wp-content\/uploads\/2021\/08\/Logo-Compuviper-10.png\",\"width\":1000,\"height\":500,\"caption\":\"Compuviper\"},\"image\":{\"@id\":\"https:\/\/compuviper.mx\/tienda\/#\/schema\/logo\/image\/\"},\"sameAs\":[\"https:\/\/www.facebook.com\/compuviper\",\"https:\/\/www.youtube.com\/channel\/UCf73dERp9Y3cfOq7q8BhLjA?view_as=subscriber\"]}]}<\/script>\n<meta property=\"product:brand\" content=\"TP LINK\" \/>\n<meta property=\"product:price:amount\" content=\"501\" \/>\n<meta property=\"product:price:currency\" content=\"MXN\" \/>\n<meta property=\"og:availability\" content=\"instock\" \/>\n<meta property=\"product:availability\" content=\"instock\" \/>\n<meta property=\"product:retailer_item_id\" content=\"ARCHER C64\" \/>\n<meta property=\"product:condition\" content=\"new\" \/>\n<!-- \/ Yoast SEO plugin. -->","yoast_head_json":{"title":"[ Tp Link ] &#129351; Archer C64 Router |tp-link | |wifi | Inalambrico Mu-mimo | Ac1200 | 5 Ghz 867 Mbps | 2,4 Ghz 400 Mbps | Cobertura Wifi Mejorada 4 Antenas Externas, Sustituye A Archer C60","description":"Compra Archer C64 Router |tp-link | |wifi | Inalambrico Mu-mimo | Ac1200 | 5 Ghz 867 Mbps | 2,4 Ghz 400 Mbps | Cobertura Wifi Mejorada 4 Antenas Externas, Sustituye A Archer C60 + Env\u00edo a domicilio + Pago seguro + Garant\u00eda","robots":{"index":"index","follow":"follow","max-snippet":"max-snippet:-1","max-image-preview":"max-image-preview:large","max-video-preview":"max-video-preview:-1"},"canonical":"https:\/\/compuviper.mx\/tienda\/producto\/tp-link-archer-c64-router-tp-link-wifi-inalambrico-mu-mimo-ac1200-5-ghz-867-mbps-24-ghz-400-mbps-cobertura-wifi-mejorada-4-antenas-externas-sustituye-a-archer-c60\/","og_locale":"es_MX","og_type":"article","og_title":"[ Tp Link ] &#129351; Archer C64 Router |tp-link | |wifi | Inalambrico Mu-mimo | Ac1200 | 5 Ghz 867 Mbps | 2,4 Ghz 400 Mbps | Cobertura Wifi Mejorada 4 Antenas Externas, Sustituye A Archer C60","og_description":"Compra Archer C64 Router |tp-link | |wifi | Inalambrico Mu-mimo | Ac1200 | 5 Ghz 867 Mbps | 2,4 Ghz 400 Mbps | Cobertura Wifi Mejorada 4 Antenas Externas, Sustituye A Archer C60 + Env\u00edo a domicilio + Pago seguro + Garant\u00eda","og_url":"https:\/\/compuviper.mx\/tienda\/producto\/tp-link-archer-c64-router-tp-link-wifi-inalambrico-mu-mimo-ac1200-5-ghz-867-mbps-24-ghz-400-mbps-cobertura-wifi-mejorada-4-antenas-externas-sustituye-a-archer-c60\/","og_site_name":"Compuviper","article_publisher":"https:\/\/www.facebook.com\/compuviper","article_modified_time":"2026-04-18T07:10:29+00:00","og_image":[{"width":200,"height":200,"url":"https:\/\/compuviper.mx\/tienda\/wp-content\/uploads\/2023\/12\/Router-tp-link-archer-c64-wifi-inalambrico-mu-mimo-ac1200-5-ghz-867-mbps-24-ghz-400-mbps-cobertura-wifi-mejorada-4-antenas-externas-sustituye-a-archer-c60.jpg","type":"image\/jpeg"}],"twitter_card":"summary_large_image","twitter_misc":{"Precio":"&#36;501 con IVA","Availability":"In stock"},"schema":{"@context":"https:\/\/schema.org","@graph":[{"@type":"WebPage","@id":"https:\/\/compuviper.mx\/tienda\/producto\/tp-link-archer-c64-router-tp-link-wifi-inalambrico-mu-mimo-ac1200-5-ghz-867-mbps-24-ghz-400-mbps-cobertura-wifi-mejorada-4-antenas-externas-sustituye-a-archer-c60\/","url":"https:\/\/compuviper.mx\/tienda\/producto\/tp-link-archer-c64-router-tp-link-wifi-inalambrico-mu-mimo-ac1200-5-ghz-867-mbps-24-ghz-400-mbps-cobertura-wifi-mejorada-4-antenas-externas-sustituye-a-archer-c60\/","name":"[ Tp Link ] &#129351; Archer C64 Router |tp-link | |wifi | Inalambrico Mu-mimo | Ac1200 | 5 Ghz 867 Mbps | 2,4 Ghz 400 Mbps | Cobertura Wifi Mejorada 4 Antenas Externas, Sustituye A Archer C60","isPartOf":{"@id":"https:\/\/compuviper.mx\/tienda\/#website"},"datePublished":"2026-04-18T07:10:28+00:00","dateModified":"2026-04-18T07:10:29+00:00","description":"Compra Archer C64 Router |tp-link | |wifi | Inalambrico Mu-mimo | Ac1200 | 5 Ghz 867 Mbps | 2,4 Ghz 400 Mbps | Cobertura Wifi Mejorada 4 Antenas Externas, Sustituye A Archer C60 + Env\u00edo a domicilio + Pago seguro + Garant\u00eda","breadcrumb":{"@id":"https:\/\/compuviper.mx\/tienda\/producto\/tp-link-archer-c64-router-tp-link-wifi-inalambrico-mu-mimo-ac1200-5-ghz-867-mbps-24-ghz-400-mbps-cobertura-wifi-mejorada-4-antenas-externas-sustituye-a-archer-c60\/#breadcrumb"},"inLanguage":"es-MX","potentialAction":[{"@type":"ReadAction","target":["https:\/\/compuviper.mx\/tienda\/producto\/tp-link-archer-c64-router-tp-link-wifi-inalambrico-mu-mimo-ac1200-5-ghz-867-mbps-24-ghz-400-mbps-cobertura-wifi-mejorada-4-antenas-externas-sustituye-a-archer-c60\/"]}]},{"@type":"BreadcrumbList","@id":"https:\/\/compuviper.mx\/tienda\/producto\/tp-link-archer-c64-router-tp-link-wifi-inalambrico-mu-mimo-ac1200-5-ghz-867-mbps-24-ghz-400-mbps-cobertura-wifi-mejorada-4-antenas-externas-sustituye-a-archer-c60\/#breadcrumb","itemListElement":[{"@type":"ListItem","position":1,"name":"Inicio","item":"https:\/\/compuviper.mx\/tienda\/"},{"@type":"ListItem","position":2,"name":"Productos","item":"https:\/\/compuviper.mx\/tienda\/productos\/"},{"@type":"ListItem","position":3,"name":"Redes","item":"https:\/\/compuviper.mx\/tienda\/categoria-producto\/redes\/"},{"@type":"ListItem","position":4,"name":"Router","item":"https:\/\/compuviper.mx\/tienda\/categoria-producto\/redes\/router\/"},{"@type":"ListItem","position":5,"name":"Tp Link Archer C64 Router |tp-link | |wifi | Inalambrico Mu-mimo | Ac1200 | 5 Ghz 867 Mbps | 2,4 Ghz 400 Mbps | Cobertura Wifi Mejorada 4 Antenas Externas, Sustituye A Archer C60"}]},{"@type":"WebSite","@id":"https:\/\/compuviper.mx\/tienda\/#website","url":"https:\/\/compuviper.mx\/tienda\/","name":"Compuviper","description":"Proveedor de Computadoras, Laptops, Servidores, Monitores, Puntos de Venta, Teclados,   Impresoras, T\u00f3ner, C\u00e1maras de Seguridad y m\u00e1s en tu tienda en l\u00ednea","publisher":{"@id":"https:\/\/compuviper.mx\/tienda\/#organization"},"potentialAction":[{"@type":"SearchAction","target":{"@type":"EntryPoint","urlTemplate":"https:\/\/compuviper.mx\/tienda\/?s={search_term_string}"},"query-input":"required name=search_term_string"}],"inLanguage":"es-MX"},{"@type":"Organization","@id":"https:\/\/compuviper.mx\/tienda\/#organization","name":"Compuviper","url":"https:\/\/compuviper.mx\/tienda\/","logo":{"@type":"ImageObject","inLanguage":"es-MX","@id":"https:\/\/compuviper.mx\/tienda\/#\/schema\/logo\/image\/","url":"https:\/\/compuviper.mx\/tienda\/wp-content\/uploads\/2021\/08\/Logo-Compuviper-10.png","contentUrl":"https:\/\/compuviper.mx\/tienda\/wp-content\/uploads\/2021\/08\/Logo-Compuviper-10.png","width":1000,"height":500,"caption":"Compuviper"},"image":{"@id":"https:\/\/compuviper.mx\/tienda\/#\/schema\/logo\/image\/"},"sameAs":["https:\/\/www.facebook.com\/compuviper","https:\/\/www.youtube.com\/channel\/UCf73dERp9Y3cfOq7q8BhLjA?view_as=subscriber"]}]},"product_brand":"TP LINK","product_price_amount":"501","product_price_currency":"MXN","og_availability":"instock","product_availability":"instock","product_retailer_item_id":"ARCHER C64","product_condition":"new"},"_links":{"self":[{"href":"https:\/\/compuviper.mx\/tienda\/wp-json\/wp\/v2\/product\/221230"}],"collection":[{"href":"https:\/\/compuviper.mx\/tienda\/wp-json\/wp\/v2\/product"}],"about":[{"href":"https:\/\/compuviper.mx\/tienda\/wp-json\/wp\/v2\/types\/product"}],"replies":[{"embeddable":true,"href":"https:\/\/compuviper.mx\/tienda\/wp-json\/wp\/v2\/comments?post=221230"}],"wp:featuredmedia":[{"embeddable":true,"href":"https:\/\/compuviper.mx\/tienda\/wp-json\/wp\/v2\/media\/221231"}],"wp:attachment":[{"href":"https:\/\/compuviper.mx\/tienda\/wp-json\/wp\/v2\/media?parent=221230"}],"wp:term":[{"taxonomy":"product_cat","embeddable":true,"href":"https:\/\/compuviper.mx\/tienda\/wp-json\/wp\/v2\/product_cat?post=221230"},{"taxonomy":"product_tag","embeddable":true,"href":"https:\/\/compuviper.mx\/tienda\/wp-json\/wp\/v2\/product_tag?post=221230"}],"curies":[{"name":"wp","href":"https:\/\/api.w.org\/{rel}","templated":true}]}}