{"id":221228,"date":"2026-04-18T01:10:28","date_gmt":"2026-04-18T07:10:28","guid":{"rendered":"https:\/\/compuviper.mx\/tienda\/producto\/tp-link-archer-ax53-router-tp-link-ax3000-gigabit-wi-fi-6-de-doble-banda-2402-mbps-intel-wi-fi-6-gig-velocidad-canal-de-160-mhz-3-ms-rpido-4x-antenas-1-puerto-wan-gigabit-4-puertos-lan-gigabit\/"},"modified":"2026-04-18T01:10:28","modified_gmt":"2026-04-18T07:10:28","slug":"tp-link-archer-ax53-router-tp-link-ax3000-gigabit-wifi-6-dual-band-2402-mbps-4x4-1-wan-gbe-4-lan-gbe","status":"publish","type":"product","link":"https:\/\/compuviper.mx\/tienda\/producto\/tp-link-archer-ax53-router-tp-link-ax3000-gigabit-wifi-6-dual-band-2402-mbps-4x4-1-wan-gbe-4-lan-gbe\/","title":{"rendered":"Tp Link Archer Ax53 Router Tp-link  Ax3000 Gigabit Wifi 6 Dual Band 2402 Mbps 4&#215;4 &#8211; 1 Wan Gbe 4 Lan Gbe"},"content":{"rendered":"<table class=\"descripcion\">\n<tr>\n<td>Inal\u00e1mbrico<\/td>\n<\/tr>\n<tr>\n<td>Normas wi-fi 6<\/td>\n<\/tr>\n<tr>\n<td>Ieee 802.11ax\/ac\/n\/a<\/td>\n<\/tr>\n<tr>\n<td>5 ghz ieee 802.11ax\/n\/b\/g 2,4 ghz<\/td>\n<\/tr>\n<tr>\n<td>Velocidades wifi ax3000<\/td>\n<\/tr>\n<tr>\n<td>5 ghz: 2402 mbps (802.11ax,<\/td>\n<\/tr>\n<tr>\n<td>He160) 2.4 ghz: 574 mbps (802.11ax)<\/td>\n<\/tr>\n<tr>\n<td>Rango wifi casas de 3 dormitorios<\/td>\n<\/tr>\n<tr>\n<td>________________________________________<\/td>\n<\/tr>\n<tr>\n<td>4\u00d7 antenas<\/td>\n<\/tr>\n<tr>\n<td>Fijas de alto rendimiento m\u00faltiples antenas forman<\/td>\n<\/tr>\n<tr>\n<td>Una<\/td>\n<\/tr>\n<tr>\n<td>Matriz de aumento de se\u00f1al para<\/td>\n<\/tr>\n<tr>\n<td>Cubrir m\u00e1s<\/td>\n<\/tr>\n<tr>\n<td>Direcciones y grandes \u00e1reas formaci\u00f3n de haces concentra la intensidad de la se\u00f1al inal\u00e1mbrica hacia los clientes para expandir el rango wifi fem de alta potencia mejora la potencia de transmisi\u00f3n para fortalecer la cobertura de la se\u00f1al<\/td>\n<\/tr>\n<tr>\n<td>Capacidad wifi alta<\/td>\n<\/tr>\n<tr>\n<td>________________________________________<\/td>\n<\/tr>\n<tr>\n<td>Doble<\/td>\n<\/tr>\n<tr>\n<td>Banda asigne dispositivos<\/td>\n<\/tr>\n<tr>\n<td>A<\/td>\n<\/tr>\n<tr>\n<td>Diferentes bandas para un rendimiento<\/td>\n<\/tr>\n<tr>\n<td>\u00f3ptimo ofdma se comunica simult\u00e1neamente con m\u00faltiples clientes wi-fi 6 equidad de tiempo de aire mejora la<\/td>\n<\/tr>\n<tr>\n<td>Eficiencia de la red al limitar la ocupaci\u00f3n<\/td>\n<\/tr>\n<tr>\n<td>Excesiva dfs<\/td>\n<\/tr>\n<tr>\n<td>Acceda a una banda adicional para reducir la congesti\u00f3n<\/td>\n<\/tr>\n<tr>\n<td>4 transmisiones<\/td>\n<\/tr>\n<tr>\n<td>Conecte sus dispositivos a m\u00e1s ancho de banda<\/td>\n<\/tr>\n<tr>\n<td>Https:\/\/www.tp-link.com\/ae\/home-networking\/wifi-router\/archer-ax53\/#overview<\/td>\n<\/tr>\n<tr>\n<td>(imagen ilustrativa)<\/td>\n<\/tr>\n<\/table>\n","protected":false},"excerpt":{"rendered":"<p>Router inalambrico archer ax53 ax3000 gigabit wi-fi 6 de doble banda 2402 mbps intel wi-fi 6 gig+ velocidad -canal de 160 mhz 3\u00d7 m\u00e1s r\u00e1pido 4x antenas, 1\u00d7 puerto wan gigabit 4\u00d7 puertos lan gigabit<\/p>\n","protected":false},"featured_media":221229,"comment_status":"open","ping_status":"open","template":"","meta":[],"product_cat":[1563,1753],"product_tag":[1562],"acf":[],"yoast_head":"<!-- This site is optimized with the Yoast SEO plugin v21.7 - https:\/\/yoast.com\/wordpress\/plugins\/seo\/ -->\n<title>[ Tp Link ] &#129351; Archer Ax53 Router Tp-link Ax3000 Gigabit Wifi 6 Dual Band 2402 Mbps 4x4 - 1 Wan Gbe 4 Lan Gbe<\/title>\n<meta name=\"description\" content=\"Compra Archer Ax53 Router Tp-link Ax3000 Gigabit Wifi 6 Dual Band 2402 Mbps 4x4 - 1 Wan Gbe 4 Lan Gbe + Env\u00edo a domicilio + Pago seguro + Garant\u00eda\" \/>\n<meta name=\"robots\" content=\"index, follow, max-snippet:-1, max-image-preview:large, max-video-preview:-1\" \/>\n<link rel=\"canonical\" href=\"https:\/\/compuviper.mx\/tienda\/producto\/tp-link-archer-ax53-router-tp-link-ax3000-gigabit-wifi-6-dual-band-2402-mbps-4x4-1-wan-gbe-4-lan-gbe\/\" \/>\n<meta property=\"og:locale\" content=\"es_MX\" \/>\n<meta property=\"og:type\" content=\"article\" \/>\n<meta property=\"og:title\" content=\"[ Tp Link ] &#129351; Archer Ax53 Router Tp-link Ax3000 Gigabit Wifi 6 Dual Band 2402 Mbps 4x4 - 1 Wan Gbe 4 Lan Gbe\" \/>\n<meta property=\"og:description\" content=\"Compra Archer Ax53 Router Tp-link Ax3000 Gigabit Wifi 6 Dual Band 2402 Mbps 4x4 - 1 Wan Gbe 4 Lan Gbe + Env\u00edo a domicilio + Pago seguro + Garant\u00eda\" \/>\n<meta property=\"og:url\" content=\"https:\/\/compuviper.mx\/tienda\/producto\/tp-link-archer-ax53-router-tp-link-ax3000-gigabit-wifi-6-dual-band-2402-mbps-4x4-1-wan-gbe-4-lan-gbe\/\" \/>\n<meta property=\"og:site_name\" content=\"Compuviper\" \/>\n<meta property=\"article:publisher\" content=\"https:\/\/www.facebook.com\/compuviper\" \/>\n<meta property=\"og:image\" content=\"https:\/\/compuviper.mx\/tienda\/wp-content\/uploads\/2023\/12\/Router-tp-linkarcher-ax53-ax3000-gigabit-wi-fi-6-de-doble-banda-2402-mbps-intel-wi-fi-6-gig-velocidad-canal-de-160-mhz-3-ms-rpido-4x-antenas-1-puerto-wan-gigabit-4-puertos-lan-gigabit.jpg\" \/>\n\t<meta property=\"og:image:width\" content=\"200\" \/>\n\t<meta property=\"og:image:height\" content=\"200\" \/>\n\t<meta property=\"og:image:type\" content=\"image\/jpeg\" \/>\n<meta name=\"twitter:card\" content=\"summary_large_image\" \/>\n<meta name=\"twitter:label1\" content=\"Precio\" \/>\n\t<meta name=\"twitter:data1\" content=\"&#36;815 con IVA\" \/>\n\t<meta name=\"twitter:label2\" content=\"Availability\" \/>\n\t<meta name=\"twitter:data2\" content=\"In stock\" \/>\n<script type=\"application\/ld+json\" class=\"yoast-schema-graph\">{\"@context\":\"https:\/\/schema.org\",\"@graph\":[{\"@type\":\"WebPage\",\"@id\":\"https:\/\/compuviper.mx\/tienda\/producto\/tp-link-archer-ax53-router-tp-link-ax3000-gigabit-wifi-6-dual-band-2402-mbps-4x4-1-wan-gbe-4-lan-gbe\/\",\"url\":\"https:\/\/compuviper.mx\/tienda\/producto\/tp-link-archer-ax53-router-tp-link-ax3000-gigabit-wifi-6-dual-band-2402-mbps-4x4-1-wan-gbe-4-lan-gbe\/\",\"name\":\"[ Tp Link ] &#129351; Archer Ax53 Router Tp-link Ax3000 Gigabit Wifi 6 Dual Band 2402 Mbps 4x4 - 1 Wan Gbe 4 Lan Gbe\",\"isPartOf\":{\"@id\":\"https:\/\/compuviper.mx\/tienda\/#website\"},\"datePublished\":\"2026-04-18T07:10:28+00:00\",\"dateModified\":\"2026-04-18T07:10:28+00:00\",\"description\":\"Compra Archer Ax53 Router Tp-link Ax3000 Gigabit Wifi 6 Dual Band 2402 Mbps 4x4 - 1 Wan Gbe 4 Lan Gbe + Env\u00edo a domicilio + Pago seguro + Garant\u00eda\",\"breadcrumb\":{\"@id\":\"https:\/\/compuviper.mx\/tienda\/producto\/tp-link-archer-ax53-router-tp-link-ax3000-gigabit-wifi-6-dual-band-2402-mbps-4x4-1-wan-gbe-4-lan-gbe\/#breadcrumb\"},\"inLanguage\":\"es-MX\",\"potentialAction\":[{\"@type\":\"ReadAction\",\"target\":[\"https:\/\/compuviper.mx\/tienda\/producto\/tp-link-archer-ax53-router-tp-link-ax3000-gigabit-wifi-6-dual-band-2402-mbps-4x4-1-wan-gbe-4-lan-gbe\/\"]}]},{\"@type\":\"BreadcrumbList\",\"@id\":\"https:\/\/compuviper.mx\/tienda\/producto\/tp-link-archer-ax53-router-tp-link-ax3000-gigabit-wifi-6-dual-band-2402-mbps-4x4-1-wan-gbe-4-lan-gbe\/#breadcrumb\",\"itemListElement\":[{\"@type\":\"ListItem\",\"position\":1,\"name\":\"Inicio\",\"item\":\"https:\/\/compuviper.mx\/tienda\/\"},{\"@type\":\"ListItem\",\"position\":2,\"name\":\"Productos\",\"item\":\"https:\/\/compuviper.mx\/tienda\/productos\/\"},{\"@type\":\"ListItem\",\"position\":3,\"name\":\"Redes\",\"item\":\"https:\/\/compuviper.mx\/tienda\/categoria-producto\/redes\/\"},{\"@type\":\"ListItem\",\"position\":4,\"name\":\"Router\",\"item\":\"https:\/\/compuviper.mx\/tienda\/categoria-producto\/redes\/router\/\"},{\"@type\":\"ListItem\",\"position\":5,\"name\":\"Tp Link Archer Ax53 Router Tp-link Ax3000 Gigabit Wifi 6 Dual Band 2402 Mbps 4&#215;4 &#8211; 1 Wan Gbe 4 Lan Gbe\"}]},{\"@type\":\"WebSite\",\"@id\":\"https:\/\/compuviper.mx\/tienda\/#website\",\"url\":\"https:\/\/compuviper.mx\/tienda\/\",\"name\":\"Compuviper\",\"description\":\"Proveedor de Computadoras, Laptops, Servidores, Monitores, Puntos de Venta, Teclados,   Impresoras, T\u00f3ner, C\u00e1maras de Seguridad y m\u00e1s en tu tienda en l\u00ednea\",\"publisher\":{\"@id\":\"https:\/\/compuviper.mx\/tienda\/#organization\"},\"potentialAction\":[{\"@type\":\"SearchAction\",\"target\":{\"@type\":\"EntryPoint\",\"urlTemplate\":\"https:\/\/compuviper.mx\/tienda\/?s={search_term_string}\"},\"query-input\":\"required name=search_term_string\"}],\"inLanguage\":\"es-MX\"},{\"@type\":\"Organization\",\"@id\":\"https:\/\/compuviper.mx\/tienda\/#organization\",\"name\":\"Compuviper\",\"url\":\"https:\/\/compuviper.mx\/tienda\/\",\"logo\":{\"@type\":\"ImageObject\",\"inLanguage\":\"es-MX\",\"@id\":\"https:\/\/compuviper.mx\/tienda\/#\/schema\/logo\/image\/\",\"url\":\"https:\/\/compuviper.mx\/tienda\/wp-content\/uploads\/2021\/08\/Logo-Compuviper-10.png\",\"contentUrl\":\"https:\/\/compuviper.mx\/tienda\/wp-content\/uploads\/2021\/08\/Logo-Compuviper-10.png\",\"width\":1000,\"height\":500,\"caption\":\"Compuviper\"},\"image\":{\"@id\":\"https:\/\/compuviper.mx\/tienda\/#\/schema\/logo\/image\/\"},\"sameAs\":[\"https:\/\/www.facebook.com\/compuviper\",\"https:\/\/www.youtube.com\/channel\/UCf73dERp9Y3cfOq7q8BhLjA?view_as=subscriber\"]}]}<\/script>\n<meta property=\"product:brand\" content=\"TP LINK\" \/>\n<meta property=\"product:price:amount\" content=\"815\" \/>\n<meta property=\"product:price:currency\" content=\"MXN\" \/>\n<meta property=\"og:availability\" content=\"instock\" \/>\n<meta property=\"product:availability\" content=\"instock\" \/>\n<meta property=\"product:retailer_item_id\" content=\"ARCHER AX53\" \/>\n<meta property=\"product:condition\" content=\"new\" \/>\n<!-- \/ Yoast SEO plugin. -->","yoast_head_json":{"title":"[ Tp Link ] &#129351; Archer Ax53 Router Tp-link Ax3000 Gigabit Wifi 6 Dual Band 2402 Mbps 4x4 - 1 Wan Gbe 4 Lan Gbe","description":"Compra Archer Ax53 Router Tp-link Ax3000 Gigabit Wifi 6 Dual Band 2402 Mbps 4x4 - 1 Wan Gbe 4 Lan Gbe + Env\u00edo a domicilio + Pago seguro + Garant\u00eda","robots":{"index":"index","follow":"follow","max-snippet":"max-snippet:-1","max-image-preview":"max-image-preview:large","max-video-preview":"max-video-preview:-1"},"canonical":"https:\/\/compuviper.mx\/tienda\/producto\/tp-link-archer-ax53-router-tp-link-ax3000-gigabit-wifi-6-dual-band-2402-mbps-4x4-1-wan-gbe-4-lan-gbe\/","og_locale":"es_MX","og_type":"article","og_title":"[ Tp Link ] &#129351; Archer Ax53 Router Tp-link Ax3000 Gigabit Wifi 6 Dual Band 2402 Mbps 4x4 - 1 Wan Gbe 4 Lan Gbe","og_description":"Compra Archer Ax53 Router Tp-link Ax3000 Gigabit Wifi 6 Dual Band 2402 Mbps 4x4 - 1 Wan Gbe 4 Lan Gbe + Env\u00edo a domicilio + Pago seguro + Garant\u00eda","og_url":"https:\/\/compuviper.mx\/tienda\/producto\/tp-link-archer-ax53-router-tp-link-ax3000-gigabit-wifi-6-dual-band-2402-mbps-4x4-1-wan-gbe-4-lan-gbe\/","og_site_name":"Compuviper","article_publisher":"https:\/\/www.facebook.com\/compuviper","og_image":[{"width":200,"height":200,"url":"https:\/\/compuviper.mx\/tienda\/wp-content\/uploads\/2023\/12\/Router-tp-linkarcher-ax53-ax3000-gigabit-wi-fi-6-de-doble-banda-2402-mbps-intel-wi-fi-6-gig-velocidad-canal-de-160-mhz-3-ms-rpido-4x-antenas-1-puerto-wan-gigabit-4-puertos-lan-gigabit.jpg","type":"image\/jpeg"}],"twitter_card":"summary_large_image","twitter_misc":{"Precio":"&#36;815 con IVA","Availability":"In stock"},"schema":{"@context":"https:\/\/schema.org","@graph":[{"@type":"WebPage","@id":"https:\/\/compuviper.mx\/tienda\/producto\/tp-link-archer-ax53-router-tp-link-ax3000-gigabit-wifi-6-dual-band-2402-mbps-4x4-1-wan-gbe-4-lan-gbe\/","url":"https:\/\/compuviper.mx\/tienda\/producto\/tp-link-archer-ax53-router-tp-link-ax3000-gigabit-wifi-6-dual-band-2402-mbps-4x4-1-wan-gbe-4-lan-gbe\/","name":"[ Tp Link ] &#129351; Archer Ax53 Router Tp-link Ax3000 Gigabit Wifi 6 Dual Band 2402 Mbps 4x4 - 1 Wan Gbe 4 Lan Gbe","isPartOf":{"@id":"https:\/\/compuviper.mx\/tienda\/#website"},"datePublished":"2026-04-18T07:10:28+00:00","dateModified":"2026-04-18T07:10:28+00:00","description":"Compra Archer Ax53 Router Tp-link Ax3000 Gigabit Wifi 6 Dual Band 2402 Mbps 4x4 - 1 Wan Gbe 4 Lan Gbe + Env\u00edo a domicilio + Pago seguro + Garant\u00eda","breadcrumb":{"@id":"https:\/\/compuviper.mx\/tienda\/producto\/tp-link-archer-ax53-router-tp-link-ax3000-gigabit-wifi-6-dual-band-2402-mbps-4x4-1-wan-gbe-4-lan-gbe\/#breadcrumb"},"inLanguage":"es-MX","potentialAction":[{"@type":"ReadAction","target":["https:\/\/compuviper.mx\/tienda\/producto\/tp-link-archer-ax53-router-tp-link-ax3000-gigabit-wifi-6-dual-band-2402-mbps-4x4-1-wan-gbe-4-lan-gbe\/"]}]},{"@type":"BreadcrumbList","@id":"https:\/\/compuviper.mx\/tienda\/producto\/tp-link-archer-ax53-router-tp-link-ax3000-gigabit-wifi-6-dual-band-2402-mbps-4x4-1-wan-gbe-4-lan-gbe\/#breadcrumb","itemListElement":[{"@type":"ListItem","position":1,"name":"Inicio","item":"https:\/\/compuviper.mx\/tienda\/"},{"@type":"ListItem","position":2,"name":"Productos","item":"https:\/\/compuviper.mx\/tienda\/productos\/"},{"@type":"ListItem","position":3,"name":"Redes","item":"https:\/\/compuviper.mx\/tienda\/categoria-producto\/redes\/"},{"@type":"ListItem","position":4,"name":"Router","item":"https:\/\/compuviper.mx\/tienda\/categoria-producto\/redes\/router\/"},{"@type":"ListItem","position":5,"name":"Tp Link Archer Ax53 Router Tp-link Ax3000 Gigabit Wifi 6 Dual Band 2402 Mbps 4&#215;4 &#8211; 1 Wan Gbe 4 Lan Gbe"}]},{"@type":"WebSite","@id":"https:\/\/compuviper.mx\/tienda\/#website","url":"https:\/\/compuviper.mx\/tienda\/","name":"Compuviper","description":"Proveedor de Computadoras, Laptops, Servidores, Monitores, Puntos de Venta, Teclados,   Impresoras, T\u00f3ner, C\u00e1maras de Seguridad y m\u00e1s en tu tienda en l\u00ednea","publisher":{"@id":"https:\/\/compuviper.mx\/tienda\/#organization"},"potentialAction":[{"@type":"SearchAction","target":{"@type":"EntryPoint","urlTemplate":"https:\/\/compuviper.mx\/tienda\/?s={search_term_string}"},"query-input":"required name=search_term_string"}],"inLanguage":"es-MX"},{"@type":"Organization","@id":"https:\/\/compuviper.mx\/tienda\/#organization","name":"Compuviper","url":"https:\/\/compuviper.mx\/tienda\/","logo":{"@type":"ImageObject","inLanguage":"es-MX","@id":"https:\/\/compuviper.mx\/tienda\/#\/schema\/logo\/image\/","url":"https:\/\/compuviper.mx\/tienda\/wp-content\/uploads\/2021\/08\/Logo-Compuviper-10.png","contentUrl":"https:\/\/compuviper.mx\/tienda\/wp-content\/uploads\/2021\/08\/Logo-Compuviper-10.png","width":1000,"height":500,"caption":"Compuviper"},"image":{"@id":"https:\/\/compuviper.mx\/tienda\/#\/schema\/logo\/image\/"},"sameAs":["https:\/\/www.facebook.com\/compuviper","https:\/\/www.youtube.com\/channel\/UCf73dERp9Y3cfOq7q8BhLjA?view_as=subscriber"]}]},"product_brand":"TP LINK","product_price_amount":"815","product_price_currency":"MXN","og_availability":"instock","product_availability":"instock","product_retailer_item_id":"ARCHER AX53","product_condition":"new"},"_links":{"self":[{"href":"https:\/\/compuviper.mx\/tienda\/wp-json\/wp\/v2\/product\/221228"}],"collection":[{"href":"https:\/\/compuviper.mx\/tienda\/wp-json\/wp\/v2\/product"}],"about":[{"href":"https:\/\/compuviper.mx\/tienda\/wp-json\/wp\/v2\/types\/product"}],"replies":[{"embeddable":true,"href":"https:\/\/compuviper.mx\/tienda\/wp-json\/wp\/v2\/comments?post=221228"}],"wp:featuredmedia":[{"embeddable":true,"href":"https:\/\/compuviper.mx\/tienda\/wp-json\/wp\/v2\/media\/221229"}],"wp:attachment":[{"href":"https:\/\/compuviper.mx\/tienda\/wp-json\/wp\/v2\/media?parent=221228"}],"wp:term":[{"taxonomy":"product_cat","embeddable":true,"href":"https:\/\/compuviper.mx\/tienda\/wp-json\/wp\/v2\/product_cat?post=221228"},{"taxonomy":"product_tag","embeddable":true,"href":"https:\/\/compuviper.mx\/tienda\/wp-json\/wp\/v2\/product_tag?post=221228"}],"curies":[{"name":"wp","href":"https:\/\/api.w.org\/{rel}","templated":true}]}}