{"id":221226,"date":"2026-04-18T01:10:27","date_gmt":"2026-04-18T07:10:27","guid":{"rendered":"https:\/\/compuviper.mx\/tienda\/producto\/hewlett-packard-enterprise-r4g55b-switch-san-hpe-sn3600b-24-puertos-8-activo-16gb-sw-sfp-fc\/"},"modified":"2026-04-18T01:10:28","modified_gmt":"2026-04-18T07:10:28","slug":"hewlett-packard-enterprise-r4g55b-switch-san-hpe-sn3600b-24-puertos-8-activo-16gb-sw-sfp-fc","status":"publish","type":"product","link":"https:\/\/compuviper.mx\/tienda\/producto\/hewlett-packard-enterprise-r4g55b-switch-san-hpe-sn3600b-24-puertos-8-activo-16gb-sw-sfp-fc\/","title":{"rendered":"Hewlett Packard Enterprise R4g55b Switch San Hpe Sn3600b 24 Puertos 8 Activo 16gb Sw Sfp+ Fc"},"content":{"rendered":"<table class=\"descripcion\">\n<tr>\n<td>Conmutador hpe sn3600b 32 gb 24\/8 8 puertos 16 gb onda corta sfp+ de canal de fibra<\/td>\n<\/tr>\n<\/table>\n","protected":false},"excerpt":{"rendered":"<p>\u00bftienes problemas para satisfacer la demanda de e\/s de la virtualizaci\u00f3n de hiperescala, la nube o las san basadas en flash en constante crecimiento? el conmutador de canal de fibra hpe de la serie b sn3600b proporciona canal de fibra (fc) gen6 de 32 gb en un formato 1u ultradenso de 8 a 24 puertos, que adem\u00e1s resulta asequible para presupuestos limitados. Puede sustituir tres generaciones de fc con una compatibilidad retroactiva con fc de 4, 8 y 16 gb para la protecci\u00f3n de la inversi\u00f3n. Dise\u00f1ado para desarrollar una infraestructura preparada para flash, se adapta espec\u00edficamente a las necesidades de aplicaciones empresariales. Las aplicaciones que requieren m\u00e1s rendimiento y menor latencia pueden aprovechar tambi\u00e9n la compatibilidad inmediata de nvme por fc. La simplicidad de la san se consigue con un simple proceso de instalaci\u00f3n en 3 pasos, mientras que las implementaciones con almacenamiento all-flash 3par de hpe se automatizan con hpe smart san para software hpe 3par. La fiabilidad de los datos se ha mejorado con la correcci\u00f3n de errores de reenv\u00edo (fec), que detecta y recupera errores de bits autom\u00e1ticamente, junto al software hpe powerpack+, que mantiene la san en un estado eficiente. Novedades. \u0095 paquetes de conmutadores con 8 puertos activos y 8 \u00f3pticas de onda corta (sw) de 16 o 32 gb, adem\u00e1s de 24 modelos power pack plus de puerto activo con 24 \u00f3pticas de onda corta de 16 o 32 gb. Los nuevos modelos incluyen una garant\u00eda de por vida. \u0095 los kits de puertos bajo demanda (pod) incluyen una licencia de actualizaci\u00f3n que activa 8 puertos y 8 \u00f3pticas de canal de fibra. Los kits pod se encuentran disponibles con 8 \u00f3pticas sw de 16 o 32 gb. Solo ventajas. Asequibilidad de canal de fibra gen6 de 32 gb sin renuncias en funcionalidad. \u0095 el conmutador hpe de la serie b sn3600b de canal de fibra ofrece un rendimiento a un precio excepcional en un conmutador gen6 fc de nivel b\u00e1sico. \u0095 configurable con \u00f3ptica de 16 gb fc sfp+ o 32 gb fc sfp+ para adaptarse al presupuesto del cliente para estar completamente preparado para el futuro. \u0095 comienza con 8 puertos y escala f\u00e1cilmente a 24 con un pod de 8 puertos o kits de pod a medida que tu empresa se adapta al crecimiento de la san. Rendimiento preparado para flash. \u0095 el conmutador de canal de fibra hpe sn3600b de serie b ofrece rendimiento gen6 de 32 gb y baja latencia l\u00edderes en el mercado en un asequible factor formato 1u. \u0095 ofrece un mayor rendimiento con un ancho de banda total de 768 gbps para cargas de trabajo din\u00e1micas y en crecimiento. \u0095 la latencia de puertos localmente conmutados se reduce a 900 nanosegundos (fec incluido) a trav\u00e9s de conmutaci\u00f3n cut-through de 32 gbps, preparada para aplicaciones sensibles a la latencia. \u0095 aumente con isl trunking para proporcionar un equilibrio de la carga m\u00e1s eficaz en ciertas configuraciones. \u0095 se integra con estructuras de almacenamiento flash que utilizan nvme sobre fc para aplicaciones sensibles a la latencia y mayores rendimientos. Simplicidad de operaci\u00f3n. \u0095 el conmutador hpe de la serie b sn3600b de canal de fibra puede instalarse y configurarse f\u00e1cilmente. Simplifica la configuraci\u00f3n de la san con un sencillo proceso en 3 pasos. \u0095 se integra con hpe smart san para hpe 3par a fin de simplificar las implementaciones de san con almacenamiento todo flash mediante la organizaic\u00f3n de la san (zonificaci\u00f3n de la san) en minutos en lugar de horas. \u0095 valide las configuraciones de infraestructura con facilidad, a nivel f\u00edsico, con clearlink diagnostics antes de implementar la san en la producci\u00f3n. \u0095 supervisa y analiza el rendimiento de la m\u00e1quina virtual (vm) al usar fabric vision vm insight, una funci\u00f3n del software hpe de la serie b fabric vision que se utiliza para identificar r\u00e1pidamente comportamientos anormales en la vm y mantener el rendimiento en el nivel de servicio. \u0095 compatible con el software hpe power pack+ para que la san se encuentre en buen estado, sea m\u00e1s f\u00e1cil de reparar y funcione a m\u00e1ximo rendimiento.<\/p>\n","protected":false},"featured_media":221227,"comment_status":"open","ping_status":"open","template":"","meta":[],"product_cat":[1563,1564],"product_tag":[1568],"acf":[],"yoast_head":"<!-- This site is optimized with the Yoast SEO plugin v21.7 - https:\/\/yoast.com\/wordpress\/plugins\/seo\/ -->\n<title>[ Hewlett Packard Enterprise ] &#129351; R4g55b Switch San Hpe Sn3600b 24 Puertos 8 Activo 16gb Sw Sfp+ Fc<\/title>\n<meta name=\"description\" content=\"Compra R4g55b Switch San Hpe Sn3600b 24 Puertos 8 Activo 16gb Sw Sfp+ Fc + Env\u00edo a domicilio + Pago seguro + Garant\u00eda\" \/>\n<meta name=\"robots\" content=\"index, follow, max-snippet:-1, max-image-preview:large, max-video-preview:-1\" \/>\n<link rel=\"canonical\" href=\"https:\/\/compuviper.mx\/tienda\/producto\/hewlett-packard-enterprise-r4g55b-switch-san-hpe-sn3600b-24-puertos-8-activo-16gb-sw-sfp-fc\/\" \/>\n<meta property=\"og:locale\" content=\"es_MX\" \/>\n<meta property=\"og:type\" content=\"article\" \/>\n<meta property=\"og:title\" content=\"[ Hewlett Packard Enterprise ] &#129351; R4g55b Switch San Hpe Sn3600b 24 Puertos 8 Activo 16gb Sw Sfp+ Fc\" \/>\n<meta property=\"og:description\" content=\"Compra R4g55b Switch San Hpe Sn3600b 24 Puertos 8 Activo 16gb Sw Sfp+ Fc + Env\u00edo a domicilio + Pago seguro + Garant\u00eda\" \/>\n<meta property=\"og:url\" content=\"https:\/\/compuviper.mx\/tienda\/producto\/hewlett-packard-enterprise-r4g55b-switch-san-hpe-sn3600b-24-puertos-8-activo-16gb-sw-sfp-fc\/\" \/>\n<meta property=\"og:site_name\" content=\"Compuviper\" \/>\n<meta property=\"article:publisher\" content=\"https:\/\/www.facebook.com\/compuviper\" \/>\n<meta property=\"article:modified_time\" content=\"2026-04-18T07:10:28+00:00\" \/>\n<meta property=\"og:image\" content=\"https:\/\/compuviper.mx\/tienda\/wp-content\/uploads\/2023\/12\/Switch-san-hpe-sn3600b-24-puertos-8-activo-16gb-sw-sfp-fc.jpg\" \/>\n\t<meta property=\"og:image:width\" content=\"200\" \/>\n\t<meta property=\"og:image:height\" content=\"200\" \/>\n\t<meta property=\"og:image:type\" content=\"image\/jpeg\" \/>\n<meta name=\"twitter:card\" content=\"summary_large_image\" \/>\n<meta name=\"twitter:label1\" content=\"Precio\" \/>\n\t<meta name=\"twitter:data1\" content=\"&#36;119,043 con IVA\" \/>\n\t<meta name=\"twitter:label2\" content=\"Availability\" \/>\n\t<meta name=\"twitter:data2\" content=\"On backorder\" \/>\n<script type=\"application\/ld+json\" class=\"yoast-schema-graph\">{\"@context\":\"https:\/\/schema.org\",\"@graph\":[{\"@type\":\"WebPage\",\"@id\":\"https:\/\/compuviper.mx\/tienda\/producto\/hewlett-packard-enterprise-r4g55b-switch-san-hpe-sn3600b-24-puertos-8-activo-16gb-sw-sfp-fc\/\",\"url\":\"https:\/\/compuviper.mx\/tienda\/producto\/hewlett-packard-enterprise-r4g55b-switch-san-hpe-sn3600b-24-puertos-8-activo-16gb-sw-sfp-fc\/\",\"name\":\"[ Hewlett Packard Enterprise ] &#129351; R4g55b Switch San Hpe Sn3600b 24 Puertos 8 Activo 16gb Sw Sfp+ Fc\",\"isPartOf\":{\"@id\":\"https:\/\/compuviper.mx\/tienda\/#website\"},\"datePublished\":\"2026-04-18T07:10:27+00:00\",\"dateModified\":\"2026-04-18T07:10:28+00:00\",\"description\":\"Compra R4g55b Switch San Hpe Sn3600b 24 Puertos 8 Activo 16gb Sw Sfp+ Fc + Env\u00edo a domicilio + Pago seguro + Garant\u00eda\",\"breadcrumb\":{\"@id\":\"https:\/\/compuviper.mx\/tienda\/producto\/hewlett-packard-enterprise-r4g55b-switch-san-hpe-sn3600b-24-puertos-8-activo-16gb-sw-sfp-fc\/#breadcrumb\"},\"inLanguage\":\"es-MX\",\"potentialAction\":[{\"@type\":\"ReadAction\",\"target\":[\"https:\/\/compuviper.mx\/tienda\/producto\/hewlett-packard-enterprise-r4g55b-switch-san-hpe-sn3600b-24-puertos-8-activo-16gb-sw-sfp-fc\/\"]}]},{\"@type\":\"BreadcrumbList\",\"@id\":\"https:\/\/compuviper.mx\/tienda\/producto\/hewlett-packard-enterprise-r4g55b-switch-san-hpe-sn3600b-24-puertos-8-activo-16gb-sw-sfp-fc\/#breadcrumb\",\"itemListElement\":[{\"@type\":\"ListItem\",\"position\":1,\"name\":\"Inicio\",\"item\":\"https:\/\/compuviper.mx\/tienda\/\"},{\"@type\":\"ListItem\",\"position\":2,\"name\":\"Productos\",\"item\":\"https:\/\/compuviper.mx\/tienda\/productos\/\"},{\"@type\":\"ListItem\",\"position\":3,\"name\":\"Redes\",\"item\":\"https:\/\/compuviper.mx\/tienda\/categoria-producto\/redes\/\"},{\"@type\":\"ListItem\",\"position\":4,\"name\":\"Switch\",\"item\":\"https:\/\/compuviper.mx\/tienda\/categoria-producto\/redes\/switch\/\"},{\"@type\":\"ListItem\",\"position\":5,\"name\":\"Hewlett Packard Enterprise R4g55b Switch San Hpe Sn3600b 24 Puertos 8 Activo 16gb Sw Sfp+ Fc\"}]},{\"@type\":\"WebSite\",\"@id\":\"https:\/\/compuviper.mx\/tienda\/#website\",\"url\":\"https:\/\/compuviper.mx\/tienda\/\",\"name\":\"Compuviper\",\"description\":\"Proveedor de Computadoras, Laptops, Servidores, Monitores, Puntos de Venta, Teclados,   Impresoras, T\u00f3ner, C\u00e1maras de Seguridad y m\u00e1s en tu tienda en l\u00ednea\",\"publisher\":{\"@id\":\"https:\/\/compuviper.mx\/tienda\/#organization\"},\"potentialAction\":[{\"@type\":\"SearchAction\",\"target\":{\"@type\":\"EntryPoint\",\"urlTemplate\":\"https:\/\/compuviper.mx\/tienda\/?s={search_term_string}\"},\"query-input\":\"required name=search_term_string\"}],\"inLanguage\":\"es-MX\"},{\"@type\":\"Organization\",\"@id\":\"https:\/\/compuviper.mx\/tienda\/#organization\",\"name\":\"Compuviper\",\"url\":\"https:\/\/compuviper.mx\/tienda\/\",\"logo\":{\"@type\":\"ImageObject\",\"inLanguage\":\"es-MX\",\"@id\":\"https:\/\/compuviper.mx\/tienda\/#\/schema\/logo\/image\/\",\"url\":\"https:\/\/compuviper.mx\/tienda\/wp-content\/uploads\/2021\/08\/Logo-Compuviper-10.png\",\"contentUrl\":\"https:\/\/compuviper.mx\/tienda\/wp-content\/uploads\/2021\/08\/Logo-Compuviper-10.png\",\"width\":1000,\"height\":500,\"caption\":\"Compuviper\"},\"image\":{\"@id\":\"https:\/\/compuviper.mx\/tienda\/#\/schema\/logo\/image\/\"},\"sameAs\":[\"https:\/\/www.facebook.com\/compuviper\",\"https:\/\/www.youtube.com\/channel\/UCf73dERp9Y3cfOq7q8BhLjA?view_as=subscriber\"]}]}<\/script>\n<meta property=\"product:brand\" content=\"HEWLETT PACKARD ENTERPRISE\" \/>\n<meta property=\"product:price:amount\" content=\"119043\" \/>\n<meta property=\"product:price:currency\" content=\"MXN\" \/>\n<meta property=\"og:availability\" content=\"backorder\" \/>\n<meta property=\"product:availability\" content=\"available for order\" \/>\n<meta property=\"product:retailer_item_id\" content=\"R4G55B\" \/>\n<meta property=\"product:condition\" content=\"new\" \/>\n<!-- \/ Yoast SEO plugin. -->","yoast_head_json":{"title":"[ Hewlett Packard Enterprise ] &#129351; R4g55b Switch San Hpe Sn3600b 24 Puertos 8 Activo 16gb Sw Sfp+ Fc","description":"Compra R4g55b Switch San Hpe Sn3600b 24 Puertos 8 Activo 16gb Sw Sfp+ Fc + Env\u00edo a domicilio + Pago seguro + Garant\u00eda","robots":{"index":"index","follow":"follow","max-snippet":"max-snippet:-1","max-image-preview":"max-image-preview:large","max-video-preview":"max-video-preview:-1"},"canonical":"https:\/\/compuviper.mx\/tienda\/producto\/hewlett-packard-enterprise-r4g55b-switch-san-hpe-sn3600b-24-puertos-8-activo-16gb-sw-sfp-fc\/","og_locale":"es_MX","og_type":"article","og_title":"[ Hewlett Packard Enterprise ] &#129351; R4g55b Switch San Hpe Sn3600b 24 Puertos 8 Activo 16gb Sw Sfp+ Fc","og_description":"Compra R4g55b Switch San Hpe Sn3600b 24 Puertos 8 Activo 16gb Sw Sfp+ Fc + Env\u00edo a domicilio + Pago seguro + Garant\u00eda","og_url":"https:\/\/compuviper.mx\/tienda\/producto\/hewlett-packard-enterprise-r4g55b-switch-san-hpe-sn3600b-24-puertos-8-activo-16gb-sw-sfp-fc\/","og_site_name":"Compuviper","article_publisher":"https:\/\/www.facebook.com\/compuviper","article_modified_time":"2026-04-18T07:10:28+00:00","og_image":[{"width":200,"height":200,"url":"https:\/\/compuviper.mx\/tienda\/wp-content\/uploads\/2023\/12\/Switch-san-hpe-sn3600b-24-puertos-8-activo-16gb-sw-sfp-fc.jpg","type":"image\/jpeg"}],"twitter_card":"summary_large_image","twitter_misc":{"Precio":"&#36;119,043 con IVA","Availability":"On backorder"},"schema":{"@context":"https:\/\/schema.org","@graph":[{"@type":"WebPage","@id":"https:\/\/compuviper.mx\/tienda\/producto\/hewlett-packard-enterprise-r4g55b-switch-san-hpe-sn3600b-24-puertos-8-activo-16gb-sw-sfp-fc\/","url":"https:\/\/compuviper.mx\/tienda\/producto\/hewlett-packard-enterprise-r4g55b-switch-san-hpe-sn3600b-24-puertos-8-activo-16gb-sw-sfp-fc\/","name":"[ Hewlett Packard Enterprise ] &#129351; R4g55b Switch San Hpe Sn3600b 24 Puertos 8 Activo 16gb Sw Sfp+ Fc","isPartOf":{"@id":"https:\/\/compuviper.mx\/tienda\/#website"},"datePublished":"2026-04-18T07:10:27+00:00","dateModified":"2026-04-18T07:10:28+00:00","description":"Compra R4g55b Switch San Hpe Sn3600b 24 Puertos 8 Activo 16gb Sw Sfp+ Fc + Env\u00edo a domicilio + Pago seguro + Garant\u00eda","breadcrumb":{"@id":"https:\/\/compuviper.mx\/tienda\/producto\/hewlett-packard-enterprise-r4g55b-switch-san-hpe-sn3600b-24-puertos-8-activo-16gb-sw-sfp-fc\/#breadcrumb"},"inLanguage":"es-MX","potentialAction":[{"@type":"ReadAction","target":["https:\/\/compuviper.mx\/tienda\/producto\/hewlett-packard-enterprise-r4g55b-switch-san-hpe-sn3600b-24-puertos-8-activo-16gb-sw-sfp-fc\/"]}]},{"@type":"BreadcrumbList","@id":"https:\/\/compuviper.mx\/tienda\/producto\/hewlett-packard-enterprise-r4g55b-switch-san-hpe-sn3600b-24-puertos-8-activo-16gb-sw-sfp-fc\/#breadcrumb","itemListElement":[{"@type":"ListItem","position":1,"name":"Inicio","item":"https:\/\/compuviper.mx\/tienda\/"},{"@type":"ListItem","position":2,"name":"Productos","item":"https:\/\/compuviper.mx\/tienda\/productos\/"},{"@type":"ListItem","position":3,"name":"Redes","item":"https:\/\/compuviper.mx\/tienda\/categoria-producto\/redes\/"},{"@type":"ListItem","position":4,"name":"Switch","item":"https:\/\/compuviper.mx\/tienda\/categoria-producto\/redes\/switch\/"},{"@type":"ListItem","position":5,"name":"Hewlett Packard Enterprise R4g55b Switch San Hpe Sn3600b 24 Puertos 8 Activo 16gb Sw Sfp+ Fc"}]},{"@type":"WebSite","@id":"https:\/\/compuviper.mx\/tienda\/#website","url":"https:\/\/compuviper.mx\/tienda\/","name":"Compuviper","description":"Proveedor de Computadoras, Laptops, Servidores, Monitores, Puntos de Venta, Teclados,   Impresoras, T\u00f3ner, C\u00e1maras de Seguridad y m\u00e1s en tu tienda en l\u00ednea","publisher":{"@id":"https:\/\/compuviper.mx\/tienda\/#organization"},"potentialAction":[{"@type":"SearchAction","target":{"@type":"EntryPoint","urlTemplate":"https:\/\/compuviper.mx\/tienda\/?s={search_term_string}"},"query-input":"required name=search_term_string"}],"inLanguage":"es-MX"},{"@type":"Organization","@id":"https:\/\/compuviper.mx\/tienda\/#organization","name":"Compuviper","url":"https:\/\/compuviper.mx\/tienda\/","logo":{"@type":"ImageObject","inLanguage":"es-MX","@id":"https:\/\/compuviper.mx\/tienda\/#\/schema\/logo\/image\/","url":"https:\/\/compuviper.mx\/tienda\/wp-content\/uploads\/2021\/08\/Logo-Compuviper-10.png","contentUrl":"https:\/\/compuviper.mx\/tienda\/wp-content\/uploads\/2021\/08\/Logo-Compuviper-10.png","width":1000,"height":500,"caption":"Compuviper"},"image":{"@id":"https:\/\/compuviper.mx\/tienda\/#\/schema\/logo\/image\/"},"sameAs":["https:\/\/www.facebook.com\/compuviper","https:\/\/www.youtube.com\/channel\/UCf73dERp9Y3cfOq7q8BhLjA?view_as=subscriber"]}]},"product_brand":"HEWLETT PACKARD ENTERPRISE","product_price_amount":"119043","product_price_currency":"MXN","og_availability":"backorder","product_availability":"available for order","product_retailer_item_id":"R4G55B","product_condition":"new"},"_links":{"self":[{"href":"https:\/\/compuviper.mx\/tienda\/wp-json\/wp\/v2\/product\/221226"}],"collection":[{"href":"https:\/\/compuviper.mx\/tienda\/wp-json\/wp\/v2\/product"}],"about":[{"href":"https:\/\/compuviper.mx\/tienda\/wp-json\/wp\/v2\/types\/product"}],"replies":[{"embeddable":true,"href":"https:\/\/compuviper.mx\/tienda\/wp-json\/wp\/v2\/comments?post=221226"}],"wp:featuredmedia":[{"embeddable":true,"href":"https:\/\/compuviper.mx\/tienda\/wp-json\/wp\/v2\/media\/221227"}],"wp:attachment":[{"href":"https:\/\/compuviper.mx\/tienda\/wp-json\/wp\/v2\/media?parent=221226"}],"wp:term":[{"taxonomy":"product_cat","embeddable":true,"href":"https:\/\/compuviper.mx\/tienda\/wp-json\/wp\/v2\/product_cat?post=221226"},{"taxonomy":"product_tag","embeddable":true,"href":"https:\/\/compuviper.mx\/tienda\/wp-json\/wp\/v2\/product_tag?post=221226"}],"curies":[{"name":"wp","href":"https:\/\/api.w.org\/{rel}","templated":true}]}}