{"id":221188,"date":"2026-04-18T01:10:20","date_gmt":"2026-04-18T07:10:20","guid":{"rendered":"https:\/\/compuviper.mx\/tienda\/producto\/tp-link-er605-router-vpn-tp-link-gigabit-omada-balanceador-de-carga-gigabit-4-puertos-wan-1-puerto-wan-gigabit-y-3-puertos-wan-lan-25000-sesiones-concurrentes-20-tneles-vpn-ipsec\/"},"modified":"2026-04-18T01:10:20","modified_gmt":"2026-04-18T07:10:20","slug":"tp-link-er605-router-vpn-tp-link-gigabit-omada-balanceador-de-carga-gigabit-4-puertos-wan-1-puerto-wan-gigabit-y-3-puertos-wan-lan-25000-sesiones-concurrentes-20-tneles-vpn-ipsec","status":"publish","type":"product","link":"https:\/\/compuviper.mx\/tienda\/producto\/tp-link-er605-router-vpn-tp-link-gigabit-omada-balanceador-de-carga-gigabit-4-puertos-wan-1-puerto-wan-gigabit-y-3-puertos-wan-lan-25000-sesiones-concurrentes-20-tneles-vpn-ipsec\/","title":{"rendered":"Tp Link Er605 Router Vpn Tp-link  Gigabit Omada Balanceador De Carga Gigabit 4 Puertos Wan 1 Puerto Wan Gigabit Y 3 Puertos Wan \/ Lan 25,000 Sesiones Concurrentes, 20 Tneles Vpn Ipsec"},"content":{"rendered":"<table class=\"descripcion\">\n<tr>\n<td>Caracter\u00edsticas de hardware<\/td>\n<\/tr>\n<tr>\n<td>Est\u00e1ndares y protocolos \u0095 ieee 802.3, 802.3u, 802.3ab, ieee 802.3x, ieee 802.1q<\/td>\n<\/tr>\n<tr>\n<td>\u0095 tcp \/ ip, dhcp, icmp, nat, pppoe, ntp, http, https, dns, ipsec, pptp, l2tp, openvpn, snmp<\/td>\n<\/tr>\n<tr>\n<td>Interfaz \u0095 1 puerto wan gigabit fijo<\/td>\n<\/tr>\n<tr>\n<td>\u0095 1 puerto lan fijo de gigabit<\/td>\n<\/tr>\n<tr>\n<td>\u0095 3 puertos gigabit wan \/ lan cambiables<\/td>\n<\/tr>\n<tr>\n<td>Medios de red \u0095 10base-t: cable utp categor\u00eda 3, 4, 5 (max 100m)<\/td>\n<\/tr>\n<tr>\n<td>Eia \/ tia-568 100 and #937; stp (max 100m)<\/td>\n<\/tr>\n<tr>\n<td>\u0095 100base-tx: utp categor\u00eda 5, cable 5e (max 100m)<\/td>\n<\/tr>\n<tr>\n<td>Eia \/ tia-568 100 and #937; stp (max 100m)<\/td>\n<\/tr>\n<tr>\n<td>\u0095 1000base-t: utp categor\u00eda 5, 5e, 6 cable (max 100m)<\/td>\n<\/tr>\n<tr>\n<td>Bot\u00f3n bot\u00f3n de reinicio<\/td>\n<\/tr>\n<tr>\n<td>Fuente de alimentaci\u00f3n adaptador dc 9v \/ 0.85a externo<\/td>\n<\/tr>\n<tr>\n<td>Flash spi 16 mb<\/td>\n<\/tr>\n<tr>\n<td>Dram 128 mb<\/td>\n<\/tr>\n<tr>\n<td>Led pwr, sys, wan, lan<\/td>\n<\/tr>\n<tr>\n<td>Dimensiones (an x pr x al) 6,2 \u00d7 4,0 \u00d7 1,0 pulg. (158 \u00d7 101 \u00d7 25 mm)<\/td>\n<\/tr>\n<tr>\n<td>Rendimiento<\/td>\n<\/tr>\n<tr>\n<td>Sesiones concurrentes 25.000<\/td>\n<\/tr>\n<tr>\n<td>Rendimiento vpn ipsec 41,5 mbps<\/td>\n<\/tr>\n<tr>\n<td>Funciones b\u00e1sicas<\/td>\n<\/tr>\n<tr>\n<td>Tipo de conexi\u00f3n wan \u0095 ip est\u00e1tica \/ din\u00e1mica<\/td>\n<\/tr>\n<tr>\n<td>\u0095 pppoe<\/td>\n<\/tr>\n<tr>\n<td>\u0095 pptp<\/td>\n<\/tr>\n<tr>\n<td>\u0095 l2tp<\/td>\n<\/tr>\n<tr>\n<td>Clonar mac modificar la direcci\u00f3n mac wan \/ lan \u0086<\/td>\n<\/tr>\n<tr>\n<td>Dhcp \u0095 servidor \/ cliente dhcp<\/td>\n<\/tr>\n<tr>\n<td>\u0095 reserva de direcci\u00f3n dhcp<\/td>\n<\/tr>\n<tr>\n<td>\u0095 dhcp de m\u00faltiples redes *<\/td>\n<\/tr>\n<tr>\n<td>\u0095 interfaces multi-ip *<\/td>\n<\/tr>\n<tr>\n<td>Desarrollo de ipv6 \u0087<\/td>\n<\/tr>\n<tr>\n<td>Vlan 802.1q vlan<\/td>\n<\/tr>\n<tr>\n<td>Proxy iptv igmp v2 \/ v3<\/td>\n<\/tr>\n<tr>\n<td>Funciones avanzadas<\/td>\n<\/tr>\n<tr>\n<td>Filtrado de ip \/ puerto \/ protocolo \/ nombre de dominio de acl<\/td>\n<\/tr>\n<tr>\n<td>Enrutamiento avanzado \u0095 enrutamiento est\u00e1tico<\/td>\n<\/tr>\n<tr>\n<td>\u0095 enrutamiento de pol\u00edticas<\/td>\n<\/tr>\n<tr>\n<td>Control de ancho de banda \u0095 control de ancho de banda basado en ip \/ puerto<\/td>\n<\/tr>\n<tr>\n<td>\u0095 garant\u00eda y ancho de banda limitado<\/td>\n<\/tr>\n<tr>\n<td>Equilibrio de carga \u0095 balance de carga inteligente<\/td>\n<\/tr>\n<tr>\n<td>\u0095 enrutamiento optimizado para aplicaciones<\/td>\n<\/tr>\n<tr>\n<td>\u0095 copia de seguridad de enlace (temporizaci\u00f3n\u00a7, conmutaci\u00f3n por error)<\/td>\n<\/tr>\n<tr>\n<td>\u0095 detecci\u00f3n en l\u00ednea<\/td>\n<\/tr>\n<tr>\n<td>Nat \u0095 nat uno a uno\u00a7<\/td>\n<\/tr>\n<tr>\n<td>\u0095 nat de redes m\u00faltiples<\/td>\n<\/tr>\n<tr>\n<td>\u0095 servidor virtual<\/td>\n<\/tr>\n<tr>\n<td>\u0095 activaci\u00f3n de puertos\u00a7<\/td>\n<\/tr>\n<tr>\n<td>\u0095 nat-dmz<\/td>\n<\/tr>\n<tr>\n<td>\u0095 ftp \/ h.323 \/ sip \/ ipsec \/ pptp alg, upnp<\/td>\n<\/tr>\n<tr>\n<td>Seguridad \u0095 spi firewall<\/td>\n<\/tr>\n<tr>\n<td>\u0095 paso a trav\u00e9s de vpn<\/td>\n<\/tr>\n<tr>\n<td>\u0095 ftp \/ h.323 \/ pptp \/ sip \/ ipsec alg<\/td>\n<\/tr>\n<tr>\n<td>\u0095 defensa dos, ping of death<\/td>\n<\/tr>\n<tr>\n<td>\u0095 administraci\u00f3n local<\/td>\n<\/tr>\n<tr>\n<td>L\u00edmite de sesi\u00f3n l\u00edmite de sesi\u00f3n basado en ip<\/td>\n<\/tr>\n<tr>\n<td>Vpn<\/td>\n<\/tr>\n<tr>\n<td>Vpn ipsec \u0095 20 t\u00faneles vpn ipsec<\/td>\n<\/tr>\n<tr>\n<td>\u0095 lan a lan, cliente a lan<\/td>\n<\/tr>\n<tr>\n<td>\u0095 modo de negociaci\u00f3n principal y agresivo<\/td>\n<\/tr>\n<tr>\n<td>\u0095 algoritmo de cifrado des, 3des, aes128, aes192, aes256<\/td>\n<\/tr>\n<tr>\n<td>\u0095 ikev1 \/ v2 *<\/td>\n<\/tr>\n<tr>\n<td>\u0095 algoritmo de autenticaci\u00f3n md5, sha1<\/td>\n<\/tr>\n<tr>\n<td>\u0095 nat transversal (nat-t)<\/td>\n<\/tr>\n<tr>\n<td>\u0095 detecci\u00f3n de pares muertos (dpd)<\/td>\n<\/tr>\n<tr>\n<td>\u0095 perfect forward secrecy (pfs)<\/td>\n<\/tr>\n<tr>\n<td>* estas funciones requieren el uso de un controlador de hardware, un controlador de software o un controlador basado en la nube omada<\/td>\n<\/tr>\n<tr>\n<td>Vpn pptp \u0095 servidor vpn pptp<\/td>\n<\/tr>\n<tr>\n<td>\u0095 10 clientes vpn pptp  and #9651;<\/td>\n<\/tr>\n<tr>\n<td>\u0095 16 t\u00faneles<\/td>\n<\/tr>\n<tr>\n<td>\u0095 pptp con cifrado mppe<\/td>\n<\/tr>\n<tr>\n<td>Vpn l2tp \u0095 servidor vpn l2tp<\/td>\n<\/tr>\n<tr>\n<td>\u0095 10 clientes vpn l2tp  and #9651;<\/td>\n<\/tr>\n<tr>\n<td>\u0095 16 t\u00faneles<\/td>\n<\/tr>\n<tr>\n<td>\u0095 l2tp sobre ipsec<\/td>\n<\/tr>\n<tr>\n<td>Openvpn \u0095 servidor openvpn *<\/td>\n<\/tr>\n<tr>\n<td>\u0095 10 clientes openvpn *  and #9651;<\/td>\n<\/tr>\n<tr>\n<td>\u0095 16 t\u00faneles openvpn *<\/td>\n<\/tr>\n<\/table>\n","protected":false},"excerpt":{"rendered":"<p>Integrado en omada sdn: aprovisionamiento zero-touch (ztp) **, administraci\u00f3n centralizada en la nube y monitoreo inteligente. Gesti\u00f3n centralizada: acceso a la nube y aplicaci\u00f3n omada para una m\u00e1xima comodidad y una gesti\u00f3n sencilla. Cinco puertos gigabit: conectividad por cable de alta velocidad. Hasta 4 puertos wan: 1 puerto wan gigabit y 3 puertos wan \/ lan gigabit con equilibrio de carga aumentan la tasa de utilizaci\u00f3n de la banda ancha multil\u00ednea. Vpn de alta seguridad: admite hasta 20 conexiones ipsec lan a lan, 16 conexiones openvpn *, 16 l2tp y 16 conexiones vpn pptp. Abundantes funciones de seguridad: las pol\u00edticas de firewall avanzadas, la defensa dos, el filtrado de ip \/ mac \/ url y m\u00e1s funciones de seguridad protegen su red y sus datos. Https:\/\/www.Tp-link.Com\/mx\/business-networking\/vpn-router\/er605\/#overview<\/p>\n","protected":false},"featured_media":221189,"comment_status":"open","ping_status":"open","template":"","meta":[],"product_cat":[1563,1753],"product_tag":[1562],"acf":[],"yoast_head":"<!-- This site is optimized with the Yoast SEO plugin v21.7 - https:\/\/yoast.com\/wordpress\/plugins\/seo\/ -->\n<title>[ Tp Link ] &#129351; Er605 Router Vpn Tp-link Gigabit Omada Balanceador De Carga Gigabit 4 Puertos Wan 1 Puerto Wan Gigabit Y 3 Puertos Wan \/ Lan 25,000 Sesiones Concurrentes, 20 Tneles Vpn Ipsec<\/title>\n<meta name=\"description\" content=\"Compra Er605 Router Vpn Tp-link Gigabit Omada Balanceador De Carga Gigabit 4 Puertos Wan 1 Puerto Wan Gigabit Y 3 Puertos Wan \/ Lan 25,000 Sesiones Concurrentes, 20 Tneles Vpn Ipsec + Env\u00edo a domicilio + Pago seguro + Garant\u00eda\" \/>\n<meta name=\"robots\" content=\"index, follow, max-snippet:-1, max-image-preview:large, max-video-preview:-1\" \/>\n<link rel=\"canonical\" href=\"https:\/\/compuviper.mx\/tienda\/producto\/tp-link-er605-router-vpn-tp-link-gigabit-omada-balanceador-de-carga-gigabit-4-puertos-wan-1-puerto-wan-gigabit-y-3-puertos-wan-lan-25000-sesiones-concurrentes-20-tneles-vpn-ipsec\/\" \/>\n<meta property=\"og:locale\" content=\"es_MX\" \/>\n<meta property=\"og:type\" content=\"article\" \/>\n<meta property=\"og:title\" content=\"[ Tp Link ] &#129351; Er605 Router Vpn Tp-link Gigabit Omada Balanceador De Carga Gigabit 4 Puertos Wan 1 Puerto Wan Gigabit Y 3 Puertos Wan \/ Lan 25,000 Sesiones Concurrentes, 20 Tneles Vpn Ipsec\" \/>\n<meta property=\"og:description\" content=\"Compra Er605 Router Vpn Tp-link Gigabit Omada Balanceador De Carga Gigabit 4 Puertos Wan 1 Puerto Wan Gigabit Y 3 Puertos Wan \/ Lan 25,000 Sesiones Concurrentes, 20 Tneles Vpn Ipsec + Env\u00edo a domicilio + Pago seguro + Garant\u00eda\" \/>\n<meta property=\"og:url\" content=\"https:\/\/compuviper.mx\/tienda\/producto\/tp-link-er605-router-vpn-tp-link-gigabit-omada-balanceador-de-carga-gigabit-4-puertos-wan-1-puerto-wan-gigabit-y-3-puertos-wan-lan-25000-sesiones-concurrentes-20-tneles-vpn-ipsec\/\" \/>\n<meta property=\"og:site_name\" content=\"Compuviper\" \/>\n<meta property=\"article:publisher\" content=\"https:\/\/www.facebook.com\/compuviper\" \/>\n<meta property=\"og:image\" content=\"https:\/\/compuviper.mx\/tienda\/wp-content\/uploads\/2023\/12\/Router-vpn-tp-link-er605-gigabit-omada-balanceador-de-carga-gigabit-4-puertos-wan-1-puerto-wan-gigabit-y-3-puertos-wan-lan-25000-sesiones-concurrentes-20-tneles-vpn-ipsec.jpg\" \/>\n\t<meta property=\"og:image:width\" content=\"200\" \/>\n\t<meta property=\"og:image:height\" content=\"200\" \/>\n\t<meta property=\"og:image:type\" content=\"image\/jpeg\" \/>\n<meta name=\"twitter:card\" content=\"summary_large_image\" \/>\n<meta name=\"twitter:label1\" content=\"Precio\" \/>\n\t<meta name=\"twitter:data1\" content=\"&#36;891 con IVA\" \/>\n\t<meta name=\"twitter:label2\" content=\"Availability\" \/>\n\t<meta name=\"twitter:data2\" content=\"In stock\" \/>\n<script type=\"application\/ld+json\" class=\"yoast-schema-graph\">{\"@context\":\"https:\/\/schema.org\",\"@graph\":[{\"@type\":\"WebPage\",\"@id\":\"https:\/\/compuviper.mx\/tienda\/producto\/tp-link-er605-router-vpn-tp-link-gigabit-omada-balanceador-de-carga-gigabit-4-puertos-wan-1-puerto-wan-gigabit-y-3-puertos-wan-lan-25000-sesiones-concurrentes-20-tneles-vpn-ipsec\/\",\"url\":\"https:\/\/compuviper.mx\/tienda\/producto\/tp-link-er605-router-vpn-tp-link-gigabit-omada-balanceador-de-carga-gigabit-4-puertos-wan-1-puerto-wan-gigabit-y-3-puertos-wan-lan-25000-sesiones-concurrentes-20-tneles-vpn-ipsec\/\",\"name\":\"[ Tp Link ] &#129351; Er605 Router Vpn Tp-link Gigabit Omada Balanceador De Carga Gigabit 4 Puertos Wan 1 Puerto Wan Gigabit Y 3 Puertos Wan \/ Lan 25,000 Sesiones Concurrentes, 20 Tneles Vpn Ipsec\",\"isPartOf\":{\"@id\":\"https:\/\/compuviper.mx\/tienda\/#website\"},\"datePublished\":\"2026-04-18T07:10:20+00:00\",\"dateModified\":\"2026-04-18T07:10:20+00:00\",\"description\":\"Compra Er605 Router Vpn Tp-link Gigabit Omada Balanceador De Carga Gigabit 4 Puertos Wan 1 Puerto Wan Gigabit Y 3 Puertos Wan \/ Lan 25,000 Sesiones Concurrentes, 20 Tneles Vpn Ipsec + Env\u00edo a domicilio + Pago seguro + Garant\u00eda\",\"breadcrumb\":{\"@id\":\"https:\/\/compuviper.mx\/tienda\/producto\/tp-link-er605-router-vpn-tp-link-gigabit-omada-balanceador-de-carga-gigabit-4-puertos-wan-1-puerto-wan-gigabit-y-3-puertos-wan-lan-25000-sesiones-concurrentes-20-tneles-vpn-ipsec\/#breadcrumb\"},\"inLanguage\":\"es-MX\",\"potentialAction\":[{\"@type\":\"ReadAction\",\"target\":[\"https:\/\/compuviper.mx\/tienda\/producto\/tp-link-er605-router-vpn-tp-link-gigabit-omada-balanceador-de-carga-gigabit-4-puertos-wan-1-puerto-wan-gigabit-y-3-puertos-wan-lan-25000-sesiones-concurrentes-20-tneles-vpn-ipsec\/\"]}]},{\"@type\":\"BreadcrumbList\",\"@id\":\"https:\/\/compuviper.mx\/tienda\/producto\/tp-link-er605-router-vpn-tp-link-gigabit-omada-balanceador-de-carga-gigabit-4-puertos-wan-1-puerto-wan-gigabit-y-3-puertos-wan-lan-25000-sesiones-concurrentes-20-tneles-vpn-ipsec\/#breadcrumb\",\"itemListElement\":[{\"@type\":\"ListItem\",\"position\":1,\"name\":\"Inicio\",\"item\":\"https:\/\/compuviper.mx\/tienda\/\"},{\"@type\":\"ListItem\",\"position\":2,\"name\":\"Productos\",\"item\":\"https:\/\/compuviper.mx\/tienda\/productos\/\"},{\"@type\":\"ListItem\",\"position\":3,\"name\":\"Redes\",\"item\":\"https:\/\/compuviper.mx\/tienda\/categoria-producto\/redes\/\"},{\"@type\":\"ListItem\",\"position\":4,\"name\":\"Router\",\"item\":\"https:\/\/compuviper.mx\/tienda\/categoria-producto\/redes\/router\/\"},{\"@type\":\"ListItem\",\"position\":5,\"name\":\"Tp Link Er605 Router Vpn Tp-link Gigabit Omada Balanceador De Carga Gigabit 4 Puertos Wan 1 Puerto Wan Gigabit Y 3 Puertos Wan \/ Lan 25,000 Sesiones Concurrentes, 20 Tneles Vpn Ipsec\"}]},{\"@type\":\"WebSite\",\"@id\":\"https:\/\/compuviper.mx\/tienda\/#website\",\"url\":\"https:\/\/compuviper.mx\/tienda\/\",\"name\":\"Compuviper\",\"description\":\"Proveedor de Computadoras, Laptops, Servidores, Monitores, Puntos de Venta, Teclados,   Impresoras, T\u00f3ner, C\u00e1maras de Seguridad y m\u00e1s en tu tienda en l\u00ednea\",\"publisher\":{\"@id\":\"https:\/\/compuviper.mx\/tienda\/#organization\"},\"potentialAction\":[{\"@type\":\"SearchAction\",\"target\":{\"@type\":\"EntryPoint\",\"urlTemplate\":\"https:\/\/compuviper.mx\/tienda\/?s={search_term_string}\"},\"query-input\":\"required name=search_term_string\"}],\"inLanguage\":\"es-MX\"},{\"@type\":\"Organization\",\"@id\":\"https:\/\/compuviper.mx\/tienda\/#organization\",\"name\":\"Compuviper\",\"url\":\"https:\/\/compuviper.mx\/tienda\/\",\"logo\":{\"@type\":\"ImageObject\",\"inLanguage\":\"es-MX\",\"@id\":\"https:\/\/compuviper.mx\/tienda\/#\/schema\/logo\/image\/\",\"url\":\"https:\/\/compuviper.mx\/tienda\/wp-content\/uploads\/2021\/08\/Logo-Compuviper-10.png\",\"contentUrl\":\"https:\/\/compuviper.mx\/tienda\/wp-content\/uploads\/2021\/08\/Logo-Compuviper-10.png\",\"width\":1000,\"height\":500,\"caption\":\"Compuviper\"},\"image\":{\"@id\":\"https:\/\/compuviper.mx\/tienda\/#\/schema\/logo\/image\/\"},\"sameAs\":[\"https:\/\/www.facebook.com\/compuviper\",\"https:\/\/www.youtube.com\/channel\/UCf73dERp9Y3cfOq7q8BhLjA?view_as=subscriber\"]}]}<\/script>\n<meta property=\"product:brand\" content=\"TP LINK\" \/>\n<meta property=\"product:price:amount\" content=\"891\" \/>\n<meta property=\"product:price:currency\" content=\"MXN\" \/>\n<meta property=\"og:availability\" content=\"instock\" \/>\n<meta property=\"product:availability\" content=\"instock\" \/>\n<meta property=\"product:retailer_item_id\" content=\"ER605\" \/>\n<meta property=\"product:condition\" content=\"new\" \/>\n<!-- \/ Yoast SEO plugin. -->","yoast_head_json":{"title":"[ Tp Link ] &#129351; Er605 Router Vpn Tp-link Gigabit Omada Balanceador De Carga Gigabit 4 Puertos Wan 1 Puerto Wan Gigabit Y 3 Puertos Wan \/ Lan 25,000 Sesiones Concurrentes, 20 Tneles Vpn Ipsec","description":"Compra Er605 Router Vpn Tp-link Gigabit Omada Balanceador De Carga Gigabit 4 Puertos Wan 1 Puerto Wan Gigabit Y 3 Puertos Wan \/ Lan 25,000 Sesiones Concurrentes, 20 Tneles Vpn Ipsec + Env\u00edo a domicilio + Pago seguro + Garant\u00eda","robots":{"index":"index","follow":"follow","max-snippet":"max-snippet:-1","max-image-preview":"max-image-preview:large","max-video-preview":"max-video-preview:-1"},"canonical":"https:\/\/compuviper.mx\/tienda\/producto\/tp-link-er605-router-vpn-tp-link-gigabit-omada-balanceador-de-carga-gigabit-4-puertos-wan-1-puerto-wan-gigabit-y-3-puertos-wan-lan-25000-sesiones-concurrentes-20-tneles-vpn-ipsec\/","og_locale":"es_MX","og_type":"article","og_title":"[ Tp Link ] &#129351; Er605 Router Vpn Tp-link Gigabit Omada Balanceador De Carga Gigabit 4 Puertos Wan 1 Puerto Wan Gigabit Y 3 Puertos Wan \/ Lan 25,000 Sesiones Concurrentes, 20 Tneles Vpn Ipsec","og_description":"Compra Er605 Router Vpn Tp-link Gigabit Omada Balanceador De Carga Gigabit 4 Puertos Wan 1 Puerto Wan Gigabit Y 3 Puertos Wan \/ Lan 25,000 Sesiones Concurrentes, 20 Tneles Vpn Ipsec + Env\u00edo a domicilio + Pago seguro + Garant\u00eda","og_url":"https:\/\/compuviper.mx\/tienda\/producto\/tp-link-er605-router-vpn-tp-link-gigabit-omada-balanceador-de-carga-gigabit-4-puertos-wan-1-puerto-wan-gigabit-y-3-puertos-wan-lan-25000-sesiones-concurrentes-20-tneles-vpn-ipsec\/","og_site_name":"Compuviper","article_publisher":"https:\/\/www.facebook.com\/compuviper","og_image":[{"width":200,"height":200,"url":"https:\/\/compuviper.mx\/tienda\/wp-content\/uploads\/2023\/12\/Router-vpn-tp-link-er605-gigabit-omada-balanceador-de-carga-gigabit-4-puertos-wan-1-puerto-wan-gigabit-y-3-puertos-wan-lan-25000-sesiones-concurrentes-20-tneles-vpn-ipsec.jpg","type":"image\/jpeg"}],"twitter_card":"summary_large_image","twitter_misc":{"Precio":"&#36;891 con IVA","Availability":"In stock"},"schema":{"@context":"https:\/\/schema.org","@graph":[{"@type":"WebPage","@id":"https:\/\/compuviper.mx\/tienda\/producto\/tp-link-er605-router-vpn-tp-link-gigabit-omada-balanceador-de-carga-gigabit-4-puertos-wan-1-puerto-wan-gigabit-y-3-puertos-wan-lan-25000-sesiones-concurrentes-20-tneles-vpn-ipsec\/","url":"https:\/\/compuviper.mx\/tienda\/producto\/tp-link-er605-router-vpn-tp-link-gigabit-omada-balanceador-de-carga-gigabit-4-puertos-wan-1-puerto-wan-gigabit-y-3-puertos-wan-lan-25000-sesiones-concurrentes-20-tneles-vpn-ipsec\/","name":"[ Tp Link ] &#129351; Er605 Router Vpn Tp-link Gigabit Omada Balanceador De Carga Gigabit 4 Puertos Wan 1 Puerto Wan Gigabit Y 3 Puertos Wan \/ Lan 25,000 Sesiones Concurrentes, 20 Tneles Vpn Ipsec","isPartOf":{"@id":"https:\/\/compuviper.mx\/tienda\/#website"},"datePublished":"2026-04-18T07:10:20+00:00","dateModified":"2026-04-18T07:10:20+00:00","description":"Compra Er605 Router Vpn Tp-link Gigabit Omada Balanceador De Carga Gigabit 4 Puertos Wan 1 Puerto Wan Gigabit Y 3 Puertos Wan \/ Lan 25,000 Sesiones Concurrentes, 20 Tneles Vpn Ipsec + Env\u00edo a domicilio + Pago seguro + Garant\u00eda","breadcrumb":{"@id":"https:\/\/compuviper.mx\/tienda\/producto\/tp-link-er605-router-vpn-tp-link-gigabit-omada-balanceador-de-carga-gigabit-4-puertos-wan-1-puerto-wan-gigabit-y-3-puertos-wan-lan-25000-sesiones-concurrentes-20-tneles-vpn-ipsec\/#breadcrumb"},"inLanguage":"es-MX","potentialAction":[{"@type":"ReadAction","target":["https:\/\/compuviper.mx\/tienda\/producto\/tp-link-er605-router-vpn-tp-link-gigabit-omada-balanceador-de-carga-gigabit-4-puertos-wan-1-puerto-wan-gigabit-y-3-puertos-wan-lan-25000-sesiones-concurrentes-20-tneles-vpn-ipsec\/"]}]},{"@type":"BreadcrumbList","@id":"https:\/\/compuviper.mx\/tienda\/producto\/tp-link-er605-router-vpn-tp-link-gigabit-omada-balanceador-de-carga-gigabit-4-puertos-wan-1-puerto-wan-gigabit-y-3-puertos-wan-lan-25000-sesiones-concurrentes-20-tneles-vpn-ipsec\/#breadcrumb","itemListElement":[{"@type":"ListItem","position":1,"name":"Inicio","item":"https:\/\/compuviper.mx\/tienda\/"},{"@type":"ListItem","position":2,"name":"Productos","item":"https:\/\/compuviper.mx\/tienda\/productos\/"},{"@type":"ListItem","position":3,"name":"Redes","item":"https:\/\/compuviper.mx\/tienda\/categoria-producto\/redes\/"},{"@type":"ListItem","position":4,"name":"Router","item":"https:\/\/compuviper.mx\/tienda\/categoria-producto\/redes\/router\/"},{"@type":"ListItem","position":5,"name":"Tp Link Er605 Router Vpn Tp-link Gigabit Omada Balanceador De Carga Gigabit 4 Puertos Wan 1 Puerto Wan Gigabit Y 3 Puertos Wan \/ Lan 25,000 Sesiones Concurrentes, 20 Tneles Vpn Ipsec"}]},{"@type":"WebSite","@id":"https:\/\/compuviper.mx\/tienda\/#website","url":"https:\/\/compuviper.mx\/tienda\/","name":"Compuviper","description":"Proveedor de Computadoras, Laptops, Servidores, Monitores, Puntos de Venta, Teclados,   Impresoras, T\u00f3ner, C\u00e1maras de Seguridad y m\u00e1s en tu tienda en l\u00ednea","publisher":{"@id":"https:\/\/compuviper.mx\/tienda\/#organization"},"potentialAction":[{"@type":"SearchAction","target":{"@type":"EntryPoint","urlTemplate":"https:\/\/compuviper.mx\/tienda\/?s={search_term_string}"},"query-input":"required name=search_term_string"}],"inLanguage":"es-MX"},{"@type":"Organization","@id":"https:\/\/compuviper.mx\/tienda\/#organization","name":"Compuviper","url":"https:\/\/compuviper.mx\/tienda\/","logo":{"@type":"ImageObject","inLanguage":"es-MX","@id":"https:\/\/compuviper.mx\/tienda\/#\/schema\/logo\/image\/","url":"https:\/\/compuviper.mx\/tienda\/wp-content\/uploads\/2021\/08\/Logo-Compuviper-10.png","contentUrl":"https:\/\/compuviper.mx\/tienda\/wp-content\/uploads\/2021\/08\/Logo-Compuviper-10.png","width":1000,"height":500,"caption":"Compuviper"},"image":{"@id":"https:\/\/compuviper.mx\/tienda\/#\/schema\/logo\/image\/"},"sameAs":["https:\/\/www.facebook.com\/compuviper","https:\/\/www.youtube.com\/channel\/UCf73dERp9Y3cfOq7q8BhLjA?view_as=subscriber"]}]},"product_brand":"TP LINK","product_price_amount":"891","product_price_currency":"MXN","og_availability":"instock","product_availability":"instock","product_retailer_item_id":"ER605","product_condition":"new"},"_links":{"self":[{"href":"https:\/\/compuviper.mx\/tienda\/wp-json\/wp\/v2\/product\/221188"}],"collection":[{"href":"https:\/\/compuviper.mx\/tienda\/wp-json\/wp\/v2\/product"}],"about":[{"href":"https:\/\/compuviper.mx\/tienda\/wp-json\/wp\/v2\/types\/product"}],"replies":[{"embeddable":true,"href":"https:\/\/compuviper.mx\/tienda\/wp-json\/wp\/v2\/comments?post=221188"}],"wp:featuredmedia":[{"embeddable":true,"href":"https:\/\/compuviper.mx\/tienda\/wp-json\/wp\/v2\/media\/221189"}],"wp:attachment":[{"href":"https:\/\/compuviper.mx\/tienda\/wp-json\/wp\/v2\/media?parent=221188"}],"wp:term":[{"taxonomy":"product_cat","embeddable":true,"href":"https:\/\/compuviper.mx\/tienda\/wp-json\/wp\/v2\/product_cat?post=221188"},{"taxonomy":"product_tag","embeddable":true,"href":"https:\/\/compuviper.mx\/tienda\/wp-json\/wp\/v2\/product_tag?post=221188"}],"curies":[{"name":"wp","href":"https:\/\/api.w.org\/{rel}","templated":true}]}}