{"id":221184,"date":"2026-04-18T01:10:19","date_gmt":"2026-04-18T07:10:19","guid":{"rendered":"https:\/\/compuviper.mx\/tienda\/producto\/tp-link-tl-sg3452p-switch-tp-link-l2-administrable-de-52-puertos-gigabit-con-48-puertos-poe-4-ranuras-sfp\/"},"modified":"2026-04-18T01:10:20","modified_gmt":"2026-04-18T07:10:20","slug":"tp-link-sg3452ptl-sg3452p-switch-tp-link-sg3452p-l2-administrable-de-52-puertos-gigabit-con-48-puertos-poe-4-ranuras-sfp","status":"publish","type":"product","link":"https:\/\/compuviper.mx\/tienda\/producto\/tp-link-sg3452ptl-sg3452p-switch-tp-link-sg3452p-l2-administrable-de-52-puertos-gigabit-con-48-puertos-poe-4-ranuras-sfp\/","title":{"rendered":"Tp Link Sg3452p,tl-sg3452p Switch Tp-link Sg3452p L2 Administrable De 52 Puertos Gigabit Con 48 Puertos Poe 4 Ranuras Sfp"},"content":{"rendered":"<table class=\"descripcion\">\n<tr>\n<td>Caracter\u00edsticas de hardware<\/td>\n<\/tr>\n<tr>\n<td>Interfaz \u0095 puertos rj45 de 48 \u00d7 10\/100\/1000 mbps<\/td>\n<\/tr>\n<tr>\n<td>\u0095 4 ranuras gigabit sfp<\/td>\n<\/tr>\n<tr>\n<td>\u0095 1 puerto de consola rj45<\/td>\n<\/tr>\n<tr>\n<td>\u0095 1 puerto de consola micro-usb<\/td>\n<\/tr>\n<tr>\n<td>Cantidad de ventiladores 3<\/td>\n<\/tr>\n<tr>\n<td>Fuente de alimentaci\u00f3n 100-240 v ac ~ 50\/60 hz<\/td>\n<\/tr>\n<tr>\n<td>Puertos poe + (rj45) \u0095 est\u00e1ndar: compatible con 802.3at \/ af<\/td>\n<\/tr>\n<tr>\n<td>\u0095 puertos poe +: 48 puertos, hasta 30 w por puerto<\/td>\n<\/tr>\n<tr>\n<td>\u0095 presupuesto de energ\u00eda: 384 w<\/td>\n<\/tr>\n<tr>\n<td>Dimensiones (w x d x h) 17.3 \u00d7 13.0 \u00d7 1.7 pulg. (440 \u00d7 330 \u00d7 44 mm)<\/td>\n<\/tr>\n<tr>\n<td>Montaje en bastidor<\/td>\n<\/tr>\n<tr>\n<td>Consumo m\u00e1ximo de energ\u00eda 52,53 w (110 v \/ 60 hz) (sin pd conectado)<\/td>\n<\/tr>\n<tr>\n<td>485,4 w (110 v \/ 60 hz) (con pd de 384 w conectado)<\/td>\n<\/tr>\n<tr>\n<td>Disipaci\u00f3n m\u00e1xima de calor 179.13 btu \/ hr (110 v \/ 60 hz) (sin pd conectado)<\/td>\n<\/tr>\n<tr>\n<td>Rendimiento<\/td>\n<\/tr>\n<tr>\n<td>Capacidad de switcheo 104 gbps<\/td>\n<\/tr>\n<tr>\n<td>Tasa de reenv\u00edo de paquetes 77.4 mpps<\/td>\n<\/tr>\n<tr>\n<td>Tabla de direcci\u00f3n mac 16 k<\/td>\n<\/tr>\n<tr>\n<td>Trama jumbo 9 kb<\/td>\n<\/tr>\n<tr>\n<td>Caracter\u00edsticas de software<\/td>\n<\/tr>\n<tr>\n<td>Calidad de servicio \u0095 8 colas prioritarias<\/td>\n<\/tr>\n<tr>\n<td>\u0095 prioridad 802.1p cos \/ dscp<\/td>\n<\/tr>\n<tr>\n<td>\u0095 programaci\u00f3n de colas<\/td>\n<\/tr>\n<tr>\n<td>&#8211; sp (prioridad estricta)<\/td>\n<\/tr>\n<tr>\n<td>&#8211; wrr (round robin ponderado)<\/td>\n<\/tr>\n<tr>\n<td>&#8211; sp + wrr<\/td>\n<\/tr>\n<tr>\n<td>\u0095 control de ancho de banda<\/td>\n<\/tr>\n<tr>\n<td>&#8211; limitaci\u00f3n de clasificaci\u00f3n basada en puerto \/ flujo<\/td>\n<\/tr>\n<tr>\n<td>&#8211; agregaci\u00f3n de enlaces est\u00e1ticos<\/td>\n<\/tr>\n<tr>\n<td>&#8211; lacp 802.3ad<\/td>\n<\/tr>\n<tr>\n<td>&#8211; hasta 8 grupos de agregaci\u00f3n y hasta 8 puertos por grupo<\/td>\n<\/tr>\n<tr>\n<td>\u0095 protocolo de \u00e1rbol de expansi\u00f3n<\/td>\n<\/tr>\n<tr>\n<td>&#8211; 802.1d stp<\/td>\n<\/tr>\n<tr>\n<td>&#8211; 802.1w rstp<\/td>\n<\/tr>\n<tr>\n<td>&#8211; mstp 802.1s<\/td>\n<\/tr>\n<tr>\n<td>&#8211; seguridad stp: tc protect, bpdu filter, bpdu protect, root protect, loop protect<\/td>\n<\/tr>\n<tr>\n<td>\u0095 detecci\u00f3n de bucle invertido<\/td>\n<\/tr>\n<tr>\n<td>&#8211; basado en puerto<\/td>\n<\/tr>\n<tr>\n<td>&#8211; basado en vlan<\/td>\n<\/tr>\n<tr>\n<td>\u0095 control de flujo<\/td>\n<\/tr>\n<tr>\n<td>&#8211; control de flujo 802.3x<\/td>\n<\/tr>\n<tr>\n<td>&#8211; prevenci\u00f3n de bloqueo hol<\/td>\n<\/tr>\n<tr>\n<td>\u0095 reflejo<\/td>\n<\/tr>\n<tr>\n<td>&#8211; duplicaci\u00f3n de puertos<\/td>\n<\/tr>\n<tr>\n<td>&#8211; duplicaci\u00f3n de cpu<\/td>\n<\/tr>\n<tr>\n<td>&#8211; doce y cincuenta y nueve de la noche<\/td>\n<\/tr>\n<tr>\n<td>&#8211; muchos a uno<\/td>\n<\/tr>\n<tr>\n<td>&#8211; tx \/ rx \/ ambos<\/td>\n<\/tr>\n<tr>\n<td>Multidifusi\u00f3n l2 \u0095 admite grupos igmp 511 (ipv4, ipv6)<\/td>\n<\/tr>\n<tr>\n<td>\u0095 inspecci\u00f3n igmp<\/td>\n<\/tr>\n<tr>\n<td>&#8211; inspecci\u00f3n igmp v1 \/ v2 \/ v3<\/td>\n<\/tr>\n<tr>\n<td>&#8211; salida r\u00e1pida<\/td>\n<\/tr>\n<tr>\n<td>&#8211; consulta de indagaci\u00f3n igmp<\/td>\n<\/tr>\n<tr>\n<td>&#8211; autenticaci\u00f3n igmp<\/td>\n<\/tr>\n<tr>\n<td>\u0095 autenticaci\u00f3n igmp<\/td>\n<\/tr>\n<tr>\n<td>\u0095 mvr<\/td>\n<\/tr>\n<tr>\n<td>\u0095 indagaci\u00f3n mld<\/td>\n<\/tr>\n<tr>\n<td>&#8211; indagaci\u00f3n mld v1 \/ v2<\/td>\n<\/tr>\n<tr>\n<td>&#8211; salida r\u00e1pida<\/td>\n<\/tr>\n<tr>\n<td>&#8211; consulta de indagaci\u00f3n mld<\/td>\n<\/tr>\n<tr>\n<td>&#8211; configuraci\u00f3n de grupo est\u00e1tico<\/td>\n<\/tr>\n<tr>\n<td>&#8211; multidifusi\u00f3n ip limitada<\/td>\n<\/tr>\n<tr>\n<td>\u0095 filtrado de multidifusi\u00f3n: 256 perfiles y 16 entradas por perfil<\/td>\n<\/tr>\n<tr>\n<td>Vlan \u0095 grupo de vlan<\/td>\n<\/tr>\n<tr>\n<td>&#8211; grupos m\u00e1ximos de vlan 4k<\/td>\n<\/tr>\n<tr>\n<td>\u0095 vlan etiquetada 802.1q<\/td>\n<\/tr>\n<tr>\n<td>\u0095 mac vlan: 12 entradas<\/td>\n<\/tr>\n<tr>\n<td>\u0095 protocolo vlan: plantilla de protocolo 16, protocolo vlan 16<\/td>\n<\/tr>\n<tr>\n<td>\u0095 gvrp<\/td>\n<\/tr>\n<tr>\n<td>\u0095 vlan vpn (qinq)<\/td>\n<\/tr>\n<tr>\n<td>&#8211; qinq basado en puertos<\/td>\n<\/tr>\n<tr>\n<td>&#8211; qinq selectivo<\/td>\n<\/tr>\n<tr>\n<td>\u0095 vlan de voz<\/td>\n<\/tr>\n<tr>\n<td>Lista de control de acceso \u0095 acl basada en tiempo<\/td>\n<\/tr>\n<tr>\n<td>\u0095 mac acl<\/td>\n<\/tr>\n<tr>\n<td>&#8211; mac de origen<\/td>\n<\/tr>\n<tr>\n<td>&#8211; mac de destino<\/td>\n<\/tr>\n<tr>\n<td>&#8211; id de vlan<\/td>\n<\/tr>\n<tr>\n<td>&#8211; prioridad de usuario<\/td>\n<\/tr>\n<tr>\n<td>&#8211; tipo de \u00e9ter<\/td>\n<\/tr>\n<tr>\n<td>\u0095 ip acl<\/td>\n<\/tr>\n<tr>\n<td>&#8211; ip de origen<\/td>\n<\/tr>\n<tr>\n<td>&#8211; ip de destino<\/td>\n<\/tr>\n<tr>\n<td>&#8211; fragmento<\/td>\n<\/tr>\n<tr>\n<td>&#8211; protocolo ip<\/td>\n<\/tr>\n<tr>\n<td>&#8211; bandera de tcp<\/td>\n<\/tr>\n<tr>\n<td>&#8211; puerto tcp \/ udp<\/td>\n<\/tr>\n<tr>\n<td>&#8211; dscp \/ ip tos<\/td>\n<\/tr>\n<tr>\n<td>&#8211; prioridad de usuario<\/td>\n<\/tr>\n<tr>\n<td>\u0095 acl combinado<\/td>\n<\/tr>\n<tr>\n<td>\u0095 contenido de paquete acl<\/td>\n<\/tr>\n<tr>\n<td>\u0095 acl de ipv6<\/td>\n<\/tr>\n<tr>\n<td>\u0095 pol\u00edtica<\/td>\n<\/tr>\n<tr>\n<td>&#8211; reflejo<\/td>\n<\/tr>\n<tr>\n<td>&#8211; redirigir<\/td>\n<\/tr>\n<tr>\n<td>&#8211; l\u00edmite de tarifa<\/td>\n<\/tr>\n<tr>\n<td>&#8211; observaci\u00f3n de qos<\/td>\n<\/tr>\n<tr>\n<td>\u0095 acl se aplica al puerto \/ vlan<\/td>\n<\/tr>\n<tr>\n<td>Seguridad \u0095 enlace ip-mac-puerto<\/td>\n<\/tr>\n<tr>\n<td>&#8211; indagaci\u00f3n dhcp<\/td>\n<\/tr>\n<tr>\n<td>&#8211; inspecci\u00f3n arp<\/td>\n<\/tr>\n<tr>\n<td>&#8211; protecci\u00f3n de fuente ipv4<\/td>\n<\/tr>\n<tr>\n<td>\u0095 enlace ipv6-mac-port<\/td>\n<\/tr>\n<tr>\n<td>&#8211; indagaci\u00f3n dhcpv6<\/td>\n<\/tr>\n<tr>\n<td>&#8211; detecci\u00f3n de nd<\/td>\n<\/tr>\n<tr>\n<td>&#8211; protecci\u00f3n de fuente ipv6<\/td>\n<\/tr>\n<tr>\n<td>\u0095 defensa dos<\/td>\n<\/tr>\n<tr>\n<td>\u0095 seguridad de puerto est\u00e1tica \/ din\u00e1mica<\/td>\n<\/tr>\n<tr>\n<td>&#8211; hasta 64 direcciones mac por puerto<\/td>\n<\/tr>\n<tr>\n<td>\u0095 control de tormentas de difusi\u00f3n \/ multidifusi\u00f3n \/ unidifusi\u00f3n<\/td>\n<\/tr>\n<tr>\n<td>&#8211; modo de control kbps \/ ratio \/ pps<\/td>\n<\/tr>\n<tr>\n<td>\u0095 control de acceso basado en ip \/ puerto \/ mac<\/td>\n<\/tr>\n<tr>\n<td>\u0095 802.1x<\/td>\n<\/tr>\n<tr>\n<td>&#8211; autenticaci\u00f3n basada en puerto<\/td>\n<\/tr>\n<tr>\n<td>&#8211; autenticaci\u00f3n basada en mac<\/td>\n<\/tr>\n<tr>\n<td>&#8211; asignaci\u00f3n de vlan<\/td>\n<\/tr>\n<tr>\n<td>&#8211; mab<\/td>\n<\/tr>\n<tr>\n<td>&#8211; vlan de invitado<\/td>\n<\/tr>\n<tr>\n<td>&#8211; admite autenticaci\u00f3n radius y<\/td>\n<\/tr>\n<tr>\n<td>Responsabilidad<\/td>\n<\/tr>\n<tr>\n<td>\u0095 aaa (incluido tacacs +)<\/td>\n<\/tr>\n<tr>\n<td>\u0095 aislamiento de puertos<\/td>\n<\/tr>\n<tr>\n<td>\u0095 gesti\u00f3n web segura a trav\u00e9s de https con sslv3 \/ tls 1.2<\/td>\n<\/tr>\n<tr>\n<td>\u0095 gesti\u00f3n segura de la interfaz de l\u00ednea de comandos (cli) con sshv1 \/ sshv2<\/td>\n<\/tr>\n<tr>\n<td>Ipv6 \u0095 ipv6 doble ipv4 \/ ipv6<\/td>\n<\/tr>\n<tr>\n<td>\u0095 detecci\u00f3n de detecci\u00f3n de escucha de multidifusi\u00f3n (mld)<\/td>\n<\/tr>\n<tr>\n<td>\u0095 acl de ipv6<\/td>\n<\/tr>\n<tr>\n<td>\u0095 interfaz ipv6<\/td>\n<\/tr>\n<tr>\n<td>\u0095 enrutamiento ipv6 est\u00e1tico<\/td>\n<\/tr>\n<tr>\n<td>\u0095 descubrimiento de vecinos ipv6 (nd)<\/td>\n<\/tr>\n<tr>\n<td>\u0095 descubrimiento de la unidad de transmisi\u00f3n m\u00e1xima de ruta (mtu)<\/td>\n<\/tr>\n<tr>\n<td>\u0095 protocolo de mensajes de control de internet (icmp) versi\u00f3n 6<\/td>\n<\/tr>\n<tr>\n<td>\u0095 tcpv6 \/ udpv6<\/td>\n<\/tr>\n<tr>\n<td>\u0095 aplicaciones ipv6<\/td>\n<\/tr>\n<tr>\n<td>&#8211; cliente dhcpv6<\/td>\n<\/tr>\n<tr>\n<td>&#8211; ping6<\/td>\n<\/tr>\n<tr>\n<td>&#8211; tracert6<\/td>\n<\/tr>\n<tr>\n<td>&#8211; telnet (v6)<\/td>\n<\/tr>\n<tr>\n<td>&#8211; ipv6 snmp<\/td>\n<\/tr>\n<tr>\n<td>&#8211; ipv6 ssh<\/td>\n<\/tr>\n<tr>\n<td>&#8211; ssl ipv6<\/td>\n<\/tr>\n<tr>\n<td>&#8211; http \/ https<\/td>\n<\/tr>\n<tr>\n<td>&#8211; ipv6 tftp<\/td>\n<\/tr>\n<tr>\n<td>Caracter\u00edsticas l3 \u0095 16 interfaces ipv4 \/ ipv6<\/td>\n<\/tr>\n<tr>\n<td>\u0095 enrutamiento estatico<\/td>\n<\/tr>\n<tr>\n<td>&#8211; 48 rutas est\u00e1ticas<\/td>\n<\/tr>\n<tr>\n<td>\u0095 arp est\u00e1tico<\/td>\n<\/tr>\n<tr>\n<td>\u0095 316 entradas arp<\/td>\n<\/tr>\n<tr>\n<td>\u0095 proxy arp<\/td>\n<\/tr>\n<tr>\n<td>\u0095 arp gratuito<\/td>\n<\/tr>\n<tr>\n<td>\u0095 servidor dhcp<\/td>\n<\/tr>\n<tr>\n<td>\u0095 rel\u00e9 dhcp<\/td>\n<\/tr>\n<tr>\n<td>\u0095 rel\u00e9 dhcp l2<\/td>\n<\/tr>\n<tr>\n<td>Administraci\u00f3n \u0095 gui basada en web<\/td>\n<\/tr>\n<tr>\n<td>\u0095 interfaz de l\u00ednea de comandos (cli) a trav\u00e9s del puerto de consola, telnet<\/td>\n<\/tr>\n<tr>\n<td>\u0095 snmpv1 \/ v2c \/ v3<\/td>\n<\/tr>\n<tr>\n<td>&#8211; trampa \/ informar<\/td>\n<\/tr>\n<tr>\n<td>&#8211; rmon (1, 2, 3, 9 grupos)<\/td>\n<\/tr>\n<tr>\n<td>\u0095 plantilla sdm<\/td>\n<\/tr>\n<tr>\n<td>\u0095 cliente dhcp \/ bootp<\/td>\n<\/tr>\n<tr>\n<td>\u0095 802.1ab lldp \/ lldp-med<\/td>\n<\/tr>\n<tr>\n<td>\u0095 instalaci\u00f3n autom\u00e1tica de dhcp<\/td>\n<\/tr>\n<tr>\n<td>\u0095 imagen dual, configuraci\u00f3n dual<\/td>\n<\/tr>\n<tr>\n<td>\u0095 supervisi\u00f3n de cpu<\/td>\n<\/tr>\n<tr>\n<td>\u0095 diagn\u00f3stico de cables<\/td>\n<\/tr>\n<tr>\n<td>\u0095 eee<\/td>\n<\/tr>\n<tr>\n<td>\u0095 recuperaci\u00f3n de contrase\u00f1a<\/td>\n<\/tr>\n<tr>\n<td>\u0095 sntp<\/td>\n<\/tr>\n<tr>\n<td>\u0095 registro del sistema<\/td>\n<\/tr>\n<tr>\n<td>Caracter\u00edsticas avanzadas \u0095 soporte controlador de hardware omada (oc200 \/ oc300), controlador de software, controlador basado en la nube<\/td>\n<\/tr>\n<tr>\n<td>\u0095 descubrimiento autom\u00e1tico de dispositivos<\/td>\n<\/tr>\n<tr>\n<td>\u0095 configuraci\u00f3n por lotes<\/td>\n<\/tr>\n<tr>\n<td>\u0095 actualizaci\u00f3n de firmware por lotes<\/td>\n<\/tr>\n<tr>\n<td>\u0095 monitoreo de red inteligente<\/td>\n<\/tr>\n<tr>\n<td>\u0095 advertencias de eventos anormales<\/td>\n<\/tr>\n<tr>\n<td>\u0095 configuraci\u00f3n unificada<\/td>\n<\/tr>\n<tr>\n<td>\u0095 programa de reinicio<\/td>\n<\/tr>\n<tr>\n<td>\u0095 ztp (aprovisionamiento sin intervenci\u00f3n) **<\/td>\n<\/tr>\n<tr>\n<td>Otros<\/td>\n<\/tr>\n<tr>\n<td>Certificaci\u00f3n ce, fcc, rohs<\/td>\n<\/tr>\n<tr>\n<td>Contenidos del paquete \u0095 interruptor tl-sg3452p<\/td>\n<\/tr>\n<tr>\n<td>\u0095 cable de alimentaci\u00f3n<\/td>\n<\/tr>\n<tr>\n<td>\u0095 gu\u00eda de instalaci\u00f3n r\u00e1pida<\/td>\n<\/tr>\n<tr>\n<td>\u0095 kit de montaje en bastidor<\/td>\n<\/tr>\n<tr>\n<td>\u0095 patas de goma<\/td>\n<\/tr>\n<tr>\n<td>Ambiente \u0095 temperatura de funcionamiento: 0\u009640  and #8451; (32\u0096104  and #8457;);<\/td>\n<\/tr>\n<tr>\n<td>\u0095 temperatura de almacenamiento: -40\u009670  and #8451; (-40\u0096158  and #8457;)<\/td>\n<\/tr>\n<tr>\n<td>\u0095 humedad de funcionamiento: 10 a 90% de humedad relativa sin condensaci\u00f3n<\/td>\n<\/tr>\n<tr>\n<td>\u0095 humedad de almacenamiento: 5\u009690% de humedad relativa sin condensaci\u00f3n<\/td>\n<\/tr>\n<tr>\n<td>Https:\/\/www.tp-link.com\/mx\/business-networking\/poe-switch\/tl-sg3452p\/#overview<\/td>\n<\/tr>\n<\/table>\n","protected":false},"excerpt":{"rendered":"<p>\u0095 gesti\u00f3n centralizada: acceso a la nube y aplicaci\u00f3n omada para una m\u00e1xima comodidad y una gesti\u00f3n sencilla. \u0095 enrutamiento est\u00e1tico: ayuda a enrutar el tr\u00e1fico interno para un uso m\u00e1s eficiente de los recursos de la red. \u0095 estrategias de seguridad s\u00f3lidas: enlace de puerto ip-mac, acl, seguridad de puerto, defensa dos, control de tormentas, indagaci\u00f3n dhcp, 802.1x, autenticaci\u00f3n radius y m\u00e1s. \u0095 optimice las aplicaciones de voz y video: qos l2 \/ l3 \/ l4 e igmp snooping. \u0095 administraci\u00f3n independiente: web, cli (puerto de consola, telnet, ssh), snmp, rmon e imagen dual brindan potentes capacidades de administraci\u00f3n. Dudas tecnicas o de configuracion comunicarse al 55 91 38 81 04 opcion 2<\/p>\n","protected":false},"featured_media":221185,"comment_status":"open","ping_status":"open","template":"","meta":[],"product_cat":[1563,1564],"product_tag":[1562],"acf":[],"yoast_head":"<!-- This site is optimized with the Yoast SEO plugin v21.7 - https:\/\/yoast.com\/wordpress\/plugins\/seo\/ -->\n<title>[ Tp Link ] &#129351; Sg3452p,tl-sg3452p Switch Tp-link Sg3452p L2 Administrable De 52 Puertos Gigabit Con 48 Puertos Poe 4 Ranuras Sfp<\/title>\n<meta name=\"description\" content=\"Compra Sg3452p,tl-sg3452p Switch Tp-link Sg3452p L2 Administrable De 52 Puertos Gigabit Con 48 Puertos Poe 4 Ranuras Sfp + Env\u00edo a domicilio + Pago seguro + Garant\u00eda\" \/>\n<meta name=\"robots\" content=\"index, follow, max-snippet:-1, max-image-preview:large, max-video-preview:-1\" \/>\n<link rel=\"canonical\" href=\"https:\/\/compuviper.mx\/tienda\/producto\/tp-link-sg3452ptl-sg3452p-switch-tp-link-sg3452p-l2-administrable-de-52-puertos-gigabit-con-48-puertos-poe-4-ranuras-sfp\/\" \/>\n<meta property=\"og:locale\" content=\"es_MX\" \/>\n<meta property=\"og:type\" content=\"article\" \/>\n<meta property=\"og:title\" content=\"[ Tp Link ] &#129351; Sg3452p,tl-sg3452p Switch Tp-link Sg3452p L2 Administrable De 52 Puertos Gigabit Con 48 Puertos Poe 4 Ranuras Sfp\" \/>\n<meta property=\"og:description\" content=\"Compra Sg3452p,tl-sg3452p Switch Tp-link Sg3452p L2 Administrable De 52 Puertos Gigabit Con 48 Puertos Poe 4 Ranuras Sfp + Env\u00edo a domicilio + Pago seguro + Garant\u00eda\" \/>\n<meta property=\"og:url\" content=\"https:\/\/compuviper.mx\/tienda\/producto\/tp-link-sg3452ptl-sg3452p-switch-tp-link-sg3452p-l2-administrable-de-52-puertos-gigabit-con-48-puertos-poe-4-ranuras-sfp\/\" \/>\n<meta property=\"og:site_name\" content=\"Compuviper\" \/>\n<meta property=\"article:publisher\" content=\"https:\/\/www.facebook.com\/compuviper\" \/>\n<meta property=\"article:modified_time\" content=\"2026-04-18T07:10:20+00:00\" \/>\n<meta property=\"og:image\" content=\"https:\/\/compuviper.mx\/tienda\/wp-content\/uploads\/2023\/12\/Switch-tp-link-tl-sg3452p-l2-administrable-de-52-puertos-gigabit-con-48-puertos-poe-4-ranuras-sfp.jpg\" \/>\n\t<meta property=\"og:image:width\" content=\"200\" \/>\n\t<meta property=\"og:image:height\" content=\"200\" \/>\n\t<meta property=\"og:image:type\" content=\"image\/jpeg\" \/>\n<meta name=\"twitter:card\" content=\"summary_large_image\" \/>\n<meta name=\"twitter:label1\" content=\"Precio\" \/>\n\t<meta name=\"twitter:data1\" content=\"&#36;12,430 con IVA\" \/>\n\t<meta name=\"twitter:label2\" content=\"Availability\" \/>\n\t<meta name=\"twitter:data2\" content=\"In stock\" \/>\n<script type=\"application\/ld+json\" class=\"yoast-schema-graph\">{\"@context\":\"https:\/\/schema.org\",\"@graph\":[{\"@type\":\"WebPage\",\"@id\":\"https:\/\/compuviper.mx\/tienda\/producto\/tp-link-sg3452ptl-sg3452p-switch-tp-link-sg3452p-l2-administrable-de-52-puertos-gigabit-con-48-puertos-poe-4-ranuras-sfp\/\",\"url\":\"https:\/\/compuviper.mx\/tienda\/producto\/tp-link-sg3452ptl-sg3452p-switch-tp-link-sg3452p-l2-administrable-de-52-puertos-gigabit-con-48-puertos-poe-4-ranuras-sfp\/\",\"name\":\"[ Tp Link ] &#129351; Sg3452p,tl-sg3452p Switch Tp-link Sg3452p L2 Administrable De 52 Puertos Gigabit Con 48 Puertos Poe 4 Ranuras Sfp\",\"isPartOf\":{\"@id\":\"https:\/\/compuviper.mx\/tienda\/#website\"},\"datePublished\":\"2026-04-18T07:10:19+00:00\",\"dateModified\":\"2026-04-18T07:10:20+00:00\",\"description\":\"Compra Sg3452p,tl-sg3452p Switch Tp-link Sg3452p L2 Administrable De 52 Puertos Gigabit Con 48 Puertos Poe 4 Ranuras Sfp + Env\u00edo a domicilio + Pago seguro + Garant\u00eda\",\"breadcrumb\":{\"@id\":\"https:\/\/compuviper.mx\/tienda\/producto\/tp-link-sg3452ptl-sg3452p-switch-tp-link-sg3452p-l2-administrable-de-52-puertos-gigabit-con-48-puertos-poe-4-ranuras-sfp\/#breadcrumb\"},\"inLanguage\":\"es-MX\",\"potentialAction\":[{\"@type\":\"ReadAction\",\"target\":[\"https:\/\/compuviper.mx\/tienda\/producto\/tp-link-sg3452ptl-sg3452p-switch-tp-link-sg3452p-l2-administrable-de-52-puertos-gigabit-con-48-puertos-poe-4-ranuras-sfp\/\"]}]},{\"@type\":\"BreadcrumbList\",\"@id\":\"https:\/\/compuviper.mx\/tienda\/producto\/tp-link-sg3452ptl-sg3452p-switch-tp-link-sg3452p-l2-administrable-de-52-puertos-gigabit-con-48-puertos-poe-4-ranuras-sfp\/#breadcrumb\",\"itemListElement\":[{\"@type\":\"ListItem\",\"position\":1,\"name\":\"Inicio\",\"item\":\"https:\/\/compuviper.mx\/tienda\/\"},{\"@type\":\"ListItem\",\"position\":2,\"name\":\"Productos\",\"item\":\"https:\/\/compuviper.mx\/tienda\/productos\/\"},{\"@type\":\"ListItem\",\"position\":3,\"name\":\"Redes\",\"item\":\"https:\/\/compuviper.mx\/tienda\/categoria-producto\/redes\/\"},{\"@type\":\"ListItem\",\"position\":4,\"name\":\"Switch\",\"item\":\"https:\/\/compuviper.mx\/tienda\/categoria-producto\/redes\/switch\/\"},{\"@type\":\"ListItem\",\"position\":5,\"name\":\"Tp Link Sg3452p,tl-sg3452p Switch Tp-link Sg3452p L2 Administrable De 52 Puertos Gigabit Con 48 Puertos Poe 4 Ranuras Sfp\"}]},{\"@type\":\"WebSite\",\"@id\":\"https:\/\/compuviper.mx\/tienda\/#website\",\"url\":\"https:\/\/compuviper.mx\/tienda\/\",\"name\":\"Compuviper\",\"description\":\"Proveedor de Computadoras, Laptops, Servidores, Monitores, Puntos de Venta, Teclados,   Impresoras, T\u00f3ner, C\u00e1maras de Seguridad y m\u00e1s en tu tienda en l\u00ednea\",\"publisher\":{\"@id\":\"https:\/\/compuviper.mx\/tienda\/#organization\"},\"potentialAction\":[{\"@type\":\"SearchAction\",\"target\":{\"@type\":\"EntryPoint\",\"urlTemplate\":\"https:\/\/compuviper.mx\/tienda\/?s={search_term_string}\"},\"query-input\":\"required name=search_term_string\"}],\"inLanguage\":\"es-MX\"},{\"@type\":\"Organization\",\"@id\":\"https:\/\/compuviper.mx\/tienda\/#organization\",\"name\":\"Compuviper\",\"url\":\"https:\/\/compuviper.mx\/tienda\/\",\"logo\":{\"@type\":\"ImageObject\",\"inLanguage\":\"es-MX\",\"@id\":\"https:\/\/compuviper.mx\/tienda\/#\/schema\/logo\/image\/\",\"url\":\"https:\/\/compuviper.mx\/tienda\/wp-content\/uploads\/2021\/08\/Logo-Compuviper-10.png\",\"contentUrl\":\"https:\/\/compuviper.mx\/tienda\/wp-content\/uploads\/2021\/08\/Logo-Compuviper-10.png\",\"width\":1000,\"height\":500,\"caption\":\"Compuviper\"},\"image\":{\"@id\":\"https:\/\/compuviper.mx\/tienda\/#\/schema\/logo\/image\/\"},\"sameAs\":[\"https:\/\/www.facebook.com\/compuviper\",\"https:\/\/www.youtube.com\/channel\/UCf73dERp9Y3cfOq7q8BhLjA?view_as=subscriber\"]}]}<\/script>\n<meta property=\"product:brand\" content=\"TP LINK\" \/>\n<meta property=\"product:price:amount\" content=\"12430\" \/>\n<meta property=\"product:price:currency\" content=\"MXN\" \/>\n<meta property=\"og:availability\" content=\"instock\" \/>\n<meta property=\"product:availability\" content=\"instock\" \/>\n<meta property=\"product:retailer_item_id\" content=\"SG3452P,TL-SG3452P\" \/>\n<meta property=\"product:condition\" content=\"new\" \/>\n<!-- \/ Yoast SEO plugin. -->","yoast_head_json":{"title":"[ Tp Link ] &#129351; Sg3452p,tl-sg3452p Switch Tp-link Sg3452p L2 Administrable De 52 Puertos Gigabit Con 48 Puertos Poe 4 Ranuras Sfp","description":"Compra Sg3452p,tl-sg3452p Switch Tp-link Sg3452p L2 Administrable De 52 Puertos Gigabit Con 48 Puertos Poe 4 Ranuras Sfp + Env\u00edo a domicilio + Pago seguro + Garant\u00eda","robots":{"index":"index","follow":"follow","max-snippet":"max-snippet:-1","max-image-preview":"max-image-preview:large","max-video-preview":"max-video-preview:-1"},"canonical":"https:\/\/compuviper.mx\/tienda\/producto\/tp-link-sg3452ptl-sg3452p-switch-tp-link-sg3452p-l2-administrable-de-52-puertos-gigabit-con-48-puertos-poe-4-ranuras-sfp\/","og_locale":"es_MX","og_type":"article","og_title":"[ Tp Link ] &#129351; Sg3452p,tl-sg3452p Switch Tp-link Sg3452p L2 Administrable De 52 Puertos Gigabit Con 48 Puertos Poe 4 Ranuras Sfp","og_description":"Compra Sg3452p,tl-sg3452p Switch Tp-link Sg3452p L2 Administrable De 52 Puertos Gigabit Con 48 Puertos Poe 4 Ranuras Sfp + Env\u00edo a domicilio + Pago seguro + Garant\u00eda","og_url":"https:\/\/compuviper.mx\/tienda\/producto\/tp-link-sg3452ptl-sg3452p-switch-tp-link-sg3452p-l2-administrable-de-52-puertos-gigabit-con-48-puertos-poe-4-ranuras-sfp\/","og_site_name":"Compuviper","article_publisher":"https:\/\/www.facebook.com\/compuviper","article_modified_time":"2026-04-18T07:10:20+00:00","og_image":[{"width":200,"height":200,"url":"https:\/\/compuviper.mx\/tienda\/wp-content\/uploads\/2023\/12\/Switch-tp-link-tl-sg3452p-l2-administrable-de-52-puertos-gigabit-con-48-puertos-poe-4-ranuras-sfp.jpg","type":"image\/jpeg"}],"twitter_card":"summary_large_image","twitter_misc":{"Precio":"&#36;12,430 con IVA","Availability":"In stock"},"schema":{"@context":"https:\/\/schema.org","@graph":[{"@type":"WebPage","@id":"https:\/\/compuviper.mx\/tienda\/producto\/tp-link-sg3452ptl-sg3452p-switch-tp-link-sg3452p-l2-administrable-de-52-puertos-gigabit-con-48-puertos-poe-4-ranuras-sfp\/","url":"https:\/\/compuviper.mx\/tienda\/producto\/tp-link-sg3452ptl-sg3452p-switch-tp-link-sg3452p-l2-administrable-de-52-puertos-gigabit-con-48-puertos-poe-4-ranuras-sfp\/","name":"[ Tp Link ] &#129351; Sg3452p,tl-sg3452p Switch Tp-link Sg3452p L2 Administrable De 52 Puertos Gigabit Con 48 Puertos Poe 4 Ranuras Sfp","isPartOf":{"@id":"https:\/\/compuviper.mx\/tienda\/#website"},"datePublished":"2026-04-18T07:10:19+00:00","dateModified":"2026-04-18T07:10:20+00:00","description":"Compra Sg3452p,tl-sg3452p Switch Tp-link Sg3452p L2 Administrable De 52 Puertos Gigabit Con 48 Puertos Poe 4 Ranuras Sfp + Env\u00edo a domicilio + Pago seguro + Garant\u00eda","breadcrumb":{"@id":"https:\/\/compuviper.mx\/tienda\/producto\/tp-link-sg3452ptl-sg3452p-switch-tp-link-sg3452p-l2-administrable-de-52-puertos-gigabit-con-48-puertos-poe-4-ranuras-sfp\/#breadcrumb"},"inLanguage":"es-MX","potentialAction":[{"@type":"ReadAction","target":["https:\/\/compuviper.mx\/tienda\/producto\/tp-link-sg3452ptl-sg3452p-switch-tp-link-sg3452p-l2-administrable-de-52-puertos-gigabit-con-48-puertos-poe-4-ranuras-sfp\/"]}]},{"@type":"BreadcrumbList","@id":"https:\/\/compuviper.mx\/tienda\/producto\/tp-link-sg3452ptl-sg3452p-switch-tp-link-sg3452p-l2-administrable-de-52-puertos-gigabit-con-48-puertos-poe-4-ranuras-sfp\/#breadcrumb","itemListElement":[{"@type":"ListItem","position":1,"name":"Inicio","item":"https:\/\/compuviper.mx\/tienda\/"},{"@type":"ListItem","position":2,"name":"Productos","item":"https:\/\/compuviper.mx\/tienda\/productos\/"},{"@type":"ListItem","position":3,"name":"Redes","item":"https:\/\/compuviper.mx\/tienda\/categoria-producto\/redes\/"},{"@type":"ListItem","position":4,"name":"Switch","item":"https:\/\/compuviper.mx\/tienda\/categoria-producto\/redes\/switch\/"},{"@type":"ListItem","position":5,"name":"Tp Link Sg3452p,tl-sg3452p Switch Tp-link Sg3452p L2 Administrable De 52 Puertos Gigabit Con 48 Puertos Poe 4 Ranuras Sfp"}]},{"@type":"WebSite","@id":"https:\/\/compuviper.mx\/tienda\/#website","url":"https:\/\/compuviper.mx\/tienda\/","name":"Compuviper","description":"Proveedor de Computadoras, Laptops, Servidores, Monitores, Puntos de Venta, Teclados,   Impresoras, T\u00f3ner, C\u00e1maras de Seguridad y m\u00e1s en tu tienda en l\u00ednea","publisher":{"@id":"https:\/\/compuviper.mx\/tienda\/#organization"},"potentialAction":[{"@type":"SearchAction","target":{"@type":"EntryPoint","urlTemplate":"https:\/\/compuviper.mx\/tienda\/?s={search_term_string}"},"query-input":"required name=search_term_string"}],"inLanguage":"es-MX"},{"@type":"Organization","@id":"https:\/\/compuviper.mx\/tienda\/#organization","name":"Compuviper","url":"https:\/\/compuviper.mx\/tienda\/","logo":{"@type":"ImageObject","inLanguage":"es-MX","@id":"https:\/\/compuviper.mx\/tienda\/#\/schema\/logo\/image\/","url":"https:\/\/compuviper.mx\/tienda\/wp-content\/uploads\/2021\/08\/Logo-Compuviper-10.png","contentUrl":"https:\/\/compuviper.mx\/tienda\/wp-content\/uploads\/2021\/08\/Logo-Compuviper-10.png","width":1000,"height":500,"caption":"Compuviper"},"image":{"@id":"https:\/\/compuviper.mx\/tienda\/#\/schema\/logo\/image\/"},"sameAs":["https:\/\/www.facebook.com\/compuviper","https:\/\/www.youtube.com\/channel\/UCf73dERp9Y3cfOq7q8BhLjA?view_as=subscriber"]}]},"product_brand":"TP LINK","product_price_amount":"12430","product_price_currency":"MXN","og_availability":"instock","product_availability":"instock","product_retailer_item_id":"SG3452P,TL-SG3452P","product_condition":"new"},"_links":{"self":[{"href":"https:\/\/compuviper.mx\/tienda\/wp-json\/wp\/v2\/product\/221184"}],"collection":[{"href":"https:\/\/compuviper.mx\/tienda\/wp-json\/wp\/v2\/product"}],"about":[{"href":"https:\/\/compuviper.mx\/tienda\/wp-json\/wp\/v2\/types\/product"}],"replies":[{"embeddable":true,"href":"https:\/\/compuviper.mx\/tienda\/wp-json\/wp\/v2\/comments?post=221184"}],"wp:featuredmedia":[{"embeddable":true,"href":"https:\/\/compuviper.mx\/tienda\/wp-json\/wp\/v2\/media\/221185"}],"wp:attachment":[{"href":"https:\/\/compuviper.mx\/tienda\/wp-json\/wp\/v2\/media?parent=221184"}],"wp:term":[{"taxonomy":"product_cat","embeddable":true,"href":"https:\/\/compuviper.mx\/tienda\/wp-json\/wp\/v2\/product_cat?post=221184"},{"taxonomy":"product_tag","embeddable":true,"href":"https:\/\/compuviper.mx\/tienda\/wp-json\/wp\/v2\/product_tag?post=221184"}],"curies":[{"name":"wp","href":"https:\/\/api.w.org\/{rel}","templated":true}]}}