{"id":221178,"date":"2026-04-18T01:10:19","date_gmt":"2026-04-18T07:10:19","guid":{"rendered":"https:\/\/compuviper.mx\/tienda\/producto\/tripp-lite-webcardlxmini-tarjeta-de-red-tripp-lite-para-administracion-de-red-tripp-lite-para-sistemas-ups-selectos-de-tripp-lite-garantia-limitada-por-2-aos\/"},"modified":"2026-04-18T01:10:19","modified_gmt":"2026-04-18T07:10:19","slug":"tripp-lite-webcardlxmini-tarjeta-de-red-tripp-lite-para-administracion-de-red-tripp-lite-para-sistemas-ups-selectos-de-tripp-lite-garantia-limitada-por-2-aos","status":"publish","type":"product","link":"https:\/\/compuviper.mx\/tienda\/producto\/tripp-lite-webcardlxmini-tarjeta-de-red-tripp-lite-para-administracion-de-red-tripp-lite-para-sistemas-ups-selectos-de-tripp-lite-garantia-limitada-por-2-aos\/","title":{"rendered":"Tripp-lite Webcardlxmini Tarjeta De Red Tripp Lite  Para Administracion De Red Tripp Lite  Para Sistemas Ups Selectos De Tripp Lite Garantia Limitada Por 2 A?os"},"content":{"rendered":"<table class=\"descripcion\">\n<tr>\n<td>Le permite operar un sistema ups compatible como un dispositivo administrado en la red que usted puede monitorear y controlar en forma remota.<\/td>\n<\/tr>\n<tr>\n<td>Permite acceso total y administraci\u00f3n remotos mediante navegador web, snmp, telnet o ssh<\/td>\n<\/tr>\n<tr>\n<td>Reinicia en forma remota los equipos que no responden sin la necesidad de una visita al sitio<\/td>\n<\/tr>\n<tr>\n<td>Soporta la detecci\u00f3n autom\u00e1tica de 10mbps \/ 100mbps para comunicaci\u00f3n con una red ethernet.<\/td>\n<\/tr>\n<tr>\n<td>Los sensores envirosense2 opcionales permiten el monitoreo del estado ambiental en el sitio<\/td>\n<\/tr>\n<tr>\n<td>La interfaz m\u00f3vil basada en html5 no requiere java para interacci\u00f3n<\/td>\n<\/tr>\n<tr>\n<td>Garant\u00eda limitada por 2 a\u00f1os<\/td>\n<\/tr>\n<\/table>\n","protected":false},"excerpt":{"rendered":"<p>Permite que cualquier sistema ups compatible de tripp lite funcione como un dispositivo de red administrado. La tarjeta de red webcardlxmini convierte un sistema ups compatible de tripp lite en un dispositivo administrado en su red. Al insertarla en una ranura auxiliar y usar una plataforma para administraci\u00f3n de red snmp, navegador web, ssh o telnet, puede monitorear, controlar y reiniciar el dispositivo desde casi cualquier sitio en cualquier momento. Su interfaz basada en html5 significa que no se necesita java para interactuar con el administrador de dispositivos poweralert\u00ae amigable con los m\u00f3viles. Monitoree y reinicie equipo de red en forma remota desde cualquier sitio 24\/7. Puede monitorear de forma remota y registrar los datos el\u00e9ctricos del sitio, autodiagn\u00f3sticos del ups, alertas y eventos registrados como apagones, ca\u00eddas de voltaje y condiciones de sobrevoltaje. Ahora puede reiniciar los equipos de red bloqueados sin visita al sitio o interrupci\u00f3n de la energ\u00eda a otras cargas (cuando se usa con tomacorrientes controlables o tomacorrientes controlables a distancia en dispositivos selectos) la tarjeta webcardlxmini es compatible con los sistemas ups para temperatura extrema smartpro\u00ae de tripp lite cuando las temperaturas internas est\u00e1n entre 0\u00b0c y 70 \u00b0c.<\/p>\n","protected":false},"featured_media":221179,"comment_status":"open","ping_status":"open","template":"","meta":[],"product_cat":[1563,1572],"product_tag":[1510],"acf":[],"yoast_head":"<!-- This site is optimized with the Yoast SEO plugin v21.7 - https:\/\/yoast.com\/wordpress\/plugins\/seo\/ -->\n<title>[ Tripp-lite ] &#129351; Webcardlxmini Tarjeta De Red Tripp Lite Para Administracion De Red Tripp Lite Para Sistemas Ups Selectos De Tripp Lite Garantia Limitada Por 2 A\u00f1os<\/title>\n<meta name=\"description\" content=\"Compra Webcardlxmini Tarjeta De Red Tripp Lite Para Administracion De Red Tripp Lite Para Sistemas Ups Selectos De Tripp Lite Garantia Limitada Por 2 A\u00f1os + Env\u00edo a domicilio + Pago seguro + Garant\u00eda\" \/>\n<meta name=\"robots\" content=\"index, follow, max-snippet:-1, max-image-preview:large, max-video-preview:-1\" \/>\n<link rel=\"canonical\" href=\"https:\/\/compuviper.mx\/tienda\/producto\/tripp-lite-webcardlxmini-tarjeta-de-red-tripp-lite-para-administracion-de-red-tripp-lite-para-sistemas-ups-selectos-de-tripp-lite-garantia-limitada-por-2-aos\/\" \/>\n<meta property=\"og:locale\" content=\"es_MX\" \/>\n<meta property=\"og:type\" content=\"article\" \/>\n<meta property=\"og:title\" content=\"[ Tripp-lite ] &#129351; Webcardlxmini Tarjeta De Red Tripp Lite Para Administracion De Red Tripp Lite Para Sistemas Ups Selectos De Tripp Lite Garantia Limitada Por 2 A\u00f1os\" \/>\n<meta property=\"og:description\" content=\"Compra Webcardlxmini Tarjeta De Red Tripp Lite Para Administracion De Red Tripp Lite Para Sistemas Ups Selectos De Tripp Lite Garantia Limitada Por 2 A\u00f1os + Env\u00edo a domicilio + Pago seguro + Garant\u00eda\" \/>\n<meta property=\"og:url\" content=\"https:\/\/compuviper.mx\/tienda\/producto\/tripp-lite-webcardlxmini-tarjeta-de-red-tripp-lite-para-administracion-de-red-tripp-lite-para-sistemas-ups-selectos-de-tripp-lite-garantia-limitada-por-2-aos\/\" \/>\n<meta property=\"og:site_name\" content=\"Compuviper\" \/>\n<meta property=\"article:publisher\" content=\"https:\/\/www.facebook.com\/compuviper\" \/>\n<meta property=\"og:image\" content=\"https:\/\/compuviper.mx\/tienda\/wp-content\/uploads\/2023\/12\/Tarjeta-de-red-tripp-lite-webcardlxmini-para-administracion-de-red-tripp-lite-webcardlxmini-para-sistemas-ups-selectos-de-tripp-lite-garantia-limitada-por-2-anos.jpg\" \/>\n\t<meta property=\"og:image:width\" content=\"200\" \/>\n\t<meta property=\"og:image:height\" content=\"200\" \/>\n\t<meta property=\"og:image:type\" content=\"image\/jpeg\" \/>\n<meta name=\"twitter:card\" content=\"summary_large_image\" \/>\n<meta name=\"twitter:label1\" content=\"Precio\" \/>\n\t<meta name=\"twitter:data1\" content=\"&#36;4,943 con IVA\" \/>\n\t<meta name=\"twitter:label2\" content=\"Availability\" \/>\n\t<meta name=\"twitter:data2\" content=\"In stock\" \/>\n<script type=\"application\/ld+json\" class=\"yoast-schema-graph\">{\"@context\":\"https:\/\/schema.org\",\"@graph\":[{\"@type\":\"WebPage\",\"@id\":\"https:\/\/compuviper.mx\/tienda\/producto\/tripp-lite-webcardlxmini-tarjeta-de-red-tripp-lite-para-administracion-de-red-tripp-lite-para-sistemas-ups-selectos-de-tripp-lite-garantia-limitada-por-2-aos\/\",\"url\":\"https:\/\/compuviper.mx\/tienda\/producto\/tripp-lite-webcardlxmini-tarjeta-de-red-tripp-lite-para-administracion-de-red-tripp-lite-para-sistemas-ups-selectos-de-tripp-lite-garantia-limitada-por-2-aos\/\",\"name\":\"[ Tripp-lite ] &#129351; Webcardlxmini Tarjeta De Red Tripp Lite Para Administracion De Red Tripp Lite Para Sistemas Ups Selectos De Tripp Lite Garantia Limitada Por 2 A\u00f1os\",\"isPartOf\":{\"@id\":\"https:\/\/compuviper.mx\/tienda\/#website\"},\"datePublished\":\"2026-04-18T07:10:19+00:00\",\"dateModified\":\"2026-04-18T07:10:19+00:00\",\"description\":\"Compra Webcardlxmini Tarjeta De Red Tripp Lite Para Administracion De Red Tripp Lite Para Sistemas Ups Selectos De Tripp Lite Garantia Limitada Por 2 A\u00f1os + Env\u00edo a domicilio + Pago seguro + Garant\u00eda\",\"breadcrumb\":{\"@id\":\"https:\/\/compuviper.mx\/tienda\/producto\/tripp-lite-webcardlxmini-tarjeta-de-red-tripp-lite-para-administracion-de-red-tripp-lite-para-sistemas-ups-selectos-de-tripp-lite-garantia-limitada-por-2-aos\/#breadcrumb\"},\"inLanguage\":\"es-MX\",\"potentialAction\":[{\"@type\":\"ReadAction\",\"target\":[\"https:\/\/compuviper.mx\/tienda\/producto\/tripp-lite-webcardlxmini-tarjeta-de-red-tripp-lite-para-administracion-de-red-tripp-lite-para-sistemas-ups-selectos-de-tripp-lite-garantia-limitada-por-2-aos\/\"]}]},{\"@type\":\"BreadcrumbList\",\"@id\":\"https:\/\/compuviper.mx\/tienda\/producto\/tripp-lite-webcardlxmini-tarjeta-de-red-tripp-lite-para-administracion-de-red-tripp-lite-para-sistemas-ups-selectos-de-tripp-lite-garantia-limitada-por-2-aos\/#breadcrumb\",\"itemListElement\":[{\"@type\":\"ListItem\",\"position\":1,\"name\":\"Inicio\",\"item\":\"https:\/\/compuviper.mx\/tienda\/\"},{\"@type\":\"ListItem\",\"position\":2,\"name\":\"Productos\",\"item\":\"https:\/\/compuviper.mx\/tienda\/productos\/\"},{\"@type\":\"ListItem\",\"position\":3,\"name\":\"Redes\",\"item\":\"https:\/\/compuviper.mx\/tienda\/categoria-producto\/redes\/\"},{\"@type\":\"ListItem\",\"position\":4,\"name\":\"Tarjetas De Red\",\"item\":\"https:\/\/compuviper.mx\/tienda\/categoria-producto\/redes\/tarjetas-de-red\/\"},{\"@type\":\"ListItem\",\"position\":5,\"name\":\"Tripp-lite Webcardlxmini Tarjeta De Red Tripp Lite Para Administracion De Red Tripp Lite Para Sistemas Ups Selectos De Tripp Lite Garantia Limitada Por 2 A?os\"}]},{\"@type\":\"WebSite\",\"@id\":\"https:\/\/compuviper.mx\/tienda\/#website\",\"url\":\"https:\/\/compuviper.mx\/tienda\/\",\"name\":\"Compuviper\",\"description\":\"Proveedor de Computadoras, Laptops, Servidores, Monitores, Puntos de Venta, Teclados,   Impresoras, T\u00f3ner, C\u00e1maras de Seguridad y m\u00e1s en tu tienda en l\u00ednea\",\"publisher\":{\"@id\":\"https:\/\/compuviper.mx\/tienda\/#organization\"},\"potentialAction\":[{\"@type\":\"SearchAction\",\"target\":{\"@type\":\"EntryPoint\",\"urlTemplate\":\"https:\/\/compuviper.mx\/tienda\/?s={search_term_string}\"},\"query-input\":\"required name=search_term_string\"}],\"inLanguage\":\"es-MX\"},{\"@type\":\"Organization\",\"@id\":\"https:\/\/compuviper.mx\/tienda\/#organization\",\"name\":\"Compuviper\",\"url\":\"https:\/\/compuviper.mx\/tienda\/\",\"logo\":{\"@type\":\"ImageObject\",\"inLanguage\":\"es-MX\",\"@id\":\"https:\/\/compuviper.mx\/tienda\/#\/schema\/logo\/image\/\",\"url\":\"https:\/\/compuviper.mx\/tienda\/wp-content\/uploads\/2021\/08\/Logo-Compuviper-10.png\",\"contentUrl\":\"https:\/\/compuviper.mx\/tienda\/wp-content\/uploads\/2021\/08\/Logo-Compuviper-10.png\",\"width\":1000,\"height\":500,\"caption\":\"Compuviper\"},\"image\":{\"@id\":\"https:\/\/compuviper.mx\/tienda\/#\/schema\/logo\/image\/\"},\"sameAs\":[\"https:\/\/www.facebook.com\/compuviper\",\"https:\/\/www.youtube.com\/channel\/UCf73dERp9Y3cfOq7q8BhLjA?view_as=subscriber\"]}]}<\/script>\n<meta property=\"product:brand\" content=\"TRIPP-LITE\" \/>\n<meta property=\"product:price:amount\" content=\"4943\" \/>\n<meta property=\"product:price:currency\" content=\"MXN\" \/>\n<meta property=\"og:availability\" content=\"instock\" \/>\n<meta property=\"product:availability\" content=\"instock\" \/>\n<meta property=\"product:retailer_item_id\" content=\"WEBCARDLXMINI\" \/>\n<meta property=\"product:condition\" content=\"new\" \/>\n<!-- \/ Yoast SEO plugin. -->","yoast_head_json":{"title":"[ Tripp-lite ] &#129351; Webcardlxmini Tarjeta De Red Tripp Lite Para Administracion De Red Tripp Lite Para Sistemas Ups Selectos De Tripp Lite Garantia Limitada Por 2 A\u00f1os","description":"Compra Webcardlxmini Tarjeta De Red Tripp Lite Para Administracion De Red Tripp Lite Para Sistemas Ups Selectos De Tripp Lite Garantia Limitada Por 2 A\u00f1os + Env\u00edo a domicilio + Pago seguro + Garant\u00eda","robots":{"index":"index","follow":"follow","max-snippet":"max-snippet:-1","max-image-preview":"max-image-preview:large","max-video-preview":"max-video-preview:-1"},"canonical":"https:\/\/compuviper.mx\/tienda\/producto\/tripp-lite-webcardlxmini-tarjeta-de-red-tripp-lite-para-administracion-de-red-tripp-lite-para-sistemas-ups-selectos-de-tripp-lite-garantia-limitada-por-2-aos\/","og_locale":"es_MX","og_type":"article","og_title":"[ Tripp-lite ] &#129351; Webcardlxmini Tarjeta De Red Tripp Lite Para Administracion De Red Tripp Lite Para Sistemas Ups Selectos De Tripp Lite Garantia Limitada Por 2 A\u00f1os","og_description":"Compra Webcardlxmini Tarjeta De Red Tripp Lite Para Administracion De Red Tripp Lite Para Sistemas Ups Selectos De Tripp Lite Garantia Limitada Por 2 A\u00f1os + Env\u00edo a domicilio + Pago seguro + Garant\u00eda","og_url":"https:\/\/compuviper.mx\/tienda\/producto\/tripp-lite-webcardlxmini-tarjeta-de-red-tripp-lite-para-administracion-de-red-tripp-lite-para-sistemas-ups-selectos-de-tripp-lite-garantia-limitada-por-2-aos\/","og_site_name":"Compuviper","article_publisher":"https:\/\/www.facebook.com\/compuviper","og_image":[{"width":200,"height":200,"url":"https:\/\/compuviper.mx\/tienda\/wp-content\/uploads\/2023\/12\/Tarjeta-de-red-tripp-lite-webcardlxmini-para-administracion-de-red-tripp-lite-webcardlxmini-para-sistemas-ups-selectos-de-tripp-lite-garantia-limitada-por-2-anos.jpg","type":"image\/jpeg"}],"twitter_card":"summary_large_image","twitter_misc":{"Precio":"&#36;4,943 con IVA","Availability":"In stock"},"schema":{"@context":"https:\/\/schema.org","@graph":[{"@type":"WebPage","@id":"https:\/\/compuviper.mx\/tienda\/producto\/tripp-lite-webcardlxmini-tarjeta-de-red-tripp-lite-para-administracion-de-red-tripp-lite-para-sistemas-ups-selectos-de-tripp-lite-garantia-limitada-por-2-aos\/","url":"https:\/\/compuviper.mx\/tienda\/producto\/tripp-lite-webcardlxmini-tarjeta-de-red-tripp-lite-para-administracion-de-red-tripp-lite-para-sistemas-ups-selectos-de-tripp-lite-garantia-limitada-por-2-aos\/","name":"[ Tripp-lite ] &#129351; Webcardlxmini Tarjeta De Red Tripp Lite Para Administracion De Red Tripp Lite Para Sistemas Ups Selectos De Tripp Lite Garantia Limitada Por 2 A\u00f1os","isPartOf":{"@id":"https:\/\/compuviper.mx\/tienda\/#website"},"datePublished":"2026-04-18T07:10:19+00:00","dateModified":"2026-04-18T07:10:19+00:00","description":"Compra Webcardlxmini Tarjeta De Red Tripp Lite Para Administracion De Red Tripp Lite Para Sistemas Ups Selectos De Tripp Lite Garantia Limitada Por 2 A\u00f1os + Env\u00edo a domicilio + Pago seguro + Garant\u00eda","breadcrumb":{"@id":"https:\/\/compuviper.mx\/tienda\/producto\/tripp-lite-webcardlxmini-tarjeta-de-red-tripp-lite-para-administracion-de-red-tripp-lite-para-sistemas-ups-selectos-de-tripp-lite-garantia-limitada-por-2-aos\/#breadcrumb"},"inLanguage":"es-MX","potentialAction":[{"@type":"ReadAction","target":["https:\/\/compuviper.mx\/tienda\/producto\/tripp-lite-webcardlxmini-tarjeta-de-red-tripp-lite-para-administracion-de-red-tripp-lite-para-sistemas-ups-selectos-de-tripp-lite-garantia-limitada-por-2-aos\/"]}]},{"@type":"BreadcrumbList","@id":"https:\/\/compuviper.mx\/tienda\/producto\/tripp-lite-webcardlxmini-tarjeta-de-red-tripp-lite-para-administracion-de-red-tripp-lite-para-sistemas-ups-selectos-de-tripp-lite-garantia-limitada-por-2-aos\/#breadcrumb","itemListElement":[{"@type":"ListItem","position":1,"name":"Inicio","item":"https:\/\/compuviper.mx\/tienda\/"},{"@type":"ListItem","position":2,"name":"Productos","item":"https:\/\/compuviper.mx\/tienda\/productos\/"},{"@type":"ListItem","position":3,"name":"Redes","item":"https:\/\/compuviper.mx\/tienda\/categoria-producto\/redes\/"},{"@type":"ListItem","position":4,"name":"Tarjetas De Red","item":"https:\/\/compuviper.mx\/tienda\/categoria-producto\/redes\/tarjetas-de-red\/"},{"@type":"ListItem","position":5,"name":"Tripp-lite Webcardlxmini Tarjeta De Red Tripp Lite Para Administracion De Red Tripp Lite Para Sistemas Ups Selectos De Tripp Lite Garantia Limitada Por 2 A?os"}]},{"@type":"WebSite","@id":"https:\/\/compuviper.mx\/tienda\/#website","url":"https:\/\/compuviper.mx\/tienda\/","name":"Compuviper","description":"Proveedor de Computadoras, Laptops, Servidores, Monitores, Puntos de Venta, Teclados,   Impresoras, T\u00f3ner, C\u00e1maras de Seguridad y m\u00e1s en tu tienda en l\u00ednea","publisher":{"@id":"https:\/\/compuviper.mx\/tienda\/#organization"},"potentialAction":[{"@type":"SearchAction","target":{"@type":"EntryPoint","urlTemplate":"https:\/\/compuviper.mx\/tienda\/?s={search_term_string}"},"query-input":"required name=search_term_string"}],"inLanguage":"es-MX"},{"@type":"Organization","@id":"https:\/\/compuviper.mx\/tienda\/#organization","name":"Compuviper","url":"https:\/\/compuviper.mx\/tienda\/","logo":{"@type":"ImageObject","inLanguage":"es-MX","@id":"https:\/\/compuviper.mx\/tienda\/#\/schema\/logo\/image\/","url":"https:\/\/compuviper.mx\/tienda\/wp-content\/uploads\/2021\/08\/Logo-Compuviper-10.png","contentUrl":"https:\/\/compuviper.mx\/tienda\/wp-content\/uploads\/2021\/08\/Logo-Compuviper-10.png","width":1000,"height":500,"caption":"Compuviper"},"image":{"@id":"https:\/\/compuviper.mx\/tienda\/#\/schema\/logo\/image\/"},"sameAs":["https:\/\/www.facebook.com\/compuviper","https:\/\/www.youtube.com\/channel\/UCf73dERp9Y3cfOq7q8BhLjA?view_as=subscriber"]}]},"product_brand":"TRIPP-LITE","product_price_amount":"4943","product_price_currency":"MXN","og_availability":"instock","product_availability":"instock","product_retailer_item_id":"WEBCARDLXMINI","product_condition":"new"},"_links":{"self":[{"href":"https:\/\/compuviper.mx\/tienda\/wp-json\/wp\/v2\/product\/221178"}],"collection":[{"href":"https:\/\/compuviper.mx\/tienda\/wp-json\/wp\/v2\/product"}],"about":[{"href":"https:\/\/compuviper.mx\/tienda\/wp-json\/wp\/v2\/types\/product"}],"replies":[{"embeddable":true,"href":"https:\/\/compuviper.mx\/tienda\/wp-json\/wp\/v2\/comments?post=221178"}],"wp:featuredmedia":[{"embeddable":true,"href":"https:\/\/compuviper.mx\/tienda\/wp-json\/wp\/v2\/media\/221179"}],"wp:attachment":[{"href":"https:\/\/compuviper.mx\/tienda\/wp-json\/wp\/v2\/media?parent=221178"}],"wp:term":[{"taxonomy":"product_cat","embeddable":true,"href":"https:\/\/compuviper.mx\/tienda\/wp-json\/wp\/v2\/product_cat?post=221178"},{"taxonomy":"product_tag","embeddable":true,"href":"https:\/\/compuviper.mx\/tienda\/wp-json\/wp\/v2\/product_tag?post=221178"}],"curies":[{"name":"wp","href":"https:\/\/api.w.org\/{rel}","templated":true}]}}