{"id":221176,"date":"2026-04-18T01:10:18","date_gmt":"2026-04-18T07:10:18","guid":{"rendered":"https:\/\/compuviper.mx\/tienda\/producto\/hewlett-packard-enterprise-jl665a-switch-hpe-aruba-6300f-48g-cl4-poe-4sfp56-740watts-con-fuente-de-poder-incluida\/"},"modified":"2026-04-18T01:10:19","modified_gmt":"2026-04-18T07:10:19","slug":"hewlett-packard-enterprise-jl665a-switch-hpe-aruba-6300f-48g-cl4-poe-4sfp56-740watts-con-fuente-de-poder-incluida","status":"publish","type":"product","link":"https:\/\/compuviper.mx\/tienda\/producto\/hewlett-packard-enterprise-jl665a-switch-hpe-aruba-6300f-48g-cl4-poe-4sfp56-740watts-con-fuente-de-poder-incluida\/","title":{"rendered":"Hewlett Packard Enterprise Jl665a Switch Hpe Aruba  6300f 48g Cl4 Poe 4sfp56 740watts Con Fuente De Poder Incluida"},"content":{"rendered":"<table class=\"descripcion\">\n<tr>\n<td>Puertos<\/td>\n<\/tr>\n<tr>\n<td>(48) puertos 10\/100\/1000 base-t poe+ que admiten hasta 30 w por puerto, (4) puertos 1\/10\/25\/50g sfp<\/td>\n<\/tr>\n<tr>\n<td>Memoria y procesador<\/td>\n<\/tr>\n<tr>\n<td>Arm cortex a72 quad-core a 1.8 ghz, 8 gb ddr4 32 gb emmc 8 mb paquete de memoria en b\u00fafer compartido<\/td>\n<\/tr>\n<tr>\n<td>Latencia<\/td>\n<\/tr>\n<tr>\n<td>1 gbps: 2.28micro s, 10 gbps: 1.46micro s, 25 gbps: 1.90micro s, 50 gbps: 3.49micro s<\/td>\n<\/tr>\n<tr>\n<td>Velocidad<\/td>\n<\/tr>\n<tr>\n<td>369 mpps<\/td>\n<\/tr>\n<tr>\n<td>Capacidad de switching<\/td>\n<\/tr>\n<tr>\n<td>496 gbps<\/td>\n<\/tr>\n<tr>\n<td>Funci\u00f3n poe<\/td>\n<\/tr>\n<tr>\n<td>Hasta 740 w<\/td>\n<\/tr>\n<tr>\n<td>Capacidad de apilado<\/td>\n<\/tr>\n<tr>\n<td>Hasta 10 conmutadores por pila<\/td>\n<\/tr>\n<tr>\n<td>Funciones de gesti\u00f3n<\/td>\n<\/tr>\n<tr>\n<td>Aruba airwave gesti\u00f3n de red aruba central aruba netedit interfaz de l\u00ednea de comandos snmp v2c\/v3 rmon<\/td>\n<\/tr>\n<tr>\n<td>Voltaje de entrada<\/td>\n<\/tr>\n<tr>\n<td>100-120\/200-240 vac<\/td>\n<\/tr>\n<tr>\n<td>Consumo de energ\u00eda<\/td>\n<\/tr>\n<tr>\n<td>86 w (m\u00e1ximo)<\/td>\n<\/tr>\n<tr>\n<td>Dimensiones m\u00ednimas (alto x ancho x fondo)<\/td>\n<\/tr>\n<tr>\n<td>4,4 x 44,2 x 32,7 cm<\/td>\n<\/tr>\n<tr>\n<td>1.73 x 17.4 x 12.9 in<\/td>\n<\/tr>\n<tr>\n<td>Peso<\/td>\n<\/tr>\n<tr>\n<td>5,10 kg<\/td>\n<\/tr>\n<tr>\n<td>11.24 lbs<\/td>\n<\/tr>\n<\/table>\n","protected":false},"excerpt":{"rendered":"<p>La serie de conmutadores aruba cx 6300 forma parte de la moderna, flexible e inteligente familia de los conmutadores apilables aos-cx que son ideales para el acceso, la agregaci\u00f3n y las implementaciones tor en los centros de datos. Con un dise\u00f1o basado en la nube que combina un so totalmente programable con aruba network analytics engine, el aruba cx 6300 ampl\u00eda las capacidades de supervisi\u00f3n l\u00edder del sector y la soluci\u00f3n de problemas al nivel de acceso. La compatibilidad con aruba netedit y con la aplicaci\u00f3n m\u00f3vil aruba cx verifica que las configuraciones son impecables y f\u00e1ciles de implementar. La potente arquitectura aruba gen7 asic ofrece un rendimiento r\u00e1pido y sin bloqueos, lo que significa que tu red estar\u00e1 preparada para las impredecibles demandas del ma\u00f1ana. Aruba virtual stacking framework (vsf) permite el apilado de hasta 10 conmutadores, lo que proporciona escalabilidad y gesti\u00f3n simplificadas. Esta flexible serie cuenta con enlaces ascendentes de alta velocidad integrados y admite poe ieee 802.3bt de alta densidad y de gran potencia con ethernet hpe smart rate multigigabit para los pa de alta velocidad y los dispositivos iot.<\/p>\n","protected":false},"featured_media":221177,"comment_status":"open","ping_status":"open","template":"","meta":[],"product_cat":[1563,1564],"product_tag":[1568],"acf":[],"yoast_head":"<!-- This site is optimized with the Yoast SEO plugin v21.7 - https:\/\/yoast.com\/wordpress\/plugins\/seo\/ -->\n<title>[ Hewlett Packard Enterprise ] &#129351; Jl665a Switch Hpe Aruba 6300f 48g Cl4 Poe 4sfp56 740watts Con Fuente De Poder Incluida<\/title>\n<meta name=\"description\" content=\"Compra Jl665a Switch Hpe Aruba 6300f 48g Cl4 Poe 4sfp56 740watts Con Fuente De Poder Incluida + Env\u00edo a domicilio + Pago seguro + Garant\u00eda\" \/>\n<meta name=\"robots\" content=\"index, follow, max-snippet:-1, max-image-preview:large, max-video-preview:-1\" \/>\n<link rel=\"canonical\" href=\"https:\/\/compuviper.mx\/tienda\/producto\/hewlett-packard-enterprise-jl665a-switch-hpe-aruba-6300f-48g-cl4-poe-4sfp56-740watts-con-fuente-de-poder-incluida\/\" \/>\n<meta property=\"og:locale\" content=\"es_MX\" \/>\n<meta property=\"og:type\" content=\"article\" \/>\n<meta property=\"og:title\" content=\"[ Hewlett Packard Enterprise ] &#129351; Jl665a Switch Hpe Aruba 6300f 48g Cl4 Poe 4sfp56 740watts Con Fuente De Poder Incluida\" \/>\n<meta property=\"og:description\" content=\"Compra Jl665a Switch Hpe Aruba 6300f 48g Cl4 Poe 4sfp56 740watts Con Fuente De Poder Incluida + Env\u00edo a domicilio + Pago seguro + Garant\u00eda\" \/>\n<meta property=\"og:url\" content=\"https:\/\/compuviper.mx\/tienda\/producto\/hewlett-packard-enterprise-jl665a-switch-hpe-aruba-6300f-48g-cl4-poe-4sfp56-740watts-con-fuente-de-poder-incluida\/\" \/>\n<meta property=\"og:site_name\" content=\"Compuviper\" \/>\n<meta property=\"article:publisher\" content=\"https:\/\/www.facebook.com\/compuviper\" \/>\n<meta property=\"article:modified_time\" content=\"2026-04-18T07:10:19+00:00\" \/>\n<meta property=\"og:image\" content=\"https:\/\/compuviper.mx\/tienda\/wp-content\/uploads\/2023\/12\/Switch-hpe-aruba-jl665a-6300f-48g-cl4-poe-4sfp56-740watts-con-fuente-de-poder-incluida.jpg\" \/>\n\t<meta property=\"og:image:width\" content=\"200\" \/>\n\t<meta property=\"og:image:height\" content=\"200\" \/>\n\t<meta property=\"og:image:type\" content=\"image\/jpeg\" \/>\n<meta name=\"twitter:card\" content=\"summary_large_image\" \/>\n<meta name=\"twitter:label1\" content=\"Precio\" \/>\n\t<meta name=\"twitter:data1\" content=\"&#36;208,564 con IVA\" \/>\n\t<meta name=\"twitter:label2\" content=\"Availability\" \/>\n\t<meta name=\"twitter:data2\" content=\"Out of stock\" \/>\n<script type=\"application\/ld+json\" class=\"yoast-schema-graph\">{\"@context\":\"https:\/\/schema.org\",\"@graph\":[{\"@type\":\"WebPage\",\"@id\":\"https:\/\/compuviper.mx\/tienda\/producto\/hewlett-packard-enterprise-jl665a-switch-hpe-aruba-6300f-48g-cl4-poe-4sfp56-740watts-con-fuente-de-poder-incluida\/\",\"url\":\"https:\/\/compuviper.mx\/tienda\/producto\/hewlett-packard-enterprise-jl665a-switch-hpe-aruba-6300f-48g-cl4-poe-4sfp56-740watts-con-fuente-de-poder-incluida\/\",\"name\":\"[ Hewlett Packard Enterprise ] &#129351; Jl665a Switch Hpe Aruba 6300f 48g Cl4 Poe 4sfp56 740watts Con Fuente De Poder Incluida\",\"isPartOf\":{\"@id\":\"https:\/\/compuviper.mx\/tienda\/#website\"},\"datePublished\":\"2026-04-18T07:10:18+00:00\",\"dateModified\":\"2026-04-18T07:10:19+00:00\",\"description\":\"Compra Jl665a Switch Hpe Aruba 6300f 48g Cl4 Poe 4sfp56 740watts Con Fuente De Poder Incluida + Env\u00edo a domicilio + Pago seguro + Garant\u00eda\",\"breadcrumb\":{\"@id\":\"https:\/\/compuviper.mx\/tienda\/producto\/hewlett-packard-enterprise-jl665a-switch-hpe-aruba-6300f-48g-cl4-poe-4sfp56-740watts-con-fuente-de-poder-incluida\/#breadcrumb\"},\"inLanguage\":\"es-MX\",\"potentialAction\":[{\"@type\":\"ReadAction\",\"target\":[\"https:\/\/compuviper.mx\/tienda\/producto\/hewlett-packard-enterprise-jl665a-switch-hpe-aruba-6300f-48g-cl4-poe-4sfp56-740watts-con-fuente-de-poder-incluida\/\"]}]},{\"@type\":\"BreadcrumbList\",\"@id\":\"https:\/\/compuviper.mx\/tienda\/producto\/hewlett-packard-enterprise-jl665a-switch-hpe-aruba-6300f-48g-cl4-poe-4sfp56-740watts-con-fuente-de-poder-incluida\/#breadcrumb\",\"itemListElement\":[{\"@type\":\"ListItem\",\"position\":1,\"name\":\"Inicio\",\"item\":\"https:\/\/compuviper.mx\/tienda\/\"},{\"@type\":\"ListItem\",\"position\":2,\"name\":\"Productos\",\"item\":\"https:\/\/compuviper.mx\/tienda\/productos\/\"},{\"@type\":\"ListItem\",\"position\":3,\"name\":\"Redes\",\"item\":\"https:\/\/compuviper.mx\/tienda\/categoria-producto\/redes\/\"},{\"@type\":\"ListItem\",\"position\":4,\"name\":\"Switch\",\"item\":\"https:\/\/compuviper.mx\/tienda\/categoria-producto\/redes\/switch\/\"},{\"@type\":\"ListItem\",\"position\":5,\"name\":\"Hewlett Packard Enterprise Jl665a Switch Hpe Aruba 6300f 48g Cl4 Poe 4sfp56 740watts Con Fuente De Poder Incluida\"}]},{\"@type\":\"WebSite\",\"@id\":\"https:\/\/compuviper.mx\/tienda\/#website\",\"url\":\"https:\/\/compuviper.mx\/tienda\/\",\"name\":\"Compuviper\",\"description\":\"Proveedor de Computadoras, Laptops, Servidores, Monitores, Puntos de Venta, Teclados,   Impresoras, T\u00f3ner, C\u00e1maras de Seguridad y m\u00e1s en tu tienda en l\u00ednea\",\"publisher\":{\"@id\":\"https:\/\/compuviper.mx\/tienda\/#organization\"},\"potentialAction\":[{\"@type\":\"SearchAction\",\"target\":{\"@type\":\"EntryPoint\",\"urlTemplate\":\"https:\/\/compuviper.mx\/tienda\/?s={search_term_string}\"},\"query-input\":\"required name=search_term_string\"}],\"inLanguage\":\"es-MX\"},{\"@type\":\"Organization\",\"@id\":\"https:\/\/compuviper.mx\/tienda\/#organization\",\"name\":\"Compuviper\",\"url\":\"https:\/\/compuviper.mx\/tienda\/\",\"logo\":{\"@type\":\"ImageObject\",\"inLanguage\":\"es-MX\",\"@id\":\"https:\/\/compuviper.mx\/tienda\/#\/schema\/logo\/image\/\",\"url\":\"https:\/\/compuviper.mx\/tienda\/wp-content\/uploads\/2021\/08\/Logo-Compuviper-10.png\",\"contentUrl\":\"https:\/\/compuviper.mx\/tienda\/wp-content\/uploads\/2021\/08\/Logo-Compuviper-10.png\",\"width\":1000,\"height\":500,\"caption\":\"Compuviper\"},\"image\":{\"@id\":\"https:\/\/compuviper.mx\/tienda\/#\/schema\/logo\/image\/\"},\"sameAs\":[\"https:\/\/www.facebook.com\/compuviper\",\"https:\/\/www.youtube.com\/channel\/UCf73dERp9Y3cfOq7q8BhLjA?view_as=subscriber\"]}]}<\/script>\n<meta property=\"product:brand\" content=\"HEWLETT PACKARD ENTERPRISE\" \/>\n<meta property=\"product:price:amount\" content=\"208564\" \/>\n<meta property=\"product:price:currency\" content=\"MXN\" \/>\n<meta property=\"og:availability\" content=\"out of stock\" \/>\n<meta property=\"product:availability\" content=\"out of stock\" \/>\n<meta property=\"product:retailer_item_id\" content=\"JL665A\" \/>\n<meta property=\"product:condition\" content=\"new\" \/>\n<!-- \/ Yoast SEO plugin. -->","yoast_head_json":{"title":"[ Hewlett Packard Enterprise ] &#129351; Jl665a Switch Hpe Aruba 6300f 48g Cl4 Poe 4sfp56 740watts Con Fuente De Poder Incluida","description":"Compra Jl665a Switch Hpe Aruba 6300f 48g Cl4 Poe 4sfp56 740watts Con Fuente De Poder Incluida + Env\u00edo a domicilio + Pago seguro + Garant\u00eda","robots":{"index":"index","follow":"follow","max-snippet":"max-snippet:-1","max-image-preview":"max-image-preview:large","max-video-preview":"max-video-preview:-1"},"canonical":"https:\/\/compuviper.mx\/tienda\/producto\/hewlett-packard-enterprise-jl665a-switch-hpe-aruba-6300f-48g-cl4-poe-4sfp56-740watts-con-fuente-de-poder-incluida\/","og_locale":"es_MX","og_type":"article","og_title":"[ Hewlett Packard Enterprise ] &#129351; Jl665a Switch Hpe Aruba 6300f 48g Cl4 Poe 4sfp56 740watts Con Fuente De Poder Incluida","og_description":"Compra Jl665a Switch Hpe Aruba 6300f 48g Cl4 Poe 4sfp56 740watts Con Fuente De Poder Incluida + Env\u00edo a domicilio + Pago seguro + Garant\u00eda","og_url":"https:\/\/compuviper.mx\/tienda\/producto\/hewlett-packard-enterprise-jl665a-switch-hpe-aruba-6300f-48g-cl4-poe-4sfp56-740watts-con-fuente-de-poder-incluida\/","og_site_name":"Compuviper","article_publisher":"https:\/\/www.facebook.com\/compuviper","article_modified_time":"2026-04-18T07:10:19+00:00","og_image":[{"width":200,"height":200,"url":"https:\/\/compuviper.mx\/tienda\/wp-content\/uploads\/2023\/12\/Switch-hpe-aruba-jl665a-6300f-48g-cl4-poe-4sfp56-740watts-con-fuente-de-poder-incluida.jpg","type":"image\/jpeg"}],"twitter_card":"summary_large_image","twitter_misc":{"Precio":"&#36;208,564 con IVA","Availability":"Out of stock"},"schema":{"@context":"https:\/\/schema.org","@graph":[{"@type":"WebPage","@id":"https:\/\/compuviper.mx\/tienda\/producto\/hewlett-packard-enterprise-jl665a-switch-hpe-aruba-6300f-48g-cl4-poe-4sfp56-740watts-con-fuente-de-poder-incluida\/","url":"https:\/\/compuviper.mx\/tienda\/producto\/hewlett-packard-enterprise-jl665a-switch-hpe-aruba-6300f-48g-cl4-poe-4sfp56-740watts-con-fuente-de-poder-incluida\/","name":"[ Hewlett Packard Enterprise ] &#129351; Jl665a Switch Hpe Aruba 6300f 48g Cl4 Poe 4sfp56 740watts Con Fuente De Poder Incluida","isPartOf":{"@id":"https:\/\/compuviper.mx\/tienda\/#website"},"datePublished":"2026-04-18T07:10:18+00:00","dateModified":"2026-04-18T07:10:19+00:00","description":"Compra Jl665a Switch Hpe Aruba 6300f 48g Cl4 Poe 4sfp56 740watts Con Fuente De Poder Incluida + Env\u00edo a domicilio + Pago seguro + Garant\u00eda","breadcrumb":{"@id":"https:\/\/compuviper.mx\/tienda\/producto\/hewlett-packard-enterprise-jl665a-switch-hpe-aruba-6300f-48g-cl4-poe-4sfp56-740watts-con-fuente-de-poder-incluida\/#breadcrumb"},"inLanguage":"es-MX","potentialAction":[{"@type":"ReadAction","target":["https:\/\/compuviper.mx\/tienda\/producto\/hewlett-packard-enterprise-jl665a-switch-hpe-aruba-6300f-48g-cl4-poe-4sfp56-740watts-con-fuente-de-poder-incluida\/"]}]},{"@type":"BreadcrumbList","@id":"https:\/\/compuviper.mx\/tienda\/producto\/hewlett-packard-enterprise-jl665a-switch-hpe-aruba-6300f-48g-cl4-poe-4sfp56-740watts-con-fuente-de-poder-incluida\/#breadcrumb","itemListElement":[{"@type":"ListItem","position":1,"name":"Inicio","item":"https:\/\/compuviper.mx\/tienda\/"},{"@type":"ListItem","position":2,"name":"Productos","item":"https:\/\/compuviper.mx\/tienda\/productos\/"},{"@type":"ListItem","position":3,"name":"Redes","item":"https:\/\/compuviper.mx\/tienda\/categoria-producto\/redes\/"},{"@type":"ListItem","position":4,"name":"Switch","item":"https:\/\/compuviper.mx\/tienda\/categoria-producto\/redes\/switch\/"},{"@type":"ListItem","position":5,"name":"Hewlett Packard Enterprise Jl665a Switch Hpe Aruba 6300f 48g Cl4 Poe 4sfp56 740watts Con Fuente De Poder Incluida"}]},{"@type":"WebSite","@id":"https:\/\/compuviper.mx\/tienda\/#website","url":"https:\/\/compuviper.mx\/tienda\/","name":"Compuviper","description":"Proveedor de Computadoras, Laptops, Servidores, Monitores, Puntos de Venta, Teclados,   Impresoras, T\u00f3ner, C\u00e1maras de Seguridad y m\u00e1s en tu tienda en l\u00ednea","publisher":{"@id":"https:\/\/compuviper.mx\/tienda\/#organization"},"potentialAction":[{"@type":"SearchAction","target":{"@type":"EntryPoint","urlTemplate":"https:\/\/compuviper.mx\/tienda\/?s={search_term_string}"},"query-input":"required name=search_term_string"}],"inLanguage":"es-MX"},{"@type":"Organization","@id":"https:\/\/compuviper.mx\/tienda\/#organization","name":"Compuviper","url":"https:\/\/compuviper.mx\/tienda\/","logo":{"@type":"ImageObject","inLanguage":"es-MX","@id":"https:\/\/compuviper.mx\/tienda\/#\/schema\/logo\/image\/","url":"https:\/\/compuviper.mx\/tienda\/wp-content\/uploads\/2021\/08\/Logo-Compuviper-10.png","contentUrl":"https:\/\/compuviper.mx\/tienda\/wp-content\/uploads\/2021\/08\/Logo-Compuviper-10.png","width":1000,"height":500,"caption":"Compuviper"},"image":{"@id":"https:\/\/compuviper.mx\/tienda\/#\/schema\/logo\/image\/"},"sameAs":["https:\/\/www.facebook.com\/compuviper","https:\/\/www.youtube.com\/channel\/UCf73dERp9Y3cfOq7q8BhLjA?view_as=subscriber"]}]},"product_brand":"HEWLETT PACKARD ENTERPRISE","product_price_amount":"208564","product_price_currency":"MXN","og_availability":"out of stock","product_availability":"out of stock","product_retailer_item_id":"JL665A","product_condition":"new"},"_links":{"self":[{"href":"https:\/\/compuviper.mx\/tienda\/wp-json\/wp\/v2\/product\/221176"}],"collection":[{"href":"https:\/\/compuviper.mx\/tienda\/wp-json\/wp\/v2\/product"}],"about":[{"href":"https:\/\/compuviper.mx\/tienda\/wp-json\/wp\/v2\/types\/product"}],"replies":[{"embeddable":true,"href":"https:\/\/compuviper.mx\/tienda\/wp-json\/wp\/v2\/comments?post=221176"}],"wp:featuredmedia":[{"embeddable":true,"href":"https:\/\/compuviper.mx\/tienda\/wp-json\/wp\/v2\/media\/221177"}],"wp:attachment":[{"href":"https:\/\/compuviper.mx\/tienda\/wp-json\/wp\/v2\/media?parent=221176"}],"wp:term":[{"taxonomy":"product_cat","embeddable":true,"href":"https:\/\/compuviper.mx\/tienda\/wp-json\/wp\/v2\/product_cat?post=221176"},{"taxonomy":"product_tag","embeddable":true,"href":"https:\/\/compuviper.mx\/tienda\/wp-json\/wp\/v2\/product_tag?post=221176"}],"curies":[{"name":"wp","href":"https:\/\/api.w.org\/{rel}","templated":true}]}}