{"id":221158,"date":"2026-04-18T01:10:14","date_gmt":"2026-04-18T07:10:14","guid":{"rendered":"https:\/\/compuviper.mx\/tienda\/producto\/hewlett-packard-enterprise-jg940a-switch-hpe-aruba-5130-24g-poe-2sfp-2xgt-ei\/"},"modified":"2026-04-18T01:10:14","modified_gmt":"2026-04-18T07:10:14","slug":"hewlett-packard-enterprise-jg940a-switch-hpe-aruba-5130-24g-poe-2sfp-2xgt-ei","status":"publish","type":"product","link":"https:\/\/compuviper.mx\/tienda\/producto\/hewlett-packard-enterprise-jg940a-switch-hpe-aruba-5130-24g-poe-2sfp-2xgt-ei\/","title":{"rendered":"Hewlett Packard Enterprise Jg940a Switch Hpe Aruba  5130 24g Poe 2sfp 2xgt Ei"},"content":{"rendered":"<table class=\"descripcion\">\n<tr>\n<td>Puertos<\/td>\n<\/tr>\n<tr>\n<td>(24) puertos rj-45 10\/100\/1000 con detecci\u00f3n autom\u00e1tica<\/td>\n<\/tr>\n<tr>\n<td>(2) puertos sfp+ 1000\/10000 fijos<\/td>\n<\/tr>\n<tr>\n<td>(2) puertos rj-45 1\/10gbase-t<\/td>\n<\/tr>\n<tr>\n<td>Memoria y procesador<\/td>\n<\/tr>\n<tr>\n<td>1 gb de sdram<\/td>\n<\/tr>\n<tr>\n<td>Tama\u00f1o de b\u00fafer para paquetes: 1,5 mb<\/td>\n<\/tr>\n<tr>\n<td>512 mb de flash<\/td>\n<\/tr>\n<tr>\n<td>Latencia<\/td>\n<\/tr>\n<tr>\n<td>Latencia de 1000 mb:   5 \u00b5s<\/td>\n<\/tr>\n<tr>\n<td>Latencia de 10 gbps:   1,5 \u00b5s<\/td>\n<\/tr>\n<tr>\n<td>Velocidad<\/td>\n<\/tr>\n<tr>\n<td>Hasta 96 mpps<\/td>\n<\/tr>\n<tr>\n<td>Capacidad de encaminamiento\/conmutaci\u00f3n<\/td>\n<\/tr>\n<tr>\n<td>128 gbps<\/td>\n<\/tr>\n<tr>\n<td>Funci\u00f3n poe<\/td>\n<\/tr>\n<tr>\n<td>Poe+ de 370 w<\/td>\n<\/tr>\n<tr>\n<td>Capacidad de apilado<\/td>\n<\/tr>\n<tr>\n<td>Irf<\/td>\n<\/tr>\n<tr>\n<td>9 conmutadores<\/td>\n<\/tr>\n<tr>\n<td>Funciones de gesti\u00f3n<\/td>\n<\/tr>\n<tr>\n<td>Imc &#8211; intelligent management center<\/td>\n<\/tr>\n<tr>\n<td>Interfaz de l\u00ednea de comandos<\/td>\n<\/tr>\n<tr>\n<td>Navegador de web<\/td>\n<\/tr>\n<tr>\n<td>Administrador de snmp<\/td>\n<\/tr>\n<tr>\n<td>Voltaje de entrada<\/td>\n<\/tr>\n<tr>\n<td>De 100 a 240 vca, nominal<\/td>\n<\/tr>\n<tr>\n<td>-54 a -57 vcc, clasificado (seg\u00fan la fuente de alimentaci\u00f3n elegida)<\/td>\n<\/tr>\n<tr>\n<td>Intervalo de humedad en funcionamiento<\/td>\n<\/tr>\n<tr>\n<td>Del 10 al 90% (sin condensaci\u00f3n)<\/td>\n<\/tr>\n<tr>\n<td>Consumo de energ\u00eda<\/td>\n<\/tr>\n<tr>\n<td>425w (m\u00e1ximo)<\/td>\n<\/tr>\n<tr>\n<td>Disipaci\u00f3n del calor<\/td>\n<\/tr>\n<tr>\n<td>105 \/ 1450 btu\/h (110,78 \/ 1529,75 kj\/h)<\/td>\n<\/tr>\n<tr>\n<td>Dimensiones m\u00ednimas (alto x ancho x fondo)<\/td>\n<\/tr>\n<tr>\n<td>4,36 x 44 x 36 cm<\/td>\n<\/tr>\n<tr>\n<td>43,94 x 36 x 4,37 cm (17,32 x 14,17 x 1,72)<\/td>\n<\/tr>\n<tr>\n<td>Peso<\/td>\n<\/tr>\n<tr>\n<td>6 kg<\/td>\n<\/tr>\n<tr>\n<td>13,23 lb<\/td>\n<\/tr>\n<\/table>\n","protected":false},"excerpt":{"rendered":"<p>El conmutador hpe flexnetwork 5130 ei ofrece flexibilidad, escalabilidad y un bajo coste total de propiedad (tco) en el nivel de acceso de las redes de complejos de edificios de empresas medianas y grandes. Esta serie ofrece calidad de servicio y seguridad de clase empresarial, apilamiento mediante hewlett packard enterprise intelligent resilient fabric (irf), enrutamiento est\u00e1tico de nivel 3 y rip, pr\u00e1cticos puertos uplink fijos de 10 gbe, poe+, acl, ipv6 y ahorro de energ\u00eda con energy efficient ethernet. La serie de conmutadores 5130 ei puede gestionarse con hpe intelligent management center (imc) para acceder a una sola vista de toda la red.<\/p>\n","protected":false},"featured_media":221159,"comment_status":"open","ping_status":"open","template":"","meta":[],"product_cat":[1563,1564],"product_tag":[1568],"acf":[],"yoast_head":"<!-- This site is optimized with the Yoast SEO plugin v21.7 - https:\/\/yoast.com\/wordpress\/plugins\/seo\/ -->\n<title>[ Hewlett Packard Enterprise ] &#129351; Jg940a Switch Hpe Aruba 5130 24g Poe 2sfp 2xgt Ei<\/title>\n<meta name=\"description\" content=\"Compra Jg940a Switch Hpe Aruba 5130 24g Poe 2sfp 2xgt Ei + Env\u00edo a domicilio + Pago seguro + Garant\u00eda\" \/>\n<meta name=\"robots\" content=\"index, follow, max-snippet:-1, max-image-preview:large, max-video-preview:-1\" \/>\n<link rel=\"canonical\" href=\"https:\/\/compuviper.mx\/tienda\/producto\/hewlett-packard-enterprise-jg940a-switch-hpe-aruba-5130-24g-poe-2sfp-2xgt-ei\/\" \/>\n<meta property=\"og:locale\" content=\"es_MX\" \/>\n<meta property=\"og:type\" content=\"article\" \/>\n<meta property=\"og:title\" content=\"[ Hewlett Packard Enterprise ] &#129351; Jg940a Switch Hpe Aruba 5130 24g Poe 2sfp 2xgt Ei\" \/>\n<meta property=\"og:description\" content=\"Compra Jg940a Switch Hpe Aruba 5130 24g Poe 2sfp 2xgt Ei + Env\u00edo a domicilio + Pago seguro + Garant\u00eda\" \/>\n<meta property=\"og:url\" content=\"https:\/\/compuviper.mx\/tienda\/producto\/hewlett-packard-enterprise-jg940a-switch-hpe-aruba-5130-24g-poe-2sfp-2xgt-ei\/\" \/>\n<meta property=\"og:site_name\" content=\"Compuviper\" \/>\n<meta property=\"article:publisher\" content=\"https:\/\/www.facebook.com\/compuviper\" \/>\n<meta property=\"og:image\" content=\"https:\/\/compuviper.mx\/tienda\/wp-content\/uploads\/2023\/12\/Switch-hpe-aruba-jg940a-5130-24g-poe-2sfp-2xgt-ei.jpg\" \/>\n\t<meta property=\"og:image:width\" content=\"200\" \/>\n\t<meta property=\"og:image:height\" content=\"200\" \/>\n\t<meta property=\"og:image:type\" content=\"image\/jpeg\" \/>\n<meta name=\"twitter:card\" content=\"summary_large_image\" \/>\n<meta name=\"twitter:label1\" content=\"Precio\" \/>\n\t<meta name=\"twitter:data1\" content=\"&#36;75,563 con IVA\" \/>\n\t<meta name=\"twitter:label2\" content=\"Availability\" \/>\n\t<meta name=\"twitter:data2\" content=\"On backorder\" \/>\n<script type=\"application\/ld+json\" class=\"yoast-schema-graph\">{\"@context\":\"https:\/\/schema.org\",\"@graph\":[{\"@type\":\"WebPage\",\"@id\":\"https:\/\/compuviper.mx\/tienda\/producto\/hewlett-packard-enterprise-jg940a-switch-hpe-aruba-5130-24g-poe-2sfp-2xgt-ei\/\",\"url\":\"https:\/\/compuviper.mx\/tienda\/producto\/hewlett-packard-enterprise-jg940a-switch-hpe-aruba-5130-24g-poe-2sfp-2xgt-ei\/\",\"name\":\"[ Hewlett Packard Enterprise ] &#129351; Jg940a Switch Hpe Aruba 5130 24g Poe 2sfp 2xgt Ei\",\"isPartOf\":{\"@id\":\"https:\/\/compuviper.mx\/tienda\/#website\"},\"datePublished\":\"2026-04-18T07:10:14+00:00\",\"dateModified\":\"2026-04-18T07:10:14+00:00\",\"description\":\"Compra Jg940a Switch Hpe Aruba 5130 24g Poe 2sfp 2xgt Ei + Env\u00edo a domicilio + Pago seguro + Garant\u00eda\",\"breadcrumb\":{\"@id\":\"https:\/\/compuviper.mx\/tienda\/producto\/hewlett-packard-enterprise-jg940a-switch-hpe-aruba-5130-24g-poe-2sfp-2xgt-ei\/#breadcrumb\"},\"inLanguage\":\"es-MX\",\"potentialAction\":[{\"@type\":\"ReadAction\",\"target\":[\"https:\/\/compuviper.mx\/tienda\/producto\/hewlett-packard-enterprise-jg940a-switch-hpe-aruba-5130-24g-poe-2sfp-2xgt-ei\/\"]}]},{\"@type\":\"BreadcrumbList\",\"@id\":\"https:\/\/compuviper.mx\/tienda\/producto\/hewlett-packard-enterprise-jg940a-switch-hpe-aruba-5130-24g-poe-2sfp-2xgt-ei\/#breadcrumb\",\"itemListElement\":[{\"@type\":\"ListItem\",\"position\":1,\"name\":\"Inicio\",\"item\":\"https:\/\/compuviper.mx\/tienda\/\"},{\"@type\":\"ListItem\",\"position\":2,\"name\":\"Productos\",\"item\":\"https:\/\/compuviper.mx\/tienda\/productos\/\"},{\"@type\":\"ListItem\",\"position\":3,\"name\":\"Redes\",\"item\":\"https:\/\/compuviper.mx\/tienda\/categoria-producto\/redes\/\"},{\"@type\":\"ListItem\",\"position\":4,\"name\":\"Switch\",\"item\":\"https:\/\/compuviper.mx\/tienda\/categoria-producto\/redes\/switch\/\"},{\"@type\":\"ListItem\",\"position\":5,\"name\":\"Hewlett Packard Enterprise Jg940a Switch Hpe Aruba 5130 24g Poe 2sfp 2xgt Ei\"}]},{\"@type\":\"WebSite\",\"@id\":\"https:\/\/compuviper.mx\/tienda\/#website\",\"url\":\"https:\/\/compuviper.mx\/tienda\/\",\"name\":\"Compuviper\",\"description\":\"Proveedor de Computadoras, Laptops, Servidores, Monitores, Puntos de Venta, Teclados,   Impresoras, T\u00f3ner, C\u00e1maras de Seguridad y m\u00e1s en tu tienda en l\u00ednea\",\"publisher\":{\"@id\":\"https:\/\/compuviper.mx\/tienda\/#organization\"},\"potentialAction\":[{\"@type\":\"SearchAction\",\"target\":{\"@type\":\"EntryPoint\",\"urlTemplate\":\"https:\/\/compuviper.mx\/tienda\/?s={search_term_string}\"},\"query-input\":\"required name=search_term_string\"}],\"inLanguage\":\"es-MX\"},{\"@type\":\"Organization\",\"@id\":\"https:\/\/compuviper.mx\/tienda\/#organization\",\"name\":\"Compuviper\",\"url\":\"https:\/\/compuviper.mx\/tienda\/\",\"logo\":{\"@type\":\"ImageObject\",\"inLanguage\":\"es-MX\",\"@id\":\"https:\/\/compuviper.mx\/tienda\/#\/schema\/logo\/image\/\",\"url\":\"https:\/\/compuviper.mx\/tienda\/wp-content\/uploads\/2021\/08\/Logo-Compuviper-10.png\",\"contentUrl\":\"https:\/\/compuviper.mx\/tienda\/wp-content\/uploads\/2021\/08\/Logo-Compuviper-10.png\",\"width\":1000,\"height\":500,\"caption\":\"Compuviper\"},\"image\":{\"@id\":\"https:\/\/compuviper.mx\/tienda\/#\/schema\/logo\/image\/\"},\"sameAs\":[\"https:\/\/www.facebook.com\/compuviper\",\"https:\/\/www.youtube.com\/channel\/UCf73dERp9Y3cfOq7q8BhLjA?view_as=subscriber\"]}]}<\/script>\n<meta property=\"product:brand\" content=\"HEWLETT PACKARD ENTERPRISE\" \/>\n<meta property=\"product:price:amount\" content=\"75563\" \/>\n<meta property=\"product:price:currency\" content=\"MXN\" \/>\n<meta property=\"og:availability\" content=\"backorder\" \/>\n<meta property=\"product:availability\" content=\"available for order\" \/>\n<meta property=\"product:retailer_item_id\" content=\"JG940A\" \/>\n<meta property=\"product:condition\" content=\"new\" \/>\n<!-- \/ Yoast SEO plugin. -->","yoast_head_json":{"title":"[ Hewlett Packard Enterprise ] &#129351; Jg940a Switch Hpe Aruba 5130 24g Poe 2sfp 2xgt Ei","description":"Compra Jg940a Switch Hpe Aruba 5130 24g Poe 2sfp 2xgt Ei + Env\u00edo a domicilio + Pago seguro + Garant\u00eda","robots":{"index":"index","follow":"follow","max-snippet":"max-snippet:-1","max-image-preview":"max-image-preview:large","max-video-preview":"max-video-preview:-1"},"canonical":"https:\/\/compuviper.mx\/tienda\/producto\/hewlett-packard-enterprise-jg940a-switch-hpe-aruba-5130-24g-poe-2sfp-2xgt-ei\/","og_locale":"es_MX","og_type":"article","og_title":"[ Hewlett Packard Enterprise ] &#129351; Jg940a Switch Hpe Aruba 5130 24g Poe 2sfp 2xgt Ei","og_description":"Compra Jg940a Switch Hpe Aruba 5130 24g Poe 2sfp 2xgt Ei + Env\u00edo a domicilio + Pago seguro + Garant\u00eda","og_url":"https:\/\/compuviper.mx\/tienda\/producto\/hewlett-packard-enterprise-jg940a-switch-hpe-aruba-5130-24g-poe-2sfp-2xgt-ei\/","og_site_name":"Compuviper","article_publisher":"https:\/\/www.facebook.com\/compuviper","og_image":[{"width":200,"height":200,"url":"https:\/\/compuviper.mx\/tienda\/wp-content\/uploads\/2023\/12\/Switch-hpe-aruba-jg940a-5130-24g-poe-2sfp-2xgt-ei.jpg","type":"image\/jpeg"}],"twitter_card":"summary_large_image","twitter_misc":{"Precio":"&#36;75,563 con IVA","Availability":"On backorder"},"schema":{"@context":"https:\/\/schema.org","@graph":[{"@type":"WebPage","@id":"https:\/\/compuviper.mx\/tienda\/producto\/hewlett-packard-enterprise-jg940a-switch-hpe-aruba-5130-24g-poe-2sfp-2xgt-ei\/","url":"https:\/\/compuviper.mx\/tienda\/producto\/hewlett-packard-enterprise-jg940a-switch-hpe-aruba-5130-24g-poe-2sfp-2xgt-ei\/","name":"[ Hewlett Packard Enterprise ] &#129351; Jg940a Switch Hpe Aruba 5130 24g Poe 2sfp 2xgt Ei","isPartOf":{"@id":"https:\/\/compuviper.mx\/tienda\/#website"},"datePublished":"2026-04-18T07:10:14+00:00","dateModified":"2026-04-18T07:10:14+00:00","description":"Compra Jg940a Switch Hpe Aruba 5130 24g Poe 2sfp 2xgt Ei + Env\u00edo a domicilio + Pago seguro + Garant\u00eda","breadcrumb":{"@id":"https:\/\/compuviper.mx\/tienda\/producto\/hewlett-packard-enterprise-jg940a-switch-hpe-aruba-5130-24g-poe-2sfp-2xgt-ei\/#breadcrumb"},"inLanguage":"es-MX","potentialAction":[{"@type":"ReadAction","target":["https:\/\/compuviper.mx\/tienda\/producto\/hewlett-packard-enterprise-jg940a-switch-hpe-aruba-5130-24g-poe-2sfp-2xgt-ei\/"]}]},{"@type":"BreadcrumbList","@id":"https:\/\/compuviper.mx\/tienda\/producto\/hewlett-packard-enterprise-jg940a-switch-hpe-aruba-5130-24g-poe-2sfp-2xgt-ei\/#breadcrumb","itemListElement":[{"@type":"ListItem","position":1,"name":"Inicio","item":"https:\/\/compuviper.mx\/tienda\/"},{"@type":"ListItem","position":2,"name":"Productos","item":"https:\/\/compuviper.mx\/tienda\/productos\/"},{"@type":"ListItem","position":3,"name":"Redes","item":"https:\/\/compuviper.mx\/tienda\/categoria-producto\/redes\/"},{"@type":"ListItem","position":4,"name":"Switch","item":"https:\/\/compuviper.mx\/tienda\/categoria-producto\/redes\/switch\/"},{"@type":"ListItem","position":5,"name":"Hewlett Packard Enterprise Jg940a Switch Hpe Aruba 5130 24g Poe 2sfp 2xgt Ei"}]},{"@type":"WebSite","@id":"https:\/\/compuviper.mx\/tienda\/#website","url":"https:\/\/compuviper.mx\/tienda\/","name":"Compuviper","description":"Proveedor de Computadoras, Laptops, Servidores, Monitores, Puntos de Venta, Teclados,   Impresoras, T\u00f3ner, C\u00e1maras de Seguridad y m\u00e1s en tu tienda en l\u00ednea","publisher":{"@id":"https:\/\/compuviper.mx\/tienda\/#organization"},"potentialAction":[{"@type":"SearchAction","target":{"@type":"EntryPoint","urlTemplate":"https:\/\/compuviper.mx\/tienda\/?s={search_term_string}"},"query-input":"required name=search_term_string"}],"inLanguage":"es-MX"},{"@type":"Organization","@id":"https:\/\/compuviper.mx\/tienda\/#organization","name":"Compuviper","url":"https:\/\/compuviper.mx\/tienda\/","logo":{"@type":"ImageObject","inLanguage":"es-MX","@id":"https:\/\/compuviper.mx\/tienda\/#\/schema\/logo\/image\/","url":"https:\/\/compuviper.mx\/tienda\/wp-content\/uploads\/2021\/08\/Logo-Compuviper-10.png","contentUrl":"https:\/\/compuviper.mx\/tienda\/wp-content\/uploads\/2021\/08\/Logo-Compuviper-10.png","width":1000,"height":500,"caption":"Compuviper"},"image":{"@id":"https:\/\/compuviper.mx\/tienda\/#\/schema\/logo\/image\/"},"sameAs":["https:\/\/www.facebook.com\/compuviper","https:\/\/www.youtube.com\/channel\/UCf73dERp9Y3cfOq7q8BhLjA?view_as=subscriber"]}]},"product_brand":"HEWLETT PACKARD ENTERPRISE","product_price_amount":"75563","product_price_currency":"MXN","og_availability":"backorder","product_availability":"available for order","product_retailer_item_id":"JG940A","product_condition":"new"},"_links":{"self":[{"href":"https:\/\/compuviper.mx\/tienda\/wp-json\/wp\/v2\/product\/221158"}],"collection":[{"href":"https:\/\/compuviper.mx\/tienda\/wp-json\/wp\/v2\/product"}],"about":[{"href":"https:\/\/compuviper.mx\/tienda\/wp-json\/wp\/v2\/types\/product"}],"replies":[{"embeddable":true,"href":"https:\/\/compuviper.mx\/tienda\/wp-json\/wp\/v2\/comments?post=221158"}],"wp:featuredmedia":[{"embeddable":true,"href":"https:\/\/compuviper.mx\/tienda\/wp-json\/wp\/v2\/media\/221159"}],"wp:attachment":[{"href":"https:\/\/compuviper.mx\/tienda\/wp-json\/wp\/v2\/media?parent=221158"}],"wp:term":[{"taxonomy":"product_cat","embeddable":true,"href":"https:\/\/compuviper.mx\/tienda\/wp-json\/wp\/v2\/product_cat?post=221158"},{"taxonomy":"product_tag","embeddable":true,"href":"https:\/\/compuviper.mx\/tienda\/wp-json\/wp\/v2\/product_tag?post=221158"}],"curies":[{"name":"wp","href":"https:\/\/api.w.org\/{rel}","templated":true}]}}