{"id":221146,"date":"2026-04-18T01:10:12","date_gmt":"2026-04-18T07:10:12","guid":{"rendered":"https:\/\/compuviper.mx\/tienda\/producto\/hewlett-packard-enterprise-p08446-b21-tarjeta-de-red-hpe-10gbe-2p-sfp-ql41401-adptr-2\/"},"modified":"2026-04-18T01:10:12","modified_gmt":"2026-04-18T07:10:12","slug":"hewlett-packard-enterprise-p08446-b21-tarjeta-de-red-hpe-10gbe-2p-sfp-ql41401-adptr-2","status":"publish","type":"product","link":"https:\/\/compuviper.mx\/tienda\/producto\/hewlett-packard-enterprise-p08446-b21-tarjeta-de-red-hpe-10gbe-2p-sfp-ql41401-adptr-2\/","title":{"rendered":"Hewlett Packard Enterprise P08446-b21 Tarjeta De Red Hpe 10gbe 2p Sfp Ql41401 Adptr"},"content":{"rendered":"<table class=\"descripcion\">\n<tr>\n<td>Tarjeta de red ethernet hpe 10 gb 2 puertos sfp+ ql41401-a2g<\/td>\n<\/tr>\n<\/table>\n","protected":false},"excerpt":{"rendered":"<p>Necesitas un adaptador con mucha capacidad y poco consumo de cpu? el adaptador ethernet hpe de 10 gb y 2 puertos sfp+ ql41401 ha sido dise\u00f1ado para ofrecer un alto rendimiento de forma eficiente, baja latencia y m\u00ednimo consumo de cpu, descargando mucho procesamiento e\/s en el adaptador. La baja latencia mejora notablemente el rendimiento de las aplicaciones y libera recursos de cpu en el host, lo que le permite hacer tareas m\u00e1s importantes. Solo ventajas. Mejore el aprovechamiento de cpu con una menor latencia. \u0095 el adaptador ethernet hpe de 10 gb y 2 puertos sfp+ ql41401 reduce el uso de la cpu y mejora la densidad host de la m\u00e1quina virtual (vm) as\u00ed como la eficiencia del servidor al utilizar el acceso directo remoto a la memoria (rdma). Es compatible con los protocolos iwarp, roce y rocev2 para migraci\u00f3n de vm y admite microsoft\u00ae smb direct. \u0095 ofrece una sola ra\u00edz de e\/s de virtualizaci\u00f3n (sr-iov) con la capacidad de ejecutar un gran n\u00famero de m\u00e1quinas virtuales (vm) por servidor, lo que reduce la necesidad de hardware y los costes resultantes del espacio y de energ\u00eda requerida por los dispositivos de hardware. Rendimiento mejorado y menor consumo energ\u00e9tico. \u0095 el adaptador ethernet hpe de 10 gb y 2 puertos sfp+ ql41401 permite a los clientes utilizar la superposici\u00f3n de red que incrementa la flexibilidad de migraci\u00f3n de la vm con un impacto m\u00ednimo en el rendimiento y un menor consumo energ\u00e9tico con los t\u00faneles de descargas (vxlan, nvgre y geneve). \u0095 acelera la transmisi\u00f3n de peque\u00f1os paquetes de procesamiento de e\/s con kit de desarrollo de planos de datos (dpdk). Informaci\u00f3n sobre marcas comerciales. Microsoft es una marca comercial registrada de microsoft corporation.<\/p>\n","protected":false},"featured_media":221147,"comment_status":"open","ping_status":"open","template":"","meta":[],"product_cat":[1563,1572],"product_tag":[1568],"acf":[],"yoast_head":"<!-- This site is optimized with the Yoast SEO plugin v21.7 - https:\/\/yoast.com\/wordpress\/plugins\/seo\/ -->\n<title>[ Hewlett Packard Enterprise ] &#129351; P08446-b21 Tarjeta De Red Hpe 10gbe 2p Sfp Ql41401 Adptr<\/title>\n<meta name=\"description\" content=\"Compra P08446-b21 Tarjeta De Red Hpe 10gbe 2p Sfp Ql41401 Adptr + Env\u00edo a domicilio + Pago seguro + Garant\u00eda\" \/>\n<meta name=\"robots\" content=\"index, follow, max-snippet:-1, max-image-preview:large, max-video-preview:-1\" \/>\n<link rel=\"canonical\" href=\"https:\/\/compuviper.mx\/tienda\/producto\/hewlett-packard-enterprise-p08446-b21-tarjeta-de-red-hpe-10gbe-2p-sfp-ql41401-adptr-2\/\" \/>\n<meta property=\"og:locale\" content=\"es_MX\" \/>\n<meta property=\"og:type\" content=\"article\" \/>\n<meta property=\"og:title\" content=\"[ Hewlett Packard Enterprise ] &#129351; P08446-b21 Tarjeta De Red Hpe 10gbe 2p Sfp Ql41401 Adptr\" \/>\n<meta property=\"og:description\" content=\"Compra P08446-b21 Tarjeta De Red Hpe 10gbe 2p Sfp Ql41401 Adptr + Env\u00edo a domicilio + Pago seguro + Garant\u00eda\" \/>\n<meta property=\"og:url\" content=\"https:\/\/compuviper.mx\/tienda\/producto\/hewlett-packard-enterprise-p08446-b21-tarjeta-de-red-hpe-10gbe-2p-sfp-ql41401-adptr-2\/\" \/>\n<meta property=\"og:site_name\" content=\"Compuviper\" \/>\n<meta property=\"article:publisher\" content=\"https:\/\/www.facebook.com\/compuviper\" \/>\n<meta property=\"og:image\" content=\"https:\/\/compuviper.mx\/tienda\/wp-content\/uploads\/2023\/12\/Tarjeta-de-red-hpe-10gbe-2p-sfp-ql41401-adptr-1.jpg\" \/>\n\t<meta property=\"og:image:width\" content=\"200\" \/>\n\t<meta property=\"og:image:height\" content=\"200\" \/>\n\t<meta property=\"og:image:type\" content=\"image\/jpeg\" \/>\n<meta name=\"twitter:card\" content=\"summary_large_image\" \/>\n<meta name=\"twitter:label1\" content=\"Precio\" \/>\n\t<meta name=\"twitter:data1\" content=\"&#36;20,498 con IVA\" \/>\n\t<meta name=\"twitter:label2\" content=\"Availability\" \/>\n\t<meta name=\"twitter:data2\" content=\"On backorder\" \/>\n<script type=\"application\/ld+json\" class=\"yoast-schema-graph\">{\"@context\":\"https:\/\/schema.org\",\"@graph\":[{\"@type\":\"WebPage\",\"@id\":\"https:\/\/compuviper.mx\/tienda\/producto\/hewlett-packard-enterprise-p08446-b21-tarjeta-de-red-hpe-10gbe-2p-sfp-ql41401-adptr-2\/\",\"url\":\"https:\/\/compuviper.mx\/tienda\/producto\/hewlett-packard-enterprise-p08446-b21-tarjeta-de-red-hpe-10gbe-2p-sfp-ql41401-adptr-2\/\",\"name\":\"[ Hewlett Packard Enterprise ] &#129351; P08446-b21 Tarjeta De Red Hpe 10gbe 2p Sfp Ql41401 Adptr\",\"isPartOf\":{\"@id\":\"https:\/\/compuviper.mx\/tienda\/#website\"},\"datePublished\":\"2026-04-18T07:10:12+00:00\",\"dateModified\":\"2026-04-18T07:10:12+00:00\",\"description\":\"Compra P08446-b21 Tarjeta De Red Hpe 10gbe 2p Sfp Ql41401 Adptr + Env\u00edo a domicilio + Pago seguro + Garant\u00eda\",\"breadcrumb\":{\"@id\":\"https:\/\/compuviper.mx\/tienda\/producto\/hewlett-packard-enterprise-p08446-b21-tarjeta-de-red-hpe-10gbe-2p-sfp-ql41401-adptr-2\/#breadcrumb\"},\"inLanguage\":\"es-MX\",\"potentialAction\":[{\"@type\":\"ReadAction\",\"target\":[\"https:\/\/compuviper.mx\/tienda\/producto\/hewlett-packard-enterprise-p08446-b21-tarjeta-de-red-hpe-10gbe-2p-sfp-ql41401-adptr-2\/\"]}]},{\"@type\":\"BreadcrumbList\",\"@id\":\"https:\/\/compuviper.mx\/tienda\/producto\/hewlett-packard-enterprise-p08446-b21-tarjeta-de-red-hpe-10gbe-2p-sfp-ql41401-adptr-2\/#breadcrumb\",\"itemListElement\":[{\"@type\":\"ListItem\",\"position\":1,\"name\":\"Inicio\",\"item\":\"https:\/\/compuviper.mx\/tienda\/\"},{\"@type\":\"ListItem\",\"position\":2,\"name\":\"Productos\",\"item\":\"https:\/\/compuviper.mx\/tienda\/productos\/\"},{\"@type\":\"ListItem\",\"position\":3,\"name\":\"Redes\",\"item\":\"https:\/\/compuviper.mx\/tienda\/categoria-producto\/redes\/\"},{\"@type\":\"ListItem\",\"position\":4,\"name\":\"Tarjetas De Red\",\"item\":\"https:\/\/compuviper.mx\/tienda\/categoria-producto\/redes\/tarjetas-de-red\/\"},{\"@type\":\"ListItem\",\"position\":5,\"name\":\"Hewlett Packard Enterprise P08446-b21 Tarjeta De Red Hpe 10gbe 2p Sfp Ql41401 Adptr\"}]},{\"@type\":\"WebSite\",\"@id\":\"https:\/\/compuviper.mx\/tienda\/#website\",\"url\":\"https:\/\/compuviper.mx\/tienda\/\",\"name\":\"Compuviper\",\"description\":\"Proveedor de Computadoras, Laptops, Servidores, Monitores, Puntos de Venta, Teclados,   Impresoras, T\u00f3ner, C\u00e1maras de Seguridad y m\u00e1s en tu tienda en l\u00ednea\",\"publisher\":{\"@id\":\"https:\/\/compuviper.mx\/tienda\/#organization\"},\"potentialAction\":[{\"@type\":\"SearchAction\",\"target\":{\"@type\":\"EntryPoint\",\"urlTemplate\":\"https:\/\/compuviper.mx\/tienda\/?s={search_term_string}\"},\"query-input\":\"required name=search_term_string\"}],\"inLanguage\":\"es-MX\"},{\"@type\":\"Organization\",\"@id\":\"https:\/\/compuviper.mx\/tienda\/#organization\",\"name\":\"Compuviper\",\"url\":\"https:\/\/compuviper.mx\/tienda\/\",\"logo\":{\"@type\":\"ImageObject\",\"inLanguage\":\"es-MX\",\"@id\":\"https:\/\/compuviper.mx\/tienda\/#\/schema\/logo\/image\/\",\"url\":\"https:\/\/compuviper.mx\/tienda\/wp-content\/uploads\/2021\/08\/Logo-Compuviper-10.png\",\"contentUrl\":\"https:\/\/compuviper.mx\/tienda\/wp-content\/uploads\/2021\/08\/Logo-Compuviper-10.png\",\"width\":1000,\"height\":500,\"caption\":\"Compuviper\"},\"image\":{\"@id\":\"https:\/\/compuviper.mx\/tienda\/#\/schema\/logo\/image\/\"},\"sameAs\":[\"https:\/\/www.facebook.com\/compuviper\",\"https:\/\/www.youtube.com\/channel\/UCf73dERp9Y3cfOq7q8BhLjA?view_as=subscriber\"]}]}<\/script>\n<meta property=\"product:brand\" content=\"HEWLETT PACKARD ENTERPRISE\" \/>\n<meta property=\"product:price:amount\" content=\"20498\" \/>\n<meta property=\"product:price:currency\" content=\"MXN\" \/>\n<meta property=\"og:availability\" content=\"backorder\" \/>\n<meta property=\"product:availability\" content=\"available for order\" \/>\n<meta property=\"product:retailer_item_id\" content=\"P08446-B21\" \/>\n<meta property=\"product:condition\" content=\"new\" \/>\n<!-- \/ Yoast SEO plugin. -->","yoast_head_json":{"title":"[ Hewlett Packard Enterprise ] &#129351; P08446-b21 Tarjeta De Red Hpe 10gbe 2p Sfp Ql41401 Adptr","description":"Compra P08446-b21 Tarjeta De Red Hpe 10gbe 2p Sfp Ql41401 Adptr + Env\u00edo a domicilio + Pago seguro + Garant\u00eda","robots":{"index":"index","follow":"follow","max-snippet":"max-snippet:-1","max-image-preview":"max-image-preview:large","max-video-preview":"max-video-preview:-1"},"canonical":"https:\/\/compuviper.mx\/tienda\/producto\/hewlett-packard-enterprise-p08446-b21-tarjeta-de-red-hpe-10gbe-2p-sfp-ql41401-adptr-2\/","og_locale":"es_MX","og_type":"article","og_title":"[ Hewlett Packard Enterprise ] &#129351; P08446-b21 Tarjeta De Red Hpe 10gbe 2p Sfp Ql41401 Adptr","og_description":"Compra P08446-b21 Tarjeta De Red Hpe 10gbe 2p Sfp Ql41401 Adptr + Env\u00edo a domicilio + Pago seguro + Garant\u00eda","og_url":"https:\/\/compuviper.mx\/tienda\/producto\/hewlett-packard-enterprise-p08446-b21-tarjeta-de-red-hpe-10gbe-2p-sfp-ql41401-adptr-2\/","og_site_name":"Compuviper","article_publisher":"https:\/\/www.facebook.com\/compuviper","og_image":[{"width":200,"height":200,"url":"https:\/\/compuviper.mx\/tienda\/wp-content\/uploads\/2023\/12\/Tarjeta-de-red-hpe-10gbe-2p-sfp-ql41401-adptr-1.jpg","type":"image\/jpeg"}],"twitter_card":"summary_large_image","twitter_misc":{"Precio":"&#36;20,498 con IVA","Availability":"On backorder"},"schema":{"@context":"https:\/\/schema.org","@graph":[{"@type":"WebPage","@id":"https:\/\/compuviper.mx\/tienda\/producto\/hewlett-packard-enterprise-p08446-b21-tarjeta-de-red-hpe-10gbe-2p-sfp-ql41401-adptr-2\/","url":"https:\/\/compuviper.mx\/tienda\/producto\/hewlett-packard-enterprise-p08446-b21-tarjeta-de-red-hpe-10gbe-2p-sfp-ql41401-adptr-2\/","name":"[ Hewlett Packard Enterprise ] &#129351; P08446-b21 Tarjeta De Red Hpe 10gbe 2p Sfp Ql41401 Adptr","isPartOf":{"@id":"https:\/\/compuviper.mx\/tienda\/#website"},"datePublished":"2026-04-18T07:10:12+00:00","dateModified":"2026-04-18T07:10:12+00:00","description":"Compra P08446-b21 Tarjeta De Red Hpe 10gbe 2p Sfp Ql41401 Adptr + Env\u00edo a domicilio + Pago seguro + Garant\u00eda","breadcrumb":{"@id":"https:\/\/compuviper.mx\/tienda\/producto\/hewlett-packard-enterprise-p08446-b21-tarjeta-de-red-hpe-10gbe-2p-sfp-ql41401-adptr-2\/#breadcrumb"},"inLanguage":"es-MX","potentialAction":[{"@type":"ReadAction","target":["https:\/\/compuviper.mx\/tienda\/producto\/hewlett-packard-enterprise-p08446-b21-tarjeta-de-red-hpe-10gbe-2p-sfp-ql41401-adptr-2\/"]}]},{"@type":"BreadcrumbList","@id":"https:\/\/compuviper.mx\/tienda\/producto\/hewlett-packard-enterprise-p08446-b21-tarjeta-de-red-hpe-10gbe-2p-sfp-ql41401-adptr-2\/#breadcrumb","itemListElement":[{"@type":"ListItem","position":1,"name":"Inicio","item":"https:\/\/compuviper.mx\/tienda\/"},{"@type":"ListItem","position":2,"name":"Productos","item":"https:\/\/compuviper.mx\/tienda\/productos\/"},{"@type":"ListItem","position":3,"name":"Redes","item":"https:\/\/compuviper.mx\/tienda\/categoria-producto\/redes\/"},{"@type":"ListItem","position":4,"name":"Tarjetas De Red","item":"https:\/\/compuviper.mx\/tienda\/categoria-producto\/redes\/tarjetas-de-red\/"},{"@type":"ListItem","position":5,"name":"Hewlett Packard Enterprise P08446-b21 Tarjeta De Red Hpe 10gbe 2p Sfp Ql41401 Adptr"}]},{"@type":"WebSite","@id":"https:\/\/compuviper.mx\/tienda\/#website","url":"https:\/\/compuviper.mx\/tienda\/","name":"Compuviper","description":"Proveedor de Computadoras, Laptops, Servidores, Monitores, Puntos de Venta, Teclados,   Impresoras, T\u00f3ner, C\u00e1maras de Seguridad y m\u00e1s en tu tienda en l\u00ednea","publisher":{"@id":"https:\/\/compuviper.mx\/tienda\/#organization"},"potentialAction":[{"@type":"SearchAction","target":{"@type":"EntryPoint","urlTemplate":"https:\/\/compuviper.mx\/tienda\/?s={search_term_string}"},"query-input":"required name=search_term_string"}],"inLanguage":"es-MX"},{"@type":"Organization","@id":"https:\/\/compuviper.mx\/tienda\/#organization","name":"Compuviper","url":"https:\/\/compuviper.mx\/tienda\/","logo":{"@type":"ImageObject","inLanguage":"es-MX","@id":"https:\/\/compuviper.mx\/tienda\/#\/schema\/logo\/image\/","url":"https:\/\/compuviper.mx\/tienda\/wp-content\/uploads\/2021\/08\/Logo-Compuviper-10.png","contentUrl":"https:\/\/compuviper.mx\/tienda\/wp-content\/uploads\/2021\/08\/Logo-Compuviper-10.png","width":1000,"height":500,"caption":"Compuviper"},"image":{"@id":"https:\/\/compuviper.mx\/tienda\/#\/schema\/logo\/image\/"},"sameAs":["https:\/\/www.facebook.com\/compuviper","https:\/\/www.youtube.com\/channel\/UCf73dERp9Y3cfOq7q8BhLjA?view_as=subscriber"]}]},"product_brand":"HEWLETT PACKARD ENTERPRISE","product_price_amount":"20498","product_price_currency":"MXN","og_availability":"backorder","product_availability":"available for order","product_retailer_item_id":"P08446-B21","product_condition":"new"},"_links":{"self":[{"href":"https:\/\/compuviper.mx\/tienda\/wp-json\/wp\/v2\/product\/221146"}],"collection":[{"href":"https:\/\/compuviper.mx\/tienda\/wp-json\/wp\/v2\/product"}],"about":[{"href":"https:\/\/compuviper.mx\/tienda\/wp-json\/wp\/v2\/types\/product"}],"replies":[{"embeddable":true,"href":"https:\/\/compuviper.mx\/tienda\/wp-json\/wp\/v2\/comments?post=221146"}],"wp:featuredmedia":[{"embeddable":true,"href":"https:\/\/compuviper.mx\/tienda\/wp-json\/wp\/v2\/media\/221147"}],"wp:attachment":[{"href":"https:\/\/compuviper.mx\/tienda\/wp-json\/wp\/v2\/media?parent=221146"}],"wp:term":[{"taxonomy":"product_cat","embeddable":true,"href":"https:\/\/compuviper.mx\/tienda\/wp-json\/wp\/v2\/product_cat?post=221146"},{"taxonomy":"product_tag","embeddable":true,"href":"https:\/\/compuviper.mx\/tienda\/wp-json\/wp\/v2\/product_tag?post=221146"}],"curies":[{"name":"wp","href":"https:\/\/api.w.org\/{rel}","templated":true}]}}