{"id":221080,"date":"2026-04-02T23:15:24","date_gmt":"2026-04-03T05:15:24","guid":{"rendered":"https:\/\/compuviper.mx\/tienda\/producto\/tp-link-mw306r-router-mercusys-300mbps-multimodo-access-point-repetidor-wisp-3-puertos-lan-10-100-1-puerto-wan-10-100-3-antenas-fijas-externas-5dbi-sustituye-a-mw305r\/"},"modified":"2026-04-02T23:15:24","modified_gmt":"2026-04-03T05:15:24","slug":"tp-link-mw306r-router-mercusys-300mbps-multimodo-access-point-repetidor-wisp-3-puertos-lan-10-100-1-puerto-wan-10-100-3-antenas-fijas-externas-5dbi-sustituye-a-mw305r","status":"publish","type":"product","link":"https:\/\/compuviper.mx\/tienda\/producto\/tp-link-mw306r-router-mercusys-300mbps-multimodo-access-point-repetidor-wisp-3-puertos-lan-10-100-1-puerto-wan-10-100-3-antenas-fijas-externas-5dbi-sustituye-a-mw305r\/","title":{"rendered":"Tp Link Mw306r Router | Mercusys |   | 300mbps | Multimodo, Access Point, Repetidor Wisp | 3 Puertos Lan 10\/100 | 1 Puerto Wan 10\/100 | 3 Antenas Fijas Externas 5dbi | Sustituye A Mw305r"},"content":{"rendered":"<table class=\"descripcion\">\n<tr>\n<td>Inal\u00e1mbricoest\u00e1ndares inal\u00e1mbricos<\/td>\n<\/tr>\n<tr>\n<td>Ieee 802.11 b \/ g \/ n<\/td>\n<\/tr>\n<tr>\n<td> frecuencia<\/td>\n<\/tr>\n<tr>\n<td>2.4-2.5 ghz<\/td>\n<\/tr>\n<tr>\n<td> tasa de se\u00f1al<\/td>\n<\/tr>\n<tr>\n<td>\u0095 11n: hasta 300 mbps (din\u00e1mico)<\/td>\n<\/tr>\n<tr>\n<td>\u0095 11g:<\/td>\n<\/tr>\n<tr>\n<td>Hasta 54 mbps (din\u00e1mico ) \u0095 11b: hasta 11 mbps (din\u00e1mico)<\/td>\n<\/tr>\n<tr>\n<td> sensibilidad de recepci\u00f3n<\/td>\n<\/tr>\n<tr>\n<td>\u0095 270m: -70dbm @ 10% per \u0095 11m: -87dbm @ 10% per<\/td>\n<\/tr>\n<tr>\n<td>\u0095 130m: -72dbm @ 10% per \u0095 6 m: -92dbm @ 10% per<\/td>\n<\/tr>\n<tr>\n<td>\u0095 54m: -74dbm @ 10% per \u0095 1 m: -94dbm @ 10% por<\/td>\n<\/tr>\n<tr>\n<td> poder de transmision<\/td>\n<\/tr>\n<tr>\n<td> 20dbm (pire)<\/td>\n<\/tr>\n<tr>\n<td> seguridad inal\u00e1mbrica<\/td>\n<\/tr>\n<tr>\n<td>Wpa-psk \/ wpa2-psk<\/td>\n<\/tr>\n<tr>\n<td> funciones inal\u00e1mbricas<\/td>\n<\/tr>\n<tr>\n<td>Activar \/ desactivar radio inal\u00e1mbrica, puente wds<\/td>\n<\/tr>\n<tr>\n<td>Softwaretipo de wan<\/td>\n<\/tr>\n<tr>\n<td>Ip din\u00e1mica \/ ip est\u00e1tica \/ pppoe \/ pptp \/ l2tp<\/td>\n<\/tr>\n<tr>\n<td> administraci\u00f3n<\/td>\n<\/tr>\n<tr>\n<td>Control de acceso<\/td>\n<\/tr>\n<tr>\n<td>Gesti\u00f3n local gesti\u00f3n<\/td>\n<\/tr>\n<tr>\n<td>Remota<\/td>\n<\/tr>\n<tr>\n<td> dhcp<\/td>\n<\/tr>\n<tr>\n<td>Servidor dhcp, lista de clientes dhcp<\/td>\n<\/tr>\n<tr>\n<td> reenv\u00edo de puertos<\/td>\n<\/tr>\n<tr>\n<td>Servidor virtual, upnp, dmz<\/td>\n<\/tr>\n<tr>\n<td> seguridad del cortafuegos<\/td>\n<\/tr>\n<tr>\n<td>Enlace de direcciones ip y mac<\/td>\n<\/tr>\n<tr>\n<td> red de invitados<\/td>\n<\/tr>\n<tr>\n<td>Red de invitados de 2,4 ghz<\/td>\n<\/tr>\n<tr>\n<td>Hardwaredimensiones (wxdxh)<\/td>\n<\/tr>\n<tr>\n<td>5,8 \u00d7 4,5 \u00d7 1,3 pulgadas (147 \u00d7 115 \u00d7 34 mm)<\/td>\n<\/tr>\n<tr>\n<td> bot\u00f3n<\/td>\n<\/tr>\n<tr>\n<td>Bot\u00f3n reset \/ wps<\/td>\n<\/tr>\n<tr>\n<td> fuente de alimentaci\u00f3n externa<\/td>\n<\/tr>\n<tr>\n<td>5 v \/ 0,6 a<\/td>\n<\/tr>\n<tr>\n<td> tipo de antena<\/td>\n<\/tr>\n<tr>\n<td>3 * antenas fijas<\/td>\n<\/tr>\n<tr>\n<td> puertos ethernet<\/td>\n<\/tr>\n<tr>\n<td>Puerto wan de<\/td>\n<\/tr>\n<tr>\n<td>1 * 10 \/ 100mbps, puertos lan de 3 * 10 \/ 100mbps<\/td>\n<\/tr>\n<tr>\n<td>Otroscontenidos del paquete<\/td>\n<\/tr>\n<tr>\n<td>Enrutador wi-fi n (mw306r)<\/td>\n<\/tr>\n<tr>\n<td>Adaptador de corriente<\/td>\n<\/tr>\n<tr>\n<td>Gu\u00eda de instalaci\u00f3n r\u00e1pida<\/td>\n<\/tr>\n<tr>\n<td>Cable ethernet<\/td>\n<\/tr>\n<tr>\n<td> ambiente<\/td>\n<\/tr>\n<tr>\n<td>\u0095 temperatura de funcionamiento: 0 \u00b0 c ~ 40 \u00b0 c (32 \u00b0 f ~ 104 \u00b0 f)<\/td>\n<\/tr>\n<tr>\n<td>\u0095 humedad de funcionamiento: 10% ~ 90% sin condensaci\u00f3n<\/td>\n<\/tr>\n<\/table>\n","protected":false},"excerpt":{"rendered":"<p>Mw306r. Router inal\u00e1mbrico n multimodo de 300 mbps. * wi-fi estable para su uso diario: mw306r proporciona conexiones r\u00e1pidas y estables para satisfacer todas sus necesidades de red con velocidades de hasta 300 mbps. * cobertura m\u00e1s amplia: equipado con tres antenas externas de alta ganancia para entregar fuertes se\u00f1ales de wi-fi a cada rinc\u00f3n de su hogar. * multimodo: cuatro modos en un dispositivo para satisfacer todos los escenarios de aplicaci\u00f3n. * f\u00e1cil instalaci\u00f3n: la p\u00e1gina web intuitiva lo gu\u00eda a trav\u00e9s del proceso de configuraci\u00f3n en minutos. * controles parentales activos: establezca pol\u00edticas de acceso adecuadas para proteger a los ni\u00f1os con un acceso a internet responsable y seguro. * compatible con iptv e ipv6<\/p>\n","protected":false},"featured_media":221081,"comment_status":"open","ping_status":"open","template":"","meta":[],"product_cat":[1563,1753],"product_tag":[1562],"acf":[],"yoast_head":"<!-- This site is optimized with the Yoast SEO plugin v21.7 - https:\/\/yoast.com\/wordpress\/plugins\/seo\/ -->\n<title>[ Tp Link ] &#129351; Mw306r Router | Mercusys | | 300mbps | Multimodo, Access Point, Repetidor Wisp | 3 Puertos Lan 10\/100 | 1 Puerto Wan 10\/100 | 3 Antenas Fijas Externas 5dbi | Sustituye A Mw305r<\/title>\n<meta name=\"description\" content=\"Compra Mw306r Router | Mercusys | | 300mbps | Multimodo, Access Point, Repetidor Wisp | 3 Puertos Lan 10\/100 | 1 Puerto Wan 10\/100 | 3 Antenas Fijas Externas 5dbi | Sustituye A Mw305r + Env\u00edo a domicilio + Pago seguro + Garant\u00eda\" \/>\n<meta name=\"robots\" content=\"index, follow, max-snippet:-1, max-image-preview:large, max-video-preview:-1\" \/>\n<link rel=\"canonical\" href=\"https:\/\/compuviper.mx\/tienda\/producto\/tp-link-mw306r-router-mercusys-300mbps-multimodo-access-point-repetidor-wisp-3-puertos-lan-10-100-1-puerto-wan-10-100-3-antenas-fijas-externas-5dbi-sustituye-a-mw305r\/\" \/>\n<meta property=\"og:locale\" content=\"es_MX\" \/>\n<meta property=\"og:type\" content=\"article\" \/>\n<meta property=\"og:title\" content=\"[ Tp Link ] &#129351; Mw306r Router | Mercusys | | 300mbps | Multimodo, Access Point, Repetidor Wisp | 3 Puertos Lan 10\/100 | 1 Puerto Wan 10\/100 | 3 Antenas Fijas Externas 5dbi | Sustituye A Mw305r\" \/>\n<meta property=\"og:description\" content=\"Compra Mw306r Router | Mercusys | | 300mbps | Multimodo, Access Point, Repetidor Wisp | 3 Puertos Lan 10\/100 | 1 Puerto Wan 10\/100 | 3 Antenas Fijas Externas 5dbi | Sustituye A Mw305r + Env\u00edo a domicilio + Pago seguro + Garant\u00eda\" \/>\n<meta property=\"og:url\" content=\"https:\/\/compuviper.mx\/tienda\/producto\/tp-link-mw306r-router-mercusys-300mbps-multimodo-access-point-repetidor-wisp-3-puertos-lan-10-100-1-puerto-wan-10-100-3-antenas-fijas-externas-5dbi-sustituye-a-mw305r\/\" \/>\n<meta property=\"og:site_name\" content=\"Compuviper\" \/>\n<meta property=\"article:publisher\" content=\"https:\/\/www.facebook.com\/compuviper\" \/>\n<meta property=\"og:image\" content=\"https:\/\/compuviper.mx\/tienda\/wp-content\/uploads\/2023\/12\/Router-mercusys-mw306r-300mbps-multimodo-access-point-repetidor-wisp-3-puertos-lan-10100-1-puerto-wan-10100-3-antenas-fijas-externas-5dbi-sustituye-a-mw305r.jpg\" \/>\n\t<meta property=\"og:image:width\" content=\"200\" \/>\n\t<meta property=\"og:image:height\" content=\"200\" \/>\n\t<meta property=\"og:image:type\" content=\"image\/jpeg\" \/>\n<meta name=\"twitter:card\" content=\"summary_large_image\" \/>\n<meta name=\"twitter:label1\" content=\"Precio\" \/>\n\t<meta name=\"twitter:data1\" content=\"&#36;185 con IVA\" \/>\n\t<meta name=\"twitter:label2\" content=\"Availability\" \/>\n\t<meta name=\"twitter:data2\" content=\"In stock\" \/>\n<script type=\"application\/ld+json\" class=\"yoast-schema-graph\">{\"@context\":\"https:\/\/schema.org\",\"@graph\":[{\"@type\":\"WebPage\",\"@id\":\"https:\/\/compuviper.mx\/tienda\/producto\/tp-link-mw306r-router-mercusys-300mbps-multimodo-access-point-repetidor-wisp-3-puertos-lan-10-100-1-puerto-wan-10-100-3-antenas-fijas-externas-5dbi-sustituye-a-mw305r\/\",\"url\":\"https:\/\/compuviper.mx\/tienda\/producto\/tp-link-mw306r-router-mercusys-300mbps-multimodo-access-point-repetidor-wisp-3-puertos-lan-10-100-1-puerto-wan-10-100-3-antenas-fijas-externas-5dbi-sustituye-a-mw305r\/\",\"name\":\"[ Tp Link ] &#129351; Mw306r Router | Mercusys | | 300mbps | Multimodo, Access Point, Repetidor Wisp | 3 Puertos Lan 10\/100 | 1 Puerto Wan 10\/100 | 3 Antenas Fijas Externas 5dbi | Sustituye A Mw305r\",\"isPartOf\":{\"@id\":\"https:\/\/compuviper.mx\/tienda\/#website\"},\"datePublished\":\"2026-04-03T05:15:24+00:00\",\"dateModified\":\"2026-04-03T05:15:24+00:00\",\"description\":\"Compra Mw306r Router | Mercusys | | 300mbps | Multimodo, Access Point, Repetidor Wisp | 3 Puertos Lan 10\/100 | 1 Puerto Wan 10\/100 | 3 Antenas Fijas Externas 5dbi | Sustituye A Mw305r + Env\u00edo a domicilio + Pago seguro + Garant\u00eda\",\"breadcrumb\":{\"@id\":\"https:\/\/compuviper.mx\/tienda\/producto\/tp-link-mw306r-router-mercusys-300mbps-multimodo-access-point-repetidor-wisp-3-puertos-lan-10-100-1-puerto-wan-10-100-3-antenas-fijas-externas-5dbi-sustituye-a-mw305r\/#breadcrumb\"},\"inLanguage\":\"es-MX\",\"potentialAction\":[{\"@type\":\"ReadAction\",\"target\":[\"https:\/\/compuviper.mx\/tienda\/producto\/tp-link-mw306r-router-mercusys-300mbps-multimodo-access-point-repetidor-wisp-3-puertos-lan-10-100-1-puerto-wan-10-100-3-antenas-fijas-externas-5dbi-sustituye-a-mw305r\/\"]}]},{\"@type\":\"BreadcrumbList\",\"@id\":\"https:\/\/compuviper.mx\/tienda\/producto\/tp-link-mw306r-router-mercusys-300mbps-multimodo-access-point-repetidor-wisp-3-puertos-lan-10-100-1-puerto-wan-10-100-3-antenas-fijas-externas-5dbi-sustituye-a-mw305r\/#breadcrumb\",\"itemListElement\":[{\"@type\":\"ListItem\",\"position\":1,\"name\":\"Inicio\",\"item\":\"https:\/\/compuviper.mx\/tienda\/\"},{\"@type\":\"ListItem\",\"position\":2,\"name\":\"Productos\",\"item\":\"https:\/\/compuviper.mx\/tienda\/productos\/\"},{\"@type\":\"ListItem\",\"position\":3,\"name\":\"Redes\",\"item\":\"https:\/\/compuviper.mx\/tienda\/categoria-producto\/redes\/\"},{\"@type\":\"ListItem\",\"position\":4,\"name\":\"Router\",\"item\":\"https:\/\/compuviper.mx\/tienda\/categoria-producto\/redes\/router\/\"},{\"@type\":\"ListItem\",\"position\":5,\"name\":\"Tp Link Mw306r Router | Mercusys | | 300mbps | Multimodo, Access Point, Repetidor Wisp | 3 Puertos Lan 10\/100 | 1 Puerto Wan 10\/100 | 3 Antenas Fijas Externas 5dbi | Sustituye A Mw305r\"}]},{\"@type\":\"WebSite\",\"@id\":\"https:\/\/compuviper.mx\/tienda\/#website\",\"url\":\"https:\/\/compuviper.mx\/tienda\/\",\"name\":\"Compuviper\",\"description\":\"Proveedor de Computadoras, Laptops, Servidores, Monitores, Puntos de Venta, Teclados,   Impresoras, T\u00f3ner, C\u00e1maras de Seguridad y m\u00e1s en tu tienda en l\u00ednea\",\"publisher\":{\"@id\":\"https:\/\/compuviper.mx\/tienda\/#organization\"},\"potentialAction\":[{\"@type\":\"SearchAction\",\"target\":{\"@type\":\"EntryPoint\",\"urlTemplate\":\"https:\/\/compuviper.mx\/tienda\/?s={search_term_string}\"},\"query-input\":\"required name=search_term_string\"}],\"inLanguage\":\"es-MX\"},{\"@type\":\"Organization\",\"@id\":\"https:\/\/compuviper.mx\/tienda\/#organization\",\"name\":\"Compuviper\",\"url\":\"https:\/\/compuviper.mx\/tienda\/\",\"logo\":{\"@type\":\"ImageObject\",\"inLanguage\":\"es-MX\",\"@id\":\"https:\/\/compuviper.mx\/tienda\/#\/schema\/logo\/image\/\",\"url\":\"https:\/\/compuviper.mx\/tienda\/wp-content\/uploads\/2021\/08\/Logo-Compuviper-10.png\",\"contentUrl\":\"https:\/\/compuviper.mx\/tienda\/wp-content\/uploads\/2021\/08\/Logo-Compuviper-10.png\",\"width\":1000,\"height\":500,\"caption\":\"Compuviper\"},\"image\":{\"@id\":\"https:\/\/compuviper.mx\/tienda\/#\/schema\/logo\/image\/\"},\"sameAs\":[\"https:\/\/www.facebook.com\/compuviper\",\"https:\/\/www.youtube.com\/channel\/UCf73dERp9Y3cfOq7q8BhLjA?view_as=subscriber\"]}]}<\/script>\n<meta property=\"product:brand\" content=\"TP LINK\" \/>\n<meta property=\"product:price:amount\" content=\"185\" \/>\n<meta property=\"product:price:currency\" content=\"MXN\" \/>\n<meta property=\"og:availability\" content=\"instock\" \/>\n<meta property=\"product:availability\" content=\"instock\" \/>\n<meta property=\"product:retailer_item_id\" content=\"MW306R\" \/>\n<meta property=\"product:condition\" content=\"new\" \/>\n<!-- \/ Yoast SEO plugin. -->","yoast_head_json":{"title":"[ Tp Link ] &#129351; Mw306r Router | Mercusys | | 300mbps | Multimodo, Access Point, Repetidor Wisp | 3 Puertos Lan 10\/100 | 1 Puerto Wan 10\/100 | 3 Antenas Fijas Externas 5dbi | Sustituye A Mw305r","description":"Compra Mw306r Router | Mercusys | | 300mbps | Multimodo, Access Point, Repetidor Wisp | 3 Puertos Lan 10\/100 | 1 Puerto Wan 10\/100 | 3 Antenas Fijas Externas 5dbi | Sustituye A Mw305r + Env\u00edo a domicilio + Pago seguro + Garant\u00eda","robots":{"index":"index","follow":"follow","max-snippet":"max-snippet:-1","max-image-preview":"max-image-preview:large","max-video-preview":"max-video-preview:-1"},"canonical":"https:\/\/compuviper.mx\/tienda\/producto\/tp-link-mw306r-router-mercusys-300mbps-multimodo-access-point-repetidor-wisp-3-puertos-lan-10-100-1-puerto-wan-10-100-3-antenas-fijas-externas-5dbi-sustituye-a-mw305r\/","og_locale":"es_MX","og_type":"article","og_title":"[ Tp Link ] &#129351; Mw306r Router | Mercusys | | 300mbps | Multimodo, Access Point, Repetidor Wisp | 3 Puertos Lan 10\/100 | 1 Puerto Wan 10\/100 | 3 Antenas Fijas Externas 5dbi | Sustituye A Mw305r","og_description":"Compra Mw306r Router | Mercusys | | 300mbps | Multimodo, Access Point, Repetidor Wisp | 3 Puertos Lan 10\/100 | 1 Puerto Wan 10\/100 | 3 Antenas Fijas Externas 5dbi | Sustituye A Mw305r + Env\u00edo a domicilio + Pago seguro + Garant\u00eda","og_url":"https:\/\/compuviper.mx\/tienda\/producto\/tp-link-mw306r-router-mercusys-300mbps-multimodo-access-point-repetidor-wisp-3-puertos-lan-10-100-1-puerto-wan-10-100-3-antenas-fijas-externas-5dbi-sustituye-a-mw305r\/","og_site_name":"Compuviper","article_publisher":"https:\/\/www.facebook.com\/compuviper","og_image":[{"width":200,"height":200,"url":"https:\/\/compuviper.mx\/tienda\/wp-content\/uploads\/2023\/12\/Router-mercusys-mw306r-300mbps-multimodo-access-point-repetidor-wisp-3-puertos-lan-10100-1-puerto-wan-10100-3-antenas-fijas-externas-5dbi-sustituye-a-mw305r.jpg","type":"image\/jpeg"}],"twitter_card":"summary_large_image","twitter_misc":{"Precio":"&#36;185 con IVA","Availability":"In stock"},"schema":{"@context":"https:\/\/schema.org","@graph":[{"@type":"WebPage","@id":"https:\/\/compuviper.mx\/tienda\/producto\/tp-link-mw306r-router-mercusys-300mbps-multimodo-access-point-repetidor-wisp-3-puertos-lan-10-100-1-puerto-wan-10-100-3-antenas-fijas-externas-5dbi-sustituye-a-mw305r\/","url":"https:\/\/compuviper.mx\/tienda\/producto\/tp-link-mw306r-router-mercusys-300mbps-multimodo-access-point-repetidor-wisp-3-puertos-lan-10-100-1-puerto-wan-10-100-3-antenas-fijas-externas-5dbi-sustituye-a-mw305r\/","name":"[ Tp Link ] &#129351; Mw306r Router | Mercusys | | 300mbps | Multimodo, Access Point, Repetidor Wisp | 3 Puertos Lan 10\/100 | 1 Puerto Wan 10\/100 | 3 Antenas Fijas Externas 5dbi | Sustituye A Mw305r","isPartOf":{"@id":"https:\/\/compuviper.mx\/tienda\/#website"},"datePublished":"2026-04-03T05:15:24+00:00","dateModified":"2026-04-03T05:15:24+00:00","description":"Compra Mw306r Router | Mercusys | | 300mbps | Multimodo, Access Point, Repetidor Wisp | 3 Puertos Lan 10\/100 | 1 Puerto Wan 10\/100 | 3 Antenas Fijas Externas 5dbi | Sustituye A Mw305r + Env\u00edo a domicilio + Pago seguro + Garant\u00eda","breadcrumb":{"@id":"https:\/\/compuviper.mx\/tienda\/producto\/tp-link-mw306r-router-mercusys-300mbps-multimodo-access-point-repetidor-wisp-3-puertos-lan-10-100-1-puerto-wan-10-100-3-antenas-fijas-externas-5dbi-sustituye-a-mw305r\/#breadcrumb"},"inLanguage":"es-MX","potentialAction":[{"@type":"ReadAction","target":["https:\/\/compuviper.mx\/tienda\/producto\/tp-link-mw306r-router-mercusys-300mbps-multimodo-access-point-repetidor-wisp-3-puertos-lan-10-100-1-puerto-wan-10-100-3-antenas-fijas-externas-5dbi-sustituye-a-mw305r\/"]}]},{"@type":"BreadcrumbList","@id":"https:\/\/compuviper.mx\/tienda\/producto\/tp-link-mw306r-router-mercusys-300mbps-multimodo-access-point-repetidor-wisp-3-puertos-lan-10-100-1-puerto-wan-10-100-3-antenas-fijas-externas-5dbi-sustituye-a-mw305r\/#breadcrumb","itemListElement":[{"@type":"ListItem","position":1,"name":"Inicio","item":"https:\/\/compuviper.mx\/tienda\/"},{"@type":"ListItem","position":2,"name":"Productos","item":"https:\/\/compuviper.mx\/tienda\/productos\/"},{"@type":"ListItem","position":3,"name":"Redes","item":"https:\/\/compuviper.mx\/tienda\/categoria-producto\/redes\/"},{"@type":"ListItem","position":4,"name":"Router","item":"https:\/\/compuviper.mx\/tienda\/categoria-producto\/redes\/router\/"},{"@type":"ListItem","position":5,"name":"Tp Link Mw306r Router | Mercusys | | 300mbps | Multimodo, Access Point, Repetidor Wisp | 3 Puertos Lan 10\/100 | 1 Puerto Wan 10\/100 | 3 Antenas Fijas Externas 5dbi | Sustituye A Mw305r"}]},{"@type":"WebSite","@id":"https:\/\/compuviper.mx\/tienda\/#website","url":"https:\/\/compuviper.mx\/tienda\/","name":"Compuviper","description":"Proveedor de Computadoras, Laptops, Servidores, Monitores, Puntos de Venta, Teclados,   Impresoras, T\u00f3ner, C\u00e1maras de Seguridad y m\u00e1s en tu tienda en l\u00ednea","publisher":{"@id":"https:\/\/compuviper.mx\/tienda\/#organization"},"potentialAction":[{"@type":"SearchAction","target":{"@type":"EntryPoint","urlTemplate":"https:\/\/compuviper.mx\/tienda\/?s={search_term_string}"},"query-input":"required name=search_term_string"}],"inLanguage":"es-MX"},{"@type":"Organization","@id":"https:\/\/compuviper.mx\/tienda\/#organization","name":"Compuviper","url":"https:\/\/compuviper.mx\/tienda\/","logo":{"@type":"ImageObject","inLanguage":"es-MX","@id":"https:\/\/compuviper.mx\/tienda\/#\/schema\/logo\/image\/","url":"https:\/\/compuviper.mx\/tienda\/wp-content\/uploads\/2021\/08\/Logo-Compuviper-10.png","contentUrl":"https:\/\/compuviper.mx\/tienda\/wp-content\/uploads\/2021\/08\/Logo-Compuviper-10.png","width":1000,"height":500,"caption":"Compuviper"},"image":{"@id":"https:\/\/compuviper.mx\/tienda\/#\/schema\/logo\/image\/"},"sameAs":["https:\/\/www.facebook.com\/compuviper","https:\/\/www.youtube.com\/channel\/UCf73dERp9Y3cfOq7q8BhLjA?view_as=subscriber"]}]},"product_brand":"TP LINK","product_price_amount":"185","product_price_currency":"MXN","og_availability":"instock","product_availability":"instock","product_retailer_item_id":"MW306R","product_condition":"new"},"_links":{"self":[{"href":"https:\/\/compuviper.mx\/tienda\/wp-json\/wp\/v2\/product\/221080"}],"collection":[{"href":"https:\/\/compuviper.mx\/tienda\/wp-json\/wp\/v2\/product"}],"about":[{"href":"https:\/\/compuviper.mx\/tienda\/wp-json\/wp\/v2\/types\/product"}],"replies":[{"embeddable":true,"href":"https:\/\/compuviper.mx\/tienda\/wp-json\/wp\/v2\/comments?post=221080"}],"wp:featuredmedia":[{"embeddable":true,"href":"https:\/\/compuviper.mx\/tienda\/wp-json\/wp\/v2\/media\/221081"}],"wp:attachment":[{"href":"https:\/\/compuviper.mx\/tienda\/wp-json\/wp\/v2\/media?parent=221080"}],"wp:term":[{"taxonomy":"product_cat","embeddable":true,"href":"https:\/\/compuviper.mx\/tienda\/wp-json\/wp\/v2\/product_cat?post=221080"},{"taxonomy":"product_tag","embeddable":true,"href":"https:\/\/compuviper.mx\/tienda\/wp-json\/wp\/v2\/product_tag?post=221080"}],"curies":[{"name":"wp","href":"https:\/\/api.w.org\/{rel}","templated":true}]}}