{"id":221060,"date":"2026-04-15T01:07:30","date_gmt":"2026-04-15T07:07:30","guid":{"rendered":"https:\/\/compuviper.mx\/tienda\/producto\/tp-link-re505x-repetidor-tp-link-inalambrico-extensor-de-rango-wifi-6-ax1500-802-11a-b-g-n-ac-ax-1-rj45-gigabit-wifi-5ghz-1200mbps-y-2-4ghz-300mbps-2-antenas-externas\/"},"modified":"2026-04-15T01:07:31","modified_gmt":"2026-04-15T07:07:31","slug":"tp-link-re505x-repetidor-tp-link-inalambrico-extensor-de-rango-wifi-6-ax1500-802-11a-b-g-n-ac-ax-1-rj45-gigabit-wifi-5ghz-1200mbps-y-2-4ghz-300mbps-2-antenas-externas","status":"publish","type":"product","link":"https:\/\/compuviper.mx\/tienda\/producto\/tp-link-re505x-repetidor-tp-link-inalambrico-extensor-de-rango-wifi-6-ax1500-802-11a-b-g-n-ac-ax-1-rj45-gigabit-wifi-5ghz-1200mbps-y-2-4ghz-300mbps-2-antenas-externas\/","title":{"rendered":"Tp Link Re505x Repetidor |tp-link  |  | Inalambrico | Extensor De Rango | Wifi 6 Ax1500 802.11a\/b\/g\/n\/ac\/ax 1 Rj45 Gigabit Wifi 5ghz 1200mbps Y 2.4ghz 300mbps 2 Antenas Externas"},"content":{"rendered":"<table class=\"descripcion\">\n<tr>\n<td>Caracter\u00edsticas de hardware<\/td>\n<\/tr>\n<tr>\n<td>Puertos 1 puerto gigabit ethernet<\/td>\n<\/tr>\n<tr>\n<td>Bot\u00f3n bot\u00f3n wps, bot\u00f3n de reinicio<\/td>\n<\/tr>\n<tr>\n<td>El consumo de energ\u00eda 10w<\/td>\n<\/tr>\n<tr>\n<td>Dimensiones (an x pr x al) 74,0 \u00d7 46 \u00d7 124,8 mm (2,9 \u00d7 1,8 \u00d7 4,9 pulg.)<\/td>\n<\/tr>\n<tr>\n<td>Antena 2 antenas externas<\/td>\n<\/tr>\n<tr>\n<td>Caracter\u00edsticas inal\u00e1mbricas<\/td>\n<\/tr>\n<tr>\n<td>Est\u00e1ndares inal\u00e1mbricos ieee 802.11a \/ n \/ ac \/ ax 5 ghz, ieee 802.11b \/ g \/ n 2,4 ghz<\/td>\n<\/tr>\n<tr>\n<td>Frecuencia 2,4 ghz y 5 ghz<\/td>\n<\/tr>\n<tr>\n<td>Tasa de se\u00f1al 300 mbps a 2,4 ghz, 1200 mbps a 5 ghz<\/td>\n<\/tr>\n<tr>\n<td>Sensibilidad de recepci\u00f3n 5ghz:<\/td>\n<\/tr>\n<tr>\n<td>11a 6mbps: -93dbm,<\/td>\n<\/tr>\n<tr>\n<td>11a 54mbps: -75dbm<\/td>\n<\/tr>\n<tr>\n<td>11ac ht20 mcs0: -92dbm,<\/td>\n<\/tr>\n<tr>\n<td>11ac ht20 mcs8: -70dbm<\/td>\n<\/tr>\n<tr>\n<td>11ac ht40 mcs0: -90dbm,<\/td>\n<\/tr>\n<tr>\n<td>11ac ht40 mcs9: -66dbm<\/td>\n<\/tr>\n<tr>\n<td>11ac ht80 mcs0: -87dbm mcs,<\/td>\n<\/tr>\n<tr>\n<td>11ac -62dbm<\/td>\n<\/tr>\n<tr>\n<td>2.4ghz:<\/td>\n<\/tr>\n<tr>\n<td>11g 54mbps: -77dbm,<\/td>\n<\/tr>\n<tr>\n<td>11n ht20 mcs7: -75dbm<\/td>\n<\/tr>\n<tr>\n<td>11n ht40 mcs7: -72dbm<\/td>\n<\/tr>\n<tr>\n<td>Transmitir energ\u00eda ce: 2,4 ghz  and #8804; 20 dbm, 5 ghz  and #8804; 30 dbm<\/td>\n<\/tr>\n<tr>\n<td>Funciones inal\u00e1mbricas activar \/ desactivar radio inal\u00e1mbrica, estad\u00edsticas inal\u00e1mbricas<\/td>\n<\/tr>\n<tr>\n<td>Seguridad inal\u00e1mbrica cifrados wep, wpa \/ wpa-psk2 de 64\/128 bits<\/td>\n<\/tr>\n<tr>\n<td>Otros<\/td>\n<\/tr>\n<tr>\n<td>Contenidos del paquete extensor de rango wi-fi re505x<\/td>\n<\/tr>\n<tr>\n<td>Gu\u00eda de instalaci\u00f3n r\u00e1pida<\/td>\n<\/tr>\n<tr>\n<td>Requisitos del sistema microsoft windows 98se, nt, 2000, xp, vista \u0099 o windows 7, 8, 8.1, 10, mac os, netware, unix o linux<\/td>\n<\/tr>\n<tr>\n<td>Internet explorer 11, firefox 12.0, chrome 20.0, safari 4.0 u otro navegador compatible con java<\/td>\n<\/tr>\n<tr>\n<td>Certificaciones fcc, rohs<\/td>\n<\/tr>\n<\/table>\n","protected":false},"excerpt":{"rendered":"<p>Re505x. Extensor de rango wi-fi ax1500. * re505x viene equipado con la \u00faltima tecnolog\u00eda inal\u00e1mbrica, wi-fi 6, para velocidades m\u00e1s r\u00e1pidas, mayor capacidad y menor congesti\u00f3n de la red. * crea una red mesh al conectarse a un enrutador onemesh para una cobertura perfecta en todo el hogar. * puerto gigabit ethernet: proporciona conexiones por cable m\u00e1s r\u00e1pidas a televisores inteligentes, computadoras y consolas de juegos. * luz de se\u00f1al inteligente: ayuda a determinar la mejor ubicaci\u00f3n para una cobertura wi-fi \u00f3ptima al indicar la intensidad de la se\u00f1al en la ubicaci\u00f3n actual. * modo ap: cree un nuevo punto de acceso wi-fi para mejorar su red cableada con capacidad wi-fi. * aplicaci\u00f3n tp-link tether: acceda y administre f\u00e1cilmente su red utilizando cualquier dispositivo m\u00f3vil ios o android. * m\u00e1xima compatibilidad: ampl\u00ede el alcance de cualquier enrutador wi-fi o punto de acceso inal\u00e1mbrico<\/p>\n","protected":false},"featured_media":221061,"comment_status":"open","ping_status":"open","template":"","meta":[],"product_cat":[1563,1755],"product_tag":[1562],"acf":[],"yoast_head":"<!-- This site is optimized with the Yoast SEO plugin v21.7 - https:\/\/yoast.com\/wordpress\/plugins\/seo\/ -->\n<title>[ Tp Link ] &#129351; Re505x Repetidor |tp-link | | Inalambrico | Extensor De Rango | Wifi 6 Ax1500 802.11a\/b\/g\/n\/ac\/ax 1 Rj45 Gigabit Wifi 5ghz 1200mbps Y 2.4ghz 300mbps 2 Antenas Externas<\/title>\n<meta name=\"description\" content=\"Compra Re505x Repetidor |tp-link | | Inalambrico | Extensor De Rango | Wifi 6 Ax1500 802.11a\/b\/g\/n\/ac\/ax 1 Rj45 Gigabit Wifi 5ghz 1200mbps Y 2.4ghz 300mbps 2 Antenas Externas + Env\u00edo a domicilio + Pago seguro + Garant\u00eda\" \/>\n<meta name=\"robots\" content=\"index, follow, max-snippet:-1, max-image-preview:large, max-video-preview:-1\" \/>\n<link rel=\"canonical\" href=\"https:\/\/compuviper.mx\/tienda\/producto\/tp-link-re505x-repetidor-tp-link-inalambrico-extensor-de-rango-wifi-6-ax1500-802-11a-b-g-n-ac-ax-1-rj45-gigabit-wifi-5ghz-1200mbps-y-2-4ghz-300mbps-2-antenas-externas\/\" \/>\n<meta property=\"og:locale\" content=\"es_MX\" \/>\n<meta property=\"og:type\" content=\"article\" \/>\n<meta property=\"og:title\" content=\"[ Tp Link ] &#129351; Re505x Repetidor |tp-link | | Inalambrico | Extensor De Rango | Wifi 6 Ax1500 802.11a\/b\/g\/n\/ac\/ax 1 Rj45 Gigabit Wifi 5ghz 1200mbps Y 2.4ghz 300mbps 2 Antenas Externas\" \/>\n<meta property=\"og:description\" content=\"Compra Re505x Repetidor |tp-link | | Inalambrico | Extensor De Rango | Wifi 6 Ax1500 802.11a\/b\/g\/n\/ac\/ax 1 Rj45 Gigabit Wifi 5ghz 1200mbps Y 2.4ghz 300mbps 2 Antenas Externas + Env\u00edo a domicilio + Pago seguro + Garant\u00eda\" \/>\n<meta property=\"og:url\" content=\"https:\/\/compuviper.mx\/tienda\/producto\/tp-link-re505x-repetidor-tp-link-inalambrico-extensor-de-rango-wifi-6-ax1500-802-11a-b-g-n-ac-ax-1-rj45-gigabit-wifi-5ghz-1200mbps-y-2-4ghz-300mbps-2-antenas-externas\/\" \/>\n<meta property=\"og:site_name\" content=\"Compuviper\" \/>\n<meta property=\"article:publisher\" content=\"https:\/\/www.facebook.com\/compuviper\" \/>\n<meta property=\"article:modified_time\" content=\"2026-04-15T07:07:31+00:00\" \/>\n<meta property=\"og:image\" content=\"https:\/\/compuviper.mx\/tienda\/wp-content\/uploads\/2023\/12\/Repetidor-tp-link-re505x-inalambrico-extensor-de-rango-wifi-6-ax1500-802.11abgnacax-1-rj45-gigabit-wifi-5ghz-1200mbps-y-2.4ghz-300mbps-2-antenas-externas.jpg\" \/>\n\t<meta property=\"og:image:width\" content=\"200\" \/>\n\t<meta property=\"og:image:height\" content=\"200\" \/>\n\t<meta property=\"og:image:type\" content=\"image\/jpeg\" \/>\n<meta name=\"twitter:card\" content=\"summary_large_image\" \/>\n<meta name=\"twitter:label1\" content=\"Precio\" \/>\n\t<meta name=\"twitter:data1\" content=\"&#36;578 con IVA\" \/>\n\t<meta name=\"twitter:label2\" content=\"Availability\" \/>\n\t<meta name=\"twitter:data2\" content=\"In stock\" \/>\n<script type=\"application\/ld+json\" class=\"yoast-schema-graph\">{\"@context\":\"https:\/\/schema.org\",\"@graph\":[{\"@type\":\"WebPage\",\"@id\":\"https:\/\/compuviper.mx\/tienda\/producto\/tp-link-re505x-repetidor-tp-link-inalambrico-extensor-de-rango-wifi-6-ax1500-802-11a-b-g-n-ac-ax-1-rj45-gigabit-wifi-5ghz-1200mbps-y-2-4ghz-300mbps-2-antenas-externas\/\",\"url\":\"https:\/\/compuviper.mx\/tienda\/producto\/tp-link-re505x-repetidor-tp-link-inalambrico-extensor-de-rango-wifi-6-ax1500-802-11a-b-g-n-ac-ax-1-rj45-gigabit-wifi-5ghz-1200mbps-y-2-4ghz-300mbps-2-antenas-externas\/\",\"name\":\"[ Tp Link ] &#129351; Re505x Repetidor |tp-link | | Inalambrico | Extensor De Rango | Wifi 6 Ax1500 802.11a\/b\/g\/n\/ac\/ax 1 Rj45 Gigabit Wifi 5ghz 1200mbps Y 2.4ghz 300mbps 2 Antenas Externas\",\"isPartOf\":{\"@id\":\"https:\/\/compuviper.mx\/tienda\/#website\"},\"datePublished\":\"2026-04-15T07:07:30+00:00\",\"dateModified\":\"2026-04-15T07:07:31+00:00\",\"description\":\"Compra Re505x Repetidor |tp-link | | Inalambrico | Extensor De Rango | Wifi 6 Ax1500 802.11a\/b\/g\/n\/ac\/ax 1 Rj45 Gigabit Wifi 5ghz 1200mbps Y 2.4ghz 300mbps 2 Antenas Externas + Env\u00edo a domicilio + Pago seguro + Garant\u00eda\",\"breadcrumb\":{\"@id\":\"https:\/\/compuviper.mx\/tienda\/producto\/tp-link-re505x-repetidor-tp-link-inalambrico-extensor-de-rango-wifi-6-ax1500-802-11a-b-g-n-ac-ax-1-rj45-gigabit-wifi-5ghz-1200mbps-y-2-4ghz-300mbps-2-antenas-externas\/#breadcrumb\"},\"inLanguage\":\"es-MX\",\"potentialAction\":[{\"@type\":\"ReadAction\",\"target\":[\"https:\/\/compuviper.mx\/tienda\/producto\/tp-link-re505x-repetidor-tp-link-inalambrico-extensor-de-rango-wifi-6-ax1500-802-11a-b-g-n-ac-ax-1-rj45-gigabit-wifi-5ghz-1200mbps-y-2-4ghz-300mbps-2-antenas-externas\/\"]}]},{\"@type\":\"BreadcrumbList\",\"@id\":\"https:\/\/compuviper.mx\/tienda\/producto\/tp-link-re505x-repetidor-tp-link-inalambrico-extensor-de-rango-wifi-6-ax1500-802-11a-b-g-n-ac-ax-1-rj45-gigabit-wifi-5ghz-1200mbps-y-2-4ghz-300mbps-2-antenas-externas\/#breadcrumb\",\"itemListElement\":[{\"@type\":\"ListItem\",\"position\":1,\"name\":\"Inicio\",\"item\":\"https:\/\/compuviper.mx\/tienda\/\"},{\"@type\":\"ListItem\",\"position\":2,\"name\":\"Productos\",\"item\":\"https:\/\/compuviper.mx\/tienda\/productos\/\"},{\"@type\":\"ListItem\",\"position\":3,\"name\":\"Redes\",\"item\":\"https:\/\/compuviper.mx\/tienda\/categoria-producto\/redes\/\"},{\"@type\":\"ListItem\",\"position\":4,\"name\":\"Repetidor Wireless\",\"item\":\"https:\/\/compuviper.mx\/tienda\/categoria-producto\/redes\/repetidor-wireless\/\"},{\"@type\":\"ListItem\",\"position\":5,\"name\":\"Tp Link Re505x Repetidor |tp-link | | Inalambrico | Extensor De Rango | Wifi 6 Ax1500 802.11a\/b\/g\/n\/ac\/ax 1 Rj45 Gigabit Wifi 5ghz 1200mbps Y 2.4ghz 300mbps 2 Antenas Externas\"}]},{\"@type\":\"WebSite\",\"@id\":\"https:\/\/compuviper.mx\/tienda\/#website\",\"url\":\"https:\/\/compuviper.mx\/tienda\/\",\"name\":\"Compuviper\",\"description\":\"Proveedor de Computadoras, Laptops, Servidores, Monitores, Puntos de Venta, Teclados,   Impresoras, T\u00f3ner, C\u00e1maras de Seguridad y m\u00e1s en tu tienda en l\u00ednea\",\"publisher\":{\"@id\":\"https:\/\/compuviper.mx\/tienda\/#organization\"},\"potentialAction\":[{\"@type\":\"SearchAction\",\"target\":{\"@type\":\"EntryPoint\",\"urlTemplate\":\"https:\/\/compuviper.mx\/tienda\/?s={search_term_string}\"},\"query-input\":\"required name=search_term_string\"}],\"inLanguage\":\"es-MX\"},{\"@type\":\"Organization\",\"@id\":\"https:\/\/compuviper.mx\/tienda\/#organization\",\"name\":\"Compuviper\",\"url\":\"https:\/\/compuviper.mx\/tienda\/\",\"logo\":{\"@type\":\"ImageObject\",\"inLanguage\":\"es-MX\",\"@id\":\"https:\/\/compuviper.mx\/tienda\/#\/schema\/logo\/image\/\",\"url\":\"https:\/\/compuviper.mx\/tienda\/wp-content\/uploads\/2021\/08\/Logo-Compuviper-10.png\",\"contentUrl\":\"https:\/\/compuviper.mx\/tienda\/wp-content\/uploads\/2021\/08\/Logo-Compuviper-10.png\",\"width\":1000,\"height\":500,\"caption\":\"Compuviper\"},\"image\":{\"@id\":\"https:\/\/compuviper.mx\/tienda\/#\/schema\/logo\/image\/\"},\"sameAs\":[\"https:\/\/www.facebook.com\/compuviper\",\"https:\/\/www.youtube.com\/channel\/UCf73dERp9Y3cfOq7q8BhLjA?view_as=subscriber\"]}]}<\/script>\n<meta property=\"product:brand\" content=\"TP LINK\" \/>\n<meta property=\"product:price:amount\" content=\"578\" \/>\n<meta property=\"product:price:currency\" content=\"MXN\" \/>\n<meta property=\"og:availability\" content=\"instock\" \/>\n<meta property=\"product:availability\" content=\"instock\" \/>\n<meta property=\"product:retailer_item_id\" content=\"RE505X\" \/>\n<meta property=\"product:condition\" content=\"new\" \/>\n<!-- \/ Yoast SEO plugin. -->","yoast_head_json":{"title":"[ Tp Link ] &#129351; Re505x Repetidor |tp-link | | Inalambrico | Extensor De Rango | Wifi 6 Ax1500 802.11a\/b\/g\/n\/ac\/ax 1 Rj45 Gigabit Wifi 5ghz 1200mbps Y 2.4ghz 300mbps 2 Antenas Externas","description":"Compra Re505x Repetidor |tp-link | | Inalambrico | Extensor De Rango | Wifi 6 Ax1500 802.11a\/b\/g\/n\/ac\/ax 1 Rj45 Gigabit Wifi 5ghz 1200mbps Y 2.4ghz 300mbps 2 Antenas Externas + Env\u00edo a domicilio + Pago seguro + Garant\u00eda","robots":{"index":"index","follow":"follow","max-snippet":"max-snippet:-1","max-image-preview":"max-image-preview:large","max-video-preview":"max-video-preview:-1"},"canonical":"https:\/\/compuviper.mx\/tienda\/producto\/tp-link-re505x-repetidor-tp-link-inalambrico-extensor-de-rango-wifi-6-ax1500-802-11a-b-g-n-ac-ax-1-rj45-gigabit-wifi-5ghz-1200mbps-y-2-4ghz-300mbps-2-antenas-externas\/","og_locale":"es_MX","og_type":"article","og_title":"[ Tp Link ] &#129351; Re505x Repetidor |tp-link | | Inalambrico | Extensor De Rango | Wifi 6 Ax1500 802.11a\/b\/g\/n\/ac\/ax 1 Rj45 Gigabit Wifi 5ghz 1200mbps Y 2.4ghz 300mbps 2 Antenas Externas","og_description":"Compra Re505x Repetidor |tp-link | | Inalambrico | Extensor De Rango | Wifi 6 Ax1500 802.11a\/b\/g\/n\/ac\/ax 1 Rj45 Gigabit Wifi 5ghz 1200mbps Y 2.4ghz 300mbps 2 Antenas Externas + Env\u00edo a domicilio + Pago seguro + Garant\u00eda","og_url":"https:\/\/compuviper.mx\/tienda\/producto\/tp-link-re505x-repetidor-tp-link-inalambrico-extensor-de-rango-wifi-6-ax1500-802-11a-b-g-n-ac-ax-1-rj45-gigabit-wifi-5ghz-1200mbps-y-2-4ghz-300mbps-2-antenas-externas\/","og_site_name":"Compuviper","article_publisher":"https:\/\/www.facebook.com\/compuviper","article_modified_time":"2026-04-15T07:07:31+00:00","og_image":[{"width":200,"height":200,"url":"https:\/\/compuviper.mx\/tienda\/wp-content\/uploads\/2023\/12\/Repetidor-tp-link-re505x-inalambrico-extensor-de-rango-wifi-6-ax1500-802.11abgnacax-1-rj45-gigabit-wifi-5ghz-1200mbps-y-2.4ghz-300mbps-2-antenas-externas.jpg","type":"image\/jpeg"}],"twitter_card":"summary_large_image","twitter_misc":{"Precio":"&#36;578 con IVA","Availability":"In stock"},"schema":{"@context":"https:\/\/schema.org","@graph":[{"@type":"WebPage","@id":"https:\/\/compuviper.mx\/tienda\/producto\/tp-link-re505x-repetidor-tp-link-inalambrico-extensor-de-rango-wifi-6-ax1500-802-11a-b-g-n-ac-ax-1-rj45-gigabit-wifi-5ghz-1200mbps-y-2-4ghz-300mbps-2-antenas-externas\/","url":"https:\/\/compuviper.mx\/tienda\/producto\/tp-link-re505x-repetidor-tp-link-inalambrico-extensor-de-rango-wifi-6-ax1500-802-11a-b-g-n-ac-ax-1-rj45-gigabit-wifi-5ghz-1200mbps-y-2-4ghz-300mbps-2-antenas-externas\/","name":"[ Tp Link ] &#129351; Re505x Repetidor |tp-link | | Inalambrico | Extensor De Rango | Wifi 6 Ax1500 802.11a\/b\/g\/n\/ac\/ax 1 Rj45 Gigabit Wifi 5ghz 1200mbps Y 2.4ghz 300mbps 2 Antenas Externas","isPartOf":{"@id":"https:\/\/compuviper.mx\/tienda\/#website"},"datePublished":"2026-04-15T07:07:30+00:00","dateModified":"2026-04-15T07:07:31+00:00","description":"Compra Re505x Repetidor |tp-link | | Inalambrico | Extensor De Rango | Wifi 6 Ax1500 802.11a\/b\/g\/n\/ac\/ax 1 Rj45 Gigabit Wifi 5ghz 1200mbps Y 2.4ghz 300mbps 2 Antenas Externas + Env\u00edo a domicilio + Pago seguro + Garant\u00eda","breadcrumb":{"@id":"https:\/\/compuviper.mx\/tienda\/producto\/tp-link-re505x-repetidor-tp-link-inalambrico-extensor-de-rango-wifi-6-ax1500-802-11a-b-g-n-ac-ax-1-rj45-gigabit-wifi-5ghz-1200mbps-y-2-4ghz-300mbps-2-antenas-externas\/#breadcrumb"},"inLanguage":"es-MX","potentialAction":[{"@type":"ReadAction","target":["https:\/\/compuviper.mx\/tienda\/producto\/tp-link-re505x-repetidor-tp-link-inalambrico-extensor-de-rango-wifi-6-ax1500-802-11a-b-g-n-ac-ax-1-rj45-gigabit-wifi-5ghz-1200mbps-y-2-4ghz-300mbps-2-antenas-externas\/"]}]},{"@type":"BreadcrumbList","@id":"https:\/\/compuviper.mx\/tienda\/producto\/tp-link-re505x-repetidor-tp-link-inalambrico-extensor-de-rango-wifi-6-ax1500-802-11a-b-g-n-ac-ax-1-rj45-gigabit-wifi-5ghz-1200mbps-y-2-4ghz-300mbps-2-antenas-externas\/#breadcrumb","itemListElement":[{"@type":"ListItem","position":1,"name":"Inicio","item":"https:\/\/compuviper.mx\/tienda\/"},{"@type":"ListItem","position":2,"name":"Productos","item":"https:\/\/compuviper.mx\/tienda\/productos\/"},{"@type":"ListItem","position":3,"name":"Redes","item":"https:\/\/compuviper.mx\/tienda\/categoria-producto\/redes\/"},{"@type":"ListItem","position":4,"name":"Repetidor Wireless","item":"https:\/\/compuviper.mx\/tienda\/categoria-producto\/redes\/repetidor-wireless\/"},{"@type":"ListItem","position":5,"name":"Tp Link Re505x Repetidor |tp-link | | Inalambrico | Extensor De Rango | Wifi 6 Ax1500 802.11a\/b\/g\/n\/ac\/ax 1 Rj45 Gigabit Wifi 5ghz 1200mbps Y 2.4ghz 300mbps 2 Antenas Externas"}]},{"@type":"WebSite","@id":"https:\/\/compuviper.mx\/tienda\/#website","url":"https:\/\/compuviper.mx\/tienda\/","name":"Compuviper","description":"Proveedor de Computadoras, Laptops, Servidores, Monitores, Puntos de Venta, Teclados,   Impresoras, T\u00f3ner, C\u00e1maras de Seguridad y m\u00e1s en tu tienda en l\u00ednea","publisher":{"@id":"https:\/\/compuviper.mx\/tienda\/#organization"},"potentialAction":[{"@type":"SearchAction","target":{"@type":"EntryPoint","urlTemplate":"https:\/\/compuviper.mx\/tienda\/?s={search_term_string}"},"query-input":"required name=search_term_string"}],"inLanguage":"es-MX"},{"@type":"Organization","@id":"https:\/\/compuviper.mx\/tienda\/#organization","name":"Compuviper","url":"https:\/\/compuviper.mx\/tienda\/","logo":{"@type":"ImageObject","inLanguage":"es-MX","@id":"https:\/\/compuviper.mx\/tienda\/#\/schema\/logo\/image\/","url":"https:\/\/compuviper.mx\/tienda\/wp-content\/uploads\/2021\/08\/Logo-Compuviper-10.png","contentUrl":"https:\/\/compuviper.mx\/tienda\/wp-content\/uploads\/2021\/08\/Logo-Compuviper-10.png","width":1000,"height":500,"caption":"Compuviper"},"image":{"@id":"https:\/\/compuviper.mx\/tienda\/#\/schema\/logo\/image\/"},"sameAs":["https:\/\/www.facebook.com\/compuviper","https:\/\/www.youtube.com\/channel\/UCf73dERp9Y3cfOq7q8BhLjA?view_as=subscriber"]}]},"product_brand":"TP LINK","product_price_amount":"578","product_price_currency":"MXN","og_availability":"instock","product_availability":"instock","product_retailer_item_id":"RE505X","product_condition":"new"},"_links":{"self":[{"href":"https:\/\/compuviper.mx\/tienda\/wp-json\/wp\/v2\/product\/221060"}],"collection":[{"href":"https:\/\/compuviper.mx\/tienda\/wp-json\/wp\/v2\/product"}],"about":[{"href":"https:\/\/compuviper.mx\/tienda\/wp-json\/wp\/v2\/types\/product"}],"replies":[{"embeddable":true,"href":"https:\/\/compuviper.mx\/tienda\/wp-json\/wp\/v2\/comments?post=221060"}],"wp:featuredmedia":[{"embeddable":true,"href":"https:\/\/compuviper.mx\/tienda\/wp-json\/wp\/v2\/media\/221061"}],"wp:attachment":[{"href":"https:\/\/compuviper.mx\/tienda\/wp-json\/wp\/v2\/media?parent=221060"}],"wp:term":[{"taxonomy":"product_cat","embeddable":true,"href":"https:\/\/compuviper.mx\/tienda\/wp-json\/wp\/v2\/product_cat?post=221060"},{"taxonomy":"product_tag","embeddable":true,"href":"https:\/\/compuviper.mx\/tienda\/wp-json\/wp\/v2\/product_tag?post=221060"}],"curies":[{"name":"wp","href":"https:\/\/api.w.org\/{rel}","templated":true}]}}