{"id":221054,"date":"2026-04-18T01:10:07","date_gmt":"2026-04-18T07:10:07","guid":{"rendered":"https:\/\/compuviper.mx\/tienda\/producto\/tp-link-tl-sl1226p-switch-tp-link-24-puertos-rj45-10-100-mbps-poe-con-2-puertos-rj45-gigabit-y-2-ranuras-sfp-gigabit-combo-no-administrable-para-rack-19-pulgadas\/"},"modified":"2026-04-18T01:10:08","modified_gmt":"2026-04-18T07:10:08","slug":"tp-link-tl-sl1226p-switch-tp-link-24-puertos-rj45-10-100-mbps-poe-con-2-puertos-rj45-gigabit-y-2-ranuras-sfp-gigabit-combo-no-administrable-para-rack-19-pulgadas","status":"publish","type":"product","link":"https:\/\/compuviper.mx\/tienda\/producto\/tp-link-tl-sl1226p-switch-tp-link-24-puertos-rj45-10-100-mbps-poe-con-2-puertos-rj45-gigabit-y-2-ranuras-sfp-gigabit-combo-no-administrable-para-rack-19-pulgadas\/","title":{"rendered":"Tp Link Tl-sl1226p Switch | Tp-link |  |24 Puertos Rj45 10\/100 Mbps Poe Con 2 Puertos Rj45 Gigabit Y 2 Ranuras Sfp Gigabit Combo | No Administrable | Para Rack 19 Pulgadas"},"content":{"rendered":"<table class=\"descripcion\">\n<tr>\n<td>Caracter\u00edsticas de hardware<\/td>\n<\/tr>\n<tr>\n<td>Interfaz<\/td>\n<\/tr>\n<tr>\n<td>24 puertos poe + 10\/100 mbps rj45<\/td>\n<\/tr>\n<tr>\n<td>2 puertos rj45 de 10\/100\/1000 mbps<\/td>\n<\/tr>\n<tr>\n<td>2 ranuras combo gigabit sfp<\/td>\n<\/tr>\n<tr>\n<td>Medios de red<\/td>\n<\/tr>\n<tr>\n<td>10base-t: cable utp categor\u00eda 3, 4, 5 (m\u00e1ximo 100 m)<\/td>\n<\/tr>\n<tr>\n<td>Eia \/ tia-568 100 and #937; stp (m\u00e1ximo 100 m)<\/td>\n<\/tr>\n<tr>\n<td>100base-tx: utp categor\u00eda 5, cable 5e (m\u00e1ximo 100 m)<\/td>\n<\/tr>\n<tr>\n<td>Eia \/ tia-568 100 and #937; stp (m\u00e1ximo 100 m)<\/td>\n<\/tr>\n<tr>\n<td>1000base-t: cable utp categor\u00eda 5, 5e, 6 o superior (m\u00e1ximo 100 m)<\/td>\n<\/tr>\n<tr>\n<td>Eia \/ tia-568 100 and #937; stp (m\u00e1ximo 100 m)<\/td>\n<\/tr>\n<tr>\n<td>1000base-x mmf, smf<\/td>\n<\/tr>\n<tr>\n<td>Cantidad de ventiladores 2 ventiladores<\/td>\n<\/tr>\n<tr>\n<td>Bloqueo de seguridad f\u00edsica s\u00ed<\/td>\n<\/tr>\n<tr>\n<td>Fuente de alimentaci\u00f3n 100-240 vca, 50\/60 hz<\/td>\n<\/tr>\n<tr>\n<td>Tasa de reenv\u00edo de paquetes 6.5472 mpps<\/td>\n<\/tr>\n<tr>\n<td>Puertos poe + (rj45)<\/td>\n<\/tr>\n<tr>\n<td>Est\u00e1ndar: compatible con 802.3at \/ 802.3af<\/td>\n<\/tr>\n<tr>\n<td>Puertos poe: puerto 1 &#8211; puerto 24<\/td>\n<\/tr>\n<tr>\n<td>Presupuesto de energ\u00eda poe: 250 w<\/td>\n<\/tr>\n<tr>\n<td>Tabla de direcciones mac 8 k<\/td>\n<\/tr>\n<tr>\n<td>Marco jumbo 10 kb<\/td>\n<\/tr>\n<tr>\n<td>Capacidad de conmutaci\u00f3n 8,8 gbps<\/td>\n<\/tr>\n<tr>\n<td>Dimensiones (an x pr x al) 17,3 \u00d7 7,1 \u00d7 1,7 pulgadas (440 \u00d7 180 \u00d7 44 mm)<\/td>\n<\/tr>\n<tr>\n<td>Consumo m\u00e1ximo de energ\u00eda 18,32 w (220\/50 hz. sin pd conectado)<\/td>\n<\/tr>\n<tr>\n<td>294 w (220\/50 hz. con pd de 250 w conectado)<\/td>\n<\/tr>\n<tr>\n<td>Disipaci\u00f3n de calor m\u00e1xima 62,47 btu \/ h (sin pd conectado)<\/td>\n<\/tr>\n<tr>\n<td>1002,54 btu \/ h (con pd de 250 w conectado)<\/td>\n<\/tr>\n<tr>\n<td>Funciones de software<\/td>\n<\/tr>\n<tr>\n<td>Caracter\u00edsticas avanzadas<\/td>\n<\/tr>\n<tr>\n<td>Compatible con pd que cumplen con ieee 802.3at \/ af<\/td>\n<\/tr>\n<tr>\n<td>Modo extendido (fuente de alimentaci\u00f3n poe de hasta 250 m y transmisi\u00f3n de datos)<\/td>\n<\/tr>\n<tr>\n<td>Modo de prioridad<\/td>\n<\/tr>\n<tr>\n<td>Modo de aislamiento<\/td>\n<\/tr>\n<tr>\n<td>Detecci\u00f3n de dp<\/td>\n<\/tr>\n<tr>\n<td>Fuente de alimentaci\u00f3n inteligente<\/td>\n<\/tr>\n<tr>\n<td>Autoaprendizaje y envejecimiento autom\u00e1tico de direcciones mac<\/td>\n<\/tr>\n<tr>\n<td>Control de flujo ieee802.3x<\/td>\n<\/tr>\n<tr>\n<td>M\u00e9todo de transmisi\u00f3n almacenamiento y reenvio<\/td>\n<\/tr>\n<tr>\n<td>Otros<\/td>\n<\/tr>\n<tr>\n<td>Certificaci\u00f3n ce, fcc, rohs<\/td>\n<\/tr>\n<tr>\n<td>Contenidos del paquete<\/td>\n<\/tr>\n<tr>\n<td>Tl-sl1226p<\/td>\n<\/tr>\n<tr>\n<td>Cable de energ\u00eda<\/td>\n<\/tr>\n<tr>\n<td>Gu\u00eda de instalaci\u00f3n<\/td>\n<\/tr>\n<tr>\n<td>Dos soportes de montaje y accesorios<\/td>\n<\/tr>\n<tr>\n<td>Ambiente<\/td>\n<\/tr>\n<tr>\n<td>Temperatura de funcionamiento: 0\u009650 \u00b0 c (32\u0096122 \u00b0 f)<\/td>\n<\/tr>\n<tr>\n<td>Temperatura de almacenamiento: -40\u009670 \u00b0 c (-40\u0096158 \u00b0 f)<\/td>\n<\/tr>\n<tr>\n<td>Humedad de funcionamiento: 10 a 90% sin condensaci\u00f3n<\/td>\n<\/tr>\n<tr>\n<td>Humedad de almacenamiento: 5 a 90% sin condensaci\u00f3n<\/td>\n<\/tr>\n<\/table>\n","protected":false},"excerpt":{"rendered":"<p>Tl-sl1226p. Switch poe + no administrado gigabit de 24 puertos a 10 \/ 100mbps + 2 puertos. * 24 puertos rj45 poe + 10\/100 mbps, 2 puertos gigabit rj45 y 2 ranuras combo gigabit sfp. * alto presupuesto de energ\u00eda poe con hasta 30 w para cada puerto poe y 250 w para todos los puertos poe . * alcance de transmisi\u00f3n poe de datos y energ\u00eda de hasta 250 m en modo extendido **, ideal para sistemas de vigilancia. * el modo de prioridad asegura una alta prioridad de los puertos 1 a 8 para garantizar la calidad de aplicaciones sensibles como el monitor de video. * el modo de aislamiento permite la separaci\u00f3n del tr\u00e1fico del cliente con un solo clic para una mayor seguridad y rendimiento. * plug and play, sin necesidad de configuraci\u00f3n e instalaci\u00f3n. Conmutador poe + de 24 puertos dedicado para. Amplia gama de aplicaciones con presupuesto poe de 250 w. El cumplimiento del est\u00e1ndar 802.3af \/ at poe + admite hasta 30 w en cada puerto poe. El presupuesto total de energ\u00eda poe de 250 w * para los puertos 24 \u00d7 poe hace que tenga una amplia gama de aplicaciones, como vigilancia, oficinas, dormitorios y peque\u00f1as empresas. Es totalmente compatible con c\u00e1maras ip, puntos de acceso, tel\u00e9fonos ip, computadoras, impresoras, etc. Dise\u00f1o dedicado para vigilancia ip: transmisi\u00f3n de hasta 250 m. Con el modo extendido, la distancia de transmisi\u00f3n poe alcanza hasta 250 m *, perfecto para la implementaci\u00f3n de c\u00e1maras ip en \u00e1reas extensas. * la velocidad de los puertos en modo extendido bajar\u00e1 a 10 mbps. La distancia de transmisi\u00f3n real puede variar debido a la calidad del cable. Dise\u00f1o dedicado para la vigilancia ip: mayor rendimiento y seguridad. El modo de prioridad y el modo de aislamiento hacen que la vigilancia sea m\u00e1s fluida y segura. Bot\u00f3n de modo de prioridad. Calidad de video prioritaria garantizada. La calidad de las aplicaciones sensibles, como el monitoreo de video en \u00e1reas comerciales cr\u00edticas, est\u00e1 garantizada al ofrecer opciones de mayor prioridad para los puertos 1 a 8 cuando el modo de prioridad de un toque est\u00e1 activado. Bot\u00f3n de modo de aislamiento. Separaci\u00f3n de tr\u00e1fico con un clic para los puertos 1-24. Con un clic, el modo de aislamiento divide f\u00e1cilmente el tr\u00e1fico de los puertos 1\u009624 para evitar espionaje y manipulaci\u00f3n. Esto permite que el conmutador a\u00edsle la tormenta de difusi\u00f3n, mejorando la seguridad de la lan y la transmisi\u00f3n de datos. Monitoreo de video hd fluido. 2 puertos gigabit rj45 y 2 puertos combinados gigabit sfp garantizan una transmisi\u00f3n fluida incluso cuando las c\u00e1maras ip hd de 24 \u00d7 funcionan simult\u00e1neamente. Amplia temperatura de funcionamiento con buena disipaci\u00f3n de calor. La carcasa de metal duradera y el dise\u00f1o profesional de disipaci\u00f3n de calor garantizan una amplia temperatura de funcionamiento (0\u009650  and #8451;) con fiabilidad.<\/p>\n","protected":false},"featured_media":221055,"comment_status":"open","ping_status":"open","template":"","meta":[],"product_cat":[1563,1564],"product_tag":[1562],"acf":[],"yoast_head":"<!-- This site is optimized with the Yoast SEO plugin v21.7 - https:\/\/yoast.com\/wordpress\/plugins\/seo\/ -->\n<title>[ Tp Link ] &#129351; Tl-sl1226p Switch | Tp-link | |24 Puertos Rj45 10\/100 Mbps Poe Con 2 Puertos Rj45 Gigabit Y 2 Ranuras Sfp Gigabit Combo | No Administrable | Para Rack 19 Pulgadas<\/title>\n<meta name=\"description\" content=\"Compra Tl-sl1226p Switch | Tp-link | |24 Puertos Rj45 10\/100 Mbps Poe Con 2 Puertos Rj45 Gigabit Y 2 Ranuras Sfp Gigabit Combo | No Administrable | Para Rack 19 Pulgadas + Env\u00edo a domicilio + Pago seguro + Garant\u00eda\" \/>\n<meta name=\"robots\" content=\"index, follow, max-snippet:-1, max-image-preview:large, max-video-preview:-1\" \/>\n<link rel=\"canonical\" href=\"https:\/\/compuviper.mx\/tienda\/producto\/tp-link-tl-sl1226p-switch-tp-link-24-puertos-rj45-10-100-mbps-poe-con-2-puertos-rj45-gigabit-y-2-ranuras-sfp-gigabit-combo-no-administrable-para-rack-19-pulgadas\/\" \/>\n<meta property=\"og:locale\" content=\"es_MX\" \/>\n<meta property=\"og:type\" content=\"article\" \/>\n<meta property=\"og:title\" content=\"[ Tp Link ] &#129351; Tl-sl1226p Switch | Tp-link | |24 Puertos Rj45 10\/100 Mbps Poe Con 2 Puertos Rj45 Gigabit Y 2 Ranuras Sfp Gigabit Combo | No Administrable | Para Rack 19 Pulgadas\" \/>\n<meta property=\"og:description\" content=\"Compra Tl-sl1226p Switch | Tp-link | |24 Puertos Rj45 10\/100 Mbps Poe Con 2 Puertos Rj45 Gigabit Y 2 Ranuras Sfp Gigabit Combo | No Administrable | Para Rack 19 Pulgadas + Env\u00edo a domicilio + Pago seguro + Garant\u00eda\" \/>\n<meta property=\"og:url\" content=\"https:\/\/compuviper.mx\/tienda\/producto\/tp-link-tl-sl1226p-switch-tp-link-24-puertos-rj45-10-100-mbps-poe-con-2-puertos-rj45-gigabit-y-2-ranuras-sfp-gigabit-combo-no-administrable-para-rack-19-pulgadas\/\" \/>\n<meta property=\"og:site_name\" content=\"Compuviper\" \/>\n<meta property=\"article:publisher\" content=\"https:\/\/www.facebook.com\/compuviper\" \/>\n<meta property=\"article:modified_time\" content=\"2026-04-18T07:10:08+00:00\" \/>\n<meta property=\"og:image\" content=\"https:\/\/compuviper.mx\/tienda\/wp-content\/uploads\/2023\/12\/Switch-tp-link-tl-sl1226p-24-puertos-rj45-10100-mbps-poe-con-2-puertos-rj45-gigabit-y-2-ranuras-sfp-gigabit-combo-no-administrable-para-rack-19-pulgadas.jpg\" \/>\n\t<meta property=\"og:image:width\" content=\"200\" \/>\n\t<meta property=\"og:image:height\" content=\"200\" \/>\n\t<meta property=\"og:image:type\" content=\"image\/jpeg\" \/>\n<meta name=\"twitter:card\" content=\"summary_large_image\" \/>\n<meta name=\"twitter:label1\" content=\"Precio\" \/>\n\t<meta name=\"twitter:data1\" content=\"&#36;3,051 con IVA\" \/>\n\t<meta name=\"twitter:label2\" content=\"Availability\" \/>\n\t<meta name=\"twitter:data2\" content=\"Out of stock\" \/>\n<script type=\"application\/ld+json\" class=\"yoast-schema-graph\">{\"@context\":\"https:\/\/schema.org\",\"@graph\":[{\"@type\":\"WebPage\",\"@id\":\"https:\/\/compuviper.mx\/tienda\/producto\/tp-link-tl-sl1226p-switch-tp-link-24-puertos-rj45-10-100-mbps-poe-con-2-puertos-rj45-gigabit-y-2-ranuras-sfp-gigabit-combo-no-administrable-para-rack-19-pulgadas\/\",\"url\":\"https:\/\/compuviper.mx\/tienda\/producto\/tp-link-tl-sl1226p-switch-tp-link-24-puertos-rj45-10-100-mbps-poe-con-2-puertos-rj45-gigabit-y-2-ranuras-sfp-gigabit-combo-no-administrable-para-rack-19-pulgadas\/\",\"name\":\"[ Tp Link ] &#129351; Tl-sl1226p Switch | Tp-link | |24 Puertos Rj45 10\/100 Mbps Poe Con 2 Puertos Rj45 Gigabit Y 2 Ranuras Sfp Gigabit Combo | No Administrable | Para Rack 19 Pulgadas\",\"isPartOf\":{\"@id\":\"https:\/\/compuviper.mx\/tienda\/#website\"},\"datePublished\":\"2026-04-18T07:10:07+00:00\",\"dateModified\":\"2026-04-18T07:10:08+00:00\",\"description\":\"Compra Tl-sl1226p Switch | Tp-link | |24 Puertos Rj45 10\/100 Mbps Poe Con 2 Puertos Rj45 Gigabit Y 2 Ranuras Sfp Gigabit Combo | No Administrable | Para Rack 19 Pulgadas + Env\u00edo a domicilio + Pago seguro + Garant\u00eda\",\"breadcrumb\":{\"@id\":\"https:\/\/compuviper.mx\/tienda\/producto\/tp-link-tl-sl1226p-switch-tp-link-24-puertos-rj45-10-100-mbps-poe-con-2-puertos-rj45-gigabit-y-2-ranuras-sfp-gigabit-combo-no-administrable-para-rack-19-pulgadas\/#breadcrumb\"},\"inLanguage\":\"es-MX\",\"potentialAction\":[{\"@type\":\"ReadAction\",\"target\":[\"https:\/\/compuviper.mx\/tienda\/producto\/tp-link-tl-sl1226p-switch-tp-link-24-puertos-rj45-10-100-mbps-poe-con-2-puertos-rj45-gigabit-y-2-ranuras-sfp-gigabit-combo-no-administrable-para-rack-19-pulgadas\/\"]}]},{\"@type\":\"BreadcrumbList\",\"@id\":\"https:\/\/compuviper.mx\/tienda\/producto\/tp-link-tl-sl1226p-switch-tp-link-24-puertos-rj45-10-100-mbps-poe-con-2-puertos-rj45-gigabit-y-2-ranuras-sfp-gigabit-combo-no-administrable-para-rack-19-pulgadas\/#breadcrumb\",\"itemListElement\":[{\"@type\":\"ListItem\",\"position\":1,\"name\":\"Inicio\",\"item\":\"https:\/\/compuviper.mx\/tienda\/\"},{\"@type\":\"ListItem\",\"position\":2,\"name\":\"Productos\",\"item\":\"https:\/\/compuviper.mx\/tienda\/productos\/\"},{\"@type\":\"ListItem\",\"position\":3,\"name\":\"Redes\",\"item\":\"https:\/\/compuviper.mx\/tienda\/categoria-producto\/redes\/\"},{\"@type\":\"ListItem\",\"position\":4,\"name\":\"Switch\",\"item\":\"https:\/\/compuviper.mx\/tienda\/categoria-producto\/redes\/switch\/\"},{\"@type\":\"ListItem\",\"position\":5,\"name\":\"Tp Link Tl-sl1226p Switch | Tp-link | |24 Puertos Rj45 10\/100 Mbps Poe Con 2 Puertos Rj45 Gigabit Y 2 Ranuras Sfp Gigabit Combo | No Administrable | Para Rack 19 Pulgadas\"}]},{\"@type\":\"WebSite\",\"@id\":\"https:\/\/compuviper.mx\/tienda\/#website\",\"url\":\"https:\/\/compuviper.mx\/tienda\/\",\"name\":\"Compuviper\",\"description\":\"Proveedor de Computadoras, Laptops, Servidores, Monitores, Puntos de Venta, Teclados,   Impresoras, T\u00f3ner, C\u00e1maras de Seguridad y m\u00e1s en tu tienda en l\u00ednea\",\"publisher\":{\"@id\":\"https:\/\/compuviper.mx\/tienda\/#organization\"},\"potentialAction\":[{\"@type\":\"SearchAction\",\"target\":{\"@type\":\"EntryPoint\",\"urlTemplate\":\"https:\/\/compuviper.mx\/tienda\/?s={search_term_string}\"},\"query-input\":\"required name=search_term_string\"}],\"inLanguage\":\"es-MX\"},{\"@type\":\"Organization\",\"@id\":\"https:\/\/compuviper.mx\/tienda\/#organization\",\"name\":\"Compuviper\",\"url\":\"https:\/\/compuviper.mx\/tienda\/\",\"logo\":{\"@type\":\"ImageObject\",\"inLanguage\":\"es-MX\",\"@id\":\"https:\/\/compuviper.mx\/tienda\/#\/schema\/logo\/image\/\",\"url\":\"https:\/\/compuviper.mx\/tienda\/wp-content\/uploads\/2021\/08\/Logo-Compuviper-10.png\",\"contentUrl\":\"https:\/\/compuviper.mx\/tienda\/wp-content\/uploads\/2021\/08\/Logo-Compuviper-10.png\",\"width\":1000,\"height\":500,\"caption\":\"Compuviper\"},\"image\":{\"@id\":\"https:\/\/compuviper.mx\/tienda\/#\/schema\/logo\/image\/\"},\"sameAs\":[\"https:\/\/www.facebook.com\/compuviper\",\"https:\/\/www.youtube.com\/channel\/UCf73dERp9Y3cfOq7q8BhLjA?view_as=subscriber\"]}]}<\/script>\n<meta property=\"product:brand\" content=\"TP LINK\" \/>\n<meta property=\"product:price:amount\" content=\"3051\" \/>\n<meta property=\"product:price:currency\" content=\"MXN\" \/>\n<meta property=\"og:availability\" content=\"out of stock\" \/>\n<meta property=\"product:availability\" content=\"out of stock\" \/>\n<meta property=\"product:retailer_item_id\" content=\"TL-SL1226P\" \/>\n<meta property=\"product:condition\" content=\"new\" \/>\n<!-- \/ Yoast SEO plugin. -->","yoast_head_json":{"title":"[ Tp Link ] &#129351; Tl-sl1226p Switch | Tp-link | |24 Puertos Rj45 10\/100 Mbps Poe Con 2 Puertos Rj45 Gigabit Y 2 Ranuras Sfp Gigabit Combo | No Administrable | Para Rack 19 Pulgadas","description":"Compra Tl-sl1226p Switch | Tp-link | |24 Puertos Rj45 10\/100 Mbps Poe Con 2 Puertos Rj45 Gigabit Y 2 Ranuras Sfp Gigabit Combo | No Administrable | Para Rack 19 Pulgadas + Env\u00edo a domicilio + Pago seguro + Garant\u00eda","robots":{"index":"index","follow":"follow","max-snippet":"max-snippet:-1","max-image-preview":"max-image-preview:large","max-video-preview":"max-video-preview:-1"},"canonical":"https:\/\/compuviper.mx\/tienda\/producto\/tp-link-tl-sl1226p-switch-tp-link-24-puertos-rj45-10-100-mbps-poe-con-2-puertos-rj45-gigabit-y-2-ranuras-sfp-gigabit-combo-no-administrable-para-rack-19-pulgadas\/","og_locale":"es_MX","og_type":"article","og_title":"[ Tp Link ] &#129351; Tl-sl1226p Switch | Tp-link | |24 Puertos Rj45 10\/100 Mbps Poe Con 2 Puertos Rj45 Gigabit Y 2 Ranuras Sfp Gigabit Combo | No Administrable | Para Rack 19 Pulgadas","og_description":"Compra Tl-sl1226p Switch | Tp-link | |24 Puertos Rj45 10\/100 Mbps Poe Con 2 Puertos Rj45 Gigabit Y 2 Ranuras Sfp Gigabit Combo | No Administrable | Para Rack 19 Pulgadas + Env\u00edo a domicilio + Pago seguro + Garant\u00eda","og_url":"https:\/\/compuviper.mx\/tienda\/producto\/tp-link-tl-sl1226p-switch-tp-link-24-puertos-rj45-10-100-mbps-poe-con-2-puertos-rj45-gigabit-y-2-ranuras-sfp-gigabit-combo-no-administrable-para-rack-19-pulgadas\/","og_site_name":"Compuviper","article_publisher":"https:\/\/www.facebook.com\/compuviper","article_modified_time":"2026-04-18T07:10:08+00:00","og_image":[{"width":200,"height":200,"url":"https:\/\/compuviper.mx\/tienda\/wp-content\/uploads\/2023\/12\/Switch-tp-link-tl-sl1226p-24-puertos-rj45-10100-mbps-poe-con-2-puertos-rj45-gigabit-y-2-ranuras-sfp-gigabit-combo-no-administrable-para-rack-19-pulgadas.jpg","type":"image\/jpeg"}],"twitter_card":"summary_large_image","twitter_misc":{"Precio":"&#36;3,051 con IVA","Availability":"Out of stock"},"schema":{"@context":"https:\/\/schema.org","@graph":[{"@type":"WebPage","@id":"https:\/\/compuviper.mx\/tienda\/producto\/tp-link-tl-sl1226p-switch-tp-link-24-puertos-rj45-10-100-mbps-poe-con-2-puertos-rj45-gigabit-y-2-ranuras-sfp-gigabit-combo-no-administrable-para-rack-19-pulgadas\/","url":"https:\/\/compuviper.mx\/tienda\/producto\/tp-link-tl-sl1226p-switch-tp-link-24-puertos-rj45-10-100-mbps-poe-con-2-puertos-rj45-gigabit-y-2-ranuras-sfp-gigabit-combo-no-administrable-para-rack-19-pulgadas\/","name":"[ Tp Link ] &#129351; Tl-sl1226p Switch | Tp-link | |24 Puertos Rj45 10\/100 Mbps Poe Con 2 Puertos Rj45 Gigabit Y 2 Ranuras Sfp Gigabit Combo | No Administrable | Para Rack 19 Pulgadas","isPartOf":{"@id":"https:\/\/compuviper.mx\/tienda\/#website"},"datePublished":"2026-04-18T07:10:07+00:00","dateModified":"2026-04-18T07:10:08+00:00","description":"Compra Tl-sl1226p Switch | Tp-link | |24 Puertos Rj45 10\/100 Mbps Poe Con 2 Puertos Rj45 Gigabit Y 2 Ranuras Sfp Gigabit Combo | No Administrable | Para Rack 19 Pulgadas + Env\u00edo a domicilio + Pago seguro + Garant\u00eda","breadcrumb":{"@id":"https:\/\/compuviper.mx\/tienda\/producto\/tp-link-tl-sl1226p-switch-tp-link-24-puertos-rj45-10-100-mbps-poe-con-2-puertos-rj45-gigabit-y-2-ranuras-sfp-gigabit-combo-no-administrable-para-rack-19-pulgadas\/#breadcrumb"},"inLanguage":"es-MX","potentialAction":[{"@type":"ReadAction","target":["https:\/\/compuviper.mx\/tienda\/producto\/tp-link-tl-sl1226p-switch-tp-link-24-puertos-rj45-10-100-mbps-poe-con-2-puertos-rj45-gigabit-y-2-ranuras-sfp-gigabit-combo-no-administrable-para-rack-19-pulgadas\/"]}]},{"@type":"BreadcrumbList","@id":"https:\/\/compuviper.mx\/tienda\/producto\/tp-link-tl-sl1226p-switch-tp-link-24-puertos-rj45-10-100-mbps-poe-con-2-puertos-rj45-gigabit-y-2-ranuras-sfp-gigabit-combo-no-administrable-para-rack-19-pulgadas\/#breadcrumb","itemListElement":[{"@type":"ListItem","position":1,"name":"Inicio","item":"https:\/\/compuviper.mx\/tienda\/"},{"@type":"ListItem","position":2,"name":"Productos","item":"https:\/\/compuviper.mx\/tienda\/productos\/"},{"@type":"ListItem","position":3,"name":"Redes","item":"https:\/\/compuviper.mx\/tienda\/categoria-producto\/redes\/"},{"@type":"ListItem","position":4,"name":"Switch","item":"https:\/\/compuviper.mx\/tienda\/categoria-producto\/redes\/switch\/"},{"@type":"ListItem","position":5,"name":"Tp Link Tl-sl1226p Switch | Tp-link | |24 Puertos Rj45 10\/100 Mbps Poe Con 2 Puertos Rj45 Gigabit Y 2 Ranuras Sfp Gigabit Combo | No Administrable | Para Rack 19 Pulgadas"}]},{"@type":"WebSite","@id":"https:\/\/compuviper.mx\/tienda\/#website","url":"https:\/\/compuviper.mx\/tienda\/","name":"Compuviper","description":"Proveedor de Computadoras, Laptops, Servidores, Monitores, Puntos de Venta, Teclados,   Impresoras, T\u00f3ner, C\u00e1maras de Seguridad y m\u00e1s en tu tienda en l\u00ednea","publisher":{"@id":"https:\/\/compuviper.mx\/tienda\/#organization"},"potentialAction":[{"@type":"SearchAction","target":{"@type":"EntryPoint","urlTemplate":"https:\/\/compuviper.mx\/tienda\/?s={search_term_string}"},"query-input":"required name=search_term_string"}],"inLanguage":"es-MX"},{"@type":"Organization","@id":"https:\/\/compuviper.mx\/tienda\/#organization","name":"Compuviper","url":"https:\/\/compuviper.mx\/tienda\/","logo":{"@type":"ImageObject","inLanguage":"es-MX","@id":"https:\/\/compuviper.mx\/tienda\/#\/schema\/logo\/image\/","url":"https:\/\/compuviper.mx\/tienda\/wp-content\/uploads\/2021\/08\/Logo-Compuviper-10.png","contentUrl":"https:\/\/compuviper.mx\/tienda\/wp-content\/uploads\/2021\/08\/Logo-Compuviper-10.png","width":1000,"height":500,"caption":"Compuviper"},"image":{"@id":"https:\/\/compuviper.mx\/tienda\/#\/schema\/logo\/image\/"},"sameAs":["https:\/\/www.facebook.com\/compuviper","https:\/\/www.youtube.com\/channel\/UCf73dERp9Y3cfOq7q8BhLjA?view_as=subscriber"]}]},"product_brand":"TP LINK","product_price_amount":"3051","product_price_currency":"MXN","og_availability":"out of stock","product_availability":"out of stock","product_retailer_item_id":"TL-SL1226P","product_condition":"new"},"_links":{"self":[{"href":"https:\/\/compuviper.mx\/tienda\/wp-json\/wp\/v2\/product\/221054"}],"collection":[{"href":"https:\/\/compuviper.mx\/tienda\/wp-json\/wp\/v2\/product"}],"about":[{"href":"https:\/\/compuviper.mx\/tienda\/wp-json\/wp\/v2\/types\/product"}],"replies":[{"embeddable":true,"href":"https:\/\/compuviper.mx\/tienda\/wp-json\/wp\/v2\/comments?post=221054"}],"wp:featuredmedia":[{"embeddable":true,"href":"https:\/\/compuviper.mx\/tienda\/wp-json\/wp\/v2\/media\/221055"}],"wp:attachment":[{"href":"https:\/\/compuviper.mx\/tienda\/wp-json\/wp\/v2\/media?parent=221054"}],"wp:term":[{"taxonomy":"product_cat","embeddable":true,"href":"https:\/\/compuviper.mx\/tienda\/wp-json\/wp\/v2\/product_cat?post=221054"},{"taxonomy":"product_tag","embeddable":true,"href":"https:\/\/compuviper.mx\/tienda\/wp-json\/wp\/v2\/product_tag?post=221054"}],"curies":[{"name":"wp","href":"https:\/\/api.w.org\/{rel}","templated":true}]}}