{"id":221048,"date":"2026-04-18T01:10:06","date_gmt":"2026-04-18T07:10:06","guid":{"rendered":"https:\/\/compuviper.mx\/tienda\/producto\/tp-link-tl-sg1210p-switch-tp-link-8-puertos-rj45-gigabit-10-100-1000-mbps-poe-con-1-puerto-rj45-gigabit-y-1-ranura-sfp-gigabit-no-administrable-para-escritorio\/"},"modified":"2026-04-18T01:10:06","modified_gmt":"2026-04-18T07:10:06","slug":"tp-link-tl-sg1210p-switch-tp-link-8-puertos-rj45-gigabit-10-100-1000-mbps-poe-con-1-puerto-rj45-gigabit-y-1-ranura-sfp-gigabit-no-administrable-para-escritorio","status":"publish","type":"product","link":"https:\/\/compuviper.mx\/tienda\/producto\/tp-link-tl-sg1210p-switch-tp-link-8-puertos-rj45-gigabit-10-100-1000-mbps-poe-con-1-puerto-rj45-gigabit-y-1-ranura-sfp-gigabit-no-administrable-para-escritorio\/","title":{"rendered":"Tp Link Tl-sg1210p Switch | Tp-link |  | 8 Puertos | Rj45 Gigabit 10\/100\/1000 Mbps Poe Con 1 Puerto Rj45 Gigabit Y 1 Ranura Sfp Gigabit No Administrable Para Escritorio"},"content":{"rendered":"<table class=\"descripcion\">\n<tr>\n<td>Caracter\u00edsticas de hardware<\/td>\n<\/tr>\n<tr>\n<td>Interfaz 8 puertos rj45 poe +<\/td>\n<\/tr>\n<tr>\n<td>10\/100\/1000 mbps<\/td>\n<\/tr>\n<tr>\n<td>1 puerto rj45 10\/100\/1000 mbps 1 ranura sfp gigabit<\/td>\n<\/tr>\n<tr>\n<td>Medios de red 10base-t: cable utp categor\u00eda 3, 4, 5 (m\u00e1ximo 100 m)<\/td>\n<\/tr>\n<tr>\n<td>Eia \/ tia-568 100  and #937; stp (m\u00e1ximo 100 m)<\/td>\n<\/tr>\n<tr>\n<td>100base-tx: utp categor\u00eda 5, cable 5e (m\u00e1ximo 100 m)<\/td>\n<\/tr>\n<tr>\n<td>Eia \/ tia-568 100  and #937; stp (m\u00e1ximo 100 m)<\/td>\n<\/tr>\n<tr>\n<td>1000base-t: cable utp categor\u00eda 5, 5e, 6 o superior (m\u00e1ximo 100 m)<\/td>\n<\/tr>\n<tr>\n<td>Eia \/ tia-568 100 and #937; stp (m\u00e1ximo 100 m)<\/td>\n<\/tr>\n<tr>\n<td>1000base-x mmf, smf<\/td>\n<\/tr>\n<tr>\n<td>Cantidad de ventiladores sin ventilador<\/td>\n<\/tr>\n<tr>\n<td>Bloqueo de seguridad f\u00edsica s\u00ed<\/td>\n<\/tr>\n<tr>\n<td>Fuente de alimentaci\u00f3n adaptador de corriente externo (salida: 53,5 v cc \/ 1,31 a)<\/td>\n<\/tr>\n<tr>\n<td>Tasa de reenv\u00edo de paquetes 14,88 mpps<\/td>\n<\/tr>\n<tr>\n<td>Puertos poe + (rj45) est\u00e1ndar: compatible con 802.3at \/ 802.3af<\/td>\n<\/tr>\n<tr>\n<td>Puertos poe: puerto 1 &#8211; puerto 8<\/td>\n<\/tr>\n<tr>\n<td>Poe presupuesto de energ\u00eda: 63 w<\/td>\n<\/tr>\n<tr>\n<td>Tabla de direcciones mac 4k<\/td>\n<\/tr>\n<tr>\n<td>Marco jumbo 16 kb<\/td>\n<\/tr>\n<tr>\n<td>Capacidad de conmutaci\u00f3n 20 gbps<\/td>\n<\/tr>\n<tr>\n<td>Dimensiones (an x pr x al) 209 \u00d7 126 \u00d7 26 mil\u00edmetro<\/td>\n<\/tr>\n<tr>\n<td>Consumo m\u00e1ximo de energ\u00eda 7,11 w (220\/50 hz. sin pd conectado)<\/td>\n<\/tr>\n<tr>\n<td>78,13 w (220\/50 hz. con pd de 63 w conectado)<\/td>\n<\/tr>\n<tr>\n<td>Disipaci\u00f3n de calor m\u00e1xima 24,25 btu \/ h (sin pd conectado)<\/td>\n<\/tr>\n<tr>\n<td>266,42 btu \/ h (con pd de 63 w conectado)<\/td>\n<\/tr>\n<tr>\n<td>Funciones de software<\/td>\n<\/tr>\n<tr>\n<td>Caracter\u00edsticas avanzadas compatible con ieee 802.3af \/ at compatible con pds<\/td>\n<\/tr>\n<tr>\n<td>Eee802.3x control de flujo<\/td>\n<\/tr>\n<tr>\n<td>802.1p \/ dscp qos<\/td>\n<\/tr>\n<tr>\n<td>Igmp snooping<\/td>\n<\/tr>\n<tr>\n<td>M\u00e9todo de transmisi\u00f3n almacenamiento y reenvio<\/td>\n<\/tr>\n<tr>\n<td>Otros<\/td>\n<\/tr>\n<tr>\n<td>Certificaci\u00f3n ce, fcc, rohs<\/td>\n<\/tr>\n<tr>\n<td>Contenidos del paquete:<\/td>\n<\/tr>\n<tr>\n<td>Tl-sg1210p, adaptador de corriente, gu\u00eda de instalaci\u00f3n<\/td>\n<\/tr>\n<tr>\n<td>Ambiente temperatura de funcionamiento: 0 \u00b0 c ~ 40 \u00b0 c (32 \u00b0 f ~ 104 \u00b0 f)<\/td>\n<\/tr>\n<tr>\n<td>Temperatura de almacenamiento: -40 \u00b0 c ~ 70 \u00b0 c (-40 \u00b0 f ~ 158 \u00b0 f)<\/td>\n<\/tr>\n<tr>\n<td>Humedad de funcionamiento: 10% ~ 90% no condensaci\u00f3n<\/td>\n<\/tr>\n<tr>\n<td>Humedad de almacenamiento: 5% ~ 90% sin condensaci\u00f3n<\/td>\n<\/tr>\n<\/table>\n","protected":false},"excerpt":{"rendered":"<p>Tl-sg1210p. Switch de escritorio gigabit de 10 puertos con poe + de 8 puertos. * 9 puertos rj45 de 10\/100\/1000 mbps, 1 puerto gigabit sfp. * con 8 puertos poe +, transfiere datos y energ\u00eda en un solo cable. * funciona con pd compatibles con ieee 802.3af \/ at y ampl\u00eda la red de la oficina. * 802.1p \/ dscp qos permite un tr\u00e1fico suave sensible a la latencia. * alto presupuesto de energ\u00eda poe con hasta 30 w para cada puerto poe y 63 w para todos los puertos poe. * f\u00e1cil de usar, sin necesidad de configuraci\u00f3n e instalaci\u00f3n. Alimentaci\u00f3n a trav\u00e9s de ethernet. El puerto 1-8 del conmutador admite la funci\u00f3n power over ethernet (poe). Estos puertos poe pueden detectar y suministrar energ\u00eda autom\u00e1ticamente con los dispositivos alimentados (pd) que cumplen con ieee 802.3af \/ at. Gesti\u00f3n de energ\u00eda inteligente. Cuando el consumo de energ\u00eda total excede los 63w, la administraci\u00f3n inteligente de energ\u00eda cortar\u00e1 la energ\u00eda del puerto de menor prioridad para garantizar la fuente de alimentaci\u00f3n del puerto de alta prioridad y proteger el dispositivo de la operaci\u00f3n de sobrecarga de energ\u00eda. Funciones avanzadas para un mayor rendimiento. Qos.- para una experiencia fluida en l\u00ednea. Los administradores pueden designar la prioridad del tr\u00e1fico bas\u00e1ndose en qos, por ejemplo, para garantizar que las aplicaciones de voz y video permanezcan claras y sin demoras. Igmp.- optimizaci\u00f3n de tr\u00e1fico para iptv. Igmp snooping optimiza la entrega de tr\u00e1fico multimedia para garantizar una mejor experiencia de red, especialmente para aplicaciones como iptv. Carcasa de metal resistente. Carcasa de metal resistente y compacta, con dise\u00f1o de escritorio \/ montaje en pared, para satisfacer sus necesidades en cualquier entorno. Adem\u00e1s, el dise\u00f1o sin ventilador garantiza un funcionamiento silencioso.<\/p>\n","protected":false},"featured_media":221049,"comment_status":"open","ping_status":"open","template":"","meta":[],"product_cat":[1563,1564],"product_tag":[1562],"acf":[],"yoast_head":"<!-- This site is optimized with the Yoast SEO plugin v21.7 - https:\/\/yoast.com\/wordpress\/plugins\/seo\/ -->\n<title>[ Tp Link ] &#129351; Tl-sg1210p Switch | Tp-link | | 8 Puertos | Rj45 Gigabit 10\/100\/1000 Mbps Poe Con 1 Puerto Rj45 Gigabit Y 1 Ranura Sfp Gigabit No Administrable Para Escritorio<\/title>\n<meta name=\"description\" content=\"Compra Tl-sg1210p Switch | Tp-link | | 8 Puertos | Rj45 Gigabit 10\/100\/1000 Mbps Poe Con 1 Puerto Rj45 Gigabit Y 1 Ranura Sfp Gigabit No Administrable Para Escritorio + Env\u00edo a domicilio + Pago seguro + Garant\u00eda\" \/>\n<meta name=\"robots\" content=\"index, follow, max-snippet:-1, max-image-preview:large, max-video-preview:-1\" \/>\n<link rel=\"canonical\" href=\"https:\/\/compuviper.mx\/tienda\/producto\/tp-link-tl-sg1210p-switch-tp-link-8-puertos-rj45-gigabit-10-100-1000-mbps-poe-con-1-puerto-rj45-gigabit-y-1-ranura-sfp-gigabit-no-administrable-para-escritorio\/\" \/>\n<meta property=\"og:locale\" content=\"es_MX\" \/>\n<meta property=\"og:type\" content=\"article\" \/>\n<meta property=\"og:title\" content=\"[ Tp Link ] &#129351; Tl-sg1210p Switch | Tp-link | | 8 Puertos | Rj45 Gigabit 10\/100\/1000 Mbps Poe Con 1 Puerto Rj45 Gigabit Y 1 Ranura Sfp Gigabit No Administrable Para Escritorio\" \/>\n<meta property=\"og:description\" content=\"Compra Tl-sg1210p Switch | Tp-link | | 8 Puertos | Rj45 Gigabit 10\/100\/1000 Mbps Poe Con 1 Puerto Rj45 Gigabit Y 1 Ranura Sfp Gigabit No Administrable Para Escritorio + Env\u00edo a domicilio + Pago seguro + Garant\u00eda\" \/>\n<meta property=\"og:url\" content=\"https:\/\/compuviper.mx\/tienda\/producto\/tp-link-tl-sg1210p-switch-tp-link-8-puertos-rj45-gigabit-10-100-1000-mbps-poe-con-1-puerto-rj45-gigabit-y-1-ranura-sfp-gigabit-no-administrable-para-escritorio\/\" \/>\n<meta property=\"og:site_name\" content=\"Compuviper\" \/>\n<meta property=\"article:publisher\" content=\"https:\/\/www.facebook.com\/compuviper\" \/>\n<meta property=\"og:image\" content=\"https:\/\/compuviper.mx\/tienda\/wp-content\/uploads\/2023\/12\/Switch-tp-link-tl-sg1210p-8-puertos-rj45-gigabit-101001000-mbps-poe-con-1-puerto-rj45-gigabit-y-1-ranura-sfp-gigabit-no-administrable-para-escritorio.jpg\" \/>\n\t<meta property=\"og:image:width\" content=\"200\" \/>\n\t<meta property=\"og:image:height\" content=\"200\" \/>\n\t<meta property=\"og:image:type\" content=\"image\/jpeg\" \/>\n<meta name=\"twitter:card\" content=\"summary_large_image\" \/>\n<meta name=\"twitter:label1\" content=\"Precio\" \/>\n\t<meta name=\"twitter:data1\" content=\"&#36;1,193 con IVA\" \/>\n\t<meta name=\"twitter:label2\" content=\"Availability\" \/>\n\t<meta name=\"twitter:data2\" content=\"Out of stock\" \/>\n<script type=\"application\/ld+json\" class=\"yoast-schema-graph\">{\"@context\":\"https:\/\/schema.org\",\"@graph\":[{\"@type\":\"WebPage\",\"@id\":\"https:\/\/compuviper.mx\/tienda\/producto\/tp-link-tl-sg1210p-switch-tp-link-8-puertos-rj45-gigabit-10-100-1000-mbps-poe-con-1-puerto-rj45-gigabit-y-1-ranura-sfp-gigabit-no-administrable-para-escritorio\/\",\"url\":\"https:\/\/compuviper.mx\/tienda\/producto\/tp-link-tl-sg1210p-switch-tp-link-8-puertos-rj45-gigabit-10-100-1000-mbps-poe-con-1-puerto-rj45-gigabit-y-1-ranura-sfp-gigabit-no-administrable-para-escritorio\/\",\"name\":\"[ Tp Link ] &#129351; Tl-sg1210p Switch | Tp-link | | 8 Puertos | Rj45 Gigabit 10\/100\/1000 Mbps Poe Con 1 Puerto Rj45 Gigabit Y 1 Ranura Sfp Gigabit No Administrable Para Escritorio\",\"isPartOf\":{\"@id\":\"https:\/\/compuviper.mx\/tienda\/#website\"},\"datePublished\":\"2026-04-18T07:10:06+00:00\",\"dateModified\":\"2026-04-18T07:10:06+00:00\",\"description\":\"Compra Tl-sg1210p Switch | Tp-link | | 8 Puertos | Rj45 Gigabit 10\/100\/1000 Mbps Poe Con 1 Puerto Rj45 Gigabit Y 1 Ranura Sfp Gigabit No Administrable Para Escritorio + Env\u00edo a domicilio + Pago seguro + Garant\u00eda\",\"breadcrumb\":{\"@id\":\"https:\/\/compuviper.mx\/tienda\/producto\/tp-link-tl-sg1210p-switch-tp-link-8-puertos-rj45-gigabit-10-100-1000-mbps-poe-con-1-puerto-rj45-gigabit-y-1-ranura-sfp-gigabit-no-administrable-para-escritorio\/#breadcrumb\"},\"inLanguage\":\"es-MX\",\"potentialAction\":[{\"@type\":\"ReadAction\",\"target\":[\"https:\/\/compuviper.mx\/tienda\/producto\/tp-link-tl-sg1210p-switch-tp-link-8-puertos-rj45-gigabit-10-100-1000-mbps-poe-con-1-puerto-rj45-gigabit-y-1-ranura-sfp-gigabit-no-administrable-para-escritorio\/\"]}]},{\"@type\":\"BreadcrumbList\",\"@id\":\"https:\/\/compuviper.mx\/tienda\/producto\/tp-link-tl-sg1210p-switch-tp-link-8-puertos-rj45-gigabit-10-100-1000-mbps-poe-con-1-puerto-rj45-gigabit-y-1-ranura-sfp-gigabit-no-administrable-para-escritorio\/#breadcrumb\",\"itemListElement\":[{\"@type\":\"ListItem\",\"position\":1,\"name\":\"Inicio\",\"item\":\"https:\/\/compuviper.mx\/tienda\/\"},{\"@type\":\"ListItem\",\"position\":2,\"name\":\"Productos\",\"item\":\"https:\/\/compuviper.mx\/tienda\/productos\/\"},{\"@type\":\"ListItem\",\"position\":3,\"name\":\"Redes\",\"item\":\"https:\/\/compuviper.mx\/tienda\/categoria-producto\/redes\/\"},{\"@type\":\"ListItem\",\"position\":4,\"name\":\"Switch\",\"item\":\"https:\/\/compuviper.mx\/tienda\/categoria-producto\/redes\/switch\/\"},{\"@type\":\"ListItem\",\"position\":5,\"name\":\"Tp Link Tl-sg1210p Switch | Tp-link | | 8 Puertos | Rj45 Gigabit 10\/100\/1000 Mbps Poe Con 1 Puerto Rj45 Gigabit Y 1 Ranura Sfp Gigabit No Administrable Para Escritorio\"}]},{\"@type\":\"WebSite\",\"@id\":\"https:\/\/compuviper.mx\/tienda\/#website\",\"url\":\"https:\/\/compuviper.mx\/tienda\/\",\"name\":\"Compuviper\",\"description\":\"Proveedor de Computadoras, Laptops, Servidores, Monitores, Puntos de Venta, Teclados,   Impresoras, T\u00f3ner, C\u00e1maras de Seguridad y m\u00e1s en tu tienda en l\u00ednea\",\"publisher\":{\"@id\":\"https:\/\/compuviper.mx\/tienda\/#organization\"},\"potentialAction\":[{\"@type\":\"SearchAction\",\"target\":{\"@type\":\"EntryPoint\",\"urlTemplate\":\"https:\/\/compuviper.mx\/tienda\/?s={search_term_string}\"},\"query-input\":\"required name=search_term_string\"}],\"inLanguage\":\"es-MX\"},{\"@type\":\"Organization\",\"@id\":\"https:\/\/compuviper.mx\/tienda\/#organization\",\"name\":\"Compuviper\",\"url\":\"https:\/\/compuviper.mx\/tienda\/\",\"logo\":{\"@type\":\"ImageObject\",\"inLanguage\":\"es-MX\",\"@id\":\"https:\/\/compuviper.mx\/tienda\/#\/schema\/logo\/image\/\",\"url\":\"https:\/\/compuviper.mx\/tienda\/wp-content\/uploads\/2021\/08\/Logo-Compuviper-10.png\",\"contentUrl\":\"https:\/\/compuviper.mx\/tienda\/wp-content\/uploads\/2021\/08\/Logo-Compuviper-10.png\",\"width\":1000,\"height\":500,\"caption\":\"Compuviper\"},\"image\":{\"@id\":\"https:\/\/compuviper.mx\/tienda\/#\/schema\/logo\/image\/\"},\"sameAs\":[\"https:\/\/www.facebook.com\/compuviper\",\"https:\/\/www.youtube.com\/channel\/UCf73dERp9Y3cfOq7q8BhLjA?view_as=subscriber\"]}]}<\/script>\n<meta property=\"product:brand\" content=\"TP LINK\" \/>\n<meta property=\"product:price:amount\" content=\"1193\" \/>\n<meta property=\"product:price:currency\" content=\"MXN\" \/>\n<meta property=\"og:availability\" content=\"out of stock\" \/>\n<meta property=\"product:availability\" content=\"out of stock\" \/>\n<meta property=\"product:retailer_item_id\" content=\"TL-SG1210P\" \/>\n<meta property=\"product:condition\" content=\"new\" \/>\n<!-- \/ Yoast SEO plugin. -->","yoast_head_json":{"title":"[ Tp Link ] &#129351; Tl-sg1210p Switch | Tp-link | | 8 Puertos | Rj45 Gigabit 10\/100\/1000 Mbps Poe Con 1 Puerto Rj45 Gigabit Y 1 Ranura Sfp Gigabit No Administrable Para Escritorio","description":"Compra Tl-sg1210p Switch | Tp-link | | 8 Puertos | Rj45 Gigabit 10\/100\/1000 Mbps Poe Con 1 Puerto Rj45 Gigabit Y 1 Ranura Sfp Gigabit No Administrable Para Escritorio + Env\u00edo a domicilio + Pago seguro + Garant\u00eda","robots":{"index":"index","follow":"follow","max-snippet":"max-snippet:-1","max-image-preview":"max-image-preview:large","max-video-preview":"max-video-preview:-1"},"canonical":"https:\/\/compuviper.mx\/tienda\/producto\/tp-link-tl-sg1210p-switch-tp-link-8-puertos-rj45-gigabit-10-100-1000-mbps-poe-con-1-puerto-rj45-gigabit-y-1-ranura-sfp-gigabit-no-administrable-para-escritorio\/","og_locale":"es_MX","og_type":"article","og_title":"[ Tp Link ] &#129351; Tl-sg1210p Switch | Tp-link | | 8 Puertos | Rj45 Gigabit 10\/100\/1000 Mbps Poe Con 1 Puerto Rj45 Gigabit Y 1 Ranura Sfp Gigabit No Administrable Para Escritorio","og_description":"Compra Tl-sg1210p Switch | Tp-link | | 8 Puertos | Rj45 Gigabit 10\/100\/1000 Mbps Poe Con 1 Puerto Rj45 Gigabit Y 1 Ranura Sfp Gigabit No Administrable Para Escritorio + Env\u00edo a domicilio + Pago seguro + Garant\u00eda","og_url":"https:\/\/compuviper.mx\/tienda\/producto\/tp-link-tl-sg1210p-switch-tp-link-8-puertos-rj45-gigabit-10-100-1000-mbps-poe-con-1-puerto-rj45-gigabit-y-1-ranura-sfp-gigabit-no-administrable-para-escritorio\/","og_site_name":"Compuviper","article_publisher":"https:\/\/www.facebook.com\/compuviper","og_image":[{"width":200,"height":200,"url":"https:\/\/compuviper.mx\/tienda\/wp-content\/uploads\/2023\/12\/Switch-tp-link-tl-sg1210p-8-puertos-rj45-gigabit-101001000-mbps-poe-con-1-puerto-rj45-gigabit-y-1-ranura-sfp-gigabit-no-administrable-para-escritorio.jpg","type":"image\/jpeg"}],"twitter_card":"summary_large_image","twitter_misc":{"Precio":"&#36;1,193 con IVA","Availability":"Out of stock"},"schema":{"@context":"https:\/\/schema.org","@graph":[{"@type":"WebPage","@id":"https:\/\/compuviper.mx\/tienda\/producto\/tp-link-tl-sg1210p-switch-tp-link-8-puertos-rj45-gigabit-10-100-1000-mbps-poe-con-1-puerto-rj45-gigabit-y-1-ranura-sfp-gigabit-no-administrable-para-escritorio\/","url":"https:\/\/compuviper.mx\/tienda\/producto\/tp-link-tl-sg1210p-switch-tp-link-8-puertos-rj45-gigabit-10-100-1000-mbps-poe-con-1-puerto-rj45-gigabit-y-1-ranura-sfp-gigabit-no-administrable-para-escritorio\/","name":"[ Tp Link ] &#129351; Tl-sg1210p Switch | Tp-link | | 8 Puertos | Rj45 Gigabit 10\/100\/1000 Mbps Poe Con 1 Puerto Rj45 Gigabit Y 1 Ranura Sfp Gigabit No Administrable Para Escritorio","isPartOf":{"@id":"https:\/\/compuviper.mx\/tienda\/#website"},"datePublished":"2026-04-18T07:10:06+00:00","dateModified":"2026-04-18T07:10:06+00:00","description":"Compra Tl-sg1210p Switch | Tp-link | | 8 Puertos | Rj45 Gigabit 10\/100\/1000 Mbps Poe Con 1 Puerto Rj45 Gigabit Y 1 Ranura Sfp Gigabit No Administrable Para Escritorio + Env\u00edo a domicilio + Pago seguro + Garant\u00eda","breadcrumb":{"@id":"https:\/\/compuviper.mx\/tienda\/producto\/tp-link-tl-sg1210p-switch-tp-link-8-puertos-rj45-gigabit-10-100-1000-mbps-poe-con-1-puerto-rj45-gigabit-y-1-ranura-sfp-gigabit-no-administrable-para-escritorio\/#breadcrumb"},"inLanguage":"es-MX","potentialAction":[{"@type":"ReadAction","target":["https:\/\/compuviper.mx\/tienda\/producto\/tp-link-tl-sg1210p-switch-tp-link-8-puertos-rj45-gigabit-10-100-1000-mbps-poe-con-1-puerto-rj45-gigabit-y-1-ranura-sfp-gigabit-no-administrable-para-escritorio\/"]}]},{"@type":"BreadcrumbList","@id":"https:\/\/compuviper.mx\/tienda\/producto\/tp-link-tl-sg1210p-switch-tp-link-8-puertos-rj45-gigabit-10-100-1000-mbps-poe-con-1-puerto-rj45-gigabit-y-1-ranura-sfp-gigabit-no-administrable-para-escritorio\/#breadcrumb","itemListElement":[{"@type":"ListItem","position":1,"name":"Inicio","item":"https:\/\/compuviper.mx\/tienda\/"},{"@type":"ListItem","position":2,"name":"Productos","item":"https:\/\/compuviper.mx\/tienda\/productos\/"},{"@type":"ListItem","position":3,"name":"Redes","item":"https:\/\/compuviper.mx\/tienda\/categoria-producto\/redes\/"},{"@type":"ListItem","position":4,"name":"Switch","item":"https:\/\/compuviper.mx\/tienda\/categoria-producto\/redes\/switch\/"},{"@type":"ListItem","position":5,"name":"Tp Link Tl-sg1210p Switch | Tp-link | | 8 Puertos | Rj45 Gigabit 10\/100\/1000 Mbps Poe Con 1 Puerto Rj45 Gigabit Y 1 Ranura Sfp Gigabit No Administrable Para Escritorio"}]},{"@type":"WebSite","@id":"https:\/\/compuviper.mx\/tienda\/#website","url":"https:\/\/compuviper.mx\/tienda\/","name":"Compuviper","description":"Proveedor de Computadoras, Laptops, Servidores, Monitores, Puntos de Venta, Teclados,   Impresoras, T\u00f3ner, C\u00e1maras de Seguridad y m\u00e1s en tu tienda en l\u00ednea","publisher":{"@id":"https:\/\/compuviper.mx\/tienda\/#organization"},"potentialAction":[{"@type":"SearchAction","target":{"@type":"EntryPoint","urlTemplate":"https:\/\/compuviper.mx\/tienda\/?s={search_term_string}"},"query-input":"required name=search_term_string"}],"inLanguage":"es-MX"},{"@type":"Organization","@id":"https:\/\/compuviper.mx\/tienda\/#organization","name":"Compuviper","url":"https:\/\/compuviper.mx\/tienda\/","logo":{"@type":"ImageObject","inLanguage":"es-MX","@id":"https:\/\/compuviper.mx\/tienda\/#\/schema\/logo\/image\/","url":"https:\/\/compuviper.mx\/tienda\/wp-content\/uploads\/2021\/08\/Logo-Compuviper-10.png","contentUrl":"https:\/\/compuviper.mx\/tienda\/wp-content\/uploads\/2021\/08\/Logo-Compuviper-10.png","width":1000,"height":500,"caption":"Compuviper"},"image":{"@id":"https:\/\/compuviper.mx\/tienda\/#\/schema\/logo\/image\/"},"sameAs":["https:\/\/www.facebook.com\/compuviper","https:\/\/www.youtube.com\/channel\/UCf73dERp9Y3cfOq7q8BhLjA?view_as=subscriber"]}]},"product_brand":"TP LINK","product_price_amount":"1193","product_price_currency":"MXN","og_availability":"out of stock","product_availability":"out of stock","product_retailer_item_id":"TL-SG1210P","product_condition":"new"},"_links":{"self":[{"href":"https:\/\/compuviper.mx\/tienda\/wp-json\/wp\/v2\/product\/221048"}],"collection":[{"href":"https:\/\/compuviper.mx\/tienda\/wp-json\/wp\/v2\/product"}],"about":[{"href":"https:\/\/compuviper.mx\/tienda\/wp-json\/wp\/v2\/types\/product"}],"replies":[{"embeddable":true,"href":"https:\/\/compuviper.mx\/tienda\/wp-json\/wp\/v2\/comments?post=221048"}],"wp:featuredmedia":[{"embeddable":true,"href":"https:\/\/compuviper.mx\/tienda\/wp-json\/wp\/v2\/media\/221049"}],"wp:attachment":[{"href":"https:\/\/compuviper.mx\/tienda\/wp-json\/wp\/v2\/media?parent=221048"}],"wp:term":[{"taxonomy":"product_cat","embeddable":true,"href":"https:\/\/compuviper.mx\/tienda\/wp-json\/wp\/v2\/product_cat?post=221048"},{"taxonomy":"product_tag","embeddable":true,"href":"https:\/\/compuviper.mx\/tienda\/wp-json\/wp\/v2\/product_tag?post=221048"}],"curies":[{"name":"wp","href":"https:\/\/api.w.org\/{rel}","templated":true}]}}