{"id":221020,"date":"2026-04-18T01:07:59","date_gmt":"2026-04-18T07:07:59","guid":{"rendered":"https:\/\/compuviper.mx\/tienda\/producto\/tp-link-eap660-hd-access-point-tp-link-omada-para-interior-ax3600-wifi-6-banda-dual-2-4ghz-a-1148mbps-y-5ghz-a-3550mbps-1-rj45-2-5-gigabit-admite-poe-ieee802-3at-administra-500-clientes\/"},"modified":"2026-04-18T01:07:59","modified_gmt":"2026-04-18T07:07:59","slug":"tp-link-eap660-hd-access-point-tp-link-omada-para-interior-ax3600-wifi-6-banda-dual-2-4ghz-a-1148mbps-y-5ghz-a-3550mbps-1-rj45-2-5-gigabit-admite-poe-ieee802-3at-administra-500-clientes","status":"publish","type":"product","link":"https:\/\/compuviper.mx\/tienda\/producto\/tp-link-eap660-hd-access-point-tp-link-omada-para-interior-ax3600-wifi-6-banda-dual-2-4ghz-a-1148mbps-y-5ghz-a-3550mbps-1-rj45-2-5-gigabit-admite-poe-ieee802-3at-administra-500-clientes\/","title":{"rendered":"Tp Link Eap660 Hd Access Point | Tp-link | Omada   Para Interior | Ax3600 | Wifi 6 | Banda Dual 2.4ghz A 1148mbps Y 5ghz A 3550mbps 1 Rj45 2.5 Gigabit Admite Poe Ieee802.3at | Administra 500 Clientes"},"content":{"rendered":"<table class=\"descripcion\">\n<tr>\n<td>Caracter\u00edsticas de hardware<\/td>\n<\/tr>\n<tr>\n<td>Interfaz 1 puerto ethernet de 2,5 gbps (compatible con ieee802.3at poe)<\/td>\n<\/tr>\n<tr>\n<td>Bot\u00f3n reiniciar<\/td>\n<\/tr>\n<tr>\n<td>Fuente de alimentaci\u00f3n \u0095 802.3at poe<\/td>\n<\/tr>\n<tr>\n<td>\u0095 12 v cc<\/td>\n<\/tr>\n<tr>\n<td>Consumo de energ\u00eda \u0095 ue: 18,5 w<\/td>\n<\/tr>\n<tr>\n<td>\u0095 ee. uu .: 21,5 w<\/td>\n<\/tr>\n<tr>\n<td>Dimensiones (wxdxh) 9,6 \u00d7 9,6 \u00d7 2,5 pulg. (243 \u00d7 243 \u00d7 64 mm)<\/td>\n<\/tr>\n<tr>\n<td>Tipo de antena omni interno<\/td>\n<\/tr>\n<tr>\n<td>\u0095 2,4 ghz: 4 \u00d7 4 dbi<\/td>\n<\/tr>\n<tr>\n<td>\u0095 5 ghz: 4 \u00d7 5 dbi<\/td>\n<\/tr>\n<tr>\n<td>Montaje montaje en techo \/ pared (kits incluidos)<\/td>\n<\/tr>\n<tr>\n<td>Caracter\u00edsticas inal\u00e1mbricas<\/td>\n<\/tr>\n<tr>\n<td>Est\u00e1ndares inal\u00e1mbricos ieee 802.11ax \/ ac \/ n \/ g \/ b \/ a<\/td>\n<\/tr>\n<tr>\n<td>Frecuencia 2,4 ghz y 5 ghz<\/td>\n<\/tr>\n<tr>\n<td>Tasa de se\u00f1al \u0095 5 ghz: hasta 2402 mbps<\/td>\n<\/tr>\n<tr>\n<td>\u0095 2,4 ghz: hasta 1148 mbps<\/td>\n<\/tr>\n<tr>\n<td>Funciones inal\u00e1mbricas \u0095 1024-qam<\/td>\n<\/tr>\n<tr>\n<td>\u0095 s\u00edmbolo ofdm 4 \u00d7 m\u00e1s largo<\/td>\n<\/tr>\n<tr>\n<td>\u0095 ofdma<\/td>\n<\/tr>\n<tr>\n<td>\u0095 m\u00faltiples ssid (hasta 16 ssid, 8 para cada banda)<\/td>\n<\/tr>\n<tr>\n<td>\u0095 habilitar \/ deshabilitar radio inal\u00e1mbrica<\/td>\n<\/tr>\n<tr>\n<td>\u0095 asignaci\u00f3n autom\u00e1tica de canales<\/td>\n<\/tr>\n<tr>\n<td>\u0095 control de potencia de transmisi\u00f3n (ajuste la potencia de transmisi\u00f3n en dbm)<\/td>\n<\/tr>\n<tr>\n<td>\u0095 qos ( wmm)<\/td>\n<\/tr>\n<tr>\n<td>\u0095 mu-mimo<\/td>\n<\/tr>\n<tr>\n<td>\u0095 roaming sin interrupciones<\/td>\n<\/tr>\n<tr>\n<td>\u0095 direcci\u00f3n de banda<\/td>\n<\/tr>\n<tr>\n<td>\u0095 equilibrio de carga<\/td>\n<\/tr>\n<tr>\n<td>\u0095 equidad de tiempo aire<\/td>\n<\/tr>\n<tr>\n<td>\u0095 formaci\u00f3n de haz<\/td>\n<\/tr>\n<tr>\n<td>\u0095 l\u00edmite de velocidad<\/td>\n<\/tr>\n<tr>\n<td>\u0095 programa de reinicio<\/td>\n<\/tr>\n<tr>\n<td>\u0095 programa<\/td>\n<\/tr>\n<tr>\n<td>Inal\u00e1mbrico \u0095 estad\u00edsticas inal\u00e1mbricas basadas en ssid \/ ap \/ cliente<\/td>\n<\/tr>\n<tr>\n<td>Seguridad inal\u00e1mbrica \u0095 autenticaci\u00f3n de portal cautivo<\/td>\n<\/tr>\n<tr>\n<td>\u0095 control de acceso<\/td>\n<\/tr>\n<tr>\n<td>\u0095 filtrado inal\u00e1mbrico de direcciones mac<\/td>\n<\/tr>\n<tr>\n<td>\u0095 aislamiento inal\u00e1mbrico entre clientes<\/td>\n<\/tr>\n<tr>\n<td>\u0095 asignaci\u00f3n de ssid a vlan<\/td>\n<\/tr>\n<tr>\n<td>\u0095 detecci\u00f3n de puntos de acceso no autorizados<\/td>\n<\/tr>\n<tr>\n<td>\u0095 compatibilidad con 802.1x<\/td>\n<\/tr>\n<tr>\n<td>\u0095 wep, wpa-personal \/ enterprise, wpa2-personal \/ enterprise, wpa3-personal \/ enterprise<\/td>\n<\/tr>\n<tr>\n<td>Potencia de transmisi\u00f3n \u0095 ce:<\/td>\n<\/tr>\n<tr>\n<td> 20 dbm (2,4 ghz, eirp)<\/td>\n<\/tr>\n<tr>\n<td> 23 dbm (5 ghz, eirp)<\/td>\n<\/tr>\n<tr>\n<td>\u0095 fcc:<\/td>\n<\/tr>\n<tr>\n<td> 26 dbm (2,4 ghz)<\/td>\n<\/tr>\n<tr>\n<td> 26 dbm (5 ghz)<\/td>\n<\/tr>\n<tr>\n<td>Administraci\u00f3n<\/td>\n<\/tr>\n<tr>\n<td>Aplicaci\u00f3n omada s\u00ed<\/td>\n<\/tr>\n<tr>\n<td>Gesti\u00f3n centralizada \u0095 controlador<\/td>\n<\/tr>\n<tr>\n<td>Omada basado en la nube \u0095 controlador de hardware omada (oc300)<\/td>\n<\/tr>\n<tr>\n<td>\u0095 controlador de hardware omada (oc200)<\/td>\n<\/tr>\n<tr>\n<td>\u0095 controlador de software omada<\/td>\n<\/tr>\n<tr>\n<td>Acceso a la nube s\u00ed (a trav\u00e9s de oc300, oc200, controlador basado en la nube omada o controlador de software omada)<\/td>\n<\/tr>\n<tr>\n<td>Alertas de correo electr\u00f3nico s\u00ed<\/td>\n<\/tr>\n<tr>\n<td>Control de led encendido \/ apagado s\u00ed<\/td>\n<\/tr>\n<tr>\n<td>Gesti\u00f3n de control de acceso mac s\u00ed<\/td>\n<\/tr>\n<tr>\n<td>Snmp v1, v2c, v3<\/td>\n<\/tr>\n<tr>\n<td>Registro del sistema local \/ remote syslog syslog local \/ remoto<\/td>\n<\/tr>\n<tr>\n<td>Ssh s\u00ed<\/td>\n<\/tr>\n<tr>\n<td>Gesti\u00f3n basada en web http \/ https<\/td>\n<\/tr>\n<tr>\n<td>Gesti\u00f3n l3 s\u00ed<\/td>\n<\/tr>\n<tr>\n<td>Gesti\u00f3n de m\u00faltiples sitios s\u00ed<\/td>\n<\/tr>\n<tr>\n<td>Vlan de administraci\u00f3n s\u00ed<\/td>\n<\/tr>\n<tr>\n<td>Otros<\/td>\n<\/tr>\n<tr>\n<td>Certificacion ce, fcc, rohs<\/td>\n<\/tr>\n<tr>\n<td>Contenidos del paquete \u0095 eap660 hd<\/td>\n<\/tr>\n<tr>\n<td>\u0095 adaptador de corriente<\/td>\n<\/tr>\n<tr>\n<td>\u0095 kits de montaje en techo \/ pared<\/td>\n<\/tr>\n<tr>\n<td>\u0095 gu\u00eda de instalaci\u00f3n<\/td>\n<\/tr>\n<tr>\n<td>Requisitos del sistema microsoft windows xp, vista, windows 7, windows 8, windows10, linux<\/td>\n<\/tr>\n<tr>\n<td>Ambiente \u0095 temperatura de funcionamiento: 0\u009640  and #8451; (32\u0096104  and #8457;)<\/td>\n<\/tr>\n<tr>\n<td>\u0095 temperatura de almacenamiento: -40\u009670  and #8451; (-40\u0096158  and #8457;)<\/td>\n<\/tr>\n<tr>\n<td>\u0095 humedad de funcionamiento: 10\u009690% de hr sin condensaci\u00f3n<\/td>\n<\/tr>\n<tr>\n<td>\u0095 humedad de almacenamiento: 5\u009690% rh sin condensaci\u00f3n<\/td>\n<\/tr>\n<\/table>\n","protected":false},"excerpt":{"rendered":"<p>Eap660 hd. Punto de acceso con montaje en techo inal\u00e1mbrico multi-gigabit ax3600 de banda dual. * wi-fi ultrarr\u00e1pido 6 velocidades: 1148 mbps simult\u00e1neos en 2.4 ghz y 2402 mbps en 5 ghz totalizan velocidades de wi-fi de 3550 mbps. ?. * conectividad de alta densidad: 4 veces mayor capacidad para conectar m\u00e1s dispositivos simult\u00e1neamente. ?. * integrado en omada sdn: zero-touch provisioning (ztp) \u00a7, administraci\u00f3n centralizada de la nube y monitoreo inteligente. * gesti\u00f3n centralizada: acceso a la nube y aplicaci\u00f3n omada para una mayor comodidad y una gesti\u00f3n sencilla. * puerto 2.5g: un puerto ethernet de 2.5 gbps aumenta el rendimiento total de internet. * roaming sin interrupciones: incluso las transmisiones de video y las llamadas de voz no se ven afectadas a medida que los usuarios se mueven entre ubicaciones. * soporte poe +: admite alimentaci\u00f3n a trav\u00e9s de ethernet (802.3at) para una implementaci\u00f3n e instalaci\u00f3n conveniente. * secure guest network: junto con m\u00faltiples opciones de autenticaci\u00f3n (sms \/ facebook wi-fi \/ voucher, etc.) y abundantes tecnolog\u00edas de seguridad inal\u00e1mbrica. Conectividad de alta densidad con 4 veces mayor capacidad. Ofdma * y uplink  and  downlink mu-mimo ** aumentan la capacidad de la red hasta 4 veces frente a wi-fi 5 (802.11ac) en entornos de alta densidad para conectar m\u00e1s dispositivos simult\u00e1neamente \u0087. Aproveche las capacidades multiusuario y actualice su negocio como nunca antes. Velocidad incre\u00edblemente r\u00e1pida con 8 corrientes espaciales. El punto de acceso wi-fi 6 de omada presenta las \u00faltimas tecnolog\u00edas 802.11ax como 1024 qam y long ofdm symbol, lo que permite que el eap aumente las velocidades generales hasta 3550 mbps (2402 mbps en una banda de 5 ghz y 1148 mbps en una banda de 2.4 ghz ) \u0086. Con 8 transmisiones espaciales, el rendimiento multiusuario aumenta incre\u00edblemente para impulsar m\u00e1s aplicaciones. Omada sdn: soluci\u00f3n integrada en la nube para redes empresarialese. La plataforma de redes definidas por software (sdn) de omada integra dispositivos de red que incluyen puntos de acceso, conmutadores y puertas de enlace, garantizando una poderosa red comercial con mayor eficiencia, mayor seguridad y mayor confiabilidad. Rendimiento optimizado por cable con puerto 2.5 ge poe . Armado con un puerto ethernet de 2.5 gigabits, el eap660 hd ofrece un rendimiento excepcional de varios gigabits para soportar la demanda insaciable de wi-fi mejor y m\u00e1s r\u00e1pido. La compatibilidad con el est\u00e1ndar 802.3at poe + es ideal para una implementaci\u00f3n flexible. Itinerancia continua. El roaming 802.11k \/ v cambia a los clientes autom\u00e1ticamente al ap con la se\u00f1al \u00f3ptima con una transici\u00f3n perfecta cuando se mueve. Esto permite que aplicaciones sensibles como voip y videoconferencias no se interrumpan. Aumentar la eficiencia de la red en todos los aspectos. Con caracter\u00edsticas avanzadas ricas. * direcci\u00f3n de banda. Mueve autom\u00e1ticamente los dispositivos de doble banda a la banda m\u00e1s amplia de 5 ghz para conexiones m\u00e1s r\u00e1pidas. * equilibrio de carga. Garantiza que un gran n\u00famero de usuarios tengan experiencias de red fluidas en redes comerciales de alta densidad. * equidad de tiempo aire. Aumenta el rendimiento promedio de la red en entornos muy congestionados. Red segura de invitados con conexi\u00f3n wi-fi de facebook y acceso sms. Guest network proporciona un acceso seguro elevado a los invitados que comparten su red wi-fi, con un portal cautivo que ayuda a mantener solo a los invitados autorizados a usar la red. La incorporaci\u00f3n de la autenticaci\u00f3n por sms y facebook simplifica a\u00fan m\u00e1s el portal cautivo para simplificar la conectividad y potenciar su negocio.<\/p>\n","protected":false},"featured_media":221021,"comment_status":"open","ping_status":"open","template":"","meta":[],"product_cat":[1563,1754],"product_tag":[1562],"acf":[],"yoast_head":"<!-- This site is optimized with the Yoast SEO plugin v21.7 - https:\/\/yoast.com\/wordpress\/plugins\/seo\/ -->\n<title>[ Tp Link ] &#129351; Eap660 Hd Access Point | Tp-link | Omada Para Interior | Ax3600 | Wifi 6 | Banda Dual 2.4ghz A 1148mbps Y 5ghz A 3550mbps 1 Rj45 2.5 Gigabit Admite Poe Ieee802.3at | Administra 500 Clientes<\/title>\n<meta name=\"description\" content=\"Compra Eap660 Hd Access Point | Tp-link | Omada Para Interior | Ax3600 | Wifi 6 | Banda Dual 2.4ghz A 1148mbps Y 5ghz A 3550mbps 1 Rj45 2.5 Gigabit Admite Poe Ieee802.3at | Administra 500 Clientes + Env\u00edo a domicilio + Pago seguro + Garant\u00eda\" \/>\n<meta name=\"robots\" content=\"index, follow, max-snippet:-1, max-image-preview:large, max-video-preview:-1\" \/>\n<link rel=\"canonical\" href=\"https:\/\/compuviper.mx\/tienda\/producto\/tp-link-eap660-hd-access-point-tp-link-omada-para-interior-ax3600-wifi-6-banda-dual-2-4ghz-a-1148mbps-y-5ghz-a-3550mbps-1-rj45-2-5-gigabit-admite-poe-ieee802-3at-administra-500-clientes\/\" \/>\n<meta property=\"og:locale\" content=\"es_MX\" \/>\n<meta property=\"og:type\" content=\"article\" \/>\n<meta property=\"og:title\" content=\"[ Tp Link ] &#129351; Eap660 Hd Access Point | Tp-link | Omada Para Interior | Ax3600 | Wifi 6 | Banda Dual 2.4ghz A 1148mbps Y 5ghz A 3550mbps 1 Rj45 2.5 Gigabit Admite Poe Ieee802.3at | Administra 500 Clientes\" \/>\n<meta property=\"og:description\" content=\"Compra Eap660 Hd Access Point | Tp-link | Omada Para Interior | Ax3600 | Wifi 6 | Banda Dual 2.4ghz A 1148mbps Y 5ghz A 3550mbps 1 Rj45 2.5 Gigabit Admite Poe Ieee802.3at | Administra 500 Clientes + Env\u00edo a domicilio + Pago seguro + Garant\u00eda\" \/>\n<meta property=\"og:url\" content=\"https:\/\/compuviper.mx\/tienda\/producto\/tp-link-eap660-hd-access-point-tp-link-omada-para-interior-ax3600-wifi-6-banda-dual-2-4ghz-a-1148mbps-y-5ghz-a-3550mbps-1-rj45-2-5-gigabit-admite-poe-ieee802-3at-administra-500-clientes\/\" \/>\n<meta property=\"og:site_name\" content=\"Compuviper\" \/>\n<meta property=\"article:publisher\" content=\"https:\/\/www.facebook.com\/compuviper\" \/>\n<meta property=\"og:image\" content=\"https:\/\/compuviper.mx\/tienda\/wp-content\/uploads\/2023\/12\/Access-point-tp-link-omada-eap660-hd-para-interior-ax3600-wifi-6-banda-dual-2.4ghz-a-1148mbps-y-5ghz-a-3550mbps-1-rj45-2.5-gigabit-admite-poe-ieee802.3at-administra-500-clientes.jpg\" \/>\n\t<meta property=\"og:image:width\" content=\"200\" \/>\n\t<meta property=\"og:image:height\" content=\"200\" \/>\n\t<meta property=\"og:image:type\" content=\"image\/jpeg\" \/>\n<meta name=\"twitter:card\" content=\"summary_large_image\" \/>\n<meta name=\"twitter:label1\" content=\"Precio\" \/>\n\t<meta name=\"twitter:data1\" content=\"&#36;3,439 con IVA\" \/>\n\t<meta name=\"twitter:label2\" content=\"Availability\" \/>\n\t<meta name=\"twitter:data2\" content=\"In stock\" \/>\n<script type=\"application\/ld+json\" class=\"yoast-schema-graph\">{\"@context\":\"https:\/\/schema.org\",\"@graph\":[{\"@type\":\"WebPage\",\"@id\":\"https:\/\/compuviper.mx\/tienda\/producto\/tp-link-eap660-hd-access-point-tp-link-omada-para-interior-ax3600-wifi-6-banda-dual-2-4ghz-a-1148mbps-y-5ghz-a-3550mbps-1-rj45-2-5-gigabit-admite-poe-ieee802-3at-administra-500-clientes\/\",\"url\":\"https:\/\/compuviper.mx\/tienda\/producto\/tp-link-eap660-hd-access-point-tp-link-omada-para-interior-ax3600-wifi-6-banda-dual-2-4ghz-a-1148mbps-y-5ghz-a-3550mbps-1-rj45-2-5-gigabit-admite-poe-ieee802-3at-administra-500-clientes\/\",\"name\":\"[ Tp Link ] &#129351; Eap660 Hd Access Point | Tp-link | Omada Para Interior | Ax3600 | Wifi 6 | Banda Dual 2.4ghz A 1148mbps Y 5ghz A 3550mbps 1 Rj45 2.5 Gigabit Admite Poe Ieee802.3at | Administra 500 Clientes\",\"isPartOf\":{\"@id\":\"https:\/\/compuviper.mx\/tienda\/#website\"},\"datePublished\":\"2026-04-18T07:07:59+00:00\",\"dateModified\":\"2026-04-18T07:07:59+00:00\",\"description\":\"Compra Eap660 Hd Access Point | Tp-link | Omada Para Interior | Ax3600 | Wifi 6 | Banda Dual 2.4ghz A 1148mbps Y 5ghz A 3550mbps 1 Rj45 2.5 Gigabit Admite Poe Ieee802.3at | Administra 500 Clientes + Env\u00edo a domicilio + Pago seguro + Garant\u00eda\",\"breadcrumb\":{\"@id\":\"https:\/\/compuviper.mx\/tienda\/producto\/tp-link-eap660-hd-access-point-tp-link-omada-para-interior-ax3600-wifi-6-banda-dual-2-4ghz-a-1148mbps-y-5ghz-a-3550mbps-1-rj45-2-5-gigabit-admite-poe-ieee802-3at-administra-500-clientes\/#breadcrumb\"},\"inLanguage\":\"es-MX\",\"potentialAction\":[{\"@type\":\"ReadAction\",\"target\":[\"https:\/\/compuviper.mx\/tienda\/producto\/tp-link-eap660-hd-access-point-tp-link-omada-para-interior-ax3600-wifi-6-banda-dual-2-4ghz-a-1148mbps-y-5ghz-a-3550mbps-1-rj45-2-5-gigabit-admite-poe-ieee802-3at-administra-500-clientes\/\"]}]},{\"@type\":\"BreadcrumbList\",\"@id\":\"https:\/\/compuviper.mx\/tienda\/producto\/tp-link-eap660-hd-access-point-tp-link-omada-para-interior-ax3600-wifi-6-banda-dual-2-4ghz-a-1148mbps-y-5ghz-a-3550mbps-1-rj45-2-5-gigabit-admite-poe-ieee802-3at-administra-500-clientes\/#breadcrumb\",\"itemListElement\":[{\"@type\":\"ListItem\",\"position\":1,\"name\":\"Inicio\",\"item\":\"https:\/\/compuviper.mx\/tienda\/\"},{\"@type\":\"ListItem\",\"position\":2,\"name\":\"Productos\",\"item\":\"https:\/\/compuviper.mx\/tienda\/productos\/\"},{\"@type\":\"ListItem\",\"position\":3,\"name\":\"Redes\",\"item\":\"https:\/\/compuviper.mx\/tienda\/categoria-producto\/redes\/\"},{\"@type\":\"ListItem\",\"position\":4,\"name\":\"Access Point\",\"item\":\"https:\/\/compuviper.mx\/tienda\/categoria-producto\/redes\/access-point\/\"},{\"@type\":\"ListItem\",\"position\":5,\"name\":\"Tp Link Eap660 Hd Access Point | Tp-link | Omada Para Interior | Ax3600 | Wifi 6 | Banda Dual 2.4ghz A 1148mbps Y 5ghz A 3550mbps 1 Rj45 2.5 Gigabit Admite Poe Ieee802.3at | Administra 500 Clientes\"}]},{\"@type\":\"WebSite\",\"@id\":\"https:\/\/compuviper.mx\/tienda\/#website\",\"url\":\"https:\/\/compuviper.mx\/tienda\/\",\"name\":\"Compuviper\",\"description\":\"Proveedor de Computadoras, Laptops, Servidores, Monitores, Puntos de Venta, Teclados,   Impresoras, T\u00f3ner, C\u00e1maras de Seguridad y m\u00e1s en tu tienda en l\u00ednea\",\"publisher\":{\"@id\":\"https:\/\/compuviper.mx\/tienda\/#organization\"},\"potentialAction\":[{\"@type\":\"SearchAction\",\"target\":{\"@type\":\"EntryPoint\",\"urlTemplate\":\"https:\/\/compuviper.mx\/tienda\/?s={search_term_string}\"},\"query-input\":\"required name=search_term_string\"}],\"inLanguage\":\"es-MX\"},{\"@type\":\"Organization\",\"@id\":\"https:\/\/compuviper.mx\/tienda\/#organization\",\"name\":\"Compuviper\",\"url\":\"https:\/\/compuviper.mx\/tienda\/\",\"logo\":{\"@type\":\"ImageObject\",\"inLanguage\":\"es-MX\",\"@id\":\"https:\/\/compuviper.mx\/tienda\/#\/schema\/logo\/image\/\",\"url\":\"https:\/\/compuviper.mx\/tienda\/wp-content\/uploads\/2021\/08\/Logo-Compuviper-10.png\",\"contentUrl\":\"https:\/\/compuviper.mx\/tienda\/wp-content\/uploads\/2021\/08\/Logo-Compuviper-10.png\",\"width\":1000,\"height\":500,\"caption\":\"Compuviper\"},\"image\":{\"@id\":\"https:\/\/compuviper.mx\/tienda\/#\/schema\/logo\/image\/\"},\"sameAs\":[\"https:\/\/www.facebook.com\/compuviper\",\"https:\/\/www.youtube.com\/channel\/UCf73dERp9Y3cfOq7q8BhLjA?view_as=subscriber\"]}]}<\/script>\n<meta property=\"product:brand\" content=\"TP LINK\" \/>\n<meta property=\"product:price:amount\" content=\"3439\" \/>\n<meta property=\"product:price:currency\" content=\"MXN\" \/>\n<meta property=\"og:availability\" content=\"instock\" \/>\n<meta property=\"product:availability\" content=\"instock\" \/>\n<meta property=\"product:retailer_item_id\" content=\"EAP660 HD\" \/>\n<meta property=\"product:condition\" content=\"new\" \/>\n<!-- \/ Yoast SEO plugin. -->","yoast_head_json":{"title":"[ Tp Link ] &#129351; Eap660 Hd Access Point | Tp-link | Omada Para Interior | Ax3600 | Wifi 6 | Banda Dual 2.4ghz A 1148mbps Y 5ghz A 3550mbps 1 Rj45 2.5 Gigabit Admite Poe Ieee802.3at | Administra 500 Clientes","description":"Compra Eap660 Hd Access Point | Tp-link | Omada Para Interior | Ax3600 | Wifi 6 | Banda Dual 2.4ghz A 1148mbps Y 5ghz A 3550mbps 1 Rj45 2.5 Gigabit Admite Poe Ieee802.3at | Administra 500 Clientes + Env\u00edo a domicilio + Pago seguro + Garant\u00eda","robots":{"index":"index","follow":"follow","max-snippet":"max-snippet:-1","max-image-preview":"max-image-preview:large","max-video-preview":"max-video-preview:-1"},"canonical":"https:\/\/compuviper.mx\/tienda\/producto\/tp-link-eap660-hd-access-point-tp-link-omada-para-interior-ax3600-wifi-6-banda-dual-2-4ghz-a-1148mbps-y-5ghz-a-3550mbps-1-rj45-2-5-gigabit-admite-poe-ieee802-3at-administra-500-clientes\/","og_locale":"es_MX","og_type":"article","og_title":"[ Tp Link ] &#129351; Eap660 Hd Access Point | Tp-link | Omada Para Interior | Ax3600 | Wifi 6 | Banda Dual 2.4ghz A 1148mbps Y 5ghz A 3550mbps 1 Rj45 2.5 Gigabit Admite Poe Ieee802.3at | Administra 500 Clientes","og_description":"Compra Eap660 Hd Access Point | Tp-link | Omada Para Interior | Ax3600 | Wifi 6 | Banda Dual 2.4ghz A 1148mbps Y 5ghz A 3550mbps 1 Rj45 2.5 Gigabit Admite Poe Ieee802.3at | Administra 500 Clientes + Env\u00edo a domicilio + Pago seguro + Garant\u00eda","og_url":"https:\/\/compuviper.mx\/tienda\/producto\/tp-link-eap660-hd-access-point-tp-link-omada-para-interior-ax3600-wifi-6-banda-dual-2-4ghz-a-1148mbps-y-5ghz-a-3550mbps-1-rj45-2-5-gigabit-admite-poe-ieee802-3at-administra-500-clientes\/","og_site_name":"Compuviper","article_publisher":"https:\/\/www.facebook.com\/compuviper","og_image":[{"width":200,"height":200,"url":"https:\/\/compuviper.mx\/tienda\/wp-content\/uploads\/2023\/12\/Access-point-tp-link-omada-eap660-hd-para-interior-ax3600-wifi-6-banda-dual-2.4ghz-a-1148mbps-y-5ghz-a-3550mbps-1-rj45-2.5-gigabit-admite-poe-ieee802.3at-administra-500-clientes.jpg","type":"image\/jpeg"}],"twitter_card":"summary_large_image","twitter_misc":{"Precio":"&#36;3,439 con IVA","Availability":"In stock"},"schema":{"@context":"https:\/\/schema.org","@graph":[{"@type":"WebPage","@id":"https:\/\/compuviper.mx\/tienda\/producto\/tp-link-eap660-hd-access-point-tp-link-omada-para-interior-ax3600-wifi-6-banda-dual-2-4ghz-a-1148mbps-y-5ghz-a-3550mbps-1-rj45-2-5-gigabit-admite-poe-ieee802-3at-administra-500-clientes\/","url":"https:\/\/compuviper.mx\/tienda\/producto\/tp-link-eap660-hd-access-point-tp-link-omada-para-interior-ax3600-wifi-6-banda-dual-2-4ghz-a-1148mbps-y-5ghz-a-3550mbps-1-rj45-2-5-gigabit-admite-poe-ieee802-3at-administra-500-clientes\/","name":"[ Tp Link ] &#129351; Eap660 Hd Access Point | Tp-link | Omada Para Interior | Ax3600 | Wifi 6 | Banda Dual 2.4ghz A 1148mbps Y 5ghz A 3550mbps 1 Rj45 2.5 Gigabit Admite Poe Ieee802.3at | Administra 500 Clientes","isPartOf":{"@id":"https:\/\/compuviper.mx\/tienda\/#website"},"datePublished":"2026-04-18T07:07:59+00:00","dateModified":"2026-04-18T07:07:59+00:00","description":"Compra Eap660 Hd Access Point | Tp-link | Omada Para Interior | Ax3600 | Wifi 6 | Banda Dual 2.4ghz A 1148mbps Y 5ghz A 3550mbps 1 Rj45 2.5 Gigabit Admite Poe Ieee802.3at | Administra 500 Clientes + Env\u00edo a domicilio + Pago seguro + Garant\u00eda","breadcrumb":{"@id":"https:\/\/compuviper.mx\/tienda\/producto\/tp-link-eap660-hd-access-point-tp-link-omada-para-interior-ax3600-wifi-6-banda-dual-2-4ghz-a-1148mbps-y-5ghz-a-3550mbps-1-rj45-2-5-gigabit-admite-poe-ieee802-3at-administra-500-clientes\/#breadcrumb"},"inLanguage":"es-MX","potentialAction":[{"@type":"ReadAction","target":["https:\/\/compuviper.mx\/tienda\/producto\/tp-link-eap660-hd-access-point-tp-link-omada-para-interior-ax3600-wifi-6-banda-dual-2-4ghz-a-1148mbps-y-5ghz-a-3550mbps-1-rj45-2-5-gigabit-admite-poe-ieee802-3at-administra-500-clientes\/"]}]},{"@type":"BreadcrumbList","@id":"https:\/\/compuviper.mx\/tienda\/producto\/tp-link-eap660-hd-access-point-tp-link-omada-para-interior-ax3600-wifi-6-banda-dual-2-4ghz-a-1148mbps-y-5ghz-a-3550mbps-1-rj45-2-5-gigabit-admite-poe-ieee802-3at-administra-500-clientes\/#breadcrumb","itemListElement":[{"@type":"ListItem","position":1,"name":"Inicio","item":"https:\/\/compuviper.mx\/tienda\/"},{"@type":"ListItem","position":2,"name":"Productos","item":"https:\/\/compuviper.mx\/tienda\/productos\/"},{"@type":"ListItem","position":3,"name":"Redes","item":"https:\/\/compuviper.mx\/tienda\/categoria-producto\/redes\/"},{"@type":"ListItem","position":4,"name":"Access Point","item":"https:\/\/compuviper.mx\/tienda\/categoria-producto\/redes\/access-point\/"},{"@type":"ListItem","position":5,"name":"Tp Link Eap660 Hd Access Point | Tp-link | Omada Para Interior | Ax3600 | Wifi 6 | Banda Dual 2.4ghz A 1148mbps Y 5ghz A 3550mbps 1 Rj45 2.5 Gigabit Admite Poe Ieee802.3at | Administra 500 Clientes"}]},{"@type":"WebSite","@id":"https:\/\/compuviper.mx\/tienda\/#website","url":"https:\/\/compuviper.mx\/tienda\/","name":"Compuviper","description":"Proveedor de Computadoras, Laptops, Servidores, Monitores, Puntos de Venta, Teclados,   Impresoras, T\u00f3ner, C\u00e1maras de Seguridad y m\u00e1s en tu tienda en l\u00ednea","publisher":{"@id":"https:\/\/compuviper.mx\/tienda\/#organization"},"potentialAction":[{"@type":"SearchAction","target":{"@type":"EntryPoint","urlTemplate":"https:\/\/compuviper.mx\/tienda\/?s={search_term_string}"},"query-input":"required name=search_term_string"}],"inLanguage":"es-MX"},{"@type":"Organization","@id":"https:\/\/compuviper.mx\/tienda\/#organization","name":"Compuviper","url":"https:\/\/compuviper.mx\/tienda\/","logo":{"@type":"ImageObject","inLanguage":"es-MX","@id":"https:\/\/compuviper.mx\/tienda\/#\/schema\/logo\/image\/","url":"https:\/\/compuviper.mx\/tienda\/wp-content\/uploads\/2021\/08\/Logo-Compuviper-10.png","contentUrl":"https:\/\/compuviper.mx\/tienda\/wp-content\/uploads\/2021\/08\/Logo-Compuviper-10.png","width":1000,"height":500,"caption":"Compuviper"},"image":{"@id":"https:\/\/compuviper.mx\/tienda\/#\/schema\/logo\/image\/"},"sameAs":["https:\/\/www.facebook.com\/compuviper","https:\/\/www.youtube.com\/channel\/UCf73dERp9Y3cfOq7q8BhLjA?view_as=subscriber"]}]},"product_brand":"TP LINK","product_price_amount":"3439","product_price_currency":"MXN","og_availability":"instock","product_availability":"instock","product_retailer_item_id":"EAP660 HD","product_condition":"new"},"_links":{"self":[{"href":"https:\/\/compuviper.mx\/tienda\/wp-json\/wp\/v2\/product\/221020"}],"collection":[{"href":"https:\/\/compuviper.mx\/tienda\/wp-json\/wp\/v2\/product"}],"about":[{"href":"https:\/\/compuviper.mx\/tienda\/wp-json\/wp\/v2\/types\/product"}],"replies":[{"embeddable":true,"href":"https:\/\/compuviper.mx\/tienda\/wp-json\/wp\/v2\/comments?post=221020"}],"wp:featuredmedia":[{"embeddable":true,"href":"https:\/\/compuviper.mx\/tienda\/wp-json\/wp\/v2\/media\/221021"}],"wp:attachment":[{"href":"https:\/\/compuviper.mx\/tienda\/wp-json\/wp\/v2\/media?parent=221020"}],"wp:term":[{"taxonomy":"product_cat","embeddable":true,"href":"https:\/\/compuviper.mx\/tienda\/wp-json\/wp\/v2\/product_cat?post=221020"},{"taxonomy":"product_tag","embeddable":true,"href":"https:\/\/compuviper.mx\/tienda\/wp-json\/wp\/v2\/product_tag?post=221020"}],"curies":[{"name":"wp","href":"https:\/\/api.w.org\/{rel}","templated":true}]}}