{"id":221014,"date":"2026-04-18T01:07:58","date_gmt":"2026-04-18T07:07:58","guid":{"rendered":"https:\/\/compuviper.mx\/tienda\/producto\/tp-link-ec220-g5-router-tp-link-inalambrico-wisp-ac1200-dual-band-2-4ghz-a-300mbps-y-5ghz-a-867mbps-3-puertos-lan-10-100-1000-1-puerto-wan-10-100-1000-y-4-antenas-fijas-omnidireccionales\/"},"modified":"2026-04-18T01:07:58","modified_gmt":"2026-04-18T07:07:58","slug":"tp-link-ec220-g5-router-tp-link-inalambrico-ac1200-dual-band-2-4ghz-a-300mbps-y-5ghz-a-867mbps-3-puertos-lan-10-100-1000-1-puerto-wan-10-100-1000-y-4-antenas-fijas-omnidireccionales","status":"publish","type":"product","link":"https:\/\/compuviper.mx\/tienda\/producto\/tp-link-ec220-g5-router-tp-link-inalambrico-ac1200-dual-band-2-4ghz-a-300mbps-y-5ghz-a-867mbps-3-puertos-lan-10-100-1000-1-puerto-wan-10-100-1000-y-4-antenas-fijas-omnidireccionales\/","title":{"rendered":"Tp Link Ec220-g5 Router |tp-link |  | Inalambrico | Ac1200 Dual Band 2.4ghz A 300mbps Y 5ghz A 867mbps 3 Puertos Lan 10\/100\/1000 1 Puerto Wan 10\/100\/1000 Y 4 Antenas Fijas Omnidireccionales"},"content":{"rendered":"<table class=\"descripcion\">\n<tr>\n<td>Caracter\u00edsticas de hardware<\/td>\n<\/tr>\n<tr>\n<td>Fuente de alimentaci\u00f3n externa 12v \/ 1.0a<\/td>\n<\/tr>\n<tr>\n<td>Dimensiones (an x pr x al) 9,1 \u00d7 5,7 \u00d7 1,5 pulg. (230,0 x 144,0 x 37,0 mm)<\/td>\n<\/tr>\n<tr>\n<td>Interfaz 3 puertos lan de 10\/100\/1000 mbps y 1 puerto wan de 10\/100\/1000 mbps<\/td>\n<\/tr>\n<tr>\n<td>Antena 4 antenas externas<\/td>\n<\/tr>\n<tr>\n<td>Caracter\u00edsticas inal\u00e1mbricas<\/td>\n<\/tr>\n<tr>\n<td>Est\u00e1ndares inal\u00e1mbricos ieee 802.11a \/ n \/ ac 5 ghz, ieee 802.11b \/ g \/ n 2,4 ghz<\/td>\n<\/tr>\n<tr>\n<td>Frecuencia 2,4 ghz y 5 ghz<\/td>\n<\/tr>\n<tr>\n<td>Tasa de se\u00f1al 300 mbps a 2,4 ghz, 867 mbps a 5 ghz<\/td>\n<\/tr>\n<tr>\n<td>Transmitir energ\u00eda ce:  20 dbm (2,4 ghz),  23 dbm (5 ghz)<\/td>\n<\/tr>\n<tr>\n<td>Funciones inal\u00e1mbricas activar \/ desactivar radio inal\u00e1mbrica, puente wds, wmm, estad\u00edsticas inal\u00e1mbricas<\/td>\n<\/tr>\n<tr>\n<td>Seguridad inal\u00e1mbrica wep de 64\/128 bits, wpa \/ wpa2, wpa-psk \/ wpa2-psk<\/td>\n<\/tr>\n<tr>\n<td>Funciones de software<\/td>\n<\/tr>\n<tr>\n<td>Tipo de wan ip din\u00e1mica \/ ip est\u00e1tica \/ pppoe \/ pptp \/ l2tp (multi-ewan)<\/td>\n<\/tr>\n<tr>\n<td>Dhcp servidor, cliente, lista de clientes dhcp, reserva de direcciones<\/td>\n<\/tr>\n<tr>\n<td>Calidad de servicio wmm, control de ancho de banda<\/td>\n<\/tr>\n<tr>\n<td>Reenv\u00edo de puertos servidor virtual, activaci\u00f3n de puertos, dmz, upnp<\/td>\n<\/tr>\n<tr>\n<td>Paso de vpn pptp, l2tp, ipsec<\/td>\n<\/tr>\n<tr>\n<td>Control de acceso control parental, control de gesti\u00f3n local, lista de anfitriones, horario de acceso, gesti\u00f3n de reglas<\/td>\n<\/tr>\n<tr>\n<td>Seguridad del cortafuegos dos, spi firewall, filtro de direcciones ip, enlace de direcciones ip y mac<\/td>\n<\/tr>\n<tr>\n<td>Protocolos soporta ipv4 e ipv6<\/td>\n<\/tr>\n<tr>\n<td>Administraci\u00f3n control de acceso, gesti\u00f3n local, gesti\u00f3n remota, tr-069, tr-098, tr-111<\/td>\n<\/tr>\n<tr>\n<td>Otros<\/td>\n<\/tr>\n<tr>\n<td>Contenidos del paquete enrutador gigabit inal\u00e1mbrico de banda dual ac1200<\/td>\n<\/tr>\n<tr>\n<td>Unidad de fuente de alimentaci\u00f3n ec220-g5<\/td>\n<\/tr>\n<tr>\n<td>Cable ethernet rj45<\/td>\n<\/tr>\n<tr>\n<td>Gu\u00eda de instalaci\u00f3n r\u00e1pida<\/td>\n<\/tr>\n<tr>\n<td>Certificaciones ce, rohs<\/td>\n<\/tr>\n<tr>\n<td>Requisitos del sistema microsoft windows 98se, nt, 2000, xp, vista \u0099 o windows 7, 8, 8.1,10, mac os, netware, unix o linux internet explorer 11, firefox 12.0, chrome 20.0, safari 4.0 o superior.<\/td>\n<\/tr>\n<tr>\n<td>Ambiente temperatura de funcionamiento: 0 \u00b0 c ~ 40 \u00b0 c (32 \u00b0 f ~ 104 \u00b0 f)<\/td>\n<\/tr>\n<tr>\n<td>Temperatura de almacenamiento: -40 \u00b0 c ~ 70 \u00b0 c (-40 \u00b0 f ~ 158 \u00b0 f)<\/td>\n<\/tr>\n<tr>\n<td>Humedad de funcionamiento: 10% ~ 90% no condensaci\u00f3n<\/td>\n<\/tr>\n<tr>\n<td>Humedad de almacenamiento: 5% ~ 90% sin condensaci\u00f3n<\/td>\n<\/tr>\n<\/table>\n","protected":false},"excerpt":{"rendered":"<p>Router gigabit inal\u00e1mbrico de doble banda ac1200. Ec220-g5. * actualice a wi-fi de quinta generaci\u00f3n, 300 mbps a 2,4 ghz + 867 mbps a 5 ghz de doble banda. * f\u00e1cil gesti\u00f3n remota, el protocolo tr-069 permite a un operador configurar y gestionar de forma remota los dispositivos del usuario final. * ipv6: compatible con ipv6 (protocolo de internet versi\u00f3n 6. * iptv: admite igmp proxy \/ snooping, bridge y tag vlan para optimizar la transmisi\u00f3n de iptv. * puertos gigabit completos, admite puerto wan de 1000 mbps y cuatro puertos lan de 1000 mbps, para velocidades de transferencia de datos ultrarr\u00e1pidas. Wi-fi de doble banda de alta velocidad para una mejor conexi\u00f3n. Velocidades inal\u00e1mbricas vertiginosas de hasta 1.2gbps a bandas de 2.4ghz y 5ghz garantizan juegos en l\u00ednea fluidos, transmisi\u00f3n hd y descargas r\u00e1pidas. Dise\u00f1o de antena innovador para m\u00e1xima cobertura. Cuatro antenas bien ordenadas hacen que todas sus conexiones sean m\u00e1s eficientes y estables. La tecnolog\u00eda de antena avanzada aumenta la sensibilidad de recepci\u00f3n para ampliar la cobertura wi-fi de su hogar. Control parental sencillo. Supervisar a los ni\u00f1os y al personal con acceso responsable, controlado por padres o administradores. Utilice palabras clave para configurar f\u00e1cilmente una lista negra y limitar el nivel de acceso a la web. Soporta multi-ssid. M\u00faltiples ssid ayudan a los isp a crear f\u00e1cilmente redes wlan separadas para diversas implementaciones de servicios, como iptv, internet, etc. F\u00e1cil configuraci\u00f3n y administraci\u00f3n con la aplicaci\u00f3n tether. La aplicaci\u00f3n gratuita tether est\u00e1 disponible para dispositivos android e ios, lo que facilita la configuraci\u00f3n del ec220-g5 y la administraci\u00f3n de la configuraci\u00f3n de red. Gesti\u00f3n remota sencilla para isp. Admite los protocolos tr-069, lo que permite a los isp configurar y administrar de forma remota los dispositivos de los usuarios finales. Soporta tr-098. Soluci\u00f3n \u00e1gil de tp-link: reduzca considerablemente el opex de los isp. Admite agile config, lo que permite a los isp personalizar las configuraciones predeterminadas de acuerdo con sus requisitos y mantener la configuraci\u00f3n despu\u00e9s de que los usuarios restablezcan los dispositivos. Admite agile acs, lo que permite al isp realizar la administraci\u00f3n remota de los dispositivos implementados y reducir el costo de mantenimiento en el sitio.<\/p>\n","protected":false},"featured_media":221015,"comment_status":"open","ping_status":"open","template":"","meta":[],"product_cat":[1563,1753],"product_tag":[1562],"acf":[],"yoast_head":"<!-- This site is optimized with the Yoast SEO plugin v21.7 - https:\/\/yoast.com\/wordpress\/plugins\/seo\/ -->\n<title>[ Tp Link ] &#129351; Ec220-g5 Router |tp-link | | Inalambrico | Ac1200 Dual Band 2.4ghz A 300mbps Y 5ghz A 867mbps 3 Puertos Lan 10\/100\/1000 1 Puerto Wan 10\/100\/1000 Y 4 Antenas Fijas Omnidireccionales<\/title>\n<meta name=\"description\" content=\"Compra Ec220-g5 Router |tp-link | | Inalambrico | Ac1200 Dual Band 2.4ghz A 300mbps Y 5ghz A 867mbps 3 Puertos Lan 10\/100\/1000 1 Puerto Wan 10\/100\/1000 Y 4 Antenas Fijas Omnidireccionales + Env\u00edo a domicilio + Pago seguro + Garant\u00eda\" \/>\n<meta name=\"robots\" content=\"index, follow, max-snippet:-1, max-image-preview:large, max-video-preview:-1\" \/>\n<link rel=\"canonical\" href=\"https:\/\/compuviper.mx\/tienda\/producto\/tp-link-ec220-g5-router-tp-link-inalambrico-ac1200-dual-band-2-4ghz-a-300mbps-y-5ghz-a-867mbps-3-puertos-lan-10-100-1000-1-puerto-wan-10-100-1000-y-4-antenas-fijas-omnidireccionales\/\" \/>\n<meta property=\"og:locale\" content=\"es_MX\" \/>\n<meta property=\"og:type\" content=\"article\" \/>\n<meta property=\"og:title\" content=\"[ Tp Link ] &#129351; Ec220-g5 Router |tp-link | | Inalambrico | Ac1200 Dual Band 2.4ghz A 300mbps Y 5ghz A 867mbps 3 Puertos Lan 10\/100\/1000 1 Puerto Wan 10\/100\/1000 Y 4 Antenas Fijas Omnidireccionales\" \/>\n<meta property=\"og:description\" content=\"Compra Ec220-g5 Router |tp-link | | Inalambrico | Ac1200 Dual Band 2.4ghz A 300mbps Y 5ghz A 867mbps 3 Puertos Lan 10\/100\/1000 1 Puerto Wan 10\/100\/1000 Y 4 Antenas Fijas Omnidireccionales + Env\u00edo a domicilio + Pago seguro + Garant\u00eda\" \/>\n<meta property=\"og:url\" content=\"https:\/\/compuviper.mx\/tienda\/producto\/tp-link-ec220-g5-router-tp-link-inalambrico-ac1200-dual-band-2-4ghz-a-300mbps-y-5ghz-a-867mbps-3-puertos-lan-10-100-1000-1-puerto-wan-10-100-1000-y-4-antenas-fijas-omnidireccionales\/\" \/>\n<meta property=\"og:site_name\" content=\"Compuviper\" \/>\n<meta property=\"article:publisher\" content=\"https:\/\/www.facebook.com\/compuviper\" \/>\n<meta property=\"og:image\" content=\"https:\/\/compuviper.mx\/tienda\/wp-content\/uploads\/2023\/12\/Router-tp-link-ec220-g5-inalambrico-wisp-ac1200-dual-band-2.4ghz-a-300mbps-y-5ghz-a-867mbps-3-puertos-lan-101001000-1-puerto-wan-101001000-y-4-antenas-fijas-omnidireccionales.jpg\" \/>\n\t<meta property=\"og:image:width\" content=\"200\" \/>\n\t<meta property=\"og:image:height\" content=\"200\" \/>\n\t<meta property=\"og:image:type\" content=\"image\/jpeg\" \/>\n<meta name=\"twitter:card\" content=\"summary_large_image\" \/>\n<meta name=\"twitter:label1\" content=\"Precio\" \/>\n\t<meta name=\"twitter:data1\" content=\"&#36;535 con IVA\" \/>\n\t<meta name=\"twitter:label2\" content=\"Availability\" \/>\n\t<meta name=\"twitter:data2\" content=\"In stock\" \/>\n<script type=\"application\/ld+json\" class=\"yoast-schema-graph\">{\"@context\":\"https:\/\/schema.org\",\"@graph\":[{\"@type\":\"WebPage\",\"@id\":\"https:\/\/compuviper.mx\/tienda\/producto\/tp-link-ec220-g5-router-tp-link-inalambrico-ac1200-dual-band-2-4ghz-a-300mbps-y-5ghz-a-867mbps-3-puertos-lan-10-100-1000-1-puerto-wan-10-100-1000-y-4-antenas-fijas-omnidireccionales\/\",\"url\":\"https:\/\/compuviper.mx\/tienda\/producto\/tp-link-ec220-g5-router-tp-link-inalambrico-ac1200-dual-band-2-4ghz-a-300mbps-y-5ghz-a-867mbps-3-puertos-lan-10-100-1000-1-puerto-wan-10-100-1000-y-4-antenas-fijas-omnidireccionales\/\",\"name\":\"[ Tp Link ] &#129351; Ec220-g5 Router |tp-link | | Inalambrico | Ac1200 Dual Band 2.4ghz A 300mbps Y 5ghz A 867mbps 3 Puertos Lan 10\/100\/1000 1 Puerto Wan 10\/100\/1000 Y 4 Antenas Fijas Omnidireccionales\",\"isPartOf\":{\"@id\":\"https:\/\/compuviper.mx\/tienda\/#website\"},\"datePublished\":\"2026-04-18T07:07:58+00:00\",\"dateModified\":\"2026-04-18T07:07:58+00:00\",\"description\":\"Compra Ec220-g5 Router |tp-link | | Inalambrico | Ac1200 Dual Band 2.4ghz A 300mbps Y 5ghz A 867mbps 3 Puertos Lan 10\/100\/1000 1 Puerto Wan 10\/100\/1000 Y 4 Antenas Fijas Omnidireccionales + Env\u00edo a domicilio + Pago seguro + Garant\u00eda\",\"breadcrumb\":{\"@id\":\"https:\/\/compuviper.mx\/tienda\/producto\/tp-link-ec220-g5-router-tp-link-inalambrico-ac1200-dual-band-2-4ghz-a-300mbps-y-5ghz-a-867mbps-3-puertos-lan-10-100-1000-1-puerto-wan-10-100-1000-y-4-antenas-fijas-omnidireccionales\/#breadcrumb\"},\"inLanguage\":\"es-MX\",\"potentialAction\":[{\"@type\":\"ReadAction\",\"target\":[\"https:\/\/compuviper.mx\/tienda\/producto\/tp-link-ec220-g5-router-tp-link-inalambrico-ac1200-dual-band-2-4ghz-a-300mbps-y-5ghz-a-867mbps-3-puertos-lan-10-100-1000-1-puerto-wan-10-100-1000-y-4-antenas-fijas-omnidireccionales\/\"]}]},{\"@type\":\"BreadcrumbList\",\"@id\":\"https:\/\/compuviper.mx\/tienda\/producto\/tp-link-ec220-g5-router-tp-link-inalambrico-ac1200-dual-band-2-4ghz-a-300mbps-y-5ghz-a-867mbps-3-puertos-lan-10-100-1000-1-puerto-wan-10-100-1000-y-4-antenas-fijas-omnidireccionales\/#breadcrumb\",\"itemListElement\":[{\"@type\":\"ListItem\",\"position\":1,\"name\":\"Inicio\",\"item\":\"https:\/\/compuviper.mx\/tienda\/\"},{\"@type\":\"ListItem\",\"position\":2,\"name\":\"Productos\",\"item\":\"https:\/\/compuviper.mx\/tienda\/productos\/\"},{\"@type\":\"ListItem\",\"position\":3,\"name\":\"Redes\",\"item\":\"https:\/\/compuviper.mx\/tienda\/categoria-producto\/redes\/\"},{\"@type\":\"ListItem\",\"position\":4,\"name\":\"Router\",\"item\":\"https:\/\/compuviper.mx\/tienda\/categoria-producto\/redes\/router\/\"},{\"@type\":\"ListItem\",\"position\":5,\"name\":\"Tp Link Ec220-g5 Router |tp-link | | Inalambrico | Ac1200 Dual Band 2.4ghz A 300mbps Y 5ghz A 867mbps 3 Puertos Lan 10\/100\/1000 1 Puerto Wan 10\/100\/1000 Y 4 Antenas Fijas Omnidireccionales\"}]},{\"@type\":\"WebSite\",\"@id\":\"https:\/\/compuviper.mx\/tienda\/#website\",\"url\":\"https:\/\/compuviper.mx\/tienda\/\",\"name\":\"Compuviper\",\"description\":\"Proveedor de Computadoras, Laptops, Servidores, Monitores, Puntos de Venta, Teclados,   Impresoras, T\u00f3ner, C\u00e1maras de Seguridad y m\u00e1s en tu tienda en l\u00ednea\",\"publisher\":{\"@id\":\"https:\/\/compuviper.mx\/tienda\/#organization\"},\"potentialAction\":[{\"@type\":\"SearchAction\",\"target\":{\"@type\":\"EntryPoint\",\"urlTemplate\":\"https:\/\/compuviper.mx\/tienda\/?s={search_term_string}\"},\"query-input\":\"required name=search_term_string\"}],\"inLanguage\":\"es-MX\"},{\"@type\":\"Organization\",\"@id\":\"https:\/\/compuviper.mx\/tienda\/#organization\",\"name\":\"Compuviper\",\"url\":\"https:\/\/compuviper.mx\/tienda\/\",\"logo\":{\"@type\":\"ImageObject\",\"inLanguage\":\"es-MX\",\"@id\":\"https:\/\/compuviper.mx\/tienda\/#\/schema\/logo\/image\/\",\"url\":\"https:\/\/compuviper.mx\/tienda\/wp-content\/uploads\/2021\/08\/Logo-Compuviper-10.png\",\"contentUrl\":\"https:\/\/compuviper.mx\/tienda\/wp-content\/uploads\/2021\/08\/Logo-Compuviper-10.png\",\"width\":1000,\"height\":500,\"caption\":\"Compuviper\"},\"image\":{\"@id\":\"https:\/\/compuviper.mx\/tienda\/#\/schema\/logo\/image\/\"},\"sameAs\":[\"https:\/\/www.facebook.com\/compuviper\",\"https:\/\/www.youtube.com\/channel\/UCf73dERp9Y3cfOq7q8BhLjA?view_as=subscriber\"]}]}<\/script>\n<meta property=\"product:brand\" content=\"TP LINK\" \/>\n<meta property=\"product:price:amount\" content=\"535\" \/>\n<meta property=\"product:price:currency\" content=\"MXN\" \/>\n<meta property=\"og:availability\" content=\"instock\" \/>\n<meta property=\"product:availability\" content=\"instock\" \/>\n<meta property=\"product:retailer_item_id\" content=\"EC220-G5\" \/>\n<meta property=\"product:condition\" content=\"new\" \/>\n<!-- \/ Yoast SEO plugin. -->","yoast_head_json":{"title":"[ Tp Link ] &#129351; Ec220-g5 Router |tp-link | | Inalambrico | Ac1200 Dual Band 2.4ghz A 300mbps Y 5ghz A 867mbps 3 Puertos Lan 10\/100\/1000 1 Puerto Wan 10\/100\/1000 Y 4 Antenas Fijas Omnidireccionales","description":"Compra Ec220-g5 Router |tp-link | | Inalambrico | Ac1200 Dual Band 2.4ghz A 300mbps Y 5ghz A 867mbps 3 Puertos Lan 10\/100\/1000 1 Puerto Wan 10\/100\/1000 Y 4 Antenas Fijas Omnidireccionales + Env\u00edo a domicilio + Pago seguro + Garant\u00eda","robots":{"index":"index","follow":"follow","max-snippet":"max-snippet:-1","max-image-preview":"max-image-preview:large","max-video-preview":"max-video-preview:-1"},"canonical":"https:\/\/compuviper.mx\/tienda\/producto\/tp-link-ec220-g5-router-tp-link-inalambrico-ac1200-dual-band-2-4ghz-a-300mbps-y-5ghz-a-867mbps-3-puertos-lan-10-100-1000-1-puerto-wan-10-100-1000-y-4-antenas-fijas-omnidireccionales\/","og_locale":"es_MX","og_type":"article","og_title":"[ Tp Link ] &#129351; Ec220-g5 Router |tp-link | | Inalambrico | Ac1200 Dual Band 2.4ghz A 300mbps Y 5ghz A 867mbps 3 Puertos Lan 10\/100\/1000 1 Puerto Wan 10\/100\/1000 Y 4 Antenas Fijas Omnidireccionales","og_description":"Compra Ec220-g5 Router |tp-link | | Inalambrico | Ac1200 Dual Band 2.4ghz A 300mbps Y 5ghz A 867mbps 3 Puertos Lan 10\/100\/1000 1 Puerto Wan 10\/100\/1000 Y 4 Antenas Fijas Omnidireccionales + Env\u00edo a domicilio + Pago seguro + Garant\u00eda","og_url":"https:\/\/compuviper.mx\/tienda\/producto\/tp-link-ec220-g5-router-tp-link-inalambrico-ac1200-dual-band-2-4ghz-a-300mbps-y-5ghz-a-867mbps-3-puertos-lan-10-100-1000-1-puerto-wan-10-100-1000-y-4-antenas-fijas-omnidireccionales\/","og_site_name":"Compuviper","article_publisher":"https:\/\/www.facebook.com\/compuviper","og_image":[{"width":200,"height":200,"url":"https:\/\/compuviper.mx\/tienda\/wp-content\/uploads\/2023\/12\/Router-tp-link-ec220-g5-inalambrico-wisp-ac1200-dual-band-2.4ghz-a-300mbps-y-5ghz-a-867mbps-3-puertos-lan-101001000-1-puerto-wan-101001000-y-4-antenas-fijas-omnidireccionales.jpg","type":"image\/jpeg"}],"twitter_card":"summary_large_image","twitter_misc":{"Precio":"&#36;535 con IVA","Availability":"In stock"},"schema":{"@context":"https:\/\/schema.org","@graph":[{"@type":"WebPage","@id":"https:\/\/compuviper.mx\/tienda\/producto\/tp-link-ec220-g5-router-tp-link-inalambrico-ac1200-dual-band-2-4ghz-a-300mbps-y-5ghz-a-867mbps-3-puertos-lan-10-100-1000-1-puerto-wan-10-100-1000-y-4-antenas-fijas-omnidireccionales\/","url":"https:\/\/compuviper.mx\/tienda\/producto\/tp-link-ec220-g5-router-tp-link-inalambrico-ac1200-dual-band-2-4ghz-a-300mbps-y-5ghz-a-867mbps-3-puertos-lan-10-100-1000-1-puerto-wan-10-100-1000-y-4-antenas-fijas-omnidireccionales\/","name":"[ Tp Link ] &#129351; Ec220-g5 Router |tp-link | | Inalambrico | Ac1200 Dual Band 2.4ghz A 300mbps Y 5ghz A 867mbps 3 Puertos Lan 10\/100\/1000 1 Puerto Wan 10\/100\/1000 Y 4 Antenas Fijas Omnidireccionales","isPartOf":{"@id":"https:\/\/compuviper.mx\/tienda\/#website"},"datePublished":"2026-04-18T07:07:58+00:00","dateModified":"2026-04-18T07:07:58+00:00","description":"Compra Ec220-g5 Router |tp-link | | Inalambrico | Ac1200 Dual Band 2.4ghz A 300mbps Y 5ghz A 867mbps 3 Puertos Lan 10\/100\/1000 1 Puerto Wan 10\/100\/1000 Y 4 Antenas Fijas Omnidireccionales + Env\u00edo a domicilio + Pago seguro + Garant\u00eda","breadcrumb":{"@id":"https:\/\/compuviper.mx\/tienda\/producto\/tp-link-ec220-g5-router-tp-link-inalambrico-ac1200-dual-band-2-4ghz-a-300mbps-y-5ghz-a-867mbps-3-puertos-lan-10-100-1000-1-puerto-wan-10-100-1000-y-4-antenas-fijas-omnidireccionales\/#breadcrumb"},"inLanguage":"es-MX","potentialAction":[{"@type":"ReadAction","target":["https:\/\/compuviper.mx\/tienda\/producto\/tp-link-ec220-g5-router-tp-link-inalambrico-ac1200-dual-band-2-4ghz-a-300mbps-y-5ghz-a-867mbps-3-puertos-lan-10-100-1000-1-puerto-wan-10-100-1000-y-4-antenas-fijas-omnidireccionales\/"]}]},{"@type":"BreadcrumbList","@id":"https:\/\/compuviper.mx\/tienda\/producto\/tp-link-ec220-g5-router-tp-link-inalambrico-ac1200-dual-band-2-4ghz-a-300mbps-y-5ghz-a-867mbps-3-puertos-lan-10-100-1000-1-puerto-wan-10-100-1000-y-4-antenas-fijas-omnidireccionales\/#breadcrumb","itemListElement":[{"@type":"ListItem","position":1,"name":"Inicio","item":"https:\/\/compuviper.mx\/tienda\/"},{"@type":"ListItem","position":2,"name":"Productos","item":"https:\/\/compuviper.mx\/tienda\/productos\/"},{"@type":"ListItem","position":3,"name":"Redes","item":"https:\/\/compuviper.mx\/tienda\/categoria-producto\/redes\/"},{"@type":"ListItem","position":4,"name":"Router","item":"https:\/\/compuviper.mx\/tienda\/categoria-producto\/redes\/router\/"},{"@type":"ListItem","position":5,"name":"Tp Link Ec220-g5 Router |tp-link | | Inalambrico | Ac1200 Dual Band 2.4ghz A 300mbps Y 5ghz A 867mbps 3 Puertos Lan 10\/100\/1000 1 Puerto Wan 10\/100\/1000 Y 4 Antenas Fijas Omnidireccionales"}]},{"@type":"WebSite","@id":"https:\/\/compuviper.mx\/tienda\/#website","url":"https:\/\/compuviper.mx\/tienda\/","name":"Compuviper","description":"Proveedor de Computadoras, Laptops, Servidores, Monitores, Puntos de Venta, Teclados,   Impresoras, T\u00f3ner, C\u00e1maras de Seguridad y m\u00e1s en tu tienda en l\u00ednea","publisher":{"@id":"https:\/\/compuviper.mx\/tienda\/#organization"},"potentialAction":[{"@type":"SearchAction","target":{"@type":"EntryPoint","urlTemplate":"https:\/\/compuviper.mx\/tienda\/?s={search_term_string}"},"query-input":"required name=search_term_string"}],"inLanguage":"es-MX"},{"@type":"Organization","@id":"https:\/\/compuviper.mx\/tienda\/#organization","name":"Compuviper","url":"https:\/\/compuviper.mx\/tienda\/","logo":{"@type":"ImageObject","inLanguage":"es-MX","@id":"https:\/\/compuviper.mx\/tienda\/#\/schema\/logo\/image\/","url":"https:\/\/compuviper.mx\/tienda\/wp-content\/uploads\/2021\/08\/Logo-Compuviper-10.png","contentUrl":"https:\/\/compuviper.mx\/tienda\/wp-content\/uploads\/2021\/08\/Logo-Compuviper-10.png","width":1000,"height":500,"caption":"Compuviper"},"image":{"@id":"https:\/\/compuviper.mx\/tienda\/#\/schema\/logo\/image\/"},"sameAs":["https:\/\/www.facebook.com\/compuviper","https:\/\/www.youtube.com\/channel\/UCf73dERp9Y3cfOq7q8BhLjA?view_as=subscriber"]}]},"product_brand":"TP LINK","product_price_amount":"535","product_price_currency":"MXN","og_availability":"instock","product_availability":"instock","product_retailer_item_id":"EC220-G5","product_condition":"new"},"_links":{"self":[{"href":"https:\/\/compuviper.mx\/tienda\/wp-json\/wp\/v2\/product\/221014"}],"collection":[{"href":"https:\/\/compuviper.mx\/tienda\/wp-json\/wp\/v2\/product"}],"about":[{"href":"https:\/\/compuviper.mx\/tienda\/wp-json\/wp\/v2\/types\/product"}],"replies":[{"embeddable":true,"href":"https:\/\/compuviper.mx\/tienda\/wp-json\/wp\/v2\/comments?post=221014"}],"wp:featuredmedia":[{"embeddable":true,"href":"https:\/\/compuviper.mx\/tienda\/wp-json\/wp\/v2\/media\/221015"}],"wp:attachment":[{"href":"https:\/\/compuviper.mx\/tienda\/wp-json\/wp\/v2\/media?parent=221014"}],"wp:term":[{"taxonomy":"product_cat","embeddable":true,"href":"https:\/\/compuviper.mx\/tienda\/wp-json\/wp\/v2\/product_cat?post=221014"},{"taxonomy":"product_tag","embeddable":true,"href":"https:\/\/compuviper.mx\/tienda\/wp-json\/wp\/v2\/product_tag?post=221014"}],"curies":[{"name":"wp","href":"https:\/\/api.w.org\/{rel}","templated":true}]}}