{"id":221004,"date":"2026-04-18T01:07:56","date_gmt":"2026-04-18T07:07:56","guid":{"rendered":"https:\/\/compuviper.mx\/tienda\/producto\/tp-link-eap620-hd-acces-point-tp-link-omada-eap620hd-p-interior-ax1800-wifi-6-banda-dual-administra-500clientes-caracteristicas-varian-segun-version-sustituye-a-eap265-hd\/"},"modified":"2026-04-18T01:07:56","modified_gmt":"2026-04-18T07:07:56","slug":"tp-link-eap620-hd-access-point-tp-link-omada-ax1800-ceiling-mount-wi-fi-6","status":"publish","type":"product","link":"https:\/\/compuviper.mx\/tienda\/producto\/tp-link-eap620-hd-access-point-tp-link-omada-ax1800-ceiling-mount-wi-fi-6\/","title":{"rendered":"Tp Link Eap620 Hd Access Point Tp-link  Omada Ax1800 Ceiling Mount Wi-fi 6"},"content":{"rendered":"<table class=\"descripcion\">\n<tr>\n<td>Caracter\u00edsticas de hardware<\/td>\n<\/tr>\n<tr>\n<td>Interface 1\u00d7 gigabit ethernet (rj-45) port (supports ieee802.3at poe)<\/td>\n<\/tr>\n<tr>\n<td>Bot\u00f3n reset<\/td>\n<\/tr>\n<tr>\n<td>Fuente de alimentaci\u00f3n \u0095 802.3at poe<\/td>\n<\/tr>\n<tr>\n<td>\u0095 12 v dc<\/td>\n<\/tr>\n<tr>\n<td>Consumo de energ\u00eda \u0095 eu: 12 w<\/td>\n<\/tr>\n<tr>\n<td>\u0095 us: 13.5 w<\/td>\n<\/tr>\n<tr>\n<td>Dimensiones (w x d x h) 9.6 \u00d7 9.6 \u00d7 2.5 in (243 \u00d7 243 \u00d7 64 mm)<\/td>\n<\/tr>\n<tr>\n<td>Tipo de antena internal omni<\/td>\n<\/tr>\n<tr>\n<td>\u0095 2.4 ghz: 2\u00d7 4 dbi<\/td>\n<\/tr>\n<tr>\n<td>\u0095 5 ghz: 2\u00d7 5 dbi<\/td>\n<\/tr>\n<tr>\n<td>Montaje ceiling \/wall mounting (kits included)<\/td>\n<\/tr>\n<tr>\n<td>Caracter\u00edsticas inal\u00e1mbricas<\/td>\n<\/tr>\n<tr>\n<td>Est\u00e1ndares inal\u00e1mbricos ieee 802.11ax\/ac\/n\/g\/b\/a<\/td>\n<\/tr>\n<tr>\n<td>Frecuencia 2.4 ghz and 5 ghz<\/td>\n<\/tr>\n<tr>\n<td>Tasa de se\u00f1al 5 ghz: up to 1201 mbps<\/td>\n<\/tr>\n<tr>\n<td>2.4 ghz: up to 574 mbps<\/td>\n<\/tr>\n<tr>\n<td>Funciones inal\u00e1mbricas \u0095 1024-qam<\/td>\n<\/tr>\n<tr>\n<td>\u0095 4\u00d7 longer ofdm symbol<\/td>\n<\/tr>\n<tr>\n<td>\u0095 ofdma<\/td>\n<\/tr>\n<tr>\n<td>\u0095 multiple ssids (up to 16 ssids, 8 for each band)<\/td>\n<\/tr>\n<tr>\n<td>\u0095 enable\/disable wireless radio<\/td>\n<\/tr>\n<tr>\n<td>\u0095 automatic channel assignment<\/td>\n<\/tr>\n<tr>\n<td>\u0095 transmit power control (adjust transmit power on dbm)<\/td>\n<\/tr>\n<tr>\n<td>\u0095 qos(wmm)<\/td>\n<\/tr>\n<tr>\n<td>\u0095 mu-mimo<\/td>\n<\/tr>\n<tr>\n<td>\u0095 seamless roaming<\/td>\n<\/tr>\n<tr>\n<td>\u0095 band steering<\/td>\n<\/tr>\n<tr>\n<td>\u0095 load balance<\/td>\n<\/tr>\n<tr>\n<td>\u0095 airtime fairness<\/td>\n<\/tr>\n<tr>\n<td>\u0095 beamforming<\/td>\n<\/tr>\n<tr>\n<td>\u0095 rate limit<\/td>\n<\/tr>\n<tr>\n<td>\u0095 reboot schedule<\/td>\n<\/tr>\n<tr>\n<td>\u0095 wireless schedule<\/td>\n<\/tr>\n<tr>\n<td>\u0095 wireless statistics based on ssid\/ap\/client<\/td>\n<\/tr>\n<tr>\n<td>Seguridad inal\u00e1mbrica \u0095 captive portal authentication<\/td>\n<\/tr>\n<tr>\n<td>\u0095 access control<\/td>\n<\/tr>\n<tr>\n<td>\u0095 wireless mac address filtering<\/td>\n<\/tr>\n<tr>\n<td>\u0095 wireless isolation between clients<\/td>\n<\/tr>\n<tr>\n<td>\u0095 ssid to vlan mapping<\/td>\n<\/tr>\n<tr>\n<td>\u0095 rogue ap detection<\/td>\n<\/tr>\n<tr>\n<td>\u0095 802.1x support<\/td>\n<\/tr>\n<tr>\n<td>\u0095 wep, wpa-personal\/enterprise, wpa2-personal\/enterprise, wpa3-personal\/enterprise<\/td>\n<\/tr>\n<tr>\n<td>Potencia de transmisi\u00f3n \u0095 ce:<\/td>\n<\/tr>\n<tr>\n<td> 20 dbm(2.4 ghz, eirp)<\/td>\n<\/tr>\n<tr>\n<td> 23 dbm(5 ghz, eirp)<\/td>\n<\/tr>\n<tr>\n<td>\u0095 fcc:<\/td>\n<\/tr>\n<tr>\n<td> 25 dbm (2.4 ghz)<\/td>\n<\/tr>\n<tr>\n<td> 25 dbm (5 ghz)<\/td>\n<\/tr>\n<tr>\n<td>Administraci\u00f3n<\/td>\n<\/tr>\n<tr>\n<td>Omada app yes<\/td>\n<\/tr>\n<tr>\n<td>Centralized management \u0095 omada cloud-based controller<\/td>\n<\/tr>\n<tr>\n<td>\u0095 omada hardware controller (oc300)<\/td>\n<\/tr>\n<tr>\n<td>\u0095 omada hardware controller (oc200)<\/td>\n<\/tr>\n<tr>\n<td>\u0095 omada software controller<\/td>\n<\/tr>\n<tr>\n<td>Cloud access yes (through oc300, oc200, omada cloud-based controller, or omada software controller)<\/td>\n<\/tr>\n<tr>\n<td>Alertas de correo electr\u00f3nico yes<\/td>\n<\/tr>\n<tr>\n<td>Led on\/off control yes<\/td>\n<\/tr>\n<tr>\n<td>Management mac access control yes<\/td>\n<\/tr>\n<tr>\n<td>Snmp v1, v2c, v3<\/td>\n<\/tr>\n<tr>\n<td>System logging local\/remote syslog local\/remote syslog<\/td>\n<\/tr>\n<tr>\n<td>Ssh yes<\/td>\n<\/tr>\n<tr>\n<td>Web-based management http\/https<\/td>\n<\/tr>\n<tr>\n<td>L3 management yes<\/td>\n<\/tr>\n<tr>\n<td>Multi-site management yes<\/td>\n<\/tr>\n<tr>\n<td>Management vlan yes<\/td>\n<\/tr>\n<tr>\n<td>Otros<\/td>\n<\/tr>\n<tr>\n<td>Certificacion ce, fcc, rohs<\/td>\n<\/tr>\n<tr>\n<td>Contenidos del paquete \u0095 eap620 hd<\/td>\n<\/tr>\n<tr>\n<td>\u0095 power adapter<\/td>\n<\/tr>\n<tr>\n<td>\u0095 ceiling\/wall mounting kits<\/td>\n<\/tr>\n<tr>\n<td>\u0095 installation guide<\/td>\n<\/tr>\n<tr>\n<td>Requisitos del sistema microsoft windows xp, vista, windows 7, windows 8, windows10, linux<\/td>\n<\/tr>\n<tr>\n<td>Ambiente \u0095 operating temperature: 0\u009640  and #8451; (32\u0096104  and #8457;)<\/td>\n<\/tr>\n<tr>\n<td>\u0095 storage temperature: -40\u009670  and #8451; (-40\u0096158  and #8457;)<\/td>\n<\/tr>\n<tr>\n<td>\u0095 operating humidity: 10\u009690% rh non-condensing<\/td>\n<\/tr>\n<tr>\n<td>\u0095 storage humidity: 5\u009690% rh non-condensing<\/td>\n<\/tr>\n<\/table>\n","protected":false},"excerpt":{"rendered":"<p>Eap620 hd. Punto de acceso inal\u00e1mbrico de doble banda para montaje en techo ax1800. * velocidades de wi-fi 6 ultrarr\u00e1pidas: 574 mbps simult\u00e1neos en 2.4 ghz y 1201 mbps en 5 ghz totalizan velocidades de wi-fi de 1775 mbps. * conectividad de alta densidad: capacidad 4 veces mayor para conectar m\u00e1s dispositivos simult\u00e1neamente. * integrado en omada sdn: aprovisionamiento sin intervenci\u00f3n (ztp), gesti\u00f3n centralizada de la nube y supervisi\u00f3n inteligente. * gesti\u00f3n centralizada: acceso a la nube y aplicaci\u00f3n omada para una m\u00e1xima comodidad y una gesti\u00f3n sencilla. * roaming sin interrupciones: incluso las transmisiones de video y las llamadas de voz no se ven afectadas cuando los usuarios se mueven entre ubicaciones. * soporte poe +: admite power over ethernet (802.3at) para una implementaci\u00f3n e instalaci\u00f3n convenientes. * red de invitados segura: junto con m\u00faltiples opciones de autenticaci\u00f3n (sms \/ facebook wi-fi \/ voucher, etc.) y abundantes tecnolog\u00edas de seguridad inal\u00e1mbrica. Conectividad de alta densidad con capacidad 4 veces mayor. Ofdma * y uplink  and  downlink mu-mimo ** aumentan la capacidad de la red hasta 4 veces en comparaci\u00f3n con wi-fi 5 (802.11ac) en entornos de alta densidad para conectar m\u00e1s dispositivos simult\u00e1neamente. Aproveche las capacidades de m\u00faltiples usuarios y actualice su negocio como nunca antes. Velocidad wi-fi avanzada con 4 transmisiones espaciales. El punto de acceso omada wi-fi 6 cuenta con las \u00faltimas tecnolog\u00edas 802.11ax como 1024 qam y long ofdm symbol, lo que permite al eap aumentar las velocidades generales hasta 1775 mbps (1201 mbps en una banda de 5 ghz y 574 mbps en una banda de 2.4 ghz ) \u0086. Con 8 flujos espaciales, el rendimiento multiusuario aumenta incre\u00edblemente para impulsar m\u00e1s aplicaciones. Omada sdn: soluci\u00f3n en la nube m\u00e1s inteligente para redes empresariales. La plataforma omada software defined networking (sdn) integra dispositivos de red que incluyen puntos de acceso, conmutadores y puertas de enlace, lo que garantiza una red comercial potente con mayor eficiencia, mayor seguridad y mayor confiabilidad. Roaming sin interrupciones. El roaming 802.11k \/ v cambia a los clientes autom\u00e1ticamente al ap con la se\u00f1al \u00f3ptima con una transici\u00f3n perfecta cuando se mueven. Esto permite que las aplicaciones sensibles como voip y videoconferencias no se interrumpan. Aumente la eficiencia de la red en todos los aspectos. Con funciones avanzadas avanzadas. * direcci\u00f3n de banda. Mueve autom\u00e1ticamente los dispositivos de doble banda a la banda m\u00e1s amplia de 5 ghz para conexiones m\u00e1s r\u00e1pidas. * equilibrio de carga garantiza que un gran n\u00famero de usuarios tengan experiencias de red fluidas en redes comerciales de alta densidad. * equidad de tiempo aire. Aumenta el rendimiento medio de la red en entornos muy congestionados. Red de invitados segura con facebook wi-fi e inicio de sesi\u00f3n por sms. Guest network proporciona un acceso elevado y seguro a los invitados que comparten su red wi-fi, con un portal cautivo que ayuda a mantener solo a los invitados autorizados para usar la red. La adici\u00f3n de autenticaci\u00f3n por sms y facebook simplifica a\u00fan m\u00e1s el portal cautivo para simplificar la conectividad y potenciar su negocio.<\/p>\n","protected":false},"featured_media":221005,"comment_status":"open","ping_status":"open","template":"","meta":[],"product_cat":[1563,1754],"product_tag":[1562],"acf":[],"yoast_head":"<!-- This site is optimized with the Yoast SEO plugin v21.7 - https:\/\/yoast.com\/wordpress\/plugins\/seo\/ -->\n<title>[ Tp Link ] &#129351; Eap620 Hd Access Point Tp-link Omada Ax1800 Ceiling Mount Wi-fi 6<\/title>\n<meta name=\"description\" content=\"Compra Eap620 Hd Access Point Tp-link Omada Ax1800 Ceiling Mount Wi-fi 6 + Env\u00edo a domicilio + Pago seguro + Garant\u00eda\" \/>\n<meta name=\"robots\" content=\"index, follow, max-snippet:-1, max-image-preview:large, max-video-preview:-1\" \/>\n<link rel=\"canonical\" href=\"https:\/\/compuviper.mx\/tienda\/producto\/tp-link-eap620-hd-access-point-tp-link-omada-ax1800-ceiling-mount-wi-fi-6\/\" \/>\n<meta property=\"og:locale\" content=\"es_MX\" \/>\n<meta property=\"og:type\" content=\"article\" \/>\n<meta property=\"og:title\" content=\"[ Tp Link ] &#129351; Eap620 Hd Access Point Tp-link Omada Ax1800 Ceiling Mount Wi-fi 6\" \/>\n<meta property=\"og:description\" content=\"Compra Eap620 Hd Access Point Tp-link Omada Ax1800 Ceiling Mount Wi-fi 6 + Env\u00edo a domicilio + Pago seguro + Garant\u00eda\" \/>\n<meta property=\"og:url\" content=\"https:\/\/compuviper.mx\/tienda\/producto\/tp-link-eap620-hd-access-point-tp-link-omada-ax1800-ceiling-mount-wi-fi-6\/\" \/>\n<meta property=\"og:site_name\" content=\"Compuviper\" \/>\n<meta property=\"article:publisher\" content=\"https:\/\/www.facebook.com\/compuviper\" \/>\n<meta property=\"og:image\" content=\"https:\/\/compuviper.mx\/tienda\/wp-content\/uploads\/2023\/12\/Acces-point-tp-link-omada-eap620hd-pinterior-ax1800-wifi-6-banda-dual-administra-500clientes-caracteristicas-varian-segun-version-sustituye-a-eap265-hd.jpg\" \/>\n\t<meta property=\"og:image:width\" content=\"200\" \/>\n\t<meta property=\"og:image:height\" content=\"200\" \/>\n\t<meta property=\"og:image:type\" content=\"image\/jpeg\" \/>\n<meta name=\"twitter:card\" content=\"summary_large_image\" \/>\n<meta name=\"twitter:label1\" content=\"Precio\" \/>\n\t<meta name=\"twitter:data1\" content=\"&#36;1,865 con IVA\" \/>\n\t<meta name=\"twitter:label2\" content=\"Availability\" \/>\n\t<meta name=\"twitter:data2\" content=\"In stock\" \/>\n<script type=\"application\/ld+json\" class=\"yoast-schema-graph\">{\"@context\":\"https:\/\/schema.org\",\"@graph\":[{\"@type\":\"WebPage\",\"@id\":\"https:\/\/compuviper.mx\/tienda\/producto\/tp-link-eap620-hd-access-point-tp-link-omada-ax1800-ceiling-mount-wi-fi-6\/\",\"url\":\"https:\/\/compuviper.mx\/tienda\/producto\/tp-link-eap620-hd-access-point-tp-link-omada-ax1800-ceiling-mount-wi-fi-6\/\",\"name\":\"[ Tp Link ] &#129351; Eap620 Hd Access Point Tp-link Omada Ax1800 Ceiling Mount Wi-fi 6\",\"isPartOf\":{\"@id\":\"https:\/\/compuviper.mx\/tienda\/#website\"},\"datePublished\":\"2026-04-18T07:07:56+00:00\",\"dateModified\":\"2026-04-18T07:07:56+00:00\",\"description\":\"Compra Eap620 Hd Access Point Tp-link Omada Ax1800 Ceiling Mount Wi-fi 6 + Env\u00edo a domicilio + Pago seguro + Garant\u00eda\",\"breadcrumb\":{\"@id\":\"https:\/\/compuviper.mx\/tienda\/producto\/tp-link-eap620-hd-access-point-tp-link-omada-ax1800-ceiling-mount-wi-fi-6\/#breadcrumb\"},\"inLanguage\":\"es-MX\",\"potentialAction\":[{\"@type\":\"ReadAction\",\"target\":[\"https:\/\/compuviper.mx\/tienda\/producto\/tp-link-eap620-hd-access-point-tp-link-omada-ax1800-ceiling-mount-wi-fi-6\/\"]}]},{\"@type\":\"BreadcrumbList\",\"@id\":\"https:\/\/compuviper.mx\/tienda\/producto\/tp-link-eap620-hd-access-point-tp-link-omada-ax1800-ceiling-mount-wi-fi-6\/#breadcrumb\",\"itemListElement\":[{\"@type\":\"ListItem\",\"position\":1,\"name\":\"Inicio\",\"item\":\"https:\/\/compuviper.mx\/tienda\/\"},{\"@type\":\"ListItem\",\"position\":2,\"name\":\"Productos\",\"item\":\"https:\/\/compuviper.mx\/tienda\/productos\/\"},{\"@type\":\"ListItem\",\"position\":3,\"name\":\"Redes\",\"item\":\"https:\/\/compuviper.mx\/tienda\/categoria-producto\/redes\/\"},{\"@type\":\"ListItem\",\"position\":4,\"name\":\"Access Point\",\"item\":\"https:\/\/compuviper.mx\/tienda\/categoria-producto\/redes\/access-point\/\"},{\"@type\":\"ListItem\",\"position\":5,\"name\":\"Tp Link Eap620 Hd Access Point Tp-link Omada Ax1800 Ceiling Mount Wi-fi 6\"}]},{\"@type\":\"WebSite\",\"@id\":\"https:\/\/compuviper.mx\/tienda\/#website\",\"url\":\"https:\/\/compuviper.mx\/tienda\/\",\"name\":\"Compuviper\",\"description\":\"Proveedor de Computadoras, Laptops, Servidores, Monitores, Puntos de Venta, Teclados,   Impresoras, T\u00f3ner, C\u00e1maras de Seguridad y m\u00e1s en tu tienda en l\u00ednea\",\"publisher\":{\"@id\":\"https:\/\/compuviper.mx\/tienda\/#organization\"},\"potentialAction\":[{\"@type\":\"SearchAction\",\"target\":{\"@type\":\"EntryPoint\",\"urlTemplate\":\"https:\/\/compuviper.mx\/tienda\/?s={search_term_string}\"},\"query-input\":\"required name=search_term_string\"}],\"inLanguage\":\"es-MX\"},{\"@type\":\"Organization\",\"@id\":\"https:\/\/compuviper.mx\/tienda\/#organization\",\"name\":\"Compuviper\",\"url\":\"https:\/\/compuviper.mx\/tienda\/\",\"logo\":{\"@type\":\"ImageObject\",\"inLanguage\":\"es-MX\",\"@id\":\"https:\/\/compuviper.mx\/tienda\/#\/schema\/logo\/image\/\",\"url\":\"https:\/\/compuviper.mx\/tienda\/wp-content\/uploads\/2021\/08\/Logo-Compuviper-10.png\",\"contentUrl\":\"https:\/\/compuviper.mx\/tienda\/wp-content\/uploads\/2021\/08\/Logo-Compuviper-10.png\",\"width\":1000,\"height\":500,\"caption\":\"Compuviper\"},\"image\":{\"@id\":\"https:\/\/compuviper.mx\/tienda\/#\/schema\/logo\/image\/\"},\"sameAs\":[\"https:\/\/www.facebook.com\/compuviper\",\"https:\/\/www.youtube.com\/channel\/UCf73dERp9Y3cfOq7q8BhLjA?view_as=subscriber\"]}]}<\/script>\n<meta property=\"product:brand\" content=\"TP LINK\" \/>\n<meta property=\"product:price:amount\" content=\"1865\" \/>\n<meta property=\"product:price:currency\" content=\"MXN\" \/>\n<meta property=\"og:availability\" content=\"instock\" \/>\n<meta property=\"product:availability\" content=\"instock\" \/>\n<meta property=\"product:retailer_item_id\" content=\"EAP620 HD\" \/>\n<meta property=\"product:condition\" content=\"new\" \/>\n<!-- \/ Yoast SEO plugin. -->","yoast_head_json":{"title":"[ Tp Link ] &#129351; Eap620 Hd Access Point Tp-link Omada Ax1800 Ceiling Mount Wi-fi 6","description":"Compra Eap620 Hd Access Point Tp-link Omada Ax1800 Ceiling Mount Wi-fi 6 + Env\u00edo a domicilio + Pago seguro + Garant\u00eda","robots":{"index":"index","follow":"follow","max-snippet":"max-snippet:-1","max-image-preview":"max-image-preview:large","max-video-preview":"max-video-preview:-1"},"canonical":"https:\/\/compuviper.mx\/tienda\/producto\/tp-link-eap620-hd-access-point-tp-link-omada-ax1800-ceiling-mount-wi-fi-6\/","og_locale":"es_MX","og_type":"article","og_title":"[ Tp Link ] &#129351; Eap620 Hd Access Point Tp-link Omada Ax1800 Ceiling Mount Wi-fi 6","og_description":"Compra Eap620 Hd Access Point Tp-link Omada Ax1800 Ceiling Mount Wi-fi 6 + Env\u00edo a domicilio + Pago seguro + Garant\u00eda","og_url":"https:\/\/compuviper.mx\/tienda\/producto\/tp-link-eap620-hd-access-point-tp-link-omada-ax1800-ceiling-mount-wi-fi-6\/","og_site_name":"Compuviper","article_publisher":"https:\/\/www.facebook.com\/compuviper","og_image":[{"width":200,"height":200,"url":"https:\/\/compuviper.mx\/tienda\/wp-content\/uploads\/2023\/12\/Acces-point-tp-link-omada-eap620hd-pinterior-ax1800-wifi-6-banda-dual-administra-500clientes-caracteristicas-varian-segun-version-sustituye-a-eap265-hd.jpg","type":"image\/jpeg"}],"twitter_card":"summary_large_image","twitter_misc":{"Precio":"&#36;1,865 con IVA","Availability":"In stock"},"schema":{"@context":"https:\/\/schema.org","@graph":[{"@type":"WebPage","@id":"https:\/\/compuviper.mx\/tienda\/producto\/tp-link-eap620-hd-access-point-tp-link-omada-ax1800-ceiling-mount-wi-fi-6\/","url":"https:\/\/compuviper.mx\/tienda\/producto\/tp-link-eap620-hd-access-point-tp-link-omada-ax1800-ceiling-mount-wi-fi-6\/","name":"[ Tp Link ] &#129351; Eap620 Hd Access Point Tp-link Omada Ax1800 Ceiling Mount Wi-fi 6","isPartOf":{"@id":"https:\/\/compuviper.mx\/tienda\/#website"},"datePublished":"2026-04-18T07:07:56+00:00","dateModified":"2026-04-18T07:07:56+00:00","description":"Compra Eap620 Hd Access Point Tp-link Omada Ax1800 Ceiling Mount Wi-fi 6 + Env\u00edo a domicilio + Pago seguro + Garant\u00eda","breadcrumb":{"@id":"https:\/\/compuviper.mx\/tienda\/producto\/tp-link-eap620-hd-access-point-tp-link-omada-ax1800-ceiling-mount-wi-fi-6\/#breadcrumb"},"inLanguage":"es-MX","potentialAction":[{"@type":"ReadAction","target":["https:\/\/compuviper.mx\/tienda\/producto\/tp-link-eap620-hd-access-point-tp-link-omada-ax1800-ceiling-mount-wi-fi-6\/"]}]},{"@type":"BreadcrumbList","@id":"https:\/\/compuviper.mx\/tienda\/producto\/tp-link-eap620-hd-access-point-tp-link-omada-ax1800-ceiling-mount-wi-fi-6\/#breadcrumb","itemListElement":[{"@type":"ListItem","position":1,"name":"Inicio","item":"https:\/\/compuviper.mx\/tienda\/"},{"@type":"ListItem","position":2,"name":"Productos","item":"https:\/\/compuviper.mx\/tienda\/productos\/"},{"@type":"ListItem","position":3,"name":"Redes","item":"https:\/\/compuviper.mx\/tienda\/categoria-producto\/redes\/"},{"@type":"ListItem","position":4,"name":"Access Point","item":"https:\/\/compuviper.mx\/tienda\/categoria-producto\/redes\/access-point\/"},{"@type":"ListItem","position":5,"name":"Tp Link Eap620 Hd Access Point Tp-link Omada Ax1800 Ceiling Mount Wi-fi 6"}]},{"@type":"WebSite","@id":"https:\/\/compuviper.mx\/tienda\/#website","url":"https:\/\/compuviper.mx\/tienda\/","name":"Compuviper","description":"Proveedor de Computadoras, Laptops, Servidores, Monitores, Puntos de Venta, Teclados,   Impresoras, T\u00f3ner, C\u00e1maras de Seguridad y m\u00e1s en tu tienda en l\u00ednea","publisher":{"@id":"https:\/\/compuviper.mx\/tienda\/#organization"},"potentialAction":[{"@type":"SearchAction","target":{"@type":"EntryPoint","urlTemplate":"https:\/\/compuviper.mx\/tienda\/?s={search_term_string}"},"query-input":"required name=search_term_string"}],"inLanguage":"es-MX"},{"@type":"Organization","@id":"https:\/\/compuviper.mx\/tienda\/#organization","name":"Compuviper","url":"https:\/\/compuviper.mx\/tienda\/","logo":{"@type":"ImageObject","inLanguage":"es-MX","@id":"https:\/\/compuviper.mx\/tienda\/#\/schema\/logo\/image\/","url":"https:\/\/compuviper.mx\/tienda\/wp-content\/uploads\/2021\/08\/Logo-Compuviper-10.png","contentUrl":"https:\/\/compuviper.mx\/tienda\/wp-content\/uploads\/2021\/08\/Logo-Compuviper-10.png","width":1000,"height":500,"caption":"Compuviper"},"image":{"@id":"https:\/\/compuviper.mx\/tienda\/#\/schema\/logo\/image\/"},"sameAs":["https:\/\/www.facebook.com\/compuviper","https:\/\/www.youtube.com\/channel\/UCf73dERp9Y3cfOq7q8BhLjA?view_as=subscriber"]}]},"product_brand":"TP LINK","product_price_amount":"1865","product_price_currency":"MXN","og_availability":"instock","product_availability":"instock","product_retailer_item_id":"EAP620 HD","product_condition":"new"},"_links":{"self":[{"href":"https:\/\/compuviper.mx\/tienda\/wp-json\/wp\/v2\/product\/221004"}],"collection":[{"href":"https:\/\/compuviper.mx\/tienda\/wp-json\/wp\/v2\/product"}],"about":[{"href":"https:\/\/compuviper.mx\/tienda\/wp-json\/wp\/v2\/types\/product"}],"replies":[{"embeddable":true,"href":"https:\/\/compuviper.mx\/tienda\/wp-json\/wp\/v2\/comments?post=221004"}],"wp:featuredmedia":[{"embeddable":true,"href":"https:\/\/compuviper.mx\/tienda\/wp-json\/wp\/v2\/media\/221005"}],"wp:attachment":[{"href":"https:\/\/compuviper.mx\/tienda\/wp-json\/wp\/v2\/media?parent=221004"}],"wp:term":[{"taxonomy":"product_cat","embeddable":true,"href":"https:\/\/compuviper.mx\/tienda\/wp-json\/wp\/v2\/product_cat?post=221004"},{"taxonomy":"product_tag","embeddable":true,"href":"https:\/\/compuviper.mx\/tienda\/wp-json\/wp\/v2\/product_tag?post=221004"}],"curies":[{"name":"wp","href":"https:\/\/api.w.org\/{rel}","templated":true}]}}