{"id":221002,"date":"2026-04-18T01:07:56","date_gmt":"2026-04-18T07:07:56","guid":{"rendered":"https:\/\/compuviper.mx\/tienda\/producto\/tp-link-oc300-controladora-tp-link-2-rj45-10-100-1000-mbps-1-usb-3-0-administra-hasta-500-dispositivos-15000-clientes\/"},"modified":"2026-04-18T01:07:56","modified_gmt":"2026-04-18T07:07:56","slug":"tp-link-oc300-controladora-tp-link-2-rj45-10-100-1000-mbps-1-usb-3-0-administra-hasta-500-dispositivos-15000-clientes","status":"publish","type":"product","link":"https:\/\/compuviper.mx\/tienda\/producto\/tp-link-oc300-controladora-tp-link-2-rj45-10-100-1000-mbps-1-usb-3-0-administra-hasta-500-dispositivos-15000-clientes\/","title":{"rendered":"Tp Link Oc300 Controladora | Tp-link |  | 2 Rj45 10\/100\/1000 Mbps 1 Usb 3.0 | Administra Hasta 500 Dispositivos | 15,000 Clientes"},"content":{"rendered":"<table class=\"descripcion\">\n<tr>\n<td>Caracter\u00edsticas de hardware<\/td>\n<\/tr>\n<tr>\n<td>Interfaz \u0095 2 puertos ethernet 10\/100\/1000 mbps<\/td>\n<\/tr>\n<tr>\n<td>\u0095 1 puerto usb 3.0<\/td>\n<\/tr>\n<tr>\n<td>Fuente de alimentaci\u00f3n 100\u0096240 v ~ 50\/60 hz, 0,6 a<\/td>\n<\/tr>\n<tr>\n<td>Dimensiones 11,6 \u00d7 7,1 \u00d7 1,7 pulgadas (294 \u00d7 180 \u00d7 44 mm)<\/td>\n<\/tr>\n<tr>\n<td>Administraci\u00f3n<\/td>\n<\/tr>\n<tr>\n<td>Aplicaci\u00f3n omada s\u00ed<\/td>\n<\/tr>\n<tr>\n<td>Gesti\u00f3n centralizada \u0095 hasta 500 puntos de acceso omada, conmutadores jetstream y enrutadores safestream *<\/td>\n<\/tr>\n<tr>\n<td>\u0095 hasta 15.000 clientes<\/td>\n<\/tr>\n<tr>\n<td>* solo algunos conmutadores jetstream y pasarelas safestream se pueden administrar de forma centralizada mediante oc300; consulte www.tp-link.com\/business-networking\/ all-omada \/ para encontrar todos los modelos compatibles con oc300<\/td>\n<\/tr>\n<tr>\n<td>Acceso a la nube s\u00ed<\/td>\n<\/tr>\n<tr>\n<td>Gesti\u00f3n l3 s\u00ed<\/td>\n<\/tr>\n<tr>\n<td>Gesti\u00f3n de m\u00faltiples sitios s\u00ed<\/td>\n<\/tr>\n<tr>\n<td>Funciones de gesti\u00f3n \u0095 detecci\u00f3n autom\u00e1tica de dispositivos<\/td>\n<\/tr>\n<tr>\n<td>\u0095 configuraci\u00f3n por lotes<\/td>\n<\/tr>\n<tr>\n<td>\u0095 actualizaci\u00f3n de firmware por lotes<\/td>\n<\/tr>\n<tr>\n<td>\u0095 monitoreo inteligente de la red<\/td>\n<\/tr>\n<tr>\n<td>\u0095 advertencias de eventos anormales<\/td>\n<\/tr>\n<tr>\n<td>\u0095 configuraci\u00f3n unificada<\/td>\n<\/tr>\n<tr>\n<td>\u0095 programa de reinicio<\/td>\n<\/tr>\n<tr>\n<td>\u0095 configuraci\u00f3n del portal cautivo<\/td>\n<\/tr>\n<tr>\n<td>Otros<\/td>\n<\/tr>\n<tr>\n<td>Certificaci\u00f3n ce, fcc, rohs<\/td>\n<\/tr>\n<tr>\n<td>Contenidos del paquete \u0095 controlador de hardware omada oc300<\/td>\n<\/tr>\n<tr>\n<td>\u0095 gu\u00eda de instalaci\u00f3n r\u00e1pida<\/td>\n<\/tr>\n<tr>\n<td>\u0095 cable ethernet<\/td>\n<\/tr>\n<tr>\n<td>\u0095 cable de alimentaci\u00f3n<\/td>\n<\/tr>\n<tr>\n<td>\u0095 kit de montaje en bastidor<\/td>\n<\/tr>\n<tr>\n<td>Requisitos del sistema microsoft\u00ae windows\u00ae10, 8, 7, vista \u0099, xp o mac\u00ae os, netware\u00ae, unix\u00ae o linux<\/td>\n<\/tr>\n<tr>\n<td>Ambiente \u0095 temperatura de funcionamiento: 0\u009650  and #8451; (32\u0096122  and #8457;)<\/td>\n<\/tr>\n<tr>\n<td>\u0095 temperatura de almacenamiento: -40\u009670  and #8451; (-40\u0096158  and #8457;)<\/td>\n<\/tr>\n<tr>\n<td>\u0095 humedad de funcionamiento: 10\u009690% de hr sin condensaci\u00f3n<\/td>\n<\/tr>\n<tr>\n<td>\u0095 humedad de almacenamiento: 5\u009690% rh sin condensaci\u00f3n<\/td>\n<\/tr>\n<\/table>\n","protected":false},"excerpt":{"rendered":"<p>Oc300. Controlador de hardware omada. * gesti\u00f3n centralizada de hasta 500 puntos de acceso omada, conmutadores jetstream y enrutadores safestream. * acceso a la nube para administrar desde cualquier lugar y en cualquier momento. * supervise y administre dispositivos localmente con la m\u00e1xima seguridad y estabilidad. * la aplicaci\u00f3n omada para una gesti\u00f3n c\u00f3moda. * dise\u00f1o de hardware l\u00edder en la industria con un potente chipset, carcasa de metal duradera y puerto usb 3.0 para respaldo autom\u00e1tico. * la administraci\u00f3n de lotes, la administraci\u00f3n de sitios m\u00faltiples y las actualizaciones de firmware remotas benefician el mantenimiento de la red. * el panel de control f\u00e1cil de usar facilita ver el estado de su red en tiempo real y verificar el uso de la red y la distribuci\u00f3n del tr\u00e1fico. * la topolog\u00eda de red ayuda a los administradores de ti a ver y solucionar problemas de conexiones r\u00e1pidamente de un vistazo. Gesti\u00f3n centralizada de puntos de acceso, conmutadores y puertas de enlace. Oc300, el controlador de hardware para la plataforma omada software defined networking (sdn), proporciona una administraci\u00f3n 100% centralizada de puntos de acceso, conmutadores y puertas de enlace, todo controlado desde una \u00fanica interfaz. * controlador omada sdn. * gesti\u00f3n centralizada de hasta 500 dispositivos y 15.000 clientes. * no se necesita pc \/ servidor. * servicio en la nube sin tarifas de licencia. Nube h\u00edbrida para m\u00e1xima comodidad. Con tecnolog\u00eda de nube h\u00edbrida, el controlador de hardware omada oc300 le permite controlar de forma remota toda la red en cualquier lugar del mundo con acceso a la nube. Administre dispositivos localmente con la m\u00e1xima seguridad y estabilidad. Dise\u00f1o de hardware l\u00edder en la industria. Equipado con un dise\u00f1o avanzado y el \u00faltimo chipset, oc300 tiene suficiente potencia de procesamiento para soportar la gesti\u00f3n masiva de su red empresarial. El dise\u00f1o de montaje en rack \/ escritorio se beneficia de una instalaci\u00f3n m\u00e1s f\u00e1cil y flexible. Monitoreo de red f\u00e1cil e inteligente. El panel de control f\u00e1cil de usar facilita ver el estado de su red en tiempo real; comprobar el uso de la red y la distribuci\u00f3n del tr\u00e1fico; recibir registros de condici\u00f3n de la red, avisos de eventos anormales y notificaciones; o incluso realizar un seguimiento de los datos clave para obtener mejores resultados comerciales. La topolog\u00eda de red ayuda a los administradores de ti a ver y solucionar problemas de conexiones r\u00e1pidamente de un vistazo. M\u00faltiples factores garantizan un mantenimiento de red m\u00e1s f\u00e1cil. * gesti\u00f3n de lotes, gesti\u00f3n de varios sitios y actualizaciones de firmware remotas: mejore el mantenimiento de la red sin necesidad de configurar en el sitio o administrar dispositivos uno por uno. * programaci\u00f3n potente: mantenga su red f\u00e1cilmente con un procesamiento m\u00e1s \u00e1gil y eficaz. No se requieren tareas manuales. Mayor comodidad con la aplicaci\u00f3n omada. Acceda de forma remota y configure toda su red con un toque de su tel\u00e9fono desde cualquier parte del mundo.<\/p>\n","protected":false},"featured_media":221003,"comment_status":"open","ping_status":"open","template":"","meta":[],"product_cat":[1563,1969],"product_tag":[1562],"acf":[],"yoast_head":"<!-- This site is optimized with the Yoast SEO plugin v21.7 - https:\/\/yoast.com\/wordpress\/plugins\/seo\/ -->\n<title>[ Tp Link ] &#129351; Oc300 Controladora | Tp-link | | 2 Rj45 10\/100\/1000 Mbps 1 Usb 3.0 | Administra Hasta 500 Dispositivos | 15,000 Clientes<\/title>\n<meta name=\"description\" content=\"Compra Oc300 Controladora | Tp-link | | 2 Rj45 10\/100\/1000 Mbps 1 Usb 3.0 | Administra Hasta 500 Dispositivos | 15,000 Clientes + Env\u00edo a domicilio + Pago seguro + Garant\u00eda\" \/>\n<meta name=\"robots\" content=\"index, follow, max-snippet:-1, max-image-preview:large, max-video-preview:-1\" \/>\n<link rel=\"canonical\" href=\"https:\/\/compuviper.mx\/tienda\/producto\/tp-link-oc300-controladora-tp-link-2-rj45-10-100-1000-mbps-1-usb-3-0-administra-hasta-500-dispositivos-15000-clientes\/\" \/>\n<meta property=\"og:locale\" content=\"es_MX\" \/>\n<meta property=\"og:type\" content=\"article\" \/>\n<meta property=\"og:title\" content=\"[ Tp Link ] &#129351; Oc300 Controladora | Tp-link | | 2 Rj45 10\/100\/1000 Mbps 1 Usb 3.0 | Administra Hasta 500 Dispositivos | 15,000 Clientes\" \/>\n<meta property=\"og:description\" content=\"Compra Oc300 Controladora | Tp-link | | 2 Rj45 10\/100\/1000 Mbps 1 Usb 3.0 | Administra Hasta 500 Dispositivos | 15,000 Clientes + Env\u00edo a domicilio + Pago seguro + Garant\u00eda\" \/>\n<meta property=\"og:url\" content=\"https:\/\/compuviper.mx\/tienda\/producto\/tp-link-oc300-controladora-tp-link-2-rj45-10-100-1000-mbps-1-usb-3-0-administra-hasta-500-dispositivos-15000-clientes\/\" \/>\n<meta property=\"og:site_name\" content=\"Compuviper\" \/>\n<meta property=\"article:publisher\" content=\"https:\/\/www.facebook.com\/compuviper\" \/>\n<meta property=\"og:image\" content=\"https:\/\/compuviper.mx\/tienda\/wp-content\/uploads\/2023\/12\/Controladora-tp-link-oc300-2-rj45-101001000-mbps-1-usb-3.0-administra-hasta-500-dispositivos-15000-clientes.jpg\" \/>\n\t<meta property=\"og:image:width\" content=\"200\" \/>\n\t<meta property=\"og:image:height\" content=\"200\" \/>\n\t<meta property=\"og:image:type\" content=\"image\/jpeg\" \/>\n<meta name=\"twitter:card\" content=\"summary_large_image\" \/>\n<meta name=\"twitter:label1\" content=\"Precio\" \/>\n\t<meta name=\"twitter:data1\" content=\"&#36;2,991 con IVA\" \/>\n\t<meta name=\"twitter:label2\" content=\"Availability\" \/>\n\t<meta name=\"twitter:data2\" content=\"Out of stock\" \/>\n<script type=\"application\/ld+json\" class=\"yoast-schema-graph\">{\"@context\":\"https:\/\/schema.org\",\"@graph\":[{\"@type\":\"WebPage\",\"@id\":\"https:\/\/compuviper.mx\/tienda\/producto\/tp-link-oc300-controladora-tp-link-2-rj45-10-100-1000-mbps-1-usb-3-0-administra-hasta-500-dispositivos-15000-clientes\/\",\"url\":\"https:\/\/compuviper.mx\/tienda\/producto\/tp-link-oc300-controladora-tp-link-2-rj45-10-100-1000-mbps-1-usb-3-0-administra-hasta-500-dispositivos-15000-clientes\/\",\"name\":\"[ Tp Link ] &#129351; Oc300 Controladora | Tp-link | | 2 Rj45 10\/100\/1000 Mbps 1 Usb 3.0 | Administra Hasta 500 Dispositivos | 15,000 Clientes\",\"isPartOf\":{\"@id\":\"https:\/\/compuviper.mx\/tienda\/#website\"},\"datePublished\":\"2026-04-18T07:07:56+00:00\",\"dateModified\":\"2026-04-18T07:07:56+00:00\",\"description\":\"Compra Oc300 Controladora | Tp-link | | 2 Rj45 10\/100\/1000 Mbps 1 Usb 3.0 | Administra Hasta 500 Dispositivos | 15,000 Clientes + Env\u00edo a domicilio + Pago seguro + Garant\u00eda\",\"breadcrumb\":{\"@id\":\"https:\/\/compuviper.mx\/tienda\/producto\/tp-link-oc300-controladora-tp-link-2-rj45-10-100-1000-mbps-1-usb-3-0-administra-hasta-500-dispositivos-15000-clientes\/#breadcrumb\"},\"inLanguage\":\"es-MX\",\"potentialAction\":[{\"@type\":\"ReadAction\",\"target\":[\"https:\/\/compuviper.mx\/tienda\/producto\/tp-link-oc300-controladora-tp-link-2-rj45-10-100-1000-mbps-1-usb-3-0-administra-hasta-500-dispositivos-15000-clientes\/\"]}]},{\"@type\":\"BreadcrumbList\",\"@id\":\"https:\/\/compuviper.mx\/tienda\/producto\/tp-link-oc300-controladora-tp-link-2-rj45-10-100-1000-mbps-1-usb-3-0-administra-hasta-500-dispositivos-15000-clientes\/#breadcrumb\",\"itemListElement\":[{\"@type\":\"ListItem\",\"position\":1,\"name\":\"Inicio\",\"item\":\"https:\/\/compuviper.mx\/tienda\/\"},{\"@type\":\"ListItem\",\"position\":2,\"name\":\"Productos\",\"item\":\"https:\/\/compuviper.mx\/tienda\/productos\/\"},{\"@type\":\"ListItem\",\"position\":3,\"name\":\"Redes\",\"item\":\"https:\/\/compuviper.mx\/tienda\/categoria-producto\/redes\/\"},{\"@type\":\"ListItem\",\"position\":4,\"name\":\"Controladora De Access Point\",\"item\":\"https:\/\/compuviper.mx\/tienda\/categoria-producto\/redes\/controladora-de-access-point\/\"},{\"@type\":\"ListItem\",\"position\":5,\"name\":\"Tp Link Oc300 Controladora | Tp-link | | 2 Rj45 10\/100\/1000 Mbps 1 Usb 3.0 | Administra Hasta 500 Dispositivos | 15,000 Clientes\"}]},{\"@type\":\"WebSite\",\"@id\":\"https:\/\/compuviper.mx\/tienda\/#website\",\"url\":\"https:\/\/compuviper.mx\/tienda\/\",\"name\":\"Compuviper\",\"description\":\"Proveedor de Computadoras, Laptops, Servidores, Monitores, Puntos de Venta, Teclados,   Impresoras, T\u00f3ner, C\u00e1maras de Seguridad y m\u00e1s en tu tienda en l\u00ednea\",\"publisher\":{\"@id\":\"https:\/\/compuviper.mx\/tienda\/#organization\"},\"potentialAction\":[{\"@type\":\"SearchAction\",\"target\":{\"@type\":\"EntryPoint\",\"urlTemplate\":\"https:\/\/compuviper.mx\/tienda\/?s={search_term_string}\"},\"query-input\":\"required name=search_term_string\"}],\"inLanguage\":\"es-MX\"},{\"@type\":\"Organization\",\"@id\":\"https:\/\/compuviper.mx\/tienda\/#organization\",\"name\":\"Compuviper\",\"url\":\"https:\/\/compuviper.mx\/tienda\/\",\"logo\":{\"@type\":\"ImageObject\",\"inLanguage\":\"es-MX\",\"@id\":\"https:\/\/compuviper.mx\/tienda\/#\/schema\/logo\/image\/\",\"url\":\"https:\/\/compuviper.mx\/tienda\/wp-content\/uploads\/2021\/08\/Logo-Compuviper-10.png\",\"contentUrl\":\"https:\/\/compuviper.mx\/tienda\/wp-content\/uploads\/2021\/08\/Logo-Compuviper-10.png\",\"width\":1000,\"height\":500,\"caption\":\"Compuviper\"},\"image\":{\"@id\":\"https:\/\/compuviper.mx\/tienda\/#\/schema\/logo\/image\/\"},\"sameAs\":[\"https:\/\/www.facebook.com\/compuviper\",\"https:\/\/www.youtube.com\/channel\/UCf73dERp9Y3cfOq7q8BhLjA?view_as=subscriber\"]}]}<\/script>\n<meta property=\"product:brand\" content=\"TP LINK\" \/>\n<meta property=\"product:price:amount\" content=\"2991\" \/>\n<meta property=\"product:price:currency\" content=\"MXN\" \/>\n<meta property=\"og:availability\" content=\"out of stock\" \/>\n<meta property=\"product:availability\" content=\"out of stock\" \/>\n<meta property=\"product:retailer_item_id\" content=\"OC300\" \/>\n<meta property=\"product:condition\" content=\"new\" \/>\n<!-- \/ Yoast SEO plugin. -->","yoast_head_json":{"title":"[ Tp Link ] &#129351; Oc300 Controladora | Tp-link | | 2 Rj45 10\/100\/1000 Mbps 1 Usb 3.0 | Administra Hasta 500 Dispositivos | 15,000 Clientes","description":"Compra Oc300 Controladora | Tp-link | | 2 Rj45 10\/100\/1000 Mbps 1 Usb 3.0 | Administra Hasta 500 Dispositivos | 15,000 Clientes + Env\u00edo a domicilio + Pago seguro + Garant\u00eda","robots":{"index":"index","follow":"follow","max-snippet":"max-snippet:-1","max-image-preview":"max-image-preview:large","max-video-preview":"max-video-preview:-1"},"canonical":"https:\/\/compuviper.mx\/tienda\/producto\/tp-link-oc300-controladora-tp-link-2-rj45-10-100-1000-mbps-1-usb-3-0-administra-hasta-500-dispositivos-15000-clientes\/","og_locale":"es_MX","og_type":"article","og_title":"[ Tp Link ] &#129351; Oc300 Controladora | Tp-link | | 2 Rj45 10\/100\/1000 Mbps 1 Usb 3.0 | Administra Hasta 500 Dispositivos | 15,000 Clientes","og_description":"Compra Oc300 Controladora | Tp-link | | 2 Rj45 10\/100\/1000 Mbps 1 Usb 3.0 | Administra Hasta 500 Dispositivos | 15,000 Clientes + Env\u00edo a domicilio + Pago seguro + Garant\u00eda","og_url":"https:\/\/compuviper.mx\/tienda\/producto\/tp-link-oc300-controladora-tp-link-2-rj45-10-100-1000-mbps-1-usb-3-0-administra-hasta-500-dispositivos-15000-clientes\/","og_site_name":"Compuviper","article_publisher":"https:\/\/www.facebook.com\/compuviper","og_image":[{"width":200,"height":200,"url":"https:\/\/compuviper.mx\/tienda\/wp-content\/uploads\/2023\/12\/Controladora-tp-link-oc300-2-rj45-101001000-mbps-1-usb-3.0-administra-hasta-500-dispositivos-15000-clientes.jpg","type":"image\/jpeg"}],"twitter_card":"summary_large_image","twitter_misc":{"Precio":"&#36;2,991 con IVA","Availability":"Out of stock"},"schema":{"@context":"https:\/\/schema.org","@graph":[{"@type":"WebPage","@id":"https:\/\/compuviper.mx\/tienda\/producto\/tp-link-oc300-controladora-tp-link-2-rj45-10-100-1000-mbps-1-usb-3-0-administra-hasta-500-dispositivos-15000-clientes\/","url":"https:\/\/compuviper.mx\/tienda\/producto\/tp-link-oc300-controladora-tp-link-2-rj45-10-100-1000-mbps-1-usb-3-0-administra-hasta-500-dispositivos-15000-clientes\/","name":"[ Tp Link ] &#129351; Oc300 Controladora | Tp-link | | 2 Rj45 10\/100\/1000 Mbps 1 Usb 3.0 | Administra Hasta 500 Dispositivos | 15,000 Clientes","isPartOf":{"@id":"https:\/\/compuviper.mx\/tienda\/#website"},"datePublished":"2026-04-18T07:07:56+00:00","dateModified":"2026-04-18T07:07:56+00:00","description":"Compra Oc300 Controladora | Tp-link | | 2 Rj45 10\/100\/1000 Mbps 1 Usb 3.0 | Administra Hasta 500 Dispositivos | 15,000 Clientes + Env\u00edo a domicilio + Pago seguro + Garant\u00eda","breadcrumb":{"@id":"https:\/\/compuviper.mx\/tienda\/producto\/tp-link-oc300-controladora-tp-link-2-rj45-10-100-1000-mbps-1-usb-3-0-administra-hasta-500-dispositivos-15000-clientes\/#breadcrumb"},"inLanguage":"es-MX","potentialAction":[{"@type":"ReadAction","target":["https:\/\/compuviper.mx\/tienda\/producto\/tp-link-oc300-controladora-tp-link-2-rj45-10-100-1000-mbps-1-usb-3-0-administra-hasta-500-dispositivos-15000-clientes\/"]}]},{"@type":"BreadcrumbList","@id":"https:\/\/compuviper.mx\/tienda\/producto\/tp-link-oc300-controladora-tp-link-2-rj45-10-100-1000-mbps-1-usb-3-0-administra-hasta-500-dispositivos-15000-clientes\/#breadcrumb","itemListElement":[{"@type":"ListItem","position":1,"name":"Inicio","item":"https:\/\/compuviper.mx\/tienda\/"},{"@type":"ListItem","position":2,"name":"Productos","item":"https:\/\/compuviper.mx\/tienda\/productos\/"},{"@type":"ListItem","position":3,"name":"Redes","item":"https:\/\/compuviper.mx\/tienda\/categoria-producto\/redes\/"},{"@type":"ListItem","position":4,"name":"Controladora De Access Point","item":"https:\/\/compuviper.mx\/tienda\/categoria-producto\/redes\/controladora-de-access-point\/"},{"@type":"ListItem","position":5,"name":"Tp Link Oc300 Controladora | Tp-link | | 2 Rj45 10\/100\/1000 Mbps 1 Usb 3.0 | Administra Hasta 500 Dispositivos | 15,000 Clientes"}]},{"@type":"WebSite","@id":"https:\/\/compuviper.mx\/tienda\/#website","url":"https:\/\/compuviper.mx\/tienda\/","name":"Compuviper","description":"Proveedor de Computadoras, Laptops, Servidores, Monitores, Puntos de Venta, Teclados,   Impresoras, T\u00f3ner, C\u00e1maras de Seguridad y m\u00e1s en tu tienda en l\u00ednea","publisher":{"@id":"https:\/\/compuviper.mx\/tienda\/#organization"},"potentialAction":[{"@type":"SearchAction","target":{"@type":"EntryPoint","urlTemplate":"https:\/\/compuviper.mx\/tienda\/?s={search_term_string}"},"query-input":"required name=search_term_string"}],"inLanguage":"es-MX"},{"@type":"Organization","@id":"https:\/\/compuviper.mx\/tienda\/#organization","name":"Compuviper","url":"https:\/\/compuviper.mx\/tienda\/","logo":{"@type":"ImageObject","inLanguage":"es-MX","@id":"https:\/\/compuviper.mx\/tienda\/#\/schema\/logo\/image\/","url":"https:\/\/compuviper.mx\/tienda\/wp-content\/uploads\/2021\/08\/Logo-Compuviper-10.png","contentUrl":"https:\/\/compuviper.mx\/tienda\/wp-content\/uploads\/2021\/08\/Logo-Compuviper-10.png","width":1000,"height":500,"caption":"Compuviper"},"image":{"@id":"https:\/\/compuviper.mx\/tienda\/#\/schema\/logo\/image\/"},"sameAs":["https:\/\/www.facebook.com\/compuviper","https:\/\/www.youtube.com\/channel\/UCf73dERp9Y3cfOq7q8BhLjA?view_as=subscriber"]}]},"product_brand":"TP LINK","product_price_amount":"2991","product_price_currency":"MXN","og_availability":"out of stock","product_availability":"out of stock","product_retailer_item_id":"OC300","product_condition":"new"},"_links":{"self":[{"href":"https:\/\/compuviper.mx\/tienda\/wp-json\/wp\/v2\/product\/221002"}],"collection":[{"href":"https:\/\/compuviper.mx\/tienda\/wp-json\/wp\/v2\/product"}],"about":[{"href":"https:\/\/compuviper.mx\/tienda\/wp-json\/wp\/v2\/types\/product"}],"replies":[{"embeddable":true,"href":"https:\/\/compuviper.mx\/tienda\/wp-json\/wp\/v2\/comments?post=221002"}],"wp:featuredmedia":[{"embeddable":true,"href":"https:\/\/compuviper.mx\/tienda\/wp-json\/wp\/v2\/media\/221003"}],"wp:attachment":[{"href":"https:\/\/compuviper.mx\/tienda\/wp-json\/wp\/v2\/media?parent=221002"}],"wp:term":[{"taxonomy":"product_cat","embeddable":true,"href":"https:\/\/compuviper.mx\/tienda\/wp-json\/wp\/v2\/product_cat?post=221002"},{"taxonomy":"product_tag","embeddable":true,"href":"https:\/\/compuviper.mx\/tienda\/wp-json\/wp\/v2\/product_tag?post=221002"}],"curies":[{"name":"wp","href":"https:\/\/api.w.org\/{rel}","templated":true}]}}