{"id":220996,"date":"2026-04-14T01:02:53","date_gmt":"2026-04-14T07:02:53","guid":{"rendered":"https:\/\/compuviper.mx\/tienda\/producto\/grandstream-gwn7615-access-point-doble-banda-de-1-75-gbps-mu-mimo-3x33-doble-banda-2-puerto-gigabit-hasta-200-dispositivos-simultneos-y-alcance-de-175-metros\/"},"modified":"2026-04-14T01:02:54","modified_gmt":"2026-04-14T07:02:54","slug":"grandstream-gwn7615-access-point-wifi-5-banda-dual-2-4-y-5g-1-75gbps-mu-mimo-3x3-uso-interior-cobertura-de-175-mts-admite-200-dispositivos-2-ptos-gigabit-controlador-integr-sin-inyector-po","status":"publish","type":"product","link":"https:\/\/compuviper.mx\/tienda\/producto\/grandstream-gwn7615-access-point-wifi-5-banda-dual-2-4-y-5g-1-75gbps-mu-mimo-3x3-uso-interior-cobertura-de-175-mts-admite-200-dispositivos-2-ptos-gigabit-controlador-integr-sin-inyector-po\/","title":{"rendered":"Grandstream Gwn7615 Access Point  \/ Wifi 5\/ Banda Dual 2.4 Y 5g\/ 1.75gbps\/ Mu-mimo 3&#215;3\/ Uso Interior\/ Cobertura De 175 Mts\/ Admite 200 Dispositivos\/ 2 Ptos Gigabit\/ Controlador Integr\/ Sin Inyector Poe"},"content":{"rendered":"<table class=\"descripcion\">\n<tr>\n<td>Caracter\u00edsticas<\/td>\n<\/tr>\n<tr>\n<td>\u0095 rendimiento inal\u00e1mbrico agregado de 1,75 gbps y 2 puertos al\u00e1mbricos gigabit<\/td>\n<\/tr>\n<tr>\n<td>\u0095 tecnolog\u00eda mu-mimo de doble banda 3&#215;3: 3<\/td>\n<\/tr>\n<tr>\n<td>\u0095 adaptaci\u00f3n de potencia propia tras la detecci\u00f3n autom\u00e1tica de poe o poe +<\/td>\n<\/tr>\n<tr>\n<td>\u0095 admite m\u00e1s de 200 dispositivos cliente wi-fi simult\u00e1neos<\/td>\n<\/tr>\n<tr>\n<td>\u0095 alcance de cobertura de hasta 175 metros<\/td>\n<\/tr>\n<tr>\n<td>\u0095 qos avanzada para garantizar el rendimiento en tiempo real de las aplicaciones de baja latencia<\/td>\n<\/tr>\n<tr>\n<td>\u0095 arranque seguro anti-pirater\u00eda y bloqueo de control \/ datos cr\u00edticos a trav\u00e9s de firmas digitales, certificado de seguridad \u00fanico \/ contrase\u00f1a predeterminada aleatoria por dispositivo<\/td>\n<\/tr>\n<tr>\n<td>\u0095 el controlador integrado puede administrar hasta 50 ap locales de la serie gwn; gwn.cloud ofrece administraci\u00f3n ilimitada de ap; gwn manager ofrece un controlador de software basado en las instalaciones<\/td>\n<\/tr>\n<tr>\n<td>No incluye fuente de poder.<\/td>\n<\/tr>\n<\/table>\n","protected":false},"excerpt":{"rendered":"<p>El gwn7615 incluye soporte para qos avanzada, aplicaciones en tiempo real de baja latencia, redes de malla, portales cautivos, m\u00e1s de 200 clientes concurrentes por ap y puertos de red gigabit duales con poe \/ poe +, el gwn7615 se puede usar para crear una soluci\u00f3n escalable como grande o peque\u00f1o seg\u00fan sea necesario para el escenario de implementaci\u00f3n, desde edificios de oficinas hasta ubicaciones minoristas, hoteles y m\u00e1s.Para garantizar una f\u00e1cil instalaci\u00f3n y administraci\u00f3n, el gwn7615 utiliza un dise\u00f1o de administraci\u00f3n de red distribuida sin controlador en el que el controlador est\u00e1 integrado en la web del producto interfaz de usuario. El gwn7615 tambi\u00e9n es compatible con gwn.Cloud y gwn manager, las plataformas de administraci\u00f3n de wi-fi en la nube y en las instalaciones de grandstream. Es el punto de acceso wi-fi ideal para implementaciones de voz sobre wi-fi y ofrece una conexi\u00f3n perfecta con los tel\u00e9fonos ip con capacidad wi-fi de grandstr eam.<\/p>\n","protected":false},"featured_media":220997,"comment_status":"open","ping_status":"open","template":"","meta":[],"product_cat":[1563,1754],"product_tag":[1576],"acf":[],"yoast_head":"<!-- This site is optimized with the Yoast SEO plugin v21.7 - https:\/\/yoast.com\/wordpress\/plugins\/seo\/ -->\n<title>[ Grandstream ] &#129351; Gwn7615 Access Point \/ Wifi 5\/ Banda Dual 2.4 Y 5g\/ 1.75gbps\/ Mu-mimo 3x3\/ Uso Interior\/ Cobertura De 175 Mts\/ Admite 200 Dispositivos\/ 2 Ptos Gigabit\/ Controlador Integr\/ Sin Inyector Poe<\/title>\n<meta name=\"description\" content=\"Compra Gwn7615 Access Point \/ Wifi 5\/ Banda Dual 2.4 Y 5g\/ 1.75gbps\/ Mu-mimo 3x3\/ Uso Interior\/ Cobertura De 175 Mts\/ Admite 200 Dispositivos\/ 2 Ptos Gigabit\/ Controlador Integr\/ Sin Inyector Poe + Env\u00edo a domicilio + Pago seguro + Garant\u00eda\" \/>\n<meta name=\"robots\" content=\"index, follow, max-snippet:-1, max-image-preview:large, max-video-preview:-1\" \/>\n<link rel=\"canonical\" href=\"https:\/\/compuviper.mx\/tienda\/producto\/grandstream-gwn7615-access-point-wifi-5-banda-dual-2-4-y-5g-1-75gbps-mu-mimo-3x3-uso-interior-cobertura-de-175-mts-admite-200-dispositivos-2-ptos-gigabit-controlador-integr-sin-inyector-po\/\" \/>\n<meta property=\"og:locale\" content=\"es_MX\" \/>\n<meta property=\"og:type\" content=\"article\" \/>\n<meta property=\"og:title\" content=\"[ Grandstream ] &#129351; Gwn7615 Access Point \/ Wifi 5\/ Banda Dual 2.4 Y 5g\/ 1.75gbps\/ Mu-mimo 3x3\/ Uso Interior\/ Cobertura De 175 Mts\/ Admite 200 Dispositivos\/ 2 Ptos Gigabit\/ Controlador Integr\/ Sin Inyector Poe\" \/>\n<meta property=\"og:description\" content=\"Compra Gwn7615 Access Point \/ Wifi 5\/ Banda Dual 2.4 Y 5g\/ 1.75gbps\/ Mu-mimo 3x3\/ Uso Interior\/ Cobertura De 175 Mts\/ Admite 200 Dispositivos\/ 2 Ptos Gigabit\/ Controlador Integr\/ Sin Inyector Poe + Env\u00edo a domicilio + Pago seguro + Garant\u00eda\" \/>\n<meta property=\"og:url\" content=\"https:\/\/compuviper.mx\/tienda\/producto\/grandstream-gwn7615-access-point-wifi-5-banda-dual-2-4-y-5g-1-75gbps-mu-mimo-3x3-uso-interior-cobertura-de-175-mts-admite-200-dispositivos-2-ptos-gigabit-controlador-integr-sin-inyector-po\/\" \/>\n<meta property=\"og:site_name\" content=\"Compuviper\" \/>\n<meta property=\"article:publisher\" content=\"https:\/\/www.facebook.com\/compuviper\" \/>\n<meta property=\"article:modified_time\" content=\"2026-04-14T07:02:54+00:00\" \/>\n<meta property=\"og:image\" content=\"https:\/\/compuviper.mx\/tienda\/wp-content\/uploads\/2023\/12\/Access-point-grandstream-gwn7615-doble-banda-de-1.75-gbps-mu-mimo-3x33-doble-banda-2-puerto-gigabit-hasta-200-dispositivos-simultaneos-y-alcance-de-175-metros.jpg\" \/>\n\t<meta property=\"og:image:width\" content=\"200\" \/>\n\t<meta property=\"og:image:height\" content=\"200\" \/>\n\t<meta property=\"og:image:type\" content=\"image\/jpeg\" \/>\n<meta name=\"twitter:card\" content=\"summary_large_image\" \/>\n<meta name=\"twitter:label1\" content=\"Precio\" \/>\n\t<meta name=\"twitter:data1\" content=\"&#36;1,574 &#36;1,392 con IVA\" \/>\n\t<meta name=\"twitter:label2\" content=\"Availability\" \/>\n\t<meta name=\"twitter:data2\" content=\"In stock\" \/>\n<script type=\"application\/ld+json\" class=\"yoast-schema-graph\">{\"@context\":\"https:\/\/schema.org\",\"@graph\":[{\"@type\":\"WebPage\",\"@id\":\"https:\/\/compuviper.mx\/tienda\/producto\/grandstream-gwn7615-access-point-wifi-5-banda-dual-2-4-y-5g-1-75gbps-mu-mimo-3x3-uso-interior-cobertura-de-175-mts-admite-200-dispositivos-2-ptos-gigabit-controlador-integr-sin-inyector-po\/\",\"url\":\"https:\/\/compuviper.mx\/tienda\/producto\/grandstream-gwn7615-access-point-wifi-5-banda-dual-2-4-y-5g-1-75gbps-mu-mimo-3x3-uso-interior-cobertura-de-175-mts-admite-200-dispositivos-2-ptos-gigabit-controlador-integr-sin-inyector-po\/\",\"name\":\"[ Grandstream ] &#129351; Gwn7615 Access Point \/ Wifi 5\/ Banda Dual 2.4 Y 5g\/ 1.75gbps\/ Mu-mimo 3x3\/ Uso Interior\/ Cobertura De 175 Mts\/ Admite 200 Dispositivos\/ 2 Ptos Gigabit\/ Controlador Integr\/ Sin Inyector Poe\",\"isPartOf\":{\"@id\":\"https:\/\/compuviper.mx\/tienda\/#website\"},\"datePublished\":\"2026-04-14T07:02:53+00:00\",\"dateModified\":\"2026-04-14T07:02:54+00:00\",\"description\":\"Compra Gwn7615 Access Point \/ Wifi 5\/ Banda Dual 2.4 Y 5g\/ 1.75gbps\/ Mu-mimo 3x3\/ Uso Interior\/ Cobertura De 175 Mts\/ Admite 200 Dispositivos\/ 2 Ptos Gigabit\/ Controlador Integr\/ Sin Inyector Poe + Env\u00edo a domicilio + Pago seguro + Garant\u00eda\",\"breadcrumb\":{\"@id\":\"https:\/\/compuviper.mx\/tienda\/producto\/grandstream-gwn7615-access-point-wifi-5-banda-dual-2-4-y-5g-1-75gbps-mu-mimo-3x3-uso-interior-cobertura-de-175-mts-admite-200-dispositivos-2-ptos-gigabit-controlador-integr-sin-inyector-po\/#breadcrumb\"},\"inLanguage\":\"es-MX\",\"potentialAction\":[{\"@type\":\"ReadAction\",\"target\":[\"https:\/\/compuviper.mx\/tienda\/producto\/grandstream-gwn7615-access-point-wifi-5-banda-dual-2-4-y-5g-1-75gbps-mu-mimo-3x3-uso-interior-cobertura-de-175-mts-admite-200-dispositivos-2-ptos-gigabit-controlador-integr-sin-inyector-po\/\"]}]},{\"@type\":\"BreadcrumbList\",\"@id\":\"https:\/\/compuviper.mx\/tienda\/producto\/grandstream-gwn7615-access-point-wifi-5-banda-dual-2-4-y-5g-1-75gbps-mu-mimo-3x3-uso-interior-cobertura-de-175-mts-admite-200-dispositivos-2-ptos-gigabit-controlador-integr-sin-inyector-po\/#breadcrumb\",\"itemListElement\":[{\"@type\":\"ListItem\",\"position\":1,\"name\":\"Inicio\",\"item\":\"https:\/\/compuviper.mx\/tienda\/\"},{\"@type\":\"ListItem\",\"position\":2,\"name\":\"Productos\",\"item\":\"https:\/\/compuviper.mx\/tienda\/productos\/\"},{\"@type\":\"ListItem\",\"position\":3,\"name\":\"Redes\",\"item\":\"https:\/\/compuviper.mx\/tienda\/categoria-producto\/redes\/\"},{\"@type\":\"ListItem\",\"position\":4,\"name\":\"Access Point\",\"item\":\"https:\/\/compuviper.mx\/tienda\/categoria-producto\/redes\/access-point\/\"},{\"@type\":\"ListItem\",\"position\":5,\"name\":\"Grandstream Gwn7615 Access Point \/ Wifi 5\/ Banda Dual 2.4 Y 5g\/ 1.75gbps\/ Mu-mimo 3&#215;3\/ Uso Interior\/ Cobertura De 175 Mts\/ Admite 200 Dispositivos\/ 2 Ptos Gigabit\/ Controlador Integr\/ Sin Inyector Poe\"}]},{\"@type\":\"WebSite\",\"@id\":\"https:\/\/compuviper.mx\/tienda\/#website\",\"url\":\"https:\/\/compuviper.mx\/tienda\/\",\"name\":\"Compuviper\",\"description\":\"Proveedor de Computadoras, Laptops, Servidores, Monitores, Puntos de Venta, Teclados,   Impresoras, T\u00f3ner, C\u00e1maras de Seguridad y m\u00e1s en tu tienda en l\u00ednea\",\"publisher\":{\"@id\":\"https:\/\/compuviper.mx\/tienda\/#organization\"},\"potentialAction\":[{\"@type\":\"SearchAction\",\"target\":{\"@type\":\"EntryPoint\",\"urlTemplate\":\"https:\/\/compuviper.mx\/tienda\/?s={search_term_string}\"},\"query-input\":\"required name=search_term_string\"}],\"inLanguage\":\"es-MX\"},{\"@type\":\"Organization\",\"@id\":\"https:\/\/compuviper.mx\/tienda\/#organization\",\"name\":\"Compuviper\",\"url\":\"https:\/\/compuviper.mx\/tienda\/\",\"logo\":{\"@type\":\"ImageObject\",\"inLanguage\":\"es-MX\",\"@id\":\"https:\/\/compuviper.mx\/tienda\/#\/schema\/logo\/image\/\",\"url\":\"https:\/\/compuviper.mx\/tienda\/wp-content\/uploads\/2021\/08\/Logo-Compuviper-10.png\",\"contentUrl\":\"https:\/\/compuviper.mx\/tienda\/wp-content\/uploads\/2021\/08\/Logo-Compuviper-10.png\",\"width\":1000,\"height\":500,\"caption\":\"Compuviper\"},\"image\":{\"@id\":\"https:\/\/compuviper.mx\/tienda\/#\/schema\/logo\/image\/\"},\"sameAs\":[\"https:\/\/www.facebook.com\/compuviper\",\"https:\/\/www.youtube.com\/channel\/UCf73dERp9Y3cfOq7q8BhLjA?view_as=subscriber\"]}]}<\/script>\n<meta property=\"product:brand\" content=\"GRANDSTREAM\" \/>\n<meta property=\"product:price:amount\" content=\"1392\" \/>\n<meta property=\"product:price:currency\" content=\"MXN\" \/>\n<meta property=\"og:availability\" content=\"instock\" \/>\n<meta property=\"product:availability\" content=\"instock\" \/>\n<meta property=\"product:retailer_item_id\" content=\"GWN7615\" \/>\n<meta property=\"product:condition\" content=\"new\" \/>\n<!-- \/ Yoast SEO plugin. -->","yoast_head_json":{"title":"[ Grandstream ] &#129351; Gwn7615 Access Point \/ Wifi 5\/ Banda Dual 2.4 Y 5g\/ 1.75gbps\/ Mu-mimo 3x3\/ Uso Interior\/ Cobertura De 175 Mts\/ Admite 200 Dispositivos\/ 2 Ptos Gigabit\/ Controlador Integr\/ Sin Inyector Poe","description":"Compra Gwn7615 Access Point \/ Wifi 5\/ Banda Dual 2.4 Y 5g\/ 1.75gbps\/ Mu-mimo 3x3\/ Uso Interior\/ Cobertura De 175 Mts\/ Admite 200 Dispositivos\/ 2 Ptos Gigabit\/ Controlador Integr\/ Sin Inyector Poe + Env\u00edo a domicilio + Pago seguro + Garant\u00eda","robots":{"index":"index","follow":"follow","max-snippet":"max-snippet:-1","max-image-preview":"max-image-preview:large","max-video-preview":"max-video-preview:-1"},"canonical":"https:\/\/compuviper.mx\/tienda\/producto\/grandstream-gwn7615-access-point-wifi-5-banda-dual-2-4-y-5g-1-75gbps-mu-mimo-3x3-uso-interior-cobertura-de-175-mts-admite-200-dispositivos-2-ptos-gigabit-controlador-integr-sin-inyector-po\/","og_locale":"es_MX","og_type":"article","og_title":"[ Grandstream ] &#129351; Gwn7615 Access Point \/ Wifi 5\/ Banda Dual 2.4 Y 5g\/ 1.75gbps\/ Mu-mimo 3x3\/ Uso Interior\/ Cobertura De 175 Mts\/ Admite 200 Dispositivos\/ 2 Ptos Gigabit\/ Controlador Integr\/ Sin Inyector Poe","og_description":"Compra Gwn7615 Access Point \/ Wifi 5\/ Banda Dual 2.4 Y 5g\/ 1.75gbps\/ Mu-mimo 3x3\/ Uso Interior\/ Cobertura De 175 Mts\/ Admite 200 Dispositivos\/ 2 Ptos Gigabit\/ Controlador Integr\/ Sin Inyector Poe + Env\u00edo a domicilio + Pago seguro + Garant\u00eda","og_url":"https:\/\/compuviper.mx\/tienda\/producto\/grandstream-gwn7615-access-point-wifi-5-banda-dual-2-4-y-5g-1-75gbps-mu-mimo-3x3-uso-interior-cobertura-de-175-mts-admite-200-dispositivos-2-ptos-gigabit-controlador-integr-sin-inyector-po\/","og_site_name":"Compuviper","article_publisher":"https:\/\/www.facebook.com\/compuviper","article_modified_time":"2026-04-14T07:02:54+00:00","og_image":[{"width":200,"height":200,"url":"https:\/\/compuviper.mx\/tienda\/wp-content\/uploads\/2023\/12\/Access-point-grandstream-gwn7615-doble-banda-de-1.75-gbps-mu-mimo-3x33-doble-banda-2-puerto-gigabit-hasta-200-dispositivos-simultaneos-y-alcance-de-175-metros.jpg","type":"image\/jpeg"}],"twitter_card":"summary_large_image","twitter_misc":{"Precio":"&#36;1,574 &#36;1,392 con IVA","Availability":"In stock"},"schema":{"@context":"https:\/\/schema.org","@graph":[{"@type":"WebPage","@id":"https:\/\/compuviper.mx\/tienda\/producto\/grandstream-gwn7615-access-point-wifi-5-banda-dual-2-4-y-5g-1-75gbps-mu-mimo-3x3-uso-interior-cobertura-de-175-mts-admite-200-dispositivos-2-ptos-gigabit-controlador-integr-sin-inyector-po\/","url":"https:\/\/compuviper.mx\/tienda\/producto\/grandstream-gwn7615-access-point-wifi-5-banda-dual-2-4-y-5g-1-75gbps-mu-mimo-3x3-uso-interior-cobertura-de-175-mts-admite-200-dispositivos-2-ptos-gigabit-controlador-integr-sin-inyector-po\/","name":"[ Grandstream ] &#129351; Gwn7615 Access Point \/ Wifi 5\/ Banda Dual 2.4 Y 5g\/ 1.75gbps\/ Mu-mimo 3x3\/ Uso Interior\/ Cobertura De 175 Mts\/ Admite 200 Dispositivos\/ 2 Ptos Gigabit\/ Controlador Integr\/ Sin Inyector Poe","isPartOf":{"@id":"https:\/\/compuviper.mx\/tienda\/#website"},"datePublished":"2026-04-14T07:02:53+00:00","dateModified":"2026-04-14T07:02:54+00:00","description":"Compra Gwn7615 Access Point \/ Wifi 5\/ Banda Dual 2.4 Y 5g\/ 1.75gbps\/ Mu-mimo 3x3\/ Uso Interior\/ Cobertura De 175 Mts\/ Admite 200 Dispositivos\/ 2 Ptos Gigabit\/ Controlador Integr\/ Sin Inyector Poe + Env\u00edo a domicilio + Pago seguro + Garant\u00eda","breadcrumb":{"@id":"https:\/\/compuviper.mx\/tienda\/producto\/grandstream-gwn7615-access-point-wifi-5-banda-dual-2-4-y-5g-1-75gbps-mu-mimo-3x3-uso-interior-cobertura-de-175-mts-admite-200-dispositivos-2-ptos-gigabit-controlador-integr-sin-inyector-po\/#breadcrumb"},"inLanguage":"es-MX","potentialAction":[{"@type":"ReadAction","target":["https:\/\/compuviper.mx\/tienda\/producto\/grandstream-gwn7615-access-point-wifi-5-banda-dual-2-4-y-5g-1-75gbps-mu-mimo-3x3-uso-interior-cobertura-de-175-mts-admite-200-dispositivos-2-ptos-gigabit-controlador-integr-sin-inyector-po\/"]}]},{"@type":"BreadcrumbList","@id":"https:\/\/compuviper.mx\/tienda\/producto\/grandstream-gwn7615-access-point-wifi-5-banda-dual-2-4-y-5g-1-75gbps-mu-mimo-3x3-uso-interior-cobertura-de-175-mts-admite-200-dispositivos-2-ptos-gigabit-controlador-integr-sin-inyector-po\/#breadcrumb","itemListElement":[{"@type":"ListItem","position":1,"name":"Inicio","item":"https:\/\/compuviper.mx\/tienda\/"},{"@type":"ListItem","position":2,"name":"Productos","item":"https:\/\/compuviper.mx\/tienda\/productos\/"},{"@type":"ListItem","position":3,"name":"Redes","item":"https:\/\/compuviper.mx\/tienda\/categoria-producto\/redes\/"},{"@type":"ListItem","position":4,"name":"Access Point","item":"https:\/\/compuviper.mx\/tienda\/categoria-producto\/redes\/access-point\/"},{"@type":"ListItem","position":5,"name":"Grandstream Gwn7615 Access Point \/ Wifi 5\/ Banda Dual 2.4 Y 5g\/ 1.75gbps\/ Mu-mimo 3&#215;3\/ Uso Interior\/ Cobertura De 175 Mts\/ Admite 200 Dispositivos\/ 2 Ptos Gigabit\/ Controlador Integr\/ Sin Inyector Poe"}]},{"@type":"WebSite","@id":"https:\/\/compuviper.mx\/tienda\/#website","url":"https:\/\/compuviper.mx\/tienda\/","name":"Compuviper","description":"Proveedor de Computadoras, Laptops, Servidores, Monitores, Puntos de Venta, Teclados,   Impresoras, T\u00f3ner, C\u00e1maras de Seguridad y m\u00e1s en tu tienda en l\u00ednea","publisher":{"@id":"https:\/\/compuviper.mx\/tienda\/#organization"},"potentialAction":[{"@type":"SearchAction","target":{"@type":"EntryPoint","urlTemplate":"https:\/\/compuviper.mx\/tienda\/?s={search_term_string}"},"query-input":"required name=search_term_string"}],"inLanguage":"es-MX"},{"@type":"Organization","@id":"https:\/\/compuviper.mx\/tienda\/#organization","name":"Compuviper","url":"https:\/\/compuviper.mx\/tienda\/","logo":{"@type":"ImageObject","inLanguage":"es-MX","@id":"https:\/\/compuviper.mx\/tienda\/#\/schema\/logo\/image\/","url":"https:\/\/compuviper.mx\/tienda\/wp-content\/uploads\/2021\/08\/Logo-Compuviper-10.png","contentUrl":"https:\/\/compuviper.mx\/tienda\/wp-content\/uploads\/2021\/08\/Logo-Compuviper-10.png","width":1000,"height":500,"caption":"Compuviper"},"image":{"@id":"https:\/\/compuviper.mx\/tienda\/#\/schema\/logo\/image\/"},"sameAs":["https:\/\/www.facebook.com\/compuviper","https:\/\/www.youtube.com\/channel\/UCf73dERp9Y3cfOq7q8BhLjA?view_as=subscriber"]}]},"product_brand":"GRANDSTREAM","product_price_amount":"1392","product_price_currency":"MXN","og_availability":"instock","product_availability":"instock","product_retailer_item_id":"GWN7615","product_condition":"new"},"_links":{"self":[{"href":"https:\/\/compuviper.mx\/tienda\/wp-json\/wp\/v2\/product\/220996"}],"collection":[{"href":"https:\/\/compuviper.mx\/tienda\/wp-json\/wp\/v2\/product"}],"about":[{"href":"https:\/\/compuviper.mx\/tienda\/wp-json\/wp\/v2\/types\/product"}],"replies":[{"embeddable":true,"href":"https:\/\/compuviper.mx\/tienda\/wp-json\/wp\/v2\/comments?post=220996"}],"wp:featuredmedia":[{"embeddable":true,"href":"https:\/\/compuviper.mx\/tienda\/wp-json\/wp\/v2\/media\/220997"}],"wp:attachment":[{"href":"https:\/\/compuviper.mx\/tienda\/wp-json\/wp\/v2\/media?parent=220996"}],"wp:term":[{"taxonomy":"product_cat","embeddable":true,"href":"https:\/\/compuviper.mx\/tienda\/wp-json\/wp\/v2\/product_cat?post=220996"},{"taxonomy":"product_tag","embeddable":true,"href":"https:\/\/compuviper.mx\/tienda\/wp-json\/wp\/v2\/product_tag?post=220996"}],"curies":[{"name":"wp","href":"https:\/\/api.w.org\/{rel}","templated":true}]}}