{"id":220994,"date":"2026-04-16T01:03:25","date_gmt":"2026-04-16T07:03:25","guid":{"rendered":"https:\/\/compuviper.mx\/tienda\/producto\/grandstream-gwn7605lr-access-point-gwn-7605lr-rendimiento-doble-banda-1-27gbps-mumimo-2x22-2-puertos-gigabit-admite-100-clientes-alcance-de-cobertura-250-metros-interior-exterior-antenas-desm\/"},"modified":"2026-04-16T01:03:25","modified_gmt":"2026-04-16T07:03:25","slug":"grandstream-gwn7605lr-access-point-wifi-5-banda-dual-2-4-y-5g-1-27gbps-mu-mimo-2x2-uso-exterior-cobertura-de-250-mts-admite-100-dispositivos-2-ptos-gigabit-controlador-inte-sin-inyector-po","status":"publish","type":"product","link":"https:\/\/compuviper.mx\/tienda\/producto\/grandstream-gwn7605lr-access-point-wifi-5-banda-dual-2-4-y-5g-1-27gbps-mu-mimo-2x2-uso-exterior-cobertura-de-250-mts-admite-100-dispositivos-2-ptos-gigabit-controlador-inte-sin-inyector-po\/","title":{"rendered":"Grandstream Gwn7605lr Access Point  \/ Wifi 5\/ Banda Dual 2.4 Y 5g\/ 1.27gbps\/ Mu-mimo 2&#215;2\/ Uso Exterior\/ Cobertura De 250 Mts\/ Admite 100 Dispositivos\/ 2 Ptos Gigabit\/ Controlador Inte\/ Sin Inyector Poe"},"content":{"rendered":"<table class=\"descripcion\">\n<tr>\n<td>Caracter\u00edsticas<\/td>\n<\/tr>\n<tr>\n<td>\u0095 rendimiento inal\u00e1mbrico agregado de 1,27 gbps y 2 puertos al\u00e1mbricos gigabit<\/td>\n<\/tr>\n<tr>\n<td>\u0095 mumimo 2 \u00d7 2: 2 de doble banda con tecnolog\u00eda de formaci\u00f3n de haces<\/td>\n<\/tr>\n<tr>\n<td>\u0095 adaptaci\u00f3n de potencia propia tras la detecci\u00f3n autom\u00e1tica de poe o poe +<\/td>\n<\/tr>\n<tr>\n<td>\u0095 admite m\u00e1s de 100 dispositivos cliente wi-fi simult\u00e1neos<\/td>\n<\/tr>\n<tr>\n<td>\u0095 alcance de cobertura de hasta 250 metros<\/td>\n<\/tr>\n<tr>\n<td>\u0095 qos avanzada para garantizar el rendimiento en tiempo real de las aplicaciones de baja latencia<\/td>\n<\/tr>\n<tr>\n<td>\u0095 arranque seguro anti-pirater\u00eda y bloqueo de control \/ datos cr\u00edticos<\/td>\n<\/tr>\n<tr>\n<td>\u0095 flexibilidad de 2 antenas desmontables \/ intercambiables para diferentes escenarios de aplicaci\u00f3n<\/td>\n<\/tr>\n<tr>\n<td>\u0095 el controlador integrado administra hasta 50 ap gwn locales; gwn.cloud ofrece administraci\u00f3n de ap ilimitada, y gwn manager ofrece administraci\u00f3n de ap de software local<\/td>\n<\/tr>\n<\/table>\n","protected":false},"excerpt":{"rendered":"<p>El gwn7605lr est\u00e1 equipado con una arquitectura de administraci\u00f3n de red distribuida sin controlador en la que el controlador est\u00e1 integrado dentro de la interfaz de usuario web del producto para una f\u00e1cil administraci\u00f3n de los puntos de acceso wi-fi implementados localmente. Gwn7605lr tambi\u00e9n es compatible con gwn. Cloud y gwn manager, la plataforma de gesti\u00f3n de wi-fi local y en la nube de grandstream. Con tecnolog\u00eda l\u00edder en el mercado para qos avanzada, roaming r\u00e1pido, redes de malla, portales cautivos, soporte para m\u00e1s de 100 clientes concurrentes y puertos de red gigabit duales, el gwn7605lr es un punto de acceso wi-fi ideal para aplicaciones en tiempo real sensibles a fluctuaciones de baja latencia (como aplicaciones y dispositivos de voz \/ video a trav\u00e9s de wi-fi) en escenarios de densidad de usuarios de interiores y exteriores de baja a media.<\/p>\n","protected":false},"featured_media":220995,"comment_status":"open","ping_status":"open","template":"","meta":[],"product_cat":[1754,1563],"product_tag":[1576],"acf":[],"yoast_head":"<!-- This site is optimized with the Yoast SEO plugin v21.7 - https:\/\/yoast.com\/wordpress\/plugins\/seo\/ -->\n<title>[ Grandstream ] &#129351; Gwn7605lr Access Point \/ Wifi 5\/ Banda Dual 2.4 Y 5g\/ 1.27gbps\/ Mu-mimo 2x2\/ Uso Exterior\/ Cobertura De 250 Mts\/ Admite 100 Dispositivos\/ 2 Ptos Gigabit\/ Controlador Inte\/ Sin Inyector Poe<\/title>\n<meta name=\"description\" content=\"Compra Gwn7605lr Access Point \/ Wifi 5\/ Banda Dual 2.4 Y 5g\/ 1.27gbps\/ Mu-mimo 2x2\/ Uso Exterior\/ Cobertura De 250 Mts\/ Admite 100 Dispositivos\/ 2 Ptos Gigabit\/ Controlador Inte\/ Sin Inyector Poe + Env\u00edo a domicilio + Pago seguro + Garant\u00eda\" \/>\n<meta name=\"robots\" content=\"index, follow, max-snippet:-1, max-image-preview:large, max-video-preview:-1\" \/>\n<link rel=\"canonical\" href=\"https:\/\/compuviper.mx\/tienda\/producto\/grandstream-gwn7605lr-access-point-wifi-5-banda-dual-2-4-y-5g-1-27gbps-mu-mimo-2x2-uso-exterior-cobertura-de-250-mts-admite-100-dispositivos-2-ptos-gigabit-controlador-inte-sin-inyector-po\/\" \/>\n<meta property=\"og:locale\" content=\"es_MX\" \/>\n<meta property=\"og:type\" content=\"article\" \/>\n<meta property=\"og:title\" content=\"[ Grandstream ] &#129351; Gwn7605lr Access Point \/ Wifi 5\/ Banda Dual 2.4 Y 5g\/ 1.27gbps\/ Mu-mimo 2x2\/ Uso Exterior\/ Cobertura De 250 Mts\/ Admite 100 Dispositivos\/ 2 Ptos Gigabit\/ Controlador Inte\/ Sin Inyector Poe\" \/>\n<meta property=\"og:description\" content=\"Compra Gwn7605lr Access Point \/ Wifi 5\/ Banda Dual 2.4 Y 5g\/ 1.27gbps\/ Mu-mimo 2x2\/ Uso Exterior\/ Cobertura De 250 Mts\/ Admite 100 Dispositivos\/ 2 Ptos Gigabit\/ Controlador Inte\/ Sin Inyector Poe + Env\u00edo a domicilio + Pago seguro + Garant\u00eda\" \/>\n<meta property=\"og:url\" content=\"https:\/\/compuviper.mx\/tienda\/producto\/grandstream-gwn7605lr-access-point-wifi-5-banda-dual-2-4-y-5g-1-27gbps-mu-mimo-2x2-uso-exterior-cobertura-de-250-mts-admite-100-dispositivos-2-ptos-gigabit-controlador-inte-sin-inyector-po\/\" \/>\n<meta property=\"og:site_name\" content=\"Compuviper\" \/>\n<meta property=\"article:publisher\" content=\"https:\/\/www.facebook.com\/compuviper\" \/>\n<meta property=\"og:image\" content=\"https:\/\/compuviper.mx\/tienda\/wp-content\/uploads\/2023\/12\/Access-point-grandstream-gwn-7605lr-rendimiento-doble-banda-1.27gbps-mumimo-2x22-2-puertos-gigabit-admite-100-clientes-alcance-de-cobertura-250-metros-interior-exterior-antenas-desmontables.jpg\" \/>\n\t<meta property=\"og:image:width\" content=\"200\" \/>\n\t<meta property=\"og:image:height\" content=\"200\" \/>\n\t<meta property=\"og:image:type\" content=\"image\/jpeg\" \/>\n<meta name=\"twitter:card\" content=\"summary_large_image\" \/>\n<meta name=\"twitter:label1\" content=\"Precio\" \/>\n\t<meta name=\"twitter:data1\" content=\"&#36;1,770 &#36;1,565 con IVA\" \/>\n\t<meta name=\"twitter:label2\" content=\"Availability\" \/>\n\t<meta name=\"twitter:data2\" content=\"In stock\" \/>\n<script type=\"application\/ld+json\" class=\"yoast-schema-graph\">{\"@context\":\"https:\/\/schema.org\",\"@graph\":[{\"@type\":\"WebPage\",\"@id\":\"https:\/\/compuviper.mx\/tienda\/producto\/grandstream-gwn7605lr-access-point-wifi-5-banda-dual-2-4-y-5g-1-27gbps-mu-mimo-2x2-uso-exterior-cobertura-de-250-mts-admite-100-dispositivos-2-ptos-gigabit-controlador-inte-sin-inyector-po\/\",\"url\":\"https:\/\/compuviper.mx\/tienda\/producto\/grandstream-gwn7605lr-access-point-wifi-5-banda-dual-2-4-y-5g-1-27gbps-mu-mimo-2x2-uso-exterior-cobertura-de-250-mts-admite-100-dispositivos-2-ptos-gigabit-controlador-inte-sin-inyector-po\/\",\"name\":\"[ Grandstream ] &#129351; Gwn7605lr Access Point \/ Wifi 5\/ Banda Dual 2.4 Y 5g\/ 1.27gbps\/ Mu-mimo 2x2\/ Uso Exterior\/ Cobertura De 250 Mts\/ Admite 100 Dispositivos\/ 2 Ptos Gigabit\/ Controlador Inte\/ Sin Inyector Poe\",\"isPartOf\":{\"@id\":\"https:\/\/compuviper.mx\/tienda\/#website\"},\"datePublished\":\"2026-04-16T07:03:25+00:00\",\"dateModified\":\"2026-04-16T07:03:25+00:00\",\"description\":\"Compra Gwn7605lr Access Point \/ Wifi 5\/ Banda Dual 2.4 Y 5g\/ 1.27gbps\/ Mu-mimo 2x2\/ Uso Exterior\/ Cobertura De 250 Mts\/ Admite 100 Dispositivos\/ 2 Ptos Gigabit\/ Controlador Inte\/ Sin Inyector Poe + Env\u00edo a domicilio + Pago seguro + Garant\u00eda\",\"breadcrumb\":{\"@id\":\"https:\/\/compuviper.mx\/tienda\/producto\/grandstream-gwn7605lr-access-point-wifi-5-banda-dual-2-4-y-5g-1-27gbps-mu-mimo-2x2-uso-exterior-cobertura-de-250-mts-admite-100-dispositivos-2-ptos-gigabit-controlador-inte-sin-inyector-po\/#breadcrumb\"},\"inLanguage\":\"es-MX\",\"potentialAction\":[{\"@type\":\"ReadAction\",\"target\":[\"https:\/\/compuviper.mx\/tienda\/producto\/grandstream-gwn7605lr-access-point-wifi-5-banda-dual-2-4-y-5g-1-27gbps-mu-mimo-2x2-uso-exterior-cobertura-de-250-mts-admite-100-dispositivos-2-ptos-gigabit-controlador-inte-sin-inyector-po\/\"]}]},{\"@type\":\"BreadcrumbList\",\"@id\":\"https:\/\/compuviper.mx\/tienda\/producto\/grandstream-gwn7605lr-access-point-wifi-5-banda-dual-2-4-y-5g-1-27gbps-mu-mimo-2x2-uso-exterior-cobertura-de-250-mts-admite-100-dispositivos-2-ptos-gigabit-controlador-inte-sin-inyector-po\/#breadcrumb\",\"itemListElement\":[{\"@type\":\"ListItem\",\"position\":1,\"name\":\"Inicio\",\"item\":\"https:\/\/compuviper.mx\/tienda\/\"},{\"@type\":\"ListItem\",\"position\":2,\"name\":\"Productos\",\"item\":\"https:\/\/compuviper.mx\/tienda\/productos\/\"},{\"@type\":\"ListItem\",\"position\":3,\"name\":\"Redes\",\"item\":\"https:\/\/compuviper.mx\/tienda\/categoria-producto\/redes\/\"},{\"@type\":\"ListItem\",\"position\":4,\"name\":\"Access Point\",\"item\":\"https:\/\/compuviper.mx\/tienda\/categoria-producto\/redes\/access-point\/\"},{\"@type\":\"ListItem\",\"position\":5,\"name\":\"Grandstream Gwn7605lr Access Point \/ Wifi 5\/ Banda Dual 2.4 Y 5g\/ 1.27gbps\/ Mu-mimo 2&#215;2\/ Uso Exterior\/ Cobertura De 250 Mts\/ Admite 100 Dispositivos\/ 2 Ptos Gigabit\/ Controlador Inte\/ Sin Inyector Poe\"}]},{\"@type\":\"WebSite\",\"@id\":\"https:\/\/compuviper.mx\/tienda\/#website\",\"url\":\"https:\/\/compuviper.mx\/tienda\/\",\"name\":\"Compuviper\",\"description\":\"Proveedor de Computadoras, Laptops, Servidores, Monitores, Puntos de Venta, Teclados,   Impresoras, T\u00f3ner, C\u00e1maras de Seguridad y m\u00e1s en tu tienda en l\u00ednea\",\"publisher\":{\"@id\":\"https:\/\/compuviper.mx\/tienda\/#organization\"},\"potentialAction\":[{\"@type\":\"SearchAction\",\"target\":{\"@type\":\"EntryPoint\",\"urlTemplate\":\"https:\/\/compuviper.mx\/tienda\/?s={search_term_string}\"},\"query-input\":\"required name=search_term_string\"}],\"inLanguage\":\"es-MX\"},{\"@type\":\"Organization\",\"@id\":\"https:\/\/compuviper.mx\/tienda\/#organization\",\"name\":\"Compuviper\",\"url\":\"https:\/\/compuviper.mx\/tienda\/\",\"logo\":{\"@type\":\"ImageObject\",\"inLanguage\":\"es-MX\",\"@id\":\"https:\/\/compuviper.mx\/tienda\/#\/schema\/logo\/image\/\",\"url\":\"https:\/\/compuviper.mx\/tienda\/wp-content\/uploads\/2021\/08\/Logo-Compuviper-10.png\",\"contentUrl\":\"https:\/\/compuviper.mx\/tienda\/wp-content\/uploads\/2021\/08\/Logo-Compuviper-10.png\",\"width\":1000,\"height\":500,\"caption\":\"Compuviper\"},\"image\":{\"@id\":\"https:\/\/compuviper.mx\/tienda\/#\/schema\/logo\/image\/\"},\"sameAs\":[\"https:\/\/www.facebook.com\/compuviper\",\"https:\/\/www.youtube.com\/channel\/UCf73dERp9Y3cfOq7q8BhLjA?view_as=subscriber\"]}]}<\/script>\n<meta property=\"product:brand\" content=\"GRANDSTREAM\" \/>\n<meta property=\"product:price:amount\" content=\"1565\" \/>\n<meta property=\"product:price:currency\" content=\"MXN\" \/>\n<meta property=\"og:availability\" content=\"instock\" \/>\n<meta property=\"product:availability\" content=\"instock\" \/>\n<meta property=\"product:retailer_item_id\" content=\"GWN7605LR\" \/>\n<meta property=\"product:condition\" content=\"new\" \/>\n<!-- \/ Yoast SEO plugin. -->","yoast_head_json":{"title":"[ Grandstream ] &#129351; Gwn7605lr Access Point \/ Wifi 5\/ Banda Dual 2.4 Y 5g\/ 1.27gbps\/ Mu-mimo 2x2\/ Uso Exterior\/ Cobertura De 250 Mts\/ Admite 100 Dispositivos\/ 2 Ptos Gigabit\/ Controlador Inte\/ Sin Inyector Poe","description":"Compra Gwn7605lr Access Point \/ Wifi 5\/ Banda Dual 2.4 Y 5g\/ 1.27gbps\/ Mu-mimo 2x2\/ Uso Exterior\/ Cobertura De 250 Mts\/ Admite 100 Dispositivos\/ 2 Ptos Gigabit\/ Controlador Inte\/ Sin Inyector Poe + Env\u00edo a domicilio + Pago seguro + Garant\u00eda","robots":{"index":"index","follow":"follow","max-snippet":"max-snippet:-1","max-image-preview":"max-image-preview:large","max-video-preview":"max-video-preview:-1"},"canonical":"https:\/\/compuviper.mx\/tienda\/producto\/grandstream-gwn7605lr-access-point-wifi-5-banda-dual-2-4-y-5g-1-27gbps-mu-mimo-2x2-uso-exterior-cobertura-de-250-mts-admite-100-dispositivos-2-ptos-gigabit-controlador-inte-sin-inyector-po\/","og_locale":"es_MX","og_type":"article","og_title":"[ Grandstream ] &#129351; Gwn7605lr Access Point \/ Wifi 5\/ Banda Dual 2.4 Y 5g\/ 1.27gbps\/ Mu-mimo 2x2\/ Uso Exterior\/ Cobertura De 250 Mts\/ Admite 100 Dispositivos\/ 2 Ptos Gigabit\/ Controlador Inte\/ Sin Inyector Poe","og_description":"Compra Gwn7605lr Access Point \/ Wifi 5\/ Banda Dual 2.4 Y 5g\/ 1.27gbps\/ Mu-mimo 2x2\/ Uso Exterior\/ Cobertura De 250 Mts\/ Admite 100 Dispositivos\/ 2 Ptos Gigabit\/ Controlador Inte\/ Sin Inyector Poe + Env\u00edo a domicilio + Pago seguro + Garant\u00eda","og_url":"https:\/\/compuviper.mx\/tienda\/producto\/grandstream-gwn7605lr-access-point-wifi-5-banda-dual-2-4-y-5g-1-27gbps-mu-mimo-2x2-uso-exterior-cobertura-de-250-mts-admite-100-dispositivos-2-ptos-gigabit-controlador-inte-sin-inyector-po\/","og_site_name":"Compuviper","article_publisher":"https:\/\/www.facebook.com\/compuviper","og_image":[{"width":200,"height":200,"url":"https:\/\/compuviper.mx\/tienda\/wp-content\/uploads\/2023\/12\/Access-point-grandstream-gwn-7605lr-rendimiento-doble-banda-1.27gbps-mumimo-2x22-2-puertos-gigabit-admite-100-clientes-alcance-de-cobertura-250-metros-interior-exterior-antenas-desmontables.jpg","type":"image\/jpeg"}],"twitter_card":"summary_large_image","twitter_misc":{"Precio":"&#36;1,770 &#36;1,565 con IVA","Availability":"In stock"},"schema":{"@context":"https:\/\/schema.org","@graph":[{"@type":"WebPage","@id":"https:\/\/compuviper.mx\/tienda\/producto\/grandstream-gwn7605lr-access-point-wifi-5-banda-dual-2-4-y-5g-1-27gbps-mu-mimo-2x2-uso-exterior-cobertura-de-250-mts-admite-100-dispositivos-2-ptos-gigabit-controlador-inte-sin-inyector-po\/","url":"https:\/\/compuviper.mx\/tienda\/producto\/grandstream-gwn7605lr-access-point-wifi-5-banda-dual-2-4-y-5g-1-27gbps-mu-mimo-2x2-uso-exterior-cobertura-de-250-mts-admite-100-dispositivos-2-ptos-gigabit-controlador-inte-sin-inyector-po\/","name":"[ Grandstream ] &#129351; Gwn7605lr Access Point \/ Wifi 5\/ Banda Dual 2.4 Y 5g\/ 1.27gbps\/ Mu-mimo 2x2\/ Uso Exterior\/ Cobertura De 250 Mts\/ Admite 100 Dispositivos\/ 2 Ptos Gigabit\/ Controlador Inte\/ Sin Inyector Poe","isPartOf":{"@id":"https:\/\/compuviper.mx\/tienda\/#website"},"datePublished":"2026-04-16T07:03:25+00:00","dateModified":"2026-04-16T07:03:25+00:00","description":"Compra Gwn7605lr Access Point \/ Wifi 5\/ Banda Dual 2.4 Y 5g\/ 1.27gbps\/ Mu-mimo 2x2\/ Uso Exterior\/ Cobertura De 250 Mts\/ Admite 100 Dispositivos\/ 2 Ptos Gigabit\/ Controlador Inte\/ Sin Inyector Poe + Env\u00edo a domicilio + Pago seguro + Garant\u00eda","breadcrumb":{"@id":"https:\/\/compuviper.mx\/tienda\/producto\/grandstream-gwn7605lr-access-point-wifi-5-banda-dual-2-4-y-5g-1-27gbps-mu-mimo-2x2-uso-exterior-cobertura-de-250-mts-admite-100-dispositivos-2-ptos-gigabit-controlador-inte-sin-inyector-po\/#breadcrumb"},"inLanguage":"es-MX","potentialAction":[{"@type":"ReadAction","target":["https:\/\/compuviper.mx\/tienda\/producto\/grandstream-gwn7605lr-access-point-wifi-5-banda-dual-2-4-y-5g-1-27gbps-mu-mimo-2x2-uso-exterior-cobertura-de-250-mts-admite-100-dispositivos-2-ptos-gigabit-controlador-inte-sin-inyector-po\/"]}]},{"@type":"BreadcrumbList","@id":"https:\/\/compuviper.mx\/tienda\/producto\/grandstream-gwn7605lr-access-point-wifi-5-banda-dual-2-4-y-5g-1-27gbps-mu-mimo-2x2-uso-exterior-cobertura-de-250-mts-admite-100-dispositivos-2-ptos-gigabit-controlador-inte-sin-inyector-po\/#breadcrumb","itemListElement":[{"@type":"ListItem","position":1,"name":"Inicio","item":"https:\/\/compuviper.mx\/tienda\/"},{"@type":"ListItem","position":2,"name":"Productos","item":"https:\/\/compuviper.mx\/tienda\/productos\/"},{"@type":"ListItem","position":3,"name":"Redes","item":"https:\/\/compuviper.mx\/tienda\/categoria-producto\/redes\/"},{"@type":"ListItem","position":4,"name":"Access Point","item":"https:\/\/compuviper.mx\/tienda\/categoria-producto\/redes\/access-point\/"},{"@type":"ListItem","position":5,"name":"Grandstream Gwn7605lr Access Point \/ Wifi 5\/ Banda Dual 2.4 Y 5g\/ 1.27gbps\/ Mu-mimo 2&#215;2\/ Uso Exterior\/ Cobertura De 250 Mts\/ Admite 100 Dispositivos\/ 2 Ptos Gigabit\/ Controlador Inte\/ Sin Inyector Poe"}]},{"@type":"WebSite","@id":"https:\/\/compuviper.mx\/tienda\/#website","url":"https:\/\/compuviper.mx\/tienda\/","name":"Compuviper","description":"Proveedor de Computadoras, Laptops, Servidores, Monitores, Puntos de Venta, Teclados,   Impresoras, T\u00f3ner, C\u00e1maras de Seguridad y m\u00e1s en tu tienda en l\u00ednea","publisher":{"@id":"https:\/\/compuviper.mx\/tienda\/#organization"},"potentialAction":[{"@type":"SearchAction","target":{"@type":"EntryPoint","urlTemplate":"https:\/\/compuviper.mx\/tienda\/?s={search_term_string}"},"query-input":"required name=search_term_string"}],"inLanguage":"es-MX"},{"@type":"Organization","@id":"https:\/\/compuviper.mx\/tienda\/#organization","name":"Compuviper","url":"https:\/\/compuviper.mx\/tienda\/","logo":{"@type":"ImageObject","inLanguage":"es-MX","@id":"https:\/\/compuviper.mx\/tienda\/#\/schema\/logo\/image\/","url":"https:\/\/compuviper.mx\/tienda\/wp-content\/uploads\/2021\/08\/Logo-Compuviper-10.png","contentUrl":"https:\/\/compuviper.mx\/tienda\/wp-content\/uploads\/2021\/08\/Logo-Compuviper-10.png","width":1000,"height":500,"caption":"Compuviper"},"image":{"@id":"https:\/\/compuviper.mx\/tienda\/#\/schema\/logo\/image\/"},"sameAs":["https:\/\/www.facebook.com\/compuviper","https:\/\/www.youtube.com\/channel\/UCf73dERp9Y3cfOq7q8BhLjA?view_as=subscriber"]}]},"product_brand":"GRANDSTREAM","product_price_amount":"1565","product_price_currency":"MXN","og_availability":"instock","product_availability":"instock","product_retailer_item_id":"GWN7605LR","product_condition":"new"},"_links":{"self":[{"href":"https:\/\/compuviper.mx\/tienda\/wp-json\/wp\/v2\/product\/220994"}],"collection":[{"href":"https:\/\/compuviper.mx\/tienda\/wp-json\/wp\/v2\/product"}],"about":[{"href":"https:\/\/compuviper.mx\/tienda\/wp-json\/wp\/v2\/types\/product"}],"replies":[{"embeddable":true,"href":"https:\/\/compuviper.mx\/tienda\/wp-json\/wp\/v2\/comments?post=220994"}],"wp:featuredmedia":[{"embeddable":true,"href":"https:\/\/compuviper.mx\/tienda\/wp-json\/wp\/v2\/media\/220995"}],"wp:attachment":[{"href":"https:\/\/compuviper.mx\/tienda\/wp-json\/wp\/v2\/media?parent=220994"}],"wp:term":[{"taxonomy":"product_cat","embeddable":true,"href":"https:\/\/compuviper.mx\/tienda\/wp-json\/wp\/v2\/product_cat?post=220994"},{"taxonomy":"product_tag","embeddable":true,"href":"https:\/\/compuviper.mx\/tienda\/wp-json\/wp\/v2\/product_tag?post=220994"}],"curies":[{"name":"wp","href":"https:\/\/api.w.org\/{rel}","templated":true}]}}