{"id":220978,"date":"2026-04-11T01:02:57","date_gmt":"2026-04-11T07:02:57","guid":{"rendered":"https:\/\/compuviper.mx\/tienda\/producto\/tp-link-cpe710-access-point-tp-link-modos-ap-cliente-repetidor-ap-router-ap-cliente-router-wisp-1-rj45-gigabit-poe-pasivo-incluido\/"},"modified":"2026-04-11T01:02:57","modified_gmt":"2026-04-11T07:02:57","slug":"tp-link-cpe710-access-point-tp-link-modos-ap-cliente-repetidor-ap-router-ap-cliente-router-wisp-1-rj45-gigabit-poe-pasivo-incluido","status":"publish","type":"product","link":"https:\/\/compuviper.mx\/tienda\/producto\/tp-link-cpe710-access-point-tp-link-modos-ap-cliente-repetidor-ap-router-ap-cliente-router-wisp-1-rj45-gigabit-poe-pasivo-incluido\/","title":{"rendered":"Tp Link Cpe710 Access Point | Tp-link |  | Modos Ap\/cliente\/repetidor \/ap Router\/ Ap Cliente Router Wisp 1 Rj45 Gigabit | Poe Pasivo Incluido"},"content":{"rendered":"<table class=\"descripcion\">\n<tr>\n<td>Caracter\u00edsticas de hardware<\/td>\n<\/tr>\n<tr>\n<td>Procesador qualcomm 750mhz cpu, mips 74kc<\/td>\n<\/tr>\n<tr>\n<td>Memoria 128 mb ddr2 ram, 16 mb flash<\/td>\n<\/tr>\n<tr>\n<td>Interfaz 1 puerto 10\/100\/1000 mbps shielded ethernet (lan\/poe)<\/td>\n<\/tr>\n<tr>\n<td>1 bot\u00f3n reset<\/td>\n<\/tr>\n<tr>\n<td>Fuente de alimentaci\u00f3n passive power over ethernet via lan (+4,5pins; -7,8pins)<\/td>\n<\/tr>\n<tr>\n<td>Voltage range: 16-27v dc<\/td>\n<\/tr>\n<tr>\n<td>Dimensiones 366 x 280 x 207 mm (14.4 x 11.0 x 8.1 in.)<\/td>\n<\/tr>\n<tr>\n<td>Ganancia de antena 23 dbi<\/td>\n<\/tr>\n<tr>\n<td>Ancho de haz de la antena 9\u00b0 (azimuth)\/7\u00b0 (elevation)<\/td>\n<\/tr>\n<tr>\n<td>Protecci\u00f3n 15 kv protecci\u00f3n esd<\/td>\n<\/tr>\n<tr>\n<td>6 kv protecci\u00f3n contra rayos<\/td>\n<\/tr>\n<tr>\n<td>Carcasa material: plastico exterior pc<\/td>\n<\/tr>\n<tr>\n<td>Prueba intemperie: ip65 dise\u00f1o anti agua y polvo<\/td>\n<\/tr>\n<tr>\n<td>Caracter\u00edsticas inal\u00e1mbricas<\/td>\n<\/tr>\n<tr>\n<td>Est\u00e1ndares inal\u00e1mbricos ieee 802.11a\/n\/ac<\/td>\n<\/tr>\n<tr>\n<td>Velocidad inal\u00e1mbrica up to 867 mbps (80 mhz, dynamic)<\/td>\n<\/tr>\n<tr>\n<td>Up to 400 mbps (40 mhz, dynamic)<\/td>\n<\/tr>\n<tr>\n<td>Up to 173.4 mbps (20 mhz, dynamic)<\/td>\n<\/tr>\n<tr>\n<td>Frecuencia 5.15~5.85 ghz<\/td>\n<\/tr>\n<tr>\n<td>Potencia de transmisi\u00f3n max. 27 dbm (potencia ajustable 1dbm)<\/td>\n<\/tr>\n<tr>\n<td>Caracter\u00edsticas de software<\/td>\n<\/tr>\n<tr>\n<td>Configuraci\u00f3n de red wan: est\u00e1tico \/ din\u00e1mico \/ pppoe<\/td>\n<\/tr>\n<tr>\n<td>Lan: est\u00e1tica \/ din\u00e1mica \/ dhcp<\/td>\n<\/tr>\n<tr>\n<td>Reenv\u00edo: alg \/ upnp \/ servidor virtual \/ activador de puertos<\/td>\n<\/tr>\n<tr>\n<td>Seguridad: firewall spi \/ ping prohibido \/ protecci\u00f3n dos<\/td>\n<\/tr>\n<tr>\n<td>Control de acceso<\/td>\n<\/tr>\n<tr>\n<td>Enrutamiento estatico<\/td>\n<\/tr>\n<tr>\n<td>Control de ancho de banda<\/td>\n<\/tr>\n<tr>\n<td>Enlace de ip y mac<\/td>\n<\/tr>\n<tr>\n<td>Configuraciones inal\u00e1mbricas ancho de canal seleccionable: 20\/40\/80 mhz<\/td>\n<\/tr>\n<tr>\n<td>Selecci\u00f3n autom\u00e1tica de canales<\/td>\n<\/tr>\n<tr>\n<td>Control de potencia de transmisi\u00f3n<\/td>\n<\/tr>\n<tr>\n<td>Selecci\u00f3n de frecuencia din\u00e1mica (dfs)<\/td>\n<\/tr>\n<tr>\n<td>Wds habilitar \/ deshabilitar<\/td>\n<\/tr>\n<tr>\n<td>Seguridad: cifrado wpa \/ wpa2, wpa-psk \/ wpa2-psk (aes \/ tkip),<\/td>\n<\/tr>\n<tr>\n<td>Ssid broadcast habilitar \/ deshabilitar<\/td>\n<\/tr>\n<tr>\n<td>Multi-ssid con etiquetado vlan (solo modo ap)<\/td>\n<\/tr>\n<tr>\n<td>Distancia \/ configuraci\u00f3n de tiempo de espera ack<\/td>\n<\/tr>\n<tr>\n<td>Filtro direcci\u00f3n mac in\u00e1lambrico<\/td>\n<\/tr>\n<tr>\n<td>Inal\u00e1mbrica avanzada:<\/td>\n<\/tr>\n<tr>\n<td>Intervalo de baliza \/ umbral rts \/ umbral de fragmentaci\u00f3n \/ intervalo dtim \/ aislamiento ap \/ gi corto \/ multimedia wi-fi<\/td>\n<\/tr>\n<tr>\n<td>Ptp de largo alcance<\/td>\n<\/tr>\n<tr>\n<td>Gesti\u00f3n descubrimiento y gesti\u00f3n remota a trav\u00e9s de la aplicaci\u00f3n pharos control<\/td>\n<\/tr>\n<tr>\n<td>Administraci\u00f3n basada en web http \/ https<\/td>\n<\/tr>\n<tr>\n<td>Registro del sistema<\/td>\n<\/tr>\n<tr>\n<td>Agente snmp (v2c)<\/td>\n<\/tr>\n<tr>\n<td>Ping watch dog<\/td>\n<\/tr>\n<tr>\n<td>Ddns din\u00e1mico<\/td>\n<\/tr>\n<tr>\n<td>Servidor ssh<\/td>\n<\/tr>\n<tr>\n<td>Herramientas del sistema indicadores: intensidad de la se\u00f1al \/ ruido \/ transmisi\u00f3n ccq \/ cpu \/ memoria<\/td>\n<\/tr>\n<tr>\n<td>Monitores: rendimiento \/ estaciones \/ interfaces \/ arp \/ rutas \/ wan \/ dhcp<\/td>\n<\/tr>\n<tr>\n<td>Analizador de espectro<\/td>\n<\/tr>\n<tr>\n<td>Prueba de velocidad<\/td>\n<\/tr>\n<tr>\n<td>Silbido<\/td>\n<\/tr>\n<tr>\n<td>Traceroute<\/td>\n<\/tr>\n<tr>\n<td>Alineaci\u00f3n de la antena<\/td>\n<\/tr>\n<tr>\n<td>Optimizaciones nivel de sistema igmp snooping optimizado \/ proxy para aplicaciones multicast<\/td>\n<\/tr>\n<tr>\n<td>Caracter\u00edsticas adaptador poe<\/td>\n<\/tr>\n<tr>\n<td>Dimensiones(w*d*h) 85.8\u00d743.9\u00d729.7 mm<\/td>\n<\/tr>\n<tr>\n<td>Interfaces 1 toma ac con protecci\u00f3n tierra<\/td>\n<\/tr>\n<tr>\n<td>1 puerto \u00d7 10\/100\/1000 mbps shielded ethernet (energ\u00eda + datos)<\/td>\n<\/tr>\n<tr>\n<td>1 puerto\u00d7 10\/100\/1000 mbps shielded ethernet (datos)<\/td>\n<\/tr>\n<tr>\n<td>Bot\u00f3n bot\u00f3n reset remoto<\/td>\n<\/tr>\n<tr>\n<td>Leds de estado power green<\/td>\n<\/tr>\n<tr>\n<td>Entrada 100-240vac, 50\/60hz<\/td>\n<\/tr>\n<tr>\n<td>Salida 24vdc, 0.5a max<\/td>\n<\/tr>\n<tr>\n<td>+4, 5pins; -7, 8pins. (soporte hasta 60m energ\u00eda sobre ethernet)<\/td>\n<\/tr>\n<tr>\n<td>Eficiencia  84.29%<\/td>\n<\/tr>\n<tr>\n<td>Certificaciones ce\/fcc\/ul\/ic\/gs\/psb\/c-tick\/saa\/s-mark\/kc-mark<\/td>\n<\/tr>\n<tr>\n<td>Otros<\/td>\n<\/tr>\n<tr>\n<td>Certificaciones ce, fcc, rohs, ip65, ic<\/td>\n<\/tr>\n<tr>\n<td>Contenido del paquete outdoor wireless cpe<\/td>\n<\/tr>\n<tr>\n<td>Adaptador 24v 0.5a poe passivo poe<\/td>\n<\/tr>\n<tr>\n<td>Kit montaje en m\u00e1stil<\/td>\n<\/tr>\n<tr>\n<td>Cable de energ\u00eda ac<\/td>\n<\/tr>\n<tr>\n<td>Gu\u00eda de instalaci\u00f3n<\/td>\n<\/tr>\n<tr>\n<td>Requisitos del sistema microsoft windows 98se, nt, 2000, xp, vista\u0099 or windows 10, windows 8, windows 7, mac os, netware, unix o linux.<\/td>\n<\/tr>\n<tr>\n<td>Nota: se recomienda el uso de los siguiente navegadores web: google chrome, safari, firefox.<\/td>\n<\/tr>\n<tr>\n<td>Factores ambientales temperatura en funcionamiento: -40\u00b0c~70\u00b0c (-40 and #8457;~158 and #8457;)<\/td>\n<\/tr>\n<tr>\n<td>Temperatura de almacenamiento: -40 and #8451;~70 and #8451; (-40 and #8457;~158 and #8457;)<\/td>\n<\/tr>\n<tr>\n<td>Humedad en funcionamiento: 10%~90% sin condensaci\u00f3n<\/td>\n<\/tr>\n<tr>\n<td>Humedad de almacenamiento: 5%~95% sin condensaci\u00f3n<\/td>\n<\/tr>\n<\/table>\n","protected":false},"excerpt":{"rendered":"<p>Cpe710 nuevo. Cpe de exterior 5ghz ac 867mbps 23dbi. \u0095 802.11ac hasta 867 mbps en 5 ghz. \u0095 23dbi direccional de alta ganancia mimo 2 \u00d7 2, ideal para aplicaciones de larga distancia. \u0095 excelente directividad del haz, latencia mejorada y cancelaci\u00f3n de ruido. \u0095 las innovadoras piezas de cierre r\u00e1pido permiten un ensamblaje r\u00e1pido y un dise\u00f1o estructural robusto que mantiene la cpe710 estable incluso con vientos fuertes. \u0095 el gabinete resistente a la intemperie ip65 junto con esd de 15kv y protecci\u00f3n contra rayos de 6kv garantiza la idoneidad para todo clima. \u0095 pharos control ofrece a los administradores un sistema de gesti\u00f3n centralizado gratuito. \u0095 soporte pasivo de poe para permitir una implementaci\u00f3n flexible y una instalaci\u00f3n conveniente<\/p>\n","protected":false},"featured_media":220979,"comment_status":"open","ping_status":"open","template":"","meta":[],"product_cat":[1563,1754],"product_tag":[1562],"acf":[],"yoast_head":"<!-- This site is optimized with the Yoast SEO plugin v21.7 - https:\/\/yoast.com\/wordpress\/plugins\/seo\/ -->\n<title>[ Tp Link ] &#129351; Cpe710 Access Point | Tp-link | | Modos Ap\/cliente\/repetidor \/ap Router\/ Ap Cliente Router Wisp 1 Rj45 Gigabit | Poe Pasivo Incluido<\/title>\n<meta name=\"description\" content=\"Compra Cpe710 Access Point | Tp-link | | Modos Ap\/cliente\/repetidor \/ap Router\/ Ap Cliente Router Wisp 1 Rj45 Gigabit | Poe Pasivo Incluido + Env\u00edo a domicilio + Pago seguro + Garant\u00eda\" \/>\n<meta name=\"robots\" content=\"index, follow, max-snippet:-1, max-image-preview:large, max-video-preview:-1\" \/>\n<link rel=\"canonical\" href=\"https:\/\/compuviper.mx\/tienda\/producto\/tp-link-cpe710-access-point-tp-link-modos-ap-cliente-repetidor-ap-router-ap-cliente-router-wisp-1-rj45-gigabit-poe-pasivo-incluido\/\" \/>\n<meta property=\"og:locale\" content=\"es_MX\" \/>\n<meta property=\"og:type\" content=\"article\" \/>\n<meta property=\"og:title\" content=\"[ Tp Link ] &#129351; Cpe710 Access Point | Tp-link | | Modos Ap\/cliente\/repetidor \/ap Router\/ Ap Cliente Router Wisp 1 Rj45 Gigabit | Poe Pasivo Incluido\" \/>\n<meta property=\"og:description\" content=\"Compra Cpe710 Access Point | Tp-link | | Modos Ap\/cliente\/repetidor \/ap Router\/ Ap Cliente Router Wisp 1 Rj45 Gigabit | Poe Pasivo Incluido + Env\u00edo a domicilio + Pago seguro + Garant\u00eda\" \/>\n<meta property=\"og:url\" content=\"https:\/\/compuviper.mx\/tienda\/producto\/tp-link-cpe710-access-point-tp-link-modos-ap-cliente-repetidor-ap-router-ap-cliente-router-wisp-1-rj45-gigabit-poe-pasivo-incluido\/\" \/>\n<meta property=\"og:site_name\" content=\"Compuviper\" \/>\n<meta property=\"article:publisher\" content=\"https:\/\/www.facebook.com\/compuviper\" \/>\n<meta property=\"og:image\" content=\"https:\/\/compuviper.mx\/tienda\/wp-content\/uploads\/2023\/12\/Access-point-tp-link-cpe710-modos-apclienterepetidor-ap-router-ap-cliente-router-wisp-1-rj45-gigabit-poe-pasivo-incluido.jpg\" \/>\n\t<meta property=\"og:image:width\" content=\"200\" \/>\n\t<meta property=\"og:image:height\" content=\"200\" \/>\n\t<meta property=\"og:image:type\" content=\"image\/jpeg\" \/>\n<meta name=\"twitter:card\" content=\"summary_large_image\" \/>\n<meta name=\"twitter:label1\" content=\"Precio\" \/>\n\t<meta name=\"twitter:data1\" content=\"&#36;1,337 con IVA\" \/>\n\t<meta name=\"twitter:label2\" content=\"Availability\" \/>\n\t<meta name=\"twitter:data2\" content=\"Out of stock\" \/>\n<script type=\"application\/ld+json\" class=\"yoast-schema-graph\">{\"@context\":\"https:\/\/schema.org\",\"@graph\":[{\"@type\":\"WebPage\",\"@id\":\"https:\/\/compuviper.mx\/tienda\/producto\/tp-link-cpe710-access-point-tp-link-modos-ap-cliente-repetidor-ap-router-ap-cliente-router-wisp-1-rj45-gigabit-poe-pasivo-incluido\/\",\"url\":\"https:\/\/compuviper.mx\/tienda\/producto\/tp-link-cpe710-access-point-tp-link-modos-ap-cliente-repetidor-ap-router-ap-cliente-router-wisp-1-rj45-gigabit-poe-pasivo-incluido\/\",\"name\":\"[ Tp Link ] &#129351; Cpe710 Access Point | Tp-link | | Modos Ap\/cliente\/repetidor \/ap Router\/ Ap Cliente Router Wisp 1 Rj45 Gigabit | Poe Pasivo Incluido\",\"isPartOf\":{\"@id\":\"https:\/\/compuviper.mx\/tienda\/#website\"},\"datePublished\":\"2026-04-11T07:02:57+00:00\",\"dateModified\":\"2026-04-11T07:02:57+00:00\",\"description\":\"Compra Cpe710 Access Point | Tp-link | | Modos Ap\/cliente\/repetidor \/ap Router\/ Ap Cliente Router Wisp 1 Rj45 Gigabit | Poe Pasivo Incluido + Env\u00edo a domicilio + Pago seguro + Garant\u00eda\",\"breadcrumb\":{\"@id\":\"https:\/\/compuviper.mx\/tienda\/producto\/tp-link-cpe710-access-point-tp-link-modos-ap-cliente-repetidor-ap-router-ap-cliente-router-wisp-1-rj45-gigabit-poe-pasivo-incluido\/#breadcrumb\"},\"inLanguage\":\"es-MX\",\"potentialAction\":[{\"@type\":\"ReadAction\",\"target\":[\"https:\/\/compuviper.mx\/tienda\/producto\/tp-link-cpe710-access-point-tp-link-modos-ap-cliente-repetidor-ap-router-ap-cliente-router-wisp-1-rj45-gigabit-poe-pasivo-incluido\/\"]}]},{\"@type\":\"BreadcrumbList\",\"@id\":\"https:\/\/compuviper.mx\/tienda\/producto\/tp-link-cpe710-access-point-tp-link-modos-ap-cliente-repetidor-ap-router-ap-cliente-router-wisp-1-rj45-gigabit-poe-pasivo-incluido\/#breadcrumb\",\"itemListElement\":[{\"@type\":\"ListItem\",\"position\":1,\"name\":\"Inicio\",\"item\":\"https:\/\/compuviper.mx\/tienda\/\"},{\"@type\":\"ListItem\",\"position\":2,\"name\":\"Productos\",\"item\":\"https:\/\/compuviper.mx\/tienda\/productos\/\"},{\"@type\":\"ListItem\",\"position\":3,\"name\":\"Redes\",\"item\":\"https:\/\/compuviper.mx\/tienda\/categoria-producto\/redes\/\"},{\"@type\":\"ListItem\",\"position\":4,\"name\":\"Access Point\",\"item\":\"https:\/\/compuviper.mx\/tienda\/categoria-producto\/redes\/access-point\/\"},{\"@type\":\"ListItem\",\"position\":5,\"name\":\"Tp Link Cpe710 Access Point | Tp-link | | Modos Ap\/cliente\/repetidor \/ap Router\/ Ap Cliente Router Wisp 1 Rj45 Gigabit | Poe Pasivo Incluido\"}]},{\"@type\":\"WebSite\",\"@id\":\"https:\/\/compuviper.mx\/tienda\/#website\",\"url\":\"https:\/\/compuviper.mx\/tienda\/\",\"name\":\"Compuviper\",\"description\":\"Proveedor de Computadoras, Laptops, Servidores, Monitores, Puntos de Venta, Teclados,   Impresoras, T\u00f3ner, C\u00e1maras de Seguridad y m\u00e1s en tu tienda en l\u00ednea\",\"publisher\":{\"@id\":\"https:\/\/compuviper.mx\/tienda\/#organization\"},\"potentialAction\":[{\"@type\":\"SearchAction\",\"target\":{\"@type\":\"EntryPoint\",\"urlTemplate\":\"https:\/\/compuviper.mx\/tienda\/?s={search_term_string}\"},\"query-input\":\"required name=search_term_string\"}],\"inLanguage\":\"es-MX\"},{\"@type\":\"Organization\",\"@id\":\"https:\/\/compuviper.mx\/tienda\/#organization\",\"name\":\"Compuviper\",\"url\":\"https:\/\/compuviper.mx\/tienda\/\",\"logo\":{\"@type\":\"ImageObject\",\"inLanguage\":\"es-MX\",\"@id\":\"https:\/\/compuviper.mx\/tienda\/#\/schema\/logo\/image\/\",\"url\":\"https:\/\/compuviper.mx\/tienda\/wp-content\/uploads\/2021\/08\/Logo-Compuviper-10.png\",\"contentUrl\":\"https:\/\/compuviper.mx\/tienda\/wp-content\/uploads\/2021\/08\/Logo-Compuviper-10.png\",\"width\":1000,\"height\":500,\"caption\":\"Compuviper\"},\"image\":{\"@id\":\"https:\/\/compuviper.mx\/tienda\/#\/schema\/logo\/image\/\"},\"sameAs\":[\"https:\/\/www.facebook.com\/compuviper\",\"https:\/\/www.youtube.com\/channel\/UCf73dERp9Y3cfOq7q8BhLjA?view_as=subscriber\"]}]}<\/script>\n<meta property=\"product:brand\" content=\"TP LINK\" \/>\n<meta property=\"product:price:amount\" content=\"1337\" \/>\n<meta property=\"product:price:currency\" content=\"MXN\" \/>\n<meta property=\"og:availability\" content=\"out of stock\" \/>\n<meta property=\"product:availability\" content=\"out of stock\" \/>\n<meta property=\"product:retailer_item_id\" content=\"CPE710\" \/>\n<meta property=\"product:condition\" content=\"new\" \/>\n<!-- \/ Yoast SEO plugin. -->","yoast_head_json":{"title":"[ Tp Link ] &#129351; Cpe710 Access Point | Tp-link | | Modos Ap\/cliente\/repetidor \/ap Router\/ Ap Cliente Router Wisp 1 Rj45 Gigabit | Poe Pasivo Incluido","description":"Compra Cpe710 Access Point | Tp-link | | Modos Ap\/cliente\/repetidor \/ap Router\/ Ap Cliente Router Wisp 1 Rj45 Gigabit | Poe Pasivo Incluido + Env\u00edo a domicilio + Pago seguro + Garant\u00eda","robots":{"index":"index","follow":"follow","max-snippet":"max-snippet:-1","max-image-preview":"max-image-preview:large","max-video-preview":"max-video-preview:-1"},"canonical":"https:\/\/compuviper.mx\/tienda\/producto\/tp-link-cpe710-access-point-tp-link-modos-ap-cliente-repetidor-ap-router-ap-cliente-router-wisp-1-rj45-gigabit-poe-pasivo-incluido\/","og_locale":"es_MX","og_type":"article","og_title":"[ Tp Link ] &#129351; Cpe710 Access Point | Tp-link | | Modos Ap\/cliente\/repetidor \/ap Router\/ Ap Cliente Router Wisp 1 Rj45 Gigabit | Poe Pasivo Incluido","og_description":"Compra Cpe710 Access Point | Tp-link | | Modos Ap\/cliente\/repetidor \/ap Router\/ Ap Cliente Router Wisp 1 Rj45 Gigabit | Poe Pasivo Incluido + Env\u00edo a domicilio + Pago seguro + Garant\u00eda","og_url":"https:\/\/compuviper.mx\/tienda\/producto\/tp-link-cpe710-access-point-tp-link-modos-ap-cliente-repetidor-ap-router-ap-cliente-router-wisp-1-rj45-gigabit-poe-pasivo-incluido\/","og_site_name":"Compuviper","article_publisher":"https:\/\/www.facebook.com\/compuviper","og_image":[{"width":200,"height":200,"url":"https:\/\/compuviper.mx\/tienda\/wp-content\/uploads\/2023\/12\/Access-point-tp-link-cpe710-modos-apclienterepetidor-ap-router-ap-cliente-router-wisp-1-rj45-gigabit-poe-pasivo-incluido.jpg","type":"image\/jpeg"}],"twitter_card":"summary_large_image","twitter_misc":{"Precio":"&#36;1,337 con IVA","Availability":"Out of stock"},"schema":{"@context":"https:\/\/schema.org","@graph":[{"@type":"WebPage","@id":"https:\/\/compuviper.mx\/tienda\/producto\/tp-link-cpe710-access-point-tp-link-modos-ap-cliente-repetidor-ap-router-ap-cliente-router-wisp-1-rj45-gigabit-poe-pasivo-incluido\/","url":"https:\/\/compuviper.mx\/tienda\/producto\/tp-link-cpe710-access-point-tp-link-modos-ap-cliente-repetidor-ap-router-ap-cliente-router-wisp-1-rj45-gigabit-poe-pasivo-incluido\/","name":"[ Tp Link ] &#129351; Cpe710 Access Point | Tp-link | | Modos Ap\/cliente\/repetidor \/ap Router\/ Ap Cliente Router Wisp 1 Rj45 Gigabit | Poe Pasivo Incluido","isPartOf":{"@id":"https:\/\/compuviper.mx\/tienda\/#website"},"datePublished":"2026-04-11T07:02:57+00:00","dateModified":"2026-04-11T07:02:57+00:00","description":"Compra Cpe710 Access Point | Tp-link | | Modos Ap\/cliente\/repetidor \/ap Router\/ Ap Cliente Router Wisp 1 Rj45 Gigabit | Poe Pasivo Incluido + Env\u00edo a domicilio + Pago seguro + Garant\u00eda","breadcrumb":{"@id":"https:\/\/compuviper.mx\/tienda\/producto\/tp-link-cpe710-access-point-tp-link-modos-ap-cliente-repetidor-ap-router-ap-cliente-router-wisp-1-rj45-gigabit-poe-pasivo-incluido\/#breadcrumb"},"inLanguage":"es-MX","potentialAction":[{"@type":"ReadAction","target":["https:\/\/compuviper.mx\/tienda\/producto\/tp-link-cpe710-access-point-tp-link-modos-ap-cliente-repetidor-ap-router-ap-cliente-router-wisp-1-rj45-gigabit-poe-pasivo-incluido\/"]}]},{"@type":"BreadcrumbList","@id":"https:\/\/compuviper.mx\/tienda\/producto\/tp-link-cpe710-access-point-tp-link-modos-ap-cliente-repetidor-ap-router-ap-cliente-router-wisp-1-rj45-gigabit-poe-pasivo-incluido\/#breadcrumb","itemListElement":[{"@type":"ListItem","position":1,"name":"Inicio","item":"https:\/\/compuviper.mx\/tienda\/"},{"@type":"ListItem","position":2,"name":"Productos","item":"https:\/\/compuviper.mx\/tienda\/productos\/"},{"@type":"ListItem","position":3,"name":"Redes","item":"https:\/\/compuviper.mx\/tienda\/categoria-producto\/redes\/"},{"@type":"ListItem","position":4,"name":"Access Point","item":"https:\/\/compuviper.mx\/tienda\/categoria-producto\/redes\/access-point\/"},{"@type":"ListItem","position":5,"name":"Tp Link Cpe710 Access Point | Tp-link | | Modos Ap\/cliente\/repetidor \/ap Router\/ Ap Cliente Router Wisp 1 Rj45 Gigabit | Poe Pasivo Incluido"}]},{"@type":"WebSite","@id":"https:\/\/compuviper.mx\/tienda\/#website","url":"https:\/\/compuviper.mx\/tienda\/","name":"Compuviper","description":"Proveedor de Computadoras, Laptops, Servidores, Monitores, Puntos de Venta, Teclados,   Impresoras, T\u00f3ner, C\u00e1maras de Seguridad y m\u00e1s en tu tienda en l\u00ednea","publisher":{"@id":"https:\/\/compuviper.mx\/tienda\/#organization"},"potentialAction":[{"@type":"SearchAction","target":{"@type":"EntryPoint","urlTemplate":"https:\/\/compuviper.mx\/tienda\/?s={search_term_string}"},"query-input":"required name=search_term_string"}],"inLanguage":"es-MX"},{"@type":"Organization","@id":"https:\/\/compuviper.mx\/tienda\/#organization","name":"Compuviper","url":"https:\/\/compuviper.mx\/tienda\/","logo":{"@type":"ImageObject","inLanguage":"es-MX","@id":"https:\/\/compuviper.mx\/tienda\/#\/schema\/logo\/image\/","url":"https:\/\/compuviper.mx\/tienda\/wp-content\/uploads\/2021\/08\/Logo-Compuviper-10.png","contentUrl":"https:\/\/compuviper.mx\/tienda\/wp-content\/uploads\/2021\/08\/Logo-Compuviper-10.png","width":1000,"height":500,"caption":"Compuviper"},"image":{"@id":"https:\/\/compuviper.mx\/tienda\/#\/schema\/logo\/image\/"},"sameAs":["https:\/\/www.facebook.com\/compuviper","https:\/\/www.youtube.com\/channel\/UCf73dERp9Y3cfOq7q8BhLjA?view_as=subscriber"]}]},"product_brand":"TP LINK","product_price_amount":"1337","product_price_currency":"MXN","og_availability":"out of stock","product_availability":"out of stock","product_retailer_item_id":"CPE710","product_condition":"new"},"_links":{"self":[{"href":"https:\/\/compuviper.mx\/tienda\/wp-json\/wp\/v2\/product\/220978"}],"collection":[{"href":"https:\/\/compuviper.mx\/tienda\/wp-json\/wp\/v2\/product"}],"about":[{"href":"https:\/\/compuviper.mx\/tienda\/wp-json\/wp\/v2\/types\/product"}],"replies":[{"embeddable":true,"href":"https:\/\/compuviper.mx\/tienda\/wp-json\/wp\/v2\/comments?post=220978"}],"wp:featuredmedia":[{"embeddable":true,"href":"https:\/\/compuviper.mx\/tienda\/wp-json\/wp\/v2\/media\/220979"}],"wp:attachment":[{"href":"https:\/\/compuviper.mx\/tienda\/wp-json\/wp\/v2\/media?parent=220978"}],"wp:term":[{"taxonomy":"product_cat","embeddable":true,"href":"https:\/\/compuviper.mx\/tienda\/wp-json\/wp\/v2\/product_cat?post=220978"},{"taxonomy":"product_tag","embeddable":true,"href":"https:\/\/compuviper.mx\/tienda\/wp-json\/wp\/v2\/product_tag?post=220978"}],"curies":[{"name":"wp","href":"https:\/\/api.w.org\/{rel}","templated":true}]}}