{"id":220968,"date":"2026-04-18T01:07:49","date_gmt":"2026-04-18T07:07:49","guid":{"rendered":"https:\/\/compuviper.mx\/tienda\/producto\/hewlett-packard-enterprise-q9h57a-access-point-hpe-aruba-ap-514-802-11ax-4x4-mimo\/"},"modified":"2026-04-18T01:07:49","modified_gmt":"2026-04-18T07:07:49","slug":"hewlett-packard-enterprise-q9h57a-access-point-hpe-aruba-ap-514-802-11ax-4x4-mimo","status":"publish","type":"product","link":"https:\/\/compuviper.mx\/tienda\/producto\/hewlett-packard-enterprise-q9h57a-access-point-hpe-aruba-ap-514-802-11ax-4x4-mimo\/","title":{"rendered":"Hewlett Packard Enterprise Q9h57a Access Point Hpe Aruba  Ap-514 802.11ax 4&#215;4 Mimo"},"content":{"rendered":"<table class=\"descripcion\">\n<tr>\n<td>Especificaciones de la radio wi-fi<\/td>\n<\/tr>\n<tr>\n<td>Tipo de ap: interior, radio dual, 5ghz 802.11ax 4&#215;4 mimo y 2.4ghz 802.11ax 2&#215;2 mimo.<\/td>\n<\/tr>\n<tr>\n<td>Radio de 5 ghz:<\/td>\n<\/tr>\n<tr>\n<td>Mimo de cuatro flujos espaciales de un solo usuario (su) para una velocidad de datos inal\u00e1mbrica de hasta 4.8gbps a dispositivos cliente 4ss he160 802.11ax individuales (m\u00e1x.).<\/td>\n<\/tr>\n<tr>\n<td>Mimo de dos flujos espaciales de usuario \u00fanico (su) para una velocidad de datos inal\u00e1mbrica de hasta 1,2 gbps para dispositivos cliente 2ss he80 802.11ax individuales (t\u00edpico).<\/td>\n<\/tr>\n<tr>\n<td>Cuatro mimo multiusuario (mu) de flujo espacial para una velocidad de datos inal\u00e1mbrica de hasta 4.8gbps hasta cuatro dispositivos cliente con capacidad 1ss o dos 2ss he160 802.11ax dl-mu-mimo simult\u00e1neamente (m\u00e1ximo).<\/td>\n<\/tr>\n<tr>\n<td>Cuatro mimo multiusuario (mu) de flujo espacial para una velocidad de datos inal\u00e1mbrica de hasta 2.4gbps hasta cuatro dispositivos cliente con capacidad 1ss o dos 2ss he80 802.11ax dl-mu-mimo simult\u00e1neamente (t\u00edpico).<\/td>\n<\/tr>\n<tr>\n<td>Radio de 2,4 ghz:<\/td>\n<\/tr>\n<tr>\n<td>Dos mimo de un solo usuario (su) de flujo espacial para una velocidad de datos inal\u00e1mbrica de hasta 575 mbps a dispositivos cliente 2ss he40 802.11ax individuales o a dos dispositivos cliente 1ss he40 802.11ax dl-mu-mimo compatibles simult\u00e1neamente (m\u00e1x.).<\/td>\n<\/tr>\n<tr>\n<td>Dos mimo de un solo usuario (su) de flujo espacial para una velocidad de datos inal\u00e1mbrica de hasta 287 mbps a dispositivos cliente 2ss he20 802.11ax individuales o a dos dispositivos cliente 1ss he20 802.11ax dl-mu-mimo compatibles simult\u00e1neamente (t\u00edpico).<\/td>\n<\/tr>\n<tr>\n<td>Admite hasta 256 dispositivos cliente asociados por radio y hasta 16 bssid por radio.<\/td>\n<\/tr>\n<tr>\n<td>Bandas de frecuencia admitidas (se aplican restricciones espec\u00edficas del pa\u00eds):<\/td>\n<\/tr>\n<tr>\n<td>2.400 a 2.4835 ghz<\/td>\n<\/tr>\n<tr>\n<td>5.150 a 5.250 ghz<\/td>\n<\/tr>\n<tr>\n<td>5.250 a 5.350 ghz<\/td>\n<\/tr>\n<tr>\n<td>5.470 a 5.725 ghz<\/td>\n<\/tr>\n<tr>\n<td>5.725 a 5.850 ghz<\/td>\n<\/tr>\n<tr>\n<td>Tecnolog\u00edas de radio compatibles:<\/td>\n<\/tr>\n<tr>\n<td>802.11b: espectro ensanchado de secuencia directa (dsss)<\/td>\n<\/tr>\n<tr>\n<td>802.11a \/ g \/ n \/ ac: multiplexaci\u00f3n por divisi\u00f3n de frecuencia ortogonal (ofdm)<\/td>\n<\/tr>\n<tr>\n<td>802.11ax: acceso m\u00faltiple por divisi\u00f3n de frecuencia ortogonal (ofdma) con hasta 16 unidades de recursos (para un canal de 80 mhz).<\/td>\n<\/tr>\n<tr>\n<td>Especificaciones mec\u00e1nicas<\/td>\n<\/tr>\n<tr>\n<td>Dimensiones \/ peso (ap-515; unidad, excluyendo el soporte de montaje): 200 mm (ancho) x 200 mm (profundidad) x 46 mm (alto); 810 g \/ 28,5 onzas.<\/td>\n<\/tr>\n<tr>\n<td>Dimensiones \/ peso (ap-515; env\u00edo): 230 mm (ancho) x 220 mm (profundidad) x 72 mm (alto); 1010g \/ 35.5 onzas.<\/td>\n<\/tr>\n<tr>\n<td>Antenas wi-fi<\/td>\n<\/tr>\n<tr>\n<td>Ap-514: cuatro conectores rp-sma para antenas externas de doble banda (a0 a a3, correspondientes a las cadenas de radio 0 a 3). p\u00e9rdida interna en el peor de los casos entre la interfaz de radio y los conectores de antena externa (debido a los circuitos de diplexaci\u00f3n): 1.3db en 2.4ghz y 1.7db en 5ghz.<\/td>\n<\/tr>\n<tr>\n<td>Interfaces adicionales<\/td>\n<\/tr>\n<tr>\n<td>E0: puerto hpe smartrate (rj-45, velocidad m\u00e1xima negociada 2,5 gbps). velocidad de enlace de detecci\u00f3n autom\u00e1tica (100\/1000 \/ 2500base-t) y mdi \/ mdx. la velocidad de 2.5gbps cumple con las especificaciones nbase-t y 802.3bz. poe-pd: 48vdc (nominal) 802.3af \/ 802.3at poe.<\/td>\n<\/tr>\n<tr>\n<td>E1: interfaz de red ethernet 10\/100 \/ 1000base-t (rj-45). velocidad de enlace de detecci\u00f3n autom\u00e1tica y mdi \/ mdx.<\/td>\n<\/tr>\n<tr>\n<td>Soporte de agregaci\u00f3n de enlaces (lacp) entre ambos puertos de red para redundancia y mayor capacidad.<\/td>\n<\/tr>\n<tr>\n<td>Interfaz de alimentaci\u00f3n de cc: 12 v cc (nominal, +\/- 5%), acepta un enchufe circular de centro positivo de 2,1 mm \/ 5,5 mm con una longitud de 9,5 mm.<\/td>\n<\/tr>\n<tr>\n<td>Interfaz de host usb 2.0 (conector tipo a). capaz de suministrar hasta 1a \/ 5w a un dispositivo adjunto.<\/td>\n<\/tr>\n<tr>\n<td>Radio bluetooth low energy (ble5.0) y zigbee (802.15.4).<\/td>\n<\/tr>\n<tr>\n<td>Indicadores visuales (dos led de varios colores): para el estado del sistema y la radio.<\/td>\n<\/tr>\n<tr>\n<td>Bot\u00f3n de reinicio: reinicio de f\u00e1brica, control de modo led (normal \/ apagado)<\/td>\n<\/tr>\n<tr>\n<td>Interfaz de consola en serie (conector f\u00edsico usb micro-b patentado).<\/td>\n<\/tr>\n<tr>\n<td>Ranura de seguridad kensington.<\/td>\n<\/tr>\n<tr>\n<td>Fuentes de energ\u00eda y consumo de energ\u00eda<\/td>\n<\/tr>\n<tr>\n<td>El ap admite alimentaci\u00f3n de cc directa y alimentaci\u00f3n a trav\u00e9s de ethernet (poe; en el puerto e0)<\/td>\n<\/tr>\n<tr>\n<td>Consumo de energ\u00eda m\u00e1ximo (en el peor de los casos):<\/td>\n<\/tr>\n<tr>\n<td>Dc alimentado: 17w<\/td>\n<\/tr>\n<tr>\n<td>Alimentado por poe (802.3at): 20,8 w.<\/td>\n<\/tr>\n<tr>\n<td>Alimentado por poe (802.3af): 13,5 w.<\/td>\n<\/tr>\n<\/table>\n","protected":false},"excerpt":{"rendered":"<p>Rendimiento muy alto de wi-fi 6 (802.11ax) con radios duales y eficiencia energ\u00e9tica de ap ecol\u00f3gico. Los puntos de acceso aruba wi-fi 6 proporcionan conectividad de alto rendimiento para cualquier organizaci\u00f3n que experimente un n\u00famero creciente de requisitos de movilidad y de iot. Con una velocidad de datos agregada m\u00e1xima de 3 gbps (he80 \/ he40), brindan la velocidad y confiabilidad necesarias para cualquier entorno empresarial.<\/p>\n","protected":false},"featured_media":220969,"comment_status":"open","ping_status":"open","template":"","meta":[],"product_cat":[1563,1754],"product_tag":[1568],"acf":[],"yoast_head":"<!-- This site is optimized with the Yoast SEO plugin v21.7 - https:\/\/yoast.com\/wordpress\/plugins\/seo\/ -->\n<title>[ Hewlett Packard Enterprise ] &#129351; Q9h57a Access Point Hpe Aruba Ap-514 802.11ax 4x4 Mimo<\/title>\n<meta name=\"description\" content=\"Compra Q9h57a Access Point Hpe Aruba Ap-514 802.11ax 4x4 Mimo + Env\u00edo a domicilio + Pago seguro + Garant\u00eda\" \/>\n<meta name=\"robots\" content=\"index, follow, max-snippet:-1, max-image-preview:large, max-video-preview:-1\" \/>\n<link rel=\"canonical\" href=\"https:\/\/compuviper.mx\/tienda\/producto\/hewlett-packard-enterprise-q9h57a-access-point-hpe-aruba-ap-514-802-11ax-4x4-mimo\/\" \/>\n<meta property=\"og:locale\" content=\"es_MX\" \/>\n<meta property=\"og:type\" content=\"article\" \/>\n<meta property=\"og:title\" content=\"[ Hewlett Packard Enterprise ] &#129351; Q9h57a Access Point Hpe Aruba Ap-514 802.11ax 4x4 Mimo\" \/>\n<meta property=\"og:description\" content=\"Compra Q9h57a Access Point Hpe Aruba Ap-514 802.11ax 4x4 Mimo + Env\u00edo a domicilio + Pago seguro + Garant\u00eda\" \/>\n<meta property=\"og:url\" content=\"https:\/\/compuviper.mx\/tienda\/producto\/hewlett-packard-enterprise-q9h57a-access-point-hpe-aruba-ap-514-802-11ax-4x4-mimo\/\" \/>\n<meta property=\"og:site_name\" content=\"Compuviper\" \/>\n<meta property=\"article:publisher\" content=\"https:\/\/www.facebook.com\/compuviper\" \/>\n<meta property=\"og:image\" content=\"https:\/\/compuviper.mx\/tienda\/wp-content\/uploads\/2023\/12\/Access-point-hpe-aruba-q9h57a-ap-514-802.11ax-4x4-mimo.jpg\" \/>\n\t<meta property=\"og:image:width\" content=\"200\" \/>\n\t<meta property=\"og:image:height\" content=\"200\" \/>\n\t<meta property=\"og:image:type\" content=\"image\/jpeg\" \/>\n<meta name=\"twitter:card\" content=\"summary_large_image\" \/>\n<meta name=\"twitter:label1\" content=\"Precio\" \/>\n\t<meta name=\"twitter:data1\" content=\"&#36;21,740 con IVA\" \/>\n\t<meta name=\"twitter:label2\" content=\"Availability\" \/>\n\t<meta name=\"twitter:data2\" content=\"On backorder\" \/>\n<script type=\"application\/ld+json\" class=\"yoast-schema-graph\">{\"@context\":\"https:\/\/schema.org\",\"@graph\":[{\"@type\":\"WebPage\",\"@id\":\"https:\/\/compuviper.mx\/tienda\/producto\/hewlett-packard-enterprise-q9h57a-access-point-hpe-aruba-ap-514-802-11ax-4x4-mimo\/\",\"url\":\"https:\/\/compuviper.mx\/tienda\/producto\/hewlett-packard-enterprise-q9h57a-access-point-hpe-aruba-ap-514-802-11ax-4x4-mimo\/\",\"name\":\"[ Hewlett Packard Enterprise ] &#129351; Q9h57a Access Point Hpe Aruba Ap-514 802.11ax 4x4 Mimo\",\"isPartOf\":{\"@id\":\"https:\/\/compuviper.mx\/tienda\/#website\"},\"datePublished\":\"2026-04-18T07:07:49+00:00\",\"dateModified\":\"2026-04-18T07:07:49+00:00\",\"description\":\"Compra Q9h57a Access Point Hpe Aruba Ap-514 802.11ax 4x4 Mimo + Env\u00edo a domicilio + Pago seguro + Garant\u00eda\",\"breadcrumb\":{\"@id\":\"https:\/\/compuviper.mx\/tienda\/producto\/hewlett-packard-enterprise-q9h57a-access-point-hpe-aruba-ap-514-802-11ax-4x4-mimo\/#breadcrumb\"},\"inLanguage\":\"es-MX\",\"potentialAction\":[{\"@type\":\"ReadAction\",\"target\":[\"https:\/\/compuviper.mx\/tienda\/producto\/hewlett-packard-enterprise-q9h57a-access-point-hpe-aruba-ap-514-802-11ax-4x4-mimo\/\"]}]},{\"@type\":\"BreadcrumbList\",\"@id\":\"https:\/\/compuviper.mx\/tienda\/producto\/hewlett-packard-enterprise-q9h57a-access-point-hpe-aruba-ap-514-802-11ax-4x4-mimo\/#breadcrumb\",\"itemListElement\":[{\"@type\":\"ListItem\",\"position\":1,\"name\":\"Inicio\",\"item\":\"https:\/\/compuviper.mx\/tienda\/\"},{\"@type\":\"ListItem\",\"position\":2,\"name\":\"Productos\",\"item\":\"https:\/\/compuviper.mx\/tienda\/productos\/\"},{\"@type\":\"ListItem\",\"position\":3,\"name\":\"Redes\",\"item\":\"https:\/\/compuviper.mx\/tienda\/categoria-producto\/redes\/\"},{\"@type\":\"ListItem\",\"position\":4,\"name\":\"Access Point\",\"item\":\"https:\/\/compuviper.mx\/tienda\/categoria-producto\/redes\/access-point\/\"},{\"@type\":\"ListItem\",\"position\":5,\"name\":\"Hewlett Packard Enterprise Q9h57a Access Point Hpe Aruba Ap-514 802.11ax 4&#215;4 Mimo\"}]},{\"@type\":\"WebSite\",\"@id\":\"https:\/\/compuviper.mx\/tienda\/#website\",\"url\":\"https:\/\/compuviper.mx\/tienda\/\",\"name\":\"Compuviper\",\"description\":\"Proveedor de Computadoras, Laptops, Servidores, Monitores, Puntos de Venta, Teclados,   Impresoras, T\u00f3ner, C\u00e1maras de Seguridad y m\u00e1s en tu tienda en l\u00ednea\",\"publisher\":{\"@id\":\"https:\/\/compuviper.mx\/tienda\/#organization\"},\"potentialAction\":[{\"@type\":\"SearchAction\",\"target\":{\"@type\":\"EntryPoint\",\"urlTemplate\":\"https:\/\/compuviper.mx\/tienda\/?s={search_term_string}\"},\"query-input\":\"required name=search_term_string\"}],\"inLanguage\":\"es-MX\"},{\"@type\":\"Organization\",\"@id\":\"https:\/\/compuviper.mx\/tienda\/#organization\",\"name\":\"Compuviper\",\"url\":\"https:\/\/compuviper.mx\/tienda\/\",\"logo\":{\"@type\":\"ImageObject\",\"inLanguage\":\"es-MX\",\"@id\":\"https:\/\/compuviper.mx\/tienda\/#\/schema\/logo\/image\/\",\"url\":\"https:\/\/compuviper.mx\/tienda\/wp-content\/uploads\/2021\/08\/Logo-Compuviper-10.png\",\"contentUrl\":\"https:\/\/compuviper.mx\/tienda\/wp-content\/uploads\/2021\/08\/Logo-Compuviper-10.png\",\"width\":1000,\"height\":500,\"caption\":\"Compuviper\"},\"image\":{\"@id\":\"https:\/\/compuviper.mx\/tienda\/#\/schema\/logo\/image\/\"},\"sameAs\":[\"https:\/\/www.facebook.com\/compuviper\",\"https:\/\/www.youtube.com\/channel\/UCf73dERp9Y3cfOq7q8BhLjA?view_as=subscriber\"]}]}<\/script>\n<meta property=\"product:brand\" content=\"HEWLETT PACKARD ENTERPRISE\" \/>\n<meta property=\"product:price:amount\" content=\"21740\" \/>\n<meta property=\"product:price:currency\" content=\"MXN\" \/>\n<meta property=\"og:availability\" content=\"backorder\" \/>\n<meta property=\"product:availability\" content=\"available for order\" \/>\n<meta property=\"product:retailer_item_id\" content=\"Q9H57A\" \/>\n<meta property=\"product:condition\" content=\"new\" \/>\n<!-- \/ Yoast SEO plugin. -->","yoast_head_json":{"title":"[ Hewlett Packard Enterprise ] &#129351; Q9h57a Access Point Hpe Aruba Ap-514 802.11ax 4x4 Mimo","description":"Compra Q9h57a Access Point Hpe Aruba Ap-514 802.11ax 4x4 Mimo + Env\u00edo a domicilio + Pago seguro + Garant\u00eda","robots":{"index":"index","follow":"follow","max-snippet":"max-snippet:-1","max-image-preview":"max-image-preview:large","max-video-preview":"max-video-preview:-1"},"canonical":"https:\/\/compuviper.mx\/tienda\/producto\/hewlett-packard-enterprise-q9h57a-access-point-hpe-aruba-ap-514-802-11ax-4x4-mimo\/","og_locale":"es_MX","og_type":"article","og_title":"[ Hewlett Packard Enterprise ] &#129351; Q9h57a Access Point Hpe Aruba Ap-514 802.11ax 4x4 Mimo","og_description":"Compra Q9h57a Access Point Hpe Aruba Ap-514 802.11ax 4x4 Mimo + Env\u00edo a domicilio + Pago seguro + Garant\u00eda","og_url":"https:\/\/compuviper.mx\/tienda\/producto\/hewlett-packard-enterprise-q9h57a-access-point-hpe-aruba-ap-514-802-11ax-4x4-mimo\/","og_site_name":"Compuviper","article_publisher":"https:\/\/www.facebook.com\/compuviper","og_image":[{"width":200,"height":200,"url":"https:\/\/compuviper.mx\/tienda\/wp-content\/uploads\/2023\/12\/Access-point-hpe-aruba-q9h57a-ap-514-802.11ax-4x4-mimo.jpg","type":"image\/jpeg"}],"twitter_card":"summary_large_image","twitter_misc":{"Precio":"&#36;21,740 con IVA","Availability":"On backorder"},"schema":{"@context":"https:\/\/schema.org","@graph":[{"@type":"WebPage","@id":"https:\/\/compuviper.mx\/tienda\/producto\/hewlett-packard-enterprise-q9h57a-access-point-hpe-aruba-ap-514-802-11ax-4x4-mimo\/","url":"https:\/\/compuviper.mx\/tienda\/producto\/hewlett-packard-enterprise-q9h57a-access-point-hpe-aruba-ap-514-802-11ax-4x4-mimo\/","name":"[ Hewlett Packard Enterprise ] &#129351; Q9h57a Access Point Hpe Aruba Ap-514 802.11ax 4x4 Mimo","isPartOf":{"@id":"https:\/\/compuviper.mx\/tienda\/#website"},"datePublished":"2026-04-18T07:07:49+00:00","dateModified":"2026-04-18T07:07:49+00:00","description":"Compra Q9h57a Access Point Hpe Aruba Ap-514 802.11ax 4x4 Mimo + Env\u00edo a domicilio + Pago seguro + Garant\u00eda","breadcrumb":{"@id":"https:\/\/compuviper.mx\/tienda\/producto\/hewlett-packard-enterprise-q9h57a-access-point-hpe-aruba-ap-514-802-11ax-4x4-mimo\/#breadcrumb"},"inLanguage":"es-MX","potentialAction":[{"@type":"ReadAction","target":["https:\/\/compuviper.mx\/tienda\/producto\/hewlett-packard-enterprise-q9h57a-access-point-hpe-aruba-ap-514-802-11ax-4x4-mimo\/"]}]},{"@type":"BreadcrumbList","@id":"https:\/\/compuviper.mx\/tienda\/producto\/hewlett-packard-enterprise-q9h57a-access-point-hpe-aruba-ap-514-802-11ax-4x4-mimo\/#breadcrumb","itemListElement":[{"@type":"ListItem","position":1,"name":"Inicio","item":"https:\/\/compuviper.mx\/tienda\/"},{"@type":"ListItem","position":2,"name":"Productos","item":"https:\/\/compuviper.mx\/tienda\/productos\/"},{"@type":"ListItem","position":3,"name":"Redes","item":"https:\/\/compuviper.mx\/tienda\/categoria-producto\/redes\/"},{"@type":"ListItem","position":4,"name":"Access Point","item":"https:\/\/compuviper.mx\/tienda\/categoria-producto\/redes\/access-point\/"},{"@type":"ListItem","position":5,"name":"Hewlett Packard Enterprise Q9h57a Access Point Hpe Aruba Ap-514 802.11ax 4&#215;4 Mimo"}]},{"@type":"WebSite","@id":"https:\/\/compuviper.mx\/tienda\/#website","url":"https:\/\/compuviper.mx\/tienda\/","name":"Compuviper","description":"Proveedor de Computadoras, Laptops, Servidores, Monitores, Puntos de Venta, Teclados,   Impresoras, T\u00f3ner, C\u00e1maras de Seguridad y m\u00e1s en tu tienda en l\u00ednea","publisher":{"@id":"https:\/\/compuviper.mx\/tienda\/#organization"},"potentialAction":[{"@type":"SearchAction","target":{"@type":"EntryPoint","urlTemplate":"https:\/\/compuviper.mx\/tienda\/?s={search_term_string}"},"query-input":"required name=search_term_string"}],"inLanguage":"es-MX"},{"@type":"Organization","@id":"https:\/\/compuviper.mx\/tienda\/#organization","name":"Compuviper","url":"https:\/\/compuviper.mx\/tienda\/","logo":{"@type":"ImageObject","inLanguage":"es-MX","@id":"https:\/\/compuviper.mx\/tienda\/#\/schema\/logo\/image\/","url":"https:\/\/compuviper.mx\/tienda\/wp-content\/uploads\/2021\/08\/Logo-Compuviper-10.png","contentUrl":"https:\/\/compuviper.mx\/tienda\/wp-content\/uploads\/2021\/08\/Logo-Compuviper-10.png","width":1000,"height":500,"caption":"Compuviper"},"image":{"@id":"https:\/\/compuviper.mx\/tienda\/#\/schema\/logo\/image\/"},"sameAs":["https:\/\/www.facebook.com\/compuviper","https:\/\/www.youtube.com\/channel\/UCf73dERp9Y3cfOq7q8BhLjA?view_as=subscriber"]}]},"product_brand":"HEWLETT PACKARD ENTERPRISE","product_price_amount":"21740","product_price_currency":"MXN","og_availability":"backorder","product_availability":"available for order","product_retailer_item_id":"Q9H57A","product_condition":"new"},"_links":{"self":[{"href":"https:\/\/compuviper.mx\/tienda\/wp-json\/wp\/v2\/product\/220968"}],"collection":[{"href":"https:\/\/compuviper.mx\/tienda\/wp-json\/wp\/v2\/product"}],"about":[{"href":"https:\/\/compuviper.mx\/tienda\/wp-json\/wp\/v2\/types\/product"}],"replies":[{"embeddable":true,"href":"https:\/\/compuviper.mx\/tienda\/wp-json\/wp\/v2\/comments?post=220968"}],"wp:featuredmedia":[{"embeddable":true,"href":"https:\/\/compuviper.mx\/tienda\/wp-json\/wp\/v2\/media\/220969"}],"wp:attachment":[{"href":"https:\/\/compuviper.mx\/tienda\/wp-json\/wp\/v2\/media?parent=220968"}],"wp:term":[{"taxonomy":"product_cat","embeddable":true,"href":"https:\/\/compuviper.mx\/tienda\/wp-json\/wp\/v2\/product_cat?post=220968"},{"taxonomy":"product_tag","embeddable":true,"href":"https:\/\/compuviper.mx\/tienda\/wp-json\/wp\/v2\/product_tag?post=220968"}],"curies":[{"name":"wp","href":"https:\/\/api.w.org\/{rel}","templated":true}]}}