{"id":220966,"date":"2026-04-18T01:07:48","date_gmt":"2026-04-18T07:07:48","guid":{"rendered":"https:\/\/compuviper.mx\/tienda\/producto\/tp-link-ls1008g-switch-tp-link-8-puertos-rj45-gigabit-10-100-1000-mbps-no-administrable-auto-mdi-mdix-para-escritorio-o-montaje-en-pared-carcasa-de-plastico\/"},"modified":"2026-04-18T01:07:48","modified_gmt":"2026-04-18T07:07:48","slug":"tp-link-ls1008g-switch-tp-link-omada-8ge-desktop-unmanagement","status":"publish","type":"product","link":"https:\/\/compuviper.mx\/tienda\/producto\/tp-link-ls1008g-switch-tp-link-omada-8ge-desktop-unmanagement\/","title":{"rendered":"Tp Link Ls1008g Switch Tp-link  Omada 8ge Desktop Unmanagement"},"content":{"rendered":"<table class=\"descripcion\">\n<tr>\n<td>Caracter\u00edsticas de hardware<\/td>\n<\/tr>\n<tr>\n<td>Est\u00e1ndares y protocolos ieee 802.3i \/ 802.3u \/ 802.3ab \/ 802.3x<\/td>\n<\/tr>\n<tr>\n<td>Interfaz 8 \u00d7 10\/100 \/ 1000mbps, auto-negociaci\u00f3n, puertos auto-mdi \/ mdix<\/td>\n<\/tr>\n<tr>\n<td>Cantidad de ventiladores sin ventilador<\/td>\n<\/tr>\n<tr>\n<td>Fuente de alimentaci\u00f3n externa adaptador de corriente externo (salida: 9vdc \/ 0.6a)<\/td>\n<\/tr>\n<tr>\n<td>Dimensiones (wxdxh) 5,0 \u00d7 2,6 \u00d7 0,9 pulg. (127 \u00d7 66,5 \u00d7 23 mm)<\/td>\n<\/tr>\n<tr>\n<td>Consumo m\u00e1ximo de energ\u00eda 3.9w<\/td>\n<\/tr>\n<tr>\n<td>Disipaci\u00f3n m\u00e1xima de calor 13,299 btu \/ h<\/td>\n<\/tr>\n<tr>\n<td>Rendimiento<\/td>\n<\/tr>\n<tr>\n<td>Capacidad de switcheo 16 gbps<\/td>\n<\/tr>\n<tr>\n<td>Tasa de reenv\u00edo de paquetes 11,9 mpps<\/td>\n<\/tr>\n<tr>\n<td>Tabla de mac address 4k<\/td>\n<\/tr>\n<tr>\n<td>Paquetes de memoria de b\u00fafer 1.5 mb<\/td>\n<\/tr>\n<tr>\n<td>Marco jumbo 16 kb<\/td>\n<\/tr>\n<tr>\n<td>Caracter\u00edsticas de software<\/td>\n<\/tr>\n<tr>\n<td>Caracter\u00edsticas avanzadas tecnolog\u00eda verde<\/td>\n<\/tr>\n<tr>\n<td>802.3x control de flujo<\/td>\n<\/tr>\n<tr>\n<td>De contrapresi\u00f3n<\/td>\n<\/tr>\n<tr>\n<td>M\u00e9todo de transferencia almacenamiento y reenvio<\/td>\n<\/tr>\n<tr>\n<td>Otros<\/td>\n<\/tr>\n<tr>\n<td>Certificacion ce, fcc, rohs<\/td>\n<\/tr>\n<tr>\n<td>Contenidos del paquete:<\/td>\n<\/tr>\n<tr>\n<td>Switch de escritorio de 8 puertos a 10\/100\/1000 mbps<\/td>\n<\/tr>\n<tr>\n<td>Gu\u00eda de instalaci\u00f3n<\/td>\n<\/tr>\n<tr>\n<td>Adaptador de corriente del conmutador de escritorio de 8 puertos a 10\/100\/1000 mbps<\/td>\n<\/tr>\n<tr>\n<td>Ambiente temperatura de funcionamiento: 0 \u00b0 c ~ 40 \u00b0 c (32 \u00b0 f ~ 104 \u00b0 f)<\/td>\n<\/tr>\n<tr>\n<td>Temperatura de almacenamiento: -40 \u00b0 c ~ 70 \u00b0 c (-40 \u00b0 f ~ 158 \u00b0 f)<\/td>\n<\/tr>\n<tr>\n<td>Humedad de funcionamiento: 10% ~ 90% no condensaci\u00f3n<\/td>\n<\/tr>\n<tr>\n<td>Humedad de almacenamiento: 5% ~ 90% sin condensaci\u00f3n<\/td>\n<\/tr>\n<\/table>\n","protected":false},"excerpt":{"rendered":"<p>Ls1008g. Switch para escritorio 8-port 10\/100\/1000mbps. * puerto rj45 de negociaci\u00f3n autom\u00e1tica de 8 \u00d7 10\/100 \/ 1000mbos, compatible con auto-mdi \/ mdix. * la tecnolog\u00eda green ethernet ahorra energ\u00eda. * el control de flujo ieee 802.3x proporciona transferencia de datos confiable. * dise\u00f1o de carcasa de pl\u00e1stico, escritorio o montaje en pared. * plug and play, no necesita configuraci\u00f3n. * el dise\u00f1o sin ventilador garantiza un funcionamiento silencioso. Deja que te brinde una vida de conexi\u00f3n. Los interruptores no administrados de la serie tp-link litewave proporcionan una manera f\u00e1cil y econ\u00f3mica de expandir tu red cableada. Son f\u00e1ciles de usar y confiables. Con estos conmutadores plug-and-play, puedes expandir tus conexiones de red a m\u00faltiples dispositivos al instante. Con todos los puertos compatibles con auto-mdi \/ mdix, no hay necesidad de preocuparse por el tipo de cable a utilizar. Vu\u00e9lvete ecol\u00f3gico con tu ethernet. La serie litewave tambi\u00e9n admite tecnolog\u00eda de eficiencia energ\u00e9tica, lo que le ayuda a ahorrar energ\u00eda y dinero. El consumo de energ\u00eda se ajusta autom\u00e1ticamente seg\u00fan el estado del enlace y la longitud del cable, lo que te permite expandir tu red y minimizar tu huella de carbono. Ahorra y el planeta reduce sus facturas de energ\u00eda: \u00a1es un ganar-ganar. Puertos gigabit para velocidades m\u00e1s r\u00e1pidas. Aumenta la velocidad de tu red con el conmutador de escritorio gigabit ls1008g de 8 puertos. Los puertos sin bloqueo de 8 \u00d7 10\/100 \/ 1000mbps permiten la transferencia instant\u00e1nea de archivos grandes de gran ancho de banda sin interferencia. \u00faselo donde lo necesite, como lo necesite. El ls1008g es totalmente compatible con dispositivos en red como computadoras, impresoras, c\u00e1maras web, iptv. Tiene una amplia gama de escenarios de aplicaci\u00f3n y es adecuado para la creaci\u00f3n de redes en dormitorios escolares, vigilancia, hogares y peque\u00f1as empresas.<\/p>\n","protected":false},"featured_media":220967,"comment_status":"open","ping_status":"open","template":"","meta":[],"product_cat":[1563,1564],"product_tag":[1562],"acf":[],"yoast_head":"<!-- This site is optimized with the Yoast SEO plugin v21.7 - https:\/\/yoast.com\/wordpress\/plugins\/seo\/ -->\n<title>[ Tp Link ] &#129351; Ls1008g Switch Tp-link Omada 8ge Desktop Unmanagement<\/title>\n<meta name=\"description\" content=\"Compra Ls1008g Switch Tp-link Omada 8ge Desktop Unmanagement + Env\u00edo a domicilio + Pago seguro + Garant\u00eda\" \/>\n<meta name=\"robots\" content=\"index, follow, max-snippet:-1, max-image-preview:large, max-video-preview:-1\" \/>\n<link rel=\"canonical\" href=\"https:\/\/compuviper.mx\/tienda\/producto\/tp-link-ls1008g-switch-tp-link-omada-8ge-desktop-unmanagement\/\" \/>\n<meta property=\"og:locale\" content=\"es_MX\" \/>\n<meta property=\"og:type\" content=\"article\" \/>\n<meta property=\"og:title\" content=\"[ Tp Link ] &#129351; Ls1008g Switch Tp-link Omada 8ge Desktop Unmanagement\" \/>\n<meta property=\"og:description\" content=\"Compra Ls1008g Switch Tp-link Omada 8ge Desktop Unmanagement + Env\u00edo a domicilio + Pago seguro + Garant\u00eda\" \/>\n<meta property=\"og:url\" content=\"https:\/\/compuviper.mx\/tienda\/producto\/tp-link-ls1008g-switch-tp-link-omada-8ge-desktop-unmanagement\/\" \/>\n<meta property=\"og:site_name\" content=\"Compuviper\" \/>\n<meta property=\"article:publisher\" content=\"https:\/\/www.facebook.com\/compuviper\" \/>\n<meta property=\"og:image\" content=\"https:\/\/compuviper.mx\/tienda\/wp-content\/uploads\/2023\/12\/Switch-tp-link-ls1008g-8-puertos-rj45-gigabit-101001000-mbps-no-administrable-auto-mdimdix-para-escritorio-o-montaje-en-pared-carcasa-de-plastico.jpg\" \/>\n\t<meta property=\"og:image:width\" content=\"200\" \/>\n\t<meta property=\"og:image:height\" content=\"200\" \/>\n\t<meta property=\"og:image:type\" content=\"image\/jpeg\" \/>\n<meta name=\"twitter:card\" content=\"summary_large_image\" \/>\n<meta name=\"twitter:label1\" content=\"Precio\" \/>\n\t<meta name=\"twitter:data1\" content=\"&#36;269 con IVA\" \/>\n\t<meta name=\"twitter:label2\" content=\"Availability\" \/>\n\t<meta name=\"twitter:data2\" content=\"In stock\" \/>\n<script type=\"application\/ld+json\" class=\"yoast-schema-graph\">{\"@context\":\"https:\/\/schema.org\",\"@graph\":[{\"@type\":\"WebPage\",\"@id\":\"https:\/\/compuviper.mx\/tienda\/producto\/tp-link-ls1008g-switch-tp-link-omada-8ge-desktop-unmanagement\/\",\"url\":\"https:\/\/compuviper.mx\/tienda\/producto\/tp-link-ls1008g-switch-tp-link-omada-8ge-desktop-unmanagement\/\",\"name\":\"[ Tp Link ] &#129351; Ls1008g Switch Tp-link Omada 8ge Desktop Unmanagement\",\"isPartOf\":{\"@id\":\"https:\/\/compuviper.mx\/tienda\/#website\"},\"datePublished\":\"2026-04-18T07:07:48+00:00\",\"dateModified\":\"2026-04-18T07:07:48+00:00\",\"description\":\"Compra Ls1008g Switch Tp-link Omada 8ge Desktop Unmanagement + Env\u00edo a domicilio + Pago seguro + Garant\u00eda\",\"breadcrumb\":{\"@id\":\"https:\/\/compuviper.mx\/tienda\/producto\/tp-link-ls1008g-switch-tp-link-omada-8ge-desktop-unmanagement\/#breadcrumb\"},\"inLanguage\":\"es-MX\",\"potentialAction\":[{\"@type\":\"ReadAction\",\"target\":[\"https:\/\/compuviper.mx\/tienda\/producto\/tp-link-ls1008g-switch-tp-link-omada-8ge-desktop-unmanagement\/\"]}]},{\"@type\":\"BreadcrumbList\",\"@id\":\"https:\/\/compuviper.mx\/tienda\/producto\/tp-link-ls1008g-switch-tp-link-omada-8ge-desktop-unmanagement\/#breadcrumb\",\"itemListElement\":[{\"@type\":\"ListItem\",\"position\":1,\"name\":\"Inicio\",\"item\":\"https:\/\/compuviper.mx\/tienda\/\"},{\"@type\":\"ListItem\",\"position\":2,\"name\":\"Productos\",\"item\":\"https:\/\/compuviper.mx\/tienda\/productos\/\"},{\"@type\":\"ListItem\",\"position\":3,\"name\":\"Redes\",\"item\":\"https:\/\/compuviper.mx\/tienda\/categoria-producto\/redes\/\"},{\"@type\":\"ListItem\",\"position\":4,\"name\":\"Switch\",\"item\":\"https:\/\/compuviper.mx\/tienda\/categoria-producto\/redes\/switch\/\"},{\"@type\":\"ListItem\",\"position\":5,\"name\":\"Tp Link Ls1008g Switch Tp-link Omada 8ge Desktop Unmanagement\"}]},{\"@type\":\"WebSite\",\"@id\":\"https:\/\/compuviper.mx\/tienda\/#website\",\"url\":\"https:\/\/compuviper.mx\/tienda\/\",\"name\":\"Compuviper\",\"description\":\"Proveedor de Computadoras, Laptops, Servidores, Monitores, Puntos de Venta, Teclados,   Impresoras, T\u00f3ner, C\u00e1maras de Seguridad y m\u00e1s en tu tienda en l\u00ednea\",\"publisher\":{\"@id\":\"https:\/\/compuviper.mx\/tienda\/#organization\"},\"potentialAction\":[{\"@type\":\"SearchAction\",\"target\":{\"@type\":\"EntryPoint\",\"urlTemplate\":\"https:\/\/compuviper.mx\/tienda\/?s={search_term_string}\"},\"query-input\":\"required name=search_term_string\"}],\"inLanguage\":\"es-MX\"},{\"@type\":\"Organization\",\"@id\":\"https:\/\/compuviper.mx\/tienda\/#organization\",\"name\":\"Compuviper\",\"url\":\"https:\/\/compuviper.mx\/tienda\/\",\"logo\":{\"@type\":\"ImageObject\",\"inLanguage\":\"es-MX\",\"@id\":\"https:\/\/compuviper.mx\/tienda\/#\/schema\/logo\/image\/\",\"url\":\"https:\/\/compuviper.mx\/tienda\/wp-content\/uploads\/2021\/08\/Logo-Compuviper-10.png\",\"contentUrl\":\"https:\/\/compuviper.mx\/tienda\/wp-content\/uploads\/2021\/08\/Logo-Compuviper-10.png\",\"width\":1000,\"height\":500,\"caption\":\"Compuviper\"},\"image\":{\"@id\":\"https:\/\/compuviper.mx\/tienda\/#\/schema\/logo\/image\/\"},\"sameAs\":[\"https:\/\/www.facebook.com\/compuviper\",\"https:\/\/www.youtube.com\/channel\/UCf73dERp9Y3cfOq7q8BhLjA?view_as=subscriber\"]}]}<\/script>\n<meta property=\"product:brand\" content=\"TP LINK\" \/>\n<meta property=\"product:price:amount\" content=\"269\" \/>\n<meta property=\"product:price:currency\" content=\"MXN\" \/>\n<meta property=\"og:availability\" content=\"instock\" \/>\n<meta property=\"product:availability\" content=\"instock\" \/>\n<meta property=\"product:retailer_item_id\" content=\"LS1008G\" \/>\n<meta property=\"product:condition\" content=\"new\" \/>\n<!-- \/ Yoast SEO plugin. -->","yoast_head_json":{"title":"[ Tp Link ] &#129351; Ls1008g Switch Tp-link Omada 8ge Desktop Unmanagement","description":"Compra Ls1008g Switch Tp-link Omada 8ge Desktop Unmanagement + Env\u00edo a domicilio + Pago seguro + Garant\u00eda","robots":{"index":"index","follow":"follow","max-snippet":"max-snippet:-1","max-image-preview":"max-image-preview:large","max-video-preview":"max-video-preview:-1"},"canonical":"https:\/\/compuviper.mx\/tienda\/producto\/tp-link-ls1008g-switch-tp-link-omada-8ge-desktop-unmanagement\/","og_locale":"es_MX","og_type":"article","og_title":"[ Tp Link ] &#129351; Ls1008g Switch Tp-link Omada 8ge Desktop Unmanagement","og_description":"Compra Ls1008g Switch Tp-link Omada 8ge Desktop Unmanagement + Env\u00edo a domicilio + Pago seguro + Garant\u00eda","og_url":"https:\/\/compuviper.mx\/tienda\/producto\/tp-link-ls1008g-switch-tp-link-omada-8ge-desktop-unmanagement\/","og_site_name":"Compuviper","article_publisher":"https:\/\/www.facebook.com\/compuviper","og_image":[{"width":200,"height":200,"url":"https:\/\/compuviper.mx\/tienda\/wp-content\/uploads\/2023\/12\/Switch-tp-link-ls1008g-8-puertos-rj45-gigabit-101001000-mbps-no-administrable-auto-mdimdix-para-escritorio-o-montaje-en-pared-carcasa-de-plastico.jpg","type":"image\/jpeg"}],"twitter_card":"summary_large_image","twitter_misc":{"Precio":"&#36;269 con IVA","Availability":"In stock"},"schema":{"@context":"https:\/\/schema.org","@graph":[{"@type":"WebPage","@id":"https:\/\/compuviper.mx\/tienda\/producto\/tp-link-ls1008g-switch-tp-link-omada-8ge-desktop-unmanagement\/","url":"https:\/\/compuviper.mx\/tienda\/producto\/tp-link-ls1008g-switch-tp-link-omada-8ge-desktop-unmanagement\/","name":"[ Tp Link ] &#129351; Ls1008g Switch Tp-link Omada 8ge Desktop Unmanagement","isPartOf":{"@id":"https:\/\/compuviper.mx\/tienda\/#website"},"datePublished":"2026-04-18T07:07:48+00:00","dateModified":"2026-04-18T07:07:48+00:00","description":"Compra Ls1008g Switch Tp-link Omada 8ge Desktop Unmanagement + Env\u00edo a domicilio + Pago seguro + Garant\u00eda","breadcrumb":{"@id":"https:\/\/compuviper.mx\/tienda\/producto\/tp-link-ls1008g-switch-tp-link-omada-8ge-desktop-unmanagement\/#breadcrumb"},"inLanguage":"es-MX","potentialAction":[{"@type":"ReadAction","target":["https:\/\/compuviper.mx\/tienda\/producto\/tp-link-ls1008g-switch-tp-link-omada-8ge-desktop-unmanagement\/"]}]},{"@type":"BreadcrumbList","@id":"https:\/\/compuviper.mx\/tienda\/producto\/tp-link-ls1008g-switch-tp-link-omada-8ge-desktop-unmanagement\/#breadcrumb","itemListElement":[{"@type":"ListItem","position":1,"name":"Inicio","item":"https:\/\/compuviper.mx\/tienda\/"},{"@type":"ListItem","position":2,"name":"Productos","item":"https:\/\/compuviper.mx\/tienda\/productos\/"},{"@type":"ListItem","position":3,"name":"Redes","item":"https:\/\/compuviper.mx\/tienda\/categoria-producto\/redes\/"},{"@type":"ListItem","position":4,"name":"Switch","item":"https:\/\/compuviper.mx\/tienda\/categoria-producto\/redes\/switch\/"},{"@type":"ListItem","position":5,"name":"Tp Link Ls1008g Switch Tp-link Omada 8ge Desktop Unmanagement"}]},{"@type":"WebSite","@id":"https:\/\/compuviper.mx\/tienda\/#website","url":"https:\/\/compuviper.mx\/tienda\/","name":"Compuviper","description":"Proveedor de Computadoras, Laptops, Servidores, Monitores, Puntos de Venta, Teclados,   Impresoras, T\u00f3ner, C\u00e1maras de Seguridad y m\u00e1s en tu tienda en l\u00ednea","publisher":{"@id":"https:\/\/compuviper.mx\/tienda\/#organization"},"potentialAction":[{"@type":"SearchAction","target":{"@type":"EntryPoint","urlTemplate":"https:\/\/compuviper.mx\/tienda\/?s={search_term_string}"},"query-input":"required name=search_term_string"}],"inLanguage":"es-MX"},{"@type":"Organization","@id":"https:\/\/compuviper.mx\/tienda\/#organization","name":"Compuviper","url":"https:\/\/compuviper.mx\/tienda\/","logo":{"@type":"ImageObject","inLanguage":"es-MX","@id":"https:\/\/compuviper.mx\/tienda\/#\/schema\/logo\/image\/","url":"https:\/\/compuviper.mx\/tienda\/wp-content\/uploads\/2021\/08\/Logo-Compuviper-10.png","contentUrl":"https:\/\/compuviper.mx\/tienda\/wp-content\/uploads\/2021\/08\/Logo-Compuviper-10.png","width":1000,"height":500,"caption":"Compuviper"},"image":{"@id":"https:\/\/compuviper.mx\/tienda\/#\/schema\/logo\/image\/"},"sameAs":["https:\/\/www.facebook.com\/compuviper","https:\/\/www.youtube.com\/channel\/UCf73dERp9Y3cfOq7q8BhLjA?view_as=subscriber"]}]},"product_brand":"TP LINK","product_price_amount":"269","product_price_currency":"MXN","og_availability":"instock","product_availability":"instock","product_retailer_item_id":"LS1008G","product_condition":"new"},"_links":{"self":[{"href":"https:\/\/compuviper.mx\/tienda\/wp-json\/wp\/v2\/product\/220966"}],"collection":[{"href":"https:\/\/compuviper.mx\/tienda\/wp-json\/wp\/v2\/product"}],"about":[{"href":"https:\/\/compuviper.mx\/tienda\/wp-json\/wp\/v2\/types\/product"}],"replies":[{"embeddable":true,"href":"https:\/\/compuviper.mx\/tienda\/wp-json\/wp\/v2\/comments?post=220966"}],"wp:featuredmedia":[{"embeddable":true,"href":"https:\/\/compuviper.mx\/tienda\/wp-json\/wp\/v2\/media\/220967"}],"wp:attachment":[{"href":"https:\/\/compuviper.mx\/tienda\/wp-json\/wp\/v2\/media?parent=220966"}],"wp:term":[{"taxonomy":"product_cat","embeddable":true,"href":"https:\/\/compuviper.mx\/tienda\/wp-json\/wp\/v2\/product_cat?post=220966"},{"taxonomy":"product_tag","embeddable":true,"href":"https:\/\/compuviper.mx\/tienda\/wp-json\/wp\/v2\/product_tag?post=220966"}],"curies":[{"name":"wp","href":"https:\/\/api.w.org\/{rel}","templated":true}]}}