{"id":220964,"date":"2026-04-10T00:59:09","date_gmt":"2026-04-10T06:59:09","guid":{"rendered":"https:\/\/compuviper.mx\/tienda\/producto\/tp-link-archer-t3u-plus-tarjeta-de-red-tp-link-usb-banda-dual-ac1300-5ghz-867mbps-2-4ghz-400mbps\/"},"modified":"2026-04-10T00:59:09","modified_gmt":"2026-04-10T06:59:09","slug":"tp-link-archer-t3u-plus-tarjeta-de-red-tp-link-usb-banda-dual-ac1300-5ghz-867mbps-2-4ghz-400mbps","status":"publish","type":"product","link":"https:\/\/compuviper.mx\/tienda\/producto\/tp-link-archer-t3u-plus-tarjeta-de-red-tp-link-usb-banda-dual-ac1300-5ghz-867mbps-2-4ghz-400mbps\/","title":{"rendered":"Tp Link Archer T3u Plus Tarjeta De Red | Tp-link |  | Usb | Banda Dual | Ac1300 | 5ghz 867mbps | 2.4ghz 400mbps"},"content":{"rendered":"<table class=\"descripcion\">\n<tr>\n<td>Caracter\u00edsticas de hardware<\/td>\n<\/tr>\n<tr>\n<td>Interfaz usb 3.0<\/td>\n<\/tr>\n<tr>\n<td>Led estado<\/td>\n<\/tr>\n<tr>\n<td>Dimensiones 2,28 \u00d7 0,71 \u00d7 6,83 pulgadas (57,8 \u00d7 18 \u00d7 173,4 mm)<\/td>\n<\/tr>\n<tr>\n<td>Antena 1 antena externa de alta ganancia<\/td>\n<\/tr>\n<tr>\n<td>Caracter\u00edsticas inal\u00e1mbricas<\/td>\n<\/tr>\n<tr>\n<td>Est\u00e1ndares inal\u00e1mbricos ieee 802.11b \/ g \/ n 2,4 ghz, ieee 802.11a \/ n \/ ac 5 ghz<\/td>\n<\/tr>\n<tr>\n<td>Tasa de se\u00f1al 5 ghz:<\/td>\n<\/tr>\n<tr>\n<td>11ac: hasta 867 mbps (din\u00e1mico)<\/td>\n<\/tr>\n<tr>\n<td>11n: hasta 300 mbps (din\u00e1mico)<\/td>\n<\/tr>\n<tr>\n<td>11a: hasta 54 mbps (din\u00e1mico)<\/td>\n<\/tr>\n<tr>\n<td>2,4 ghz:<\/td>\n<\/tr>\n<tr>\n<td>11n: hasta 400 mbps (din\u00e1mico)<\/td>\n<\/tr>\n<tr>\n<td>11g: hasta 54 mbps (din\u00e1mico) )<\/td>\n<\/tr>\n<tr>\n<td>11b: hasta 11 mbps (din\u00e1mico)<\/td>\n<\/tr>\n<tr>\n<td>Sensibilidad de recepci\u00f3n 5 ghz:<\/td>\n<\/tr>\n<tr>\n<td>11ac vht80: -62dbm<\/td>\n<\/tr>\n<tr>\n<td>11ac vht40: -64dbm<\/td>\n<\/tr>\n<tr>\n<td>11ac vht20: -68dbm<\/td>\n<\/tr>\n<tr>\n<td>11n ht40: -71dbm<\/td>\n<\/tr>\n<tr>\n<td>11n ht20: -73dbm<\/td>\n<\/tr>\n<tr>\n<td>11a 54mbps: -77dbm<\/td>\n<\/tr>\n<tr>\n<td>2.4 ghz:<\/td>\n<\/tr>\n<tr>\n<td>11n ht40: -70dbm<\/td>\n<\/tr>\n<tr>\n<td>11n ht20: -71dbbps<\/td>\n<\/tr>\n<tr>\n<td>: &#8211; 54mbps 73dbm<\/td>\n<\/tr>\n<tr>\n<td>11b 11mbps: -87dbm<\/td>\n<\/tr>\n<tr>\n<td>Transmitir energ\u00eda 5 ghz: 20dbm (fcc) \/ 20dbm (ce) (eirp)<\/td>\n<\/tr>\n<tr>\n<td>2,4 ghz: 18dbm (fcc) \/ 18dbm (ce) (eirp)<\/td>\n<\/tr>\n<tr>\n<td>Modos inal\u00e1mbricos modo de infraestructura<\/td>\n<\/tr>\n<tr>\n<td>Seguridad inal\u00e1mbrica wep, wpa \/ wpa2, wpa-psk \/ wpa2-psk<\/td>\n<\/tr>\n<tr>\n<td>Otros<\/td>\n<\/tr>\n<tr>\n<td>Certificaci\u00f3n fcc, ce, rohs<\/td>\n<\/tr>\n<tr>\n<td>Contenidos del paquete:<\/td>\n<\/tr>\n<tr>\n<td>Adaptador usb de banda dual inal\u00e1mbrico de alta ganancia ac1300<\/td>\n<\/tr>\n<tr>\n<td>Gu\u00eda de instalaci\u00f3n r\u00e1pida<\/td>\n<\/tr>\n<tr>\n<td>Cd de recursos<\/td>\n<\/tr>\n<tr>\n<td>Requisitos del sistema windows 10 \/ 8.1 \/ 8\/7 (32\/64 bits)<\/td>\n<\/tr>\n<tr>\n<td>Medio ambiente temperatura de funcionamiento: 0  and #8451; ~ 40  and #8451; (32  and #8457; ~ 104  and #8457;)<\/td>\n<\/tr>\n<tr>\n<td>Temperatura de almacenamiento: -40  and #8451; ~ 70  and #8451; (-40  and #8457; ~ 158  and #8457;)<\/td>\n<\/tr>\n<tr>\n<td>Humedad de funcionamiento: 10% ~ 90% sin condensaci\u00f3n<\/td>\n<\/tr>\n<tr>\n<td>Humedad de almacenamiento: 5% ~ 90 % sin condensaci\u00f3n<\/td>\n<\/tr>\n<\/table>\n","protected":false},"excerpt":{"rendered":"<p>Archer t3u plus. * adaptador usb inal\u00e1mbrico de banda dual de alta ganancia ac1300. * ac1300 velocidad ultrarr\u00e1pida: ac1300 (867 mbps en la banda de 5 ghz o 400 mbps en la banda de 2,4 ghz) wi-fi de doble banda para garantizar que todos sus dispositivos funcionen a m\u00e1xima velocidad. * tecnolog\u00eda mu-mimo : mejora el rendimiento y la eficiencia de toda la red con la tecnolog\u00eda mu-mimo. * inal\u00e1mbrico de doble banda: las bandas de 2.4 ghz y 5 ghz brindan conectividad flexible, lo que le brinda a sus dispositivos acceso al \u00faltimo enrutador wi-fi de doble banda para una velocidad m\u00e1s r\u00e1pida y un alcance extendido. * antenas de alta ganancia: las antenas externas avanzadas de alta ganancia mejoran en gran medida la intensidad de la se\u00f1al de recepci\u00f3n y transmisi\u00f3n del adaptador usb. * admite los \u00faltimos sistemas operativos : totalmente compatible con windows 10 \/ 8.1 \/ 8\/7 \/ xp y macos. Velocidades m\u00e1s altas, mejores conexiones. El archer t3u plus recibe se\u00f1ales de wi-fi en dos bandas separadas para todas sus necesidades en l\u00ednea. Elija la banda de 2,4 ghz para hasta 400 mbps de navegaci\u00f3n, correo electr\u00f3nico y redes sociales, o cambie a 5 ghz para hasta 867 mbps de juegos, transmisi\u00f3n de hd y descargas de archivos grandes. Arquitectura de antenas distinguida. Con una estructura de antena de alta ganancia en serie avanzada, el archer t3u plus puede maximizar la transmisi\u00f3n de datos y la eficiencia de recepci\u00f3n, aumentar considerablemente el rango de recepci\u00f3n y proporcionar una conexi\u00f3n wi-fi estable en toda su casa. Rendimiento mejorado con mu-mimo. La tecnolog\u00eda mu-mimo proporciona dos flujos de datos simult\u00e1neos, lo que mejora el rendimiento y la eficiencia de toda la red cuando se trabaja con un enrutador mu-mimo compatible. Antena multidireccional ajustable. Gire y ajuste la antena multidireccional para mejorar la experiencia del usuario y el rendimiento en diferentes entornos. Configuraci\u00f3n f\u00e1cil: una interfaz de usuario amigable asegura una instalaci\u00f3n simple. Seguridad avanzada: los est\u00e1ndares de cifrado wpa \/ wpa2 mantienen su conexi\u00f3n inal\u00e1mbrica a salvo de intrusos. Sistema operativo: admite sistemas operativos que incluyen windows 10 \/ 8.1 \/ 8\/7 y macos.<\/p>\n","protected":false},"featured_media":220965,"comment_status":"open","ping_status":"open","template":"","meta":[],"product_cat":[1563,1572],"product_tag":[1562],"acf":[],"yoast_head":"<!-- This site is optimized with the Yoast SEO plugin v21.7 - https:\/\/yoast.com\/wordpress\/plugins\/seo\/ -->\n<title>[ Tp Link ] &#129351; Archer T3u Plus Tarjeta De Red | Tp-link | | Usb | Banda Dual | Ac1300 | 5ghz 867mbps | 2.4ghz 400mbps<\/title>\n<meta name=\"description\" content=\"Compra Archer T3u Plus Tarjeta De Red | Tp-link | | Usb | Banda Dual | Ac1300 | 5ghz 867mbps | 2.4ghz 400mbps + Env\u00edo a domicilio + Pago seguro + Garant\u00eda\" \/>\n<meta name=\"robots\" content=\"index, follow, max-snippet:-1, max-image-preview:large, max-video-preview:-1\" \/>\n<link rel=\"canonical\" href=\"https:\/\/compuviper.mx\/tienda\/producto\/tp-link-archer-t3u-plus-tarjeta-de-red-tp-link-usb-banda-dual-ac1300-5ghz-867mbps-2-4ghz-400mbps\/\" \/>\n<meta property=\"og:locale\" content=\"es_MX\" \/>\n<meta property=\"og:type\" content=\"article\" \/>\n<meta property=\"og:title\" content=\"[ Tp Link ] &#129351; Archer T3u Plus Tarjeta De Red | Tp-link | | Usb | Banda Dual | Ac1300 | 5ghz 867mbps | 2.4ghz 400mbps\" \/>\n<meta property=\"og:description\" content=\"Compra Archer T3u Plus Tarjeta De Red | Tp-link | | Usb | Banda Dual | Ac1300 | 5ghz 867mbps | 2.4ghz 400mbps + Env\u00edo a domicilio + Pago seguro + Garant\u00eda\" \/>\n<meta property=\"og:url\" content=\"https:\/\/compuviper.mx\/tienda\/producto\/tp-link-archer-t3u-plus-tarjeta-de-red-tp-link-usb-banda-dual-ac1300-5ghz-867mbps-2-4ghz-400mbps\/\" \/>\n<meta property=\"og:site_name\" content=\"Compuviper\" \/>\n<meta property=\"article:publisher\" content=\"https:\/\/www.facebook.com\/compuviper\" \/>\n<meta property=\"og:image\" content=\"https:\/\/compuviper.mx\/tienda\/wp-content\/uploads\/2023\/12\/Tarjeta-de-red-tp-link-archer-t3u-plus-usb-banda-dual-ac1300-5ghz-867mbps-2.4ghz-400mbps.jpg\" \/>\n\t<meta property=\"og:image:width\" content=\"200\" \/>\n\t<meta property=\"og:image:height\" content=\"200\" \/>\n\t<meta property=\"og:image:type\" content=\"image\/jpeg\" \/>\n<meta name=\"twitter:card\" content=\"summary_large_image\" \/>\n<meta name=\"twitter:label1\" content=\"Precio\" \/>\n\t<meta name=\"twitter:data1\" content=\"&#36;248 con IVA\" \/>\n\t<meta name=\"twitter:label2\" content=\"Availability\" \/>\n\t<meta name=\"twitter:data2\" content=\"In stock\" \/>\n<script type=\"application\/ld+json\" class=\"yoast-schema-graph\">{\"@context\":\"https:\/\/schema.org\",\"@graph\":[{\"@type\":\"WebPage\",\"@id\":\"https:\/\/compuviper.mx\/tienda\/producto\/tp-link-archer-t3u-plus-tarjeta-de-red-tp-link-usb-banda-dual-ac1300-5ghz-867mbps-2-4ghz-400mbps\/\",\"url\":\"https:\/\/compuviper.mx\/tienda\/producto\/tp-link-archer-t3u-plus-tarjeta-de-red-tp-link-usb-banda-dual-ac1300-5ghz-867mbps-2-4ghz-400mbps\/\",\"name\":\"[ Tp Link ] &#129351; Archer T3u Plus Tarjeta De Red | Tp-link | | Usb | Banda Dual | Ac1300 | 5ghz 867mbps | 2.4ghz 400mbps\",\"isPartOf\":{\"@id\":\"https:\/\/compuviper.mx\/tienda\/#website\"},\"datePublished\":\"2026-04-10T06:59:09+00:00\",\"dateModified\":\"2026-04-10T06:59:09+00:00\",\"description\":\"Compra Archer T3u Plus Tarjeta De Red | Tp-link | | Usb | Banda Dual | Ac1300 | 5ghz 867mbps | 2.4ghz 400mbps + Env\u00edo a domicilio + Pago seguro + Garant\u00eda\",\"breadcrumb\":{\"@id\":\"https:\/\/compuviper.mx\/tienda\/producto\/tp-link-archer-t3u-plus-tarjeta-de-red-tp-link-usb-banda-dual-ac1300-5ghz-867mbps-2-4ghz-400mbps\/#breadcrumb\"},\"inLanguage\":\"es-MX\",\"potentialAction\":[{\"@type\":\"ReadAction\",\"target\":[\"https:\/\/compuviper.mx\/tienda\/producto\/tp-link-archer-t3u-plus-tarjeta-de-red-tp-link-usb-banda-dual-ac1300-5ghz-867mbps-2-4ghz-400mbps\/\"]}]},{\"@type\":\"BreadcrumbList\",\"@id\":\"https:\/\/compuviper.mx\/tienda\/producto\/tp-link-archer-t3u-plus-tarjeta-de-red-tp-link-usb-banda-dual-ac1300-5ghz-867mbps-2-4ghz-400mbps\/#breadcrumb\",\"itemListElement\":[{\"@type\":\"ListItem\",\"position\":1,\"name\":\"Inicio\",\"item\":\"https:\/\/compuviper.mx\/tienda\/\"},{\"@type\":\"ListItem\",\"position\":2,\"name\":\"Productos\",\"item\":\"https:\/\/compuviper.mx\/tienda\/productos\/\"},{\"@type\":\"ListItem\",\"position\":3,\"name\":\"Redes\",\"item\":\"https:\/\/compuviper.mx\/tienda\/categoria-producto\/redes\/\"},{\"@type\":\"ListItem\",\"position\":4,\"name\":\"Tarjetas De Red\",\"item\":\"https:\/\/compuviper.mx\/tienda\/categoria-producto\/redes\/tarjetas-de-red\/\"},{\"@type\":\"ListItem\",\"position\":5,\"name\":\"Tp Link Archer T3u Plus Tarjeta De Red | Tp-link | | Usb | Banda Dual | Ac1300 | 5ghz 867mbps | 2.4ghz 400mbps\"}]},{\"@type\":\"WebSite\",\"@id\":\"https:\/\/compuviper.mx\/tienda\/#website\",\"url\":\"https:\/\/compuviper.mx\/tienda\/\",\"name\":\"Compuviper\",\"description\":\"Proveedor de Computadoras, Laptops, Servidores, Monitores, Puntos de Venta, Teclados,   Impresoras, T\u00f3ner, C\u00e1maras de Seguridad y m\u00e1s en tu tienda en l\u00ednea\",\"publisher\":{\"@id\":\"https:\/\/compuviper.mx\/tienda\/#organization\"},\"potentialAction\":[{\"@type\":\"SearchAction\",\"target\":{\"@type\":\"EntryPoint\",\"urlTemplate\":\"https:\/\/compuviper.mx\/tienda\/?s={search_term_string}\"},\"query-input\":\"required name=search_term_string\"}],\"inLanguage\":\"es-MX\"},{\"@type\":\"Organization\",\"@id\":\"https:\/\/compuviper.mx\/tienda\/#organization\",\"name\":\"Compuviper\",\"url\":\"https:\/\/compuviper.mx\/tienda\/\",\"logo\":{\"@type\":\"ImageObject\",\"inLanguage\":\"es-MX\",\"@id\":\"https:\/\/compuviper.mx\/tienda\/#\/schema\/logo\/image\/\",\"url\":\"https:\/\/compuviper.mx\/tienda\/wp-content\/uploads\/2021\/08\/Logo-Compuviper-10.png\",\"contentUrl\":\"https:\/\/compuviper.mx\/tienda\/wp-content\/uploads\/2021\/08\/Logo-Compuviper-10.png\",\"width\":1000,\"height\":500,\"caption\":\"Compuviper\"},\"image\":{\"@id\":\"https:\/\/compuviper.mx\/tienda\/#\/schema\/logo\/image\/\"},\"sameAs\":[\"https:\/\/www.facebook.com\/compuviper\",\"https:\/\/www.youtube.com\/channel\/UCf73dERp9Y3cfOq7q8BhLjA?view_as=subscriber\"]}]}<\/script>\n<meta property=\"product:brand\" content=\"TP LINK\" \/>\n<meta property=\"product:price:amount\" content=\"248\" \/>\n<meta property=\"product:price:currency\" content=\"MXN\" \/>\n<meta property=\"og:availability\" content=\"instock\" \/>\n<meta property=\"product:availability\" content=\"instock\" \/>\n<meta property=\"product:retailer_item_id\" content=\"ARCHER T3U PLUS\" \/>\n<meta property=\"product:condition\" content=\"new\" \/>\n<!-- \/ Yoast SEO plugin. -->","yoast_head_json":{"title":"[ Tp Link ] &#129351; Archer T3u Plus Tarjeta De Red | Tp-link | | Usb | Banda Dual | Ac1300 | 5ghz 867mbps | 2.4ghz 400mbps","description":"Compra Archer T3u Plus Tarjeta De Red | Tp-link | | Usb | Banda Dual | Ac1300 | 5ghz 867mbps | 2.4ghz 400mbps + Env\u00edo a domicilio + Pago seguro + Garant\u00eda","robots":{"index":"index","follow":"follow","max-snippet":"max-snippet:-1","max-image-preview":"max-image-preview:large","max-video-preview":"max-video-preview:-1"},"canonical":"https:\/\/compuviper.mx\/tienda\/producto\/tp-link-archer-t3u-plus-tarjeta-de-red-tp-link-usb-banda-dual-ac1300-5ghz-867mbps-2-4ghz-400mbps\/","og_locale":"es_MX","og_type":"article","og_title":"[ Tp Link ] &#129351; Archer T3u Plus Tarjeta De Red | Tp-link | | Usb | Banda Dual | Ac1300 | 5ghz 867mbps | 2.4ghz 400mbps","og_description":"Compra Archer T3u Plus Tarjeta De Red | Tp-link | | Usb | Banda Dual | Ac1300 | 5ghz 867mbps | 2.4ghz 400mbps + Env\u00edo a domicilio + Pago seguro + Garant\u00eda","og_url":"https:\/\/compuviper.mx\/tienda\/producto\/tp-link-archer-t3u-plus-tarjeta-de-red-tp-link-usb-banda-dual-ac1300-5ghz-867mbps-2-4ghz-400mbps\/","og_site_name":"Compuviper","article_publisher":"https:\/\/www.facebook.com\/compuviper","og_image":[{"width":200,"height":200,"url":"https:\/\/compuviper.mx\/tienda\/wp-content\/uploads\/2023\/12\/Tarjeta-de-red-tp-link-archer-t3u-plus-usb-banda-dual-ac1300-5ghz-867mbps-2.4ghz-400mbps.jpg","type":"image\/jpeg"}],"twitter_card":"summary_large_image","twitter_misc":{"Precio":"&#36;248 con IVA","Availability":"In stock"},"schema":{"@context":"https:\/\/schema.org","@graph":[{"@type":"WebPage","@id":"https:\/\/compuviper.mx\/tienda\/producto\/tp-link-archer-t3u-plus-tarjeta-de-red-tp-link-usb-banda-dual-ac1300-5ghz-867mbps-2-4ghz-400mbps\/","url":"https:\/\/compuviper.mx\/tienda\/producto\/tp-link-archer-t3u-plus-tarjeta-de-red-tp-link-usb-banda-dual-ac1300-5ghz-867mbps-2-4ghz-400mbps\/","name":"[ Tp Link ] &#129351; Archer T3u Plus Tarjeta De Red | Tp-link | | Usb | Banda Dual | Ac1300 | 5ghz 867mbps | 2.4ghz 400mbps","isPartOf":{"@id":"https:\/\/compuviper.mx\/tienda\/#website"},"datePublished":"2026-04-10T06:59:09+00:00","dateModified":"2026-04-10T06:59:09+00:00","description":"Compra Archer T3u Plus Tarjeta De Red | Tp-link | | Usb | Banda Dual | Ac1300 | 5ghz 867mbps | 2.4ghz 400mbps + Env\u00edo a domicilio + Pago seguro + Garant\u00eda","breadcrumb":{"@id":"https:\/\/compuviper.mx\/tienda\/producto\/tp-link-archer-t3u-plus-tarjeta-de-red-tp-link-usb-banda-dual-ac1300-5ghz-867mbps-2-4ghz-400mbps\/#breadcrumb"},"inLanguage":"es-MX","potentialAction":[{"@type":"ReadAction","target":["https:\/\/compuviper.mx\/tienda\/producto\/tp-link-archer-t3u-plus-tarjeta-de-red-tp-link-usb-banda-dual-ac1300-5ghz-867mbps-2-4ghz-400mbps\/"]}]},{"@type":"BreadcrumbList","@id":"https:\/\/compuviper.mx\/tienda\/producto\/tp-link-archer-t3u-plus-tarjeta-de-red-tp-link-usb-banda-dual-ac1300-5ghz-867mbps-2-4ghz-400mbps\/#breadcrumb","itemListElement":[{"@type":"ListItem","position":1,"name":"Inicio","item":"https:\/\/compuviper.mx\/tienda\/"},{"@type":"ListItem","position":2,"name":"Productos","item":"https:\/\/compuviper.mx\/tienda\/productos\/"},{"@type":"ListItem","position":3,"name":"Redes","item":"https:\/\/compuviper.mx\/tienda\/categoria-producto\/redes\/"},{"@type":"ListItem","position":4,"name":"Tarjetas De Red","item":"https:\/\/compuviper.mx\/tienda\/categoria-producto\/redes\/tarjetas-de-red\/"},{"@type":"ListItem","position":5,"name":"Tp Link Archer T3u Plus Tarjeta De Red | Tp-link | | Usb | Banda Dual | Ac1300 | 5ghz 867mbps | 2.4ghz 400mbps"}]},{"@type":"WebSite","@id":"https:\/\/compuviper.mx\/tienda\/#website","url":"https:\/\/compuviper.mx\/tienda\/","name":"Compuviper","description":"Proveedor de Computadoras, Laptops, Servidores, Monitores, Puntos de Venta, Teclados,   Impresoras, T\u00f3ner, C\u00e1maras de Seguridad y m\u00e1s en tu tienda en l\u00ednea","publisher":{"@id":"https:\/\/compuviper.mx\/tienda\/#organization"},"potentialAction":[{"@type":"SearchAction","target":{"@type":"EntryPoint","urlTemplate":"https:\/\/compuviper.mx\/tienda\/?s={search_term_string}"},"query-input":"required name=search_term_string"}],"inLanguage":"es-MX"},{"@type":"Organization","@id":"https:\/\/compuviper.mx\/tienda\/#organization","name":"Compuviper","url":"https:\/\/compuviper.mx\/tienda\/","logo":{"@type":"ImageObject","inLanguage":"es-MX","@id":"https:\/\/compuviper.mx\/tienda\/#\/schema\/logo\/image\/","url":"https:\/\/compuviper.mx\/tienda\/wp-content\/uploads\/2021\/08\/Logo-Compuviper-10.png","contentUrl":"https:\/\/compuviper.mx\/tienda\/wp-content\/uploads\/2021\/08\/Logo-Compuviper-10.png","width":1000,"height":500,"caption":"Compuviper"},"image":{"@id":"https:\/\/compuviper.mx\/tienda\/#\/schema\/logo\/image\/"},"sameAs":["https:\/\/www.facebook.com\/compuviper","https:\/\/www.youtube.com\/channel\/UCf73dERp9Y3cfOq7q8BhLjA?view_as=subscriber"]}]},"product_brand":"TP LINK","product_price_amount":"248","product_price_currency":"MXN","og_availability":"instock","product_availability":"instock","product_retailer_item_id":"ARCHER T3U PLUS","product_condition":"new"},"_links":{"self":[{"href":"https:\/\/compuviper.mx\/tienda\/wp-json\/wp\/v2\/product\/220964"}],"collection":[{"href":"https:\/\/compuviper.mx\/tienda\/wp-json\/wp\/v2\/product"}],"about":[{"href":"https:\/\/compuviper.mx\/tienda\/wp-json\/wp\/v2\/types\/product"}],"replies":[{"embeddable":true,"href":"https:\/\/compuviper.mx\/tienda\/wp-json\/wp\/v2\/comments?post=220964"}],"wp:featuredmedia":[{"embeddable":true,"href":"https:\/\/compuviper.mx\/tienda\/wp-json\/wp\/v2\/media\/220965"}],"wp:attachment":[{"href":"https:\/\/compuviper.mx\/tienda\/wp-json\/wp\/v2\/media?parent=220964"}],"wp:term":[{"taxonomy":"product_cat","embeddable":true,"href":"https:\/\/compuviper.mx\/tienda\/wp-json\/wp\/v2\/product_cat?post=220964"},{"taxonomy":"product_tag","embeddable":true,"href":"https:\/\/compuviper.mx\/tienda\/wp-json\/wp\/v2\/product_tag?post=220964"}],"curies":[{"name":"wp","href":"https:\/\/api.w.org\/{rel}","templated":true}]}}