{"id":220962,"date":"2026-04-10T00:59:08","date_gmt":"2026-04-10T06:59:08","guid":{"rendered":"https:\/\/compuviper.mx\/tienda\/producto\/tp-link-archer-t2u-plus-tarjeta-de-red-tp-link-usb-banda-dual-ac600-5ghz-433mbps-2-4ghz-200mbps-usb-2-0-antena-externa-5dbi\/"},"modified":"2026-04-10T00:59:08","modified_gmt":"2026-04-10T06:59:08","slug":"tp-link-archer-t2u-plus-tarjeta-de-red-tp-link-usb-banda-dual-ac600-5ghz-433mbps-2-4ghz-200mbps-usb-2-0-antena-externa-5dbi","status":"publish","type":"product","link":"https:\/\/compuviper.mx\/tienda\/producto\/tp-link-archer-t2u-plus-tarjeta-de-red-tp-link-usb-banda-dual-ac600-5ghz-433mbps-2-4ghz-200mbps-usb-2-0-antena-externa-5dbi\/","title":{"rendered":"Tp Link Archer T2u Plus Tarjeta De Red | Tp-link |  | Usb | Banda Dual |  Ac600 | 5ghz 433mbps 2.4ghz 200mbps | Usb 2.0 | Antena Externa 5dbi"},"content":{"rendered":"<table class=\"descripcion\">\n<tr>\n<td>Caracter\u00edsticas de hardware<\/td>\n<\/tr>\n<tr>\n<td>Interfaz usb 2.0<\/td>\n<\/tr>\n<tr>\n<td>Led estado<\/td>\n<\/tr>\n<tr>\n<td>Dimensiones (an x pr x al) 57,8 \u00d7 18 \u00d7 173,4 mm<\/td>\n<\/tr>\n<tr>\n<td>Antena 5dbi<\/td>\n<\/tr>\n<tr>\n<td>Caracter\u00edsticas inal\u00e1mbricas<\/td>\n<\/tr>\n<tr>\n<td>Est\u00e1ndares inal\u00e1mbricos ieee 802.11b \/ g \/ n 2,4 ghz, ieee 802.11a \/ n \/ ac 5 ghz<\/td>\n<\/tr>\n<tr>\n<td>Velocidades inal\u00e1mbricas 600 mbps (200 mbps en 2.4 ghz, 433 mbps en 5 ghz)<\/td>\n<\/tr>\n<tr>\n<td>Frecuencia 2,4 ghz, 5 ghz<\/td>\n<\/tr>\n<tr>\n<td>Modos inal\u00e1mbricos modo ad-hoc \/ infraestructura<\/td>\n<\/tr>\n<tr>\n<td>Seguridad inal\u00e1mbrica wep, wpa \/ wpa2, wpa-psk \/ wpa2-psk<\/td>\n<\/tr>\n<tr>\n<td>Tecnolog\u00eda de modulaci\u00f3n dbpsk, dqpsk, cck, ofdm, 16-qam, 64-qam, 256-qam<\/td>\n<\/tr>\n<tr>\n<td>Otros<\/td>\n<\/tr>\n<tr>\n<td>Certificaci\u00f3n fcc, ce, rohs<\/td>\n<\/tr>\n<tr>\n<td>Contenidos del paquete:<\/td>\n<\/tr>\n<tr>\n<td>Adaptador usb inal\u00e1mbrico de doble banda de alta ganancia ac600 archer t2u plus<\/td>\n<\/tr>\n<tr>\n<td>Gu\u00eda de instalaci\u00f3n r\u00e1pida<\/td>\n<\/tr>\n<tr>\n<td>Cd de recursos<\/td>\n<\/tr>\n<tr>\n<td>Requisitos del sistema windows10 \/ 8.1 \/ 8\/7 \/ xp, mac os x 10.9-10.14<\/td>\n<\/tr>\n<tr>\n<td>Medio ambiente temperatura de funcionamiento: 0 \u00b0 c ~ 40 \u00b0 c (32 \u00b0 f ~ 104 \u00b0 f)<\/td>\n<\/tr>\n<tr>\n<td>Temperatura de almacenamiento: -40 \u00b0 c ~ 70 \u00b0 c (-40 \u00b0 f ~ 158 \u00b0 f)<\/td>\n<\/tr>\n<tr>\n<td>Humedad de funcionamiento: 10% ~ 90% no condensaci\u00f3n<\/td>\n<\/tr>\n<tr>\n<td>Humedad de almacenamiento: 5% ~ 90% sin condensaci\u00f3n<\/td>\n<\/tr>\n<\/table>\n","protected":false},"excerpt":{"rendered":"<p>Archer t2u plus. Adaptador usb inal\u00e1mbrico de doble banda de alta ganancia ac600. * wi-fi de alta velocidad : la compatibilidad con 256qam aumenta la velocidad de datos de 2.4 ghz de 150 mbps a 200 mbps, 200 mbps en la banda de 2.4 ghz y 433 mbps en la banda de 5 ghz, aseg\u00farese de disfrutar plenamente de wi-fi de ca r\u00e1pido. * inal\u00e1mbrico de doble banda : las bandas de 2,4 ghz y 5 ghz proporcionan conectividad flexible, dando a sus dispositivos acceso al \u00faltimo enrutador wi-fi de doble banda para una velocidad m\u00e1s r\u00e1pida y un alcance extendido. * antena de alta ganancia : una antena de alta ganancia de 5dbi mejora en gran medida la intensidad de la se\u00f1al de recepci\u00f3n y transmisi\u00f3n del adaptador usb. * admite los \u00faltimos sistemas operativos : totalmente compatible con windows 10 \/ 8.1 \/ 8\/7 \/ xp y mac os x. Adaptador de banda dual de alta velocidad para mejores conexiones. El archer t2u plus recibe se\u00f1ales de wi-fi en dos bandas separadas. La compatibilidad con 256qam aumenta la velocidad de datos de 2,4 ghz de 150 mbps a 200 mbps, lo que ofrece un rendimiento un 33% m\u00e1s r\u00e1pido. Las velocidades de 200 mbps en la banda de 2,4 ghz son perfectas para un uso normal, como la navegaci\u00f3n web con dispositivos heredados. Las velocidades de 433 mbps en la banda de 5 ghz son ideales para la transmisi\u00f3n de hd y los juegos en l\u00ednea sin demoras. Alcance aumentado. Archer t2u plus tiene una antena externa de alta ganancia de 5dbi para garantizar una transmisi\u00f3n y recepci\u00f3n de se\u00f1al m\u00e1s fuertes. Disfrute de una conexi\u00f3n wi-fi estable en toda su casa. Antena multidireccional ajustable. Gire y ajuste la antena en varias direcciones para mejorar la experiencia de uso y el rendimiento en diferentes entornos. Configuraci\u00f3n f\u00e1cil: una interfaz de usuario amigable asegura una instalaci\u00f3n simple. Seguridad avanzada: los est\u00e1ndares de cifrado wpa \/ wpa2 mantienen su conexi\u00f3n inal\u00e1mbrica a salvo de intrusos. Sistema operativo: admite sistemas operativos que incluyen windows 10 \/ 8.1 \/ 8\/7 \/ xp y mac os.<\/p>\n","protected":false},"featured_media":220963,"comment_status":"open","ping_status":"open","template":"","meta":[],"product_cat":[1563,1572],"product_tag":[1562],"acf":[],"yoast_head":"<!-- This site is optimized with the Yoast SEO plugin v21.7 - https:\/\/yoast.com\/wordpress\/plugins\/seo\/ -->\n<title>[ Tp Link ] &#129351; Archer T2u Plus Tarjeta De Red | Tp-link | | Usb | Banda Dual | Ac600 | 5ghz 433mbps 2.4ghz 200mbps | Usb 2.0 | Antena Externa 5dbi<\/title>\n<meta name=\"description\" content=\"Compra Archer T2u Plus Tarjeta De Red | Tp-link | | Usb | Banda Dual | Ac600 | 5ghz 433mbps 2.4ghz 200mbps | Usb 2.0 | Antena Externa 5dbi + Env\u00edo a domicilio + Pago seguro + Garant\u00eda\" \/>\n<meta name=\"robots\" content=\"index, follow, max-snippet:-1, max-image-preview:large, max-video-preview:-1\" \/>\n<link rel=\"canonical\" href=\"https:\/\/compuviper.mx\/tienda\/producto\/tp-link-archer-t2u-plus-tarjeta-de-red-tp-link-usb-banda-dual-ac600-5ghz-433mbps-2-4ghz-200mbps-usb-2-0-antena-externa-5dbi\/\" \/>\n<meta property=\"og:locale\" content=\"es_MX\" \/>\n<meta property=\"og:type\" content=\"article\" \/>\n<meta property=\"og:title\" content=\"[ Tp Link ] &#129351; Archer T2u Plus Tarjeta De Red | Tp-link | | Usb | Banda Dual | Ac600 | 5ghz 433mbps 2.4ghz 200mbps | Usb 2.0 | Antena Externa 5dbi\" \/>\n<meta property=\"og:description\" content=\"Compra Archer T2u Plus Tarjeta De Red | Tp-link | | Usb | Banda Dual | Ac600 | 5ghz 433mbps 2.4ghz 200mbps | Usb 2.0 | Antena Externa 5dbi + Env\u00edo a domicilio + Pago seguro + Garant\u00eda\" \/>\n<meta property=\"og:url\" content=\"https:\/\/compuviper.mx\/tienda\/producto\/tp-link-archer-t2u-plus-tarjeta-de-red-tp-link-usb-banda-dual-ac600-5ghz-433mbps-2-4ghz-200mbps-usb-2-0-antena-externa-5dbi\/\" \/>\n<meta property=\"og:site_name\" content=\"Compuviper\" \/>\n<meta property=\"article:publisher\" content=\"https:\/\/www.facebook.com\/compuviper\" \/>\n<meta property=\"og:image\" content=\"https:\/\/compuviper.mx\/tienda\/wp-content\/uploads\/2023\/12\/Tarjeta-de-red-tp-link-archer-t2u-plus-usb-banda-dual-ac600-5ghz-433mbps-2.4ghz-200mbps-usb-2.0-antena-externa-5dbi.jpg\" \/>\n\t<meta property=\"og:image:width\" content=\"200\" \/>\n\t<meta property=\"og:image:height\" content=\"200\" \/>\n\t<meta property=\"og:image:type\" content=\"image\/jpeg\" \/>\n<meta name=\"twitter:card\" content=\"summary_large_image\" \/>\n<meta name=\"twitter:label1\" content=\"Precio\" \/>\n\t<meta name=\"twitter:data1\" content=\"&#36;225 con IVA\" \/>\n\t<meta name=\"twitter:label2\" content=\"Availability\" \/>\n\t<meta name=\"twitter:data2\" content=\"In stock\" \/>\n<script type=\"application\/ld+json\" class=\"yoast-schema-graph\">{\"@context\":\"https:\/\/schema.org\",\"@graph\":[{\"@type\":\"WebPage\",\"@id\":\"https:\/\/compuviper.mx\/tienda\/producto\/tp-link-archer-t2u-plus-tarjeta-de-red-tp-link-usb-banda-dual-ac600-5ghz-433mbps-2-4ghz-200mbps-usb-2-0-antena-externa-5dbi\/\",\"url\":\"https:\/\/compuviper.mx\/tienda\/producto\/tp-link-archer-t2u-plus-tarjeta-de-red-tp-link-usb-banda-dual-ac600-5ghz-433mbps-2-4ghz-200mbps-usb-2-0-antena-externa-5dbi\/\",\"name\":\"[ Tp Link ] &#129351; Archer T2u Plus Tarjeta De Red | Tp-link | | Usb | Banda Dual | Ac600 | 5ghz 433mbps 2.4ghz 200mbps | Usb 2.0 | Antena Externa 5dbi\",\"isPartOf\":{\"@id\":\"https:\/\/compuviper.mx\/tienda\/#website\"},\"datePublished\":\"2026-04-10T06:59:08+00:00\",\"dateModified\":\"2026-04-10T06:59:08+00:00\",\"description\":\"Compra Archer T2u Plus Tarjeta De Red | Tp-link | | Usb | Banda Dual | Ac600 | 5ghz 433mbps 2.4ghz 200mbps | Usb 2.0 | Antena Externa 5dbi + Env\u00edo a domicilio + Pago seguro + Garant\u00eda\",\"breadcrumb\":{\"@id\":\"https:\/\/compuviper.mx\/tienda\/producto\/tp-link-archer-t2u-plus-tarjeta-de-red-tp-link-usb-banda-dual-ac600-5ghz-433mbps-2-4ghz-200mbps-usb-2-0-antena-externa-5dbi\/#breadcrumb\"},\"inLanguage\":\"es-MX\",\"potentialAction\":[{\"@type\":\"ReadAction\",\"target\":[\"https:\/\/compuviper.mx\/tienda\/producto\/tp-link-archer-t2u-plus-tarjeta-de-red-tp-link-usb-banda-dual-ac600-5ghz-433mbps-2-4ghz-200mbps-usb-2-0-antena-externa-5dbi\/\"]}]},{\"@type\":\"BreadcrumbList\",\"@id\":\"https:\/\/compuviper.mx\/tienda\/producto\/tp-link-archer-t2u-plus-tarjeta-de-red-tp-link-usb-banda-dual-ac600-5ghz-433mbps-2-4ghz-200mbps-usb-2-0-antena-externa-5dbi\/#breadcrumb\",\"itemListElement\":[{\"@type\":\"ListItem\",\"position\":1,\"name\":\"Inicio\",\"item\":\"https:\/\/compuviper.mx\/tienda\/\"},{\"@type\":\"ListItem\",\"position\":2,\"name\":\"Productos\",\"item\":\"https:\/\/compuviper.mx\/tienda\/productos\/\"},{\"@type\":\"ListItem\",\"position\":3,\"name\":\"Redes\",\"item\":\"https:\/\/compuviper.mx\/tienda\/categoria-producto\/redes\/\"},{\"@type\":\"ListItem\",\"position\":4,\"name\":\"Tarjetas De Red\",\"item\":\"https:\/\/compuviper.mx\/tienda\/categoria-producto\/redes\/tarjetas-de-red\/\"},{\"@type\":\"ListItem\",\"position\":5,\"name\":\"Tp Link Archer T2u Plus Tarjeta De Red | Tp-link | | Usb | Banda Dual | Ac600 | 5ghz 433mbps 2.4ghz 200mbps | Usb 2.0 | Antena Externa 5dbi\"}]},{\"@type\":\"WebSite\",\"@id\":\"https:\/\/compuviper.mx\/tienda\/#website\",\"url\":\"https:\/\/compuviper.mx\/tienda\/\",\"name\":\"Compuviper\",\"description\":\"Proveedor de Computadoras, Laptops, Servidores, Monitores, Puntos de Venta, Teclados,   Impresoras, T\u00f3ner, C\u00e1maras de Seguridad y m\u00e1s en tu tienda en l\u00ednea\",\"publisher\":{\"@id\":\"https:\/\/compuviper.mx\/tienda\/#organization\"},\"potentialAction\":[{\"@type\":\"SearchAction\",\"target\":{\"@type\":\"EntryPoint\",\"urlTemplate\":\"https:\/\/compuviper.mx\/tienda\/?s={search_term_string}\"},\"query-input\":\"required name=search_term_string\"}],\"inLanguage\":\"es-MX\"},{\"@type\":\"Organization\",\"@id\":\"https:\/\/compuviper.mx\/tienda\/#organization\",\"name\":\"Compuviper\",\"url\":\"https:\/\/compuviper.mx\/tienda\/\",\"logo\":{\"@type\":\"ImageObject\",\"inLanguage\":\"es-MX\",\"@id\":\"https:\/\/compuviper.mx\/tienda\/#\/schema\/logo\/image\/\",\"url\":\"https:\/\/compuviper.mx\/tienda\/wp-content\/uploads\/2021\/08\/Logo-Compuviper-10.png\",\"contentUrl\":\"https:\/\/compuviper.mx\/tienda\/wp-content\/uploads\/2021\/08\/Logo-Compuviper-10.png\",\"width\":1000,\"height\":500,\"caption\":\"Compuviper\"},\"image\":{\"@id\":\"https:\/\/compuviper.mx\/tienda\/#\/schema\/logo\/image\/\"},\"sameAs\":[\"https:\/\/www.facebook.com\/compuviper\",\"https:\/\/www.youtube.com\/channel\/UCf73dERp9Y3cfOq7q8BhLjA?view_as=subscriber\"]}]}<\/script>\n<meta property=\"product:brand\" content=\"TP LINK\" \/>\n<meta property=\"product:price:amount\" content=\"225\" \/>\n<meta property=\"product:price:currency\" content=\"MXN\" \/>\n<meta property=\"og:availability\" content=\"instock\" \/>\n<meta property=\"product:availability\" content=\"instock\" \/>\n<meta property=\"product:retailer_item_id\" content=\"ARCHER T2U PLUS\" \/>\n<meta property=\"product:condition\" content=\"new\" \/>\n<!-- \/ Yoast SEO plugin. -->","yoast_head_json":{"title":"[ Tp Link ] &#129351; Archer T2u Plus Tarjeta De Red | Tp-link | | Usb | Banda Dual | Ac600 | 5ghz 433mbps 2.4ghz 200mbps | Usb 2.0 | Antena Externa 5dbi","description":"Compra Archer T2u Plus Tarjeta De Red | Tp-link | | Usb | Banda Dual | Ac600 | 5ghz 433mbps 2.4ghz 200mbps | Usb 2.0 | Antena Externa 5dbi + Env\u00edo a domicilio + Pago seguro + Garant\u00eda","robots":{"index":"index","follow":"follow","max-snippet":"max-snippet:-1","max-image-preview":"max-image-preview:large","max-video-preview":"max-video-preview:-1"},"canonical":"https:\/\/compuviper.mx\/tienda\/producto\/tp-link-archer-t2u-plus-tarjeta-de-red-tp-link-usb-banda-dual-ac600-5ghz-433mbps-2-4ghz-200mbps-usb-2-0-antena-externa-5dbi\/","og_locale":"es_MX","og_type":"article","og_title":"[ Tp Link ] &#129351; Archer T2u Plus Tarjeta De Red | Tp-link | | Usb | Banda Dual | Ac600 | 5ghz 433mbps 2.4ghz 200mbps | Usb 2.0 | Antena Externa 5dbi","og_description":"Compra Archer T2u Plus Tarjeta De Red | Tp-link | | Usb | Banda Dual | Ac600 | 5ghz 433mbps 2.4ghz 200mbps | Usb 2.0 | Antena Externa 5dbi + Env\u00edo a domicilio + Pago seguro + Garant\u00eda","og_url":"https:\/\/compuviper.mx\/tienda\/producto\/tp-link-archer-t2u-plus-tarjeta-de-red-tp-link-usb-banda-dual-ac600-5ghz-433mbps-2-4ghz-200mbps-usb-2-0-antena-externa-5dbi\/","og_site_name":"Compuviper","article_publisher":"https:\/\/www.facebook.com\/compuviper","og_image":[{"width":200,"height":200,"url":"https:\/\/compuviper.mx\/tienda\/wp-content\/uploads\/2023\/12\/Tarjeta-de-red-tp-link-archer-t2u-plus-usb-banda-dual-ac600-5ghz-433mbps-2.4ghz-200mbps-usb-2.0-antena-externa-5dbi.jpg","type":"image\/jpeg"}],"twitter_card":"summary_large_image","twitter_misc":{"Precio":"&#36;225 con IVA","Availability":"In stock"},"schema":{"@context":"https:\/\/schema.org","@graph":[{"@type":"WebPage","@id":"https:\/\/compuviper.mx\/tienda\/producto\/tp-link-archer-t2u-plus-tarjeta-de-red-tp-link-usb-banda-dual-ac600-5ghz-433mbps-2-4ghz-200mbps-usb-2-0-antena-externa-5dbi\/","url":"https:\/\/compuviper.mx\/tienda\/producto\/tp-link-archer-t2u-plus-tarjeta-de-red-tp-link-usb-banda-dual-ac600-5ghz-433mbps-2-4ghz-200mbps-usb-2-0-antena-externa-5dbi\/","name":"[ Tp Link ] &#129351; Archer T2u Plus Tarjeta De Red | Tp-link | | Usb | Banda Dual | Ac600 | 5ghz 433mbps 2.4ghz 200mbps | Usb 2.0 | Antena Externa 5dbi","isPartOf":{"@id":"https:\/\/compuviper.mx\/tienda\/#website"},"datePublished":"2026-04-10T06:59:08+00:00","dateModified":"2026-04-10T06:59:08+00:00","description":"Compra Archer T2u Plus Tarjeta De Red | Tp-link | | Usb | Banda Dual | Ac600 | 5ghz 433mbps 2.4ghz 200mbps | Usb 2.0 | Antena Externa 5dbi + Env\u00edo a domicilio + Pago seguro + Garant\u00eda","breadcrumb":{"@id":"https:\/\/compuviper.mx\/tienda\/producto\/tp-link-archer-t2u-plus-tarjeta-de-red-tp-link-usb-banda-dual-ac600-5ghz-433mbps-2-4ghz-200mbps-usb-2-0-antena-externa-5dbi\/#breadcrumb"},"inLanguage":"es-MX","potentialAction":[{"@type":"ReadAction","target":["https:\/\/compuviper.mx\/tienda\/producto\/tp-link-archer-t2u-plus-tarjeta-de-red-tp-link-usb-banda-dual-ac600-5ghz-433mbps-2-4ghz-200mbps-usb-2-0-antena-externa-5dbi\/"]}]},{"@type":"BreadcrumbList","@id":"https:\/\/compuviper.mx\/tienda\/producto\/tp-link-archer-t2u-plus-tarjeta-de-red-tp-link-usb-banda-dual-ac600-5ghz-433mbps-2-4ghz-200mbps-usb-2-0-antena-externa-5dbi\/#breadcrumb","itemListElement":[{"@type":"ListItem","position":1,"name":"Inicio","item":"https:\/\/compuviper.mx\/tienda\/"},{"@type":"ListItem","position":2,"name":"Productos","item":"https:\/\/compuviper.mx\/tienda\/productos\/"},{"@type":"ListItem","position":3,"name":"Redes","item":"https:\/\/compuviper.mx\/tienda\/categoria-producto\/redes\/"},{"@type":"ListItem","position":4,"name":"Tarjetas De Red","item":"https:\/\/compuviper.mx\/tienda\/categoria-producto\/redes\/tarjetas-de-red\/"},{"@type":"ListItem","position":5,"name":"Tp Link Archer T2u Plus Tarjeta De Red | Tp-link | | Usb | Banda Dual | Ac600 | 5ghz 433mbps 2.4ghz 200mbps | Usb 2.0 | Antena Externa 5dbi"}]},{"@type":"WebSite","@id":"https:\/\/compuviper.mx\/tienda\/#website","url":"https:\/\/compuviper.mx\/tienda\/","name":"Compuviper","description":"Proveedor de Computadoras, Laptops, Servidores, Monitores, Puntos de Venta, Teclados,   Impresoras, T\u00f3ner, C\u00e1maras de Seguridad y m\u00e1s en tu tienda en l\u00ednea","publisher":{"@id":"https:\/\/compuviper.mx\/tienda\/#organization"},"potentialAction":[{"@type":"SearchAction","target":{"@type":"EntryPoint","urlTemplate":"https:\/\/compuviper.mx\/tienda\/?s={search_term_string}"},"query-input":"required name=search_term_string"}],"inLanguage":"es-MX"},{"@type":"Organization","@id":"https:\/\/compuviper.mx\/tienda\/#organization","name":"Compuviper","url":"https:\/\/compuviper.mx\/tienda\/","logo":{"@type":"ImageObject","inLanguage":"es-MX","@id":"https:\/\/compuviper.mx\/tienda\/#\/schema\/logo\/image\/","url":"https:\/\/compuviper.mx\/tienda\/wp-content\/uploads\/2021\/08\/Logo-Compuviper-10.png","contentUrl":"https:\/\/compuviper.mx\/tienda\/wp-content\/uploads\/2021\/08\/Logo-Compuviper-10.png","width":1000,"height":500,"caption":"Compuviper"},"image":{"@id":"https:\/\/compuviper.mx\/tienda\/#\/schema\/logo\/image\/"},"sameAs":["https:\/\/www.facebook.com\/compuviper","https:\/\/www.youtube.com\/channel\/UCf73dERp9Y3cfOq7q8BhLjA?view_as=subscriber"]}]},"product_brand":"TP LINK","product_price_amount":"225","product_price_currency":"MXN","og_availability":"instock","product_availability":"instock","product_retailer_item_id":"ARCHER T2U PLUS","product_condition":"new"},"_links":{"self":[{"href":"https:\/\/compuviper.mx\/tienda\/wp-json\/wp\/v2\/product\/220962"}],"collection":[{"href":"https:\/\/compuviper.mx\/tienda\/wp-json\/wp\/v2\/product"}],"about":[{"href":"https:\/\/compuviper.mx\/tienda\/wp-json\/wp\/v2\/types\/product"}],"replies":[{"embeddable":true,"href":"https:\/\/compuviper.mx\/tienda\/wp-json\/wp\/v2\/comments?post=220962"}],"wp:featuredmedia":[{"embeddable":true,"href":"https:\/\/compuviper.mx\/tienda\/wp-json\/wp\/v2\/media\/220963"}],"wp:attachment":[{"href":"https:\/\/compuviper.mx\/tienda\/wp-json\/wp\/v2\/media?parent=220962"}],"wp:term":[{"taxonomy":"product_cat","embeddable":true,"href":"https:\/\/compuviper.mx\/tienda\/wp-json\/wp\/v2\/product_cat?post=220962"},{"taxonomy":"product_tag","embeddable":true,"href":"https:\/\/compuviper.mx\/tienda\/wp-json\/wp\/v2\/product_tag?post=220962"}],"curies":[{"name":"wp","href":"https:\/\/api.w.org\/{rel}","templated":true}]}}