{"id":220956,"date":"2026-04-02T01:03:31","date_gmt":"2026-04-02T07:03:31","guid":{"rendered":"https:\/\/compuviper.mx\/tienda\/producto\/tp-link-ls1005g-switch-tp-link-5-puertos-rj45-gigabit-10-100-1000-mbps-no-administrable-para-escritorio-o-montaje-en-pared-con-carcasa-de-plastico\/"},"modified":"2026-04-02T01:03:31","modified_gmt":"2026-04-02T07:03:31","slug":"tp-link-ls1005g-switch-tp-link-omada-5ge-desktop-unmanagement","status":"publish","type":"product","link":"https:\/\/compuviper.mx\/tienda\/producto\/tp-link-ls1005g-switch-tp-link-omada-5ge-desktop-unmanagement\/","title":{"rendered":"Tp Link Ls1005g Switch Tp-link  Omada 5ge Desktop Unmanagement"},"content":{"rendered":"<table class=\"descripcion\">\n<tr>\n<td>Caracter\u00edsticas de hardware<\/td>\n<\/tr>\n<tr>\n<td>Est\u00e1ndares y protocolos ieee 802.3i \/ 802.3u \/ 802.3ab \/ 802.3x<\/td>\n<\/tr>\n<tr>\n<td>Interfaz 5 \u00d7 10\/100 \/ 1000mbps, auto-negociaci\u00f3n, puertos auto-mdi \/ mdix<\/td>\n<\/tr>\n<tr>\n<td>Cantidad de ventiladores sin ventilador<\/td>\n<\/tr>\n<tr>\n<td>Fuente de alimentaci\u00f3n externa adaptador de corriente externo (salida: 5vdc \/ 0.6a)<\/td>\n<\/tr>\n<tr>\n<td>Dimensiones (wxdxh) 3,5 \u00d7 2,8 \u00d7 0,9 pulg. (90 \u00d7 72 \u00d7 23 mm)<\/td>\n<\/tr>\n<tr>\n<td>Consumo m\u00e1ximo de energ\u00eda 3,7 w<\/td>\n<\/tr>\n<tr>\n<td>Disipaci\u00f3n m\u00e1xima de calor 12,617 btu \/ h<\/td>\n<\/tr>\n<tr>\n<td>Rendimiento<\/td>\n<\/tr>\n<tr>\n<td>Capacidad de switcheo 10 gbps<\/td>\n<\/tr>\n<tr>\n<td>Tasa de reenv\u00edo de paquetes 7,4 mpps<\/td>\n<\/tr>\n<tr>\n<td>Tabla de mac address 2k<\/td>\n<\/tr>\n<tr>\n<td>Paquetes de memoria de b\u00fafer 1.5 mb<\/td>\n<\/tr>\n<tr>\n<td>Marco jumbo 16 kb<\/td>\n<\/tr>\n<tr>\n<td>Caracter\u00edsticas de software<\/td>\n<\/tr>\n<tr>\n<td>Caracter\u00edsticas avanzadas tecnolog\u00eda verde<\/td>\n<\/tr>\n<tr>\n<td>802.3x control de flujo<\/td>\n<\/tr>\n<tr>\n<td>De contrapresi\u00f3n<\/td>\n<\/tr>\n<tr>\n<td>M\u00e9todo de transferencia almacenamiento y reenvio<\/td>\n<\/tr>\n<tr>\n<td>Otros<\/td>\n<\/tr>\n<tr>\n<td>Certificacion ce, fcc, rohs<\/td>\n<\/tr>\n<tr>\n<td>Contenidos del paquete:<\/td>\n<\/tr>\n<tr>\n<td>Gu\u00eda de instalaci\u00f3n<\/td>\n<\/tr>\n<tr>\n<td>Adaptador de corriente<\/td>\n<\/tr>\n<tr>\n<td>Switch de escritorio de 5 puertos a 10\/100\/1000 mbps<\/td>\n<\/tr>\n<tr>\n<td>Ambiente temperatura de funcionamiento: 0 \u00b0 c ~ 40 \u00b0 c (32 \u00b0 f ~ 104 \u00b0 f)<\/td>\n<\/tr>\n<tr>\n<td>Temperatura de almacenamiento: -40 \u00b0 c ~ 70 \u00b0 c (-40 \u00b0 f ~ 158 \u00b0 f)<\/td>\n<\/tr>\n<tr>\n<td>Humedad de funcionamiento: 10% ~ 90% no condensaci\u00f3n<\/td>\n<\/tr>\n<tr>\n<td>Humedad de almacenamiento: 5% ~ 90% sin condensaci\u00f3n<\/td>\n<\/tr>\n<\/table>\n","protected":false},"excerpt":{"rendered":"<p>Ls1005g. Switch de escritorio de 5 puertos a 10\/100 \/ 1000mbps. * puerto rj45 de negociaci\u00f3n autom\u00e1tica de 5 \u00d7 10\/100 \/ 1000mbps, compatible con auto-mdi \/ mdix. * la tecnolog\u00eda green ethernet ahorra energ\u00eda. * el control de flujo ieee 802.3x proporciona transferencia de datos confiable. * dise\u00f1o de carcasa de pl\u00e1stico, escritorio o montaje en pared. * plug and play, no se necesita configuraci\u00f3n. * el dise\u00f1o sin ventilador garantiza un funcionamiento silencioso. Deja que te brinde una vida con conexi\u00f3n. Los conmutadores no administrados de la serie tp-link litewave proporcionan una forma f\u00e1cil y econ\u00f3mica de expandir tu red cableada. Son f\u00e1ciles de usar y confiables. Con estos conmutadores plug-and-play, puedes expandir tus conexiones de red a m\u00faltiples dispositivos al instante. Con todos los puertos compatible con auto-mdi \/ mdix, no hay necesidad de preocuparse por el tipo de cable a utilizar. Vu\u00e9lvete ecol\u00f3gico. La serie litewave tambi\u00e9n es compatible con la tecnolog\u00eda de eficiencia energ\u00e9tica, lo que te ayuda a ahorrar energ\u00eda y dinero. El consumo de energ\u00eda se ajusta autom\u00e1ticamente seg\u00fan el estado del enlace y la longitud del cable, lo que te permite expandir tu red mientras minimiza tu huella de carbono. Cuida el planeta y reduce tus facturas de energ\u00eda, es un ganar-ganar. Puertos gigabit para velocidades m\u00e1s r\u00e1pidas. Aumenta la velocidad de tu red con el conmutador de escritorio gigabit ls1005g de 5 puertos. Los puertos 5 \u00d7 10\/100 \/ 1000mbps sin bloqueo permiten la transferencia instant\u00e1nea de archivos grandes de gran ancho de banda sin interferencia. \u00fasalo donde lo necesites, como lo necesites. El ls1005g es totalmente compatible con dispositivos en red como computadoras, impresoras, c\u00e1maras web, iptv. Tiene una amplia gama de escenarios de aplicaci\u00f3n y es adecuado para la conexi\u00f3n en red en dormitorios escolares, vigilancia, hogares y peque\u00f1as empresas.<\/p>\n","protected":false},"featured_media":220957,"comment_status":"open","ping_status":"open","template":"","meta":[],"product_cat":[1563,1564],"product_tag":[1562],"acf":[],"yoast_head":"<!-- This site is optimized with the Yoast SEO plugin v21.7 - https:\/\/yoast.com\/wordpress\/plugins\/seo\/ -->\n<title>[ Tp Link ] &#129351; Ls1005g Switch Tp-link Omada 5ge Desktop Unmanagement<\/title>\n<meta name=\"description\" content=\"Compra Ls1005g Switch Tp-link Omada 5ge Desktop Unmanagement + Env\u00edo a domicilio + Pago seguro + Garant\u00eda\" \/>\n<meta name=\"robots\" content=\"index, follow, max-snippet:-1, max-image-preview:large, max-video-preview:-1\" \/>\n<link rel=\"canonical\" href=\"https:\/\/compuviper.mx\/tienda\/producto\/tp-link-ls1005g-switch-tp-link-omada-5ge-desktop-unmanagement\/\" \/>\n<meta property=\"og:locale\" content=\"es_MX\" \/>\n<meta property=\"og:type\" content=\"article\" \/>\n<meta property=\"og:title\" content=\"[ Tp Link ] &#129351; Ls1005g Switch Tp-link Omada 5ge Desktop Unmanagement\" \/>\n<meta property=\"og:description\" content=\"Compra Ls1005g Switch Tp-link Omada 5ge Desktop Unmanagement + Env\u00edo a domicilio + Pago seguro + Garant\u00eda\" \/>\n<meta property=\"og:url\" content=\"https:\/\/compuviper.mx\/tienda\/producto\/tp-link-ls1005g-switch-tp-link-omada-5ge-desktop-unmanagement\/\" \/>\n<meta property=\"og:site_name\" content=\"Compuviper\" \/>\n<meta property=\"article:publisher\" content=\"https:\/\/www.facebook.com\/compuviper\" \/>\n<meta property=\"og:image\" content=\"https:\/\/compuviper.mx\/tienda\/wp-content\/uploads\/2023\/12\/Switch-tp-link-ls1005g-5-puertos-rj45-gigabit-101001000-mbps-no-administrable-para-escritorio-o-montaje-en-pared-con-carcasa-de-plastico.jpg\" \/>\n\t<meta property=\"og:image:width\" content=\"200\" \/>\n\t<meta property=\"og:image:height\" content=\"200\" \/>\n\t<meta property=\"og:image:type\" content=\"image\/jpeg\" \/>\n<meta name=\"twitter:card\" content=\"summary_large_image\" \/>\n<meta name=\"twitter:label1\" content=\"Precio\" \/>\n\t<meta name=\"twitter:data1\" content=\"&#36;167 con IVA\" \/>\n\t<meta name=\"twitter:label2\" content=\"Availability\" \/>\n\t<meta name=\"twitter:data2\" content=\"Out of stock\" \/>\n<script type=\"application\/ld+json\" class=\"yoast-schema-graph\">{\"@context\":\"https:\/\/schema.org\",\"@graph\":[{\"@type\":\"WebPage\",\"@id\":\"https:\/\/compuviper.mx\/tienda\/producto\/tp-link-ls1005g-switch-tp-link-omada-5ge-desktop-unmanagement\/\",\"url\":\"https:\/\/compuviper.mx\/tienda\/producto\/tp-link-ls1005g-switch-tp-link-omada-5ge-desktop-unmanagement\/\",\"name\":\"[ Tp Link ] &#129351; Ls1005g Switch Tp-link Omada 5ge Desktop Unmanagement\",\"isPartOf\":{\"@id\":\"https:\/\/compuviper.mx\/tienda\/#website\"},\"datePublished\":\"2026-04-02T07:03:31+00:00\",\"dateModified\":\"2026-04-02T07:03:31+00:00\",\"description\":\"Compra Ls1005g Switch Tp-link Omada 5ge Desktop Unmanagement + Env\u00edo a domicilio + Pago seguro + Garant\u00eda\",\"breadcrumb\":{\"@id\":\"https:\/\/compuviper.mx\/tienda\/producto\/tp-link-ls1005g-switch-tp-link-omada-5ge-desktop-unmanagement\/#breadcrumb\"},\"inLanguage\":\"es-MX\",\"potentialAction\":[{\"@type\":\"ReadAction\",\"target\":[\"https:\/\/compuviper.mx\/tienda\/producto\/tp-link-ls1005g-switch-tp-link-omada-5ge-desktop-unmanagement\/\"]}]},{\"@type\":\"BreadcrumbList\",\"@id\":\"https:\/\/compuviper.mx\/tienda\/producto\/tp-link-ls1005g-switch-tp-link-omada-5ge-desktop-unmanagement\/#breadcrumb\",\"itemListElement\":[{\"@type\":\"ListItem\",\"position\":1,\"name\":\"Inicio\",\"item\":\"https:\/\/compuviper.mx\/tienda\/\"},{\"@type\":\"ListItem\",\"position\":2,\"name\":\"Productos\",\"item\":\"https:\/\/compuviper.mx\/tienda\/productos\/\"},{\"@type\":\"ListItem\",\"position\":3,\"name\":\"Redes\",\"item\":\"https:\/\/compuviper.mx\/tienda\/categoria-producto\/redes\/\"},{\"@type\":\"ListItem\",\"position\":4,\"name\":\"Switch\",\"item\":\"https:\/\/compuviper.mx\/tienda\/categoria-producto\/redes\/switch\/\"},{\"@type\":\"ListItem\",\"position\":5,\"name\":\"Tp Link Ls1005g Switch Tp-link Omada 5ge Desktop Unmanagement\"}]},{\"@type\":\"WebSite\",\"@id\":\"https:\/\/compuviper.mx\/tienda\/#website\",\"url\":\"https:\/\/compuviper.mx\/tienda\/\",\"name\":\"Compuviper\",\"description\":\"Proveedor de Computadoras, Laptops, Servidores, Monitores, Puntos de Venta, Teclados,   Impresoras, T\u00f3ner, C\u00e1maras de Seguridad y m\u00e1s en tu tienda en l\u00ednea\",\"publisher\":{\"@id\":\"https:\/\/compuviper.mx\/tienda\/#organization\"},\"potentialAction\":[{\"@type\":\"SearchAction\",\"target\":{\"@type\":\"EntryPoint\",\"urlTemplate\":\"https:\/\/compuviper.mx\/tienda\/?s={search_term_string}\"},\"query-input\":\"required name=search_term_string\"}],\"inLanguage\":\"es-MX\"},{\"@type\":\"Organization\",\"@id\":\"https:\/\/compuviper.mx\/tienda\/#organization\",\"name\":\"Compuviper\",\"url\":\"https:\/\/compuviper.mx\/tienda\/\",\"logo\":{\"@type\":\"ImageObject\",\"inLanguage\":\"es-MX\",\"@id\":\"https:\/\/compuviper.mx\/tienda\/#\/schema\/logo\/image\/\",\"url\":\"https:\/\/compuviper.mx\/tienda\/wp-content\/uploads\/2021\/08\/Logo-Compuviper-10.png\",\"contentUrl\":\"https:\/\/compuviper.mx\/tienda\/wp-content\/uploads\/2021\/08\/Logo-Compuviper-10.png\",\"width\":1000,\"height\":500,\"caption\":\"Compuviper\"},\"image\":{\"@id\":\"https:\/\/compuviper.mx\/tienda\/#\/schema\/logo\/image\/\"},\"sameAs\":[\"https:\/\/www.facebook.com\/compuviper\",\"https:\/\/www.youtube.com\/channel\/UCf73dERp9Y3cfOq7q8BhLjA?view_as=subscriber\"]}]}<\/script>\n<meta property=\"product:brand\" content=\"TP LINK\" \/>\n<meta property=\"product:price:amount\" content=\"167\" \/>\n<meta property=\"product:price:currency\" content=\"MXN\" \/>\n<meta property=\"og:availability\" content=\"out of stock\" \/>\n<meta property=\"product:availability\" content=\"out of stock\" \/>\n<meta property=\"product:retailer_item_id\" content=\"LS1005G\" \/>\n<meta property=\"product:condition\" content=\"new\" \/>\n<!-- \/ Yoast SEO plugin. -->","yoast_head_json":{"title":"[ Tp Link ] &#129351; Ls1005g Switch Tp-link Omada 5ge Desktop Unmanagement","description":"Compra Ls1005g Switch Tp-link Omada 5ge Desktop Unmanagement + Env\u00edo a domicilio + Pago seguro + Garant\u00eda","robots":{"index":"index","follow":"follow","max-snippet":"max-snippet:-1","max-image-preview":"max-image-preview:large","max-video-preview":"max-video-preview:-1"},"canonical":"https:\/\/compuviper.mx\/tienda\/producto\/tp-link-ls1005g-switch-tp-link-omada-5ge-desktop-unmanagement\/","og_locale":"es_MX","og_type":"article","og_title":"[ Tp Link ] &#129351; Ls1005g Switch Tp-link Omada 5ge Desktop Unmanagement","og_description":"Compra Ls1005g Switch Tp-link Omada 5ge Desktop Unmanagement + Env\u00edo a domicilio + Pago seguro + Garant\u00eda","og_url":"https:\/\/compuviper.mx\/tienda\/producto\/tp-link-ls1005g-switch-tp-link-omada-5ge-desktop-unmanagement\/","og_site_name":"Compuviper","article_publisher":"https:\/\/www.facebook.com\/compuviper","og_image":[{"width":200,"height":200,"url":"https:\/\/compuviper.mx\/tienda\/wp-content\/uploads\/2023\/12\/Switch-tp-link-ls1005g-5-puertos-rj45-gigabit-101001000-mbps-no-administrable-para-escritorio-o-montaje-en-pared-con-carcasa-de-plastico.jpg","type":"image\/jpeg"}],"twitter_card":"summary_large_image","twitter_misc":{"Precio":"&#36;167 con IVA","Availability":"Out of stock"},"schema":{"@context":"https:\/\/schema.org","@graph":[{"@type":"WebPage","@id":"https:\/\/compuviper.mx\/tienda\/producto\/tp-link-ls1005g-switch-tp-link-omada-5ge-desktop-unmanagement\/","url":"https:\/\/compuviper.mx\/tienda\/producto\/tp-link-ls1005g-switch-tp-link-omada-5ge-desktop-unmanagement\/","name":"[ Tp Link ] &#129351; Ls1005g Switch Tp-link Omada 5ge Desktop Unmanagement","isPartOf":{"@id":"https:\/\/compuviper.mx\/tienda\/#website"},"datePublished":"2026-04-02T07:03:31+00:00","dateModified":"2026-04-02T07:03:31+00:00","description":"Compra Ls1005g Switch Tp-link Omada 5ge Desktop Unmanagement + Env\u00edo a domicilio + Pago seguro + Garant\u00eda","breadcrumb":{"@id":"https:\/\/compuviper.mx\/tienda\/producto\/tp-link-ls1005g-switch-tp-link-omada-5ge-desktop-unmanagement\/#breadcrumb"},"inLanguage":"es-MX","potentialAction":[{"@type":"ReadAction","target":["https:\/\/compuviper.mx\/tienda\/producto\/tp-link-ls1005g-switch-tp-link-omada-5ge-desktop-unmanagement\/"]}]},{"@type":"BreadcrumbList","@id":"https:\/\/compuviper.mx\/tienda\/producto\/tp-link-ls1005g-switch-tp-link-omada-5ge-desktop-unmanagement\/#breadcrumb","itemListElement":[{"@type":"ListItem","position":1,"name":"Inicio","item":"https:\/\/compuviper.mx\/tienda\/"},{"@type":"ListItem","position":2,"name":"Productos","item":"https:\/\/compuviper.mx\/tienda\/productos\/"},{"@type":"ListItem","position":3,"name":"Redes","item":"https:\/\/compuviper.mx\/tienda\/categoria-producto\/redes\/"},{"@type":"ListItem","position":4,"name":"Switch","item":"https:\/\/compuviper.mx\/tienda\/categoria-producto\/redes\/switch\/"},{"@type":"ListItem","position":5,"name":"Tp Link Ls1005g Switch Tp-link Omada 5ge Desktop Unmanagement"}]},{"@type":"WebSite","@id":"https:\/\/compuviper.mx\/tienda\/#website","url":"https:\/\/compuviper.mx\/tienda\/","name":"Compuviper","description":"Proveedor de Computadoras, Laptops, Servidores, Monitores, Puntos de Venta, Teclados,   Impresoras, T\u00f3ner, C\u00e1maras de Seguridad y m\u00e1s en tu tienda en l\u00ednea","publisher":{"@id":"https:\/\/compuviper.mx\/tienda\/#organization"},"potentialAction":[{"@type":"SearchAction","target":{"@type":"EntryPoint","urlTemplate":"https:\/\/compuviper.mx\/tienda\/?s={search_term_string}"},"query-input":"required name=search_term_string"}],"inLanguage":"es-MX"},{"@type":"Organization","@id":"https:\/\/compuviper.mx\/tienda\/#organization","name":"Compuviper","url":"https:\/\/compuviper.mx\/tienda\/","logo":{"@type":"ImageObject","inLanguage":"es-MX","@id":"https:\/\/compuviper.mx\/tienda\/#\/schema\/logo\/image\/","url":"https:\/\/compuviper.mx\/tienda\/wp-content\/uploads\/2021\/08\/Logo-Compuviper-10.png","contentUrl":"https:\/\/compuviper.mx\/tienda\/wp-content\/uploads\/2021\/08\/Logo-Compuviper-10.png","width":1000,"height":500,"caption":"Compuviper"},"image":{"@id":"https:\/\/compuviper.mx\/tienda\/#\/schema\/logo\/image\/"},"sameAs":["https:\/\/www.facebook.com\/compuviper","https:\/\/www.youtube.com\/channel\/UCf73dERp9Y3cfOq7q8BhLjA?view_as=subscriber"]}]},"product_brand":"TP LINK","product_price_amount":"167","product_price_currency":"MXN","og_availability":"out of stock","product_availability":"out of stock","product_retailer_item_id":"LS1005G","product_condition":"new"},"_links":{"self":[{"href":"https:\/\/compuviper.mx\/tienda\/wp-json\/wp\/v2\/product\/220956"}],"collection":[{"href":"https:\/\/compuviper.mx\/tienda\/wp-json\/wp\/v2\/product"}],"about":[{"href":"https:\/\/compuviper.mx\/tienda\/wp-json\/wp\/v2\/types\/product"}],"replies":[{"embeddable":true,"href":"https:\/\/compuviper.mx\/tienda\/wp-json\/wp\/v2\/comments?post=220956"}],"wp:featuredmedia":[{"embeddable":true,"href":"https:\/\/compuviper.mx\/tienda\/wp-json\/wp\/v2\/media\/220957"}],"wp:attachment":[{"href":"https:\/\/compuviper.mx\/tienda\/wp-json\/wp\/v2\/media?parent=220956"}],"wp:term":[{"taxonomy":"product_cat","embeddable":true,"href":"https:\/\/compuviper.mx\/tienda\/wp-json\/wp\/v2\/product_cat?post=220956"},{"taxonomy":"product_tag","embeddable":true,"href":"https:\/\/compuviper.mx\/tienda\/wp-json\/wp\/v2\/product_tag?post=220956"}],"curies":[{"name":"wp","href":"https:\/\/api.w.org\/{rel}","templated":true}]}}