{"id":220954,"date":"2026-04-02T01:03:31","date_gmt":"2026-04-02T07:03:31","guid":{"rendered":"https:\/\/compuviper.mx\/tienda\/producto\/tp-link-tl-wr845n-router-tp-link-inalambrico-wisp-300mbps\/"},"modified":"2026-04-02T01:03:31","modified_gmt":"2026-04-02T07:03:31","slug":"tp-link-tl-wr845n-router-tp-link-inalambrico-wisp-300mbps","status":"publish","type":"product","link":"https:\/\/compuviper.mx\/tienda\/producto\/tp-link-tl-wr845n-router-tp-link-inalambrico-wisp-300mbps\/","title":{"rendered":"Tp Link Tl-wr845n Router | Tp-link |  | Inalambrico | Wisp | 300mbps"},"content":{"rendered":"<table class=\"descripcion\">\n<tr>\n<td>Inal\u00e1mbrico<\/td>\n<\/tr>\n<tr>\n<td>Est\u00e1ndares wi-fi 4<\/td>\n<\/tr>\n<tr>\n<td>Ieee 802.11n \/ b \/ g 2,4 ghz<\/td>\n<\/tr>\n<tr>\n<td>Velocidades wifi n300<\/td>\n<\/tr>\n<tr>\n<td>2.4 ghz: 300 mbps (802.11n)<\/td>\n<\/tr>\n<tr>\n<td>Alcance wifi casas de 2 dormitorios<\/td>\n<\/tr>\n<tr>\n<td>3 \u00d7 antenas fijas<\/td>\n<\/tr>\n<tr>\n<td>Varias antenas forman una matriz de refuerzo de se\u00f1al para cubrir m\u00e1s direcciones y \u00e1reas grandes<\/td>\n<\/tr>\n<tr>\n<td>Capacidad wifi legado<\/td>\n<\/tr>\n<tr>\n<td>Modos de trabajo modo de enrutador modo de<\/td>\n<\/tr>\n<tr>\n<td>Punto de acceso modo de<\/td>\n<\/tr>\n<tr>\n<td>Extensi\u00f3n de rango modo<\/td>\n<\/tr>\n<tr>\n<td>Wisp<\/td>\n<\/tr>\n<tr>\n<td>Hardware<\/td>\n<\/tr>\n<tr>\n<td>Procesador cpu de un solo n\u00facleo<\/td>\n<\/tr>\n<tr>\n<td>Puertos ethernet 1 puerto wan de 10\/100 mbps<\/td>\n<\/tr>\n<tr>\n<td>4 puertos lan de 10\/100 mbps<\/td>\n<\/tr>\n<tr>\n<td>Botones bot\u00f3n de<\/td>\n<\/tr>\n<tr>\n<td>Reinicio del bot\u00f3n wps<\/td>\n<\/tr>\n<tr>\n<td>Poder 9 v  and #9107; 0,6 a<\/td>\n<\/tr>\n<tr>\n<td>Seguridad<\/td>\n<\/tr>\n<tr>\n<td>Cifrado wifi wep<\/td>\n<\/tr>\n<tr>\n<td>Wpa<\/td>\n<\/tr>\n<tr>\n<td>Wpa2<\/td>\n<\/tr>\n<tr>\n<td>Wpa \/ wpa2-enterprise (802.1x)<\/td>\n<\/tr>\n<tr>\n<td>Seguridad de la red puerta de enlace de capa de aplicaci\u00f3n de enlace de ip y mac de<\/td>\n<\/tr>\n<tr>\n<td>Control de acceso de firewall spi<\/td>\n<\/tr>\n<tr>\n<td>Red de invitados 1 red de invitados de 2,4 ghz<\/td>\n<\/tr>\n<tr>\n<td>Software<\/td>\n<\/tr>\n<tr>\n<td>Protocolos ipv4<\/td>\n<\/tr>\n<tr>\n<td>Ipv6<\/td>\n<\/tr>\n<tr>\n<td>Controles parentales<\/td>\n<\/tr>\n<tr>\n<td>Controles de tiempo de filtrado de url<\/td>\n<\/tr>\n<tr>\n<td>Tipos de wan ip din\u00e1mica ip<\/td>\n<\/tr>\n<tr>\n<td>Est\u00e1tica<\/td>\n<\/tr>\n<tr>\n<td>Pppoe<\/td>\n<\/tr>\n<tr>\n<td>Pptp<\/td>\n<\/tr>\n<tr>\n<td>L2tp<\/td>\n<\/tr>\n<tr>\n<td>Calidad de servicio qos por dispositivo<\/td>\n<\/tr>\n<tr>\n<td>Reenv\u00edo nat<\/td>\n<\/tr>\n<tr>\n<td>Reenv\u00edo de<\/td>\n<\/tr>\n<tr>\n<td>Puertos de servidor virtual activaci\u00f3n de puertos<\/td>\n<\/tr>\n<tr>\n<td>Dmz<\/td>\n<\/tr>\n<tr>\n<td>Upnp<\/td>\n<\/tr>\n<tr>\n<td>Iptv igmp proxy<\/td>\n<\/tr>\n<tr>\n<td>Igmp snooping<\/td>\n<\/tr>\n<tr>\n<td>Dhcp servidor de<\/td>\n<\/tr>\n<tr>\n<td>Lista de clientes dhcp de reserva de direcciones<\/td>\n<\/tr>\n<tr>\n<td>Ddns no-ip<\/td>\n<\/tr>\n<tr>\n<td>Dyndns<\/td>\n<\/tr>\n<tr>\n<td>Administraci\u00f3n emulador<\/td>\n<\/tr>\n<tr>\n<td>Web de verificaci\u00f3n de p\u00e1gina web de la aplicaci\u00f3n tether<\/td>\n<\/tr>\n<tr>\n<td>F\u00edsico<\/td>\n<\/tr>\n<tr>\n<td>Dimensiones (w \u00d7 d \u00d7 h) 9.1 \u00d7 5.7 \u00d7 1.4   pulg. (230 \u00d7 144 \u00d7 35 mm)<\/td>\n<\/tr>\n<tr>\n<td>Contenidos del paquete:<\/td>\n<\/tr>\n<tr>\n<td>Enrutador wi-fi tl-wr845n<\/td>\n<\/tr>\n<tr>\n<td>Adaptador de corriente<\/td>\n<\/tr>\n<tr>\n<td>Cable ethernet rj45<\/td>\n<\/tr>\n<tr>\n<td>Gu\u00eda de instalaci\u00f3n r\u00e1pida<\/td>\n<\/tr>\n<tr>\n<td>Otro<\/td>\n<\/tr>\n<tr>\n<td>Requisitos del sistema internet explorer 11+, firefox 12.0+, chrome 20.0+, safari 4.0+ u otro navegador habilitado para javascript<\/td>\n<\/tr>\n<tr>\n<td>Cable o m\u00f3dem dsl (si es necesario)<\/td>\n<\/tr>\n<tr>\n<td>Suscripci\u00f3n con un proveedor de servicios de internet (para acceso a internet)<\/td>\n<\/tr>\n<tr>\n<td>Certificaciones fcc, ce, rohs<\/td>\n<\/tr>\n<tr>\n<td>Ambiente temperatura de funcionamiento: 0  and #8451; ~ 40  and #8451; (32  and #8457; ~ 104  and #8457;)<\/td>\n<\/tr>\n<tr>\n<td>Temperatura de almacenamiento: -40  and #8451; ~ 70  and #8451; (-40  and #8457; ~ 158  and #8457;)<\/td>\n<\/tr>\n<tr>\n<td>Humedad de funcionamiento: 10% ~ 90% sin condensaci\u00f3n<\/td>\n<\/tr>\n<tr>\n<td>Humedad de almacenamiento: 5% ~ 90 % sin condensaci\u00f3n<\/td>\n<\/tr>\n<tr>\n<td>Datos de prueba<\/td>\n<\/tr>\n<tr>\n<td>Potencia de transmisi\u00f3n wifi ce:<\/td>\n<\/tr>\n<tr>\n<td> 20dbm (2,4 ghz)<\/td>\n<\/tr>\n<tr>\n<td>Fcc:<\/td>\n<\/tr>\n<tr>\n<td> 30dbm<\/td>\n<\/tr>\n<tr>\n<td>Sensibilidad de recepci\u00f3n wifi 270m: -70dbm @ 10% per<\/td>\n<\/tr>\n<tr>\n<td>130m: -74dbm @ 10% per<\/td>\n<\/tr>\n<tr>\n<td>108m: -74dbm @ 10% per<\/td>\n<\/tr>\n<tr>\n<td>54m: -77dbm @ 10% per<\/td>\n<\/tr>\n<tr>\n<td>11m: -93dbm @ 8% per<\/td>\n<\/tr>\n<tr>\n<td>6m: -95dbm @ 10% per<\/td>\n<\/tr>\n<tr>\n<td>1m: -98dbm @ 8% por<\/td>\n<\/tr>\n<\/table>\n","protected":false},"excerpt":{"rendered":"<p>Tl-wr845n. Router inal\u00e1mbrico n a 300 mbps. * velocidad inal\u00e1mbrica de 300 mbps ideal para aplicaciones sensibles a interrupciones como transmisi\u00f3n de video hd. * tres antenas aumentan enormemente la robustez y estabilidad inal\u00e1mbricas. * cifrado de seguridad inal\u00e1mbrico f\u00e1cil con solo presionar el bot\u00f3n wps. * el control de ancho de banda basado en ip permite a los administradores determinar cu\u00e1nto ancho de banda se asigna a cada pc. * compatible con ipv6, la versi\u00f3n m\u00e1s reciente del protocolo de internet. * la aplicaci\u00f3n tp-link tether permite una instalaci\u00f3n r\u00e1pida y una gesti\u00f3n sencilla desde cualquier dispositivo m\u00f3vil. El tl-wr845n proporciona wi-fi r\u00e1pido y estable para los dispositivos que necesita su red. La velocidad inal\u00e1mbrica de hasta 300 mbps lo. Convierte en una soluci\u00f3n pr\u00e1ctica para aplicaciones de red dom\u00e9stica como descarga de archivos, video chat o transmisi\u00f3n en l\u00ednea. Mayor cobertura y confiabilidad mejorada. Tres antenas de alta ganancia de 5dbi perfectas para casas peque\u00f1as y medianas, una mejor cobertura le permite nunca perder. Conexiones y disfrutar de una conexi\u00f3n m\u00e1s estable. * modo de punto de acceso. Transforme su red cableada existente en una inal\u00e1mbrica. * modo extensor de rango. Aumente la cobertura inal\u00e1mbrica existente en su habitaci\u00f3n. * modo wisp. Con\u00e9ctese a la red isp de forma inal\u00e1mbrica en \u00e1reas sin servicio cableado. Apariencia delicada. El nuevo dise\u00f1o con textura elegante lo convierte en un complemento elegante para la decoraci\u00f3n de cualquier habitaci\u00f3n de su hogar. Acceso a la red de invitados. La funci\u00f3n guest network proporciona acceso seguro para que los invitados compartan su red wi-fi. Comparta f\u00e1cilmente, no se preocupe por su red privada. Control parental sencillo. Parent control permite a los padres o administradores implementar acceso restringido para ni\u00f1os o personal. Con el bloqueo de url, puede configurar f\u00e1cilmente una lista blanca o negra para limitar el nivel de acceso a la web. F\u00e1cil configuraci\u00f3n y administraci\u00f3n. Configure el tl-wr845n en minutos gracias a su interfaz web intuitiva y la poderosa aplicaci\u00f3n tether. La aplicaci\u00f3n tp-link tether proporciona la forma m\u00e1s f\u00e1cil de acceder y administrar su enrutador en su tel\u00e9fono inteligente, le permite comenzar a disfrutar de su nuevo dispositivo m\u00e1s r\u00e1pido.<\/p>\n","protected":false},"featured_media":220955,"comment_status":"open","ping_status":"open","template":"","meta":[],"product_cat":[1563,1753],"product_tag":[1562],"acf":[],"yoast_head":"<!-- This site is optimized with the Yoast SEO plugin v21.7 - https:\/\/yoast.com\/wordpress\/plugins\/seo\/ -->\n<title>[ Tp Link ] &#129351; Tl-wr845n Router | Tp-link | | Inalambrico | Wisp | 300mbps<\/title>\n<meta name=\"description\" content=\"Compra Tl-wr845n Router | Tp-link | | Inalambrico | Wisp | 300mbps + Env\u00edo a domicilio + Pago seguro + Garant\u00eda\" \/>\n<meta name=\"robots\" content=\"index, follow, max-snippet:-1, max-image-preview:large, max-video-preview:-1\" \/>\n<link rel=\"canonical\" href=\"https:\/\/compuviper.mx\/tienda\/producto\/tp-link-tl-wr845n-router-tp-link-inalambrico-wisp-300mbps\/\" \/>\n<meta property=\"og:locale\" content=\"es_MX\" \/>\n<meta property=\"og:type\" content=\"article\" \/>\n<meta property=\"og:title\" content=\"[ Tp Link ] &#129351; Tl-wr845n Router | Tp-link | | Inalambrico | Wisp | 300mbps\" \/>\n<meta property=\"og:description\" content=\"Compra Tl-wr845n Router | Tp-link | | Inalambrico | Wisp | 300mbps + Env\u00edo a domicilio + Pago seguro + Garant\u00eda\" \/>\n<meta property=\"og:url\" content=\"https:\/\/compuviper.mx\/tienda\/producto\/tp-link-tl-wr845n-router-tp-link-inalambrico-wisp-300mbps\/\" \/>\n<meta property=\"og:site_name\" content=\"Compuviper\" \/>\n<meta property=\"article:publisher\" content=\"https:\/\/www.facebook.com\/compuviper\" \/>\n<meta property=\"og:image\" content=\"https:\/\/compuviper.mx\/tienda\/wp-content\/uploads\/2023\/12\/Router-tp-link-tl-wr845n-inalambrico-wisp-300mbps.jpg\" \/>\n\t<meta property=\"og:image:width\" content=\"200\" \/>\n\t<meta property=\"og:image:height\" content=\"200\" \/>\n\t<meta property=\"og:image:type\" content=\"image\/jpeg\" \/>\n<meta name=\"twitter:card\" content=\"summary_large_image\" \/>\n<meta name=\"twitter:label1\" content=\"Precio\" \/>\n\t<meta name=\"twitter:data1\" content=\"&#36;301 con IVA\" \/>\n\t<meta name=\"twitter:label2\" content=\"Availability\" \/>\n\t<meta name=\"twitter:data2\" content=\"In stock\" \/>\n<script type=\"application\/ld+json\" class=\"yoast-schema-graph\">{\"@context\":\"https:\/\/schema.org\",\"@graph\":[{\"@type\":\"WebPage\",\"@id\":\"https:\/\/compuviper.mx\/tienda\/producto\/tp-link-tl-wr845n-router-tp-link-inalambrico-wisp-300mbps\/\",\"url\":\"https:\/\/compuviper.mx\/tienda\/producto\/tp-link-tl-wr845n-router-tp-link-inalambrico-wisp-300mbps\/\",\"name\":\"[ Tp Link ] &#129351; Tl-wr845n Router | Tp-link | | Inalambrico | Wisp | 300mbps\",\"isPartOf\":{\"@id\":\"https:\/\/compuviper.mx\/tienda\/#website\"},\"datePublished\":\"2026-04-02T07:03:31+00:00\",\"dateModified\":\"2026-04-02T07:03:31+00:00\",\"description\":\"Compra Tl-wr845n Router | Tp-link | | Inalambrico | Wisp | 300mbps + Env\u00edo a domicilio + Pago seguro + Garant\u00eda\",\"breadcrumb\":{\"@id\":\"https:\/\/compuviper.mx\/tienda\/producto\/tp-link-tl-wr845n-router-tp-link-inalambrico-wisp-300mbps\/#breadcrumb\"},\"inLanguage\":\"es-MX\",\"potentialAction\":[{\"@type\":\"ReadAction\",\"target\":[\"https:\/\/compuviper.mx\/tienda\/producto\/tp-link-tl-wr845n-router-tp-link-inalambrico-wisp-300mbps\/\"]}]},{\"@type\":\"BreadcrumbList\",\"@id\":\"https:\/\/compuviper.mx\/tienda\/producto\/tp-link-tl-wr845n-router-tp-link-inalambrico-wisp-300mbps\/#breadcrumb\",\"itemListElement\":[{\"@type\":\"ListItem\",\"position\":1,\"name\":\"Inicio\",\"item\":\"https:\/\/compuviper.mx\/tienda\/\"},{\"@type\":\"ListItem\",\"position\":2,\"name\":\"Productos\",\"item\":\"https:\/\/compuviper.mx\/tienda\/productos\/\"},{\"@type\":\"ListItem\",\"position\":3,\"name\":\"Redes\",\"item\":\"https:\/\/compuviper.mx\/tienda\/categoria-producto\/redes\/\"},{\"@type\":\"ListItem\",\"position\":4,\"name\":\"Router\",\"item\":\"https:\/\/compuviper.mx\/tienda\/categoria-producto\/redes\/router\/\"},{\"@type\":\"ListItem\",\"position\":5,\"name\":\"Tp Link Tl-wr845n Router | Tp-link | | Inalambrico | Wisp | 300mbps\"}]},{\"@type\":\"WebSite\",\"@id\":\"https:\/\/compuviper.mx\/tienda\/#website\",\"url\":\"https:\/\/compuviper.mx\/tienda\/\",\"name\":\"Compuviper\",\"description\":\"Proveedor de Computadoras, Laptops, Servidores, Monitores, Puntos de Venta, Teclados,   Impresoras, T\u00f3ner, C\u00e1maras de Seguridad y m\u00e1s en tu tienda en l\u00ednea\",\"publisher\":{\"@id\":\"https:\/\/compuviper.mx\/tienda\/#organization\"},\"potentialAction\":[{\"@type\":\"SearchAction\",\"target\":{\"@type\":\"EntryPoint\",\"urlTemplate\":\"https:\/\/compuviper.mx\/tienda\/?s={search_term_string}\"},\"query-input\":\"required name=search_term_string\"}],\"inLanguage\":\"es-MX\"},{\"@type\":\"Organization\",\"@id\":\"https:\/\/compuviper.mx\/tienda\/#organization\",\"name\":\"Compuviper\",\"url\":\"https:\/\/compuviper.mx\/tienda\/\",\"logo\":{\"@type\":\"ImageObject\",\"inLanguage\":\"es-MX\",\"@id\":\"https:\/\/compuviper.mx\/tienda\/#\/schema\/logo\/image\/\",\"url\":\"https:\/\/compuviper.mx\/tienda\/wp-content\/uploads\/2021\/08\/Logo-Compuviper-10.png\",\"contentUrl\":\"https:\/\/compuviper.mx\/tienda\/wp-content\/uploads\/2021\/08\/Logo-Compuviper-10.png\",\"width\":1000,\"height\":500,\"caption\":\"Compuviper\"},\"image\":{\"@id\":\"https:\/\/compuviper.mx\/tienda\/#\/schema\/logo\/image\/\"},\"sameAs\":[\"https:\/\/www.facebook.com\/compuviper\",\"https:\/\/www.youtube.com\/channel\/UCf73dERp9Y3cfOq7q8BhLjA?view_as=subscriber\"]}]}<\/script>\n<meta property=\"product:brand\" content=\"TP LINK\" \/>\n<meta property=\"product:price:amount\" content=\"301\" \/>\n<meta property=\"product:price:currency\" content=\"MXN\" \/>\n<meta property=\"og:availability\" content=\"instock\" \/>\n<meta property=\"product:availability\" content=\"instock\" \/>\n<meta property=\"product:retailer_item_id\" content=\"TL-WR845N\" \/>\n<meta property=\"product:condition\" content=\"new\" \/>\n<!-- \/ Yoast SEO plugin. -->","yoast_head_json":{"title":"[ Tp Link ] &#129351; Tl-wr845n Router | Tp-link | | Inalambrico | Wisp | 300mbps","description":"Compra Tl-wr845n Router | Tp-link | | Inalambrico | Wisp | 300mbps + Env\u00edo a domicilio + Pago seguro + Garant\u00eda","robots":{"index":"index","follow":"follow","max-snippet":"max-snippet:-1","max-image-preview":"max-image-preview:large","max-video-preview":"max-video-preview:-1"},"canonical":"https:\/\/compuviper.mx\/tienda\/producto\/tp-link-tl-wr845n-router-tp-link-inalambrico-wisp-300mbps\/","og_locale":"es_MX","og_type":"article","og_title":"[ Tp Link ] &#129351; Tl-wr845n Router | Tp-link | | Inalambrico | Wisp | 300mbps","og_description":"Compra Tl-wr845n Router | Tp-link | | Inalambrico | Wisp | 300mbps + Env\u00edo a domicilio + Pago seguro + Garant\u00eda","og_url":"https:\/\/compuviper.mx\/tienda\/producto\/tp-link-tl-wr845n-router-tp-link-inalambrico-wisp-300mbps\/","og_site_name":"Compuviper","article_publisher":"https:\/\/www.facebook.com\/compuviper","og_image":[{"width":200,"height":200,"url":"https:\/\/compuviper.mx\/tienda\/wp-content\/uploads\/2023\/12\/Router-tp-link-tl-wr845n-inalambrico-wisp-300mbps.jpg","type":"image\/jpeg"}],"twitter_card":"summary_large_image","twitter_misc":{"Precio":"&#36;301 con IVA","Availability":"In stock"},"schema":{"@context":"https:\/\/schema.org","@graph":[{"@type":"WebPage","@id":"https:\/\/compuviper.mx\/tienda\/producto\/tp-link-tl-wr845n-router-tp-link-inalambrico-wisp-300mbps\/","url":"https:\/\/compuviper.mx\/tienda\/producto\/tp-link-tl-wr845n-router-tp-link-inalambrico-wisp-300mbps\/","name":"[ Tp Link ] &#129351; Tl-wr845n Router | Tp-link | | Inalambrico | Wisp | 300mbps","isPartOf":{"@id":"https:\/\/compuviper.mx\/tienda\/#website"},"datePublished":"2026-04-02T07:03:31+00:00","dateModified":"2026-04-02T07:03:31+00:00","description":"Compra Tl-wr845n Router | Tp-link | | Inalambrico | Wisp | 300mbps + Env\u00edo a domicilio + Pago seguro + Garant\u00eda","breadcrumb":{"@id":"https:\/\/compuviper.mx\/tienda\/producto\/tp-link-tl-wr845n-router-tp-link-inalambrico-wisp-300mbps\/#breadcrumb"},"inLanguage":"es-MX","potentialAction":[{"@type":"ReadAction","target":["https:\/\/compuviper.mx\/tienda\/producto\/tp-link-tl-wr845n-router-tp-link-inalambrico-wisp-300mbps\/"]}]},{"@type":"BreadcrumbList","@id":"https:\/\/compuviper.mx\/tienda\/producto\/tp-link-tl-wr845n-router-tp-link-inalambrico-wisp-300mbps\/#breadcrumb","itemListElement":[{"@type":"ListItem","position":1,"name":"Inicio","item":"https:\/\/compuviper.mx\/tienda\/"},{"@type":"ListItem","position":2,"name":"Productos","item":"https:\/\/compuviper.mx\/tienda\/productos\/"},{"@type":"ListItem","position":3,"name":"Redes","item":"https:\/\/compuviper.mx\/tienda\/categoria-producto\/redes\/"},{"@type":"ListItem","position":4,"name":"Router","item":"https:\/\/compuviper.mx\/tienda\/categoria-producto\/redes\/router\/"},{"@type":"ListItem","position":5,"name":"Tp Link Tl-wr845n Router | Tp-link | | Inalambrico | Wisp | 300mbps"}]},{"@type":"WebSite","@id":"https:\/\/compuviper.mx\/tienda\/#website","url":"https:\/\/compuviper.mx\/tienda\/","name":"Compuviper","description":"Proveedor de Computadoras, Laptops, Servidores, Monitores, Puntos de Venta, Teclados,   Impresoras, T\u00f3ner, C\u00e1maras de Seguridad y m\u00e1s en tu tienda en l\u00ednea","publisher":{"@id":"https:\/\/compuviper.mx\/tienda\/#organization"},"potentialAction":[{"@type":"SearchAction","target":{"@type":"EntryPoint","urlTemplate":"https:\/\/compuviper.mx\/tienda\/?s={search_term_string}"},"query-input":"required name=search_term_string"}],"inLanguage":"es-MX"},{"@type":"Organization","@id":"https:\/\/compuviper.mx\/tienda\/#organization","name":"Compuviper","url":"https:\/\/compuviper.mx\/tienda\/","logo":{"@type":"ImageObject","inLanguage":"es-MX","@id":"https:\/\/compuviper.mx\/tienda\/#\/schema\/logo\/image\/","url":"https:\/\/compuviper.mx\/tienda\/wp-content\/uploads\/2021\/08\/Logo-Compuviper-10.png","contentUrl":"https:\/\/compuviper.mx\/tienda\/wp-content\/uploads\/2021\/08\/Logo-Compuviper-10.png","width":1000,"height":500,"caption":"Compuviper"},"image":{"@id":"https:\/\/compuviper.mx\/tienda\/#\/schema\/logo\/image\/"},"sameAs":["https:\/\/www.facebook.com\/compuviper","https:\/\/www.youtube.com\/channel\/UCf73dERp9Y3cfOq7q8BhLjA?view_as=subscriber"]}]},"product_brand":"TP LINK","product_price_amount":"301","product_price_currency":"MXN","og_availability":"instock","product_availability":"instock","product_retailer_item_id":"TL-WR845N","product_condition":"new"},"_links":{"self":[{"href":"https:\/\/compuviper.mx\/tienda\/wp-json\/wp\/v2\/product\/220954"}],"collection":[{"href":"https:\/\/compuviper.mx\/tienda\/wp-json\/wp\/v2\/product"}],"about":[{"href":"https:\/\/compuviper.mx\/tienda\/wp-json\/wp\/v2\/types\/product"}],"replies":[{"embeddable":true,"href":"https:\/\/compuviper.mx\/tienda\/wp-json\/wp\/v2\/comments?post=220954"}],"wp:featuredmedia":[{"embeddable":true,"href":"https:\/\/compuviper.mx\/tienda\/wp-json\/wp\/v2\/media\/220955"}],"wp:attachment":[{"href":"https:\/\/compuviper.mx\/tienda\/wp-json\/wp\/v2\/media?parent=220954"}],"wp:term":[{"taxonomy":"product_cat","embeddable":true,"href":"https:\/\/compuviper.mx\/tienda\/wp-json\/wp\/v2\/product_cat?post=220954"},{"taxonomy":"product_tag","embeddable":true,"href":"https:\/\/compuviper.mx\/tienda\/wp-json\/wp\/v2\/product_tag?post=220954"}],"curies":[{"name":"wp","href":"https:\/\/api.w.org\/{rel}","templated":true}]}}