{"id":220918,"date":"2026-04-10T00:59:03","date_gmt":"2026-04-10T06:59:03","guid":{"rendered":"https:\/\/compuviper.mx\/tienda\/producto\/tp-link-mu6h-tarjeta-de-red-usb-mercusys-banda-dual-ac650-5ghz-433mbps-2-4ghz-200mbps-1-antena-externa-de-alta-ganancia\/"},"modified":"2026-04-10T00:59:04","modified_gmt":"2026-04-10T06:59:04","slug":"tp-link-mu6h-tarjeta-de-red-usb-mercusys-banda-dual-ac650-5ghz-433mbps-2-4ghz-200mbps-1-antena-externa-de-alta-ganancia","status":"publish","type":"product","link":"https:\/\/compuviper.mx\/tienda\/producto\/tp-link-mu6h-tarjeta-de-red-usb-mercusys-banda-dual-ac650-5ghz-433mbps-2-4ghz-200mbps-1-antena-externa-de-alta-ganancia\/","title":{"rendered":"Tp Link Mu6h Tarjeta De Red Usb Mercusys  Banda Dual Ac650 5ghz 433mbps 2.4ghz 200mbps 1 Antena Externa De Alta Ganancia"},"content":{"rendered":"<table class=\"descripcion\">\n<tr>\n<td>Tipo de antena: 1 antena externa de alta ganancia de 5dbi<\/td>\n<\/tr>\n<tr>\n<td>Dimensiones (wxdxh)<\/td>\n<\/tr>\n<tr>\n<td>2,28 \u00d7 0,66 \u00d7 6,83<\/td>\n<\/tr>\n<tr>\n<td>Pulgadas (57,8 \u00d7 16,8 \u00d7 173,4 m)<\/td>\n<\/tr>\n<tr>\n<td>Est\u00e1ndares inal\u00e1mbricos<\/td>\n<\/tr>\n<tr>\n<td>Ieee 802.11b \/ g \/ n<\/td>\n<\/tr>\n<tr>\n<td>Ieee 802.11a \/ n \/ ac<\/td>\n<\/tr>\n<tr>\n<td>Seguridad inal\u00e1mbrica<\/td>\n<\/tr>\n<tr>\n<td>Wep, wpa \/ wpa2,<\/td>\n<\/tr>\n<tr>\n<td>Wpa-psk \/ wpa2-ps,<\/td>\n<\/tr>\n<tr>\n<td>802.1x<\/td>\n<\/tr>\n<tr>\n<td>Requisitos del sistema<\/td>\n<\/tr>\n<tr>\n<td>Windows10 \/ 8.1 \/ 8\/7 \/ xp<\/td>\n<\/tr>\n<tr>\n<td>Interfaces<\/td>\n<\/tr>\n<tr>\n<td>Usb 2.0<\/td>\n<\/tr>\n<tr>\n<td>Frecuencia<\/td>\n<\/tr>\n<tr>\n<td>2400 mhz -2483.5 mhz<\/td>\n<\/tr>\n<tr>\n<td>5150 mhz -5250 mhz<\/td>\n<\/tr>\n<tr>\n<td>5250 mhz -5350 mhz<\/td>\n<\/tr>\n<tr>\n<td>5470 mhz -5725 mhz<\/td>\n<\/tr>\n<tr>\n<td>Led<\/td>\n<\/tr>\n<tr>\n<td>Estado<\/td>\n<\/tr>\n<tr>\n<td>Tasa de se\u00f1al<\/td>\n<\/tr>\n<tr>\n<td>\u0095 11ac: hasta 433mbps (din\u00e1mico)<\/td>\n<\/tr>\n<tr>\n<td>\u0095 11n: hasta 200mbps (din\u00e1mico)<\/td>\n<\/tr>\n<tr>\n<td>Sensibilidad de recepci\u00f3n<\/td>\n<\/tr>\n<tr>\n<td>\u0095 433m: -62dbm @ 10% per<\/td>\n<\/tr>\n<tr>\n<td>\u0095 200m: -65dbm @ 10% per<\/td>\n<\/tr>\n<tr>\n<td>\u0095 54m: -75 dbm @ 10% per<\/td>\n<\/tr>\n<tr>\n<td>\u0095 11m: -90 dbm @ 8% per<\/td>\n<\/tr>\n<tr>\n<td>Contenidos del paquete:<\/td>\n<\/tr>\n<tr>\n<td>1. adaptador usb inal\u00e1mbrico de banda dual de alta ganancia ac650 (mu6h)<\/td>\n<\/tr>\n<tr>\n<td>2. gu\u00eda de instalaci\u00f3n r\u00e1pida<\/td>\n<\/tr>\n<\/table>\n","protected":false},"excerpt":{"rendered":"<p>Adaptador usb inal\u00e1mbrico de banda dual de alta ganancia ac650. Mu6h. * wi-fi de doble banda de alta velocidad : el soporte 256-qam aumenta la velocidad de datos de 2.4 ghz de 150 mbps a 200 mbps. Disfrute de velocidades de hasta 200 mbps en la banda de 2.4 ghz y 433 mbps en la banda de 5 ghz, para aprovechar al m\u00e1ximo su wi-fi de ca. * antena de alta ganancia : una antena de alta ganancia de 5dbi mejora en gran medida la potencia de recepci\u00f3n y transmisi\u00f3n del adaptador usb. * controlador interno : instalaci\u00f3n f\u00e1cil e inteligente para el sistema operativo windows. * admite los \u00faltimos sistemas operativos : totalmente compatible con windows 10 \/ 8.1 \/ 8\/7 \/ xp. Wi-fi de doble banda ac650. Mu6h recibe se\u00f1ales de wi-fi en dos bandas separadas. La compatibilidad con la tecnolog\u00eda 256-qam aumenta la velocidad de datos de 2.4 ghz de 150 mbps a 200 mbps para un rendimiento 33% m\u00e1s r\u00e1pido. Elija 2.4 ghz para navegar y redes sociales, y 5 ghz para hasta 433 mbps para transmisi\u00f3n hd y juegos sin retrasos. Aumente el alcance inal\u00e1mbrico con antena de alta ganancia. Una antena de alta ganancia de 5 dbi llega a su enrutador desde m\u00e1s lejos con un rango direccional m\u00e1s preciso, manteniendo conexiones inal\u00e1mbricas m\u00e1s r\u00e1pidas y estables. Smart easy-install para windows. Un controlador interno significa que solo necesita conectar mu6h a la computadora y seguir las instrucciones en pantalla para configurar su red en segundos. Ajustable, multi-direccional de la antena. Gire y ajuste la antena en m\u00faltiples direcciones para mejorar el uso de la experiencia y el rendimiento en diferentes entornos.<\/p>\n","protected":false},"featured_media":220919,"comment_status":"open","ping_status":"open","template":"","meta":[],"product_cat":[1563,1572],"product_tag":[1562],"acf":[],"yoast_head":"<!-- This site is optimized with the Yoast SEO plugin v21.7 - https:\/\/yoast.com\/wordpress\/plugins\/seo\/ -->\n<title>[ Tp Link ] &#129351; Mu6h Tarjeta De Red Usb Mercusys Banda Dual Ac650 5ghz 433mbps 2.4ghz 200mbps 1 Antena Externa De Alta Ganancia<\/title>\n<meta name=\"description\" content=\"Compra Mu6h Tarjeta De Red Usb Mercusys Banda Dual Ac650 5ghz 433mbps 2.4ghz 200mbps 1 Antena Externa De Alta Ganancia + Env\u00edo a domicilio + Pago seguro + Garant\u00eda\" \/>\n<meta name=\"robots\" content=\"index, follow, max-snippet:-1, max-image-preview:large, max-video-preview:-1\" \/>\n<link rel=\"canonical\" href=\"https:\/\/compuviper.mx\/tienda\/producto\/tp-link-mu6h-tarjeta-de-red-usb-mercusys-banda-dual-ac650-5ghz-433mbps-2-4ghz-200mbps-1-antena-externa-de-alta-ganancia\/\" \/>\n<meta property=\"og:locale\" content=\"es_MX\" \/>\n<meta property=\"og:type\" content=\"article\" \/>\n<meta property=\"og:title\" content=\"[ Tp Link ] &#129351; Mu6h Tarjeta De Red Usb Mercusys Banda Dual Ac650 5ghz 433mbps 2.4ghz 200mbps 1 Antena Externa De Alta Ganancia\" \/>\n<meta property=\"og:description\" content=\"Compra Mu6h Tarjeta De Red Usb Mercusys Banda Dual Ac650 5ghz 433mbps 2.4ghz 200mbps 1 Antena Externa De Alta Ganancia + Env\u00edo a domicilio + Pago seguro + Garant\u00eda\" \/>\n<meta property=\"og:url\" content=\"https:\/\/compuviper.mx\/tienda\/producto\/tp-link-mu6h-tarjeta-de-red-usb-mercusys-banda-dual-ac650-5ghz-433mbps-2-4ghz-200mbps-1-antena-externa-de-alta-ganancia\/\" \/>\n<meta property=\"og:site_name\" content=\"Compuviper\" \/>\n<meta property=\"article:publisher\" content=\"https:\/\/www.facebook.com\/compuviper\" \/>\n<meta property=\"article:modified_time\" content=\"2026-04-10T06:59:04+00:00\" \/>\n<meta property=\"og:image\" content=\"https:\/\/compuviper.mx\/tienda\/wp-content\/uploads\/2023\/12\/Tarjeta-de-red-usb-mercusys-mu6h-banda-dual-ac650-5ghz-433mbps-2.4ghz-200mbps-1-antena-externa-de-alta-ganancia.jpg\" \/>\n\t<meta property=\"og:image:width\" content=\"200\" \/>\n\t<meta property=\"og:image:height\" content=\"200\" \/>\n\t<meta property=\"og:image:type\" content=\"image\/jpeg\" \/>\n<meta name=\"twitter:card\" content=\"summary_large_image\" \/>\n<meta name=\"twitter:label1\" content=\"Precio\" \/>\n\t<meta name=\"twitter:data1\" content=\"&#36;131 con IVA\" \/>\n\t<meta name=\"twitter:label2\" content=\"Availability\" \/>\n\t<meta name=\"twitter:data2\" content=\"In stock\" \/>\n<script type=\"application\/ld+json\" class=\"yoast-schema-graph\">{\"@context\":\"https:\/\/schema.org\",\"@graph\":[{\"@type\":\"WebPage\",\"@id\":\"https:\/\/compuviper.mx\/tienda\/producto\/tp-link-mu6h-tarjeta-de-red-usb-mercusys-banda-dual-ac650-5ghz-433mbps-2-4ghz-200mbps-1-antena-externa-de-alta-ganancia\/\",\"url\":\"https:\/\/compuviper.mx\/tienda\/producto\/tp-link-mu6h-tarjeta-de-red-usb-mercusys-banda-dual-ac650-5ghz-433mbps-2-4ghz-200mbps-1-antena-externa-de-alta-ganancia\/\",\"name\":\"[ Tp Link ] &#129351; Mu6h Tarjeta De Red Usb Mercusys Banda Dual Ac650 5ghz 433mbps 2.4ghz 200mbps 1 Antena Externa De Alta Ganancia\",\"isPartOf\":{\"@id\":\"https:\/\/compuviper.mx\/tienda\/#website\"},\"datePublished\":\"2026-04-10T06:59:03+00:00\",\"dateModified\":\"2026-04-10T06:59:04+00:00\",\"description\":\"Compra Mu6h Tarjeta De Red Usb Mercusys Banda Dual Ac650 5ghz 433mbps 2.4ghz 200mbps 1 Antena Externa De Alta Ganancia + Env\u00edo a domicilio + Pago seguro + Garant\u00eda\",\"breadcrumb\":{\"@id\":\"https:\/\/compuviper.mx\/tienda\/producto\/tp-link-mu6h-tarjeta-de-red-usb-mercusys-banda-dual-ac650-5ghz-433mbps-2-4ghz-200mbps-1-antena-externa-de-alta-ganancia\/#breadcrumb\"},\"inLanguage\":\"es-MX\",\"potentialAction\":[{\"@type\":\"ReadAction\",\"target\":[\"https:\/\/compuviper.mx\/tienda\/producto\/tp-link-mu6h-tarjeta-de-red-usb-mercusys-banda-dual-ac650-5ghz-433mbps-2-4ghz-200mbps-1-antena-externa-de-alta-ganancia\/\"]}]},{\"@type\":\"BreadcrumbList\",\"@id\":\"https:\/\/compuviper.mx\/tienda\/producto\/tp-link-mu6h-tarjeta-de-red-usb-mercusys-banda-dual-ac650-5ghz-433mbps-2-4ghz-200mbps-1-antena-externa-de-alta-ganancia\/#breadcrumb\",\"itemListElement\":[{\"@type\":\"ListItem\",\"position\":1,\"name\":\"Inicio\",\"item\":\"https:\/\/compuviper.mx\/tienda\/\"},{\"@type\":\"ListItem\",\"position\":2,\"name\":\"Productos\",\"item\":\"https:\/\/compuviper.mx\/tienda\/productos\/\"},{\"@type\":\"ListItem\",\"position\":3,\"name\":\"Redes\",\"item\":\"https:\/\/compuviper.mx\/tienda\/categoria-producto\/redes\/\"},{\"@type\":\"ListItem\",\"position\":4,\"name\":\"Tarjetas De Red\",\"item\":\"https:\/\/compuviper.mx\/tienda\/categoria-producto\/redes\/tarjetas-de-red\/\"},{\"@type\":\"ListItem\",\"position\":5,\"name\":\"Tp Link Mu6h Tarjeta De Red Usb Mercusys Banda Dual Ac650 5ghz 433mbps 2.4ghz 200mbps 1 Antena Externa De Alta Ganancia\"}]},{\"@type\":\"WebSite\",\"@id\":\"https:\/\/compuviper.mx\/tienda\/#website\",\"url\":\"https:\/\/compuviper.mx\/tienda\/\",\"name\":\"Compuviper\",\"description\":\"Proveedor de Computadoras, Laptops, Servidores, Monitores, Puntos de Venta, Teclados,   Impresoras, T\u00f3ner, C\u00e1maras de Seguridad y m\u00e1s en tu tienda en l\u00ednea\",\"publisher\":{\"@id\":\"https:\/\/compuviper.mx\/tienda\/#organization\"},\"potentialAction\":[{\"@type\":\"SearchAction\",\"target\":{\"@type\":\"EntryPoint\",\"urlTemplate\":\"https:\/\/compuviper.mx\/tienda\/?s={search_term_string}\"},\"query-input\":\"required name=search_term_string\"}],\"inLanguage\":\"es-MX\"},{\"@type\":\"Organization\",\"@id\":\"https:\/\/compuviper.mx\/tienda\/#organization\",\"name\":\"Compuviper\",\"url\":\"https:\/\/compuviper.mx\/tienda\/\",\"logo\":{\"@type\":\"ImageObject\",\"inLanguage\":\"es-MX\",\"@id\":\"https:\/\/compuviper.mx\/tienda\/#\/schema\/logo\/image\/\",\"url\":\"https:\/\/compuviper.mx\/tienda\/wp-content\/uploads\/2021\/08\/Logo-Compuviper-10.png\",\"contentUrl\":\"https:\/\/compuviper.mx\/tienda\/wp-content\/uploads\/2021\/08\/Logo-Compuviper-10.png\",\"width\":1000,\"height\":500,\"caption\":\"Compuviper\"},\"image\":{\"@id\":\"https:\/\/compuviper.mx\/tienda\/#\/schema\/logo\/image\/\"},\"sameAs\":[\"https:\/\/www.facebook.com\/compuviper\",\"https:\/\/www.youtube.com\/channel\/UCf73dERp9Y3cfOq7q8BhLjA?view_as=subscriber\"]}]}<\/script>\n<meta property=\"product:brand\" content=\"TP LINK\" \/>\n<meta property=\"product:price:amount\" content=\"131\" \/>\n<meta property=\"product:price:currency\" content=\"MXN\" \/>\n<meta property=\"og:availability\" content=\"instock\" \/>\n<meta property=\"product:availability\" content=\"instock\" \/>\n<meta property=\"product:retailer_item_id\" content=\"MU6H\" \/>\n<meta property=\"product:condition\" content=\"new\" \/>\n<!-- \/ Yoast SEO plugin. -->","yoast_head_json":{"title":"[ Tp Link ] &#129351; Mu6h Tarjeta De Red Usb Mercusys Banda Dual Ac650 5ghz 433mbps 2.4ghz 200mbps 1 Antena Externa De Alta Ganancia","description":"Compra Mu6h Tarjeta De Red Usb Mercusys Banda Dual Ac650 5ghz 433mbps 2.4ghz 200mbps 1 Antena Externa De Alta Ganancia + Env\u00edo a domicilio + Pago seguro + Garant\u00eda","robots":{"index":"index","follow":"follow","max-snippet":"max-snippet:-1","max-image-preview":"max-image-preview:large","max-video-preview":"max-video-preview:-1"},"canonical":"https:\/\/compuviper.mx\/tienda\/producto\/tp-link-mu6h-tarjeta-de-red-usb-mercusys-banda-dual-ac650-5ghz-433mbps-2-4ghz-200mbps-1-antena-externa-de-alta-ganancia\/","og_locale":"es_MX","og_type":"article","og_title":"[ Tp Link ] &#129351; Mu6h Tarjeta De Red Usb Mercusys Banda Dual Ac650 5ghz 433mbps 2.4ghz 200mbps 1 Antena Externa De Alta Ganancia","og_description":"Compra Mu6h Tarjeta De Red Usb Mercusys Banda Dual Ac650 5ghz 433mbps 2.4ghz 200mbps 1 Antena Externa De Alta Ganancia + Env\u00edo a domicilio + Pago seguro + Garant\u00eda","og_url":"https:\/\/compuviper.mx\/tienda\/producto\/tp-link-mu6h-tarjeta-de-red-usb-mercusys-banda-dual-ac650-5ghz-433mbps-2-4ghz-200mbps-1-antena-externa-de-alta-ganancia\/","og_site_name":"Compuviper","article_publisher":"https:\/\/www.facebook.com\/compuviper","article_modified_time":"2026-04-10T06:59:04+00:00","og_image":[{"width":200,"height":200,"url":"https:\/\/compuviper.mx\/tienda\/wp-content\/uploads\/2023\/12\/Tarjeta-de-red-usb-mercusys-mu6h-banda-dual-ac650-5ghz-433mbps-2.4ghz-200mbps-1-antena-externa-de-alta-ganancia.jpg","type":"image\/jpeg"}],"twitter_card":"summary_large_image","twitter_misc":{"Precio":"&#36;131 con IVA","Availability":"In stock"},"schema":{"@context":"https:\/\/schema.org","@graph":[{"@type":"WebPage","@id":"https:\/\/compuviper.mx\/tienda\/producto\/tp-link-mu6h-tarjeta-de-red-usb-mercusys-banda-dual-ac650-5ghz-433mbps-2-4ghz-200mbps-1-antena-externa-de-alta-ganancia\/","url":"https:\/\/compuviper.mx\/tienda\/producto\/tp-link-mu6h-tarjeta-de-red-usb-mercusys-banda-dual-ac650-5ghz-433mbps-2-4ghz-200mbps-1-antena-externa-de-alta-ganancia\/","name":"[ Tp Link ] &#129351; Mu6h Tarjeta De Red Usb Mercusys Banda Dual Ac650 5ghz 433mbps 2.4ghz 200mbps 1 Antena Externa De Alta Ganancia","isPartOf":{"@id":"https:\/\/compuviper.mx\/tienda\/#website"},"datePublished":"2026-04-10T06:59:03+00:00","dateModified":"2026-04-10T06:59:04+00:00","description":"Compra Mu6h Tarjeta De Red Usb Mercusys Banda Dual Ac650 5ghz 433mbps 2.4ghz 200mbps 1 Antena Externa De Alta Ganancia + Env\u00edo a domicilio + Pago seguro + Garant\u00eda","breadcrumb":{"@id":"https:\/\/compuviper.mx\/tienda\/producto\/tp-link-mu6h-tarjeta-de-red-usb-mercusys-banda-dual-ac650-5ghz-433mbps-2-4ghz-200mbps-1-antena-externa-de-alta-ganancia\/#breadcrumb"},"inLanguage":"es-MX","potentialAction":[{"@type":"ReadAction","target":["https:\/\/compuviper.mx\/tienda\/producto\/tp-link-mu6h-tarjeta-de-red-usb-mercusys-banda-dual-ac650-5ghz-433mbps-2-4ghz-200mbps-1-antena-externa-de-alta-ganancia\/"]}]},{"@type":"BreadcrumbList","@id":"https:\/\/compuviper.mx\/tienda\/producto\/tp-link-mu6h-tarjeta-de-red-usb-mercusys-banda-dual-ac650-5ghz-433mbps-2-4ghz-200mbps-1-antena-externa-de-alta-ganancia\/#breadcrumb","itemListElement":[{"@type":"ListItem","position":1,"name":"Inicio","item":"https:\/\/compuviper.mx\/tienda\/"},{"@type":"ListItem","position":2,"name":"Productos","item":"https:\/\/compuviper.mx\/tienda\/productos\/"},{"@type":"ListItem","position":3,"name":"Redes","item":"https:\/\/compuviper.mx\/tienda\/categoria-producto\/redes\/"},{"@type":"ListItem","position":4,"name":"Tarjetas De Red","item":"https:\/\/compuviper.mx\/tienda\/categoria-producto\/redes\/tarjetas-de-red\/"},{"@type":"ListItem","position":5,"name":"Tp Link Mu6h Tarjeta De Red Usb Mercusys Banda Dual Ac650 5ghz 433mbps 2.4ghz 200mbps 1 Antena Externa De Alta Ganancia"}]},{"@type":"WebSite","@id":"https:\/\/compuviper.mx\/tienda\/#website","url":"https:\/\/compuviper.mx\/tienda\/","name":"Compuviper","description":"Proveedor de Computadoras, Laptops, Servidores, Monitores, Puntos de Venta, Teclados,   Impresoras, T\u00f3ner, C\u00e1maras de Seguridad y m\u00e1s en tu tienda en l\u00ednea","publisher":{"@id":"https:\/\/compuviper.mx\/tienda\/#organization"},"potentialAction":[{"@type":"SearchAction","target":{"@type":"EntryPoint","urlTemplate":"https:\/\/compuviper.mx\/tienda\/?s={search_term_string}"},"query-input":"required name=search_term_string"}],"inLanguage":"es-MX"},{"@type":"Organization","@id":"https:\/\/compuviper.mx\/tienda\/#organization","name":"Compuviper","url":"https:\/\/compuviper.mx\/tienda\/","logo":{"@type":"ImageObject","inLanguage":"es-MX","@id":"https:\/\/compuviper.mx\/tienda\/#\/schema\/logo\/image\/","url":"https:\/\/compuviper.mx\/tienda\/wp-content\/uploads\/2021\/08\/Logo-Compuviper-10.png","contentUrl":"https:\/\/compuviper.mx\/tienda\/wp-content\/uploads\/2021\/08\/Logo-Compuviper-10.png","width":1000,"height":500,"caption":"Compuviper"},"image":{"@id":"https:\/\/compuviper.mx\/tienda\/#\/schema\/logo\/image\/"},"sameAs":["https:\/\/www.facebook.com\/compuviper","https:\/\/www.youtube.com\/channel\/UCf73dERp9Y3cfOq7q8BhLjA?view_as=subscriber"]}]},"product_brand":"TP LINK","product_price_amount":"131","product_price_currency":"MXN","og_availability":"instock","product_availability":"instock","product_retailer_item_id":"MU6H","product_condition":"new"},"_links":{"self":[{"href":"https:\/\/compuviper.mx\/tienda\/wp-json\/wp\/v2\/product\/220918"}],"collection":[{"href":"https:\/\/compuviper.mx\/tienda\/wp-json\/wp\/v2\/product"}],"about":[{"href":"https:\/\/compuviper.mx\/tienda\/wp-json\/wp\/v2\/types\/product"}],"replies":[{"embeddable":true,"href":"https:\/\/compuviper.mx\/tienda\/wp-json\/wp\/v2\/comments?post=220918"}],"wp:featuredmedia":[{"embeddable":true,"href":"https:\/\/compuviper.mx\/tienda\/wp-json\/wp\/v2\/media\/220919"}],"wp:attachment":[{"href":"https:\/\/compuviper.mx\/tienda\/wp-json\/wp\/v2\/media?parent=220918"}],"wp:term":[{"taxonomy":"product_cat","embeddable":true,"href":"https:\/\/compuviper.mx\/tienda\/wp-json\/wp\/v2\/product_cat?post=220918"},{"taxonomy":"product_tag","embeddable":true,"href":"https:\/\/compuviper.mx\/tienda\/wp-json\/wp\/v2\/product_tag?post=220918"}],"curies":[{"name":"wp","href":"https:\/\/api.w.org\/{rel}","templated":true}]}}