{"id":220916,"date":"2026-04-02T01:03:28","date_gmt":"2026-04-02T07:03:28","guid":{"rendered":"https:\/\/compuviper.mx\/tienda\/producto\/tp-link-mw302r-router-mercusys-inalambrico-300mbps-multimodo-access-point-repetidor-wisp-2-puertos-lan-10-100-1-puerto-wan-10-100-2-antenas-fijas-externas-5dbi\/"},"modified":"2026-04-02T01:03:28","modified_gmt":"2026-04-02T07:03:28","slug":"tp-link-mw302r-router-mercusys-inalambrico-300mbps-multimodo-access-point-repetidor-wisp-2-puertos-lan-10-100-1-puerto-wan-10-100-2-antenas-fijas-externas-5dbi","status":"publish","type":"product","link":"https:\/\/compuviper.mx\/tienda\/producto\/tp-link-mw302r-router-mercusys-inalambrico-300mbps-multimodo-access-point-repetidor-wisp-2-puertos-lan-10-100-1-puerto-wan-10-100-2-antenas-fijas-externas-5dbi\/","title":{"rendered":"Tp Link Mw302r Router Mercusys  Inalambrico 300mbps Multimodo Access Point Repetidor Wisp 2 Puertos Lan 10\/100 1 Puerto Wan 10\/100 2 Antenas Fijas Externas 5dbi"},"content":{"rendered":"<table class=\"descripcion\">\n<tr>\n<td>Puertos ethernet: puertos lan 2 * 10 \/ 100mbps y puerto wan 1 * 10 \/ 100mbps<\/td>\n<\/tr>\n<tr>\n<td>Bot\u00f3n: bot\u00f3n de reinicio<\/td>\n<\/tr>\n<tr>\n<td>Fuente de alimentaci\u00f3n externa: 5v \/ 0.6a<\/td>\n<\/tr>\n<tr>\n<td>Dimensiones (wxdxh): 114 mm \u00d7 94 mm \u00d7 26 mm<\/td>\n<\/tr>\n<tr>\n<td>Tipo de antena: 2 * 5dbi<\/td>\n<\/tr>\n<tr>\n<td>Contenidos del paquete:<\/td>\n<\/tr>\n<tr>\n<td>Enrutador inal\u00e1mbrico n de 300mbps (mw302r)<\/td>\n<\/tr>\n<tr>\n<td>Adaptador de corriente<\/td>\n<\/tr>\n<tr>\n<td>Gu\u00eda de instalaci\u00f3n r\u00e1pida<\/td>\n<\/tr>\n<tr>\n<td>Cable ethernet<\/td>\n<\/tr>\n<tr>\n<td>Est\u00e1ndares c\u00e1mbricos: ieee 802.11b \/ g \/ n<\/td>\n<\/tr>\n<tr>\n<td>Frecuencia: 2.4-2.4835ghz<\/td>\n<\/tr>\n<tr>\n<td>Tasa de se\u00f1al:<\/td>\n<\/tr>\n<tr>\n<td>\u0095 11n: hasta 300mbps (din\u00e1mico)<\/td>\n<\/tr>\n<tr>\n<td>\u0095 11g: hasta 54mbps (din\u00e1mico)<\/td>\n<\/tr>\n<tr>\n<td>\u0095 11b: hasta 11mbps (din\u00e1mico)<\/td>\n<\/tr>\n<tr>\n<td>Sensibilidad de recepci\u00f3n:<\/td>\n<\/tr>\n<tr>\n<td>\u0095 270m: -73dbm @ 10% per<\/td>\n<\/tr>\n<tr>\n<td>\u0095 130m: -75dbm @ 10% per<\/td>\n<\/tr>\n<tr>\n<td>\u0095 54m: -77dbm @ 10% per<\/td>\n<\/tr>\n<tr>\n<td>\u0095 11m: -90dbm @ 10% per<\/td>\n<\/tr>\n<tr>\n<td>\u0095 6 m: -94dbm @ 10% per<\/td>\n<\/tr>\n<tr>\n<td>\u0095 1 m: -96dbm @ 10% por<\/td>\n<\/tr>\n<tr>\n<td>Funciones inal\u00e1mbricas: habilitar \/ deshabilitar radio inal\u00e1mbrica, puente wds<\/td>\n<\/tr>\n<tr>\n<td>Seguridad inal\u00e1mbrica: wpa-psk \/ wpa2-psk<\/td>\n<\/tr>\n<tr>\n<td>Tipo de wan: ip din\u00e1mica \/ ip est\u00e1tica \/ pppoe \/ pptp \/ l2tp<\/td>\n<\/tr>\n<tr>\n<td>Dhcp: servidor<\/td>\n<\/tr>\n<tr>\n<td>Reenv\u00edo de puertos: servidor virtual, upnp, dmz<\/td>\n<\/tr>\n<tr>\n<td>Administraci\u00f3n: control de acceso, gesti\u00f3n local, gesti\u00f3n remota<\/td>\n<\/tr>\n<tr>\n<td>Seguridad de cortafuegos: enlace de direcciones ip y mac<\/td>\n<\/tr>\n<tr>\n<td>Red de invitados: red de invitados de 2.4ghz<\/td>\n<\/tr>\n<tr>\n<td>Protocolos: ipv4, ipv6<\/td>\n<\/tr>\n<tr>\n<td>Ambiente:<\/td>\n<\/tr>\n<tr>\n<td>\u0095 temperatura de funcionamiento: 0 \u00b0 c ~ 40 \u00b0 c (32 \u00b0 f ~ 104 \u00b0 f)<\/td>\n<\/tr>\n<tr>\n<td>\u0095 temperatura de almacenamiento: -40 \u00b0 c ~ 70 \u00b0 c (-40 \u00b0 f ~ 158 \u00b0 f)<\/td>\n<\/tr>\n<tr>\n<td>\u0095 humedad de funcionamiento: 10% ~ 90 % sin condensaci\u00f3n<\/td>\n<\/tr>\n<tr>\n<td>\u0095 humedad de almacenamiento: 5% ~ 90% sin condensaci\u00f3n<\/td>\n<\/tr>\n<tr>\n<td>Poder de transmisi\u00f3n:  20dbm (pire)<\/td>\n<\/tr>\n<\/table>\n","protected":false},"excerpt":{"rendered":"<p>Router inal\u00e1mbrico n multimodo a 300mbps. Mw302r. * wi-fi r\u00e1pido para la vida diaria \u0097 mw302r proporciona conexiones r\u00e1pidas y estables para satisfacer todas sus necesidades de red con velocidades de hasta 300 mbps. * cobertura m\u00e1s amplia \u0097 equipado con antenas externas de alta ganancia para entregar se\u00f1ales fuertes de wi-fi a cada rinc\u00f3n de tu hogar. * multimodo \u0097 cuatro modos en un dispositivo para satisfacer todos los escenarios de aplicaci\u00f3n. Instalaci\u00f3n sencilla \u0097 la p\u00e1gina web intuitiva te gu\u00eda a trav\u00e9s del proceso de configuraci\u00f3n en minutos. * control parental activo \u0097 establece pol\u00edticas de acceso adecuadas para proteger a los ni\u00f1os con un acceso a internet seguro y responsable. * compatible con ipv6 (protocolo de internet versi\u00f3n 6. Wi-fi r\u00e1pido. El mw302r proporciona wi-fi r\u00e1pido y estable para todos tus dispositivos conectados. Las velocidades inal\u00e1mbricas de hasta 300 mbps lo hacen ideal para transmisi\u00f3n hd, juegos en l\u00ednea y descargas r\u00e1pidas de archivos.. 4 modos en 1. Modo de enrutador: modo router: internet mw302r tel\u00e9fonos inteligentes router host. Modo extensor de rango: extiende tu wi-fi existente. Punto de acceso: extiende una red cableada y la hace inal\u00e1mbrica. Modo wisp: se conecta de forma inal\u00e1mbrica a la red isp en \u00e1reas sin servicio por cable. Cobertura m\u00e1s amplia. Dos antenas externas de 5 dbi alimentadas con tecnolog\u00eda de antena avanzada brindan una cobertura inal\u00e1mbrica m\u00e1s amplia e intensidad de se\u00f1al en hogares u oficinas grandes, lo que hace que las conexiones d\u00e9biles sean cosa del pasado. Administra f\u00e1cilmente tu red dom\u00e9stica. Controles parentales: supervisa a los ni\u00f1os o al personal limitando el acceso. Administra cu\u00e1ndo y c\u00f3mo los dispositivos conectados pueden acceder a internet. Red de invitados: permite que los invitados se unan a tu red wi-fi, mientras proteges tu privacidad. Facilitar el intercambio y mantiene la seguridad. Qos: dispositivos prioritarios para mejorar rendimiento cuando sea necesario. Iptv compatible: admite igmp proxy \/ snooping, bridge y tag vlan para optimizar la transmisi\u00f3n de iptv para una experiencia en l\u00ednea superior. Horario de wi-fi: personaliza un horario para apagar autom\u00e1ticamente tu wi-fi. Control led: personaliza un horario para apagar autom\u00e1ticamente tu wi-fi. Seguridad avanzada: el cifrado wpa \/ wpa2 crea una defensa activa contra amenazas de seguridad e intrusos. Ipv6 compatible: te permite disfrutar de los servicios de ipv6 proporcionados por su isp y visitar los sitios web de ipv6.<\/p>\n","protected":false},"featured_media":220917,"comment_status":"open","ping_status":"open","template":"","meta":[],"product_cat":[1563,1753],"product_tag":[1562],"acf":[],"yoast_head":"<!-- This site is optimized with the Yoast SEO plugin v21.7 - https:\/\/yoast.com\/wordpress\/plugins\/seo\/ -->\n<title>[ Tp Link ] &#129351; Mw302r Router Mercusys Inalambrico 300mbps Multimodo Access Point Repetidor Wisp 2 Puertos Lan 10\/100 1 Puerto Wan 10\/100 2 Antenas Fijas Externas 5dbi<\/title>\n<meta name=\"description\" content=\"Compra Mw302r Router Mercusys Inalambrico 300mbps Multimodo Access Point Repetidor Wisp 2 Puertos Lan 10\/100 1 Puerto Wan 10\/100 2 Antenas Fijas Externas 5dbi + Env\u00edo a domicilio + Pago seguro + Garant\u00eda\" \/>\n<meta name=\"robots\" content=\"index, follow, max-snippet:-1, max-image-preview:large, max-video-preview:-1\" \/>\n<link rel=\"canonical\" href=\"https:\/\/compuviper.mx\/tienda\/producto\/tp-link-mw302r-router-mercusys-inalambrico-300mbps-multimodo-access-point-repetidor-wisp-2-puertos-lan-10-100-1-puerto-wan-10-100-2-antenas-fijas-externas-5dbi\/\" \/>\n<meta property=\"og:locale\" content=\"es_MX\" \/>\n<meta property=\"og:type\" content=\"article\" \/>\n<meta property=\"og:title\" content=\"[ Tp Link ] &#129351; Mw302r Router Mercusys Inalambrico 300mbps Multimodo Access Point Repetidor Wisp 2 Puertos Lan 10\/100 1 Puerto Wan 10\/100 2 Antenas Fijas Externas 5dbi\" \/>\n<meta property=\"og:description\" content=\"Compra Mw302r Router Mercusys Inalambrico 300mbps Multimodo Access Point Repetidor Wisp 2 Puertos Lan 10\/100 1 Puerto Wan 10\/100 2 Antenas Fijas Externas 5dbi + Env\u00edo a domicilio + Pago seguro + Garant\u00eda\" \/>\n<meta property=\"og:url\" content=\"https:\/\/compuviper.mx\/tienda\/producto\/tp-link-mw302r-router-mercusys-inalambrico-300mbps-multimodo-access-point-repetidor-wisp-2-puertos-lan-10-100-1-puerto-wan-10-100-2-antenas-fijas-externas-5dbi\/\" \/>\n<meta property=\"og:site_name\" content=\"Compuviper\" \/>\n<meta property=\"article:publisher\" content=\"https:\/\/www.facebook.com\/compuviper\" \/>\n<meta property=\"og:image\" content=\"https:\/\/compuviper.mx\/tienda\/wp-content\/uploads\/2023\/12\/Router-mercusys-mw302r-inalambrico-300mbps-multimodo-access-point-repetidor-wisp-2-puertos-lan-10100-1-puerto-wan-10100-2-antenas-fijas-externas-5dbi.jpg\" \/>\n\t<meta property=\"og:image:width\" content=\"200\" \/>\n\t<meta property=\"og:image:height\" content=\"200\" \/>\n\t<meta property=\"og:image:type\" content=\"image\/jpeg\" \/>\n<meta name=\"twitter:card\" content=\"summary_large_image\" \/>\n<meta name=\"twitter:label1\" content=\"Precio\" \/>\n\t<meta name=\"twitter:data1\" content=\"&#36;162 con IVA\" \/>\n\t<meta name=\"twitter:label2\" content=\"Availability\" \/>\n\t<meta name=\"twitter:data2\" content=\"In stock\" \/>\n<script type=\"application\/ld+json\" class=\"yoast-schema-graph\">{\"@context\":\"https:\/\/schema.org\",\"@graph\":[{\"@type\":\"WebPage\",\"@id\":\"https:\/\/compuviper.mx\/tienda\/producto\/tp-link-mw302r-router-mercusys-inalambrico-300mbps-multimodo-access-point-repetidor-wisp-2-puertos-lan-10-100-1-puerto-wan-10-100-2-antenas-fijas-externas-5dbi\/\",\"url\":\"https:\/\/compuviper.mx\/tienda\/producto\/tp-link-mw302r-router-mercusys-inalambrico-300mbps-multimodo-access-point-repetidor-wisp-2-puertos-lan-10-100-1-puerto-wan-10-100-2-antenas-fijas-externas-5dbi\/\",\"name\":\"[ Tp Link ] &#129351; Mw302r Router Mercusys Inalambrico 300mbps Multimodo Access Point Repetidor Wisp 2 Puertos Lan 10\/100 1 Puerto Wan 10\/100 2 Antenas Fijas Externas 5dbi\",\"isPartOf\":{\"@id\":\"https:\/\/compuviper.mx\/tienda\/#website\"},\"datePublished\":\"2026-04-02T07:03:28+00:00\",\"dateModified\":\"2026-04-02T07:03:28+00:00\",\"description\":\"Compra Mw302r Router Mercusys Inalambrico 300mbps Multimodo Access Point Repetidor Wisp 2 Puertos Lan 10\/100 1 Puerto Wan 10\/100 2 Antenas Fijas Externas 5dbi + Env\u00edo a domicilio + Pago seguro + Garant\u00eda\",\"breadcrumb\":{\"@id\":\"https:\/\/compuviper.mx\/tienda\/producto\/tp-link-mw302r-router-mercusys-inalambrico-300mbps-multimodo-access-point-repetidor-wisp-2-puertos-lan-10-100-1-puerto-wan-10-100-2-antenas-fijas-externas-5dbi\/#breadcrumb\"},\"inLanguage\":\"es-MX\",\"potentialAction\":[{\"@type\":\"ReadAction\",\"target\":[\"https:\/\/compuviper.mx\/tienda\/producto\/tp-link-mw302r-router-mercusys-inalambrico-300mbps-multimodo-access-point-repetidor-wisp-2-puertos-lan-10-100-1-puerto-wan-10-100-2-antenas-fijas-externas-5dbi\/\"]}]},{\"@type\":\"BreadcrumbList\",\"@id\":\"https:\/\/compuviper.mx\/tienda\/producto\/tp-link-mw302r-router-mercusys-inalambrico-300mbps-multimodo-access-point-repetidor-wisp-2-puertos-lan-10-100-1-puerto-wan-10-100-2-antenas-fijas-externas-5dbi\/#breadcrumb\",\"itemListElement\":[{\"@type\":\"ListItem\",\"position\":1,\"name\":\"Inicio\",\"item\":\"https:\/\/compuviper.mx\/tienda\/\"},{\"@type\":\"ListItem\",\"position\":2,\"name\":\"Productos\",\"item\":\"https:\/\/compuviper.mx\/tienda\/productos\/\"},{\"@type\":\"ListItem\",\"position\":3,\"name\":\"Redes\",\"item\":\"https:\/\/compuviper.mx\/tienda\/categoria-producto\/redes\/\"},{\"@type\":\"ListItem\",\"position\":4,\"name\":\"Router\",\"item\":\"https:\/\/compuviper.mx\/tienda\/categoria-producto\/redes\/router\/\"},{\"@type\":\"ListItem\",\"position\":5,\"name\":\"Tp Link Mw302r Router Mercusys Inalambrico 300mbps Multimodo Access Point Repetidor Wisp 2 Puertos Lan 10\/100 1 Puerto Wan 10\/100 2 Antenas Fijas Externas 5dbi\"}]},{\"@type\":\"WebSite\",\"@id\":\"https:\/\/compuviper.mx\/tienda\/#website\",\"url\":\"https:\/\/compuviper.mx\/tienda\/\",\"name\":\"Compuviper\",\"description\":\"Proveedor de Computadoras, Laptops, Servidores, Monitores, Puntos de Venta, Teclados,   Impresoras, T\u00f3ner, C\u00e1maras de Seguridad y m\u00e1s en tu tienda en l\u00ednea\",\"publisher\":{\"@id\":\"https:\/\/compuviper.mx\/tienda\/#organization\"},\"potentialAction\":[{\"@type\":\"SearchAction\",\"target\":{\"@type\":\"EntryPoint\",\"urlTemplate\":\"https:\/\/compuviper.mx\/tienda\/?s={search_term_string}\"},\"query-input\":\"required name=search_term_string\"}],\"inLanguage\":\"es-MX\"},{\"@type\":\"Organization\",\"@id\":\"https:\/\/compuviper.mx\/tienda\/#organization\",\"name\":\"Compuviper\",\"url\":\"https:\/\/compuviper.mx\/tienda\/\",\"logo\":{\"@type\":\"ImageObject\",\"inLanguage\":\"es-MX\",\"@id\":\"https:\/\/compuviper.mx\/tienda\/#\/schema\/logo\/image\/\",\"url\":\"https:\/\/compuviper.mx\/tienda\/wp-content\/uploads\/2021\/08\/Logo-Compuviper-10.png\",\"contentUrl\":\"https:\/\/compuviper.mx\/tienda\/wp-content\/uploads\/2021\/08\/Logo-Compuviper-10.png\",\"width\":1000,\"height\":500,\"caption\":\"Compuviper\"},\"image\":{\"@id\":\"https:\/\/compuviper.mx\/tienda\/#\/schema\/logo\/image\/\"},\"sameAs\":[\"https:\/\/www.facebook.com\/compuviper\",\"https:\/\/www.youtube.com\/channel\/UCf73dERp9Y3cfOq7q8BhLjA?view_as=subscriber\"]}]}<\/script>\n<meta property=\"product:brand\" content=\"TP LINK\" \/>\n<meta property=\"product:price:amount\" content=\"162\" \/>\n<meta property=\"product:price:currency\" content=\"MXN\" \/>\n<meta property=\"og:availability\" content=\"instock\" \/>\n<meta property=\"product:availability\" content=\"instock\" \/>\n<meta property=\"product:retailer_item_id\" content=\"MW302R\" \/>\n<meta property=\"product:condition\" content=\"new\" \/>\n<!-- \/ Yoast SEO plugin. -->","yoast_head_json":{"title":"[ Tp Link ] &#129351; Mw302r Router Mercusys Inalambrico 300mbps Multimodo Access Point Repetidor Wisp 2 Puertos Lan 10\/100 1 Puerto Wan 10\/100 2 Antenas Fijas Externas 5dbi","description":"Compra Mw302r Router Mercusys Inalambrico 300mbps Multimodo Access Point Repetidor Wisp 2 Puertos Lan 10\/100 1 Puerto Wan 10\/100 2 Antenas Fijas Externas 5dbi + Env\u00edo a domicilio + Pago seguro + Garant\u00eda","robots":{"index":"index","follow":"follow","max-snippet":"max-snippet:-1","max-image-preview":"max-image-preview:large","max-video-preview":"max-video-preview:-1"},"canonical":"https:\/\/compuviper.mx\/tienda\/producto\/tp-link-mw302r-router-mercusys-inalambrico-300mbps-multimodo-access-point-repetidor-wisp-2-puertos-lan-10-100-1-puerto-wan-10-100-2-antenas-fijas-externas-5dbi\/","og_locale":"es_MX","og_type":"article","og_title":"[ Tp Link ] &#129351; Mw302r Router Mercusys Inalambrico 300mbps Multimodo Access Point Repetidor Wisp 2 Puertos Lan 10\/100 1 Puerto Wan 10\/100 2 Antenas Fijas Externas 5dbi","og_description":"Compra Mw302r Router Mercusys Inalambrico 300mbps Multimodo Access Point Repetidor Wisp 2 Puertos Lan 10\/100 1 Puerto Wan 10\/100 2 Antenas Fijas Externas 5dbi + Env\u00edo a domicilio + Pago seguro + Garant\u00eda","og_url":"https:\/\/compuviper.mx\/tienda\/producto\/tp-link-mw302r-router-mercusys-inalambrico-300mbps-multimodo-access-point-repetidor-wisp-2-puertos-lan-10-100-1-puerto-wan-10-100-2-antenas-fijas-externas-5dbi\/","og_site_name":"Compuviper","article_publisher":"https:\/\/www.facebook.com\/compuviper","og_image":[{"width":200,"height":200,"url":"https:\/\/compuviper.mx\/tienda\/wp-content\/uploads\/2023\/12\/Router-mercusys-mw302r-inalambrico-300mbps-multimodo-access-point-repetidor-wisp-2-puertos-lan-10100-1-puerto-wan-10100-2-antenas-fijas-externas-5dbi.jpg","type":"image\/jpeg"}],"twitter_card":"summary_large_image","twitter_misc":{"Precio":"&#36;162 con IVA","Availability":"In stock"},"schema":{"@context":"https:\/\/schema.org","@graph":[{"@type":"WebPage","@id":"https:\/\/compuviper.mx\/tienda\/producto\/tp-link-mw302r-router-mercusys-inalambrico-300mbps-multimodo-access-point-repetidor-wisp-2-puertos-lan-10-100-1-puerto-wan-10-100-2-antenas-fijas-externas-5dbi\/","url":"https:\/\/compuviper.mx\/tienda\/producto\/tp-link-mw302r-router-mercusys-inalambrico-300mbps-multimodo-access-point-repetidor-wisp-2-puertos-lan-10-100-1-puerto-wan-10-100-2-antenas-fijas-externas-5dbi\/","name":"[ Tp Link ] &#129351; Mw302r Router Mercusys Inalambrico 300mbps Multimodo Access Point Repetidor Wisp 2 Puertos Lan 10\/100 1 Puerto Wan 10\/100 2 Antenas Fijas Externas 5dbi","isPartOf":{"@id":"https:\/\/compuviper.mx\/tienda\/#website"},"datePublished":"2026-04-02T07:03:28+00:00","dateModified":"2026-04-02T07:03:28+00:00","description":"Compra Mw302r Router Mercusys Inalambrico 300mbps Multimodo Access Point Repetidor Wisp 2 Puertos Lan 10\/100 1 Puerto Wan 10\/100 2 Antenas Fijas Externas 5dbi + Env\u00edo a domicilio + Pago seguro + Garant\u00eda","breadcrumb":{"@id":"https:\/\/compuviper.mx\/tienda\/producto\/tp-link-mw302r-router-mercusys-inalambrico-300mbps-multimodo-access-point-repetidor-wisp-2-puertos-lan-10-100-1-puerto-wan-10-100-2-antenas-fijas-externas-5dbi\/#breadcrumb"},"inLanguage":"es-MX","potentialAction":[{"@type":"ReadAction","target":["https:\/\/compuviper.mx\/tienda\/producto\/tp-link-mw302r-router-mercusys-inalambrico-300mbps-multimodo-access-point-repetidor-wisp-2-puertos-lan-10-100-1-puerto-wan-10-100-2-antenas-fijas-externas-5dbi\/"]}]},{"@type":"BreadcrumbList","@id":"https:\/\/compuviper.mx\/tienda\/producto\/tp-link-mw302r-router-mercusys-inalambrico-300mbps-multimodo-access-point-repetidor-wisp-2-puertos-lan-10-100-1-puerto-wan-10-100-2-antenas-fijas-externas-5dbi\/#breadcrumb","itemListElement":[{"@type":"ListItem","position":1,"name":"Inicio","item":"https:\/\/compuviper.mx\/tienda\/"},{"@type":"ListItem","position":2,"name":"Productos","item":"https:\/\/compuviper.mx\/tienda\/productos\/"},{"@type":"ListItem","position":3,"name":"Redes","item":"https:\/\/compuviper.mx\/tienda\/categoria-producto\/redes\/"},{"@type":"ListItem","position":4,"name":"Router","item":"https:\/\/compuviper.mx\/tienda\/categoria-producto\/redes\/router\/"},{"@type":"ListItem","position":5,"name":"Tp Link Mw302r Router Mercusys Inalambrico 300mbps Multimodo Access Point Repetidor Wisp 2 Puertos Lan 10\/100 1 Puerto Wan 10\/100 2 Antenas Fijas Externas 5dbi"}]},{"@type":"WebSite","@id":"https:\/\/compuviper.mx\/tienda\/#website","url":"https:\/\/compuviper.mx\/tienda\/","name":"Compuviper","description":"Proveedor de Computadoras, Laptops, Servidores, Monitores, Puntos de Venta, Teclados,   Impresoras, T\u00f3ner, C\u00e1maras de Seguridad y m\u00e1s en tu tienda en l\u00ednea","publisher":{"@id":"https:\/\/compuviper.mx\/tienda\/#organization"},"potentialAction":[{"@type":"SearchAction","target":{"@type":"EntryPoint","urlTemplate":"https:\/\/compuviper.mx\/tienda\/?s={search_term_string}"},"query-input":"required name=search_term_string"}],"inLanguage":"es-MX"},{"@type":"Organization","@id":"https:\/\/compuviper.mx\/tienda\/#organization","name":"Compuviper","url":"https:\/\/compuviper.mx\/tienda\/","logo":{"@type":"ImageObject","inLanguage":"es-MX","@id":"https:\/\/compuviper.mx\/tienda\/#\/schema\/logo\/image\/","url":"https:\/\/compuviper.mx\/tienda\/wp-content\/uploads\/2021\/08\/Logo-Compuviper-10.png","contentUrl":"https:\/\/compuviper.mx\/tienda\/wp-content\/uploads\/2021\/08\/Logo-Compuviper-10.png","width":1000,"height":500,"caption":"Compuviper"},"image":{"@id":"https:\/\/compuviper.mx\/tienda\/#\/schema\/logo\/image\/"},"sameAs":["https:\/\/www.facebook.com\/compuviper","https:\/\/www.youtube.com\/channel\/UCf73dERp9Y3cfOq7q8BhLjA?view_as=subscriber"]}]},"product_brand":"TP LINK","product_price_amount":"162","product_price_currency":"MXN","og_availability":"instock","product_availability":"instock","product_retailer_item_id":"MW302R","product_condition":"new"},"_links":{"self":[{"href":"https:\/\/compuviper.mx\/tienda\/wp-json\/wp\/v2\/product\/220916"}],"collection":[{"href":"https:\/\/compuviper.mx\/tienda\/wp-json\/wp\/v2\/product"}],"about":[{"href":"https:\/\/compuviper.mx\/tienda\/wp-json\/wp\/v2\/types\/product"}],"replies":[{"embeddable":true,"href":"https:\/\/compuviper.mx\/tienda\/wp-json\/wp\/v2\/comments?post=220916"}],"wp:featuredmedia":[{"embeddable":true,"href":"https:\/\/compuviper.mx\/tienda\/wp-json\/wp\/v2\/media\/220917"}],"wp:attachment":[{"href":"https:\/\/compuviper.mx\/tienda\/wp-json\/wp\/v2\/media?parent=220916"}],"wp:term":[{"taxonomy":"product_cat","embeddable":true,"href":"https:\/\/compuviper.mx\/tienda\/wp-json\/wp\/v2\/product_cat?post=220916"},{"taxonomy":"product_tag","embeddable":true,"href":"https:\/\/compuviper.mx\/tienda\/wp-json\/wp\/v2\/product_tag?post=220916"}],"curies":[{"name":"wp","href":"https:\/\/api.w.org\/{rel}","templated":true}]}}