{"id":220900,"date":"2026-04-21T01:13:34","date_gmt":"2026-04-21T07:13:34","guid":{"rendered":"https:\/\/compuviper.mx\/tienda\/producto\/hewlett-packard-enterprise-jz336a-access-point-hpe-aruba-ap-535-rw-radio-dual-4x44-802-11ax-con-antenas-internas\/"},"modified":"2026-04-21T01:13:34","modified_gmt":"2026-04-21T07:13:34","slug":"hewlett-packard-enterprise-jz336a-access-point-hpe-aruba-ap-535-rw-radio-dual-4x44-802-11ax-con-antenas-internas","status":"publish","type":"product","link":"https:\/\/compuviper.mx\/tienda\/producto\/hewlett-packard-enterprise-jz336a-access-point-hpe-aruba-ap-535-rw-radio-dual-4x44-802-11ax-con-antenas-internas\/","title":{"rendered":"Hewlett Packard Enterprise Jz336a Access Point Hpe Aruba  Ap-535 (rw) Radio Dual 4&#215;4:4 802.11ax Con Antenas Internas"},"content":{"rendered":"<table class=\"descripcion\">\n<tr>\n<td>Puertos: (2) puerto hpe smartrate rj-45 (velocidad m\u00e1xima negociada de 5 gbps)<\/td>\n<\/tr>\n<tr>\n<td>Instalaci\u00f3n: el soporte de montaje se instal\u00f3 previamente en la parte posterior del punto de acceso. este soporte se usa para asegurar el punto de acceso en cualquiera de los kits de montaje de aruba (se venden por separado).<\/td>\n<\/tr>\n<tr>\n<td>Voltaje de entrada: ieee 802,3 bt (clase 5) o 802,3 at poe o corriente directa (a trav\u00e9s de la fuente de alimentaci\u00f3n opcional)<\/td>\n<\/tr>\n<tr>\n<td>Consumo de energ\u00eda: funciona con poe (802.3bt o dual 802.3at): funciona con poe de 30 w (802.3at, ipm habilitado): funciona con 25 w dc: 29 w m\u00e1ximo (peor escenario).<\/td>\n<\/tr>\n<tr>\n<td>Dimensiones m\u00ednimas (alto x ancho x fondo): 57 x 240 x 240 mm (ap-534), 80 mm x 270 x 270 mm (ap-535).<\/td>\n<\/tr>\n<tr>\n<td>Peso: 1,0 kg<\/td>\n<\/tr>\n<\/table>\n","protected":false},"excerpt":{"rendered":"<p>Los puntos de acceso aruba de la serie 530 para campus con tecnolog\u00eda ieee 802.11ax est\u00e1n dise\u00f1ados para proporcionar acceso de rendimiento extremo para dispositivos iot y m\u00f3viles en entornos en los que la densidad del dispositivo es muy alta. La serie 530 de aruba usa caracter\u00edsticas 802.11ax para servir m\u00faltiples clientes y tipos de tr\u00e1ficos de manera eficiente y simult\u00e1nea en entornos densos, lo que incrementa las velocidades de transferencia de datos en dispositivos individuales y el sistema en general. La serie 530 admite velocidades de transferencia de datos m\u00e1ximas de 2,4 gbps en la banda de 5 ghz y 1150 mbps en la banda de 2,4 ghz (para lograr una velocidad de transferencia de datos m\u00e1xima de 3,55 gbps). Cada punto de acceso admite hasta 1024 dispositivos cliente asociados por radio, lo que permite que los puntos de acceso de la serie 530 802.11ax de alta tecnolog\u00eda sean ideales para entornos de alta densidad, como institutos, k12, tiendas minoristas, hoteles y entornos de trabajo digitales.<\/p>\n","protected":false},"featured_media":220901,"comment_status":"open","ping_status":"open","template":"","meta":[],"product_cat":[1563,1754],"product_tag":[1568],"acf":[],"yoast_head":"<!-- This site is optimized with the Yoast SEO plugin v21.7 - https:\/\/yoast.com\/wordpress\/plugins\/seo\/ -->\n<title>[ Hewlett Packard Enterprise ] &#129351; Jz336a Access Point Hpe Aruba Ap-535 (rw) Radio Dual 4x4:4 802.11ax Con Antenas Internas<\/title>\n<meta name=\"description\" content=\"Compra Jz336a Access Point Hpe Aruba Ap-535 (rw) Radio Dual 4x4:4 802.11ax Con Antenas Internas + Env\u00edo a domicilio + Pago seguro + Garant\u00eda\" \/>\n<meta name=\"robots\" content=\"index, follow, max-snippet:-1, max-image-preview:large, max-video-preview:-1\" \/>\n<link rel=\"canonical\" href=\"https:\/\/compuviper.mx\/tienda\/producto\/hewlett-packard-enterprise-jz336a-access-point-hpe-aruba-ap-535-rw-radio-dual-4x44-802-11ax-con-antenas-internas\/\" \/>\n<meta property=\"og:locale\" content=\"es_MX\" \/>\n<meta property=\"og:type\" content=\"article\" \/>\n<meta property=\"og:title\" content=\"[ Hewlett Packard Enterprise ] &#129351; Jz336a Access Point Hpe Aruba Ap-535 (rw) Radio Dual 4x4:4 802.11ax Con Antenas Internas\" \/>\n<meta property=\"og:description\" content=\"Compra Jz336a Access Point Hpe Aruba Ap-535 (rw) Radio Dual 4x4:4 802.11ax Con Antenas Internas + Env\u00edo a domicilio + Pago seguro + Garant\u00eda\" \/>\n<meta property=\"og:url\" content=\"https:\/\/compuviper.mx\/tienda\/producto\/hewlett-packard-enterprise-jz336a-access-point-hpe-aruba-ap-535-rw-radio-dual-4x44-802-11ax-con-antenas-internas\/\" \/>\n<meta property=\"og:site_name\" content=\"Compuviper\" \/>\n<meta property=\"article:publisher\" content=\"https:\/\/www.facebook.com\/compuviper\" \/>\n<meta property=\"og:image\" content=\"https:\/\/compuviper.mx\/tienda\/wp-content\/uploads\/2023\/12\/Access-point-hpe-aruba-jz336a-ap-535-rw-radio-dual-4x44-802.11ax-con-antenas-internas.jpg\" \/>\n\t<meta property=\"og:image:width\" content=\"200\" \/>\n\t<meta property=\"og:image:height\" content=\"200\" \/>\n\t<meta property=\"og:image:type\" content=\"image\/jpeg\" \/>\n<meta name=\"twitter:card\" content=\"summary_large_image\" \/>\n<meta name=\"twitter:label1\" content=\"Precio\" \/>\n\t<meta name=\"twitter:data1\" content=\"&#36;29,384 &#36;18,112 con IVA\" \/>\n\t<meta name=\"twitter:label2\" content=\"Availability\" \/>\n\t<meta name=\"twitter:data2\" content=\"In stock\" \/>\n<script type=\"application\/ld+json\" class=\"yoast-schema-graph\">{\"@context\":\"https:\/\/schema.org\",\"@graph\":[{\"@type\":\"WebPage\",\"@id\":\"https:\/\/compuviper.mx\/tienda\/producto\/hewlett-packard-enterprise-jz336a-access-point-hpe-aruba-ap-535-rw-radio-dual-4x44-802-11ax-con-antenas-internas\/\",\"url\":\"https:\/\/compuviper.mx\/tienda\/producto\/hewlett-packard-enterprise-jz336a-access-point-hpe-aruba-ap-535-rw-radio-dual-4x44-802-11ax-con-antenas-internas\/\",\"name\":\"[ Hewlett Packard Enterprise ] &#129351; Jz336a Access Point Hpe Aruba Ap-535 (rw) Radio Dual 4x4:4 802.11ax Con Antenas Internas\",\"isPartOf\":{\"@id\":\"https:\/\/compuviper.mx\/tienda\/#website\"},\"datePublished\":\"2026-04-21T07:13:34+00:00\",\"dateModified\":\"2026-04-21T07:13:34+00:00\",\"description\":\"Compra Jz336a Access Point Hpe Aruba Ap-535 (rw) Radio Dual 4x4:4 802.11ax Con Antenas Internas + Env\u00edo a domicilio + Pago seguro + Garant\u00eda\",\"breadcrumb\":{\"@id\":\"https:\/\/compuviper.mx\/tienda\/producto\/hewlett-packard-enterprise-jz336a-access-point-hpe-aruba-ap-535-rw-radio-dual-4x44-802-11ax-con-antenas-internas\/#breadcrumb\"},\"inLanguage\":\"es-MX\",\"potentialAction\":[{\"@type\":\"ReadAction\",\"target\":[\"https:\/\/compuviper.mx\/tienda\/producto\/hewlett-packard-enterprise-jz336a-access-point-hpe-aruba-ap-535-rw-radio-dual-4x44-802-11ax-con-antenas-internas\/\"]}]},{\"@type\":\"BreadcrumbList\",\"@id\":\"https:\/\/compuviper.mx\/tienda\/producto\/hewlett-packard-enterprise-jz336a-access-point-hpe-aruba-ap-535-rw-radio-dual-4x44-802-11ax-con-antenas-internas\/#breadcrumb\",\"itemListElement\":[{\"@type\":\"ListItem\",\"position\":1,\"name\":\"Inicio\",\"item\":\"https:\/\/compuviper.mx\/tienda\/\"},{\"@type\":\"ListItem\",\"position\":2,\"name\":\"Productos\",\"item\":\"https:\/\/compuviper.mx\/tienda\/productos\/\"},{\"@type\":\"ListItem\",\"position\":3,\"name\":\"Redes\",\"item\":\"https:\/\/compuviper.mx\/tienda\/categoria-producto\/redes\/\"},{\"@type\":\"ListItem\",\"position\":4,\"name\":\"Access Point\",\"item\":\"https:\/\/compuviper.mx\/tienda\/categoria-producto\/redes\/access-point\/\"},{\"@type\":\"ListItem\",\"position\":5,\"name\":\"Hewlett Packard Enterprise Jz336a Access Point Hpe Aruba Ap-535 (rw) Radio Dual 4&#215;4:4 802.11ax Con Antenas Internas\"}]},{\"@type\":\"WebSite\",\"@id\":\"https:\/\/compuviper.mx\/tienda\/#website\",\"url\":\"https:\/\/compuviper.mx\/tienda\/\",\"name\":\"Compuviper\",\"description\":\"Proveedor de Computadoras, Laptops, Servidores, Monitores, Puntos de Venta, Teclados,   Impresoras, T\u00f3ner, C\u00e1maras de Seguridad y m\u00e1s en tu tienda en l\u00ednea\",\"publisher\":{\"@id\":\"https:\/\/compuviper.mx\/tienda\/#organization\"},\"potentialAction\":[{\"@type\":\"SearchAction\",\"target\":{\"@type\":\"EntryPoint\",\"urlTemplate\":\"https:\/\/compuviper.mx\/tienda\/?s={search_term_string}\"},\"query-input\":\"required name=search_term_string\"}],\"inLanguage\":\"es-MX\"},{\"@type\":\"Organization\",\"@id\":\"https:\/\/compuviper.mx\/tienda\/#organization\",\"name\":\"Compuviper\",\"url\":\"https:\/\/compuviper.mx\/tienda\/\",\"logo\":{\"@type\":\"ImageObject\",\"inLanguage\":\"es-MX\",\"@id\":\"https:\/\/compuviper.mx\/tienda\/#\/schema\/logo\/image\/\",\"url\":\"https:\/\/compuviper.mx\/tienda\/wp-content\/uploads\/2021\/08\/Logo-Compuviper-10.png\",\"contentUrl\":\"https:\/\/compuviper.mx\/tienda\/wp-content\/uploads\/2021\/08\/Logo-Compuviper-10.png\",\"width\":1000,\"height\":500,\"caption\":\"Compuviper\"},\"image\":{\"@id\":\"https:\/\/compuviper.mx\/tienda\/#\/schema\/logo\/image\/\"},\"sameAs\":[\"https:\/\/www.facebook.com\/compuviper\",\"https:\/\/www.youtube.com\/channel\/UCf73dERp9Y3cfOq7q8BhLjA?view_as=subscriber\"]}]}<\/script>\n<meta property=\"product:brand\" content=\"HEWLETT PACKARD ENTERPRISE\" \/>\n<meta property=\"product:price:amount\" content=\"18112\" \/>\n<meta property=\"product:price:currency\" content=\"MXN\" \/>\n<meta property=\"og:availability\" content=\"instock\" \/>\n<meta property=\"product:availability\" content=\"instock\" \/>\n<meta property=\"product:retailer_item_id\" content=\"JZ336A\" \/>\n<meta property=\"product:condition\" content=\"new\" \/>\n<!-- \/ Yoast SEO plugin. -->","yoast_head_json":{"title":"[ Hewlett Packard Enterprise ] &#129351; Jz336a Access Point Hpe Aruba Ap-535 (rw) Radio Dual 4x4:4 802.11ax Con Antenas Internas","description":"Compra Jz336a Access Point Hpe Aruba Ap-535 (rw) Radio Dual 4x4:4 802.11ax Con Antenas Internas + Env\u00edo a domicilio + Pago seguro + Garant\u00eda","robots":{"index":"index","follow":"follow","max-snippet":"max-snippet:-1","max-image-preview":"max-image-preview:large","max-video-preview":"max-video-preview:-1"},"canonical":"https:\/\/compuviper.mx\/tienda\/producto\/hewlett-packard-enterprise-jz336a-access-point-hpe-aruba-ap-535-rw-radio-dual-4x44-802-11ax-con-antenas-internas\/","og_locale":"es_MX","og_type":"article","og_title":"[ Hewlett Packard Enterprise ] &#129351; Jz336a Access Point Hpe Aruba Ap-535 (rw) Radio Dual 4x4:4 802.11ax Con Antenas Internas","og_description":"Compra Jz336a Access Point Hpe Aruba Ap-535 (rw) Radio Dual 4x4:4 802.11ax Con Antenas Internas + Env\u00edo a domicilio + Pago seguro + Garant\u00eda","og_url":"https:\/\/compuviper.mx\/tienda\/producto\/hewlett-packard-enterprise-jz336a-access-point-hpe-aruba-ap-535-rw-radio-dual-4x44-802-11ax-con-antenas-internas\/","og_site_name":"Compuviper","article_publisher":"https:\/\/www.facebook.com\/compuviper","og_image":[{"width":200,"height":200,"url":"https:\/\/compuviper.mx\/tienda\/wp-content\/uploads\/2023\/12\/Access-point-hpe-aruba-jz336a-ap-535-rw-radio-dual-4x44-802.11ax-con-antenas-internas.jpg","type":"image\/jpeg"}],"twitter_card":"summary_large_image","twitter_misc":{"Precio":"&#36;29,384 &#36;18,112 con IVA","Availability":"In stock"},"schema":{"@context":"https:\/\/schema.org","@graph":[{"@type":"WebPage","@id":"https:\/\/compuviper.mx\/tienda\/producto\/hewlett-packard-enterprise-jz336a-access-point-hpe-aruba-ap-535-rw-radio-dual-4x44-802-11ax-con-antenas-internas\/","url":"https:\/\/compuviper.mx\/tienda\/producto\/hewlett-packard-enterprise-jz336a-access-point-hpe-aruba-ap-535-rw-radio-dual-4x44-802-11ax-con-antenas-internas\/","name":"[ Hewlett Packard Enterprise ] &#129351; Jz336a Access Point Hpe Aruba Ap-535 (rw) Radio Dual 4x4:4 802.11ax Con Antenas Internas","isPartOf":{"@id":"https:\/\/compuviper.mx\/tienda\/#website"},"datePublished":"2026-04-21T07:13:34+00:00","dateModified":"2026-04-21T07:13:34+00:00","description":"Compra Jz336a Access Point Hpe Aruba Ap-535 (rw) Radio Dual 4x4:4 802.11ax Con Antenas Internas + Env\u00edo a domicilio + Pago seguro + Garant\u00eda","breadcrumb":{"@id":"https:\/\/compuviper.mx\/tienda\/producto\/hewlett-packard-enterprise-jz336a-access-point-hpe-aruba-ap-535-rw-radio-dual-4x44-802-11ax-con-antenas-internas\/#breadcrumb"},"inLanguage":"es-MX","potentialAction":[{"@type":"ReadAction","target":["https:\/\/compuviper.mx\/tienda\/producto\/hewlett-packard-enterprise-jz336a-access-point-hpe-aruba-ap-535-rw-radio-dual-4x44-802-11ax-con-antenas-internas\/"]}]},{"@type":"BreadcrumbList","@id":"https:\/\/compuviper.mx\/tienda\/producto\/hewlett-packard-enterprise-jz336a-access-point-hpe-aruba-ap-535-rw-radio-dual-4x44-802-11ax-con-antenas-internas\/#breadcrumb","itemListElement":[{"@type":"ListItem","position":1,"name":"Inicio","item":"https:\/\/compuviper.mx\/tienda\/"},{"@type":"ListItem","position":2,"name":"Productos","item":"https:\/\/compuviper.mx\/tienda\/productos\/"},{"@type":"ListItem","position":3,"name":"Redes","item":"https:\/\/compuviper.mx\/tienda\/categoria-producto\/redes\/"},{"@type":"ListItem","position":4,"name":"Access Point","item":"https:\/\/compuviper.mx\/tienda\/categoria-producto\/redes\/access-point\/"},{"@type":"ListItem","position":5,"name":"Hewlett Packard Enterprise Jz336a Access Point Hpe Aruba Ap-535 (rw) Radio Dual 4&#215;4:4 802.11ax Con Antenas Internas"}]},{"@type":"WebSite","@id":"https:\/\/compuviper.mx\/tienda\/#website","url":"https:\/\/compuviper.mx\/tienda\/","name":"Compuviper","description":"Proveedor de Computadoras, Laptops, Servidores, Monitores, Puntos de Venta, Teclados,   Impresoras, T\u00f3ner, C\u00e1maras de Seguridad y m\u00e1s en tu tienda en l\u00ednea","publisher":{"@id":"https:\/\/compuviper.mx\/tienda\/#organization"},"potentialAction":[{"@type":"SearchAction","target":{"@type":"EntryPoint","urlTemplate":"https:\/\/compuviper.mx\/tienda\/?s={search_term_string}"},"query-input":"required name=search_term_string"}],"inLanguage":"es-MX"},{"@type":"Organization","@id":"https:\/\/compuviper.mx\/tienda\/#organization","name":"Compuviper","url":"https:\/\/compuviper.mx\/tienda\/","logo":{"@type":"ImageObject","inLanguage":"es-MX","@id":"https:\/\/compuviper.mx\/tienda\/#\/schema\/logo\/image\/","url":"https:\/\/compuviper.mx\/tienda\/wp-content\/uploads\/2021\/08\/Logo-Compuviper-10.png","contentUrl":"https:\/\/compuviper.mx\/tienda\/wp-content\/uploads\/2021\/08\/Logo-Compuviper-10.png","width":1000,"height":500,"caption":"Compuviper"},"image":{"@id":"https:\/\/compuviper.mx\/tienda\/#\/schema\/logo\/image\/"},"sameAs":["https:\/\/www.facebook.com\/compuviper","https:\/\/www.youtube.com\/channel\/UCf73dERp9Y3cfOq7q8BhLjA?view_as=subscriber"]}]},"product_brand":"HEWLETT PACKARD ENTERPRISE","product_price_amount":"18112","product_price_currency":"MXN","og_availability":"instock","product_availability":"instock","product_retailer_item_id":"JZ336A","product_condition":"new"},"_links":{"self":[{"href":"https:\/\/compuviper.mx\/tienda\/wp-json\/wp\/v2\/product\/220900"}],"collection":[{"href":"https:\/\/compuviper.mx\/tienda\/wp-json\/wp\/v2\/product"}],"about":[{"href":"https:\/\/compuviper.mx\/tienda\/wp-json\/wp\/v2\/types\/product"}],"replies":[{"embeddable":true,"href":"https:\/\/compuviper.mx\/tienda\/wp-json\/wp\/v2\/comments?post=220900"}],"wp:featuredmedia":[{"embeddable":true,"href":"https:\/\/compuviper.mx\/tienda\/wp-json\/wp\/v2\/media\/220901"}],"wp:attachment":[{"href":"https:\/\/compuviper.mx\/tienda\/wp-json\/wp\/v2\/media?parent=220900"}],"wp:term":[{"taxonomy":"product_cat","embeddable":true,"href":"https:\/\/compuviper.mx\/tienda\/wp-json\/wp\/v2\/product_cat?post=220900"},{"taxonomy":"product_tag","embeddable":true,"href":"https:\/\/compuviper.mx\/tienda\/wp-json\/wp\/v2\/product_tag?post=220900"}],"curies":[{"name":"wp","href":"https:\/\/api.w.org\/{rel}","templated":true}]}}