{"id":220890,"date":"2026-04-18T01:07:38","date_gmt":"2026-04-18T07:07:38","guid":{"rendered":"https:\/\/compuviper.mx\/tienda\/producto\/tp-link-archer-c80-router-tp-link-inalambrico-ac1900-banda-dual-2-4ghz-a-600mbps-y-5ghz-a-1300mbps-modo-router-y-access-point-sustituye-a-archer-c7\/"},"modified":"2026-04-18T01:07:38","modified_gmt":"2026-04-18T07:07:38","slug":"tp-link-archer-c80-router-tp-link-inalambrico-ac1900-banda-dual-2-4ghz-a-600mbps-y-5ghz-a-1300mbps-modo-router-y-access-point-sustituye-a-archer-c7","status":"publish","type":"product","link":"https:\/\/compuviper.mx\/tienda\/producto\/tp-link-archer-c80-router-tp-link-inalambrico-ac1900-banda-dual-2-4ghz-a-600mbps-y-5ghz-a-1300mbps-modo-router-y-access-point-sustituye-a-archer-c7\/","title":{"rendered":"Tp Link Archer C80 Router |tp-link |  | Inalambrico | Ac1900 Banda Dual 2.4ghz A 600mbps Y 5ghz A 1300mbps | Modo Router Y Access Point | Sustituye A Archer C7"},"content":{"rendered":"<table class=\"descripcion\">\n<tr>\n<td>Caracter\u00edsticas de hardware<\/td>\n<\/tr>\n<tr>\n<td>Interfaz 4 puertos lan 10\/100 \/ 1000mbps<\/td>\n<\/tr>\n<tr>\n<td>1 puerto wan 10\/100 \/ 1000mbps<\/td>\n<\/tr>\n<tr>\n<td>Bot\u00f3n bot\u00f3n de reinicio bot\u00f3n<\/td>\n<\/tr>\n<tr>\n<td>Wps \/ wi-fi bot\u00f3n de<\/td>\n<\/tr>\n<tr>\n<td>Encendido \/ apagado<\/td>\n<\/tr>\n<tr>\n<td>Fuente de alimentaci\u00f3n externa versi\u00f3n estadounidense 12v \/ 1.5a<\/td>\n<\/tr>\n<tr>\n<td>Versi\u00f3n europea 12v \/ 1a<\/td>\n<\/tr>\n<tr>\n<td>Dimensiones (wxdxh) 8,5 \u00d7 4,6 \u00d7 1,26 pulgadas (215 \u00d7 117 \u00d7 32 mm)<\/td>\n<\/tr>\n<tr>\n<td>Antena 4 antenas omnidireccionales fijas<\/td>\n<\/tr>\n<tr>\n<td>Caracter\u00edsticas inal\u00e1mbricas<\/td>\n<\/tr>\n<tr>\n<td>Est\u00e1ndares inal\u00e1mbricos ieee 802.11a \/ n \/ ac 5 ghz<\/td>\n<\/tr>\n<tr>\n<td>Ieee 802.11b \/ g \/ n 2.4 ghz<\/td>\n<\/tr>\n<tr>\n<td>Frecuencia 2.4 ghz y 5 ghz<\/td>\n<\/tr>\n<tr>\n<td>Tasa de se\u00f1al 1300 mbps en 5 ghz + 600 mbps en 2.4 ghz<\/td>\n<\/tr>\n<tr>\n<td>Sensibilidad de recepci\u00f3n 5 ghz:<\/td>\n<\/tr>\n<tr>\n<td>11a 6mbps: -98dbm, 11a 54mbps: -78dbm<\/td>\n<\/tr>\n<tr>\n<td>11ac vht20_mcs0: -98dbm, 11ac vht20_mcs8: -72dbm<\/td>\n<\/tr>\n<tr>\n<td>11ac vht40_mcs0: -92dbm, 11ac vht40_mcs9: -68dbm<\/td>\n<\/tr>\n<tr>\n<td>11ac vht80_mcs0: -89dbm, 11ac vht80_mcs9: -64dbm<\/td>\n<\/tr>\n<tr>\n<td>2,4 ghz:<\/td>\n<\/tr>\n<tr>\n<td>11g 6mbps: -97dbm, 11a 54mbps: -77dbm<\/td>\n<\/tr>\n<tr>\n<td>11n vht20_mcs0: -97dbm, 11n vht20_mcs8: -72dbm<\/td>\n<\/tr>\n<tr>\n<td>11n vht40_mcs0: -92dbm, 11n vht40_mcs9: -67dbm<\/td>\n<\/tr>\n<tr>\n<td>Potencia de transmision ce:  20dbm (2.4 ghz),  23dbm (5.15 ghz ~ 5.25 ghz)<\/td>\n<\/tr>\n<tr>\n<td>Fcc:  30dbm (2.4 ghz y 5 ghz)<\/td>\n<\/tr>\n<tr>\n<td>Funciones inal\u00e1mbricas habilitar \/ deshabilitar radio inal\u00e1mbrica, wmm<\/td>\n<\/tr>\n<tr>\n<td>Seguridad inal\u00e1mbrica cifrado wep de 64\/128 bits, wpa \/ wpa2, wpa-psk \/ wpa2-psk<\/td>\n<\/tr>\n<tr>\n<td>Red de invitado red de invitados de 2,4 ghz, red de invitados de 5 ghz<\/td>\n<\/tr>\n<tr>\n<td>Caracter\u00edsticas de software<\/td>\n<\/tr>\n<tr>\n<td>Calidad de servicio priorizaci\u00f3n de dispositivo<\/td>\n<\/tr>\n<tr>\n<td>Tipo de wan ip din\u00e1mica \/ ip est\u00e1tica \/ pppoe (doble acceso) \/ pptp (doble acceso) \/ l2tp (doble acceso)<\/td>\n<\/tr>\n<tr>\n<td>Administraci\u00f3n control parental, gesti\u00f3n local, gesti\u00f3n remota<\/td>\n<\/tr>\n<tr>\n<td>Dhcp servidor, lista de clientes dhcp, reserva de direcciones<\/td>\n<\/tr>\n<tr>\n<td>Reenv\u00edo de puertos reenv\u00edo de puertos, activaci\u00f3n de puertos, upnp, dmz<\/td>\n<\/tr>\n<tr>\n<td>Dns din\u00e1mico dyndns, no-ip, tp-link<\/td>\n<\/tr>\n<tr>\n<td>Control de acceso control de gesti\u00f3n local, lista blanca, lista negra<\/td>\n<\/tr>\n<tr>\n<td>Seguridad de cortafuegos servidor de seguridad spi, enlace de direcciones ip y mac<\/td>\n<\/tr>\n<tr>\n<td>Protocolos admite ipv4 e ipv6<\/td>\n<\/tr>\n<tr>\n<td>Caracter\u00edsticas avanzadas mu-mimo<\/td>\n<\/tr>\n<tr>\n<td>Beamforming<\/td>\n<\/tr>\n<tr>\n<td>Smart connect<\/td>\n<\/tr>\n<tr>\n<td>Tiempo de uso equidad<\/td>\n<\/tr>\n<tr>\n<td>Calidad de servicio<\/td>\n<\/tr>\n<tr>\n<td>Otros<\/td>\n<\/tr>\n<tr>\n<td>Certificacion ce, fcc, rohs<\/td>\n<\/tr>\n<tr>\n<td>Contenidos del paquete router inal\u00e1mbrico archer c80<\/td>\n<\/tr>\n<tr>\n<td>Adaptador de corriente cable<\/td>\n<\/tr>\n<tr>\n<td>Ethernet rj45<\/td>\n<\/tr>\n<tr>\n<td>Gu\u00eda de instalaci\u00f3n r\u00e1pida<\/td>\n<\/tr>\n<tr>\n<td>Requisitos del sistema microsoft windows 98se \/ nt \/ 2000 \/ xp \/ vista \u0099 \/ 7\/8 \/ 8.1 \/ 10, mac os,<\/td>\n<\/tr>\n<tr>\n<td>Netware, unix o linux<\/td>\n<\/tr>\n<tr>\n<td>Internet explorer 11, firefox 12.0, chrome 20.0, safari 4.0 u otro cable de<\/td>\n<\/tr>\n<tr>\n<td>Navegador habilitado para java<\/td>\n<\/tr>\n<tr>\n<td>O<\/td>\n<\/tr>\n<tr>\n<td>Suscripci\u00f3n de m\u00f3dem dsl con un proveedor de servicios de internet (para acceso a internet)<\/td>\n<\/tr>\n<tr>\n<td>Ambiente temperatura de funcionamiento: 0  and #8451; ~ 40  and #8451; (32  and #8457; ~ 104  and #8457;)<\/td>\n<\/tr>\n<tr>\n<td>Temperatura de almacenamiento: -40  and #8451; ~ 70  and #8451; (-40  and #8457; ~ 158  and #8457;)<\/td>\n<\/tr>\n<tr>\n<td>Humedad de funcionamiento: 10% ~ 90% sin condensaci\u00f3n<\/td>\n<\/tr>\n<tr>\n<td>Humedad de almacenamiento: 5% ~ 90 % sin condensaci\u00f3n<\/td>\n<\/tr>\n<\/table>\n","protected":false},"excerpt":{"rendered":"<p>Router inal\u00e1mbrico mu-mimo inal\u00e1mbrico ac1900. Archer c80. * wi-fi 802.11ac wave2 \u0096 1300 mbps en la banda de 5 ghz y 600 mbps en la banda de 2.4 ghz. * tecnolog\u00eda 3 \u00d7 3 mimo \u0096 transmite y recibe datos en tres transmisiones para emparejarse sin problemas. * mayor cobertura de wi-fi \u0096 la tecnolog\u00eda beamforming ofrece una conexi\u00f3n inal\u00e1mbrica altamente eficiente. * mu-mimo \u0096 para ayudar a tus dispositivos a lograr un rendimiento \u00f3ptimo al hacer que la comunicaci\u00f3n sea m\u00e1s eficiente. * gesti\u00f3n personalizada \u0096 las funciones avanzadas como el control parental, la red de invitados y el control de acceso proporcionan herramientas individualizadas para la gesti\u00f3n de la red. * conexi\u00f3n inteligente \u0096 smart connect dirige a los clientes a la banda menos congestionada y airtime fairness optimiza el uso del tiempo. M\u00e1ximo rendimiento de wi-fi con tres transmisiones. Con 3 \u00d7 3 mimo, archer c80 es capaz de transmitir y recibir datos en tres flujos. Las computadoras con capacidad 3 \u00d7 3, como las mac, se combinan perfectamente con c80 para funcionar al m\u00e1ximo con una eficiencia mucho mayor que los enrutadores mimo 2 \u00d7 2. Incre\u00edble wi-fi 802.11ac wave2 home. Archer c80 ofrece wi-fi dom\u00e9stico de alto rendimiento y asequible con velocidades totales de hasta 1900 mbps. Maneje tareas simples como enviar correos electr\u00f3nicos o navegar por la web en la banda de 2.4 ghz y tareas intensivas en ancho de banda como juegos en l\u00ednea o transmisi\u00f3n 4k \/ 8k uhd en la banda de 5 ghz, todo sin demoras. Cobertura m\u00e1s amplia en toda su casa. Acceda a su entretenimiento desde todos los rincones de su hogar con 4 antenas externas de alto rendimiento. La tecnolog\u00eda beamforming detecta dispositivos y concentra la intensidad de la se\u00f1al inal\u00e1mbrica hacia ellos, incluso si est\u00e1n lejos o con poca energ\u00eda. Conecte m\u00e1s dispositivos simult\u00e1neamente. Archer c80 ayuda a sus dispositivos a lograr un rendimiento \u00f3ptimo al hacer que la comunicaci\u00f3n sea m\u00e1s eficiente con la tecnolog\u00eda mu-mimo. Varios dispositivos pueden enviar y recibir datos en la mejor banda disponible. Disfruta de entretenimiento sin parar en todos tus dispositivos, sin demoras. Mayor eficiencia en la distribuci\u00f3n de wi-fi. Smart connect ayuda a su enrutador a cambiar autom\u00e1ticamente la conexi\u00f3n de cada dispositivo a la mejor banda wi-fi disponible, mientras que airtime fairness evita que los dispositivos m\u00e1s antiguos ralenticen su red. Con ambos, todos pueden disfrutar de una experiencia w-fi m\u00e1s fluida y sin demoras. Puertos gigabit completos. Los puertos gigabit ethernet (1 wan + 4 lan) ofrecen velocidades m\u00e1ximas por cable. Conecte sus pc, televisores inteligentes y consolas de juegos para obtener conexiones r\u00e1pidas y confiables. Personaliza tu red dom\u00e9stica. Archer c80 proporciona una gran cantidad de herramientas avanzadas para una gesti\u00f3n personalizada. Controles parentales: bloquee contenido inapropiado y establezca l\u00edmites diarios de cu\u00e1nto tiempo pasan sus hijos en l\u00ednea con el control parental. Red de invitados: guest network crea un wi-fi separado para invitados, asegurando que su privacidad sea segura. F\u00e1cil configuraci\u00f3n a su alcance. Configure archer c80 en minutos a trav\u00e9s de su intuitiva interfaz web o la potente aplicaci\u00f3n tether. Tether tambi\u00e9n le permite administrar su configuraci\u00f3n de red desde cualquier dispositivo android o ios.<\/p>\n","protected":false},"featured_media":220891,"comment_status":"open","ping_status":"open","template":"","meta":[],"product_cat":[1563,1753],"product_tag":[1562],"acf":[],"yoast_head":"<!-- This site is optimized with the Yoast SEO plugin v21.7 - https:\/\/yoast.com\/wordpress\/plugins\/seo\/ -->\n<title>[ Tp Link ] &#129351; Archer C80 Router |tp-link | | Inalambrico | Ac1900 Banda Dual 2.4ghz A 600mbps Y 5ghz A 1300mbps | Modo Router Y Access Point | Sustituye A Archer C7<\/title>\n<meta name=\"description\" content=\"Compra Archer C80 Router |tp-link | | Inalambrico | Ac1900 Banda Dual 2.4ghz A 600mbps Y 5ghz A 1300mbps | Modo Router Y Access Point | Sustituye A Archer C7 + Env\u00edo a domicilio + Pago seguro + Garant\u00eda\" \/>\n<meta name=\"robots\" content=\"index, follow, max-snippet:-1, max-image-preview:large, max-video-preview:-1\" \/>\n<link rel=\"canonical\" href=\"https:\/\/compuviper.mx\/tienda\/producto\/tp-link-archer-c80-router-tp-link-inalambrico-ac1900-banda-dual-2-4ghz-a-600mbps-y-5ghz-a-1300mbps-modo-router-y-access-point-sustituye-a-archer-c7\/\" \/>\n<meta property=\"og:locale\" content=\"es_MX\" \/>\n<meta property=\"og:type\" content=\"article\" \/>\n<meta property=\"og:title\" content=\"[ Tp Link ] &#129351; Archer C80 Router |tp-link | | Inalambrico | Ac1900 Banda Dual 2.4ghz A 600mbps Y 5ghz A 1300mbps | Modo Router Y Access Point | Sustituye A Archer C7\" \/>\n<meta property=\"og:description\" content=\"Compra Archer C80 Router |tp-link | | Inalambrico | Ac1900 Banda Dual 2.4ghz A 600mbps Y 5ghz A 1300mbps | Modo Router Y Access Point | Sustituye A Archer C7 + Env\u00edo a domicilio + Pago seguro + Garant\u00eda\" \/>\n<meta property=\"og:url\" content=\"https:\/\/compuviper.mx\/tienda\/producto\/tp-link-archer-c80-router-tp-link-inalambrico-ac1900-banda-dual-2-4ghz-a-600mbps-y-5ghz-a-1300mbps-modo-router-y-access-point-sustituye-a-archer-c7\/\" \/>\n<meta property=\"og:site_name\" content=\"Compuviper\" \/>\n<meta property=\"article:publisher\" content=\"https:\/\/www.facebook.com\/compuviper\" \/>\n<meta property=\"og:image\" content=\"https:\/\/compuviper.mx\/tienda\/wp-content\/uploads\/2023\/12\/Router-tp-link-archer-c80-inalambrico-ac1900-banda-dual-2.4ghz-a-600mbps-y-5ghz-a-1300mbps-modo-router-y-access-point-sustituye-a-archer-c7.jpg\" \/>\n\t<meta property=\"og:image:width\" content=\"200\" \/>\n\t<meta property=\"og:image:height\" content=\"200\" \/>\n\t<meta property=\"og:image:type\" content=\"image\/jpeg\" \/>\n<meta name=\"twitter:card\" content=\"summary_large_image\" \/>\n<meta name=\"twitter:label1\" content=\"Precio\" \/>\n\t<meta name=\"twitter:data1\" content=\"&#36;646 con IVA\" \/>\n\t<meta name=\"twitter:label2\" content=\"Availability\" \/>\n\t<meta name=\"twitter:data2\" content=\"In stock\" \/>\n<script type=\"application\/ld+json\" class=\"yoast-schema-graph\">{\"@context\":\"https:\/\/schema.org\",\"@graph\":[{\"@type\":\"WebPage\",\"@id\":\"https:\/\/compuviper.mx\/tienda\/producto\/tp-link-archer-c80-router-tp-link-inalambrico-ac1900-banda-dual-2-4ghz-a-600mbps-y-5ghz-a-1300mbps-modo-router-y-access-point-sustituye-a-archer-c7\/\",\"url\":\"https:\/\/compuviper.mx\/tienda\/producto\/tp-link-archer-c80-router-tp-link-inalambrico-ac1900-banda-dual-2-4ghz-a-600mbps-y-5ghz-a-1300mbps-modo-router-y-access-point-sustituye-a-archer-c7\/\",\"name\":\"[ Tp Link ] &#129351; Archer C80 Router |tp-link | | Inalambrico | Ac1900 Banda Dual 2.4ghz A 600mbps Y 5ghz A 1300mbps | Modo Router Y Access Point | Sustituye A Archer C7\",\"isPartOf\":{\"@id\":\"https:\/\/compuviper.mx\/tienda\/#website\"},\"datePublished\":\"2026-04-18T07:07:38+00:00\",\"dateModified\":\"2026-04-18T07:07:38+00:00\",\"description\":\"Compra Archer C80 Router |tp-link | | Inalambrico | Ac1900 Banda Dual 2.4ghz A 600mbps Y 5ghz A 1300mbps | Modo Router Y Access Point | Sustituye A Archer C7 + Env\u00edo a domicilio + Pago seguro + Garant\u00eda\",\"breadcrumb\":{\"@id\":\"https:\/\/compuviper.mx\/tienda\/producto\/tp-link-archer-c80-router-tp-link-inalambrico-ac1900-banda-dual-2-4ghz-a-600mbps-y-5ghz-a-1300mbps-modo-router-y-access-point-sustituye-a-archer-c7\/#breadcrumb\"},\"inLanguage\":\"es-MX\",\"potentialAction\":[{\"@type\":\"ReadAction\",\"target\":[\"https:\/\/compuviper.mx\/tienda\/producto\/tp-link-archer-c80-router-tp-link-inalambrico-ac1900-banda-dual-2-4ghz-a-600mbps-y-5ghz-a-1300mbps-modo-router-y-access-point-sustituye-a-archer-c7\/\"]}]},{\"@type\":\"BreadcrumbList\",\"@id\":\"https:\/\/compuviper.mx\/tienda\/producto\/tp-link-archer-c80-router-tp-link-inalambrico-ac1900-banda-dual-2-4ghz-a-600mbps-y-5ghz-a-1300mbps-modo-router-y-access-point-sustituye-a-archer-c7\/#breadcrumb\",\"itemListElement\":[{\"@type\":\"ListItem\",\"position\":1,\"name\":\"Inicio\",\"item\":\"https:\/\/compuviper.mx\/tienda\/\"},{\"@type\":\"ListItem\",\"position\":2,\"name\":\"Productos\",\"item\":\"https:\/\/compuviper.mx\/tienda\/productos\/\"},{\"@type\":\"ListItem\",\"position\":3,\"name\":\"Redes\",\"item\":\"https:\/\/compuviper.mx\/tienda\/categoria-producto\/redes\/\"},{\"@type\":\"ListItem\",\"position\":4,\"name\":\"Router\",\"item\":\"https:\/\/compuviper.mx\/tienda\/categoria-producto\/redes\/router\/\"},{\"@type\":\"ListItem\",\"position\":5,\"name\":\"Tp Link Archer C80 Router |tp-link | | Inalambrico | Ac1900 Banda Dual 2.4ghz A 600mbps Y 5ghz A 1300mbps | Modo Router Y Access Point | Sustituye A Archer C7\"}]},{\"@type\":\"WebSite\",\"@id\":\"https:\/\/compuviper.mx\/tienda\/#website\",\"url\":\"https:\/\/compuviper.mx\/tienda\/\",\"name\":\"Compuviper\",\"description\":\"Proveedor de Computadoras, Laptops, Servidores, Monitores, Puntos de Venta, Teclados,   Impresoras, T\u00f3ner, C\u00e1maras de Seguridad y m\u00e1s en tu tienda en l\u00ednea\",\"publisher\":{\"@id\":\"https:\/\/compuviper.mx\/tienda\/#organization\"},\"potentialAction\":[{\"@type\":\"SearchAction\",\"target\":{\"@type\":\"EntryPoint\",\"urlTemplate\":\"https:\/\/compuviper.mx\/tienda\/?s={search_term_string}\"},\"query-input\":\"required name=search_term_string\"}],\"inLanguage\":\"es-MX\"},{\"@type\":\"Organization\",\"@id\":\"https:\/\/compuviper.mx\/tienda\/#organization\",\"name\":\"Compuviper\",\"url\":\"https:\/\/compuviper.mx\/tienda\/\",\"logo\":{\"@type\":\"ImageObject\",\"inLanguage\":\"es-MX\",\"@id\":\"https:\/\/compuviper.mx\/tienda\/#\/schema\/logo\/image\/\",\"url\":\"https:\/\/compuviper.mx\/tienda\/wp-content\/uploads\/2021\/08\/Logo-Compuviper-10.png\",\"contentUrl\":\"https:\/\/compuviper.mx\/tienda\/wp-content\/uploads\/2021\/08\/Logo-Compuviper-10.png\",\"width\":1000,\"height\":500,\"caption\":\"Compuviper\"},\"image\":{\"@id\":\"https:\/\/compuviper.mx\/tienda\/#\/schema\/logo\/image\/\"},\"sameAs\":[\"https:\/\/www.facebook.com\/compuviper\",\"https:\/\/www.youtube.com\/channel\/UCf73dERp9Y3cfOq7q8BhLjA?view_as=subscriber\"]}]}<\/script>\n<meta property=\"product:brand\" content=\"TP LINK\" \/>\n<meta property=\"product:price:amount\" content=\"646\" \/>\n<meta property=\"product:price:currency\" content=\"MXN\" \/>\n<meta property=\"og:availability\" content=\"instock\" \/>\n<meta property=\"product:availability\" content=\"instock\" \/>\n<meta property=\"product:retailer_item_id\" content=\"ARCHER C80\" \/>\n<meta property=\"product:condition\" content=\"new\" \/>\n<!-- \/ Yoast SEO plugin. -->","yoast_head_json":{"title":"[ Tp Link ] &#129351; Archer C80 Router |tp-link | | Inalambrico | Ac1900 Banda Dual 2.4ghz A 600mbps Y 5ghz A 1300mbps | Modo Router Y Access Point | Sustituye A Archer C7","description":"Compra Archer C80 Router |tp-link | | Inalambrico | Ac1900 Banda Dual 2.4ghz A 600mbps Y 5ghz A 1300mbps | Modo Router Y Access Point | Sustituye A Archer C7 + Env\u00edo a domicilio + Pago seguro + Garant\u00eda","robots":{"index":"index","follow":"follow","max-snippet":"max-snippet:-1","max-image-preview":"max-image-preview:large","max-video-preview":"max-video-preview:-1"},"canonical":"https:\/\/compuviper.mx\/tienda\/producto\/tp-link-archer-c80-router-tp-link-inalambrico-ac1900-banda-dual-2-4ghz-a-600mbps-y-5ghz-a-1300mbps-modo-router-y-access-point-sustituye-a-archer-c7\/","og_locale":"es_MX","og_type":"article","og_title":"[ Tp Link ] &#129351; Archer C80 Router |tp-link | | Inalambrico | Ac1900 Banda Dual 2.4ghz A 600mbps Y 5ghz A 1300mbps | Modo Router Y Access Point | Sustituye A Archer C7","og_description":"Compra Archer C80 Router |tp-link | | Inalambrico | Ac1900 Banda Dual 2.4ghz A 600mbps Y 5ghz A 1300mbps | Modo Router Y Access Point | Sustituye A Archer C7 + Env\u00edo a domicilio + Pago seguro + Garant\u00eda","og_url":"https:\/\/compuviper.mx\/tienda\/producto\/tp-link-archer-c80-router-tp-link-inalambrico-ac1900-banda-dual-2-4ghz-a-600mbps-y-5ghz-a-1300mbps-modo-router-y-access-point-sustituye-a-archer-c7\/","og_site_name":"Compuviper","article_publisher":"https:\/\/www.facebook.com\/compuviper","og_image":[{"width":200,"height":200,"url":"https:\/\/compuviper.mx\/tienda\/wp-content\/uploads\/2023\/12\/Router-tp-link-archer-c80-inalambrico-ac1900-banda-dual-2.4ghz-a-600mbps-y-5ghz-a-1300mbps-modo-router-y-access-point-sustituye-a-archer-c7.jpg","type":"image\/jpeg"}],"twitter_card":"summary_large_image","twitter_misc":{"Precio":"&#36;646 con IVA","Availability":"In stock"},"schema":{"@context":"https:\/\/schema.org","@graph":[{"@type":"WebPage","@id":"https:\/\/compuviper.mx\/tienda\/producto\/tp-link-archer-c80-router-tp-link-inalambrico-ac1900-banda-dual-2-4ghz-a-600mbps-y-5ghz-a-1300mbps-modo-router-y-access-point-sustituye-a-archer-c7\/","url":"https:\/\/compuviper.mx\/tienda\/producto\/tp-link-archer-c80-router-tp-link-inalambrico-ac1900-banda-dual-2-4ghz-a-600mbps-y-5ghz-a-1300mbps-modo-router-y-access-point-sustituye-a-archer-c7\/","name":"[ Tp Link ] &#129351; Archer C80 Router |tp-link | | Inalambrico | Ac1900 Banda Dual 2.4ghz A 600mbps Y 5ghz A 1300mbps | Modo Router Y Access Point | Sustituye A Archer C7","isPartOf":{"@id":"https:\/\/compuviper.mx\/tienda\/#website"},"datePublished":"2026-04-18T07:07:38+00:00","dateModified":"2026-04-18T07:07:38+00:00","description":"Compra Archer C80 Router |tp-link | | Inalambrico | Ac1900 Banda Dual 2.4ghz A 600mbps Y 5ghz A 1300mbps | Modo Router Y Access Point | Sustituye A Archer C7 + Env\u00edo a domicilio + Pago seguro + Garant\u00eda","breadcrumb":{"@id":"https:\/\/compuviper.mx\/tienda\/producto\/tp-link-archer-c80-router-tp-link-inalambrico-ac1900-banda-dual-2-4ghz-a-600mbps-y-5ghz-a-1300mbps-modo-router-y-access-point-sustituye-a-archer-c7\/#breadcrumb"},"inLanguage":"es-MX","potentialAction":[{"@type":"ReadAction","target":["https:\/\/compuviper.mx\/tienda\/producto\/tp-link-archer-c80-router-tp-link-inalambrico-ac1900-banda-dual-2-4ghz-a-600mbps-y-5ghz-a-1300mbps-modo-router-y-access-point-sustituye-a-archer-c7\/"]}]},{"@type":"BreadcrumbList","@id":"https:\/\/compuviper.mx\/tienda\/producto\/tp-link-archer-c80-router-tp-link-inalambrico-ac1900-banda-dual-2-4ghz-a-600mbps-y-5ghz-a-1300mbps-modo-router-y-access-point-sustituye-a-archer-c7\/#breadcrumb","itemListElement":[{"@type":"ListItem","position":1,"name":"Inicio","item":"https:\/\/compuviper.mx\/tienda\/"},{"@type":"ListItem","position":2,"name":"Productos","item":"https:\/\/compuviper.mx\/tienda\/productos\/"},{"@type":"ListItem","position":3,"name":"Redes","item":"https:\/\/compuviper.mx\/tienda\/categoria-producto\/redes\/"},{"@type":"ListItem","position":4,"name":"Router","item":"https:\/\/compuviper.mx\/tienda\/categoria-producto\/redes\/router\/"},{"@type":"ListItem","position":5,"name":"Tp Link Archer C80 Router |tp-link | | Inalambrico | Ac1900 Banda Dual 2.4ghz A 600mbps Y 5ghz A 1300mbps | Modo Router Y Access Point | Sustituye A Archer C7"}]},{"@type":"WebSite","@id":"https:\/\/compuviper.mx\/tienda\/#website","url":"https:\/\/compuviper.mx\/tienda\/","name":"Compuviper","description":"Proveedor de Computadoras, Laptops, Servidores, Monitores, Puntos de Venta, Teclados,   Impresoras, T\u00f3ner, C\u00e1maras de Seguridad y m\u00e1s en tu tienda en l\u00ednea","publisher":{"@id":"https:\/\/compuviper.mx\/tienda\/#organization"},"potentialAction":[{"@type":"SearchAction","target":{"@type":"EntryPoint","urlTemplate":"https:\/\/compuviper.mx\/tienda\/?s={search_term_string}"},"query-input":"required name=search_term_string"}],"inLanguage":"es-MX"},{"@type":"Organization","@id":"https:\/\/compuviper.mx\/tienda\/#organization","name":"Compuviper","url":"https:\/\/compuviper.mx\/tienda\/","logo":{"@type":"ImageObject","inLanguage":"es-MX","@id":"https:\/\/compuviper.mx\/tienda\/#\/schema\/logo\/image\/","url":"https:\/\/compuviper.mx\/tienda\/wp-content\/uploads\/2021\/08\/Logo-Compuviper-10.png","contentUrl":"https:\/\/compuviper.mx\/tienda\/wp-content\/uploads\/2021\/08\/Logo-Compuviper-10.png","width":1000,"height":500,"caption":"Compuviper"},"image":{"@id":"https:\/\/compuviper.mx\/tienda\/#\/schema\/logo\/image\/"},"sameAs":["https:\/\/www.facebook.com\/compuviper","https:\/\/www.youtube.com\/channel\/UCf73dERp9Y3cfOq7q8BhLjA?view_as=subscriber"]}]},"product_brand":"TP LINK","product_price_amount":"646","product_price_currency":"MXN","og_availability":"instock","product_availability":"instock","product_retailer_item_id":"ARCHER C80","product_condition":"new"},"_links":{"self":[{"href":"https:\/\/compuviper.mx\/tienda\/wp-json\/wp\/v2\/product\/220890"}],"collection":[{"href":"https:\/\/compuviper.mx\/tienda\/wp-json\/wp\/v2\/product"}],"about":[{"href":"https:\/\/compuviper.mx\/tienda\/wp-json\/wp\/v2\/types\/product"}],"replies":[{"embeddable":true,"href":"https:\/\/compuviper.mx\/tienda\/wp-json\/wp\/v2\/comments?post=220890"}],"wp:featuredmedia":[{"embeddable":true,"href":"https:\/\/compuviper.mx\/tienda\/wp-json\/wp\/v2\/media\/220891"}],"wp:attachment":[{"href":"https:\/\/compuviper.mx\/tienda\/wp-json\/wp\/v2\/media?parent=220890"}],"wp:term":[{"taxonomy":"product_cat","embeddable":true,"href":"https:\/\/compuviper.mx\/tienda\/wp-json\/wp\/v2\/product_cat?post=220890"},{"taxonomy":"product_tag","embeddable":true,"href":"https:\/\/compuviper.mx\/tienda\/wp-json\/wp\/v2\/product_tag?post=220890"}],"curies":[{"name":"wp","href":"https:\/\/api.w.org\/{rel}","templated":true}]}}