{"id":220886,"date":"2026-04-18T01:07:37","date_gmt":"2026-04-18T07:07:37","guid":{"rendered":"https:\/\/compuviper.mx\/tienda\/producto\/startech-com-st1000spex2l-tarjeta-de-red-pci-express-de-1-puerto-gigabit-ethernet-adaptador-nic-pci-e-1x-rj45-hembra-perfil-bajo-mod\/"},"modified":"2026-04-18T01:07:37","modified_gmt":"2026-04-18T07:07:37","slug":"startech-com-st1000spex2l-tarjeta-de-red-pci-express-de-1-puerto-gigabit-ethernet-adaptador-nic-pci-e-1x-rj45-hembra-perfil-bajo-mod","status":"publish","type":"product","link":"https:\/\/compuviper.mx\/tienda\/producto\/startech-com-st1000spex2l-tarjeta-de-red-pci-express-de-1-puerto-gigabit-ethernet-adaptador-nic-pci-e-1x-rj45-hembra-perfil-bajo-mod\/","title":{"rendered":"Startech.com St1000spex2l Tarjeta De Red Pci Express De 1 Puerto Gigabit Ethernet -adaptador Nic Pci-e &#8211; 1x Rj45 Hembra &#8211; Perfil Bajo &#8211;  Mod."},"content":{"rendered":"<table class=\"descripcion\">\n<tr>\n<td>Caracter\u00edsticas f\u00edsicas<\/td>\n<\/tr>\n<tr>\n<td>Altura del producto : 4.9 cm<\/td>\n<\/tr>\n<tr>\n<td>Ancho del producto : 18 mm<\/td>\n<\/tr>\n<tr>\n<td>Longitud del producto : 70 mm<\/td>\n<\/tr>\n<tr>\n<td>Peso del producto : 27 g<\/td>\n<\/tr>\n<tr>\n<td>Conector(es)<\/td>\n<\/tr>\n<tr>\n<td>Puertos externos : rj-45<\/td>\n<\/tr>\n<tr>\n<td>Tipo(s) de conector(es) : pci express x1<\/td>\n<\/tr>\n<tr>\n<td>Hardware<\/td>\n<\/tr>\n<tr>\n<td>Cantidad de puertos : 1<\/td>\n<\/tr>\n<tr>\n<td>Est\u00e1ndares industriales : ieee 802.3, ieee 802.3u, ieee 802.3x, ieee 802.3ab<\/td>\n<\/tr>\n<tr>\n<td>Id del conjunto de chips : realtek &#8211; rtl8111h<\/td>\n<\/tr>\n<tr>\n<td>Interfaz : rj45 (ethernet gigabit)<\/td>\n<\/tr>\n<tr>\n<td>Tipo de bus : pci express<\/td>\n<\/tr>\n<tr>\n<td>Tipo de tarjeta : perfil bajo (incluye soporte para perfil est\u00e1ndar)<\/td>\n<\/tr>\n<tr>\n<td>Indicadores<\/td>\n<\/tr>\n<tr>\n<td>Indicadores led : detecci\u00f3n de gigabit (amarillo)<\/td>\n<\/tr>\n<tr>\n<td>Indicadores led : enlace\/actividad (verde)<\/td>\n<\/tr>\n<tr>\n<td>Rendimiento<\/td>\n<\/tr>\n<tr>\n<td>Jumbo frame support : 9k max.<\/td>\n<\/tr>\n<tr>\n<td>Mdix autom\u00e1tico : s\u00ed<\/td>\n<\/tr>\n<tr>\n<td>Protocolos admitidos : csma\/cd<\/td>\n<\/tr>\n<tr>\n<td>Redes compatibles : 10\/100\/1000 mbps<\/td>\n<\/tr>\n<tr>\n<td>Soporte full duplex  : s\u00ed<\/td>\n<\/tr>\n<tr>\n<td>Tasa de transferencia de datos m\u00e1xima : 1000 mbps<\/td>\n<\/tr>\n<\/table>\n","protected":false},"excerpt":{"rendered":"<p>La tarjeta de red gigabit pcie de perfil bajo, modelo st1000spex2l, agrega un puerto ethernet rj45 compatible con 10\/100\/1000 mbps a un cliente, una estaci\u00f3n de trabajo o un servidor con ranura pci express disponible, convirti\u00e9ndose en una pr\u00e1ctica interfaz de red adicional o de reemplazo. Conforme con las normas ieee 802.3\/u\/ab y con soporte para tramas jumbo 9k, etiquetado vlan y reinicio wol (wake on lan, reinicio mediante red), este vers\u00e1til adaptador gigabit de red o de servidor ofrece un rendimiento de red efectivo. ?. La tarjeta viene preconfigurada con un bracket para su instalaci\u00f3n en perfil bajo\/altura media e incluye tambi\u00e9n un bracket de perfil est\u00e1ndar para su instalaci\u00f3n en una amplia gama de gabinetes de pc\/servidor, sin importar su factor de forma. Respaldada con soporte t\u00e9cnico gratuito de por vida.<\/p>\n","protected":false},"featured_media":220887,"comment_status":"open","ping_status":"open","template":"","meta":[],"product_cat":[1563,1572],"product_tag":[1590],"acf":[],"yoast_head":"<!-- This site is optimized with the Yoast SEO plugin v21.7 - https:\/\/yoast.com\/wordpress\/plugins\/seo\/ -->\n<title>[ Startech.com ] &#129351; St1000spex2l Tarjeta De Red Pci Express De 1 Puerto Gigabit Ethernet -adaptador Nic Pci-e - 1x Rj45 Hembra - Perfil Bajo - Mod.<\/title>\n<meta name=\"description\" content=\"Compra St1000spex2l Tarjeta De Red Pci Express De 1 Puerto Gigabit Ethernet -adaptador Nic Pci-e - 1x Rj45 Hembra - Perfil Bajo - Mod. + Env\u00edo a domicilio + Pago seguro + Garant\u00eda\" \/>\n<meta name=\"robots\" content=\"index, follow, max-snippet:-1, max-image-preview:large, max-video-preview:-1\" \/>\n<link rel=\"canonical\" href=\"https:\/\/compuviper.mx\/tienda\/producto\/startech-com-st1000spex2l-tarjeta-de-red-pci-express-de-1-puerto-gigabit-ethernet-adaptador-nic-pci-e-1x-rj45-hembra-perfil-bajo-mod\/\" \/>\n<meta property=\"og:locale\" content=\"es_MX\" \/>\n<meta property=\"og:type\" content=\"article\" \/>\n<meta property=\"og:title\" content=\"[ Startech.com ] &#129351; St1000spex2l Tarjeta De Red Pci Express De 1 Puerto Gigabit Ethernet -adaptador Nic Pci-e - 1x Rj45 Hembra - Perfil Bajo - Mod.\" \/>\n<meta property=\"og:description\" content=\"Compra St1000spex2l Tarjeta De Red Pci Express De 1 Puerto Gigabit Ethernet -adaptador Nic Pci-e - 1x Rj45 Hembra - Perfil Bajo - Mod. + Env\u00edo a domicilio + Pago seguro + Garant\u00eda\" \/>\n<meta property=\"og:url\" content=\"https:\/\/compuviper.mx\/tienda\/producto\/startech-com-st1000spex2l-tarjeta-de-red-pci-express-de-1-puerto-gigabit-ethernet-adaptador-nic-pci-e-1x-rj45-hembra-perfil-bajo-mod\/\" \/>\n<meta property=\"og:site_name\" content=\"Compuviper\" \/>\n<meta property=\"article:publisher\" content=\"https:\/\/www.facebook.com\/compuviper\" \/>\n<meta property=\"og:image\" content=\"https:\/\/compuviper.mx\/tienda\/wp-content\/uploads\/2023\/12\/Tarjeta-de-red-pci-express-de-1-puerto-gigabit-ethernet-adaptador-nic-pci-e-1x-rj45-hembra-perfil-bajo-startech.com-mod.-st1000spex2l.jpg\" \/>\n\t<meta property=\"og:image:width\" content=\"200\" \/>\n\t<meta property=\"og:image:height\" content=\"200\" \/>\n\t<meta property=\"og:image:type\" content=\"image\/jpeg\" \/>\n<meta name=\"twitter:card\" content=\"summary_large_image\" \/>\n<meta name=\"twitter:label1\" content=\"Precio\" \/>\n\t<meta name=\"twitter:data1\" content=\"&#36;507 con IVA\" \/>\n\t<meta name=\"twitter:label2\" content=\"Availability\" \/>\n\t<meta name=\"twitter:data2\" content=\"Out of stock\" \/>\n<script type=\"application\/ld+json\" class=\"yoast-schema-graph\">{\"@context\":\"https:\/\/schema.org\",\"@graph\":[{\"@type\":\"WebPage\",\"@id\":\"https:\/\/compuviper.mx\/tienda\/producto\/startech-com-st1000spex2l-tarjeta-de-red-pci-express-de-1-puerto-gigabit-ethernet-adaptador-nic-pci-e-1x-rj45-hembra-perfil-bajo-mod\/\",\"url\":\"https:\/\/compuviper.mx\/tienda\/producto\/startech-com-st1000spex2l-tarjeta-de-red-pci-express-de-1-puerto-gigabit-ethernet-adaptador-nic-pci-e-1x-rj45-hembra-perfil-bajo-mod\/\",\"name\":\"[ Startech.com ] &#129351; St1000spex2l Tarjeta De Red Pci Express De 1 Puerto Gigabit Ethernet -adaptador Nic Pci-e - 1x Rj45 Hembra - Perfil Bajo - Mod.\",\"isPartOf\":{\"@id\":\"https:\/\/compuviper.mx\/tienda\/#website\"},\"datePublished\":\"2026-04-18T07:07:37+00:00\",\"dateModified\":\"2026-04-18T07:07:37+00:00\",\"description\":\"Compra St1000spex2l Tarjeta De Red Pci Express De 1 Puerto Gigabit Ethernet -adaptador Nic Pci-e - 1x Rj45 Hembra - Perfil Bajo - Mod. + Env\u00edo a domicilio + Pago seguro + Garant\u00eda\",\"breadcrumb\":{\"@id\":\"https:\/\/compuviper.mx\/tienda\/producto\/startech-com-st1000spex2l-tarjeta-de-red-pci-express-de-1-puerto-gigabit-ethernet-adaptador-nic-pci-e-1x-rj45-hembra-perfil-bajo-mod\/#breadcrumb\"},\"inLanguage\":\"es-MX\",\"potentialAction\":[{\"@type\":\"ReadAction\",\"target\":[\"https:\/\/compuviper.mx\/tienda\/producto\/startech-com-st1000spex2l-tarjeta-de-red-pci-express-de-1-puerto-gigabit-ethernet-adaptador-nic-pci-e-1x-rj45-hembra-perfil-bajo-mod\/\"]}]},{\"@type\":\"BreadcrumbList\",\"@id\":\"https:\/\/compuviper.mx\/tienda\/producto\/startech-com-st1000spex2l-tarjeta-de-red-pci-express-de-1-puerto-gigabit-ethernet-adaptador-nic-pci-e-1x-rj45-hembra-perfil-bajo-mod\/#breadcrumb\",\"itemListElement\":[{\"@type\":\"ListItem\",\"position\":1,\"name\":\"Inicio\",\"item\":\"https:\/\/compuviper.mx\/tienda\/\"},{\"@type\":\"ListItem\",\"position\":2,\"name\":\"Productos\",\"item\":\"https:\/\/compuviper.mx\/tienda\/productos\/\"},{\"@type\":\"ListItem\",\"position\":3,\"name\":\"Redes\",\"item\":\"https:\/\/compuviper.mx\/tienda\/categoria-producto\/redes\/\"},{\"@type\":\"ListItem\",\"position\":4,\"name\":\"Tarjetas De Red\",\"item\":\"https:\/\/compuviper.mx\/tienda\/categoria-producto\/redes\/tarjetas-de-red\/\"},{\"@type\":\"ListItem\",\"position\":5,\"name\":\"Startech.com St1000spex2l Tarjeta De Red Pci Express De 1 Puerto Gigabit Ethernet -adaptador Nic Pci-e &#8211; 1x Rj45 Hembra &#8211; Perfil Bajo &#8211; Mod.\"}]},{\"@type\":\"WebSite\",\"@id\":\"https:\/\/compuviper.mx\/tienda\/#website\",\"url\":\"https:\/\/compuviper.mx\/tienda\/\",\"name\":\"Compuviper\",\"description\":\"Proveedor de Computadoras, Laptops, Servidores, Monitores, Puntos de Venta, Teclados,   Impresoras, T\u00f3ner, C\u00e1maras de Seguridad y m\u00e1s en tu tienda en l\u00ednea\",\"publisher\":{\"@id\":\"https:\/\/compuviper.mx\/tienda\/#organization\"},\"potentialAction\":[{\"@type\":\"SearchAction\",\"target\":{\"@type\":\"EntryPoint\",\"urlTemplate\":\"https:\/\/compuviper.mx\/tienda\/?s={search_term_string}\"},\"query-input\":\"required name=search_term_string\"}],\"inLanguage\":\"es-MX\"},{\"@type\":\"Organization\",\"@id\":\"https:\/\/compuviper.mx\/tienda\/#organization\",\"name\":\"Compuviper\",\"url\":\"https:\/\/compuviper.mx\/tienda\/\",\"logo\":{\"@type\":\"ImageObject\",\"inLanguage\":\"es-MX\",\"@id\":\"https:\/\/compuviper.mx\/tienda\/#\/schema\/logo\/image\/\",\"url\":\"https:\/\/compuviper.mx\/tienda\/wp-content\/uploads\/2021\/08\/Logo-Compuviper-10.png\",\"contentUrl\":\"https:\/\/compuviper.mx\/tienda\/wp-content\/uploads\/2021\/08\/Logo-Compuviper-10.png\",\"width\":1000,\"height\":500,\"caption\":\"Compuviper\"},\"image\":{\"@id\":\"https:\/\/compuviper.mx\/tienda\/#\/schema\/logo\/image\/\"},\"sameAs\":[\"https:\/\/www.facebook.com\/compuviper\",\"https:\/\/www.youtube.com\/channel\/UCf73dERp9Y3cfOq7q8BhLjA?view_as=subscriber\"]}]}<\/script>\n<meta property=\"product:brand\" content=\"STARTECH.COM\" \/>\n<meta property=\"product:price:amount\" content=\"507\" \/>\n<meta property=\"product:price:currency\" content=\"MXN\" \/>\n<meta property=\"og:availability\" content=\"out of stock\" \/>\n<meta property=\"product:availability\" content=\"out of stock\" \/>\n<meta property=\"product:retailer_item_id\" content=\"ST1000SPEX2L\" \/>\n<meta property=\"product:condition\" content=\"new\" \/>\n<!-- \/ Yoast SEO plugin. -->","yoast_head_json":{"title":"[ Startech.com ] &#129351; St1000spex2l Tarjeta De Red Pci Express De 1 Puerto Gigabit Ethernet -adaptador Nic Pci-e - 1x Rj45 Hembra - Perfil Bajo - Mod.","description":"Compra St1000spex2l Tarjeta De Red Pci Express De 1 Puerto Gigabit Ethernet -adaptador Nic Pci-e - 1x Rj45 Hembra - Perfil Bajo - Mod. + Env\u00edo a domicilio + Pago seguro + Garant\u00eda","robots":{"index":"index","follow":"follow","max-snippet":"max-snippet:-1","max-image-preview":"max-image-preview:large","max-video-preview":"max-video-preview:-1"},"canonical":"https:\/\/compuviper.mx\/tienda\/producto\/startech-com-st1000spex2l-tarjeta-de-red-pci-express-de-1-puerto-gigabit-ethernet-adaptador-nic-pci-e-1x-rj45-hembra-perfil-bajo-mod\/","og_locale":"es_MX","og_type":"article","og_title":"[ Startech.com ] &#129351; St1000spex2l Tarjeta De Red Pci Express De 1 Puerto Gigabit Ethernet -adaptador Nic Pci-e - 1x Rj45 Hembra - Perfil Bajo - Mod.","og_description":"Compra St1000spex2l Tarjeta De Red Pci Express De 1 Puerto Gigabit Ethernet -adaptador Nic Pci-e - 1x Rj45 Hembra - Perfil Bajo - Mod. + Env\u00edo a domicilio + Pago seguro + Garant\u00eda","og_url":"https:\/\/compuviper.mx\/tienda\/producto\/startech-com-st1000spex2l-tarjeta-de-red-pci-express-de-1-puerto-gigabit-ethernet-adaptador-nic-pci-e-1x-rj45-hembra-perfil-bajo-mod\/","og_site_name":"Compuviper","article_publisher":"https:\/\/www.facebook.com\/compuviper","og_image":[{"width":200,"height":200,"url":"https:\/\/compuviper.mx\/tienda\/wp-content\/uploads\/2023\/12\/Tarjeta-de-red-pci-express-de-1-puerto-gigabit-ethernet-adaptador-nic-pci-e-1x-rj45-hembra-perfil-bajo-startech.com-mod.-st1000spex2l.jpg","type":"image\/jpeg"}],"twitter_card":"summary_large_image","twitter_misc":{"Precio":"&#36;507 con IVA","Availability":"Out of stock"},"schema":{"@context":"https:\/\/schema.org","@graph":[{"@type":"WebPage","@id":"https:\/\/compuviper.mx\/tienda\/producto\/startech-com-st1000spex2l-tarjeta-de-red-pci-express-de-1-puerto-gigabit-ethernet-adaptador-nic-pci-e-1x-rj45-hembra-perfil-bajo-mod\/","url":"https:\/\/compuviper.mx\/tienda\/producto\/startech-com-st1000spex2l-tarjeta-de-red-pci-express-de-1-puerto-gigabit-ethernet-adaptador-nic-pci-e-1x-rj45-hembra-perfil-bajo-mod\/","name":"[ Startech.com ] &#129351; St1000spex2l Tarjeta De Red Pci Express De 1 Puerto Gigabit Ethernet -adaptador Nic Pci-e - 1x Rj45 Hembra - Perfil Bajo - Mod.","isPartOf":{"@id":"https:\/\/compuviper.mx\/tienda\/#website"},"datePublished":"2026-04-18T07:07:37+00:00","dateModified":"2026-04-18T07:07:37+00:00","description":"Compra St1000spex2l Tarjeta De Red Pci Express De 1 Puerto Gigabit Ethernet -adaptador Nic Pci-e - 1x Rj45 Hembra - Perfil Bajo - Mod. + Env\u00edo a domicilio + Pago seguro + Garant\u00eda","breadcrumb":{"@id":"https:\/\/compuviper.mx\/tienda\/producto\/startech-com-st1000spex2l-tarjeta-de-red-pci-express-de-1-puerto-gigabit-ethernet-adaptador-nic-pci-e-1x-rj45-hembra-perfil-bajo-mod\/#breadcrumb"},"inLanguage":"es-MX","potentialAction":[{"@type":"ReadAction","target":["https:\/\/compuviper.mx\/tienda\/producto\/startech-com-st1000spex2l-tarjeta-de-red-pci-express-de-1-puerto-gigabit-ethernet-adaptador-nic-pci-e-1x-rj45-hembra-perfil-bajo-mod\/"]}]},{"@type":"BreadcrumbList","@id":"https:\/\/compuviper.mx\/tienda\/producto\/startech-com-st1000spex2l-tarjeta-de-red-pci-express-de-1-puerto-gigabit-ethernet-adaptador-nic-pci-e-1x-rj45-hembra-perfil-bajo-mod\/#breadcrumb","itemListElement":[{"@type":"ListItem","position":1,"name":"Inicio","item":"https:\/\/compuviper.mx\/tienda\/"},{"@type":"ListItem","position":2,"name":"Productos","item":"https:\/\/compuviper.mx\/tienda\/productos\/"},{"@type":"ListItem","position":3,"name":"Redes","item":"https:\/\/compuviper.mx\/tienda\/categoria-producto\/redes\/"},{"@type":"ListItem","position":4,"name":"Tarjetas De Red","item":"https:\/\/compuviper.mx\/tienda\/categoria-producto\/redes\/tarjetas-de-red\/"},{"@type":"ListItem","position":5,"name":"Startech.com St1000spex2l Tarjeta De Red Pci Express De 1 Puerto Gigabit Ethernet -adaptador Nic Pci-e &#8211; 1x Rj45 Hembra &#8211; Perfil Bajo &#8211; Mod."}]},{"@type":"WebSite","@id":"https:\/\/compuviper.mx\/tienda\/#website","url":"https:\/\/compuviper.mx\/tienda\/","name":"Compuviper","description":"Proveedor de Computadoras, Laptops, Servidores, Monitores, Puntos de Venta, Teclados,   Impresoras, T\u00f3ner, C\u00e1maras de Seguridad y m\u00e1s en tu tienda en l\u00ednea","publisher":{"@id":"https:\/\/compuviper.mx\/tienda\/#organization"},"potentialAction":[{"@type":"SearchAction","target":{"@type":"EntryPoint","urlTemplate":"https:\/\/compuviper.mx\/tienda\/?s={search_term_string}"},"query-input":"required name=search_term_string"}],"inLanguage":"es-MX"},{"@type":"Organization","@id":"https:\/\/compuviper.mx\/tienda\/#organization","name":"Compuviper","url":"https:\/\/compuviper.mx\/tienda\/","logo":{"@type":"ImageObject","inLanguage":"es-MX","@id":"https:\/\/compuviper.mx\/tienda\/#\/schema\/logo\/image\/","url":"https:\/\/compuviper.mx\/tienda\/wp-content\/uploads\/2021\/08\/Logo-Compuviper-10.png","contentUrl":"https:\/\/compuviper.mx\/tienda\/wp-content\/uploads\/2021\/08\/Logo-Compuviper-10.png","width":1000,"height":500,"caption":"Compuviper"},"image":{"@id":"https:\/\/compuviper.mx\/tienda\/#\/schema\/logo\/image\/"},"sameAs":["https:\/\/www.facebook.com\/compuviper","https:\/\/www.youtube.com\/channel\/UCf73dERp9Y3cfOq7q8BhLjA?view_as=subscriber"]}]},"product_brand":"STARTECH.COM","product_price_amount":"507","product_price_currency":"MXN","og_availability":"out of stock","product_availability":"out of stock","product_retailer_item_id":"ST1000SPEX2L","product_condition":"new"},"_links":{"self":[{"href":"https:\/\/compuviper.mx\/tienda\/wp-json\/wp\/v2\/product\/220886"}],"collection":[{"href":"https:\/\/compuviper.mx\/tienda\/wp-json\/wp\/v2\/product"}],"about":[{"href":"https:\/\/compuviper.mx\/tienda\/wp-json\/wp\/v2\/types\/product"}],"replies":[{"embeddable":true,"href":"https:\/\/compuviper.mx\/tienda\/wp-json\/wp\/v2\/comments?post=220886"}],"wp:featuredmedia":[{"embeddable":true,"href":"https:\/\/compuviper.mx\/tienda\/wp-json\/wp\/v2\/media\/220887"}],"wp:attachment":[{"href":"https:\/\/compuviper.mx\/tienda\/wp-json\/wp\/v2\/media?parent=220886"}],"wp:term":[{"taxonomy":"product_cat","embeddable":true,"href":"https:\/\/compuviper.mx\/tienda\/wp-json\/wp\/v2\/product_cat?post=220886"},{"taxonomy":"product_tag","embeddable":true,"href":"https:\/\/compuviper.mx\/tienda\/wp-json\/wp\/v2\/product_tag?post=220886"}],"curies":[{"name":"wp","href":"https:\/\/api.w.org\/{rel}","templated":true}]}}