{"id":220884,"date":"2026-04-18T01:07:36","date_gmt":"2026-04-18T07:07:36","guid":{"rendered":"https:\/\/compuviper.mx\/tienda\/producto\/startech-com-st1000spexi-tarjeta-de-red-pci-express-pci-e-ethernet-gigabit-con-1-puerto-rj45-de-1gbps-y-chipset-intel-i210-adaptador-de-red-mod\/"},"modified":"2026-04-18T01:07:36","modified_gmt":"2026-04-18T07:07:36","slug":"startech-com-st1000spexi-tarjeta-de-red-pci-express-pci-e-ethernet-gigabit-con-1-puerto-rj45-de-1gbps-y-chipset-intel-i210-adaptador-de-red-mod","status":"publish","type":"product","link":"https:\/\/compuviper.mx\/tienda\/producto\/startech-com-st1000spexi-tarjeta-de-red-pci-express-pci-e-ethernet-gigabit-con-1-puerto-rj45-de-1gbps-y-chipset-intel-i210-adaptador-de-red-mod\/","title":{"rendered":"Startech.com St1000spexi Tarjeta De Red Pci Express Pci-e Ethernet Gigabit Con 1 Puerto Rj45 De 1gbps Y Chipset Intel I210 &#8211; Adaptador De Red &#8211;  Mod."},"content":{"rendered":"<table class=\"descripcion\">\n<tr>\n<td>Caractersticas fsicas<\/td>\n<\/tr>\n<tr>\n<td>Altura del producto : 1.8 cm<\/td>\n<\/tr>\n<tr>\n<td>Ancho del producto : 66 mm<\/td>\n<\/tr>\n<tr>\n<td>Color : negro<\/td>\n<\/tr>\n<tr>\n<td>Longitud del producto : 12 cm<\/td>\n<\/tr>\n<tr>\n<td>Peso del producto : 38 g<\/td>\n<\/tr>\n<tr>\n<td>Conectores<\/td>\n<\/tr>\n<tr>\n<td>Tipos de conectores : pci express x1<\/td>\n<\/tr>\n<tr>\n<td>Tipos de conectores : rj-45<\/td>\n<\/tr>\n<tr>\n<td>Hardware<\/td>\n<\/tr>\n<tr>\n<td>Cantidad de puertos : 1<\/td>\n<\/tr>\n<tr>\n<td>Estndares industriales : ieee 802.3 10base-t, ieee 802.3u 100base-tx, ieee 802.3ab 1000base-t<\/td>\n<\/tr>\n<tr>\n<td>Estndares industriales : norma ieee 802.1q sobre etiquetado vlan<\/td>\n<\/tr>\n<tr>\n<td>Estndares industriales : norma ieee 802.3x sobre control de flujo de dplex completo<\/td>\n<\/tr>\n<tr>\n<td>Id del conjunto de chips : intel &#8211; i210-at<\/td>\n<\/tr>\n<tr>\n<td>Tipo de bus : pci express<\/td>\n<\/tr>\n<tr>\n<td>Tipo de tarjeta : perfil estndar incluye soporte para perfil bajo<\/td>\n<\/tr>\n<tr>\n<td>Rendimiento<\/td>\n<\/tr>\n<tr>\n<td>Jumbo frame support : 9k max.<\/td>\n<\/tr>\n<tr>\n<td>Mdix automtico : s<\/td>\n<\/tr>\n<tr>\n<td>Promiscuous mode : s<\/td>\n<\/tr>\n<tr>\n<td>Protocolos admitidos : ieee 802.3ad link aggregation, ieee 1588 time sync<\/td>\n<\/tr>\n<tr>\n<td>Redes compatibles : 10\/100\/1000 mbps<\/td>\n<\/tr>\n<tr>\n<td>Soporte full duplex  : s<\/td>\n<\/tr>\n<tr>\n<td>Tasa de transferencia de datos mxima : 2000 mbps dplex completo<\/td>\n<\/tr>\n<\/table>\n","protected":false},"excerpt":{"rendered":"<p>Esta tarjeta de red ethernet gigabit utiliza el chipset intel i210-at, diseado para ofrecer la potencia, el rendimiento y la mejor capacidad que se requieren para conexiones en red confiables con su servidor o computadora. Compatible con las normas ieee 802.3\/u\/ab, esta tarjeta de red ofrece una eficaz actualizacin o reemplazo de un puerto de red,\u00a0con una capacidad mxima de transmisin de hasta 1000mbps en cada direccin 2000mbps en total: hasta diez veces ms rpido que ethernet 10\/100.?. Compatible con una amplia gama de sistemas operativos, esta verstil nic pcie gigabit es ideal para diversas aplicaciones empresariales. Con un diseo de\u00a0doble perfil, la tarjeta de red pci express se\u00a0instala fcilmente en una amplia gama de modelos de gabinetes de computadora\/servidor, sin importar su\u00a0factor de forma. El modelo st1000spexi cuenta con soporte tcnico gratuito de por vida.<\/p>\n","protected":false},"featured_media":220885,"comment_status":"open","ping_status":"open","template":"","meta":[],"product_cat":[1563,1572],"product_tag":[1590],"acf":[],"yoast_head":"<!-- This site is optimized with the Yoast SEO plugin v21.7 - https:\/\/yoast.com\/wordpress\/plugins\/seo\/ -->\n<title>[ Startech.com ] &#129351; St1000spexi Tarjeta De Red Pci Express Pci-e Ethernet Gigabit Con 1 Puerto Rj45 De 1gbps Y Chipset Intel I210 - Adaptador De Red - Mod.<\/title>\n<meta name=\"description\" content=\"Compra St1000spexi Tarjeta De Red Pci Express Pci-e Ethernet Gigabit Con 1 Puerto Rj45 De 1gbps Y Chipset Intel I210 - Adaptador De Red - Mod. + Env\u00edo a domicilio + Pago seguro + Garant\u00eda\" \/>\n<meta name=\"robots\" content=\"index, follow, max-snippet:-1, max-image-preview:large, max-video-preview:-1\" \/>\n<link rel=\"canonical\" href=\"https:\/\/compuviper.mx\/tienda\/producto\/startech-com-st1000spexi-tarjeta-de-red-pci-express-pci-e-ethernet-gigabit-con-1-puerto-rj45-de-1gbps-y-chipset-intel-i210-adaptador-de-red-mod\/\" \/>\n<meta property=\"og:locale\" content=\"es_MX\" \/>\n<meta property=\"og:type\" content=\"article\" \/>\n<meta property=\"og:title\" content=\"[ Startech.com ] &#129351; St1000spexi Tarjeta De Red Pci Express Pci-e Ethernet Gigabit Con 1 Puerto Rj45 De 1gbps Y Chipset Intel I210 - Adaptador De Red - Mod.\" \/>\n<meta property=\"og:description\" content=\"Compra St1000spexi Tarjeta De Red Pci Express Pci-e Ethernet Gigabit Con 1 Puerto Rj45 De 1gbps Y Chipset Intel I210 - Adaptador De Red - Mod. + Env\u00edo a domicilio + Pago seguro + Garant\u00eda\" \/>\n<meta property=\"og:url\" content=\"https:\/\/compuviper.mx\/tienda\/producto\/startech-com-st1000spexi-tarjeta-de-red-pci-express-pci-e-ethernet-gigabit-con-1-puerto-rj45-de-1gbps-y-chipset-intel-i210-adaptador-de-red-mod\/\" \/>\n<meta property=\"og:site_name\" content=\"Compuviper\" \/>\n<meta property=\"article:publisher\" content=\"https:\/\/www.facebook.com\/compuviper\" \/>\n<meta property=\"og:image\" content=\"https:\/\/compuviper.mx\/tienda\/wp-content\/uploads\/2023\/12\/Tarjeta-de-red-pci-express-pci-e-ethernet-gigabit-con-1-puerto-rj45-de-1gbps-y-chipset-intel-i210-adaptador-de-red-startech.com-mod.-st1000spexi.jpg\" \/>\n\t<meta property=\"og:image:width\" content=\"200\" \/>\n\t<meta property=\"og:image:height\" content=\"200\" \/>\n\t<meta property=\"og:image:type\" content=\"image\/jpeg\" \/>\n<meta name=\"twitter:card\" content=\"summary_large_image\" \/>\n<meta name=\"twitter:label1\" content=\"Precio\" \/>\n\t<meta name=\"twitter:data1\" content=\"&#36;767 con IVA\" \/>\n\t<meta name=\"twitter:label2\" content=\"Availability\" \/>\n\t<meta name=\"twitter:data2\" content=\"Out of stock\" \/>\n<script type=\"application\/ld+json\" class=\"yoast-schema-graph\">{\"@context\":\"https:\/\/schema.org\",\"@graph\":[{\"@type\":\"WebPage\",\"@id\":\"https:\/\/compuviper.mx\/tienda\/producto\/startech-com-st1000spexi-tarjeta-de-red-pci-express-pci-e-ethernet-gigabit-con-1-puerto-rj45-de-1gbps-y-chipset-intel-i210-adaptador-de-red-mod\/\",\"url\":\"https:\/\/compuviper.mx\/tienda\/producto\/startech-com-st1000spexi-tarjeta-de-red-pci-express-pci-e-ethernet-gigabit-con-1-puerto-rj45-de-1gbps-y-chipset-intel-i210-adaptador-de-red-mod\/\",\"name\":\"[ Startech.com ] &#129351; St1000spexi Tarjeta De Red Pci Express Pci-e Ethernet Gigabit Con 1 Puerto Rj45 De 1gbps Y Chipset Intel I210 - Adaptador De Red - Mod.\",\"isPartOf\":{\"@id\":\"https:\/\/compuviper.mx\/tienda\/#website\"},\"datePublished\":\"2026-04-18T07:07:36+00:00\",\"dateModified\":\"2026-04-18T07:07:36+00:00\",\"description\":\"Compra St1000spexi Tarjeta De Red Pci Express Pci-e Ethernet Gigabit Con 1 Puerto Rj45 De 1gbps Y Chipset Intel I210 - Adaptador De Red - Mod. + Env\u00edo a domicilio + Pago seguro + Garant\u00eda\",\"breadcrumb\":{\"@id\":\"https:\/\/compuviper.mx\/tienda\/producto\/startech-com-st1000spexi-tarjeta-de-red-pci-express-pci-e-ethernet-gigabit-con-1-puerto-rj45-de-1gbps-y-chipset-intel-i210-adaptador-de-red-mod\/#breadcrumb\"},\"inLanguage\":\"es-MX\",\"potentialAction\":[{\"@type\":\"ReadAction\",\"target\":[\"https:\/\/compuviper.mx\/tienda\/producto\/startech-com-st1000spexi-tarjeta-de-red-pci-express-pci-e-ethernet-gigabit-con-1-puerto-rj45-de-1gbps-y-chipset-intel-i210-adaptador-de-red-mod\/\"]}]},{\"@type\":\"BreadcrumbList\",\"@id\":\"https:\/\/compuviper.mx\/tienda\/producto\/startech-com-st1000spexi-tarjeta-de-red-pci-express-pci-e-ethernet-gigabit-con-1-puerto-rj45-de-1gbps-y-chipset-intel-i210-adaptador-de-red-mod\/#breadcrumb\",\"itemListElement\":[{\"@type\":\"ListItem\",\"position\":1,\"name\":\"Inicio\",\"item\":\"https:\/\/compuviper.mx\/tienda\/\"},{\"@type\":\"ListItem\",\"position\":2,\"name\":\"Productos\",\"item\":\"https:\/\/compuviper.mx\/tienda\/productos\/\"},{\"@type\":\"ListItem\",\"position\":3,\"name\":\"Redes\",\"item\":\"https:\/\/compuviper.mx\/tienda\/categoria-producto\/redes\/\"},{\"@type\":\"ListItem\",\"position\":4,\"name\":\"Tarjetas De Red\",\"item\":\"https:\/\/compuviper.mx\/tienda\/categoria-producto\/redes\/tarjetas-de-red\/\"},{\"@type\":\"ListItem\",\"position\":5,\"name\":\"Startech.com St1000spexi Tarjeta De Red Pci Express Pci-e Ethernet Gigabit Con 1 Puerto Rj45 De 1gbps Y Chipset Intel I210 &#8211; Adaptador De Red &#8211; Mod.\"}]},{\"@type\":\"WebSite\",\"@id\":\"https:\/\/compuviper.mx\/tienda\/#website\",\"url\":\"https:\/\/compuviper.mx\/tienda\/\",\"name\":\"Compuviper\",\"description\":\"Proveedor de Computadoras, Laptops, Servidores, Monitores, Puntos de Venta, Teclados,   Impresoras, T\u00f3ner, C\u00e1maras de Seguridad y m\u00e1s en tu tienda en l\u00ednea\",\"publisher\":{\"@id\":\"https:\/\/compuviper.mx\/tienda\/#organization\"},\"potentialAction\":[{\"@type\":\"SearchAction\",\"target\":{\"@type\":\"EntryPoint\",\"urlTemplate\":\"https:\/\/compuviper.mx\/tienda\/?s={search_term_string}\"},\"query-input\":\"required name=search_term_string\"}],\"inLanguage\":\"es-MX\"},{\"@type\":\"Organization\",\"@id\":\"https:\/\/compuviper.mx\/tienda\/#organization\",\"name\":\"Compuviper\",\"url\":\"https:\/\/compuviper.mx\/tienda\/\",\"logo\":{\"@type\":\"ImageObject\",\"inLanguage\":\"es-MX\",\"@id\":\"https:\/\/compuviper.mx\/tienda\/#\/schema\/logo\/image\/\",\"url\":\"https:\/\/compuviper.mx\/tienda\/wp-content\/uploads\/2021\/08\/Logo-Compuviper-10.png\",\"contentUrl\":\"https:\/\/compuviper.mx\/tienda\/wp-content\/uploads\/2021\/08\/Logo-Compuviper-10.png\",\"width\":1000,\"height\":500,\"caption\":\"Compuviper\"},\"image\":{\"@id\":\"https:\/\/compuviper.mx\/tienda\/#\/schema\/logo\/image\/\"},\"sameAs\":[\"https:\/\/www.facebook.com\/compuviper\",\"https:\/\/www.youtube.com\/channel\/UCf73dERp9Y3cfOq7q8BhLjA?view_as=subscriber\"]}]}<\/script>\n<meta property=\"product:brand\" content=\"STARTECH.COM\" \/>\n<meta property=\"product:price:amount\" content=\"767\" \/>\n<meta property=\"product:price:currency\" content=\"MXN\" \/>\n<meta property=\"og:availability\" content=\"out of stock\" \/>\n<meta property=\"product:availability\" content=\"out of stock\" \/>\n<meta property=\"product:retailer_item_id\" content=\"ST1000SPEXI\" \/>\n<meta property=\"product:condition\" content=\"new\" \/>\n<!-- \/ Yoast SEO plugin. -->","yoast_head_json":{"title":"[ Startech.com ] &#129351; St1000spexi Tarjeta De Red Pci Express Pci-e Ethernet Gigabit Con 1 Puerto Rj45 De 1gbps Y Chipset Intel I210 - Adaptador De Red - Mod.","description":"Compra St1000spexi Tarjeta De Red Pci Express Pci-e Ethernet Gigabit Con 1 Puerto Rj45 De 1gbps Y Chipset Intel I210 - Adaptador De Red - Mod. + Env\u00edo a domicilio + Pago seguro + Garant\u00eda","robots":{"index":"index","follow":"follow","max-snippet":"max-snippet:-1","max-image-preview":"max-image-preview:large","max-video-preview":"max-video-preview:-1"},"canonical":"https:\/\/compuviper.mx\/tienda\/producto\/startech-com-st1000spexi-tarjeta-de-red-pci-express-pci-e-ethernet-gigabit-con-1-puerto-rj45-de-1gbps-y-chipset-intel-i210-adaptador-de-red-mod\/","og_locale":"es_MX","og_type":"article","og_title":"[ Startech.com ] &#129351; St1000spexi Tarjeta De Red Pci Express Pci-e Ethernet Gigabit Con 1 Puerto Rj45 De 1gbps Y Chipset Intel I210 - Adaptador De Red - Mod.","og_description":"Compra St1000spexi Tarjeta De Red Pci Express Pci-e Ethernet Gigabit Con 1 Puerto Rj45 De 1gbps Y Chipset Intel I210 - Adaptador De Red - Mod. + Env\u00edo a domicilio + Pago seguro + Garant\u00eda","og_url":"https:\/\/compuviper.mx\/tienda\/producto\/startech-com-st1000spexi-tarjeta-de-red-pci-express-pci-e-ethernet-gigabit-con-1-puerto-rj45-de-1gbps-y-chipset-intel-i210-adaptador-de-red-mod\/","og_site_name":"Compuviper","article_publisher":"https:\/\/www.facebook.com\/compuviper","og_image":[{"width":200,"height":200,"url":"https:\/\/compuviper.mx\/tienda\/wp-content\/uploads\/2023\/12\/Tarjeta-de-red-pci-express-pci-e-ethernet-gigabit-con-1-puerto-rj45-de-1gbps-y-chipset-intel-i210-adaptador-de-red-startech.com-mod.-st1000spexi.jpg","type":"image\/jpeg"}],"twitter_card":"summary_large_image","twitter_misc":{"Precio":"&#36;767 con IVA","Availability":"Out of stock"},"schema":{"@context":"https:\/\/schema.org","@graph":[{"@type":"WebPage","@id":"https:\/\/compuviper.mx\/tienda\/producto\/startech-com-st1000spexi-tarjeta-de-red-pci-express-pci-e-ethernet-gigabit-con-1-puerto-rj45-de-1gbps-y-chipset-intel-i210-adaptador-de-red-mod\/","url":"https:\/\/compuviper.mx\/tienda\/producto\/startech-com-st1000spexi-tarjeta-de-red-pci-express-pci-e-ethernet-gigabit-con-1-puerto-rj45-de-1gbps-y-chipset-intel-i210-adaptador-de-red-mod\/","name":"[ Startech.com ] &#129351; St1000spexi Tarjeta De Red Pci Express Pci-e Ethernet Gigabit Con 1 Puerto Rj45 De 1gbps Y Chipset Intel I210 - Adaptador De Red - Mod.","isPartOf":{"@id":"https:\/\/compuviper.mx\/tienda\/#website"},"datePublished":"2026-04-18T07:07:36+00:00","dateModified":"2026-04-18T07:07:36+00:00","description":"Compra St1000spexi Tarjeta De Red Pci Express Pci-e Ethernet Gigabit Con 1 Puerto Rj45 De 1gbps Y Chipset Intel I210 - Adaptador De Red - Mod. + Env\u00edo a domicilio + Pago seguro + Garant\u00eda","breadcrumb":{"@id":"https:\/\/compuviper.mx\/tienda\/producto\/startech-com-st1000spexi-tarjeta-de-red-pci-express-pci-e-ethernet-gigabit-con-1-puerto-rj45-de-1gbps-y-chipset-intel-i210-adaptador-de-red-mod\/#breadcrumb"},"inLanguage":"es-MX","potentialAction":[{"@type":"ReadAction","target":["https:\/\/compuviper.mx\/tienda\/producto\/startech-com-st1000spexi-tarjeta-de-red-pci-express-pci-e-ethernet-gigabit-con-1-puerto-rj45-de-1gbps-y-chipset-intel-i210-adaptador-de-red-mod\/"]}]},{"@type":"BreadcrumbList","@id":"https:\/\/compuviper.mx\/tienda\/producto\/startech-com-st1000spexi-tarjeta-de-red-pci-express-pci-e-ethernet-gigabit-con-1-puerto-rj45-de-1gbps-y-chipset-intel-i210-adaptador-de-red-mod\/#breadcrumb","itemListElement":[{"@type":"ListItem","position":1,"name":"Inicio","item":"https:\/\/compuviper.mx\/tienda\/"},{"@type":"ListItem","position":2,"name":"Productos","item":"https:\/\/compuviper.mx\/tienda\/productos\/"},{"@type":"ListItem","position":3,"name":"Redes","item":"https:\/\/compuviper.mx\/tienda\/categoria-producto\/redes\/"},{"@type":"ListItem","position":4,"name":"Tarjetas De Red","item":"https:\/\/compuviper.mx\/tienda\/categoria-producto\/redes\/tarjetas-de-red\/"},{"@type":"ListItem","position":5,"name":"Startech.com St1000spexi Tarjeta De Red Pci Express Pci-e Ethernet Gigabit Con 1 Puerto Rj45 De 1gbps Y Chipset Intel I210 &#8211; Adaptador De Red &#8211; Mod."}]},{"@type":"WebSite","@id":"https:\/\/compuviper.mx\/tienda\/#website","url":"https:\/\/compuviper.mx\/tienda\/","name":"Compuviper","description":"Proveedor de Computadoras, Laptops, Servidores, Monitores, Puntos de Venta, Teclados,   Impresoras, T\u00f3ner, C\u00e1maras de Seguridad y m\u00e1s en tu tienda en l\u00ednea","publisher":{"@id":"https:\/\/compuviper.mx\/tienda\/#organization"},"potentialAction":[{"@type":"SearchAction","target":{"@type":"EntryPoint","urlTemplate":"https:\/\/compuviper.mx\/tienda\/?s={search_term_string}"},"query-input":"required name=search_term_string"}],"inLanguage":"es-MX"},{"@type":"Organization","@id":"https:\/\/compuviper.mx\/tienda\/#organization","name":"Compuviper","url":"https:\/\/compuviper.mx\/tienda\/","logo":{"@type":"ImageObject","inLanguage":"es-MX","@id":"https:\/\/compuviper.mx\/tienda\/#\/schema\/logo\/image\/","url":"https:\/\/compuviper.mx\/tienda\/wp-content\/uploads\/2021\/08\/Logo-Compuviper-10.png","contentUrl":"https:\/\/compuviper.mx\/tienda\/wp-content\/uploads\/2021\/08\/Logo-Compuviper-10.png","width":1000,"height":500,"caption":"Compuviper"},"image":{"@id":"https:\/\/compuviper.mx\/tienda\/#\/schema\/logo\/image\/"},"sameAs":["https:\/\/www.facebook.com\/compuviper","https:\/\/www.youtube.com\/channel\/UCf73dERp9Y3cfOq7q8BhLjA?view_as=subscriber"]}]},"product_brand":"STARTECH.COM","product_price_amount":"767","product_price_currency":"MXN","og_availability":"out of stock","product_availability":"out of stock","product_retailer_item_id":"ST1000SPEXI","product_condition":"new"},"_links":{"self":[{"href":"https:\/\/compuviper.mx\/tienda\/wp-json\/wp\/v2\/product\/220884"}],"collection":[{"href":"https:\/\/compuviper.mx\/tienda\/wp-json\/wp\/v2\/product"}],"about":[{"href":"https:\/\/compuviper.mx\/tienda\/wp-json\/wp\/v2\/types\/product"}],"replies":[{"embeddable":true,"href":"https:\/\/compuviper.mx\/tienda\/wp-json\/wp\/v2\/comments?post=220884"}],"wp:featuredmedia":[{"embeddable":true,"href":"https:\/\/compuviper.mx\/tienda\/wp-json\/wp\/v2\/media\/220885"}],"wp:attachment":[{"href":"https:\/\/compuviper.mx\/tienda\/wp-json\/wp\/v2\/media?parent=220884"}],"wp:term":[{"taxonomy":"product_cat","embeddable":true,"href":"https:\/\/compuviper.mx\/tienda\/wp-json\/wp\/v2\/product_cat?post=220884"},{"taxonomy":"product_tag","embeddable":true,"href":"https:\/\/compuviper.mx\/tienda\/wp-json\/wp\/v2\/product_tag?post=220884"}],"curies":[{"name":"wp","href":"https:\/\/api.w.org\/{rel}","templated":true}]}}