{"id":220878,"date":"2026-04-11T01:02:40","date_gmt":"2026-04-11T07:02:40","guid":{"rendered":"https:\/\/compuviper.mx\/tienda\/producto\/tp-link-re650-repetidor-tp-link-inalambrico-extensor-de-rango-ac2600-wifi-5\/"},"modified":"2026-04-11T01:02:40","modified_gmt":"2026-04-11T07:02:40","slug":"tp-link-re650-repetidor-tp-link-inalambrico-extensor-de-rango-ac2600-wifi-5","status":"publish","type":"product","link":"https:\/\/compuviper.mx\/tienda\/producto\/tp-link-re650-repetidor-tp-link-inalambrico-extensor-de-rango-ac2600-wifi-5\/","title":{"rendered":"Tp Link Re650 Repetidor | Tp-link |  | Inalambrico | Extensor De Rango | Ac2600 | Wifi 5"},"content":{"rendered":"<table class=\"descripcion\">\n<tr>\n<td>Caracter\u00edsticas de hardware<\/td>\n<\/tr>\n<tr>\n<td>Tipo de enchufe eu, uk, us<\/td>\n<\/tr>\n<tr>\n<td>Est\u00e1ndares y protocolos ieee802.11ac, ieee 802.11n, ieee 802.11g, ieee 802.11b<\/td>\n<\/tr>\n<tr>\n<td>Interfaz 1 puerto ethernet * 10\/100\/1000mbps (rj45)<\/td>\n<\/tr>\n<tr>\n<td>Botones bot\u00f3n wps, bot\u00f3n reset, bot\u00f3n led , bot\u00f3n power<\/td>\n<\/tr>\n<tr>\n<td>Consumo de potencia 12w  and #65288;consumo m\u00e1ximo de potencia and #65289;<\/td>\n<\/tr>\n<tr>\n<td>Dimensiones (163 x 86 x 40mm) 6.4 x 3.4 x 1.6 in.<\/td>\n<\/tr>\n<tr>\n<td>Antenas 4 x externas<\/td>\n<\/tr>\n<tr>\n<td>Caracter\u00edsticas inal\u00e1mbricas<\/td>\n<\/tr>\n<tr>\n<td>Frecuencia 2.4ghz  and  5ghz(11ac)<\/td>\n<\/tr>\n<tr>\n<td>Tasa de se\u00f1al 5ghz: hasta 1733mbps<\/td>\n<\/tr>\n<tr>\n<td>2.4ghz: hasta 800mpbs<\/td>\n<\/tr>\n<tr>\n<td>Sensibilidad de recepci\u00f3n 5ghz and #65306;<\/td>\n<\/tr>\n<tr>\n<td>11a 6mbps:-96dbm@10% per<\/td>\n<\/tr>\n<tr>\n<td>11a 54mbps: -78dbm@10% per<\/td>\n<\/tr>\n<tr>\n<td>11ac ht20 mcs8: -69dbm@10% per<\/td>\n<\/tr>\n<tr>\n<td>11ac ht40 mcs9: -66dbm@10% per<\/td>\n<\/tr>\n<tr>\n<td>11ac ht80 mcs9: -63dbm@10% per<\/td>\n<\/tr>\n<tr>\n<td>2.4ghz and #65306;<\/td>\n<\/tr>\n<tr>\n<td>11g 54m: -79dbm@10% per<\/td>\n<\/tr>\n<tr>\n<td>11n ht20 mcs7: -77dbm@10% per<\/td>\n<\/tr>\n<tr>\n<td>11n ht40 mcs7: -74dbm@10% per<\/td>\n<\/tr>\n<tr>\n<td>Modos inal\u00e1mbricos repetidor\/access point<\/td>\n<\/tr>\n<tr>\n<td>Funciones inal\u00e1mbricas estad\u00edsticas inal\u00e1mbricas<\/td>\n<\/tr>\n<tr>\n<td>Mejora en modo concurrente tanto en ambas bandas wi-fi 2.4ghz \/ 5ghz<\/td>\n<\/tr>\n<tr>\n<td>Control de acceso<\/td>\n<\/tr>\n<tr>\n<td>Control led<\/td>\n<\/tr>\n<tr>\n<td>Funci\u00f3n de acceso por dominio<\/td>\n<\/tr>\n<tr>\n<td>Seguridad inal\u00e1mbrica 64\/128-bit wep<\/td>\n<\/tr>\n<tr>\n<td>Wpa-psk \/ wpa2-psk<\/td>\n<\/tr>\n<tr>\n<td>Potencia de transmisi\u00f3n  20dbm(2.4ghz)<\/td>\n<\/tr>\n<tr>\n<td> 23dbm(5ghz)<\/td>\n<\/tr>\n<tr>\n<td>Otros<\/td>\n<\/tr>\n<tr>\n<td>Certificaciones ce, fcc, rohs<\/td>\n<\/tr>\n<tr>\n<td>Contenido del paquete: extensor de rango wi-fi ac2000 re650  \/  gu\u00eda de instalaci\u00f3n r\u00e1pida<\/td>\n<\/tr>\n<tr>\n<td>Dimensiones de la caja 202 x 125 x 97mm. (7.9 x 4.9 x 3.8 in)<\/td>\n<\/tr>\n<tr>\n<td>Requisitos del sistema microsoft\u00ae windows\u00ae 98se, nt, 2000, xp, vista or windows 7, 8, 10, mac\u00ae os, netware\u00ae, unix\u00ae o linux.<\/td>\n<\/tr>\n<tr>\n<td>Factores ambientales humedad de funcionamiento: 10%~90% sin condensaci\u00f3n<\/td>\n<\/tr>\n<tr>\n<td>Humedad de almacenamiento: 5%~90% sin condensaci\u00f3n<\/td>\n<\/tr>\n<\/table>\n","protected":false},"excerpt":{"rendered":"<p>Extensor de cobertura wi-fi ac2600. Re650. * repetidor superior \u0096 cuatro antenas externas ampl\u00edan la cobertura wi-fi hasta 1000 metros cuadrados. * wi-fi doble banda ac2600 4-stream \u0096  800mbps en 2.4ghz + 1733mbps en 5ghz simultaneamente. * 4\u00d74 mu-mimo \u0096 transfiere simult\u00e1neamente datos a varios dispositivos para un rendimiento 4 veces m\u00e1s r\u00e1pido. * tecnolog\u00eda beamforming  \u0096 env\u00eda la se\u00f1al wifi dirigida individualmente a cada dispositivo para establecer conexiones m\u00e1s estables. * puerto ethernet gigabit  \u0096 proporciona conexiones por cable m\u00e1s r\u00e1pidas a smart tvs, ordenadores y videoconsolas. * link backup. Funci\u00f3n de respaldo ante posibles ca\u00eddas de conexi\u00f3n en una de las bandas. * luz de se\u00f1al inteligente \u0096 ayuda a encontrar la ubicaci\u00f3n de cobertura wi-fi \u00f3ptima al mostrar la fuerza de la se\u00f1al. * modo ap \u0096 cree un nuevo punto de acceso wi-fi para mejorar su red cableada con capacidad wi-fi. * app tp-link tether \u0096acceso sencillo y gesti\u00f3n de su red a trav\u00e9s de cualquier dispositivo m\u00f3vil android o ios. * compatibilidad de \u00faltima generaci\u00f3n \u0096 ampl\u00eda la cobertura de cualquier router wi-fi o punto de acceso inal\u00e1mbrico. Extensi\u00f3n wi-fi de doble banda ultra r\u00e1pido. Con cuatro antenas externas de doble banda, el re650 establece una conexi\u00f3n inal\u00e1mbrica estable con cualquier router wi-fi y aumenta la cobertura de la red hasta en 1000 metros cuadrados*. El procesador de doble n\u00facleo de 880mhz proporciona el m\u00e1ximo rendimiento wi-fi, manteniendo sus smartphones y tablets conectadas mientras se mueve por toda su casa. La tecnolog\u00eda beamforming detecta la ubicaci\u00f3n de los dispositivos y concentra el wi-fi hacia ellos para unas conexiones m\u00e1s fuertes. Wi-fi doble banda ac2600 4-stream. Utilizando la tecnolog\u00eda 4-stream para aumentar su capacidad wi-fi, el re650 alcanza velocidades m\u00e1ximas l\u00edderes en el mercado de hasta 800mbps en 2.4ghz y 1733mbps en 5ghz. Esto proporciona una velocidad y rendimiento de \u00e9lite necesarios para soportar sus aplicaciones en l\u00ednea m\u00e1s exigentes, incluyendo streaming 4k y juegos sin delay. Mediante la funci\u00f3n link backup, el re650 conecta con el router en 2.4ghz y 5ghz al mismo tiempo. Si alguna de las bandas de frencuencia pierde conexi\u00f3n, la otra banda actur\u00e1 de backup, para que los clientes conectados al re650 sigan teniendo conexi\u00f3n a internet en ambas bandas. M\u00e1s conexiones y velocidad para todos. La tecnolog\u00eda mu-mimo permite al re650 servir hasta a cuatro dispositivos a la vez, reduciendo el tiempo de espera y aumentando considerablemente el rendimiento wi-fi para cada uno de ellos. Con mu-mimo, el re650 funciona hasta 4 veces m\u00e1s r\u00e1pido que un repetidor ac tradicional. Conexi\u00f3n cableada. Gigabit de alta velocidad. El puerto gigabit ethernet del re650 le permite conectar un dispositivo por cable, como una videoconsola o una smart tv, para crear una conexi\u00f3n por cable r\u00e1pida y segura. 4k hdtv  \/  juegos  \/  port\u00e1til  \/  impresora. Encuentre el mejor lugar con el indicador de se\u00f1al inteligente. El indicador de se\u00f1al inteligente le ayuda a encontrar r\u00e1pidamente la. Mejor ubicaci\u00f3n para instalar el re650. Modo punto de acceso incorporado. El re650 es m\u00e1s que un extensor inal\u00e1mbrico. Simplemente conecte un cable ethernet a su puerto ethernet y convierta f\u00e1cilmente su conexi\u00f3n cable en un punto de acceso inal\u00e1mbrico doble banda mu-mimo 4&#215;4. Conexiones doble banda sin interrupciones y sin problemas. Si una de las dos bandas principales del router cae repentinamente, o en caso de que el router principal s\u00f3lo pueda ofrecer una sola banda, el re650 podr\u00eda ofrecer conexiones doble banda estables para los clientes, lo que le permite disfrutar de una experiencia estable y sin interrupciones en todos sus dispositivos. Facil control y monitoreo. Tp-link tether es una aplicaci\u00f3n intuitiva que permite a los usuarios monitorear facilmente el estado de su repetidor, controlando sus funciones y modificando su configuraci\u00f3n desde cualquier dispositivo m\u00f3vil compatible.<\/p>\n","protected":false},"featured_media":220879,"comment_status":"open","ping_status":"open","template":"","meta":[],"product_cat":[1563,1755],"product_tag":[1562],"acf":[],"yoast_head":"<!-- This site is optimized with the Yoast SEO plugin v21.7 - https:\/\/yoast.com\/wordpress\/plugins\/seo\/ -->\n<title>[ Tp Link ] &#129351; Re650 Repetidor | Tp-link | | Inalambrico | Extensor De Rango | Ac2600 | Wifi 5<\/title>\n<meta name=\"description\" content=\"Compra Re650 Repetidor | Tp-link | | Inalambrico | Extensor De Rango | Ac2600 | Wifi 5 + Env\u00edo a domicilio + Pago seguro + Garant\u00eda\" \/>\n<meta name=\"robots\" content=\"index, follow, max-snippet:-1, max-image-preview:large, max-video-preview:-1\" \/>\n<link rel=\"canonical\" href=\"https:\/\/compuviper.mx\/tienda\/producto\/tp-link-re650-repetidor-tp-link-inalambrico-extensor-de-rango-ac2600-wifi-5\/\" \/>\n<meta property=\"og:locale\" content=\"es_MX\" \/>\n<meta property=\"og:type\" content=\"article\" \/>\n<meta property=\"og:title\" content=\"[ Tp Link ] &#129351; Re650 Repetidor | Tp-link | | Inalambrico | Extensor De Rango | Ac2600 | Wifi 5\" \/>\n<meta property=\"og:description\" content=\"Compra Re650 Repetidor | Tp-link | | Inalambrico | Extensor De Rango | Ac2600 | Wifi 5 + Env\u00edo a domicilio + Pago seguro + Garant\u00eda\" \/>\n<meta property=\"og:url\" content=\"https:\/\/compuviper.mx\/tienda\/producto\/tp-link-re650-repetidor-tp-link-inalambrico-extensor-de-rango-ac2600-wifi-5\/\" \/>\n<meta property=\"og:site_name\" content=\"Compuviper\" \/>\n<meta property=\"article:publisher\" content=\"https:\/\/www.facebook.com\/compuviper\" \/>\n<meta property=\"og:image\" content=\"https:\/\/compuviper.mx\/tienda\/wp-content\/uploads\/2023\/12\/Repetidor-tp-link-re650-inalambrico-extensor-de-rango-ac2600-wifi-5.jpg\" \/>\n\t<meta property=\"og:image:width\" content=\"200\" \/>\n\t<meta property=\"og:image:height\" content=\"200\" \/>\n\t<meta property=\"og:image:type\" content=\"image\/jpeg\" \/>\n<meta name=\"twitter:card\" content=\"summary_large_image\" \/>\n<meta name=\"twitter:label1\" content=\"Precio\" \/>\n\t<meta name=\"twitter:data1\" content=\"&#36;1,237 con IVA\" \/>\n\t<meta name=\"twitter:label2\" content=\"Availability\" \/>\n\t<meta name=\"twitter:data2\" content=\"In stock\" \/>\n<script type=\"application\/ld+json\" class=\"yoast-schema-graph\">{\"@context\":\"https:\/\/schema.org\",\"@graph\":[{\"@type\":\"WebPage\",\"@id\":\"https:\/\/compuviper.mx\/tienda\/producto\/tp-link-re650-repetidor-tp-link-inalambrico-extensor-de-rango-ac2600-wifi-5\/\",\"url\":\"https:\/\/compuviper.mx\/tienda\/producto\/tp-link-re650-repetidor-tp-link-inalambrico-extensor-de-rango-ac2600-wifi-5\/\",\"name\":\"[ Tp Link ] &#129351; Re650 Repetidor | Tp-link | | Inalambrico | Extensor De Rango | Ac2600 | Wifi 5\",\"isPartOf\":{\"@id\":\"https:\/\/compuviper.mx\/tienda\/#website\"},\"datePublished\":\"2026-04-11T07:02:40+00:00\",\"dateModified\":\"2026-04-11T07:02:40+00:00\",\"description\":\"Compra Re650 Repetidor | Tp-link | | Inalambrico | Extensor De Rango | Ac2600 | Wifi 5 + Env\u00edo a domicilio + Pago seguro + Garant\u00eda\",\"breadcrumb\":{\"@id\":\"https:\/\/compuviper.mx\/tienda\/producto\/tp-link-re650-repetidor-tp-link-inalambrico-extensor-de-rango-ac2600-wifi-5\/#breadcrumb\"},\"inLanguage\":\"es-MX\",\"potentialAction\":[{\"@type\":\"ReadAction\",\"target\":[\"https:\/\/compuviper.mx\/tienda\/producto\/tp-link-re650-repetidor-tp-link-inalambrico-extensor-de-rango-ac2600-wifi-5\/\"]}]},{\"@type\":\"BreadcrumbList\",\"@id\":\"https:\/\/compuviper.mx\/tienda\/producto\/tp-link-re650-repetidor-tp-link-inalambrico-extensor-de-rango-ac2600-wifi-5\/#breadcrumb\",\"itemListElement\":[{\"@type\":\"ListItem\",\"position\":1,\"name\":\"Inicio\",\"item\":\"https:\/\/compuviper.mx\/tienda\/\"},{\"@type\":\"ListItem\",\"position\":2,\"name\":\"Productos\",\"item\":\"https:\/\/compuviper.mx\/tienda\/productos\/\"},{\"@type\":\"ListItem\",\"position\":3,\"name\":\"Redes\",\"item\":\"https:\/\/compuviper.mx\/tienda\/categoria-producto\/redes\/\"},{\"@type\":\"ListItem\",\"position\":4,\"name\":\"Repetidor Wireless\",\"item\":\"https:\/\/compuviper.mx\/tienda\/categoria-producto\/redes\/repetidor-wireless\/\"},{\"@type\":\"ListItem\",\"position\":5,\"name\":\"Tp Link Re650 Repetidor | Tp-link | | Inalambrico | Extensor De Rango | Ac2600 | Wifi 5\"}]},{\"@type\":\"WebSite\",\"@id\":\"https:\/\/compuviper.mx\/tienda\/#website\",\"url\":\"https:\/\/compuviper.mx\/tienda\/\",\"name\":\"Compuviper\",\"description\":\"Proveedor de Computadoras, Laptops, Servidores, Monitores, Puntos de Venta, Teclados,   Impresoras, T\u00f3ner, C\u00e1maras de Seguridad y m\u00e1s en tu tienda en l\u00ednea\",\"publisher\":{\"@id\":\"https:\/\/compuviper.mx\/tienda\/#organization\"},\"potentialAction\":[{\"@type\":\"SearchAction\",\"target\":{\"@type\":\"EntryPoint\",\"urlTemplate\":\"https:\/\/compuviper.mx\/tienda\/?s={search_term_string}\"},\"query-input\":\"required name=search_term_string\"}],\"inLanguage\":\"es-MX\"},{\"@type\":\"Organization\",\"@id\":\"https:\/\/compuviper.mx\/tienda\/#organization\",\"name\":\"Compuviper\",\"url\":\"https:\/\/compuviper.mx\/tienda\/\",\"logo\":{\"@type\":\"ImageObject\",\"inLanguage\":\"es-MX\",\"@id\":\"https:\/\/compuviper.mx\/tienda\/#\/schema\/logo\/image\/\",\"url\":\"https:\/\/compuviper.mx\/tienda\/wp-content\/uploads\/2021\/08\/Logo-Compuviper-10.png\",\"contentUrl\":\"https:\/\/compuviper.mx\/tienda\/wp-content\/uploads\/2021\/08\/Logo-Compuviper-10.png\",\"width\":1000,\"height\":500,\"caption\":\"Compuviper\"},\"image\":{\"@id\":\"https:\/\/compuviper.mx\/tienda\/#\/schema\/logo\/image\/\"},\"sameAs\":[\"https:\/\/www.facebook.com\/compuviper\",\"https:\/\/www.youtube.com\/channel\/UCf73dERp9Y3cfOq7q8BhLjA?view_as=subscriber\"]}]}<\/script>\n<meta property=\"product:brand\" content=\"TP LINK\" \/>\n<meta property=\"product:price:amount\" content=\"1237\" \/>\n<meta property=\"product:price:currency\" content=\"MXN\" \/>\n<meta property=\"og:availability\" content=\"instock\" \/>\n<meta property=\"product:availability\" content=\"instock\" \/>\n<meta property=\"product:retailer_item_id\" content=\"RE650\" \/>\n<meta property=\"product:condition\" content=\"new\" \/>\n<!-- \/ Yoast SEO plugin. -->","yoast_head_json":{"title":"[ Tp Link ] &#129351; Re650 Repetidor | Tp-link | | Inalambrico | Extensor De Rango | Ac2600 | Wifi 5","description":"Compra Re650 Repetidor | Tp-link | | Inalambrico | Extensor De Rango | Ac2600 | Wifi 5 + Env\u00edo a domicilio + Pago seguro + Garant\u00eda","robots":{"index":"index","follow":"follow","max-snippet":"max-snippet:-1","max-image-preview":"max-image-preview:large","max-video-preview":"max-video-preview:-1"},"canonical":"https:\/\/compuviper.mx\/tienda\/producto\/tp-link-re650-repetidor-tp-link-inalambrico-extensor-de-rango-ac2600-wifi-5\/","og_locale":"es_MX","og_type":"article","og_title":"[ Tp Link ] &#129351; Re650 Repetidor | Tp-link | | Inalambrico | Extensor De Rango | Ac2600 | Wifi 5","og_description":"Compra Re650 Repetidor | Tp-link | | Inalambrico | Extensor De Rango | Ac2600 | Wifi 5 + Env\u00edo a domicilio + Pago seguro + Garant\u00eda","og_url":"https:\/\/compuviper.mx\/tienda\/producto\/tp-link-re650-repetidor-tp-link-inalambrico-extensor-de-rango-ac2600-wifi-5\/","og_site_name":"Compuviper","article_publisher":"https:\/\/www.facebook.com\/compuviper","og_image":[{"width":200,"height":200,"url":"https:\/\/compuviper.mx\/tienda\/wp-content\/uploads\/2023\/12\/Repetidor-tp-link-re650-inalambrico-extensor-de-rango-ac2600-wifi-5.jpg","type":"image\/jpeg"}],"twitter_card":"summary_large_image","twitter_misc":{"Precio":"&#36;1,237 con IVA","Availability":"In stock"},"schema":{"@context":"https:\/\/schema.org","@graph":[{"@type":"WebPage","@id":"https:\/\/compuviper.mx\/tienda\/producto\/tp-link-re650-repetidor-tp-link-inalambrico-extensor-de-rango-ac2600-wifi-5\/","url":"https:\/\/compuviper.mx\/tienda\/producto\/tp-link-re650-repetidor-tp-link-inalambrico-extensor-de-rango-ac2600-wifi-5\/","name":"[ Tp Link ] &#129351; Re650 Repetidor | Tp-link | | Inalambrico | Extensor De Rango | Ac2600 | Wifi 5","isPartOf":{"@id":"https:\/\/compuviper.mx\/tienda\/#website"},"datePublished":"2026-04-11T07:02:40+00:00","dateModified":"2026-04-11T07:02:40+00:00","description":"Compra Re650 Repetidor | Tp-link | | Inalambrico | Extensor De Rango | Ac2600 | Wifi 5 + Env\u00edo a domicilio + Pago seguro + Garant\u00eda","breadcrumb":{"@id":"https:\/\/compuviper.mx\/tienda\/producto\/tp-link-re650-repetidor-tp-link-inalambrico-extensor-de-rango-ac2600-wifi-5\/#breadcrumb"},"inLanguage":"es-MX","potentialAction":[{"@type":"ReadAction","target":["https:\/\/compuviper.mx\/tienda\/producto\/tp-link-re650-repetidor-tp-link-inalambrico-extensor-de-rango-ac2600-wifi-5\/"]}]},{"@type":"BreadcrumbList","@id":"https:\/\/compuviper.mx\/tienda\/producto\/tp-link-re650-repetidor-tp-link-inalambrico-extensor-de-rango-ac2600-wifi-5\/#breadcrumb","itemListElement":[{"@type":"ListItem","position":1,"name":"Inicio","item":"https:\/\/compuviper.mx\/tienda\/"},{"@type":"ListItem","position":2,"name":"Productos","item":"https:\/\/compuviper.mx\/tienda\/productos\/"},{"@type":"ListItem","position":3,"name":"Redes","item":"https:\/\/compuviper.mx\/tienda\/categoria-producto\/redes\/"},{"@type":"ListItem","position":4,"name":"Repetidor Wireless","item":"https:\/\/compuviper.mx\/tienda\/categoria-producto\/redes\/repetidor-wireless\/"},{"@type":"ListItem","position":5,"name":"Tp Link Re650 Repetidor | Tp-link | | Inalambrico | Extensor De Rango | Ac2600 | Wifi 5"}]},{"@type":"WebSite","@id":"https:\/\/compuviper.mx\/tienda\/#website","url":"https:\/\/compuviper.mx\/tienda\/","name":"Compuviper","description":"Proveedor de Computadoras, Laptops, Servidores, Monitores, Puntos de Venta, Teclados,   Impresoras, T\u00f3ner, C\u00e1maras de Seguridad y m\u00e1s en tu tienda en l\u00ednea","publisher":{"@id":"https:\/\/compuviper.mx\/tienda\/#organization"},"potentialAction":[{"@type":"SearchAction","target":{"@type":"EntryPoint","urlTemplate":"https:\/\/compuviper.mx\/tienda\/?s={search_term_string}"},"query-input":"required name=search_term_string"}],"inLanguage":"es-MX"},{"@type":"Organization","@id":"https:\/\/compuviper.mx\/tienda\/#organization","name":"Compuviper","url":"https:\/\/compuviper.mx\/tienda\/","logo":{"@type":"ImageObject","inLanguage":"es-MX","@id":"https:\/\/compuviper.mx\/tienda\/#\/schema\/logo\/image\/","url":"https:\/\/compuviper.mx\/tienda\/wp-content\/uploads\/2021\/08\/Logo-Compuviper-10.png","contentUrl":"https:\/\/compuviper.mx\/tienda\/wp-content\/uploads\/2021\/08\/Logo-Compuviper-10.png","width":1000,"height":500,"caption":"Compuviper"},"image":{"@id":"https:\/\/compuviper.mx\/tienda\/#\/schema\/logo\/image\/"},"sameAs":["https:\/\/www.facebook.com\/compuviper","https:\/\/www.youtube.com\/channel\/UCf73dERp9Y3cfOq7q8BhLjA?view_as=subscriber"]}]},"product_brand":"TP LINK","product_price_amount":"1237","product_price_currency":"MXN","og_availability":"instock","product_availability":"instock","product_retailer_item_id":"RE650","product_condition":"new"},"_links":{"self":[{"href":"https:\/\/compuviper.mx\/tienda\/wp-json\/wp\/v2\/product\/220878"}],"collection":[{"href":"https:\/\/compuviper.mx\/tienda\/wp-json\/wp\/v2\/product"}],"about":[{"href":"https:\/\/compuviper.mx\/tienda\/wp-json\/wp\/v2\/types\/product"}],"replies":[{"embeddable":true,"href":"https:\/\/compuviper.mx\/tienda\/wp-json\/wp\/v2\/comments?post=220878"}],"wp:featuredmedia":[{"embeddable":true,"href":"https:\/\/compuviper.mx\/tienda\/wp-json\/wp\/v2\/media\/220879"}],"wp:attachment":[{"href":"https:\/\/compuviper.mx\/tienda\/wp-json\/wp\/v2\/media?parent=220878"}],"wp:term":[{"taxonomy":"product_cat","embeddable":true,"href":"https:\/\/compuviper.mx\/tienda\/wp-json\/wp\/v2\/product_cat?post=220878"},{"taxonomy":"product_tag","embeddable":true,"href":"https:\/\/compuviper.mx\/tienda\/wp-json\/wp\/v2\/product_tag?post=220878"}],"curies":[{"name":"wp","href":"https:\/\/api.w.org\/{rel}","templated":true}]}}