{"id":220876,"date":"2026-04-18T01:07:33","date_gmt":"2026-04-18T07:07:33","guid":{"rendered":"https:\/\/compuviper.mx\/tienda\/producto\/tp-link-tl-sg116-switch-tp-link-16-puertos-rj45-gigabit-10-100-1000-no-administrable-carcasa-metalica-para-escritorio-o-pared\/"},"modified":"2026-04-18T01:07:34","modified_gmt":"2026-04-18T07:07:34","slug":"tp-link-tl-sg116-switch-tp-link-16-puertos-rj45-gigabit-10-100-1000-no-administrable-carcasa-metalica-para-escritorio-o-pared","status":"publish","type":"product","link":"https:\/\/compuviper.mx\/tienda\/producto\/tp-link-tl-sg116-switch-tp-link-16-puertos-rj45-gigabit-10-100-1000-no-administrable-carcasa-metalica-para-escritorio-o-pared\/","title":{"rendered":"Tp Link Tl-sg116 Switch | Tp-link |  | 16 Puertos Rj45 Gigabit 10\/100\/1000 | No Administrable | Carcasa Metalica | Para Escritorio O Pared"},"content":{"rendered":"<table class=\"descripcion\">\n<tr>\n<td>Caracter\u00edsticas de hardware<\/td>\n<\/tr>\n<tr>\n<td>Est\u00e1ndares y protocolos ieee 802.3i \/802.3u \/802.3ab \/802.3x \/802.1p<\/td>\n<\/tr>\n<tr>\n<td>Interface 16 10\/100\/1000mbps ports, auto-negotiation, auto-mdi\/mdix<\/td>\n<\/tr>\n<tr>\n<td>Cantidad de ventiladores fanless<\/td>\n<\/tr>\n<tr>\n<td>Cerradura de seguridad f\u00edsica yes<\/td>\n<\/tr>\n<tr>\n<td>Fuente de alimentaci\u00f3n externa external power adapter (output: 12vdc \/ 1.0a)<\/td>\n<\/tr>\n<tr>\n<td>Indicador led system power<\/td>\n<\/tr>\n<tr>\n<td>Link\/act indicators per port built into each rj-45 port<\/td>\n<\/tr>\n<tr>\n<td>Dimensiones (w x d x h) 11.26 x 4.4 x 1.0 in. (286*111.7*25.4 mm)<\/td>\n<\/tr>\n<tr>\n<td>Consumo m\u00e1ximo de energ\u00eda 10w(220v\/50hz)<\/td>\n<\/tr>\n<tr>\n<td>Disipaci\u00f3n m\u00e1xima de calor 34.12btu\/h<\/td>\n<\/tr>\n<tr>\n<td>Rendimiento<\/td>\n<\/tr>\n<tr>\n<td>Tasa de reenv\u00edo de paquetes 23.8mpps<\/td>\n<\/tr>\n<tr>\n<td>Tabla de mac address 8k<\/td>\n<\/tr>\n<tr>\n<td>Paquetes de memoria de b\u00fafer 4.1mb<\/td>\n<\/tr>\n<tr>\n<td>Jumbo frame 10kb<\/td>\n<\/tr>\n<tr>\n<td>Caracter\u00edsticas de software<\/td>\n<\/tr>\n<tr>\n<td>Caracter\u00edsticas avanzadas green technology<\/td>\n<\/tr>\n<tr>\n<td>802.3x flow control<\/td>\n<\/tr>\n<tr>\n<td>802.1p\/dscp qos<\/td>\n<\/tr>\n<tr>\n<td>Igmp snooping<\/td>\n<\/tr>\n<tr>\n<td>M\u00e9todo de transferencia store and forward<\/td>\n<\/tr>\n<tr>\n<td>Otros<\/td>\n<\/tr>\n<tr>\n<td>Certificacion ce, fcc ,rohs<\/td>\n<\/tr>\n<tr>\n<td>Contenidos del paquete: 16-port 10\/100\/1000mbps desktop switch  \/  power adapter  \/  installation guide  \/  rubber feet<\/td>\n<\/tr>\n<tr>\n<td>Ambiente operating temperature: 0\u00b0c~40\u00b0c (32\u00b0f~104\u00b0f)<\/td>\n<\/tr>\n<tr>\n<td>Storage temperature: -40\u00b0c~70\u00b0c (-40\u00b0f~158\u00b0f)<\/td>\n<\/tr>\n<tr>\n<td>Operating humidity: 10% ~ 90%, non-condensing<\/td>\n<\/tr>\n<tr>\n<td>Storage humidity: 5%~90% non-condensing<\/td>\n<\/tr>\n<\/table>\n","protected":false},"excerpt":{"rendered":"<p>Switch de escritorio gigabit de 16 puertos. Tl-sg116. * 16 puertos rj45 de negociaci\u00f3n autom\u00e1tica de 10\/100 \/ 1000mbps que admiten auto-mdi \/ mdix. * la tecnolog\u00eda green ethernet ahorra consumo de energ\u00eda. * el control de flujo ieee 802.3x proporciona transferencia de datos confiable. * carcasa de acero, dise\u00f1o de escritorio o montaje en pared. * soporta 802.1p \/ dscp qos e igmp snooping. * plug and play, sin necesidad de configuraci\u00f3n. Vincula tus dispositivos, crea negocios inteligentes. El switch de escritorio tl-sg116 te proporciona una manera f\u00e1cil de aumentar la velocidad de tu servidor de red y conexiones troncales. Ya sea que est\u00e9 en casa o en la oficina, el tl-sg116 siempre puede ayudarte a tratar tu negocio de manera r\u00e1pida y f\u00e1cil. Plug and play, internet f\u00e1cil. Un dise\u00f1o plug-and-play facilita la implementaci\u00f3n sin la necesidad de un t\u00e9cnico. La negociaci\u00f3n autom\u00e1tica en cada puerto detecta la velocidad de enlace de un dispositivo de red y se ajusta de forma inteligente para la compatibilidad y el rendimiento \u00f3ptimo. Puertos gigabit para velocidades m\u00e1s r\u00e1pidas. Aumenta la velocidad de su red con el conmutador de escritorio gigabit tl-sg116 de 16 puertos. Los 16 puertos 10\/100 \/ 1000mbps sin bloqueo permiten la transferencia instant\u00e1nea de archivos grandes con gran ancho de banda sin interferencia. Ethernet ecol\u00f3gico. La \u00faltima generaci\u00f3n de conmutadores no administrados de tp-link utiliza tecnolog\u00edas innovadoras de ahorro de energ\u00eda. El consumo de energ\u00eda se ajusta autom\u00e1ticamente seg\u00fan el estado del enlace y la longitud del cable, lo que le permite expandir su red y minimizar su huella de carbono. Ahorre el planeta y reduzca sus facturas de energ\u00eda: \u00a1es un ganar-ganar!<\/p>\n","protected":false},"featured_media":220877,"comment_status":"open","ping_status":"open","template":"","meta":[],"product_cat":[1563,1564],"product_tag":[1562],"acf":[],"yoast_head":"<!-- This site is optimized with the Yoast SEO plugin v21.7 - https:\/\/yoast.com\/wordpress\/plugins\/seo\/ -->\n<title>[ Tp Link ] &#129351; Tl-sg116 Switch | Tp-link | | 16 Puertos Rj45 Gigabit 10\/100\/1000 | No Administrable | Carcasa Metalica | Para Escritorio O Pared<\/title>\n<meta name=\"description\" content=\"Compra Tl-sg116 Switch | Tp-link | | 16 Puertos Rj45 Gigabit 10\/100\/1000 | No Administrable | Carcasa Metalica | Para Escritorio O Pared + Env\u00edo a domicilio + Pago seguro + Garant\u00eda\" \/>\n<meta name=\"robots\" content=\"index, follow, max-snippet:-1, max-image-preview:large, max-video-preview:-1\" \/>\n<link rel=\"canonical\" href=\"https:\/\/compuviper.mx\/tienda\/producto\/tp-link-tl-sg116-switch-tp-link-16-puertos-rj45-gigabit-10-100-1000-no-administrable-carcasa-metalica-para-escritorio-o-pared\/\" \/>\n<meta property=\"og:locale\" content=\"es_MX\" \/>\n<meta property=\"og:type\" content=\"article\" \/>\n<meta property=\"og:title\" content=\"[ Tp Link ] &#129351; Tl-sg116 Switch | Tp-link | | 16 Puertos Rj45 Gigabit 10\/100\/1000 | No Administrable | Carcasa Metalica | Para Escritorio O Pared\" \/>\n<meta property=\"og:description\" content=\"Compra Tl-sg116 Switch | Tp-link | | 16 Puertos Rj45 Gigabit 10\/100\/1000 | No Administrable | Carcasa Metalica | Para Escritorio O Pared + Env\u00edo a domicilio + Pago seguro + Garant\u00eda\" \/>\n<meta property=\"og:url\" content=\"https:\/\/compuviper.mx\/tienda\/producto\/tp-link-tl-sg116-switch-tp-link-16-puertos-rj45-gigabit-10-100-1000-no-administrable-carcasa-metalica-para-escritorio-o-pared\/\" \/>\n<meta property=\"og:site_name\" content=\"Compuviper\" \/>\n<meta property=\"article:publisher\" content=\"https:\/\/www.facebook.com\/compuviper\" \/>\n<meta property=\"article:modified_time\" content=\"2026-04-18T07:07:34+00:00\" \/>\n<meta property=\"og:image\" content=\"https:\/\/compuviper.mx\/tienda\/wp-content\/uploads\/2023\/12\/Switch-tp-link-tl-sg116-16-puertos-rj45-gigabit-101001000-no-administrable-carcasa-metalica-para-escritorio-o-pared.jpg\" \/>\n\t<meta property=\"og:image:width\" content=\"200\" \/>\n\t<meta property=\"og:image:height\" content=\"200\" \/>\n\t<meta property=\"og:image:type\" content=\"image\/jpeg\" \/>\n<meta name=\"twitter:card\" content=\"summary_large_image\" \/>\n<meta name=\"twitter:label1\" content=\"Precio\" \/>\n\t<meta name=\"twitter:data1\" content=\"&#36;1,002 con IVA\" \/>\n\t<meta name=\"twitter:label2\" content=\"Availability\" \/>\n\t<meta name=\"twitter:data2\" content=\"In stock\" \/>\n<script type=\"application\/ld+json\" class=\"yoast-schema-graph\">{\"@context\":\"https:\/\/schema.org\",\"@graph\":[{\"@type\":\"WebPage\",\"@id\":\"https:\/\/compuviper.mx\/tienda\/producto\/tp-link-tl-sg116-switch-tp-link-16-puertos-rj45-gigabit-10-100-1000-no-administrable-carcasa-metalica-para-escritorio-o-pared\/\",\"url\":\"https:\/\/compuviper.mx\/tienda\/producto\/tp-link-tl-sg116-switch-tp-link-16-puertos-rj45-gigabit-10-100-1000-no-administrable-carcasa-metalica-para-escritorio-o-pared\/\",\"name\":\"[ Tp Link ] &#129351; Tl-sg116 Switch | Tp-link | | 16 Puertos Rj45 Gigabit 10\/100\/1000 | No Administrable | Carcasa Metalica | Para Escritorio O Pared\",\"isPartOf\":{\"@id\":\"https:\/\/compuviper.mx\/tienda\/#website\"},\"datePublished\":\"2026-04-18T07:07:33+00:00\",\"dateModified\":\"2026-04-18T07:07:34+00:00\",\"description\":\"Compra Tl-sg116 Switch | Tp-link | | 16 Puertos Rj45 Gigabit 10\/100\/1000 | No Administrable | Carcasa Metalica | Para Escritorio O Pared + Env\u00edo a domicilio + Pago seguro + Garant\u00eda\",\"breadcrumb\":{\"@id\":\"https:\/\/compuviper.mx\/tienda\/producto\/tp-link-tl-sg116-switch-tp-link-16-puertos-rj45-gigabit-10-100-1000-no-administrable-carcasa-metalica-para-escritorio-o-pared\/#breadcrumb\"},\"inLanguage\":\"es-MX\",\"potentialAction\":[{\"@type\":\"ReadAction\",\"target\":[\"https:\/\/compuviper.mx\/tienda\/producto\/tp-link-tl-sg116-switch-tp-link-16-puertos-rj45-gigabit-10-100-1000-no-administrable-carcasa-metalica-para-escritorio-o-pared\/\"]}]},{\"@type\":\"BreadcrumbList\",\"@id\":\"https:\/\/compuviper.mx\/tienda\/producto\/tp-link-tl-sg116-switch-tp-link-16-puertos-rj45-gigabit-10-100-1000-no-administrable-carcasa-metalica-para-escritorio-o-pared\/#breadcrumb\",\"itemListElement\":[{\"@type\":\"ListItem\",\"position\":1,\"name\":\"Inicio\",\"item\":\"https:\/\/compuviper.mx\/tienda\/\"},{\"@type\":\"ListItem\",\"position\":2,\"name\":\"Productos\",\"item\":\"https:\/\/compuviper.mx\/tienda\/productos\/\"},{\"@type\":\"ListItem\",\"position\":3,\"name\":\"Redes\",\"item\":\"https:\/\/compuviper.mx\/tienda\/categoria-producto\/redes\/\"},{\"@type\":\"ListItem\",\"position\":4,\"name\":\"Switch\",\"item\":\"https:\/\/compuviper.mx\/tienda\/categoria-producto\/redes\/switch\/\"},{\"@type\":\"ListItem\",\"position\":5,\"name\":\"Tp Link Tl-sg116 Switch | Tp-link | | 16 Puertos Rj45 Gigabit 10\/100\/1000 | No Administrable | Carcasa Metalica | Para Escritorio O Pared\"}]},{\"@type\":\"WebSite\",\"@id\":\"https:\/\/compuviper.mx\/tienda\/#website\",\"url\":\"https:\/\/compuviper.mx\/tienda\/\",\"name\":\"Compuviper\",\"description\":\"Proveedor de Computadoras, Laptops, Servidores, Monitores, Puntos de Venta, Teclados,   Impresoras, T\u00f3ner, C\u00e1maras de Seguridad y m\u00e1s en tu tienda en l\u00ednea\",\"publisher\":{\"@id\":\"https:\/\/compuviper.mx\/tienda\/#organization\"},\"potentialAction\":[{\"@type\":\"SearchAction\",\"target\":{\"@type\":\"EntryPoint\",\"urlTemplate\":\"https:\/\/compuviper.mx\/tienda\/?s={search_term_string}\"},\"query-input\":\"required name=search_term_string\"}],\"inLanguage\":\"es-MX\"},{\"@type\":\"Organization\",\"@id\":\"https:\/\/compuviper.mx\/tienda\/#organization\",\"name\":\"Compuviper\",\"url\":\"https:\/\/compuviper.mx\/tienda\/\",\"logo\":{\"@type\":\"ImageObject\",\"inLanguage\":\"es-MX\",\"@id\":\"https:\/\/compuviper.mx\/tienda\/#\/schema\/logo\/image\/\",\"url\":\"https:\/\/compuviper.mx\/tienda\/wp-content\/uploads\/2021\/08\/Logo-Compuviper-10.png\",\"contentUrl\":\"https:\/\/compuviper.mx\/tienda\/wp-content\/uploads\/2021\/08\/Logo-Compuviper-10.png\",\"width\":1000,\"height\":500,\"caption\":\"Compuviper\"},\"image\":{\"@id\":\"https:\/\/compuviper.mx\/tienda\/#\/schema\/logo\/image\/\"},\"sameAs\":[\"https:\/\/www.facebook.com\/compuviper\",\"https:\/\/www.youtube.com\/channel\/UCf73dERp9Y3cfOq7q8BhLjA?view_as=subscriber\"]}]}<\/script>\n<meta property=\"product:brand\" content=\"TP LINK\" \/>\n<meta property=\"product:price:amount\" content=\"1002\" \/>\n<meta property=\"product:price:currency\" content=\"MXN\" \/>\n<meta property=\"og:availability\" content=\"instock\" \/>\n<meta property=\"product:availability\" content=\"instock\" \/>\n<meta property=\"product:retailer_item_id\" content=\"TL-SG116\" \/>\n<meta property=\"product:condition\" content=\"new\" \/>\n<!-- \/ Yoast SEO plugin. -->","yoast_head_json":{"title":"[ Tp Link ] &#129351; Tl-sg116 Switch | Tp-link | | 16 Puertos Rj45 Gigabit 10\/100\/1000 | No Administrable | Carcasa Metalica | Para Escritorio O Pared","description":"Compra Tl-sg116 Switch | Tp-link | | 16 Puertos Rj45 Gigabit 10\/100\/1000 | No Administrable | Carcasa Metalica | Para Escritorio O Pared + Env\u00edo a domicilio + Pago seguro + Garant\u00eda","robots":{"index":"index","follow":"follow","max-snippet":"max-snippet:-1","max-image-preview":"max-image-preview:large","max-video-preview":"max-video-preview:-1"},"canonical":"https:\/\/compuviper.mx\/tienda\/producto\/tp-link-tl-sg116-switch-tp-link-16-puertos-rj45-gigabit-10-100-1000-no-administrable-carcasa-metalica-para-escritorio-o-pared\/","og_locale":"es_MX","og_type":"article","og_title":"[ Tp Link ] &#129351; Tl-sg116 Switch | Tp-link | | 16 Puertos Rj45 Gigabit 10\/100\/1000 | No Administrable | Carcasa Metalica | Para Escritorio O Pared","og_description":"Compra Tl-sg116 Switch | Tp-link | | 16 Puertos Rj45 Gigabit 10\/100\/1000 | No Administrable | Carcasa Metalica | Para Escritorio O Pared + Env\u00edo a domicilio + Pago seguro + Garant\u00eda","og_url":"https:\/\/compuviper.mx\/tienda\/producto\/tp-link-tl-sg116-switch-tp-link-16-puertos-rj45-gigabit-10-100-1000-no-administrable-carcasa-metalica-para-escritorio-o-pared\/","og_site_name":"Compuviper","article_publisher":"https:\/\/www.facebook.com\/compuviper","article_modified_time":"2026-04-18T07:07:34+00:00","og_image":[{"width":200,"height":200,"url":"https:\/\/compuviper.mx\/tienda\/wp-content\/uploads\/2023\/12\/Switch-tp-link-tl-sg116-16-puertos-rj45-gigabit-101001000-no-administrable-carcasa-metalica-para-escritorio-o-pared.jpg","type":"image\/jpeg"}],"twitter_card":"summary_large_image","twitter_misc":{"Precio":"&#36;1,002 con IVA","Availability":"In stock"},"schema":{"@context":"https:\/\/schema.org","@graph":[{"@type":"WebPage","@id":"https:\/\/compuviper.mx\/tienda\/producto\/tp-link-tl-sg116-switch-tp-link-16-puertos-rj45-gigabit-10-100-1000-no-administrable-carcasa-metalica-para-escritorio-o-pared\/","url":"https:\/\/compuviper.mx\/tienda\/producto\/tp-link-tl-sg116-switch-tp-link-16-puertos-rj45-gigabit-10-100-1000-no-administrable-carcasa-metalica-para-escritorio-o-pared\/","name":"[ Tp Link ] &#129351; Tl-sg116 Switch | Tp-link | | 16 Puertos Rj45 Gigabit 10\/100\/1000 | No Administrable | Carcasa Metalica | Para Escritorio O Pared","isPartOf":{"@id":"https:\/\/compuviper.mx\/tienda\/#website"},"datePublished":"2026-04-18T07:07:33+00:00","dateModified":"2026-04-18T07:07:34+00:00","description":"Compra Tl-sg116 Switch | Tp-link | | 16 Puertos Rj45 Gigabit 10\/100\/1000 | No Administrable | Carcasa Metalica | Para Escritorio O Pared + Env\u00edo a domicilio + Pago seguro + Garant\u00eda","breadcrumb":{"@id":"https:\/\/compuviper.mx\/tienda\/producto\/tp-link-tl-sg116-switch-tp-link-16-puertos-rj45-gigabit-10-100-1000-no-administrable-carcasa-metalica-para-escritorio-o-pared\/#breadcrumb"},"inLanguage":"es-MX","potentialAction":[{"@type":"ReadAction","target":["https:\/\/compuviper.mx\/tienda\/producto\/tp-link-tl-sg116-switch-tp-link-16-puertos-rj45-gigabit-10-100-1000-no-administrable-carcasa-metalica-para-escritorio-o-pared\/"]}]},{"@type":"BreadcrumbList","@id":"https:\/\/compuviper.mx\/tienda\/producto\/tp-link-tl-sg116-switch-tp-link-16-puertos-rj45-gigabit-10-100-1000-no-administrable-carcasa-metalica-para-escritorio-o-pared\/#breadcrumb","itemListElement":[{"@type":"ListItem","position":1,"name":"Inicio","item":"https:\/\/compuviper.mx\/tienda\/"},{"@type":"ListItem","position":2,"name":"Productos","item":"https:\/\/compuviper.mx\/tienda\/productos\/"},{"@type":"ListItem","position":3,"name":"Redes","item":"https:\/\/compuviper.mx\/tienda\/categoria-producto\/redes\/"},{"@type":"ListItem","position":4,"name":"Switch","item":"https:\/\/compuviper.mx\/tienda\/categoria-producto\/redes\/switch\/"},{"@type":"ListItem","position":5,"name":"Tp Link Tl-sg116 Switch | Tp-link | | 16 Puertos Rj45 Gigabit 10\/100\/1000 | No Administrable | Carcasa Metalica | Para Escritorio O Pared"}]},{"@type":"WebSite","@id":"https:\/\/compuviper.mx\/tienda\/#website","url":"https:\/\/compuviper.mx\/tienda\/","name":"Compuviper","description":"Proveedor de Computadoras, Laptops, Servidores, Monitores, Puntos de Venta, Teclados,   Impresoras, T\u00f3ner, C\u00e1maras de Seguridad y m\u00e1s en tu tienda en l\u00ednea","publisher":{"@id":"https:\/\/compuviper.mx\/tienda\/#organization"},"potentialAction":[{"@type":"SearchAction","target":{"@type":"EntryPoint","urlTemplate":"https:\/\/compuviper.mx\/tienda\/?s={search_term_string}"},"query-input":"required name=search_term_string"}],"inLanguage":"es-MX"},{"@type":"Organization","@id":"https:\/\/compuviper.mx\/tienda\/#organization","name":"Compuviper","url":"https:\/\/compuviper.mx\/tienda\/","logo":{"@type":"ImageObject","inLanguage":"es-MX","@id":"https:\/\/compuviper.mx\/tienda\/#\/schema\/logo\/image\/","url":"https:\/\/compuviper.mx\/tienda\/wp-content\/uploads\/2021\/08\/Logo-Compuviper-10.png","contentUrl":"https:\/\/compuviper.mx\/tienda\/wp-content\/uploads\/2021\/08\/Logo-Compuviper-10.png","width":1000,"height":500,"caption":"Compuviper"},"image":{"@id":"https:\/\/compuviper.mx\/tienda\/#\/schema\/logo\/image\/"},"sameAs":["https:\/\/www.facebook.com\/compuviper","https:\/\/www.youtube.com\/channel\/UCf73dERp9Y3cfOq7q8BhLjA?view_as=subscriber"]}]},"product_brand":"TP LINK","product_price_amount":"1002","product_price_currency":"MXN","og_availability":"instock","product_availability":"instock","product_retailer_item_id":"TL-SG116","product_condition":"new"},"_links":{"self":[{"href":"https:\/\/compuviper.mx\/tienda\/wp-json\/wp\/v2\/product\/220876"}],"collection":[{"href":"https:\/\/compuviper.mx\/tienda\/wp-json\/wp\/v2\/product"}],"about":[{"href":"https:\/\/compuviper.mx\/tienda\/wp-json\/wp\/v2\/types\/product"}],"replies":[{"embeddable":true,"href":"https:\/\/compuviper.mx\/tienda\/wp-json\/wp\/v2\/comments?post=220876"}],"wp:featuredmedia":[{"embeddable":true,"href":"https:\/\/compuviper.mx\/tienda\/wp-json\/wp\/v2\/media\/220877"}],"wp:attachment":[{"href":"https:\/\/compuviper.mx\/tienda\/wp-json\/wp\/v2\/media?parent=220876"}],"wp:term":[{"taxonomy":"product_cat","embeddable":true,"href":"https:\/\/compuviper.mx\/tienda\/wp-json\/wp\/v2\/product_cat?post=220876"},{"taxonomy":"product_tag","embeddable":true,"href":"https:\/\/compuviper.mx\/tienda\/wp-json\/wp\/v2\/product_tag?post=220876"}],"curies":[{"name":"wp","href":"https:\/\/api.w.org\/{rel}","templated":true}]}}