{"id":220864,"date":"2026-04-02T01:03:17","date_gmt":"2026-04-02T07:03:17","guid":{"rendered":"https:\/\/compuviper.mx\/tienda\/producto\/cisco-ms120-24-hw-switch-meraki-24-x-10-100-1000base-t-ethernet-rj45-4-x-1g-sfp-uplink-requiere-licenciamiento-obligatorio\/"},"modified":"2026-04-02T01:03:17","modified_gmt":"2026-04-02T07:03:17","slug":"cisco-ms120-24-hw-switch-meraki-24-x-10-100-1000base-t-ethernet-rj45-4-x-1g-sfp-uplink-requiere-licenciamiento-obligatorio","status":"publish","type":"product","link":"https:\/\/compuviper.mx\/tienda\/producto\/cisco-ms120-24-hw-switch-meraki-24-x-10-100-1000base-t-ethernet-rj45-4-x-1g-sfp-uplink-requiere-licenciamiento-obligatorio\/","title":{"rendered":"Cisco Ms120-24-hw Switch  Meraki 24 X 10\/100\/1000base-t Ethernet Rj45, 4 X 1g Sfp Uplink  (requiere Licenciamiento Obligatorio)"},"content":{"rendered":"<table class=\"descripcion\">\n<tr>\n<td>Licenciamiento obligatorio<\/td>\n<\/tr>\n<tr>\n<td>Nterfaces<\/td>\n<\/tr>\n<tr>\n<td>24 \u00d7 10\/100 \/ 1000base-t ethernet (rj45)<\/td>\n<\/tr>\n<tr>\n<td>4 puertos sfp 1g para enlaces ascendentes<\/td>\n<\/tr>\n<tr>\n<td>Negociacion autom\u00e1tica y deteccion cruzada<\/td>\n<\/tr>\n<tr>\n<td>Administracion<\/td>\n<\/tr>\n<tr>\n<td>Gestionado a traves de la web con la plataforma de gestion en la nube meraki<\/td>\n<\/tr>\n<tr>\n<td>Integrado con meraki inalambrico y cartera completa de productos y soluciones de ti<\/td>\n<\/tr>\n<tr>\n<td>Aprovisionamiento remoto de toque cero (no se necesita puesta en escena)<\/td>\n<\/tr>\n<tr>\n<td>Estadisticas historicas detalladas de uso por puerto y por cliente<\/td>\n<\/tr>\n<tr>\n<td>Huellas digitales del sistema operativo, dispositivo y nombre de host<\/td>\n<\/tr>\n<tr>\n<td>Soporte snmp y syslog para la integraci\u00f3n con otras soluciones de administracion de red.<\/td>\n<\/tr>\n<tr>\n<td>Actualizaciones autom\u00e1ticas de firmware con control de programaci\u00f3n<\/td>\n<\/tr>\n<tr>\n<td>Diagnostico remoto<\/td>\n<\/tr>\n<tr>\n<td>Alertas por correo electronico, sms y notificaciones push moviles<\/td>\n<\/tr>\n<tr>\n<td>Ping, traceroute, prueba de cable y deteccion de falla de enlace con alerta<\/td>\n<\/tr>\n<tr>\n<td>Captura remota de paquetes<\/td>\n<\/tr>\n<tr>\n<td>Descubrimiento y topolog\u00eda de red dinamica e interactiva.<\/td>\n<\/tr>\n<tr>\n<td>Eventos combinados y registros de cambios de configuraci\u00f3n con busqueda instantanea<\/td>\n<\/tr>\n<tr>\n<td>Apilado<\/td>\n<\/tr>\n<tr>\n<td>El apilamiento virtual admite miles de puertos de conmutador en una unica pila logica para una gestion, supervisi\u00f3n y configuracion unificadas<\/td>\n<\/tr>\n<tr>\n<td>Capacidades de conmutacion de ethernet<\/td>\n<\/tr>\n<tr>\n<td>Calidad de servicio 802.1p, 8 colas (con 6 configurables para mapeo de dscp a cos)<\/td>\n<\/tr>\n<tr>\n<td>802.1q vlan y soporte de enlace para hasta 4.094 vlan<\/td>\n<\/tr>\n<tr>\n<td>Protocolo de arbol de expansion r\u00e1pida 802.1w, 802.1d (rstp, stp)<\/td>\n<\/tr>\n<tr>\n<td>Mejoras de stp: protector de bpdu, protector de raiz, protector de bucle, udld<\/td>\n<\/tr>\n<tr>\n<td>Control de tormentas<\/td>\n<\/tr>\n<tr>\n<td>802.1ab link layer discovery protocol (lldp) y cisco discovery protocol (cdp)<\/td>\n<\/tr>\n<tr>\n<td>Agregacion de enlace 802.3ad con hasta 8 puertos por agregado, agregados de multiples fases compatibles con conmutadores apilados<\/td>\n<\/tr>\n<tr>\n<td>Puerto espejo<\/td>\n<\/tr>\n<tr>\n<td>Snooping igmp para filtrado de multidifusion<\/td>\n<\/tr>\n<tr>\n<td>Entradas de reenv\u00edo de mac: 16k<\/td>\n<\/tr>\n<tr>\n<td>Seguridad<\/td>\n<\/tr>\n<tr>\n<td>Autenticacion multifactor integrada para la plataforma de gestion en la nube<\/td>\n<\/tr>\n<tr>\n<td>Control de acceso basado en roles (rbac) con dispositivo granular y control de configuraci\u00f3n<\/td>\n<\/tr>\n<tr>\n<td>Aplicaci\u00f3n de la politica de contrase\u00f1as a nivel corporativo<\/td>\n<\/tr>\n<tr>\n<td>Ieee 802.1x radius y mab, autenticacion h\u00edbrida y pruebas de servidor radius<\/td>\n<\/tr>\n<tr>\n<td>Single-host \/ multi-domain \/ multi-host \/ multi authentication<\/td>\n<\/tr>\n<tr>\n<td>Seguridad del puerto: sticky mac, mac whitelisting<\/td>\n<\/tr>\n<tr>\n<td>Dhcp snooping, detecci\u00f3n y bloqueo<\/td>\n<\/tr>\n<tr>\n<td>Ipv4 e ipv6 acl<\/td>\n<\/tr>\n<tr>\n<td>Actuaci\u00f3n<\/td>\n<\/tr>\n<tr>\n<td>Capacidad de conmutacion: 56 gbps<\/td>\n<\/tr>\n<tr>\n<td>Velocidad de reenvio: 41.67 mpps<\/td>\n<\/tr>\n<tr>\n<td>Soporte de trama jumbo (trama ethernet de 9600 bytes)<\/td>\n<\/tr>\n<tr>\n<td>Control de flujo<\/td>\n<\/tr>\n<tr>\n<td>Capa 3<\/td>\n<\/tr>\n<tr>\n<td>Retransmision dhcp<\/td>\n<\/tr>\n<tr>\n<td>Poder<\/td>\n<\/tr>\n<tr>\n<td>Entrada de energia: 100 &#8211; 240 vac, 47-63 hz<\/td>\n<\/tr>\n<tr>\n<td>Ms120-24: 8-18 w max., sin ventilador<\/td>\n<\/tr>\n<tr>\n<td>Ms120-24p: 28-250 w<\/td>\n<\/tr>\n<tr>\n<td>48v dc 802.3af \/ 802.3at power-over-ethernet (poe \/ poe +) disponible en todos los puertos (maximo de 30w por puerto para poe +) para conmutadores con alimentacion<\/td>\n<\/tr>\n<tr>\n<td>Montaje<\/td>\n<\/tr>\n<tr>\n<td>Montaje en bastidor de 1u con hardware de montaje en bastidor incluido<\/td>\n<\/tr>\n<tr>\n<td>Opciones de montaje frontal de 2 postes disponibles<\/td>\n<\/tr>\n<tr>\n<td>Medio ambiente<\/td>\n<\/tr>\n<tr>\n<td>Temperatura de funcionamiento: 0 \u00b0 c a 45 \u00b0 c<\/td>\n<\/tr>\n<tr>\n<td>Humedad: 5 a 95% sin condensaci\u00f3n<\/td>\n<\/tr>\n<tr>\n<td>Ventiladores de velocidad variable<\/td>\n<\/tr>\n<tr>\n<td>Regulador<\/td>\n<\/tr>\n<tr>\n<td>Csa-us (ee. uu., canad\u00e1)<\/td>\n<\/tr>\n<tr>\n<td>Fcc (ee. uu.)<\/td>\n<\/tr>\n<tr>\n<td>Ic (canad\u00e1)<\/td>\n<\/tr>\n<tr>\n<td>Ce (europa)<\/td>\n<\/tr>\n<tr>\n<td>Rcm (australia \/ nueva zelanda)<\/td>\n<\/tr>\n<tr>\n<td>Rohs<\/td>\n<\/tr>\n<tr>\n<td>Garantia<\/td>\n<\/tr>\n<tr>\n<td>Garantaa completa de hardware de por vida con reemplazo avanzado al d\u00eda siguiente incluido<\/td>\n<\/tr>\n<tr>\n<td>Mtbf a 25 \u00b0 c<\/td>\n<\/tr>\n<tr>\n<td>Ms120-24-hw: 707,873<\/td>\n<\/tr>\n<tr>\n<td>Ms120-24p: 453,906<\/td>\n<\/tr>\n<tr>\n<td>Especificaciones fisicas (h \u00d7 w \u00d7 d)<\/td>\n<\/tr>\n<tr>\n<td>Ms120-24-hw<\/td>\n<\/tr>\n<tr>\n<td>1.73 \u0094\u00d7 17.32\u0094 \u00d7 9.84 \u0094(4.40 \u00d7 44 \u00d7 25cm)<\/td>\n<\/tr>\n<tr>\n<td>8,09 libras (3,67 kg)<\/td>\n<\/tr>\n<tr>\n<td>Ms120-24p-hw<\/td>\n<\/tr>\n<tr>\n<td>1.73 \u0094\u00d7 17.32\u0094 \u00d7 9.84 \u0094(4.40 \u00d7 44 \u00d7 25cm)<\/td>\n<\/tr>\n<tr>\n<td>9,26 lb (4,20 kg)<\/td>\n<\/tr>\n<\/table>\n","protected":false},"excerpt":{"rendered":"<p>Cisco meraki ofrece una amplia gama de conmutadores, creados a partir de desde cero para ser facil de administrar sin comprometer del poder y la flexibilidad tradicionalmente encontrados en los tradicionales conmutadores de clase empresarial.<\/p>\n","protected":false},"featured_media":220865,"comment_status":"open","ping_status":"open","template":"","meta":[],"product_cat":[1563,1564],"product_tag":[1524],"acf":[],"yoast_head":"<!-- This site is optimized with the Yoast SEO plugin v21.7 - https:\/\/yoast.com\/wordpress\/plugins\/seo\/ -->\n<title>[ Cisco ] &#129351; Ms120-24-hw Switch Meraki 24 X 10\/100\/1000base-t Ethernet Rj45, 4 X 1g Sfp Uplink (requiere Licenciamiento Obligatorio)<\/title>\n<meta name=\"description\" content=\"Compra Ms120-24-hw Switch Meraki 24 X 10\/100\/1000base-t Ethernet Rj45, 4 X 1g Sfp Uplink (requiere Licenciamiento Obligatorio) + Env\u00edo a domicilio + Pago seguro + Garant\u00eda\" \/>\n<meta name=\"robots\" content=\"index, follow, max-snippet:-1, max-image-preview:large, max-video-preview:-1\" \/>\n<link rel=\"canonical\" href=\"https:\/\/compuviper.mx\/tienda\/producto\/cisco-ms120-24-hw-switch-meraki-24-x-10-100-1000base-t-ethernet-rj45-4-x-1g-sfp-uplink-requiere-licenciamiento-obligatorio\/\" \/>\n<meta property=\"og:locale\" content=\"es_MX\" \/>\n<meta property=\"og:type\" content=\"article\" \/>\n<meta property=\"og:title\" content=\"[ Cisco ] &#129351; Ms120-24-hw Switch Meraki 24 X 10\/100\/1000base-t Ethernet Rj45, 4 X 1g Sfp Uplink (requiere Licenciamiento Obligatorio)\" \/>\n<meta property=\"og:description\" content=\"Compra Ms120-24-hw Switch Meraki 24 X 10\/100\/1000base-t Ethernet Rj45, 4 X 1g Sfp Uplink (requiere Licenciamiento Obligatorio) + Env\u00edo a domicilio + Pago seguro + Garant\u00eda\" \/>\n<meta property=\"og:url\" content=\"https:\/\/compuviper.mx\/tienda\/producto\/cisco-ms120-24-hw-switch-meraki-24-x-10-100-1000base-t-ethernet-rj45-4-x-1g-sfp-uplink-requiere-licenciamiento-obligatorio\/\" \/>\n<meta property=\"og:site_name\" content=\"Compuviper\" \/>\n<meta property=\"article:publisher\" content=\"https:\/\/www.facebook.com\/compuviper\" \/>\n<meta property=\"og:image\" content=\"https:\/\/compuviper.mx\/tienda\/wp-content\/uploads\/2023\/12\/Switch-cisco-meraki-24-x-101001000base-t-ethernet-rj45-4-x-1g-sfp-uplink-requiere-licenciamiento-obligatorio.jpg\" \/>\n\t<meta property=\"og:image:width\" content=\"200\" \/>\n\t<meta property=\"og:image:height\" content=\"200\" \/>\n\t<meta property=\"og:image:type\" content=\"image\/jpeg\" \/>\n<meta name=\"twitter:card\" content=\"summary_large_image\" \/>\n<meta name=\"twitter:label1\" content=\"Precio\" \/>\n\t<meta name=\"twitter:data1\" content=\"&#36;20,724 con IVA\" \/>\n\t<meta name=\"twitter:label2\" content=\"Availability\" \/>\n\t<meta name=\"twitter:data2\" content=\"In stock\" \/>\n<script type=\"application\/ld+json\" class=\"yoast-schema-graph\">{\"@context\":\"https:\/\/schema.org\",\"@graph\":[{\"@type\":\"WebPage\",\"@id\":\"https:\/\/compuviper.mx\/tienda\/producto\/cisco-ms120-24-hw-switch-meraki-24-x-10-100-1000base-t-ethernet-rj45-4-x-1g-sfp-uplink-requiere-licenciamiento-obligatorio\/\",\"url\":\"https:\/\/compuviper.mx\/tienda\/producto\/cisco-ms120-24-hw-switch-meraki-24-x-10-100-1000base-t-ethernet-rj45-4-x-1g-sfp-uplink-requiere-licenciamiento-obligatorio\/\",\"name\":\"[ Cisco ] &#129351; Ms120-24-hw Switch Meraki 24 X 10\/100\/1000base-t Ethernet Rj45, 4 X 1g Sfp Uplink (requiere Licenciamiento Obligatorio)\",\"isPartOf\":{\"@id\":\"https:\/\/compuviper.mx\/tienda\/#website\"},\"datePublished\":\"2026-04-02T07:03:17+00:00\",\"dateModified\":\"2026-04-02T07:03:17+00:00\",\"description\":\"Compra Ms120-24-hw Switch Meraki 24 X 10\/100\/1000base-t Ethernet Rj45, 4 X 1g Sfp Uplink (requiere Licenciamiento Obligatorio) + Env\u00edo a domicilio + Pago seguro + Garant\u00eda\",\"breadcrumb\":{\"@id\":\"https:\/\/compuviper.mx\/tienda\/producto\/cisco-ms120-24-hw-switch-meraki-24-x-10-100-1000base-t-ethernet-rj45-4-x-1g-sfp-uplink-requiere-licenciamiento-obligatorio\/#breadcrumb\"},\"inLanguage\":\"es-MX\",\"potentialAction\":[{\"@type\":\"ReadAction\",\"target\":[\"https:\/\/compuviper.mx\/tienda\/producto\/cisco-ms120-24-hw-switch-meraki-24-x-10-100-1000base-t-ethernet-rj45-4-x-1g-sfp-uplink-requiere-licenciamiento-obligatorio\/\"]}]},{\"@type\":\"BreadcrumbList\",\"@id\":\"https:\/\/compuviper.mx\/tienda\/producto\/cisco-ms120-24-hw-switch-meraki-24-x-10-100-1000base-t-ethernet-rj45-4-x-1g-sfp-uplink-requiere-licenciamiento-obligatorio\/#breadcrumb\",\"itemListElement\":[{\"@type\":\"ListItem\",\"position\":1,\"name\":\"Inicio\",\"item\":\"https:\/\/compuviper.mx\/tienda\/\"},{\"@type\":\"ListItem\",\"position\":2,\"name\":\"Productos\",\"item\":\"https:\/\/compuviper.mx\/tienda\/productos\/\"},{\"@type\":\"ListItem\",\"position\":3,\"name\":\"Redes\",\"item\":\"https:\/\/compuviper.mx\/tienda\/categoria-producto\/redes\/\"},{\"@type\":\"ListItem\",\"position\":4,\"name\":\"Switch\",\"item\":\"https:\/\/compuviper.mx\/tienda\/categoria-producto\/redes\/switch\/\"},{\"@type\":\"ListItem\",\"position\":5,\"name\":\"Cisco Ms120-24-hw Switch Meraki 24 X 10\/100\/1000base-t Ethernet Rj45, 4 X 1g Sfp Uplink (requiere Licenciamiento Obligatorio)\"}]},{\"@type\":\"WebSite\",\"@id\":\"https:\/\/compuviper.mx\/tienda\/#website\",\"url\":\"https:\/\/compuviper.mx\/tienda\/\",\"name\":\"Compuviper\",\"description\":\"Proveedor de Computadoras, Laptops, Servidores, Monitores, Puntos de Venta, Teclados,   Impresoras, T\u00f3ner, C\u00e1maras de Seguridad y m\u00e1s en tu tienda en l\u00ednea\",\"publisher\":{\"@id\":\"https:\/\/compuviper.mx\/tienda\/#organization\"},\"potentialAction\":[{\"@type\":\"SearchAction\",\"target\":{\"@type\":\"EntryPoint\",\"urlTemplate\":\"https:\/\/compuviper.mx\/tienda\/?s={search_term_string}\"},\"query-input\":\"required name=search_term_string\"}],\"inLanguage\":\"es-MX\"},{\"@type\":\"Organization\",\"@id\":\"https:\/\/compuviper.mx\/tienda\/#organization\",\"name\":\"Compuviper\",\"url\":\"https:\/\/compuviper.mx\/tienda\/\",\"logo\":{\"@type\":\"ImageObject\",\"inLanguage\":\"es-MX\",\"@id\":\"https:\/\/compuviper.mx\/tienda\/#\/schema\/logo\/image\/\",\"url\":\"https:\/\/compuviper.mx\/tienda\/wp-content\/uploads\/2021\/08\/Logo-Compuviper-10.png\",\"contentUrl\":\"https:\/\/compuviper.mx\/tienda\/wp-content\/uploads\/2021\/08\/Logo-Compuviper-10.png\",\"width\":1000,\"height\":500,\"caption\":\"Compuviper\"},\"image\":{\"@id\":\"https:\/\/compuviper.mx\/tienda\/#\/schema\/logo\/image\/\"},\"sameAs\":[\"https:\/\/www.facebook.com\/compuviper\",\"https:\/\/www.youtube.com\/channel\/UCf73dERp9Y3cfOq7q8BhLjA?view_as=subscriber\"]}]}<\/script>\n<meta property=\"product:brand\" content=\"CISCO\" \/>\n<meta property=\"product:price:amount\" content=\"20724\" \/>\n<meta property=\"product:price:currency\" content=\"MXN\" \/>\n<meta property=\"og:availability\" content=\"instock\" \/>\n<meta property=\"product:availability\" content=\"instock\" \/>\n<meta property=\"product:retailer_item_id\" content=\"MS120-24-HW\" \/>\n<meta property=\"product:condition\" content=\"new\" \/>\n<!-- \/ Yoast SEO plugin. -->","yoast_head_json":{"title":"[ Cisco ] &#129351; Ms120-24-hw Switch Meraki 24 X 10\/100\/1000base-t Ethernet Rj45, 4 X 1g Sfp Uplink (requiere Licenciamiento Obligatorio)","description":"Compra Ms120-24-hw Switch Meraki 24 X 10\/100\/1000base-t Ethernet Rj45, 4 X 1g Sfp Uplink (requiere Licenciamiento Obligatorio) + Env\u00edo a domicilio + Pago seguro + Garant\u00eda","robots":{"index":"index","follow":"follow","max-snippet":"max-snippet:-1","max-image-preview":"max-image-preview:large","max-video-preview":"max-video-preview:-1"},"canonical":"https:\/\/compuviper.mx\/tienda\/producto\/cisco-ms120-24-hw-switch-meraki-24-x-10-100-1000base-t-ethernet-rj45-4-x-1g-sfp-uplink-requiere-licenciamiento-obligatorio\/","og_locale":"es_MX","og_type":"article","og_title":"[ Cisco ] &#129351; Ms120-24-hw Switch Meraki 24 X 10\/100\/1000base-t Ethernet Rj45, 4 X 1g Sfp Uplink (requiere Licenciamiento Obligatorio)","og_description":"Compra Ms120-24-hw Switch Meraki 24 X 10\/100\/1000base-t Ethernet Rj45, 4 X 1g Sfp Uplink (requiere Licenciamiento Obligatorio) + Env\u00edo a domicilio + Pago seguro + Garant\u00eda","og_url":"https:\/\/compuviper.mx\/tienda\/producto\/cisco-ms120-24-hw-switch-meraki-24-x-10-100-1000base-t-ethernet-rj45-4-x-1g-sfp-uplink-requiere-licenciamiento-obligatorio\/","og_site_name":"Compuviper","article_publisher":"https:\/\/www.facebook.com\/compuviper","og_image":[{"width":200,"height":200,"url":"https:\/\/compuviper.mx\/tienda\/wp-content\/uploads\/2023\/12\/Switch-cisco-meraki-24-x-101001000base-t-ethernet-rj45-4-x-1g-sfp-uplink-requiere-licenciamiento-obligatorio.jpg","type":"image\/jpeg"}],"twitter_card":"summary_large_image","twitter_misc":{"Precio":"&#36;20,724 con IVA","Availability":"In stock"},"schema":{"@context":"https:\/\/schema.org","@graph":[{"@type":"WebPage","@id":"https:\/\/compuviper.mx\/tienda\/producto\/cisco-ms120-24-hw-switch-meraki-24-x-10-100-1000base-t-ethernet-rj45-4-x-1g-sfp-uplink-requiere-licenciamiento-obligatorio\/","url":"https:\/\/compuviper.mx\/tienda\/producto\/cisco-ms120-24-hw-switch-meraki-24-x-10-100-1000base-t-ethernet-rj45-4-x-1g-sfp-uplink-requiere-licenciamiento-obligatorio\/","name":"[ Cisco ] &#129351; Ms120-24-hw Switch Meraki 24 X 10\/100\/1000base-t Ethernet Rj45, 4 X 1g Sfp Uplink (requiere Licenciamiento Obligatorio)","isPartOf":{"@id":"https:\/\/compuviper.mx\/tienda\/#website"},"datePublished":"2026-04-02T07:03:17+00:00","dateModified":"2026-04-02T07:03:17+00:00","description":"Compra Ms120-24-hw Switch Meraki 24 X 10\/100\/1000base-t Ethernet Rj45, 4 X 1g Sfp Uplink (requiere Licenciamiento Obligatorio) + Env\u00edo a domicilio + Pago seguro + Garant\u00eda","breadcrumb":{"@id":"https:\/\/compuviper.mx\/tienda\/producto\/cisco-ms120-24-hw-switch-meraki-24-x-10-100-1000base-t-ethernet-rj45-4-x-1g-sfp-uplink-requiere-licenciamiento-obligatorio\/#breadcrumb"},"inLanguage":"es-MX","potentialAction":[{"@type":"ReadAction","target":["https:\/\/compuviper.mx\/tienda\/producto\/cisco-ms120-24-hw-switch-meraki-24-x-10-100-1000base-t-ethernet-rj45-4-x-1g-sfp-uplink-requiere-licenciamiento-obligatorio\/"]}]},{"@type":"BreadcrumbList","@id":"https:\/\/compuviper.mx\/tienda\/producto\/cisco-ms120-24-hw-switch-meraki-24-x-10-100-1000base-t-ethernet-rj45-4-x-1g-sfp-uplink-requiere-licenciamiento-obligatorio\/#breadcrumb","itemListElement":[{"@type":"ListItem","position":1,"name":"Inicio","item":"https:\/\/compuviper.mx\/tienda\/"},{"@type":"ListItem","position":2,"name":"Productos","item":"https:\/\/compuviper.mx\/tienda\/productos\/"},{"@type":"ListItem","position":3,"name":"Redes","item":"https:\/\/compuviper.mx\/tienda\/categoria-producto\/redes\/"},{"@type":"ListItem","position":4,"name":"Switch","item":"https:\/\/compuviper.mx\/tienda\/categoria-producto\/redes\/switch\/"},{"@type":"ListItem","position":5,"name":"Cisco Ms120-24-hw Switch Meraki 24 X 10\/100\/1000base-t Ethernet Rj45, 4 X 1g Sfp Uplink (requiere Licenciamiento Obligatorio)"}]},{"@type":"WebSite","@id":"https:\/\/compuviper.mx\/tienda\/#website","url":"https:\/\/compuviper.mx\/tienda\/","name":"Compuviper","description":"Proveedor de Computadoras, Laptops, Servidores, Monitores, Puntos de Venta, Teclados,   Impresoras, T\u00f3ner, C\u00e1maras de Seguridad y m\u00e1s en tu tienda en l\u00ednea","publisher":{"@id":"https:\/\/compuviper.mx\/tienda\/#organization"},"potentialAction":[{"@type":"SearchAction","target":{"@type":"EntryPoint","urlTemplate":"https:\/\/compuviper.mx\/tienda\/?s={search_term_string}"},"query-input":"required name=search_term_string"}],"inLanguage":"es-MX"},{"@type":"Organization","@id":"https:\/\/compuviper.mx\/tienda\/#organization","name":"Compuviper","url":"https:\/\/compuviper.mx\/tienda\/","logo":{"@type":"ImageObject","inLanguage":"es-MX","@id":"https:\/\/compuviper.mx\/tienda\/#\/schema\/logo\/image\/","url":"https:\/\/compuviper.mx\/tienda\/wp-content\/uploads\/2021\/08\/Logo-Compuviper-10.png","contentUrl":"https:\/\/compuviper.mx\/tienda\/wp-content\/uploads\/2021\/08\/Logo-Compuviper-10.png","width":1000,"height":500,"caption":"Compuviper"},"image":{"@id":"https:\/\/compuviper.mx\/tienda\/#\/schema\/logo\/image\/"},"sameAs":["https:\/\/www.facebook.com\/compuviper","https:\/\/www.youtube.com\/channel\/UCf73dERp9Y3cfOq7q8BhLjA?view_as=subscriber"]}]},"product_brand":"CISCO","product_price_amount":"20724","product_price_currency":"MXN","og_availability":"instock","product_availability":"instock","product_retailer_item_id":"MS120-24-HW","product_condition":"new"},"_links":{"self":[{"href":"https:\/\/compuviper.mx\/tienda\/wp-json\/wp\/v2\/product\/220864"}],"collection":[{"href":"https:\/\/compuviper.mx\/tienda\/wp-json\/wp\/v2\/product"}],"about":[{"href":"https:\/\/compuviper.mx\/tienda\/wp-json\/wp\/v2\/types\/product"}],"replies":[{"embeddable":true,"href":"https:\/\/compuviper.mx\/tienda\/wp-json\/wp\/v2\/comments?post=220864"}],"wp:featuredmedia":[{"embeddable":true,"href":"https:\/\/compuviper.mx\/tienda\/wp-json\/wp\/v2\/media\/220865"}],"wp:attachment":[{"href":"https:\/\/compuviper.mx\/tienda\/wp-json\/wp\/v2\/media?parent=220864"}],"wp:term":[{"taxonomy":"product_cat","embeddable":true,"href":"https:\/\/compuviper.mx\/tienda\/wp-json\/wp\/v2\/product_cat?post=220864"},{"taxonomy":"product_tag","embeddable":true,"href":"https:\/\/compuviper.mx\/tienda\/wp-json\/wp\/v2\/product_tag?post=220864"}],"curies":[{"name":"wp","href":"https:\/\/api.w.org\/{rel}","templated":true}]}}