{"id":220860,"date":"2026-04-16T01:03:03","date_gmt":"2026-04-16T07:03:03","guid":{"rendered":"https:\/\/compuviper.mx\/tienda\/producto\/grandstream-gwn7630-access-point-doble-banda-de-2-33-gbps-2-mu-mimo-4x44-2-puerto-gigabit-hasta-200-dispositivos-simultaneos-alcance-de-175-mts\/"},"modified":"2026-04-16T01:03:03","modified_gmt":"2026-04-16T07:03:03","slug":"grandstream-gwn7630-access-point-wifi-5-banda-dual-44-2-4gmimo44-5gmu-mimo-2-33-gbps-uso-interior-cobertura-165-mts-200-dispositivos-2-ptos-gigabit-controlador-inte-sin-inyector-poe","status":"publish","type":"product","link":"https:\/\/compuviper.mx\/tienda\/producto\/grandstream-gwn7630-access-point-wifi-5-banda-dual-44-2-4gmimo44-5gmu-mimo-2-33-gbps-uso-interior-cobertura-165-mts-200-dispositivos-2-ptos-gigabit-controlador-inte-sin-inyector-poe\/","title":{"rendered":"Grandstream Gwn7630 Access Point   Wifi 5\/ Banda Dual 4?4  2.4g(mimo)4?4 5g(mu-mimo)\/ 2.33 Gbps\/ Uso Interior\/ Cobertura 165 Mts\/ 200 Dispositivos\/ 2 Ptos Gigabit\/ Controlador Inte\/ Sin Inyector Poe"},"content":{"rendered":"<table class=\"descripcion\">\n<tr>\n<td>El gwn7630 es un punto de acceso wi-fi 802.11ac wave-2 de alto rendimiento para peque\u00f1as y medianas empresas, oficinas de varios pisos, ubicaciones comerciales y sucursales. ofrece tecnolog\u00eda mu-mimo de doble banda 4 \u00d7 4: 4 y un dise\u00f1o de antena sofisticado para un rendimiento de red m\u00e1ximo y un rango de cobertura de wi-fi ampliado. para garantizar una f\u00e1cil instalaci\u00f3n y administraci\u00f3n, el gwn7630 utiliza un dise\u00f1o de administraci\u00f3n de red distribuido sin controlador en el que el controlador est\u00e1 integrado en la interfaz de usuario web del producto. el gwn7630 tambi\u00e9n es compatible con gwn.cloud, la plataforma de gesti\u00f3n de wi-fi en la nube gratuita de grandstream. es el ap wi-fi ideal para implementaciones de voz sobre wi-fi y ofrece una conexi\u00f3n perfecta con los tel\u00e9fonos ip con capacidad wi-fi de grandstream. con soporte para qos avanzado, aplicaciones en tiempo real de baja latencia, redes en malla, portales cautivos, m\u00e1s de 200 clientes concurrentes por ap y puertos de red gigabit duales con poe \/ poe +, el gwn7630 es un punto de acceso wi-fi ideal para redes inal\u00e1mbricas medianas implementaciones con densidad de usuario media a alta.<\/td>\n<\/tr>\n<tr>\n<td>Caracteristicas<\/td>\n<\/tr>\n<tr>\n<td>-rendimiento inal\u00e1mbrico de 2,33 gbps y 2 puertos al\u00e1mbricos gigabit<\/td>\n<\/tr>\n<tr>\n<td>-tecnolog\u00eda de doble banda 4 \u00d7 4: 4 mu-mimo<\/td>\n<\/tr>\n<tr>\n<td>-adaptaci\u00f3n de autoalimentaci\u00f3n al detectar autom\u00e1ticamente poe o poe +<\/td>\n<\/tr>\n<tr>\n<td>-admite m\u00e1s de 200 dispositivos de cliente de wi-fi simult\u00e1neos rango de<\/td>\n<\/tr>\n<tr>\n<td>-cobertura de hasta 175 metros<\/td>\n<\/tr>\n<tr>\n<td>-qos avanzada para garantizar el rendimiento en tiempo real de las aplicaciones de baja latencia<\/td>\n<\/tr>\n<tr>\n<td>-arranque seguro anti-pirater\u00eda y bloqueo de datos \/ control cr\u00edtico mediante firmas digitales, certificado de seguridad \u00fanico \/ contrase\u00f1a predeterminada aleatoria por dispositivo<\/td>\n<\/tr>\n<tr>\n<td>-el controlador integrado puede gestionar hasta 50 ap locales de la serie gwn; gwn.cloud ofrece administraci\u00f3n ilimitada de ap<\/td>\n<\/tr>\n<tr>\n<td>&#8211; no incluye fuente de poder.<\/td>\n<\/tr>\n<\/table>\n","protected":false},"excerpt":{"rendered":"<p>El gwn7630 es un punto de acceso wi-fi 802.11ac wave-2 de alto rendimiento para peque\u00f1as y medianas empresas, oficinas de varios pisos, ubicaciones comerciales y sucursales. Ofrece tecnolog\u00eda mu-mimo de doble banda 4 \u00d7 4: 4 y un dise\u00f1o de antena sofisticado para un rendimiento de red m\u00e1ximo y un rango de cobertura de wi-fi ampliado. Compartirfacebooktwitterlinkedin<\/p>\n","protected":false},"featured_media":220861,"comment_status":"open","ping_status":"open","template":"","meta":[],"product_cat":[1754,1563],"product_tag":[1576],"acf":[],"yoast_head":"<!-- This site is optimized with the Yoast SEO plugin v21.7 - https:\/\/yoast.com\/wordpress\/plugins\/seo\/ -->\n<title>[ Grandstream ] &#129351; Gwn7630 Access Point Wifi 5\/ Banda Dual 4\u00d74 2.4g(mimo)4\u00d74 5g(mu-mimo)\/ 2.33 Gbps\/ Uso Interior\/ Cobertura 165 Mts\/ 200 Dispositivos\/ 2 Ptos Gigabit\/ Controlador Inte\/ Sin Inyector Poe<\/title>\n<meta name=\"description\" content=\"Compra Gwn7630 Access Point Wifi 5\/ Banda Dual 4\u00d74 2.4g(mimo)4\u00d74 5g(mu-mimo)\/ 2.33 Gbps\/ Uso Interior\/ Cobertura 165 Mts\/ 200 Dispositivos\/ 2 Ptos Gigabit\/ Controlador Inte\/ Sin Inyector Poe + Env\u00edo a domicilio + Pago seguro + Garant\u00eda\" \/>\n<meta name=\"robots\" content=\"index, follow, max-snippet:-1, max-image-preview:large, max-video-preview:-1\" \/>\n<link rel=\"canonical\" href=\"https:\/\/compuviper.mx\/tienda\/producto\/grandstream-gwn7630-access-point-wifi-5-banda-dual-44-2-4gmimo44-5gmu-mimo-2-33-gbps-uso-interior-cobertura-165-mts-200-dispositivos-2-ptos-gigabit-controlador-inte-sin-inyector-poe\/\" \/>\n<meta property=\"og:locale\" content=\"es_MX\" \/>\n<meta property=\"og:type\" content=\"article\" \/>\n<meta property=\"og:title\" content=\"[ Grandstream ] &#129351; Gwn7630 Access Point Wifi 5\/ Banda Dual 4\u00d74 2.4g(mimo)4\u00d74 5g(mu-mimo)\/ 2.33 Gbps\/ Uso Interior\/ Cobertura 165 Mts\/ 200 Dispositivos\/ 2 Ptos Gigabit\/ Controlador Inte\/ Sin Inyector Poe\" \/>\n<meta property=\"og:description\" content=\"Compra Gwn7630 Access Point Wifi 5\/ Banda Dual 4\u00d74 2.4g(mimo)4\u00d74 5g(mu-mimo)\/ 2.33 Gbps\/ Uso Interior\/ Cobertura 165 Mts\/ 200 Dispositivos\/ 2 Ptos Gigabit\/ Controlador Inte\/ Sin Inyector Poe + Env\u00edo a domicilio + Pago seguro + Garant\u00eda\" \/>\n<meta property=\"og:url\" content=\"https:\/\/compuviper.mx\/tienda\/producto\/grandstream-gwn7630-access-point-wifi-5-banda-dual-44-2-4gmimo44-5gmu-mimo-2-33-gbps-uso-interior-cobertura-165-mts-200-dispositivos-2-ptos-gigabit-controlador-inte-sin-inyector-poe\/\" \/>\n<meta property=\"og:site_name\" content=\"Compuviper\" \/>\n<meta property=\"article:publisher\" content=\"https:\/\/www.facebook.com\/compuviper\" \/>\n<meta property=\"og:image\" content=\"https:\/\/compuviper.mx\/tienda\/wp-content\/uploads\/2023\/12\/Access-point-grandstream-gwn7630-doble-banda-de-2.33-gbps-2-mu-mimo-4x44-2-puerto-gigabit-hasta-200-dispositivos-simultaneos-alcance-de-175-mts.jpg\" \/>\n\t<meta property=\"og:image:width\" content=\"200\" \/>\n\t<meta property=\"og:image:height\" content=\"200\" \/>\n\t<meta property=\"og:image:type\" content=\"image\/jpeg\" \/>\n<meta name=\"twitter:card\" content=\"summary_large_image\" \/>\n<meta name=\"twitter:label1\" content=\"Precio\" \/>\n\t<meta name=\"twitter:data1\" content=\"&#36;1,877 &#36;1,711 con IVA\" \/>\n\t<meta name=\"twitter:label2\" content=\"Availability\" \/>\n\t<meta name=\"twitter:data2\" content=\"In stock\" \/>\n<script type=\"application\/ld+json\" class=\"yoast-schema-graph\">{\"@context\":\"https:\/\/schema.org\",\"@graph\":[{\"@type\":\"WebPage\",\"@id\":\"https:\/\/compuviper.mx\/tienda\/producto\/grandstream-gwn7630-access-point-wifi-5-banda-dual-44-2-4gmimo44-5gmu-mimo-2-33-gbps-uso-interior-cobertura-165-mts-200-dispositivos-2-ptos-gigabit-controlador-inte-sin-inyector-poe\/\",\"url\":\"https:\/\/compuviper.mx\/tienda\/producto\/grandstream-gwn7630-access-point-wifi-5-banda-dual-44-2-4gmimo44-5gmu-mimo-2-33-gbps-uso-interior-cobertura-165-mts-200-dispositivos-2-ptos-gigabit-controlador-inte-sin-inyector-poe\/\",\"name\":\"[ Grandstream ] &#129351; Gwn7630 Access Point Wifi 5\/ Banda Dual 4\u00d74 2.4g(mimo)4\u00d74 5g(mu-mimo)\/ 2.33 Gbps\/ Uso Interior\/ Cobertura 165 Mts\/ 200 Dispositivos\/ 2 Ptos Gigabit\/ Controlador Inte\/ Sin Inyector Poe\",\"isPartOf\":{\"@id\":\"https:\/\/compuviper.mx\/tienda\/#website\"},\"datePublished\":\"2026-04-16T07:03:03+00:00\",\"dateModified\":\"2026-04-16T07:03:03+00:00\",\"description\":\"Compra Gwn7630 Access Point Wifi 5\/ Banda Dual 4\u00d74 2.4g(mimo)4\u00d74 5g(mu-mimo)\/ 2.33 Gbps\/ Uso Interior\/ Cobertura 165 Mts\/ 200 Dispositivos\/ 2 Ptos Gigabit\/ Controlador Inte\/ Sin Inyector Poe + Env\u00edo a domicilio + Pago seguro + Garant\u00eda\",\"breadcrumb\":{\"@id\":\"https:\/\/compuviper.mx\/tienda\/producto\/grandstream-gwn7630-access-point-wifi-5-banda-dual-44-2-4gmimo44-5gmu-mimo-2-33-gbps-uso-interior-cobertura-165-mts-200-dispositivos-2-ptos-gigabit-controlador-inte-sin-inyector-poe\/#breadcrumb\"},\"inLanguage\":\"es-MX\",\"potentialAction\":[{\"@type\":\"ReadAction\",\"target\":[\"https:\/\/compuviper.mx\/tienda\/producto\/grandstream-gwn7630-access-point-wifi-5-banda-dual-44-2-4gmimo44-5gmu-mimo-2-33-gbps-uso-interior-cobertura-165-mts-200-dispositivos-2-ptos-gigabit-controlador-inte-sin-inyector-poe\/\"]}]},{\"@type\":\"BreadcrumbList\",\"@id\":\"https:\/\/compuviper.mx\/tienda\/producto\/grandstream-gwn7630-access-point-wifi-5-banda-dual-44-2-4gmimo44-5gmu-mimo-2-33-gbps-uso-interior-cobertura-165-mts-200-dispositivos-2-ptos-gigabit-controlador-inte-sin-inyector-poe\/#breadcrumb\",\"itemListElement\":[{\"@type\":\"ListItem\",\"position\":1,\"name\":\"Inicio\",\"item\":\"https:\/\/compuviper.mx\/tienda\/\"},{\"@type\":\"ListItem\",\"position\":2,\"name\":\"Productos\",\"item\":\"https:\/\/compuviper.mx\/tienda\/productos\/\"},{\"@type\":\"ListItem\",\"position\":3,\"name\":\"Redes\",\"item\":\"https:\/\/compuviper.mx\/tienda\/categoria-producto\/redes\/\"},{\"@type\":\"ListItem\",\"position\":4,\"name\":\"Access Point\",\"item\":\"https:\/\/compuviper.mx\/tienda\/categoria-producto\/redes\/access-point\/\"},{\"@type\":\"ListItem\",\"position\":5,\"name\":\"Grandstream Gwn7630 Access Point Wifi 5\/ Banda Dual 4?4 2.4g(mimo)4?4 5g(mu-mimo)\/ 2.33 Gbps\/ Uso Interior\/ Cobertura 165 Mts\/ 200 Dispositivos\/ 2 Ptos Gigabit\/ Controlador Inte\/ Sin Inyector Poe\"}]},{\"@type\":\"WebSite\",\"@id\":\"https:\/\/compuviper.mx\/tienda\/#website\",\"url\":\"https:\/\/compuviper.mx\/tienda\/\",\"name\":\"Compuviper\",\"description\":\"Proveedor de Computadoras, Laptops, Servidores, Monitores, Puntos de Venta, Teclados,   Impresoras, T\u00f3ner, C\u00e1maras de Seguridad y m\u00e1s en tu tienda en l\u00ednea\",\"publisher\":{\"@id\":\"https:\/\/compuviper.mx\/tienda\/#organization\"},\"potentialAction\":[{\"@type\":\"SearchAction\",\"target\":{\"@type\":\"EntryPoint\",\"urlTemplate\":\"https:\/\/compuviper.mx\/tienda\/?s={search_term_string}\"},\"query-input\":\"required name=search_term_string\"}],\"inLanguage\":\"es-MX\"},{\"@type\":\"Organization\",\"@id\":\"https:\/\/compuviper.mx\/tienda\/#organization\",\"name\":\"Compuviper\",\"url\":\"https:\/\/compuviper.mx\/tienda\/\",\"logo\":{\"@type\":\"ImageObject\",\"inLanguage\":\"es-MX\",\"@id\":\"https:\/\/compuviper.mx\/tienda\/#\/schema\/logo\/image\/\",\"url\":\"https:\/\/compuviper.mx\/tienda\/wp-content\/uploads\/2021\/08\/Logo-Compuviper-10.png\",\"contentUrl\":\"https:\/\/compuviper.mx\/tienda\/wp-content\/uploads\/2021\/08\/Logo-Compuviper-10.png\",\"width\":1000,\"height\":500,\"caption\":\"Compuviper\"},\"image\":{\"@id\":\"https:\/\/compuviper.mx\/tienda\/#\/schema\/logo\/image\/\"},\"sameAs\":[\"https:\/\/www.facebook.com\/compuviper\",\"https:\/\/www.youtube.com\/channel\/UCf73dERp9Y3cfOq7q8BhLjA?view_as=subscriber\"]}]}<\/script>\n<meta property=\"product:brand\" content=\"GRANDSTREAM\" \/>\n<meta property=\"product:price:amount\" content=\"1711\" \/>\n<meta property=\"product:price:currency\" content=\"MXN\" \/>\n<meta property=\"og:availability\" content=\"instock\" \/>\n<meta property=\"product:availability\" content=\"instock\" \/>\n<meta property=\"product:retailer_item_id\" content=\"GWN7630\" \/>\n<meta property=\"product:condition\" content=\"new\" \/>\n<!-- \/ Yoast SEO plugin. -->","yoast_head_json":{"title":"[ Grandstream ] &#129351; Gwn7630 Access Point Wifi 5\/ Banda Dual 4\u00d74 2.4g(mimo)4\u00d74 5g(mu-mimo)\/ 2.33 Gbps\/ Uso Interior\/ Cobertura 165 Mts\/ 200 Dispositivos\/ 2 Ptos Gigabit\/ Controlador Inte\/ Sin Inyector Poe","description":"Compra Gwn7630 Access Point Wifi 5\/ Banda Dual 4\u00d74 2.4g(mimo)4\u00d74 5g(mu-mimo)\/ 2.33 Gbps\/ Uso Interior\/ Cobertura 165 Mts\/ 200 Dispositivos\/ 2 Ptos Gigabit\/ Controlador Inte\/ Sin Inyector Poe + Env\u00edo a domicilio + Pago seguro + Garant\u00eda","robots":{"index":"index","follow":"follow","max-snippet":"max-snippet:-1","max-image-preview":"max-image-preview:large","max-video-preview":"max-video-preview:-1"},"canonical":"https:\/\/compuviper.mx\/tienda\/producto\/grandstream-gwn7630-access-point-wifi-5-banda-dual-44-2-4gmimo44-5gmu-mimo-2-33-gbps-uso-interior-cobertura-165-mts-200-dispositivos-2-ptos-gigabit-controlador-inte-sin-inyector-poe\/","og_locale":"es_MX","og_type":"article","og_title":"[ Grandstream ] &#129351; Gwn7630 Access Point Wifi 5\/ Banda Dual 4\u00d74 2.4g(mimo)4\u00d74 5g(mu-mimo)\/ 2.33 Gbps\/ Uso Interior\/ Cobertura 165 Mts\/ 200 Dispositivos\/ 2 Ptos Gigabit\/ Controlador Inte\/ Sin Inyector Poe","og_description":"Compra Gwn7630 Access Point Wifi 5\/ Banda Dual 4\u00d74 2.4g(mimo)4\u00d74 5g(mu-mimo)\/ 2.33 Gbps\/ Uso Interior\/ Cobertura 165 Mts\/ 200 Dispositivos\/ 2 Ptos Gigabit\/ Controlador Inte\/ Sin Inyector Poe + Env\u00edo a domicilio + Pago seguro + Garant\u00eda","og_url":"https:\/\/compuviper.mx\/tienda\/producto\/grandstream-gwn7630-access-point-wifi-5-banda-dual-44-2-4gmimo44-5gmu-mimo-2-33-gbps-uso-interior-cobertura-165-mts-200-dispositivos-2-ptos-gigabit-controlador-inte-sin-inyector-poe\/","og_site_name":"Compuviper","article_publisher":"https:\/\/www.facebook.com\/compuviper","og_image":[{"width":200,"height":200,"url":"https:\/\/compuviper.mx\/tienda\/wp-content\/uploads\/2023\/12\/Access-point-grandstream-gwn7630-doble-banda-de-2.33-gbps-2-mu-mimo-4x44-2-puerto-gigabit-hasta-200-dispositivos-simultaneos-alcance-de-175-mts.jpg","type":"image\/jpeg"}],"twitter_card":"summary_large_image","twitter_misc":{"Precio":"&#36;1,877 &#36;1,711 con IVA","Availability":"In stock"},"schema":{"@context":"https:\/\/schema.org","@graph":[{"@type":"WebPage","@id":"https:\/\/compuviper.mx\/tienda\/producto\/grandstream-gwn7630-access-point-wifi-5-banda-dual-44-2-4gmimo44-5gmu-mimo-2-33-gbps-uso-interior-cobertura-165-mts-200-dispositivos-2-ptos-gigabit-controlador-inte-sin-inyector-poe\/","url":"https:\/\/compuviper.mx\/tienda\/producto\/grandstream-gwn7630-access-point-wifi-5-banda-dual-44-2-4gmimo44-5gmu-mimo-2-33-gbps-uso-interior-cobertura-165-mts-200-dispositivos-2-ptos-gigabit-controlador-inte-sin-inyector-poe\/","name":"[ Grandstream ] &#129351; Gwn7630 Access Point Wifi 5\/ Banda Dual 4\u00d74 2.4g(mimo)4\u00d74 5g(mu-mimo)\/ 2.33 Gbps\/ Uso Interior\/ Cobertura 165 Mts\/ 200 Dispositivos\/ 2 Ptos Gigabit\/ Controlador Inte\/ Sin Inyector Poe","isPartOf":{"@id":"https:\/\/compuviper.mx\/tienda\/#website"},"datePublished":"2026-04-16T07:03:03+00:00","dateModified":"2026-04-16T07:03:03+00:00","description":"Compra Gwn7630 Access Point Wifi 5\/ Banda Dual 4\u00d74 2.4g(mimo)4\u00d74 5g(mu-mimo)\/ 2.33 Gbps\/ Uso Interior\/ Cobertura 165 Mts\/ 200 Dispositivos\/ 2 Ptos Gigabit\/ Controlador Inte\/ Sin Inyector Poe + Env\u00edo a domicilio + Pago seguro + Garant\u00eda","breadcrumb":{"@id":"https:\/\/compuviper.mx\/tienda\/producto\/grandstream-gwn7630-access-point-wifi-5-banda-dual-44-2-4gmimo44-5gmu-mimo-2-33-gbps-uso-interior-cobertura-165-mts-200-dispositivos-2-ptos-gigabit-controlador-inte-sin-inyector-poe\/#breadcrumb"},"inLanguage":"es-MX","potentialAction":[{"@type":"ReadAction","target":["https:\/\/compuviper.mx\/tienda\/producto\/grandstream-gwn7630-access-point-wifi-5-banda-dual-44-2-4gmimo44-5gmu-mimo-2-33-gbps-uso-interior-cobertura-165-mts-200-dispositivos-2-ptos-gigabit-controlador-inte-sin-inyector-poe\/"]}]},{"@type":"BreadcrumbList","@id":"https:\/\/compuviper.mx\/tienda\/producto\/grandstream-gwn7630-access-point-wifi-5-banda-dual-44-2-4gmimo44-5gmu-mimo-2-33-gbps-uso-interior-cobertura-165-mts-200-dispositivos-2-ptos-gigabit-controlador-inte-sin-inyector-poe\/#breadcrumb","itemListElement":[{"@type":"ListItem","position":1,"name":"Inicio","item":"https:\/\/compuviper.mx\/tienda\/"},{"@type":"ListItem","position":2,"name":"Productos","item":"https:\/\/compuviper.mx\/tienda\/productos\/"},{"@type":"ListItem","position":3,"name":"Redes","item":"https:\/\/compuviper.mx\/tienda\/categoria-producto\/redes\/"},{"@type":"ListItem","position":4,"name":"Access Point","item":"https:\/\/compuviper.mx\/tienda\/categoria-producto\/redes\/access-point\/"},{"@type":"ListItem","position":5,"name":"Grandstream Gwn7630 Access Point Wifi 5\/ Banda Dual 4?4 2.4g(mimo)4?4 5g(mu-mimo)\/ 2.33 Gbps\/ Uso Interior\/ Cobertura 165 Mts\/ 200 Dispositivos\/ 2 Ptos Gigabit\/ Controlador Inte\/ Sin Inyector Poe"}]},{"@type":"WebSite","@id":"https:\/\/compuviper.mx\/tienda\/#website","url":"https:\/\/compuviper.mx\/tienda\/","name":"Compuviper","description":"Proveedor de Computadoras, Laptops, Servidores, Monitores, Puntos de Venta, Teclados,   Impresoras, T\u00f3ner, C\u00e1maras de Seguridad y m\u00e1s en tu tienda en l\u00ednea","publisher":{"@id":"https:\/\/compuviper.mx\/tienda\/#organization"},"potentialAction":[{"@type":"SearchAction","target":{"@type":"EntryPoint","urlTemplate":"https:\/\/compuviper.mx\/tienda\/?s={search_term_string}"},"query-input":"required name=search_term_string"}],"inLanguage":"es-MX"},{"@type":"Organization","@id":"https:\/\/compuviper.mx\/tienda\/#organization","name":"Compuviper","url":"https:\/\/compuviper.mx\/tienda\/","logo":{"@type":"ImageObject","inLanguage":"es-MX","@id":"https:\/\/compuviper.mx\/tienda\/#\/schema\/logo\/image\/","url":"https:\/\/compuviper.mx\/tienda\/wp-content\/uploads\/2021\/08\/Logo-Compuviper-10.png","contentUrl":"https:\/\/compuviper.mx\/tienda\/wp-content\/uploads\/2021\/08\/Logo-Compuviper-10.png","width":1000,"height":500,"caption":"Compuviper"},"image":{"@id":"https:\/\/compuviper.mx\/tienda\/#\/schema\/logo\/image\/"},"sameAs":["https:\/\/www.facebook.com\/compuviper","https:\/\/www.youtube.com\/channel\/UCf73dERp9Y3cfOq7q8BhLjA?view_as=subscriber"]}]},"product_brand":"GRANDSTREAM","product_price_amount":"1711","product_price_currency":"MXN","og_availability":"instock","product_availability":"instock","product_retailer_item_id":"GWN7630","product_condition":"new"},"_links":{"self":[{"href":"https:\/\/compuviper.mx\/tienda\/wp-json\/wp\/v2\/product\/220860"}],"collection":[{"href":"https:\/\/compuviper.mx\/tienda\/wp-json\/wp\/v2\/product"}],"about":[{"href":"https:\/\/compuviper.mx\/tienda\/wp-json\/wp\/v2\/types\/product"}],"replies":[{"embeddable":true,"href":"https:\/\/compuviper.mx\/tienda\/wp-json\/wp\/v2\/comments?post=220860"}],"wp:featuredmedia":[{"embeddable":true,"href":"https:\/\/compuviper.mx\/tienda\/wp-json\/wp\/v2\/media\/220861"}],"wp:attachment":[{"href":"https:\/\/compuviper.mx\/tienda\/wp-json\/wp\/v2\/media?parent=220860"}],"wp:term":[{"taxonomy":"product_cat","embeddable":true,"href":"https:\/\/compuviper.mx\/tienda\/wp-json\/wp\/v2\/product_cat?post=220860"},{"taxonomy":"product_tag","embeddable":true,"href":"https:\/\/compuviper.mx\/tienda\/wp-json\/wp\/v2\/product_tag?post=220860"}],"curies":[{"name":"wp","href":"https:\/\/api.w.org\/{rel}","templated":true}]}}