{"id":220858,"date":"2026-04-18T01:07:29","date_gmt":"2026-04-18T07:07:29","guid":{"rendered":"https:\/\/compuviper.mx\/tienda\/producto\/tp-link-archer-ax10-router-tp-link-inalambrico-wifi-6-ax1500-banda-2-4ghz-a-300mbps-y-5ghz-a-1201mbps-4-puertos-lan-giga-1-puerto-wan-giga-y-4-antenas-ext-fijas\/"},"modified":"2026-04-18T01:07:29","modified_gmt":"2026-04-18T07:07:29","slug":"tp-link-archer-ax10-router-tp-link-inalambrico-wifi-6-ax1500-banda-2-4ghz-a-300mbps-y-5ghz-a-1201mbps-4-puertos-lan-giga-1-puerto-wan-giga-y-4-antenas-ext-fijas","status":"publish","type":"product","link":"https:\/\/compuviper.mx\/tienda\/producto\/tp-link-archer-ax10-router-tp-link-inalambrico-wifi-6-ax1500-banda-2-4ghz-a-300mbps-y-5ghz-a-1201mbps-4-puertos-lan-giga-1-puerto-wan-giga-y-4-antenas-ext-fijas\/","title":{"rendered":"Tp Link Archer Ax10 Router Tp-link  Inalambrico Wifi 6 Ax1500 Banda 2.4ghz A 300mbps Y 5ghz A 1201mbps 4 Puertos Lan Giga 1 Puerto Wan Giga Y 4 Antenas Ext Fijas"},"content":{"rendered":"<table class=\"descripcion\">\n<tr>\n<td>Caracter\u00edsticas del hardware<\/td>\n<\/tr>\n<tr>\n<td>Procesador cpu de triple n\u00facleo a 1,5 ghz<\/td>\n<\/tr>\n<tr>\n<td>Memoria 256 mb de ram<\/td>\n<\/tr>\n<tr>\n<td>16 mb de flash<\/td>\n<\/tr>\n<tr>\n<td>Interfaz 1 puerto wan 1000\/100\/10 mbps<\/td>\n<\/tr>\n<tr>\n<td>4 puertos lan 1000\/100\/10 mbps<\/td>\n<\/tr>\n<tr>\n<td>Bot\u00f3n bot\u00f3n de encendido \/ apagado de wps \/ wi-fi, bot\u00f3n de reinicio, bot\u00f3n de encendido \/ apagado<\/td>\n<\/tr>\n<tr>\n<td>Fuente de alimentaci\u00f3n externa 12 v \/ 1 a<\/td>\n<\/tr>\n<tr>\n<td>Dimensiones (ancho x profundidad x altura) 10.2 \u00d7 5.3 \u00d7 1.5 pulg. (260.2 \u00d7 135.0 \u00d7 38.6 mm)<\/td>\n<\/tr>\n<tr>\n<td>Antena 4 \u00d7 antenas omnidireccionales fijas<\/td>\n<\/tr>\n<tr>\n<td>Caracter\u00edsticas inal\u00e1mbricas<\/td>\n<\/tr>\n<tr>\n<td>Est\u00e1ndares inal\u00e1mbricos ieee 802.11ax \/ ac \/ n \/ a 5 ghz<\/td>\n<\/tr>\n<tr>\n<td>Ieee 802.11n \/ b \/ g 2.4 ghz<\/td>\n<\/tr>\n<tr>\n<td>Frecuencia 5 ghz y 2.4 ghz<\/td>\n<\/tr>\n<tr>\n<td>Tasa de se\u00f1al 1201 mbps (5 ghz, 11ax)<\/td>\n<\/tr>\n<tr>\n<td>300 mbps (2.4 ghz, 11n)<\/td>\n<\/tr>\n<tr>\n<td>Compatible con los est\u00e1ndares wi-fi 802.11a \/ b \/ g \/ n \/ ac<\/td>\n<\/tr>\n<tr>\n<td>Sensibilidad de recepci\u00f3n<\/td>\n<\/tr>\n<tr>\n<td>5 ghz:<\/td>\n<\/tr>\n<tr>\n<td>11a 6mbps: -97dbm, 11a 54mbps: -79dbm<\/td>\n<\/tr>\n<tr>\n<td>11ac vht20_mcs0: -96dbm, 11ac vht20_mcs11: -66dbm<\/td>\n<\/tr>\n<tr>\n<td>11ac vht40_mcs0: -94dbm, 11ac vht40_mcs11: -63dbm<\/td>\n<\/tr>\n<tr>\n<td>11ac vht80_mcs0: -91dbm, 11ac vht80_mcs11: -60dbm<\/td>\n<\/tr>\n<tr>\n<td>11ax he20_mcs0: -95dbm, 11ax he20_mcs11: -63dbm<\/td>\n<\/tr>\n<tr>\n<td>11ax he40_mcs0: -92dbm, 11ax he40_mcs11: -60dbm<\/td>\n<\/tr>\n<tr>\n<td>11ax he80_mcs0: -89dbm, 11ax he80_mcs11: -58dbm<\/td>\n<\/tr>\n<tr>\n<td>2.4 ghz:<\/td>\n<\/tr>\n<tr>\n<td>11g 6mbps: -91dbmm: 1174mbm, 11<\/td>\n<\/tr>\n<tr>\n<td>Hbm 11n ht20_mcs7: -73dbm<\/td>\n<\/tr>\n<tr>\n<td>11n ht40_mcs0: -88dbm, 11n ht40_mcs7: -70dbm<\/td>\n<\/tr>\n<tr>\n<td>Poder de transmisi\u00f3n ce:  20dbm (2.4 ghz),  23dbm (5.15 ghz ~ 5.25 ghz)<\/td>\n<\/tr>\n<tr>\n<td>Fcc:  30dbm (2.4 ghz y 5.15 ghz ~ 5.825 ghz)<\/td>\n<\/tr>\n<tr>\n<td>Funciones inal\u00e1mbricas habilitar \/ deshabilitar radio inal\u00e1mbrica, wmm<\/td>\n<\/tr>\n<tr>\n<td>Seguridad inal\u00e1mbrica encriptaciones wep, wpa \/ wpa2, wpa-psk \/ wpa2-psk de 64\/128 bits<\/td>\n<\/tr>\n<tr>\n<td>Funciones de software<\/td>\n<\/tr>\n<tr>\n<td>Tipo de wan ip din\u00e1mica \/ ip est\u00e1tica \/ pppoe<\/td>\n<\/tr>\n<tr>\n<td>Administraci\u00f3n  red de invitados de control parental<\/td>\n<\/tr>\n<tr>\n<td>Dhcp servidor, lista de clientes dhcp, reserva de direcciones<\/td>\n<\/tr>\n<tr>\n<td>Dns din\u00e1mico dyndns, no-ip, tp-link<\/td>\n<\/tr>\n<tr>\n<td>Red de invitados red invitada de 2,4 ghz \u00d7 1 red invitada de<\/td>\n<\/tr>\n<tr>\n<td>5 ghz \u00d7 1<\/td>\n<\/tr>\n<tr>\n<td>Nat reenv\u00edo de puertos, activaci\u00f3n de puertos, upnp, dmz<\/td>\n<\/tr>\n<tr>\n<td>Otros<\/td>\n<\/tr>\n<tr>\n<td>Contenidos del paquete: router inal\u00e1mbrico archer ax10  \/  adaptador de corriente  \/  cable ethernet rj45  \/  gu\u00eda de instalaci\u00f3n r\u00e1pida<\/td>\n<\/tr>\n<tr>\n<td>Requisitos del sistema microsoft windows 98se \/ nt \/ 2000 \/ xp \/ vista \u0099 \/ 7\/8 \/ 8.1 \/ 10, mac os,<\/td>\n<\/tr>\n<tr>\n<td>Netware, unix o linux<\/td>\n<\/tr>\n<tr>\n<td>Internet explorer 11, firefox 12.0, chrome 20.0, safari 4.0 u otro cable de<\/td>\n<\/tr>\n<tr>\n<td>Navegador habilitado para java o suscripci\u00f3n de m\u00f3dem dsl con un proveedor de servicios de internet (para acceso a internet)<\/td>\n<\/tr>\n<tr>\n<td>Certificaciones fcc, ce, rohs<\/td>\n<\/tr>\n<\/table>\n","protected":false},"excerpt":{"rendered":"<p>Ax1500 wi-fi 6 router. Archer ax10. * tecnolog\u00eda wi-fi 6: el archer ax10 viene equipado con la \u00faltima tecnolog\u00eda inal\u00e1mbrica, wi-fi 6, para velocidades m\u00e1s r\u00e1pidas, mayor capacidad y congesti\u00f3n de red reducida. * velocidades de 1.5 gbps de pr\u00f3xima generaci\u00f3n: el enrutador de doble banda archer ax10 alcanza velocidades a\u00fan m\u00e1s r\u00e1pidas de hasta 1.5 gbps (1201 mbps en la banda de 5 ghz y 300 mbps en la banda de 2.4 ghz). * conecte docenas de dispositivos: m\u00e1s conexiones simult\u00e1neas y latencia reducida con ofdma y mu-mimo. * cpu de triple n\u00facleo : respuesta instant\u00e1nea a toda la actividad de su red con una cpu de triple n\u00facleo de 1.5 ghz. * cobertura m\u00e1s amplia: 4 antenas y tecnolog\u00eda beamforming enfocan la se\u00f1al hacia clientes individuales para una cobertura m\u00e1s amplia. * puertos gigabit completos: aproveche al m\u00e1ximo las velocidades de banda ancha de hasta 1 gbps. * configuraci\u00f3n f\u00e1cil: finalice la actualizaci\u00f3n de su red en minutos con la aplicaci\u00f3n tether. * compatible con alexa: controle su enrutador mediante comandos de voz y haga su vida m\u00e1s inteligente y f\u00e1cil con amazon alexa. Wi-fi avanzado y revolucionario  6. Wi-fi 6 ofrece un gran impulso en velocidad y capacidad total. Obtenga la \u00faltima tecnolog\u00eda wi-fi para eliminar todos los molestos temblores y reducir la velocidad, y disfrute de la red futura que se carga m\u00e1s r\u00e1pido y se conecta m\u00e1s. Velocidad m\u00e1s all\u00e1 de gigabit. El \u00faltimo 1024-qam y una mayor velocidad de s\u00edmbolos se combinan para aumentar las velocidades de los dispositivos m\u00e1s nuevos al nivel de gigabit. Con\u00e9ctese a una red wi-fi de 1 gbps con su tel\u00e9fono o computadora port\u00e1til y disfrute de velocidades comparables a la conexi\u00f3n de un cable ethernet. Conecte docenas de dispositivos. Agregue m\u00e1s dispositivos wi-fi sin disminuir el rendimiento. Ofdma permite que varios dispositivos usen una sola banda al mismo tiempo, lo que permite que su wi-fi soporte m\u00e1s dispositivos en comparaci\u00f3n con el mismo enrutador wi-fi 5 de nivel de velocidad. Menos retraso, m\u00e1s diversi\u00f3n. Wi-fi 6 transmite datos de manera eficiente, permitiendo que los paquetes de datos para diferentes aplicaciones compartan una transmisi\u00f3n y reduzcan la latencia. Disfruta de chats de audio y video impecables, mejores velocidades de juego y carga de video instant\u00e1nea en diferentes dispositivos, todo al mismo tiempo. Procesador de triple n\u00facleo. Respuesta instant\u00e1nea a cada clic. Una cpu de triple n\u00facleo de 1.5 ghz proporciona una potencia abrumadora para hacer frente a grandes cantidades de transferencia de datos, minimizando la latencia dentro de su red. Disfrute de una respuesta instant\u00e1nea cuando haga clic en el bot\u00f3n de reproducci\u00f3n para reproducir en l\u00ednea y obtenga una mejor calidad para el video chat en l\u00ednea. Mayor cobertura de wi-fi. La tecnolog\u00eda beamforming y las 4 antenas de alta ganancia se combinan para generar una se\u00f1al wi-fi fuerte y confiable en todo su hogar, brindando conexiones suaves y estables para cada cliente. Acceso a internet de banda ancha gigabit. Todos los puertos gigabit ethernet le permiten aprovechar al m\u00e1ximo su velocidad de banda ancha de hasta 1 gbps. Conecte sus pc, televisores inteligentes y consolas de juegos a uno de los cuatro puertos lan gigabit ethernet para obtener conexiones cableadas r\u00e1pidas y confiables. F\u00e1cil configuraci\u00f3n y uso. Ya sea que prefiera la aplicaci\u00f3n tether intuitiva o la potente interfaz web, puede configurar su archer ax10 en minutos. La aplicaci\u00f3n tether le permite administrar la configuraci\u00f3n de red desde cualquier dispositivo android o ios. Listo para el hogar inteligente de hoy y del ma\u00f1ana. Con el creciente n\u00famero de dispositivos en el hogar de hoy, todos merecen una forma m\u00e1s inteligente y f\u00e1cil de reunir todos sus productos. Utilice amazon alexa para controlar todo mediante comandos de voz para disfrutar de una vida verdaderamente inteligente.<\/p>\n","protected":false},"featured_media":220859,"comment_status":"open","ping_status":"open","template":"","meta":[],"product_cat":[1563,1753],"product_tag":[1562],"acf":[],"yoast_head":"<!-- This site is optimized with the Yoast SEO plugin v21.7 - https:\/\/yoast.com\/wordpress\/plugins\/seo\/ -->\n<title>[ Tp Link ] &#129351; Archer Ax10 Router Tp-link Inalambrico Wifi 6 Ax1500 Banda 2.4ghz A 300mbps Y 5ghz A 1201mbps 4 Puertos Lan Giga 1 Puerto Wan Giga Y 4 Antenas Ext Fijas<\/title>\n<meta name=\"description\" content=\"Compra Archer Ax10 Router Tp-link Inalambrico Wifi 6 Ax1500 Banda 2.4ghz A 300mbps Y 5ghz A 1201mbps 4 Puertos Lan Giga 1 Puerto Wan Giga Y 4 Antenas Ext Fijas + Env\u00edo a domicilio + Pago seguro + Garant\u00eda\" \/>\n<meta name=\"robots\" content=\"index, follow, max-snippet:-1, max-image-preview:large, max-video-preview:-1\" \/>\n<link rel=\"canonical\" href=\"https:\/\/compuviper.mx\/tienda\/producto\/tp-link-archer-ax10-router-tp-link-inalambrico-wifi-6-ax1500-banda-2-4ghz-a-300mbps-y-5ghz-a-1201mbps-4-puertos-lan-giga-1-puerto-wan-giga-y-4-antenas-ext-fijas\/\" \/>\n<meta property=\"og:locale\" content=\"es_MX\" \/>\n<meta property=\"og:type\" content=\"article\" \/>\n<meta property=\"og:title\" content=\"[ Tp Link ] &#129351; Archer Ax10 Router Tp-link Inalambrico Wifi 6 Ax1500 Banda 2.4ghz A 300mbps Y 5ghz A 1201mbps 4 Puertos Lan Giga 1 Puerto Wan Giga Y 4 Antenas Ext Fijas\" \/>\n<meta property=\"og:description\" content=\"Compra Archer Ax10 Router Tp-link Inalambrico Wifi 6 Ax1500 Banda 2.4ghz A 300mbps Y 5ghz A 1201mbps 4 Puertos Lan Giga 1 Puerto Wan Giga Y 4 Antenas Ext Fijas + Env\u00edo a domicilio + Pago seguro + Garant\u00eda\" \/>\n<meta property=\"og:url\" content=\"https:\/\/compuviper.mx\/tienda\/producto\/tp-link-archer-ax10-router-tp-link-inalambrico-wifi-6-ax1500-banda-2-4ghz-a-300mbps-y-5ghz-a-1201mbps-4-puertos-lan-giga-1-puerto-wan-giga-y-4-antenas-ext-fijas\/\" \/>\n<meta property=\"og:site_name\" content=\"Compuviper\" \/>\n<meta property=\"article:publisher\" content=\"https:\/\/www.facebook.com\/compuviper\" \/>\n<meta property=\"og:image\" content=\"https:\/\/compuviper.mx\/tienda\/wp-content\/uploads\/2023\/12\/Router-tp-link-archer-ax10-inalambrico-wifi-6-ax1500-banda-2.4ghz-a-300mbps-y-5ghz-a-1201mbps-4-puertos-lan-giga-1-puerto-wan-giga-y-4-antenas-ext-fijas.jpg\" \/>\n\t<meta property=\"og:image:width\" content=\"200\" \/>\n\t<meta property=\"og:image:height\" content=\"200\" \/>\n\t<meta property=\"og:image:type\" content=\"image\/jpeg\" \/>\n<meta name=\"twitter:card\" content=\"summary_large_image\" \/>\n<meta name=\"twitter:label1\" content=\"Precio\" \/>\n\t<meta name=\"twitter:data1\" content=\"&#36;701 con IVA\" \/>\n\t<meta name=\"twitter:label2\" content=\"Availability\" \/>\n\t<meta name=\"twitter:data2\" content=\"In stock\" \/>\n<script type=\"application\/ld+json\" class=\"yoast-schema-graph\">{\"@context\":\"https:\/\/schema.org\",\"@graph\":[{\"@type\":\"WebPage\",\"@id\":\"https:\/\/compuviper.mx\/tienda\/producto\/tp-link-archer-ax10-router-tp-link-inalambrico-wifi-6-ax1500-banda-2-4ghz-a-300mbps-y-5ghz-a-1201mbps-4-puertos-lan-giga-1-puerto-wan-giga-y-4-antenas-ext-fijas\/\",\"url\":\"https:\/\/compuviper.mx\/tienda\/producto\/tp-link-archer-ax10-router-tp-link-inalambrico-wifi-6-ax1500-banda-2-4ghz-a-300mbps-y-5ghz-a-1201mbps-4-puertos-lan-giga-1-puerto-wan-giga-y-4-antenas-ext-fijas\/\",\"name\":\"[ Tp Link ] &#129351; Archer Ax10 Router Tp-link Inalambrico Wifi 6 Ax1500 Banda 2.4ghz A 300mbps Y 5ghz A 1201mbps 4 Puertos Lan Giga 1 Puerto Wan Giga Y 4 Antenas Ext Fijas\",\"isPartOf\":{\"@id\":\"https:\/\/compuviper.mx\/tienda\/#website\"},\"datePublished\":\"2026-04-18T07:07:29+00:00\",\"dateModified\":\"2026-04-18T07:07:29+00:00\",\"description\":\"Compra Archer Ax10 Router Tp-link Inalambrico Wifi 6 Ax1500 Banda 2.4ghz A 300mbps Y 5ghz A 1201mbps 4 Puertos Lan Giga 1 Puerto Wan Giga Y 4 Antenas Ext Fijas + Env\u00edo a domicilio + Pago seguro + Garant\u00eda\",\"breadcrumb\":{\"@id\":\"https:\/\/compuviper.mx\/tienda\/producto\/tp-link-archer-ax10-router-tp-link-inalambrico-wifi-6-ax1500-banda-2-4ghz-a-300mbps-y-5ghz-a-1201mbps-4-puertos-lan-giga-1-puerto-wan-giga-y-4-antenas-ext-fijas\/#breadcrumb\"},\"inLanguage\":\"es-MX\",\"potentialAction\":[{\"@type\":\"ReadAction\",\"target\":[\"https:\/\/compuviper.mx\/tienda\/producto\/tp-link-archer-ax10-router-tp-link-inalambrico-wifi-6-ax1500-banda-2-4ghz-a-300mbps-y-5ghz-a-1201mbps-4-puertos-lan-giga-1-puerto-wan-giga-y-4-antenas-ext-fijas\/\"]}]},{\"@type\":\"BreadcrumbList\",\"@id\":\"https:\/\/compuviper.mx\/tienda\/producto\/tp-link-archer-ax10-router-tp-link-inalambrico-wifi-6-ax1500-banda-2-4ghz-a-300mbps-y-5ghz-a-1201mbps-4-puertos-lan-giga-1-puerto-wan-giga-y-4-antenas-ext-fijas\/#breadcrumb\",\"itemListElement\":[{\"@type\":\"ListItem\",\"position\":1,\"name\":\"Inicio\",\"item\":\"https:\/\/compuviper.mx\/tienda\/\"},{\"@type\":\"ListItem\",\"position\":2,\"name\":\"Productos\",\"item\":\"https:\/\/compuviper.mx\/tienda\/productos\/\"},{\"@type\":\"ListItem\",\"position\":3,\"name\":\"Redes\",\"item\":\"https:\/\/compuviper.mx\/tienda\/categoria-producto\/redes\/\"},{\"@type\":\"ListItem\",\"position\":4,\"name\":\"Router\",\"item\":\"https:\/\/compuviper.mx\/tienda\/categoria-producto\/redes\/router\/\"},{\"@type\":\"ListItem\",\"position\":5,\"name\":\"Tp Link Archer Ax10 Router Tp-link Inalambrico Wifi 6 Ax1500 Banda 2.4ghz A 300mbps Y 5ghz A 1201mbps 4 Puertos Lan Giga 1 Puerto Wan Giga Y 4 Antenas Ext Fijas\"}]},{\"@type\":\"WebSite\",\"@id\":\"https:\/\/compuviper.mx\/tienda\/#website\",\"url\":\"https:\/\/compuviper.mx\/tienda\/\",\"name\":\"Compuviper\",\"description\":\"Proveedor de Computadoras, Laptops, Servidores, Monitores, Puntos de Venta, Teclados,   Impresoras, T\u00f3ner, C\u00e1maras de Seguridad y m\u00e1s en tu tienda en l\u00ednea\",\"publisher\":{\"@id\":\"https:\/\/compuviper.mx\/tienda\/#organization\"},\"potentialAction\":[{\"@type\":\"SearchAction\",\"target\":{\"@type\":\"EntryPoint\",\"urlTemplate\":\"https:\/\/compuviper.mx\/tienda\/?s={search_term_string}\"},\"query-input\":\"required name=search_term_string\"}],\"inLanguage\":\"es-MX\"},{\"@type\":\"Organization\",\"@id\":\"https:\/\/compuviper.mx\/tienda\/#organization\",\"name\":\"Compuviper\",\"url\":\"https:\/\/compuviper.mx\/tienda\/\",\"logo\":{\"@type\":\"ImageObject\",\"inLanguage\":\"es-MX\",\"@id\":\"https:\/\/compuviper.mx\/tienda\/#\/schema\/logo\/image\/\",\"url\":\"https:\/\/compuviper.mx\/tienda\/wp-content\/uploads\/2021\/08\/Logo-Compuviper-10.png\",\"contentUrl\":\"https:\/\/compuviper.mx\/tienda\/wp-content\/uploads\/2021\/08\/Logo-Compuviper-10.png\",\"width\":1000,\"height\":500,\"caption\":\"Compuviper\"},\"image\":{\"@id\":\"https:\/\/compuviper.mx\/tienda\/#\/schema\/logo\/image\/\"},\"sameAs\":[\"https:\/\/www.facebook.com\/compuviper\",\"https:\/\/www.youtube.com\/channel\/UCf73dERp9Y3cfOq7q8BhLjA?view_as=subscriber\"]}]}<\/script>\n<meta property=\"product:brand\" content=\"TP LINK\" \/>\n<meta property=\"product:price:amount\" content=\"701\" \/>\n<meta property=\"product:price:currency\" content=\"MXN\" \/>\n<meta property=\"og:availability\" content=\"instock\" \/>\n<meta property=\"product:availability\" content=\"instock\" \/>\n<meta property=\"product:retailer_item_id\" content=\"ARCHER AX10\" \/>\n<meta property=\"product:condition\" content=\"new\" \/>\n<!-- \/ Yoast SEO plugin. -->","yoast_head_json":{"title":"[ Tp Link ] &#129351; Archer Ax10 Router Tp-link Inalambrico Wifi 6 Ax1500 Banda 2.4ghz A 300mbps Y 5ghz A 1201mbps 4 Puertos Lan Giga 1 Puerto Wan Giga Y 4 Antenas Ext Fijas","description":"Compra Archer Ax10 Router Tp-link Inalambrico Wifi 6 Ax1500 Banda 2.4ghz A 300mbps Y 5ghz A 1201mbps 4 Puertos Lan Giga 1 Puerto Wan Giga Y 4 Antenas Ext Fijas + Env\u00edo a domicilio + Pago seguro + Garant\u00eda","robots":{"index":"index","follow":"follow","max-snippet":"max-snippet:-1","max-image-preview":"max-image-preview:large","max-video-preview":"max-video-preview:-1"},"canonical":"https:\/\/compuviper.mx\/tienda\/producto\/tp-link-archer-ax10-router-tp-link-inalambrico-wifi-6-ax1500-banda-2-4ghz-a-300mbps-y-5ghz-a-1201mbps-4-puertos-lan-giga-1-puerto-wan-giga-y-4-antenas-ext-fijas\/","og_locale":"es_MX","og_type":"article","og_title":"[ Tp Link ] &#129351; Archer Ax10 Router Tp-link Inalambrico Wifi 6 Ax1500 Banda 2.4ghz A 300mbps Y 5ghz A 1201mbps 4 Puertos Lan Giga 1 Puerto Wan Giga Y 4 Antenas Ext Fijas","og_description":"Compra Archer Ax10 Router Tp-link Inalambrico Wifi 6 Ax1500 Banda 2.4ghz A 300mbps Y 5ghz A 1201mbps 4 Puertos Lan Giga 1 Puerto Wan Giga Y 4 Antenas Ext Fijas + Env\u00edo a domicilio + Pago seguro + Garant\u00eda","og_url":"https:\/\/compuviper.mx\/tienda\/producto\/tp-link-archer-ax10-router-tp-link-inalambrico-wifi-6-ax1500-banda-2-4ghz-a-300mbps-y-5ghz-a-1201mbps-4-puertos-lan-giga-1-puerto-wan-giga-y-4-antenas-ext-fijas\/","og_site_name":"Compuviper","article_publisher":"https:\/\/www.facebook.com\/compuviper","og_image":[{"width":200,"height":200,"url":"https:\/\/compuviper.mx\/tienda\/wp-content\/uploads\/2023\/12\/Router-tp-link-archer-ax10-inalambrico-wifi-6-ax1500-banda-2.4ghz-a-300mbps-y-5ghz-a-1201mbps-4-puertos-lan-giga-1-puerto-wan-giga-y-4-antenas-ext-fijas.jpg","type":"image\/jpeg"}],"twitter_card":"summary_large_image","twitter_misc":{"Precio":"&#36;701 con IVA","Availability":"In stock"},"schema":{"@context":"https:\/\/schema.org","@graph":[{"@type":"WebPage","@id":"https:\/\/compuviper.mx\/tienda\/producto\/tp-link-archer-ax10-router-tp-link-inalambrico-wifi-6-ax1500-banda-2-4ghz-a-300mbps-y-5ghz-a-1201mbps-4-puertos-lan-giga-1-puerto-wan-giga-y-4-antenas-ext-fijas\/","url":"https:\/\/compuviper.mx\/tienda\/producto\/tp-link-archer-ax10-router-tp-link-inalambrico-wifi-6-ax1500-banda-2-4ghz-a-300mbps-y-5ghz-a-1201mbps-4-puertos-lan-giga-1-puerto-wan-giga-y-4-antenas-ext-fijas\/","name":"[ Tp Link ] &#129351; Archer Ax10 Router Tp-link Inalambrico Wifi 6 Ax1500 Banda 2.4ghz A 300mbps Y 5ghz A 1201mbps 4 Puertos Lan Giga 1 Puerto Wan Giga Y 4 Antenas Ext Fijas","isPartOf":{"@id":"https:\/\/compuviper.mx\/tienda\/#website"},"datePublished":"2026-04-18T07:07:29+00:00","dateModified":"2026-04-18T07:07:29+00:00","description":"Compra Archer Ax10 Router Tp-link Inalambrico Wifi 6 Ax1500 Banda 2.4ghz A 300mbps Y 5ghz A 1201mbps 4 Puertos Lan Giga 1 Puerto Wan Giga Y 4 Antenas Ext Fijas + Env\u00edo a domicilio + Pago seguro + Garant\u00eda","breadcrumb":{"@id":"https:\/\/compuviper.mx\/tienda\/producto\/tp-link-archer-ax10-router-tp-link-inalambrico-wifi-6-ax1500-banda-2-4ghz-a-300mbps-y-5ghz-a-1201mbps-4-puertos-lan-giga-1-puerto-wan-giga-y-4-antenas-ext-fijas\/#breadcrumb"},"inLanguage":"es-MX","potentialAction":[{"@type":"ReadAction","target":["https:\/\/compuviper.mx\/tienda\/producto\/tp-link-archer-ax10-router-tp-link-inalambrico-wifi-6-ax1500-banda-2-4ghz-a-300mbps-y-5ghz-a-1201mbps-4-puertos-lan-giga-1-puerto-wan-giga-y-4-antenas-ext-fijas\/"]}]},{"@type":"BreadcrumbList","@id":"https:\/\/compuviper.mx\/tienda\/producto\/tp-link-archer-ax10-router-tp-link-inalambrico-wifi-6-ax1500-banda-2-4ghz-a-300mbps-y-5ghz-a-1201mbps-4-puertos-lan-giga-1-puerto-wan-giga-y-4-antenas-ext-fijas\/#breadcrumb","itemListElement":[{"@type":"ListItem","position":1,"name":"Inicio","item":"https:\/\/compuviper.mx\/tienda\/"},{"@type":"ListItem","position":2,"name":"Productos","item":"https:\/\/compuviper.mx\/tienda\/productos\/"},{"@type":"ListItem","position":3,"name":"Redes","item":"https:\/\/compuviper.mx\/tienda\/categoria-producto\/redes\/"},{"@type":"ListItem","position":4,"name":"Router","item":"https:\/\/compuviper.mx\/tienda\/categoria-producto\/redes\/router\/"},{"@type":"ListItem","position":5,"name":"Tp Link Archer Ax10 Router Tp-link Inalambrico Wifi 6 Ax1500 Banda 2.4ghz A 300mbps Y 5ghz A 1201mbps 4 Puertos Lan Giga 1 Puerto Wan Giga Y 4 Antenas Ext Fijas"}]},{"@type":"WebSite","@id":"https:\/\/compuviper.mx\/tienda\/#website","url":"https:\/\/compuviper.mx\/tienda\/","name":"Compuviper","description":"Proveedor de Computadoras, Laptops, Servidores, Monitores, Puntos de Venta, Teclados,   Impresoras, T\u00f3ner, C\u00e1maras de Seguridad y m\u00e1s en tu tienda en l\u00ednea","publisher":{"@id":"https:\/\/compuviper.mx\/tienda\/#organization"},"potentialAction":[{"@type":"SearchAction","target":{"@type":"EntryPoint","urlTemplate":"https:\/\/compuviper.mx\/tienda\/?s={search_term_string}"},"query-input":"required name=search_term_string"}],"inLanguage":"es-MX"},{"@type":"Organization","@id":"https:\/\/compuviper.mx\/tienda\/#organization","name":"Compuviper","url":"https:\/\/compuviper.mx\/tienda\/","logo":{"@type":"ImageObject","inLanguage":"es-MX","@id":"https:\/\/compuviper.mx\/tienda\/#\/schema\/logo\/image\/","url":"https:\/\/compuviper.mx\/tienda\/wp-content\/uploads\/2021\/08\/Logo-Compuviper-10.png","contentUrl":"https:\/\/compuviper.mx\/tienda\/wp-content\/uploads\/2021\/08\/Logo-Compuviper-10.png","width":1000,"height":500,"caption":"Compuviper"},"image":{"@id":"https:\/\/compuviper.mx\/tienda\/#\/schema\/logo\/image\/"},"sameAs":["https:\/\/www.facebook.com\/compuviper","https:\/\/www.youtube.com\/channel\/UCf73dERp9Y3cfOq7q8BhLjA?view_as=subscriber"]}]},"product_brand":"TP LINK","product_price_amount":"701","product_price_currency":"MXN","og_availability":"instock","product_availability":"instock","product_retailer_item_id":"ARCHER AX10","product_condition":"new"},"_links":{"self":[{"href":"https:\/\/compuviper.mx\/tienda\/wp-json\/wp\/v2\/product\/220858"}],"collection":[{"href":"https:\/\/compuviper.mx\/tienda\/wp-json\/wp\/v2\/product"}],"about":[{"href":"https:\/\/compuviper.mx\/tienda\/wp-json\/wp\/v2\/types\/product"}],"replies":[{"embeddable":true,"href":"https:\/\/compuviper.mx\/tienda\/wp-json\/wp\/v2\/comments?post=220858"}],"wp:featuredmedia":[{"embeddable":true,"href":"https:\/\/compuviper.mx\/tienda\/wp-json\/wp\/v2\/media\/220859"}],"wp:attachment":[{"href":"https:\/\/compuviper.mx\/tienda\/wp-json\/wp\/v2\/media?parent=220858"}],"wp:term":[{"taxonomy":"product_cat","embeddable":true,"href":"https:\/\/compuviper.mx\/tienda\/wp-json\/wp\/v2\/product_cat?post=220858"},{"taxonomy":"product_tag","embeddable":true,"href":"https:\/\/compuviper.mx\/tienda\/wp-json\/wp\/v2\/product_tag?post=220858"}],"curies":[{"name":"wp","href":"https:\/\/api.w.org\/{rel}","templated":true}]}}