{"id":220850,"date":"2026-04-11T01:02:33","date_gmt":"2026-04-11T07:02:33","guid":{"rendered":"https:\/\/compuviper.mx\/tienda\/producto\/tp-link-deco-e41-pack-router-tp-link-wifi-mesh-dual-band-modo-ap-repetidor-sustituye-a-deco-m3w\/"},"modified":"2026-04-11T01:02:33","modified_gmt":"2026-04-11T07:02:33","slug":"tp-link-deco-e41-pack-router-tp-link-deco-e41-pack-wifi-mesh-dual-band-modo-ap-router-sustituye-a-deco-m3w","status":"publish","type":"product","link":"https:\/\/compuviper.mx\/tienda\/producto\/tp-link-deco-e41-pack-router-tp-link-deco-e41-pack-wifi-mesh-dual-band-modo-ap-router-sustituye-a-deco-m3w\/","title":{"rendered":"Tp Link Deco E4(1-pack) Router Tp-link Deco E41-pack Wifi Mesh Dual Band Modo Ap\/router Sustituye A Deco M3w"},"content":{"rendered":"<table class=\"descripcion\">\n<tr>\n<td>Informacion t\u00e9cnica:<\/td>\n<\/tr>\n<tr>\n<td>Alimentaci\u00f3n<\/td>\n<\/tr>\n<tr>\n<td>Entrada del adaptador ac 100-240v \/ 50-60hz 0.3a<\/td>\n<\/tr>\n<tr>\n<td>Salida del adaptador ac 12  and #9107; 1a<\/td>\n<\/tr>\n<tr>\n<td>Caracter\u00edsticas de hardware<\/td>\n<\/tr>\n<tr>\n<td>Puertos 2 10 \/ 100mbps, puertos wan\/lan,1 puerto de alimentaci\u00f3n<\/td>\n<\/tr>\n<tr>\n<td>Bot\u00f3n1 bot\u00f3n de reinicio en la parte inferior<\/td>\n<\/tr>\n<tr>\n<td>Destello 16 mb<\/td>\n<\/tr>\n<tr>\n<td>Sdram 128 mb<\/td>\n<\/tr>\n<tr>\n<td>Dimensiones (w x d x h) 7.5 x 3.6 x 3.6 pulg. (190.5 x 90.7 x 90.7 mm)<\/td>\n<\/tr>\n<tr>\n<td>Tipo de antena2 antenas internas de doble banda por unidad deco<\/td>\n<\/tr>\n<tr>\n<td>Caracter\u00edsticas inal\u00e1mbricas<\/td>\n<\/tr>\n<tr>\n<td>Est\u00e1ndares inal\u00e1mbricos ieee 802.11 ac \/ n \/ a 5 ghz, 300 mbps a 2.4 ghz<\/td>\n<\/tr>\n<tr>\n<td>Frecuencia 2.4 ghz y 5 ghz<\/td>\n<\/tr>\n<tr>\n<td>Tasa de se\u00f1al 867 mbps a 5 ghz, 300 mbps a 2.4 ghz<\/td>\n<\/tr>\n<tr>\n<td>Potencia de transmision fcc:  30 dbm, ce:  20 dbm (2.4 ghz),  23 dbm (5 ghz)<\/td>\n<\/tr>\n<tr>\n<td>Seguridad inal\u00e1mbrica wpa-psk- \/ wpa2-psk<\/td>\n<\/tr>\n<tr>\n<td>Caracter\u00edsticas de software<\/td>\n<\/tr>\n<tr>\n<td>Calidad de servicio wmm<\/td>\n<\/tr>\n<tr>\n<td>Tipo de wan ip din\u00e1mica \/ ip est\u00e1tica \/ pppoe \/ l2tp \/ pptp<\/td>\n<\/tr>\n<tr>\n<td>Administraci\u00f3n gesti\u00f3n local, gesti\u00f3n remota<\/td>\n<\/tr>\n<tr>\n<td>Dhcp servidor, cliente<\/td>\n<\/tr>\n<tr>\n<td>Seguridad de firewall cortafuegos spi<\/td>\n<\/tr>\n<tr>\n<td>Protocolos soporta ipv4 y ipv6<\/td>\n<\/tr>\n<tr>\n<td>Red de invitados red invitada de 2.4 ghz x 1, red invitada de 5 ghz x 1<\/td>\n<\/tr>\n<tr>\n<td>Modos de trabajo enrutador, punto de acceso<\/td>\n<\/tr>\n<tr>\n<td>Otros<\/td>\n<\/tr>\n<tr>\n<td>Certificaciones: ce, fcc, ic, ncc, bsmi, ida, rcm, jpa, vcci, kc, rohs<\/td>\n<\/tr>\n<tr>\n<td>Contenidos del paquete<\/td>\n<\/tr>\n<tr>\n<td>1 unidad deco<\/td>\n<\/tr>\n<tr>\n<td>1 adaptador de corriente<\/td>\n<\/tr>\n<tr>\n<td>1 cable ethernet rj45<\/td>\n<\/tr>\n<tr>\n<td>Requisitos para tel\u00e9fonos inteligentes \/ tabletas ios 9.0 o posterior, android 4.3 o posterior<\/td>\n<\/tr>\n<tr>\n<td>Ambiente temperatura de funcionamiento: 0  and #8451; ~ 40 (32  and #8457; ~ 104  and #8457;)<\/td>\n<\/tr>\n<tr>\n<td>Temperatura de almacenamiento: -40  and #8451; ~ 70  and #8451; (-40  and #8457; ~ 158  and #8457;)<\/td>\n<\/tr>\n<tr>\n<td>Humedad de funcionamiento: 10% ~ 90% sin condensaci\u00f3n<\/td>\n<\/tr>\n<tr>\n<td>Humedad de almacenamiento: 5% ~ 90 % sin condensaci\u00f3n<\/td>\n<\/tr>\n<\/table>\n","protected":false},"excerpt":{"rendered":"<p>Sistema de wi-fi ac1200 en malla para toda la casa. Deco e4(2-pack. * deco usa un sistema de unidades para lograr una cobertura wi-fi perfecta en el hogar \u0097 \u00a1elimina las zonas de baja se\u00f1al de una vez por todas. * con la avanzada tecnolog\u00eda deco mesh, los dispositivos deco trabajan juntos para formar una red unificada en tu hogar, con el mismo nombre de red. Los dispositivos cambian autom\u00e1ticamente entre decos a medida que te desplazas por tu hogar para obtener las velocidades m\u00e1s r\u00e1pidas posibles. * un pack de 2 deco m4 proporciona una gran wi-fi unificada. Si necesita cubrir un \u00e1rea mayor, simplemente a\u00f1ade en cualquier momento m\u00e1s decos a tu red para aumentar la cobertura. * deco m4 proporciona conexiones r\u00e1pidas y estables con velocidades de hasta 1167 mbps y funciona con los routers de los principales operadores de servicio. * deco puede gestionar el tr\u00e1fico incluso en redes muy saturadas, proporcionando conexiones sin retardo a m\u00e1s de 100 dispositivos. * el control parental limita el tiempo en l\u00ednea y bloquea sitios webs inapropiados, de acuerdo con los perfiles \u00fanicos creados para cada miembro de la familia. * la configuraci\u00f3n es muy sencilla. La app deco te gu\u00eda paso a paso.<\/p>\n","protected":false},"featured_media":220851,"comment_status":"open","ping_status":"open","template":"","meta":[],"product_cat":[1563,1754],"product_tag":[1562],"acf":[],"yoast_head":"<!-- This site is optimized with the Yoast SEO plugin v21.7 - https:\/\/yoast.com\/wordpress\/plugins\/seo\/ -->\n<title>[ Tp Link ] &#129351; Deco E4(1-pack) Router Tp-link Deco E41-pack Wifi Mesh Dual Band Modo Ap\/router Sustituye A Deco M3w<\/title>\n<meta name=\"description\" content=\"Compra Deco E4(1-pack) Router Tp-link Deco E41-pack Wifi Mesh Dual Band Modo Ap\/router Sustituye A Deco M3w + Env\u00edo a domicilio + Pago seguro + Garant\u00eda\" \/>\n<meta name=\"robots\" content=\"index, follow, max-snippet:-1, max-image-preview:large, max-video-preview:-1\" \/>\n<link rel=\"canonical\" href=\"https:\/\/compuviper.mx\/tienda\/producto\/tp-link-deco-e41-pack-router-tp-link-deco-e41-pack-wifi-mesh-dual-band-modo-ap-router-sustituye-a-deco-m3w\/\" \/>\n<meta property=\"og:locale\" content=\"es_MX\" \/>\n<meta property=\"og:type\" content=\"article\" \/>\n<meta property=\"og:title\" content=\"[ Tp Link ] &#129351; Deco E4(1-pack) Router Tp-link Deco E41-pack Wifi Mesh Dual Band Modo Ap\/router Sustituye A Deco M3w\" \/>\n<meta property=\"og:description\" content=\"Compra Deco E4(1-pack) Router Tp-link Deco E41-pack Wifi Mesh Dual Band Modo Ap\/router Sustituye A Deco M3w + Env\u00edo a domicilio + Pago seguro + Garant\u00eda\" \/>\n<meta property=\"og:url\" content=\"https:\/\/compuviper.mx\/tienda\/producto\/tp-link-deco-e41-pack-router-tp-link-deco-e41-pack-wifi-mesh-dual-band-modo-ap-router-sustituye-a-deco-m3w\/\" \/>\n<meta property=\"og:site_name\" content=\"Compuviper\" \/>\n<meta property=\"article:publisher\" content=\"https:\/\/www.facebook.com\/compuviper\" \/>\n<meta property=\"og:image\" content=\"https:\/\/compuviper.mx\/tienda\/wp-content\/uploads\/2023\/12\/Router-tp-link-deco-e41-pack-wifi-mesh-dual-band-modo-aprepetidor-sustituye-a-deco-m3w.jpg\" \/>\n\t<meta property=\"og:image:width\" content=\"200\" \/>\n\t<meta property=\"og:image:height\" content=\"200\" \/>\n\t<meta property=\"og:image:type\" content=\"image\/jpeg\" \/>\n<meta name=\"twitter:card\" content=\"summary_large_image\" \/>\n<meta name=\"twitter:label1\" content=\"Precio\" \/>\n\t<meta name=\"twitter:data1\" content=\"&#36;780 con IVA\" \/>\n\t<meta name=\"twitter:label2\" content=\"Availability\" \/>\n\t<meta name=\"twitter:data2\" content=\"Out of stock\" \/>\n<script type=\"application\/ld+json\" class=\"yoast-schema-graph\">{\"@context\":\"https:\/\/schema.org\",\"@graph\":[{\"@type\":\"WebPage\",\"@id\":\"https:\/\/compuviper.mx\/tienda\/producto\/tp-link-deco-e41-pack-router-tp-link-deco-e41-pack-wifi-mesh-dual-band-modo-ap-router-sustituye-a-deco-m3w\/\",\"url\":\"https:\/\/compuviper.mx\/tienda\/producto\/tp-link-deco-e41-pack-router-tp-link-deco-e41-pack-wifi-mesh-dual-band-modo-ap-router-sustituye-a-deco-m3w\/\",\"name\":\"[ Tp Link ] &#129351; Deco E4(1-pack) Router Tp-link Deco E41-pack Wifi Mesh Dual Band Modo Ap\/router Sustituye A Deco M3w\",\"isPartOf\":{\"@id\":\"https:\/\/compuviper.mx\/tienda\/#website\"},\"datePublished\":\"2026-04-11T07:02:33+00:00\",\"dateModified\":\"2026-04-11T07:02:33+00:00\",\"description\":\"Compra Deco E4(1-pack) Router Tp-link Deco E41-pack Wifi Mesh Dual Band Modo Ap\/router Sustituye A Deco M3w + Env\u00edo a domicilio + Pago seguro + Garant\u00eda\",\"breadcrumb\":{\"@id\":\"https:\/\/compuviper.mx\/tienda\/producto\/tp-link-deco-e41-pack-router-tp-link-deco-e41-pack-wifi-mesh-dual-band-modo-ap-router-sustituye-a-deco-m3w\/#breadcrumb\"},\"inLanguage\":\"es-MX\",\"potentialAction\":[{\"@type\":\"ReadAction\",\"target\":[\"https:\/\/compuviper.mx\/tienda\/producto\/tp-link-deco-e41-pack-router-tp-link-deco-e41-pack-wifi-mesh-dual-band-modo-ap-router-sustituye-a-deco-m3w\/\"]}]},{\"@type\":\"BreadcrumbList\",\"@id\":\"https:\/\/compuviper.mx\/tienda\/producto\/tp-link-deco-e41-pack-router-tp-link-deco-e41-pack-wifi-mesh-dual-band-modo-ap-router-sustituye-a-deco-m3w\/#breadcrumb\",\"itemListElement\":[{\"@type\":\"ListItem\",\"position\":1,\"name\":\"Inicio\",\"item\":\"https:\/\/compuviper.mx\/tienda\/\"},{\"@type\":\"ListItem\",\"position\":2,\"name\":\"Productos\",\"item\":\"https:\/\/compuviper.mx\/tienda\/productos\/\"},{\"@type\":\"ListItem\",\"position\":3,\"name\":\"Redes\",\"item\":\"https:\/\/compuviper.mx\/tienda\/categoria-producto\/redes\/\"},{\"@type\":\"ListItem\",\"position\":4,\"name\":\"Access Point\",\"item\":\"https:\/\/compuviper.mx\/tienda\/categoria-producto\/redes\/access-point\/\"},{\"@type\":\"ListItem\",\"position\":5,\"name\":\"Tp Link Deco E4(1-pack) Router Tp-link Deco E41-pack Wifi Mesh Dual Band Modo Ap\/router Sustituye A Deco M3w\"}]},{\"@type\":\"WebSite\",\"@id\":\"https:\/\/compuviper.mx\/tienda\/#website\",\"url\":\"https:\/\/compuviper.mx\/tienda\/\",\"name\":\"Compuviper\",\"description\":\"Proveedor de Computadoras, Laptops, Servidores, Monitores, Puntos de Venta, Teclados,   Impresoras, T\u00f3ner, C\u00e1maras de Seguridad y m\u00e1s en tu tienda en l\u00ednea\",\"publisher\":{\"@id\":\"https:\/\/compuviper.mx\/tienda\/#organization\"},\"potentialAction\":[{\"@type\":\"SearchAction\",\"target\":{\"@type\":\"EntryPoint\",\"urlTemplate\":\"https:\/\/compuviper.mx\/tienda\/?s={search_term_string}\"},\"query-input\":\"required name=search_term_string\"}],\"inLanguage\":\"es-MX\"},{\"@type\":\"Organization\",\"@id\":\"https:\/\/compuviper.mx\/tienda\/#organization\",\"name\":\"Compuviper\",\"url\":\"https:\/\/compuviper.mx\/tienda\/\",\"logo\":{\"@type\":\"ImageObject\",\"inLanguage\":\"es-MX\",\"@id\":\"https:\/\/compuviper.mx\/tienda\/#\/schema\/logo\/image\/\",\"url\":\"https:\/\/compuviper.mx\/tienda\/wp-content\/uploads\/2021\/08\/Logo-Compuviper-10.png\",\"contentUrl\":\"https:\/\/compuviper.mx\/tienda\/wp-content\/uploads\/2021\/08\/Logo-Compuviper-10.png\",\"width\":1000,\"height\":500,\"caption\":\"Compuviper\"},\"image\":{\"@id\":\"https:\/\/compuviper.mx\/tienda\/#\/schema\/logo\/image\/\"},\"sameAs\":[\"https:\/\/www.facebook.com\/compuviper\",\"https:\/\/www.youtube.com\/channel\/UCf73dERp9Y3cfOq7q8BhLjA?view_as=subscriber\"]}]}<\/script>\n<meta property=\"product:brand\" content=\"TP LINK\" \/>\n<meta property=\"product:price:amount\" content=\"780\" \/>\n<meta property=\"product:price:currency\" content=\"MXN\" \/>\n<meta property=\"og:availability\" content=\"out of stock\" \/>\n<meta property=\"product:availability\" content=\"out of stock\" \/>\n<meta property=\"product:retailer_item_id\" content=\"DECO E4(1-PACK)\" \/>\n<meta property=\"product:condition\" content=\"new\" \/>\n<!-- \/ Yoast SEO plugin. -->","yoast_head_json":{"title":"[ Tp Link ] &#129351; Deco E4(1-pack) Router Tp-link Deco E41-pack Wifi Mesh Dual Band Modo Ap\/router Sustituye A Deco M3w","description":"Compra Deco E4(1-pack) Router Tp-link Deco E41-pack Wifi Mesh Dual Band Modo Ap\/router Sustituye A Deco M3w + Env\u00edo a domicilio + Pago seguro + Garant\u00eda","robots":{"index":"index","follow":"follow","max-snippet":"max-snippet:-1","max-image-preview":"max-image-preview:large","max-video-preview":"max-video-preview:-1"},"canonical":"https:\/\/compuviper.mx\/tienda\/producto\/tp-link-deco-e41-pack-router-tp-link-deco-e41-pack-wifi-mesh-dual-band-modo-ap-router-sustituye-a-deco-m3w\/","og_locale":"es_MX","og_type":"article","og_title":"[ Tp Link ] &#129351; Deco E4(1-pack) Router Tp-link Deco E41-pack Wifi Mesh Dual Band Modo Ap\/router Sustituye A Deco M3w","og_description":"Compra Deco E4(1-pack) Router Tp-link Deco E41-pack Wifi Mesh Dual Band Modo Ap\/router Sustituye A Deco M3w + Env\u00edo a domicilio + Pago seguro + Garant\u00eda","og_url":"https:\/\/compuviper.mx\/tienda\/producto\/tp-link-deco-e41-pack-router-tp-link-deco-e41-pack-wifi-mesh-dual-band-modo-ap-router-sustituye-a-deco-m3w\/","og_site_name":"Compuviper","article_publisher":"https:\/\/www.facebook.com\/compuviper","og_image":[{"width":200,"height":200,"url":"https:\/\/compuviper.mx\/tienda\/wp-content\/uploads\/2023\/12\/Router-tp-link-deco-e41-pack-wifi-mesh-dual-band-modo-aprepetidor-sustituye-a-deco-m3w.jpg","type":"image\/jpeg"}],"twitter_card":"summary_large_image","twitter_misc":{"Precio":"&#36;780 con IVA","Availability":"Out of stock"},"schema":{"@context":"https:\/\/schema.org","@graph":[{"@type":"WebPage","@id":"https:\/\/compuviper.mx\/tienda\/producto\/tp-link-deco-e41-pack-router-tp-link-deco-e41-pack-wifi-mesh-dual-band-modo-ap-router-sustituye-a-deco-m3w\/","url":"https:\/\/compuviper.mx\/tienda\/producto\/tp-link-deco-e41-pack-router-tp-link-deco-e41-pack-wifi-mesh-dual-band-modo-ap-router-sustituye-a-deco-m3w\/","name":"[ Tp Link ] &#129351; Deco E4(1-pack) Router Tp-link Deco E41-pack Wifi Mesh Dual Band Modo Ap\/router Sustituye A Deco M3w","isPartOf":{"@id":"https:\/\/compuviper.mx\/tienda\/#website"},"datePublished":"2026-04-11T07:02:33+00:00","dateModified":"2026-04-11T07:02:33+00:00","description":"Compra Deco E4(1-pack) Router Tp-link Deco E41-pack Wifi Mesh Dual Band Modo Ap\/router Sustituye A Deco M3w + Env\u00edo a domicilio + Pago seguro + Garant\u00eda","breadcrumb":{"@id":"https:\/\/compuviper.mx\/tienda\/producto\/tp-link-deco-e41-pack-router-tp-link-deco-e41-pack-wifi-mesh-dual-band-modo-ap-router-sustituye-a-deco-m3w\/#breadcrumb"},"inLanguage":"es-MX","potentialAction":[{"@type":"ReadAction","target":["https:\/\/compuviper.mx\/tienda\/producto\/tp-link-deco-e41-pack-router-tp-link-deco-e41-pack-wifi-mesh-dual-band-modo-ap-router-sustituye-a-deco-m3w\/"]}]},{"@type":"BreadcrumbList","@id":"https:\/\/compuviper.mx\/tienda\/producto\/tp-link-deco-e41-pack-router-tp-link-deco-e41-pack-wifi-mesh-dual-band-modo-ap-router-sustituye-a-deco-m3w\/#breadcrumb","itemListElement":[{"@type":"ListItem","position":1,"name":"Inicio","item":"https:\/\/compuviper.mx\/tienda\/"},{"@type":"ListItem","position":2,"name":"Productos","item":"https:\/\/compuviper.mx\/tienda\/productos\/"},{"@type":"ListItem","position":3,"name":"Redes","item":"https:\/\/compuviper.mx\/tienda\/categoria-producto\/redes\/"},{"@type":"ListItem","position":4,"name":"Access Point","item":"https:\/\/compuviper.mx\/tienda\/categoria-producto\/redes\/access-point\/"},{"@type":"ListItem","position":5,"name":"Tp Link Deco E4(1-pack) Router Tp-link Deco E41-pack Wifi Mesh Dual Band Modo Ap\/router Sustituye A Deco M3w"}]},{"@type":"WebSite","@id":"https:\/\/compuviper.mx\/tienda\/#website","url":"https:\/\/compuviper.mx\/tienda\/","name":"Compuviper","description":"Proveedor de Computadoras, Laptops, Servidores, Monitores, Puntos de Venta, Teclados,   Impresoras, T\u00f3ner, C\u00e1maras de Seguridad y m\u00e1s en tu tienda en l\u00ednea","publisher":{"@id":"https:\/\/compuviper.mx\/tienda\/#organization"},"potentialAction":[{"@type":"SearchAction","target":{"@type":"EntryPoint","urlTemplate":"https:\/\/compuviper.mx\/tienda\/?s={search_term_string}"},"query-input":"required name=search_term_string"}],"inLanguage":"es-MX"},{"@type":"Organization","@id":"https:\/\/compuviper.mx\/tienda\/#organization","name":"Compuviper","url":"https:\/\/compuviper.mx\/tienda\/","logo":{"@type":"ImageObject","inLanguage":"es-MX","@id":"https:\/\/compuviper.mx\/tienda\/#\/schema\/logo\/image\/","url":"https:\/\/compuviper.mx\/tienda\/wp-content\/uploads\/2021\/08\/Logo-Compuviper-10.png","contentUrl":"https:\/\/compuviper.mx\/tienda\/wp-content\/uploads\/2021\/08\/Logo-Compuviper-10.png","width":1000,"height":500,"caption":"Compuviper"},"image":{"@id":"https:\/\/compuviper.mx\/tienda\/#\/schema\/logo\/image\/"},"sameAs":["https:\/\/www.facebook.com\/compuviper","https:\/\/www.youtube.com\/channel\/UCf73dERp9Y3cfOq7q8BhLjA?view_as=subscriber"]}]},"product_brand":"TP LINK","product_price_amount":"780","product_price_currency":"MXN","og_availability":"out of stock","product_availability":"out of stock","product_retailer_item_id":"DECO E4(1-PACK)","product_condition":"new"},"_links":{"self":[{"href":"https:\/\/compuviper.mx\/tienda\/wp-json\/wp\/v2\/product\/220850"}],"collection":[{"href":"https:\/\/compuviper.mx\/tienda\/wp-json\/wp\/v2\/product"}],"about":[{"href":"https:\/\/compuviper.mx\/tienda\/wp-json\/wp\/v2\/types\/product"}],"replies":[{"embeddable":true,"href":"https:\/\/compuviper.mx\/tienda\/wp-json\/wp\/v2\/comments?post=220850"}],"wp:featuredmedia":[{"embeddable":true,"href":"https:\/\/compuviper.mx\/tienda\/wp-json\/wp\/v2\/media\/220851"}],"wp:attachment":[{"href":"https:\/\/compuviper.mx\/tienda\/wp-json\/wp\/v2\/media?parent=220850"}],"wp:term":[{"taxonomy":"product_cat","embeddable":true,"href":"https:\/\/compuviper.mx\/tienda\/wp-json\/wp\/v2\/product_cat?post=220850"},{"taxonomy":"product_tag","embeddable":true,"href":"https:\/\/compuviper.mx\/tienda\/wp-json\/wp\/v2\/product_tag?post=220850"}],"curies":[{"name":"wp","href":"https:\/\/api.w.org\/{rel}","templated":true}]}}